{"id":26735,"date":"2017-07-06T09:44:10","date_gmt":"2017-07-06T07:44:10","guid":{"rendered":"https:\/\/innow.pl\/produkt\/deluxinn-sm-ii-rotor-o-napedzie-elektrycznym-do-konczyn-dolnych-i-gornych\/"},"modified":"2025-02-27T09:35:29","modified_gmt":"2025-02-27T08:35:29","slug":"deluxinn-sm-ii-rotor-o-napedzie-elektrycznym-do-konczyn-dolnych-i-gornych","status":"publish","type":"product","link":"https:\/\/innow.pl\/fr\/produkt\/deluxinn-sm-ii-rotor-o-napedzie-elektrycznym-do-konczyn-dolnych-i-gornych\/","title":{"rendered":"DELUXINN SM II &#8211; Rotor o nap\u0119dzie elektrycznym do ko\u0144czyn dolnych i g\u00f3rnych"},"content":{"rendered":"<p>Rotor przeznaczony do wykonywania \u0107wicze\u0144 biernych. Pozwala na stopniowe wzmacnianie mi\u0119\u015bni ko\u0144czyn g\u00f3rnych i dolnych dzi\u0119ki mo\u017cliwo\u015bci regulacji pr\u0119dko\u015bci. Zapewnia on trening o ma\u0142ej intensywno\u015bci, umo\u017cliwiaj\u0105cy zwi\u0119kszenie zakresu ruchu i popraw\u0119 kr\u0105\u017cenia krwi. Z u\u017cyciem rotora mo\u017cna wykonywa\u0107 wiele r\u00f3\u017cnorodnych \u0107wicze\u0144 zar\u00f3wno dla dolnych, jak i g\u00f3rnych ko\u0144czyn.To lekkie urz\u0105dzenie o niewielkich wymiarach wyposa\u017cone jest w wielofunkcyjny wy\u015bwietlacz LCD, kt\u00f3ry wskazuje czas, ilo\u015b\u0107 obrot\u00f3w, szacowany poziom obrot\u00f3w na minut\u0119 i szacunkow\u0105 liczb\u0119 spalonych kalorii.W komplecie z rotorem do\u0142\u0105czona jest mata antypo\u015blizgowa oraz uchwyty peda\u0142\u00f3w.<\/p>\n","protected":false},"excerpt":{"rendered":"<p>Rotor przeznaczony do wykonywania \u0107wicze\u0144 biernych. Pozwala na stopniowe wzmacnianie mi\u0119\u015bni ko\u0144czyn g\u00f3rnych i dolnych dzi\u0119ki mo\u017cliwo\u015bci regulacji pr\u0119dko\u015bci. Zapewnia on trening o ma\u0142ej intensywno\u015bci, umo\u017cliwiaj\u0105cy zwi\u0119kszenie zakresu ruchu i popraw\u0119 kr\u0105\u017cenia krwi. Z u\u017cyciem rotora mo\u017cna wykonywa\u0107 wiele r\u00f3\u017cnorodnych \u0107wicze\u0144 zar\u00f3wno dla dolnych, jak i g\u00f3rnych ko\u0144czyn.To lekkie urz\u0105dzenie o niewielkich wymiarach wyposa\u017cone jest [&hellip;]<\/p>\n","protected":false},"featured_media":26737,"comment_status":"open","ping_status":"closed","template":"","meta":{"_acf_changed":false},"product_brand":[],"product_cat":[438,546,456,484],"product_tag":[],"class_list":{"0":"post-26735","1":"product","2":"type-product","3":"status-publish","4":"has-post-thumbnail","6":"product_cat-pielegnacja-i-rehabilitacja","7":"product_cat-rotory","8":"product_cat-urzadzenia-do-fizjoterapii","9":"product_cat-usprawnienie-lecznicze","11":"first","12":"instock","13":"taxable","14":"shipping-taxable","15":"purchasable","16":"product-type-simple"},"acf":[],"yoast_head":"<!-- This site is optimized with the Yoast SEO plugin v27.4 - https:\/\/yoast.com\/product\/yoast-seo-wordpress\/ -->\n<title>DELUXINN SM II - Rotor o nap\u0119dzie elektrycznym do ko\u0144czyn dolnych i g\u00f3rnych - INNOW<\/title>\n<meta name=\"description\" content=\"Niezwykle funkcjonalny rotor o nap\u0119dzie elektrycznym z mat\u0105 antypo\u015blizgowa i uchwytami peda\u0142\u00f3w w komplecie! Trening bierny w ka\u017cdym miejscu. Zobacz!\" \/>\n<meta name=\"robots\" content=\"index, follow, max-snippet:-1, max-image-preview:large, max-video-preview:-1\" \/>\n<link rel=\"canonical\" href=\"https:\/\/innow.pl\/produkt\/deluxinn-sm-ii-rotor-o-napedzie-elektrycznym-do-konczyn-dolnych-i-gornych\/\" \/>\n<meta property=\"og:locale\" content=\"fr_FR\" \/>\n<meta property=\"og:type\" content=\"article\" \/>\n<meta property=\"og:title\" content=\"DELUXINN SM II - Rotor o nap\u0119dzie elektrycznym do ko\u0144czyn dolnych i g\u00f3rnych - INNOW\" \/>\n<meta property=\"og:description\" content=\"Niezwykle funkcjonalny rotor o nap\u0119dzie elektrycznym z mat\u0105 antypo\u015blizgowa i uchwytami peda\u0142\u00f3w w komplecie! Trening bierny w ka\u017cdym miejscu. Zobacz!\" \/>\n<meta property=\"og:url\" content=\"https:\/\/innow.pl\/produkt\/deluxinn-sm-ii-rotor-o-napedzie-elektrycznym-do-konczyn-dolnych-i-gornych\/\" \/>\n<meta property=\"og:site_name\" content=\"INNOW\" \/>\n<meta property=\"article:modified_time\" content=\"2025-02-27T08:35:29+00:00\" \/>\n<meta property=\"og:image\" content=\"https:\/\/innow.pl\/wp-content\/uploads\/2024\/11\/deluxinn.jpg\" \/>\n\t<meta property=\"og:image:width\" content=\"588\" \/>\n\t<meta property=\"og:image:height\" content=\"480\" \/>\n\t<meta property=\"og:image:type\" content=\"image\/jpeg\" \/>\n<meta name=\"twitter:card\" content=\"summary_large_image\" \/>\n<meta name=\"twitter:label1\" content=\"Dur\u00e9e de lecture estim\u00e9e\" \/>\n\t<meta name=\"twitter:data1\" content=\"1 minute\" \/>\n<script type=\"application\/ld+json\" class=\"yoast-schema-graph\">{\"@context\":\"https:\\\/\\\/schema.org\",\"@graph\":[{\"@type\":\"WebPage\",\"@id\":\"https:\\\/\\\/innow.pl\\\/produkt\\\/deluxinn-sm-ii-rotor-o-napedzie-elektrycznym-do-konczyn-dolnych-i-gornych\\\/\",\"url\":\"https:\\\/\\\/innow.pl\\\/produkt\\\/deluxinn-sm-ii-rotor-o-napedzie-elektrycznym-do-konczyn-dolnych-i-gornych\\\/\",\"name\":\"DELUXINN SM II - Rotor o nap\u0119dzie elektrycznym do ko\u0144czyn dolnych i g\u00f3rnych - INNOW\",\"isPartOf\":{\"@id\":\"https:\\\/\\\/innow.pl\\\/#website\"},\"primaryImageOfPage\":{\"@id\":\"https:\\\/\\\/innow.pl\\\/produkt\\\/deluxinn-sm-ii-rotor-o-napedzie-elektrycznym-do-konczyn-dolnych-i-gornych\\\/#primaryimage\"},\"image\":{\"@id\":\"https:\\\/\\\/innow.pl\\\/produkt\\\/deluxinn-sm-ii-rotor-o-napedzie-elektrycznym-do-konczyn-dolnych-i-gornych\\\/#primaryimage\"},\"thumbnailUrl\":\"https:\\\/\\\/innow.pl\\\/wp-content\\\/uploads\\\/2024\\\/11\\\/deluxinn.jpg\",\"datePublished\":\"2017-07-06T07:44:10+00:00\",\"dateModified\":\"2025-02-27T08:35:29+00:00\",\"description\":\"Niezwykle funkcjonalny rotor o nap\u0119dzie elektrycznym z mat\u0105 antypo\u015blizgowa i uchwytami peda\u0142\u00f3w w komplecie! Trening bierny w ka\u017cdym miejscu. Zobacz!\",\"breadcrumb\":{\"@id\":\"https:\\\/\\\/innow.pl\\\/produkt\\\/deluxinn-sm-ii-rotor-o-napedzie-elektrycznym-do-konczyn-dolnych-i-gornych\\\/#breadcrumb\"},\"inLanguage\":\"fr-FR\",\"potentialAction\":[{\"@type\":\"ReadAction\",\"target\":[\"https:\\\/\\\/innow.pl\\\/produkt\\\/deluxinn-sm-ii-rotor-o-napedzie-elektrycznym-do-konczyn-dolnych-i-gornych\\\/\"]}]},{\"@type\":\"ImageObject\",\"inLanguage\":\"fr-FR\",\"@id\":\"https:\\\/\\\/innow.pl\\\/produkt\\\/deluxinn-sm-ii-rotor-o-napedzie-elektrycznym-do-konczyn-dolnych-i-gornych\\\/#primaryimage\",\"url\":\"https:\\\/\\\/innow.pl\\\/wp-content\\\/uploads\\\/2024\\\/11\\\/deluxinn.jpg\",\"contentUrl\":\"https:\\\/\\\/innow.pl\\\/wp-content\\\/uploads\\\/2024\\\/11\\\/deluxinn.jpg\",\"width\":588,\"height\":480,\"caption\":\"Rotor o nap\u0119dzie elektrycznym do ko\u0144czyn dolnych i g\u00f3rnych - DELUXINN SM II - INNOW\"},{\"@type\":\"BreadcrumbList\",\"@id\":\"https:\\\/\\\/innow.pl\\\/produkt\\\/deluxinn-sm-ii-rotor-o-napedzie-elektrycznym-do-konczyn-dolnych-i-gornych\\\/#breadcrumb\",\"itemListElement\":[{\"@type\":\"ListItem\",\"position\":1,\"name\":\"INNOW\",\"item\":\"https:\\\/\\\/innow.pl\\\/fr\\\/\"},{\"@type\":\"ListItem\",\"position\":2,\"name\":\"Produkty\",\"item\":\"https:\\\/\\\/innow.pl\\\/produkty\\\/\"},{\"@type\":\"ListItem\",\"position\":3,\"name\":\"Piel\u0119gnacja i rehabilitacja\",\"item\":\"https:\\\/\\\/innow.pl\\\/produkty\\\/pielegnacja-i-rehabilitacja\\\/\"},{\"@type\":\"ListItem\",\"position\":4,\"name\":\"Urz\u0105dzenia do fizjoterapii\",\"item\":\"https:\\\/\\\/innow.pl\\\/produkty\\\/pielegnacja-i-rehabilitacja\\\/urzadzenia-do-fizjoterapii\\\/\"},{\"@type\":\"ListItem\",\"position\":5,\"name\":\"Usprawnienie lecznicze\",\"item\":\"https:\\\/\\\/innow.pl\\\/produkty\\\/pielegnacja-i-rehabilitacja\\\/urzadzenia-do-fizjoterapii\\\/usprawnienie-lecznicze\\\/\"},{\"@type\":\"ListItem\",\"position\":6,\"name\":\"Rotory\",\"item\":\"https:\\\/\\\/innow.pl\\\/produkty\\\/pielegnacja-i-rehabilitacja\\\/urzadzenia-do-fizjoterapii\\\/usprawnienie-lecznicze\\\/rotory\\\/\"},{\"@type\":\"ListItem\",\"position\":7,\"name\":\"DELUXINN SM II &#8211; Rotor o nap\u0119dzie elektrycznym do ko\u0144czyn dolnych i g\u00f3rnych\"}]},{\"@type\":\"WebSite\",\"@id\":\"https:\\\/\\\/innow.pl\\\/#website\",\"url\":\"https:\\\/\\\/innow.pl\\\/\",\"name\":\"INNOW\",\"description\":\"\",\"potentialAction\":[{\"@type\":\"SearchAction\",\"target\":{\"@type\":\"EntryPoint\",\"urlTemplate\":\"https:\\\/\\\/innow.pl\\\/?s={search_term_string}\"},\"query-input\":{\"@type\":\"PropertyValueSpecification\",\"valueRequired\":true,\"valueName\":\"search_term_string\"}}],\"inLanguage\":\"fr-FR\"}]}<\/script>\n<!-- \/ Yoast SEO plugin. -->","yoast_head_json":{"title":"DELUXINN SM II - Rotor o nap\u0119dzie elektrycznym do ko\u0144czyn dolnych i g\u00f3rnych - INNOW","description":"Niezwykle funkcjonalny rotor o nap\u0119dzie elektrycznym z mat\u0105 antypo\u015blizgowa i uchwytami peda\u0142\u00f3w w komplecie! Trening bierny w ka\u017cdym miejscu. Zobacz!","robots":{"index":"index","follow":"follow","max-snippet":"max-snippet:-1","max-image-preview":"max-image-preview:large","max-video-preview":"max-video-preview:-1"},"canonical":"https:\/\/innow.pl\/produkt\/deluxinn-sm-ii-rotor-o-napedzie-elektrycznym-do-konczyn-dolnych-i-gornych\/","og_locale":"fr_FR","og_type":"article","og_title":"DELUXINN SM II - Rotor o nap\u0119dzie elektrycznym do ko\u0144czyn dolnych i g\u00f3rnych - INNOW","og_description":"Niezwykle funkcjonalny rotor o nap\u0119dzie elektrycznym z mat\u0105 antypo\u015blizgowa i uchwytami peda\u0142\u00f3w w komplecie! Trening bierny w ka\u017cdym miejscu. Zobacz!","og_url":"https:\/\/innow.pl\/produkt\/deluxinn-sm-ii-rotor-o-napedzie-elektrycznym-do-konczyn-dolnych-i-gornych\/","og_site_name":"INNOW","article_modified_time":"2025-02-27T08:35:29+00:00","og_image":[{"width":588,"height":480,"url":"https:\/\/innow.pl\/wp-content\/uploads\/2024\/11\/deluxinn.jpg","type":"image\/jpeg"}],"twitter_card":"summary_large_image","twitter_misc":{"Dur\u00e9e de lecture estim\u00e9e":"1 minute"},"schema":{"@context":"https:\/\/schema.org","@graph":[{"@type":"WebPage","@id":"https:\/\/innow.pl\/produkt\/deluxinn-sm-ii-rotor-o-napedzie-elektrycznym-do-konczyn-dolnych-i-gornych\/","url":"https:\/\/innow.pl\/produkt\/deluxinn-sm-ii-rotor-o-napedzie-elektrycznym-do-konczyn-dolnych-i-gornych\/","name":"DELUXINN SM II - Rotor o nap\u0119dzie elektrycznym do ko\u0144czyn dolnych i g\u00f3rnych - INNOW","isPartOf":{"@id":"https:\/\/innow.pl\/#website"},"primaryImageOfPage":{"@id":"https:\/\/innow.pl\/produkt\/deluxinn-sm-ii-rotor-o-napedzie-elektrycznym-do-konczyn-dolnych-i-gornych\/#primaryimage"},"image":{"@id":"https:\/\/innow.pl\/produkt\/deluxinn-sm-ii-rotor-o-napedzie-elektrycznym-do-konczyn-dolnych-i-gornych\/#primaryimage"},"thumbnailUrl":"https:\/\/innow.pl\/wp-content\/uploads\/2024\/11\/deluxinn.jpg","datePublished":"2017-07-06T07:44:10+00:00","dateModified":"2025-02-27T08:35:29+00:00","description":"Niezwykle funkcjonalny rotor o nap\u0119dzie elektrycznym z mat\u0105 antypo\u015blizgowa i uchwytami peda\u0142\u00f3w w komplecie! Trening bierny w ka\u017cdym miejscu. Zobacz!","breadcrumb":{"@id":"https:\/\/innow.pl\/produkt\/deluxinn-sm-ii-rotor-o-napedzie-elektrycznym-do-konczyn-dolnych-i-gornych\/#breadcrumb"},"inLanguage":"fr-FR","potentialAction":[{"@type":"ReadAction","target":["https:\/\/innow.pl\/produkt\/deluxinn-sm-ii-rotor-o-napedzie-elektrycznym-do-konczyn-dolnych-i-gornych\/"]}]},{"@type":"ImageObject","inLanguage":"fr-FR","@id":"https:\/\/innow.pl\/produkt\/deluxinn-sm-ii-rotor-o-napedzie-elektrycznym-do-konczyn-dolnych-i-gornych\/#primaryimage","url":"https:\/\/innow.pl\/wp-content\/uploads\/2024\/11\/deluxinn.jpg","contentUrl":"https:\/\/innow.pl\/wp-content\/uploads\/2024\/11\/deluxinn.jpg","width":588,"height":480,"caption":"Rotor o nap\u0119dzie elektrycznym do ko\u0144czyn dolnych i g\u00f3rnych - DELUXINN SM II - INNOW"},{"@type":"BreadcrumbList","@id":"https:\/\/innow.pl\/produkt\/deluxinn-sm-ii-rotor-o-napedzie-elektrycznym-do-konczyn-dolnych-i-gornych\/#breadcrumb","itemListElement":[{"@type":"ListItem","position":1,"name":"INNOW","item":"https:\/\/innow.pl\/fr\/"},{"@type":"ListItem","position":2,"name":"Produkty","item":"https:\/\/innow.pl\/produkty\/"},{"@type":"ListItem","position":3,"name":"Piel\u0119gnacja i rehabilitacja","item":"https:\/\/innow.pl\/produkty\/pielegnacja-i-rehabilitacja\/"},{"@type":"ListItem","position":4,"name":"Urz\u0105dzenia do fizjoterapii","item":"https:\/\/innow.pl\/produkty\/pielegnacja-i-rehabilitacja\/urzadzenia-do-fizjoterapii\/"},{"@type":"ListItem","position":5,"name":"Usprawnienie lecznicze","item":"https:\/\/innow.pl\/produkty\/pielegnacja-i-rehabilitacja\/urzadzenia-do-fizjoterapii\/usprawnienie-lecznicze\/"},{"@type":"ListItem","position":6,"name":"Rotory","item":"https:\/\/innow.pl\/produkty\/pielegnacja-i-rehabilitacja\/urzadzenia-do-fizjoterapii\/usprawnienie-lecznicze\/rotory\/"},{"@type":"ListItem","position":7,"name":"DELUXINN SM II &#8211; Rotor o nap\u0119dzie elektrycznym do ko\u0144czyn dolnych i g\u00f3rnych"}]},{"@type":"WebSite","@id":"https:\/\/innow.pl\/#website","url":"https:\/\/innow.pl\/","name":"INNOW","description":"","potentialAction":[{"@type":"SearchAction","target":{"@type":"EntryPoint","urlTemplate":"https:\/\/innow.pl\/?s={search_term_string}"},"query-input":{"@type":"PropertyValueSpecification","valueRequired":true,"valueName":"search_term_string"}}],"inLanguage":"fr-FR"}]}},"_links":{"self":[{"href":"https:\/\/innow.pl\/fr\/wp-json\/wp\/v2\/product\/26735","targetHints":{"allow":["GET"]}}],"collection":[{"href":"https:\/\/innow.pl\/fr\/wp-json\/wp\/v2\/product"}],"about":[{"href":"https:\/\/innow.pl\/fr\/wp-json\/wp\/v2\/types\/product"}],"replies":[{"embeddable":true,"href":"https:\/\/innow.pl\/fr\/wp-json\/wp\/v2\/comments?post=26735"}],"wp:featuredmedia":[{"embeddable":true,"href":"https:\/\/innow.pl\/fr\/wp-json\/wp\/v2\/media\/26737"}],"wp:attachment":[{"href":"https:\/\/innow.pl\/fr\/wp-json\/wp\/v2\/media?parent=26735"}],"wp:term":[{"taxonomy":"product_brand","embeddable":true,"href":"https:\/\/innow.pl\/fr\/wp-json\/wp\/v2\/product_brand?post=26735"},{"taxonomy":"product_cat","embeddable":true,"href":"https:\/\/innow.pl\/fr\/wp-json\/wp\/v2\/product_cat?post=26735"},{"taxonomy":"product_tag","embeddable":true,"href":"https:\/\/innow.pl\/fr\/wp-json\/wp\/v2\/product_tag?post=26735"}],"curies":[{"name":"wp","href":"https:\/\/api.w.org\/{rel}","templated":true}]}}