{"id":26723,"date":"2017-07-06T09:26:41","date_gmt":"2017-07-06T07:26:41","guid":{"rendered":"https:\/\/innow.pl\/produkt\/rkd-w-rotor-do-cwiczen-konczyn-gornych-i-dolnych-wolnostojacy\/"},"modified":"2025-03-25T11:19:40","modified_gmt":"2025-03-25T10:19:40","slug":"rkd-w-rotor-do-cwiczen-konczyn-gornych-i-dolnych-wolnostojacy","status":"publish","type":"product","link":"https:\/\/innow.pl\/fr\/produkt\/rkd-w-rotor-do-cwiczen-konczyn-gornych-i-dolnych-wolnostojacy\/","title":{"rendered":"RKD-W &#8211; Rotor do \u0107wicze\u0144 ko\u0144czyn g\u00f3rnych i dolnych wolnostoj\u0105cy"},"content":{"rendered":"<p>Sk\u0142adany, wolnostoj\u0105cy rotor, kt\u00f3rego stosowanie pomaga poprawi\u0107 sprawno\u015b\u0107 fizyczn\u0105. Dzi\u0119ki niewielkim wymiarom doskonale nadaje si\u0119 do stosowania w warunkach domowych. Umo\u017cliwia wykonywanie \u0107wicze\u0144 z oporem, co pozwala na jego u\u017cytkowanie zar\u00f3wno w rehabilitacji, przy niedow\u0142adach, jak r\u00f3wnie\u017c w celach rekreacyjnych.<\/p>\n","protected":false},"excerpt":{"rendered":"<p>Sk\u0142adany, wolnostoj\u0105cy rotor, kt\u00f3rego stosowanie pomaga poprawi\u0107 sprawno\u015b\u0107 fizyczn\u0105. Dzi\u0119ki niewielkim wymiarom doskonale nadaje si\u0119 do stosowania w warunkach domowych. Umo\u017cliwia wykonywanie \u0107wicze\u0144 z oporem, co pozwala na jego u\u017cytkowanie zar\u00f3wno w rehabilitacji, przy niedow\u0142adach, jak r\u00f3wnie\u017c w celach rekreacyjnych.<\/p>\n","protected":false},"featured_media":26725,"comment_status":"open","ping_status":"closed","template":"","meta":{"_acf_changed":false},"product_brand":[],"product_cat":[438,546,456,484],"product_tag":[],"class_list":{"0":"post-26723","1":"product","2":"type-product","3":"status-publish","4":"has-post-thumbnail","6":"product_cat-pielegnacja-i-rehabilitacja","7":"product_cat-rotory","8":"product_cat-urzadzenia-do-fizjoterapii","9":"product_cat-usprawnienie-lecznicze","10":"pa_waga-22-kg","12":"first","13":"instock","14":"taxable","15":"shipping-taxable","16":"purchasable","17":"product-type-simple"},"acf":[],"yoast_head":"<!-- This site is optimized with the Yoast SEO plugin v27.4 - https:\/\/yoast.com\/product\/yoast-seo-wordpress\/ -->\n<title>RKD-W - Rotor do \u0107wicze\u0144 ko\u0144czyn g\u00f3rnych i dolnych wolnostoj\u0105cy - INNOW<\/title>\n<meta name=\"description\" content=\"Rotor do \u0107wicze\u0144 ko\u0144czyn g\u00f3rnych i dolnych wolnostoj\u0105cy o niewielkich wymiarach. \u0106wicz nie tylko na sali rehabilitacyjnej, ale r\u00f3wnie\u017c w domu! Kliknij!\" \/>\n<meta name=\"robots\" content=\"index, follow, max-snippet:-1, max-image-preview:large, max-video-preview:-1\" \/>\n<link rel=\"canonical\" href=\"https:\/\/innow.pl\/produkt\/rkd-w-rotor-do-cwiczen-konczyn-gornych-i-dolnych-wolnostojacy\/\" \/>\n<meta property=\"og:locale\" content=\"fr_FR\" \/>\n<meta property=\"og:type\" content=\"article\" \/>\n<meta property=\"og:title\" content=\"RKD-W - Rotor do \u0107wicze\u0144 ko\u0144czyn g\u00f3rnych i dolnych wolnostoj\u0105cy - INNOW\" \/>\n<meta property=\"og:description\" content=\"Rotor do \u0107wicze\u0144 ko\u0144czyn g\u00f3rnych i dolnych wolnostoj\u0105cy o niewielkich wymiarach. \u0106wicz nie tylko na sali rehabilitacyjnej, ale r\u00f3wnie\u017c w domu! Kliknij!\" \/>\n<meta property=\"og:url\" content=\"https:\/\/innow.pl\/produkt\/rkd-w-rotor-do-cwiczen-konczyn-gornych-i-dolnych-wolnostojacy\/\" \/>\n<meta property=\"og:site_name\" content=\"INNOW\" \/>\n<meta property=\"article:modified_time\" content=\"2025-03-25T10:19:40+00:00\" \/>\n<meta property=\"og:image\" content=\"https:\/\/innow.pl\/wp-content\/uploads\/2024\/11\/RKD-W-1.jpg\" \/>\n\t<meta property=\"og:image:width\" content=\"800\" \/>\n\t<meta property=\"og:image:height\" content=\"800\" \/>\n\t<meta property=\"og:image:type\" content=\"image\/jpeg\" \/>\n<meta name=\"twitter:card\" content=\"summary_large_image\" \/>\n<meta name=\"twitter:label1\" content=\"Dur\u00e9e de lecture estim\u00e9e\" \/>\n\t<meta name=\"twitter:data1\" content=\"1 minute\" \/>\n<script type=\"application\/ld+json\" class=\"yoast-schema-graph\">{\"@context\":\"https:\\\/\\\/schema.org\",\"@graph\":[{\"@type\":\"WebPage\",\"@id\":\"https:\\\/\\\/innow.pl\\\/produkt\\\/rkd-w-rotor-do-cwiczen-konczyn-gornych-i-dolnych-wolnostojacy\\\/\",\"url\":\"https:\\\/\\\/innow.pl\\\/produkt\\\/rkd-w-rotor-do-cwiczen-konczyn-gornych-i-dolnych-wolnostojacy\\\/\",\"name\":\"RKD-W - Rotor do \u0107wicze\u0144 ko\u0144czyn g\u00f3rnych i dolnych wolnostoj\u0105cy - INNOW\",\"isPartOf\":{\"@id\":\"https:\\\/\\\/innow.pl\\\/#website\"},\"primaryImageOfPage\":{\"@id\":\"https:\\\/\\\/innow.pl\\\/produkt\\\/rkd-w-rotor-do-cwiczen-konczyn-gornych-i-dolnych-wolnostojacy\\\/#primaryimage\"},\"image\":{\"@id\":\"https:\\\/\\\/innow.pl\\\/produkt\\\/rkd-w-rotor-do-cwiczen-konczyn-gornych-i-dolnych-wolnostojacy\\\/#primaryimage\"},\"thumbnailUrl\":\"https:\\\/\\\/innow.pl\\\/wp-content\\\/uploads\\\/2024\\\/11\\\/RKD-W-1.jpg\",\"datePublished\":\"2017-07-06T07:26:41+00:00\",\"dateModified\":\"2025-03-25T10:19:40+00:00\",\"description\":\"Rotor do \u0107wicze\u0144 ko\u0144czyn g\u00f3rnych i dolnych wolnostoj\u0105cy o niewielkich wymiarach. \u0106wicz nie tylko na sali rehabilitacyjnej, ale r\u00f3wnie\u017c w domu! Kliknij!\",\"breadcrumb\":{\"@id\":\"https:\\\/\\\/innow.pl\\\/produkt\\\/rkd-w-rotor-do-cwiczen-konczyn-gornych-i-dolnych-wolnostojacy\\\/#breadcrumb\"},\"inLanguage\":\"fr-FR\",\"potentialAction\":[{\"@type\":\"ReadAction\",\"target\":[\"https:\\\/\\\/innow.pl\\\/produkt\\\/rkd-w-rotor-do-cwiczen-konczyn-gornych-i-dolnych-wolnostojacy\\\/\"]}]},{\"@type\":\"ImageObject\",\"inLanguage\":\"fr-FR\",\"@id\":\"https:\\\/\\\/innow.pl\\\/produkt\\\/rkd-w-rotor-do-cwiczen-konczyn-gornych-i-dolnych-wolnostojacy\\\/#primaryimage\",\"url\":\"https:\\\/\\\/innow.pl\\\/wp-content\\\/uploads\\\/2024\\\/11\\\/RKD-W-1.jpg\",\"contentUrl\":\"https:\\\/\\\/innow.pl\\\/wp-content\\\/uploads\\\/2024\\\/11\\\/RKD-W-1.jpg\",\"width\":800,\"height\":800,\"caption\":\"Rotor do \u0107wicze\u0144 ko\u0144czyn g\u00f3rnych i dolnych wolnostoj\u0105cy \u2013 RKD-W \u2013 INNOW\"},{\"@type\":\"BreadcrumbList\",\"@id\":\"https:\\\/\\\/innow.pl\\\/produkt\\\/rkd-w-rotor-do-cwiczen-konczyn-gornych-i-dolnych-wolnostojacy\\\/#breadcrumb\",\"itemListElement\":[{\"@type\":\"ListItem\",\"position\":1,\"name\":\"INNOW\",\"item\":\"https:\\\/\\\/innow.pl\\\/fr\\\/\"},{\"@type\":\"ListItem\",\"position\":2,\"name\":\"Produkty\",\"item\":\"https:\\\/\\\/innow.pl\\\/produkty\\\/\"},{\"@type\":\"ListItem\",\"position\":3,\"name\":\"Piel\u0119gnacja i rehabilitacja\",\"item\":\"https:\\\/\\\/innow.pl\\\/produkty\\\/pielegnacja-i-rehabilitacja\\\/\"},{\"@type\":\"ListItem\",\"position\":4,\"name\":\"RKD-W &#8211; Rotor do \u0107wicze\u0144 ko\u0144czyn g\u00f3rnych i dolnych wolnostoj\u0105cy\"}]},{\"@type\":\"WebSite\",\"@id\":\"https:\\\/\\\/innow.pl\\\/#website\",\"url\":\"https:\\\/\\\/innow.pl\\\/\",\"name\":\"INNOW\",\"description\":\"\",\"potentialAction\":[{\"@type\":\"SearchAction\",\"target\":{\"@type\":\"EntryPoint\",\"urlTemplate\":\"https:\\\/\\\/innow.pl\\\/?s={search_term_string}\"},\"query-input\":{\"@type\":\"PropertyValueSpecification\",\"valueRequired\":true,\"valueName\":\"search_term_string\"}}],\"inLanguage\":\"fr-FR\"}]}<\/script>\n<!-- \/ Yoast SEO plugin. -->","yoast_head_json":{"title":"RKD-W - Rotor do \u0107wicze\u0144 ko\u0144czyn g\u00f3rnych i dolnych wolnostoj\u0105cy - INNOW","description":"Rotor do \u0107wicze\u0144 ko\u0144czyn g\u00f3rnych i dolnych wolnostoj\u0105cy o niewielkich wymiarach. \u0106wicz nie tylko na sali rehabilitacyjnej, ale r\u00f3wnie\u017c w domu! Kliknij!","robots":{"index":"index","follow":"follow","max-snippet":"max-snippet:-1","max-image-preview":"max-image-preview:large","max-video-preview":"max-video-preview:-1"},"canonical":"https:\/\/innow.pl\/produkt\/rkd-w-rotor-do-cwiczen-konczyn-gornych-i-dolnych-wolnostojacy\/","og_locale":"fr_FR","og_type":"article","og_title":"RKD-W - Rotor do \u0107wicze\u0144 ko\u0144czyn g\u00f3rnych i dolnych wolnostoj\u0105cy - INNOW","og_description":"Rotor do \u0107wicze\u0144 ko\u0144czyn g\u00f3rnych i dolnych wolnostoj\u0105cy o niewielkich wymiarach. \u0106wicz nie tylko na sali rehabilitacyjnej, ale r\u00f3wnie\u017c w domu! Kliknij!","og_url":"https:\/\/innow.pl\/produkt\/rkd-w-rotor-do-cwiczen-konczyn-gornych-i-dolnych-wolnostojacy\/","og_site_name":"INNOW","article_modified_time":"2025-03-25T10:19:40+00:00","og_image":[{"width":800,"height":800,"url":"https:\/\/innow.pl\/wp-content\/uploads\/2024\/11\/RKD-W-1.jpg","type":"image\/jpeg"}],"twitter_card":"summary_large_image","twitter_misc":{"Dur\u00e9e de lecture estim\u00e9e":"1 minute"},"schema":{"@context":"https:\/\/schema.org","@graph":[{"@type":"WebPage","@id":"https:\/\/innow.pl\/produkt\/rkd-w-rotor-do-cwiczen-konczyn-gornych-i-dolnych-wolnostojacy\/","url":"https:\/\/innow.pl\/produkt\/rkd-w-rotor-do-cwiczen-konczyn-gornych-i-dolnych-wolnostojacy\/","name":"RKD-W - Rotor do \u0107wicze\u0144 ko\u0144czyn g\u00f3rnych i dolnych wolnostoj\u0105cy - INNOW","isPartOf":{"@id":"https:\/\/innow.pl\/#website"},"primaryImageOfPage":{"@id":"https:\/\/innow.pl\/produkt\/rkd-w-rotor-do-cwiczen-konczyn-gornych-i-dolnych-wolnostojacy\/#primaryimage"},"image":{"@id":"https:\/\/innow.pl\/produkt\/rkd-w-rotor-do-cwiczen-konczyn-gornych-i-dolnych-wolnostojacy\/#primaryimage"},"thumbnailUrl":"https:\/\/innow.pl\/wp-content\/uploads\/2024\/11\/RKD-W-1.jpg","datePublished":"2017-07-06T07:26:41+00:00","dateModified":"2025-03-25T10:19:40+00:00","description":"Rotor do \u0107wicze\u0144 ko\u0144czyn g\u00f3rnych i dolnych wolnostoj\u0105cy o niewielkich wymiarach. \u0106wicz nie tylko na sali rehabilitacyjnej, ale r\u00f3wnie\u017c w domu! Kliknij!","breadcrumb":{"@id":"https:\/\/innow.pl\/produkt\/rkd-w-rotor-do-cwiczen-konczyn-gornych-i-dolnych-wolnostojacy\/#breadcrumb"},"inLanguage":"fr-FR","potentialAction":[{"@type":"ReadAction","target":["https:\/\/innow.pl\/produkt\/rkd-w-rotor-do-cwiczen-konczyn-gornych-i-dolnych-wolnostojacy\/"]}]},{"@type":"ImageObject","inLanguage":"fr-FR","@id":"https:\/\/innow.pl\/produkt\/rkd-w-rotor-do-cwiczen-konczyn-gornych-i-dolnych-wolnostojacy\/#primaryimage","url":"https:\/\/innow.pl\/wp-content\/uploads\/2024\/11\/RKD-W-1.jpg","contentUrl":"https:\/\/innow.pl\/wp-content\/uploads\/2024\/11\/RKD-W-1.jpg","width":800,"height":800,"caption":"Rotor do \u0107wicze\u0144 ko\u0144czyn g\u00f3rnych i dolnych wolnostoj\u0105cy \u2013 RKD-W \u2013 INNOW"},{"@type":"BreadcrumbList","@id":"https:\/\/innow.pl\/produkt\/rkd-w-rotor-do-cwiczen-konczyn-gornych-i-dolnych-wolnostojacy\/#breadcrumb","itemListElement":[{"@type":"ListItem","position":1,"name":"INNOW","item":"https:\/\/innow.pl\/fr\/"},{"@type":"ListItem","position":2,"name":"Produkty","item":"https:\/\/innow.pl\/produkty\/"},{"@type":"ListItem","position":3,"name":"Piel\u0119gnacja i rehabilitacja","item":"https:\/\/innow.pl\/produkty\/pielegnacja-i-rehabilitacja\/"},{"@type":"ListItem","position":4,"name":"RKD-W &#8211; Rotor do \u0107wicze\u0144 ko\u0144czyn g\u00f3rnych i dolnych wolnostoj\u0105cy"}]},{"@type":"WebSite","@id":"https:\/\/innow.pl\/#website","url":"https:\/\/innow.pl\/","name":"INNOW","description":"","potentialAction":[{"@type":"SearchAction","target":{"@type":"EntryPoint","urlTemplate":"https:\/\/innow.pl\/?s={search_term_string}"},"query-input":{"@type":"PropertyValueSpecification","valueRequired":true,"valueName":"search_term_string"}}],"inLanguage":"fr-FR"}]}},"_links":{"self":[{"href":"https:\/\/innow.pl\/fr\/wp-json\/wp\/v2\/product\/26723","targetHints":{"allow":["GET"]}}],"collection":[{"href":"https:\/\/innow.pl\/fr\/wp-json\/wp\/v2\/product"}],"about":[{"href":"https:\/\/innow.pl\/fr\/wp-json\/wp\/v2\/types\/product"}],"replies":[{"embeddable":true,"href":"https:\/\/innow.pl\/fr\/wp-json\/wp\/v2\/comments?post=26723"}],"wp:featuredmedia":[{"embeddable":true,"href":"https:\/\/innow.pl\/fr\/wp-json\/wp\/v2\/media\/26725"}],"wp:attachment":[{"href":"https:\/\/innow.pl\/fr\/wp-json\/wp\/v2\/media?parent=26723"}],"wp:term":[{"taxonomy":"product_brand","embeddable":true,"href":"https:\/\/innow.pl\/fr\/wp-json\/wp\/v2\/product_brand?post=26723"},{"taxonomy":"product_cat","embeddable":true,"href":"https:\/\/innow.pl\/fr\/wp-json\/wp\/v2\/product_cat?post=26723"},{"taxonomy":"product_tag","embeddable":true,"href":"https:\/\/innow.pl\/fr\/wp-json\/wp\/v2\/product_tag?post=26723"}],"curies":[{"name":"wp","href":"https:\/\/api.w.org\/{rel}","templated":true}]}}