{"id":26511,"date":"2017-01-04T09:39:21","date_gmt":"2017-01-04T08:39:21","guid":{"rendered":"https:\/\/innow.pl\/produkt\/ocevinn-wozek-toaletowo-prysznicowy\/"},"modified":"2025-03-27T07:52:05","modified_gmt":"2025-03-27T06:52:05","slug":"ocevinn-wozek-toaletowo-prysznicowy","status":"publish","type":"product","link":"https:\/\/innow.pl\/fr\/produkt\/ocevinn-wozek-toaletowo-prysznicowy\/","title":{"rendered":"OCEVINN &#8211; W\u00f3zek toaletowo-prysznicowy"},"content":{"rendered":"<p>W\u00f3zek do higieny pacjenta posiada w\u0142asno\u015bci modelu OCEINN (<a style=\"color: #3399ff;\" href=\"https:\/\/innow.pl\/produkt\/oceinn-wozek-toaletowo-prysznicowy\/\">zobacz<\/a>), a ponadto wyposa\u017cony jest w zintegrowan\u0105 regulacj\u0119 k\u0105ta pochylenia siedziska i podparcia plec\u00f3w (w zakresie 0-35\u00b0) oraz ci\u015bnieniowy, stalowy amortyzator. Siedzisko mo\u017cna ustawi\u0107 na jednym z trzech poziom\u00f3w wysoko\u015bci. Produkt wyposa\u017cony jest w podg\u0142\u00f3wek, kt\u00f3rego wysoko\u015b\u0107 oraz g\u0142\u0119boko\u015b\u0107 r\u00f3wnie\u017c mo\u017cna dopasowa\u0107 do indywidualnych potrzeb. W\u00f3zek posiada blokad\u0119 kierunkow\u0105, usprawniaj\u0105c\u0105 jego przemieszczanie. <em>Dost\u0119pny r\u00f3wnie\u017c w wersji XL z obci\u0105\u017ceniem do 150kg<\/em><\/p>\n","protected":false},"excerpt":{"rendered":"<p>W\u00f3zek do higieny pacjenta posiada w\u0142asno\u015bci modelu OCEINN (zobacz), a ponadto wyposa\u017cony jest w zintegrowan\u0105 regulacj\u0119 k\u0105ta pochylenia siedziska i podparcia plec\u00f3w (w zakresie 0-35\u00b0) oraz ci\u015bnieniowy, stalowy amortyzator. Siedzisko mo\u017cna ustawi\u0107 na jednym z trzech poziom\u00f3w wysoko\u015bci. Produkt wyposa\u017cony jest w podg\u0142\u00f3wek, kt\u00f3rego wysoko\u015b\u0107 oraz g\u0142\u0119boko\u015b\u0107 r\u00f3wnie\u017c mo\u017cna dopasowa\u0107 do indywidualnych potrzeb. W\u00f3zek posiada [&hellip;]<\/p>\n","protected":false},"featured_media":26513,"comment_status":"open","ping_status":"closed","template":"","meta":{"_acf_changed":false},"product_brand":[],"product_cat":[437,478,49],"product_tag":[],"class_list":{"0":"post-26511","1":"product","2":"type-product","3":"status-publish","4":"has-post-thumbnail","6":"product_cat-urzadzenia-toaletowe-i-prysznicowe","7":"product_cat-wozki-sanitarne-i-toaletowe","8":"product_cat-lazienka-i-wc","9":"pa_glebokosc-siedziska-45-cm","10":"pa_szerokosc-siedziska-50-cm","11":"pa_wysokosc-siedziska-51-61-cm","13":"first","14":"instock","15":"taxable","16":"shipping-taxable","17":"purchasable","18":"product-type-simple"},"acf":[],"yoast_head":"<!-- This site is optimized with the Yoast SEO plugin v27.4 - https:\/\/yoast.com\/product\/yoast-seo-wordpress\/ -->\n<title>OCEVINN - W\u00f3zek toaletowo-prysznicowy - INNOW<\/title>\n<meta name=\"description\" content=\"Bogato wyposa\u017cony w\u00f3zek toaletowo-prysznicowy z du\u017cymi mo\u017cliwo\u015bciami dostosowania do potrzeb. Regulowany podg\u0142\u00f3wek. Blokada kierunkowa. Zobacz!\" \/>\n<meta name=\"robots\" content=\"index, follow, max-snippet:-1, max-image-preview:large, max-video-preview:-1\" \/>\n<link rel=\"canonical\" href=\"https:\/\/innow.pl\/produkt\/ocevinn-wozek-toaletowo-prysznicowy\/\" \/>\n<meta property=\"og:locale\" content=\"fr_FR\" \/>\n<meta property=\"og:type\" content=\"article\" \/>\n<meta property=\"og:title\" content=\"OCEVINN - W\u00f3zek toaletowo-prysznicowy - INNOW\" \/>\n<meta property=\"og:description\" content=\"Bogato wyposa\u017cony w\u00f3zek toaletowo-prysznicowy z du\u017cymi mo\u017cliwo\u015bciami dostosowania do potrzeb. Regulowany podg\u0142\u00f3wek. Blokada kierunkowa. Zobacz!\" \/>\n<meta property=\"og:url\" content=\"https:\/\/innow.pl\/produkt\/ocevinn-wozek-toaletowo-prysznicowy\/\" \/>\n<meta property=\"og:site_name\" content=\"INNOW\" \/>\n<meta property=\"article:modified_time\" content=\"2025-03-27T06:52:05+00:00\" \/>\n<meta property=\"og:image\" content=\"https:\/\/innow.pl\/wp-content\/uploads\/2024\/11\/OCEVINN_1.jpg\" \/>\n\t<meta property=\"og:image:width\" content=\"480\" \/>\n\t<meta property=\"og:image:height\" content=\"480\" \/>\n\t<meta property=\"og:image:type\" content=\"image\/jpeg\" \/>\n<meta name=\"twitter:card\" content=\"summary_large_image\" \/>\n<meta name=\"twitter:label1\" content=\"Dur\u00e9e de lecture estim\u00e9e\" \/>\n\t<meta name=\"twitter:data1\" content=\"1 minute\" \/>\n<script type=\"application\/ld+json\" class=\"yoast-schema-graph\">{\"@context\":\"https:\\\/\\\/schema.org\",\"@graph\":[{\"@type\":\"WebPage\",\"@id\":\"https:\\\/\\\/innow.pl\\\/produkt\\\/ocevinn-wozek-toaletowo-prysznicowy\\\/\",\"url\":\"https:\\\/\\\/innow.pl\\\/produkt\\\/ocevinn-wozek-toaletowo-prysznicowy\\\/\",\"name\":\"OCEVINN - W\u00f3zek toaletowo-prysznicowy - INNOW\",\"isPartOf\":{\"@id\":\"https:\\\/\\\/innow.pl\\\/#website\"},\"primaryImageOfPage\":{\"@id\":\"https:\\\/\\\/innow.pl\\\/produkt\\\/ocevinn-wozek-toaletowo-prysznicowy\\\/#primaryimage\"},\"image\":{\"@id\":\"https:\\\/\\\/innow.pl\\\/produkt\\\/ocevinn-wozek-toaletowo-prysznicowy\\\/#primaryimage\"},\"thumbnailUrl\":\"https:\\\/\\\/innow.pl\\\/wp-content\\\/uploads\\\/2024\\\/11\\\/OCEVINN_1.jpg\",\"datePublished\":\"2017-01-04T08:39:21+00:00\",\"dateModified\":\"2025-03-27T06:52:05+00:00\",\"description\":\"Bogato wyposa\u017cony w\u00f3zek toaletowo-prysznicowy z du\u017cymi mo\u017cliwo\u015bciami dostosowania do potrzeb. Regulowany podg\u0142\u00f3wek. Blokada kierunkowa. Zobacz!\",\"breadcrumb\":{\"@id\":\"https:\\\/\\\/innow.pl\\\/produkt\\\/ocevinn-wozek-toaletowo-prysznicowy\\\/#breadcrumb\"},\"inLanguage\":\"fr-FR\",\"potentialAction\":[{\"@type\":\"ReadAction\",\"target\":[\"https:\\\/\\\/innow.pl\\\/produkt\\\/ocevinn-wozek-toaletowo-prysznicowy\\\/\"]}]},{\"@type\":\"ImageObject\",\"inLanguage\":\"fr-FR\",\"@id\":\"https:\\\/\\\/innow.pl\\\/produkt\\\/ocevinn-wozek-toaletowo-prysznicowy\\\/#primaryimage\",\"url\":\"https:\\\/\\\/innow.pl\\\/wp-content\\\/uploads\\\/2024\\\/11\\\/OCEVINN_1.jpg\",\"contentUrl\":\"https:\\\/\\\/innow.pl\\\/wp-content\\\/uploads\\\/2024\\\/11\\\/OCEVINN_1.jpg\",\"width\":480,\"height\":480,\"caption\":\"W\u00f3zek toaletowo-prysznicowy - OCEVINN - INNOW\"},{\"@type\":\"BreadcrumbList\",\"@id\":\"https:\\\/\\\/innow.pl\\\/produkt\\\/ocevinn-wozek-toaletowo-prysznicowy\\\/#breadcrumb\",\"itemListElement\":[{\"@type\":\"ListItem\",\"position\":1,\"name\":\"INNOW\",\"item\":\"https:\\\/\\\/innow.pl\\\/fr\\\/\"},{\"@type\":\"ListItem\",\"position\":2,\"name\":\"Produkty\",\"item\":\"https:\\\/\\\/innow.pl\\\/produkty\\\/\"},{\"@type\":\"ListItem\",\"position\":3,\"name\":\"\u0141azienka i WC\",\"item\":\"https:\\\/\\\/innow.pl\\\/produkty\\\/lazienka-i-wc\\\/\"},{\"@type\":\"ListItem\",\"position\":4,\"name\":\"Urz\u0105dzenia toaletowe i prysznicowe\",\"item\":\"https:\\\/\\\/innow.pl\\\/produkty\\\/lazienka-i-wc\\\/urzadzenia-toaletowe-i-prysznicowe\\\/\"},{\"@type\":\"ListItem\",\"position\":5,\"name\":\"W\u00f3zki sanitarne i toaletowe\",\"item\":\"https:\\\/\\\/innow.pl\\\/produkty\\\/lazienka-i-wc\\\/urzadzenia-toaletowe-i-prysznicowe\\\/wozki-sanitarne-i-toaletowe\\\/\"},{\"@type\":\"ListItem\",\"position\":6,\"name\":\"OCEVINN &#8211; W\u00f3zek toaletowo-prysznicowy\"}]},{\"@type\":\"WebSite\",\"@id\":\"https:\\\/\\\/innow.pl\\\/#website\",\"url\":\"https:\\\/\\\/innow.pl\\\/\",\"name\":\"INNOW\",\"description\":\"\",\"potentialAction\":[{\"@type\":\"SearchAction\",\"target\":{\"@type\":\"EntryPoint\",\"urlTemplate\":\"https:\\\/\\\/innow.pl\\\/?s={search_term_string}\"},\"query-input\":{\"@type\":\"PropertyValueSpecification\",\"valueRequired\":true,\"valueName\":\"search_term_string\"}}],\"inLanguage\":\"fr-FR\"}]}<\/script>\n<!-- \/ Yoast SEO plugin. -->","yoast_head_json":{"title":"OCEVINN - W\u00f3zek toaletowo-prysznicowy - INNOW","description":"Bogato wyposa\u017cony w\u00f3zek toaletowo-prysznicowy z du\u017cymi mo\u017cliwo\u015bciami dostosowania do potrzeb. Regulowany podg\u0142\u00f3wek. Blokada kierunkowa. Zobacz!","robots":{"index":"index","follow":"follow","max-snippet":"max-snippet:-1","max-image-preview":"max-image-preview:large","max-video-preview":"max-video-preview:-1"},"canonical":"https:\/\/innow.pl\/produkt\/ocevinn-wozek-toaletowo-prysznicowy\/","og_locale":"fr_FR","og_type":"article","og_title":"OCEVINN - W\u00f3zek toaletowo-prysznicowy - INNOW","og_description":"Bogato wyposa\u017cony w\u00f3zek toaletowo-prysznicowy z du\u017cymi mo\u017cliwo\u015bciami dostosowania do potrzeb. Regulowany podg\u0142\u00f3wek. Blokada kierunkowa. Zobacz!","og_url":"https:\/\/innow.pl\/produkt\/ocevinn-wozek-toaletowo-prysznicowy\/","og_site_name":"INNOW","article_modified_time":"2025-03-27T06:52:05+00:00","og_image":[{"width":480,"height":480,"url":"https:\/\/innow.pl\/wp-content\/uploads\/2024\/11\/OCEVINN_1.jpg","type":"image\/jpeg"}],"twitter_card":"summary_large_image","twitter_misc":{"Dur\u00e9e de lecture estim\u00e9e":"1 minute"},"schema":{"@context":"https:\/\/schema.org","@graph":[{"@type":"WebPage","@id":"https:\/\/innow.pl\/produkt\/ocevinn-wozek-toaletowo-prysznicowy\/","url":"https:\/\/innow.pl\/produkt\/ocevinn-wozek-toaletowo-prysznicowy\/","name":"OCEVINN - W\u00f3zek toaletowo-prysznicowy - INNOW","isPartOf":{"@id":"https:\/\/innow.pl\/#website"},"primaryImageOfPage":{"@id":"https:\/\/innow.pl\/produkt\/ocevinn-wozek-toaletowo-prysznicowy\/#primaryimage"},"image":{"@id":"https:\/\/innow.pl\/produkt\/ocevinn-wozek-toaletowo-prysznicowy\/#primaryimage"},"thumbnailUrl":"https:\/\/innow.pl\/wp-content\/uploads\/2024\/11\/OCEVINN_1.jpg","datePublished":"2017-01-04T08:39:21+00:00","dateModified":"2025-03-27T06:52:05+00:00","description":"Bogato wyposa\u017cony w\u00f3zek toaletowo-prysznicowy z du\u017cymi mo\u017cliwo\u015bciami dostosowania do potrzeb. Regulowany podg\u0142\u00f3wek. Blokada kierunkowa. Zobacz!","breadcrumb":{"@id":"https:\/\/innow.pl\/produkt\/ocevinn-wozek-toaletowo-prysznicowy\/#breadcrumb"},"inLanguage":"fr-FR","potentialAction":[{"@type":"ReadAction","target":["https:\/\/innow.pl\/produkt\/ocevinn-wozek-toaletowo-prysznicowy\/"]}]},{"@type":"ImageObject","inLanguage":"fr-FR","@id":"https:\/\/innow.pl\/produkt\/ocevinn-wozek-toaletowo-prysznicowy\/#primaryimage","url":"https:\/\/innow.pl\/wp-content\/uploads\/2024\/11\/OCEVINN_1.jpg","contentUrl":"https:\/\/innow.pl\/wp-content\/uploads\/2024\/11\/OCEVINN_1.jpg","width":480,"height":480,"caption":"W\u00f3zek toaletowo-prysznicowy - OCEVINN - INNOW"},{"@type":"BreadcrumbList","@id":"https:\/\/innow.pl\/produkt\/ocevinn-wozek-toaletowo-prysznicowy\/#breadcrumb","itemListElement":[{"@type":"ListItem","position":1,"name":"INNOW","item":"https:\/\/innow.pl\/fr\/"},{"@type":"ListItem","position":2,"name":"Produkty","item":"https:\/\/innow.pl\/produkty\/"},{"@type":"ListItem","position":3,"name":"\u0141azienka i WC","item":"https:\/\/innow.pl\/produkty\/lazienka-i-wc\/"},{"@type":"ListItem","position":4,"name":"Urz\u0105dzenia toaletowe i prysznicowe","item":"https:\/\/innow.pl\/produkty\/lazienka-i-wc\/urzadzenia-toaletowe-i-prysznicowe\/"},{"@type":"ListItem","position":5,"name":"W\u00f3zki sanitarne i toaletowe","item":"https:\/\/innow.pl\/produkty\/lazienka-i-wc\/urzadzenia-toaletowe-i-prysznicowe\/wozki-sanitarne-i-toaletowe\/"},{"@type":"ListItem","position":6,"name":"OCEVINN &#8211; W\u00f3zek toaletowo-prysznicowy"}]},{"@type":"WebSite","@id":"https:\/\/innow.pl\/#website","url":"https:\/\/innow.pl\/","name":"INNOW","description":"","potentialAction":[{"@type":"SearchAction","target":{"@type":"EntryPoint","urlTemplate":"https:\/\/innow.pl\/?s={search_term_string}"},"query-input":{"@type":"PropertyValueSpecification","valueRequired":true,"valueName":"search_term_string"}}],"inLanguage":"fr-FR"}]}},"_links":{"self":[{"href":"https:\/\/innow.pl\/fr\/wp-json\/wp\/v2\/product\/26511","targetHints":{"allow":["GET"]}}],"collection":[{"href":"https:\/\/innow.pl\/fr\/wp-json\/wp\/v2\/product"}],"about":[{"href":"https:\/\/innow.pl\/fr\/wp-json\/wp\/v2\/types\/product"}],"replies":[{"embeddable":true,"href":"https:\/\/innow.pl\/fr\/wp-json\/wp\/v2\/comments?post=26511"}],"wp:featuredmedia":[{"embeddable":true,"href":"https:\/\/innow.pl\/fr\/wp-json\/wp\/v2\/media\/26513"}],"wp:attachment":[{"href":"https:\/\/innow.pl\/fr\/wp-json\/wp\/v2\/media?parent=26511"}],"wp:term":[{"taxonomy":"product_brand","embeddable":true,"href":"https:\/\/innow.pl\/fr\/wp-json\/wp\/v2\/product_brand?post=26511"},{"taxonomy":"product_cat","embeddable":true,"href":"https:\/\/innow.pl\/fr\/wp-json\/wp\/v2\/product_cat?post=26511"},{"taxonomy":"product_tag","embeddable":true,"href":"https:\/\/innow.pl\/fr\/wp-json\/wp\/v2\/product_tag?post=26511"}],"curies":[{"name":"wp","href":"https:\/\/api.w.org\/{rel}","templated":true}]}}