{"id":26479,"date":"2017-07-04T08:03:00","date_gmt":"2017-07-04T06:03:00","guid":{"rendered":"https:\/\/innow.pl\/produkt\/c225-taboret-wannowy-niski-z-otworem\/"},"modified":"2025-02-28T13:58:12","modified_gmt":"2025-02-28T12:58:12","slug":"c225-taboret-wannowy-niski-z-otworem","status":"publish","type":"product","link":"https:\/\/innow.pl\/fr\/produkt\/c225-taboret-wannowy-niski-z-otworem\/","title":{"rendered":"C225 &#8211; Taboret wannowy niski z otworem"},"content":{"rendered":"<p>Taboret wannowy niski z otworem u\u0142atwiaj\u0105cym higien\u0119 miejsc intymnych. Wyr\u00f3b wk\u0142adany jest na dno wanny i wspomaga utrzymanie higieny osobom niepe\u0142nosprawnym, w podesz\u0142ym wieku.<\/p>\n","protected":false},"excerpt":{"rendered":"<p>Taboret wannowy niski z otworem u\u0142atwiaj\u0105cym higien\u0119 miejsc intymnych. Wyr\u00f3b wk\u0142adany jest na dno wanny i wspomaga utrzymanie higieny osobom niepe\u0142nosprawnym, w podesz\u0142ym wieku.<\/p>\n","protected":false},"featured_media":26481,"comment_status":"open","ping_status":"closed","template":"","meta":{"_acf_changed":false},"product_brand":[],"product_cat":[436,512,49],"product_tag":[],"class_list":{"0":"post-26479","1":"product","2":"type-product","3":"status-publish","4":"has-post-thumbnail","6":"product_cat-siodelka-siedziska-i-taborety","7":"product_cat-taborety-prysznicowe","8":"product_cat-lazienka-i-wc","9":"pa_dlugosc-43-cm","10":"pa_dlugosc-siedziska-43-cm","11":"pa_szerokosc-48-cm","12":"pa_szerokosc-siedziska-44-cm","13":"pa_wysokosc-20-cm","15":"first","16":"instock","17":"taxable","18":"shipping-taxable","19":"purchasable","20":"product-type-simple"},"acf":[],"yoast_head":"<!-- This site is optimized with the Yoast SEO plugin v27.4 - https:\/\/yoast.com\/product\/yoast-seo-wordpress\/ -->\n<title>C225 - Taboret wannowy niski z otworem - INNOW<\/title>\n<meta name=\"description\" content=\"Funkcjonalny, u\u0142atwiaj\u0105cy utrzymanie higieny taboret wannowy niski z otworem. Dla os\u00f3b starszych, chorych. \u0141atwa i komfortowa k\u0105piel. Sprawd\u017a szczeg\u00f3\u0142y!\" \/>\n<meta name=\"robots\" content=\"index, follow, max-snippet:-1, max-image-preview:large, max-video-preview:-1\" \/>\n<link rel=\"canonical\" href=\"https:\/\/innow.pl\/produkt\/c225-taboret-wannowy-niski-z-otworem\/\" \/>\n<meta property=\"og:locale\" content=\"fr_FR\" \/>\n<meta property=\"og:type\" content=\"article\" \/>\n<meta property=\"og:title\" content=\"C225 - Taboret wannowy niski z otworem - INNOW\" \/>\n<meta property=\"og:description\" content=\"Funkcjonalny, u\u0142atwiaj\u0105cy utrzymanie higieny taboret wannowy niski z otworem. Dla os\u00f3b starszych, chorych. \u0141atwa i komfortowa k\u0105piel. Sprawd\u017a szczeg\u00f3\u0142y!\" \/>\n<meta property=\"og:url\" content=\"https:\/\/innow.pl\/produkt\/c225-taboret-wannowy-niski-z-otworem\/\" \/>\n<meta property=\"og:site_name\" content=\"INNOW\" \/>\n<meta property=\"article:modified_time\" content=\"2025-02-28T12:58:12+00:00\" \/>\n<meta property=\"og:image\" content=\"https:\/\/innow.pl\/wp-content\/uploads\/2024\/11\/C225.jpg\" \/>\n\t<meta property=\"og:image:width\" content=\"800\" \/>\n\t<meta property=\"og:image:height\" content=\"800\" \/>\n\t<meta property=\"og:image:type\" content=\"image\/jpeg\" \/>\n<meta name=\"twitter:card\" content=\"summary_large_image\" \/>\n<meta name=\"twitter:label1\" content=\"Dur\u00e9e de lecture estim\u00e9e\" \/>\n\t<meta name=\"twitter:data1\" content=\"1 minute\" \/>\n<script type=\"application\/ld+json\" class=\"yoast-schema-graph\">{\"@context\":\"https:\\\/\\\/schema.org\",\"@graph\":[{\"@type\":\"WebPage\",\"@id\":\"https:\\\/\\\/innow.pl\\\/produkt\\\/c225-taboret-wannowy-niski-z-otworem\\\/\",\"url\":\"https:\\\/\\\/innow.pl\\\/produkt\\\/c225-taboret-wannowy-niski-z-otworem\\\/\",\"name\":\"C225 - Taboret wannowy niski z otworem - INNOW\",\"isPartOf\":{\"@id\":\"https:\\\/\\\/innow.pl\\\/#website\"},\"primaryImageOfPage\":{\"@id\":\"https:\\\/\\\/innow.pl\\\/produkt\\\/c225-taboret-wannowy-niski-z-otworem\\\/#primaryimage\"},\"image\":{\"@id\":\"https:\\\/\\\/innow.pl\\\/produkt\\\/c225-taboret-wannowy-niski-z-otworem\\\/#primaryimage\"},\"thumbnailUrl\":\"https:\\\/\\\/innow.pl\\\/wp-content\\\/uploads\\\/2024\\\/11\\\/C225.jpg\",\"datePublished\":\"2017-07-04T06:03:00+00:00\",\"dateModified\":\"2025-02-28T12:58:12+00:00\",\"description\":\"Funkcjonalny, u\u0142atwiaj\u0105cy utrzymanie higieny taboret wannowy niski z otworem. Dla os\u00f3b starszych, chorych. \u0141atwa i komfortowa k\u0105piel. Sprawd\u017a szczeg\u00f3\u0142y!\",\"breadcrumb\":{\"@id\":\"https:\\\/\\\/innow.pl\\\/produkt\\\/c225-taboret-wannowy-niski-z-otworem\\\/#breadcrumb\"},\"inLanguage\":\"fr-FR\",\"potentialAction\":[{\"@type\":\"ReadAction\",\"target\":[\"https:\\\/\\\/innow.pl\\\/produkt\\\/c225-taboret-wannowy-niski-z-otworem\\\/\"]}]},{\"@type\":\"ImageObject\",\"inLanguage\":\"fr-FR\",\"@id\":\"https:\\\/\\\/innow.pl\\\/produkt\\\/c225-taboret-wannowy-niski-z-otworem\\\/#primaryimage\",\"url\":\"https:\\\/\\\/innow.pl\\\/wp-content\\\/uploads\\\/2024\\\/11\\\/C225.jpg\",\"contentUrl\":\"https:\\\/\\\/innow.pl\\\/wp-content\\\/uploads\\\/2024\\\/11\\\/C225.jpg\",\"width\":800,\"height\":800,\"caption\":\"Taboret wannowy niski z otworem \u2013 C255 \u2013 INNOW\"},{\"@type\":\"BreadcrumbList\",\"@id\":\"https:\\\/\\\/innow.pl\\\/produkt\\\/c225-taboret-wannowy-niski-z-otworem\\\/#breadcrumb\",\"itemListElement\":[{\"@type\":\"ListItem\",\"position\":1,\"name\":\"INNOW\",\"item\":\"https:\\\/\\\/innow.pl\\\/fr\\\/\"},{\"@type\":\"ListItem\",\"position\":2,\"name\":\"Produkty\",\"item\":\"https:\\\/\\\/innow.pl\\\/produkty\\\/\"},{\"@type\":\"ListItem\",\"position\":3,\"name\":\"\u0141azienka i WC\",\"item\":\"https:\\\/\\\/innow.pl\\\/produkty\\\/lazienka-i-wc\\\/\"},{\"@type\":\"ListItem\",\"position\":4,\"name\":\"Siode\u0142ka, siedziska i taborety\",\"item\":\"https:\\\/\\\/innow.pl\\\/produkty\\\/lazienka-i-wc\\\/siodelka-siedziska-i-taborety\\\/\"},{\"@type\":\"ListItem\",\"position\":5,\"name\":\"Taborety prysznicowe\",\"item\":\"https:\\\/\\\/innow.pl\\\/produkty\\\/lazienka-i-wc\\\/siodelka-siedziska-i-taborety\\\/taborety-prysznicowe\\\/\"},{\"@type\":\"ListItem\",\"position\":6,\"name\":\"C225 &#8211; Taboret wannowy niski z otworem\"}]},{\"@type\":\"WebSite\",\"@id\":\"https:\\\/\\\/innow.pl\\\/#website\",\"url\":\"https:\\\/\\\/innow.pl\\\/\",\"name\":\"INNOW\",\"description\":\"\",\"potentialAction\":[{\"@type\":\"SearchAction\",\"target\":{\"@type\":\"EntryPoint\",\"urlTemplate\":\"https:\\\/\\\/innow.pl\\\/?s={search_term_string}\"},\"query-input\":{\"@type\":\"PropertyValueSpecification\",\"valueRequired\":true,\"valueName\":\"search_term_string\"}}],\"inLanguage\":\"fr-FR\"}]}<\/script>\n<!-- \/ Yoast SEO plugin. -->","yoast_head_json":{"title":"C225 - Taboret wannowy niski z otworem - INNOW","description":"Funkcjonalny, u\u0142atwiaj\u0105cy utrzymanie higieny taboret wannowy niski z otworem. Dla os\u00f3b starszych, chorych. \u0141atwa i komfortowa k\u0105piel. Sprawd\u017a szczeg\u00f3\u0142y!","robots":{"index":"index","follow":"follow","max-snippet":"max-snippet:-1","max-image-preview":"max-image-preview:large","max-video-preview":"max-video-preview:-1"},"canonical":"https:\/\/innow.pl\/produkt\/c225-taboret-wannowy-niski-z-otworem\/","og_locale":"fr_FR","og_type":"article","og_title":"C225 - Taboret wannowy niski z otworem - INNOW","og_description":"Funkcjonalny, u\u0142atwiaj\u0105cy utrzymanie higieny taboret wannowy niski z otworem. Dla os\u00f3b starszych, chorych. \u0141atwa i komfortowa k\u0105piel. Sprawd\u017a szczeg\u00f3\u0142y!","og_url":"https:\/\/innow.pl\/produkt\/c225-taboret-wannowy-niski-z-otworem\/","og_site_name":"INNOW","article_modified_time":"2025-02-28T12:58:12+00:00","og_image":[{"width":800,"height":800,"url":"https:\/\/innow.pl\/wp-content\/uploads\/2024\/11\/C225.jpg","type":"image\/jpeg"}],"twitter_card":"summary_large_image","twitter_misc":{"Dur\u00e9e de lecture estim\u00e9e":"1 minute"},"schema":{"@context":"https:\/\/schema.org","@graph":[{"@type":"WebPage","@id":"https:\/\/innow.pl\/produkt\/c225-taboret-wannowy-niski-z-otworem\/","url":"https:\/\/innow.pl\/produkt\/c225-taboret-wannowy-niski-z-otworem\/","name":"C225 - Taboret wannowy niski z otworem - INNOW","isPartOf":{"@id":"https:\/\/innow.pl\/#website"},"primaryImageOfPage":{"@id":"https:\/\/innow.pl\/produkt\/c225-taboret-wannowy-niski-z-otworem\/#primaryimage"},"image":{"@id":"https:\/\/innow.pl\/produkt\/c225-taboret-wannowy-niski-z-otworem\/#primaryimage"},"thumbnailUrl":"https:\/\/innow.pl\/wp-content\/uploads\/2024\/11\/C225.jpg","datePublished":"2017-07-04T06:03:00+00:00","dateModified":"2025-02-28T12:58:12+00:00","description":"Funkcjonalny, u\u0142atwiaj\u0105cy utrzymanie higieny taboret wannowy niski z otworem. Dla os\u00f3b starszych, chorych. \u0141atwa i komfortowa k\u0105piel. Sprawd\u017a szczeg\u00f3\u0142y!","breadcrumb":{"@id":"https:\/\/innow.pl\/produkt\/c225-taboret-wannowy-niski-z-otworem\/#breadcrumb"},"inLanguage":"fr-FR","potentialAction":[{"@type":"ReadAction","target":["https:\/\/innow.pl\/produkt\/c225-taboret-wannowy-niski-z-otworem\/"]}]},{"@type":"ImageObject","inLanguage":"fr-FR","@id":"https:\/\/innow.pl\/produkt\/c225-taboret-wannowy-niski-z-otworem\/#primaryimage","url":"https:\/\/innow.pl\/wp-content\/uploads\/2024\/11\/C225.jpg","contentUrl":"https:\/\/innow.pl\/wp-content\/uploads\/2024\/11\/C225.jpg","width":800,"height":800,"caption":"Taboret wannowy niski z otworem \u2013 C255 \u2013 INNOW"},{"@type":"BreadcrumbList","@id":"https:\/\/innow.pl\/produkt\/c225-taboret-wannowy-niski-z-otworem\/#breadcrumb","itemListElement":[{"@type":"ListItem","position":1,"name":"INNOW","item":"https:\/\/innow.pl\/fr\/"},{"@type":"ListItem","position":2,"name":"Produkty","item":"https:\/\/innow.pl\/produkty\/"},{"@type":"ListItem","position":3,"name":"\u0141azienka i WC","item":"https:\/\/innow.pl\/produkty\/lazienka-i-wc\/"},{"@type":"ListItem","position":4,"name":"Siode\u0142ka, siedziska i taborety","item":"https:\/\/innow.pl\/produkty\/lazienka-i-wc\/siodelka-siedziska-i-taborety\/"},{"@type":"ListItem","position":5,"name":"Taborety prysznicowe","item":"https:\/\/innow.pl\/produkty\/lazienka-i-wc\/siodelka-siedziska-i-taborety\/taborety-prysznicowe\/"},{"@type":"ListItem","position":6,"name":"C225 &#8211; Taboret wannowy niski z otworem"}]},{"@type":"WebSite","@id":"https:\/\/innow.pl\/#website","url":"https:\/\/innow.pl\/","name":"INNOW","description":"","potentialAction":[{"@type":"SearchAction","target":{"@type":"EntryPoint","urlTemplate":"https:\/\/innow.pl\/?s={search_term_string}"},"query-input":{"@type":"PropertyValueSpecification","valueRequired":true,"valueName":"search_term_string"}}],"inLanguage":"fr-FR"}]}},"_links":{"self":[{"href":"https:\/\/innow.pl\/fr\/wp-json\/wp\/v2\/product\/26479","targetHints":{"allow":["GET"]}}],"collection":[{"href":"https:\/\/innow.pl\/fr\/wp-json\/wp\/v2\/product"}],"about":[{"href":"https:\/\/innow.pl\/fr\/wp-json\/wp\/v2\/types\/product"}],"replies":[{"embeddable":true,"href":"https:\/\/innow.pl\/fr\/wp-json\/wp\/v2\/comments?post=26479"}],"wp:featuredmedia":[{"embeddable":true,"href":"https:\/\/innow.pl\/fr\/wp-json\/wp\/v2\/media\/26481"}],"wp:attachment":[{"href":"https:\/\/innow.pl\/fr\/wp-json\/wp\/v2\/media?parent=26479"}],"wp:term":[{"taxonomy":"product_brand","embeddable":true,"href":"https:\/\/innow.pl\/fr\/wp-json\/wp\/v2\/product_brand?post=26479"},{"taxonomy":"product_cat","embeddable":true,"href":"https:\/\/innow.pl\/fr\/wp-json\/wp\/v2\/product_cat?post=26479"},{"taxonomy":"product_tag","embeddable":true,"href":"https:\/\/innow.pl\/fr\/wp-json\/wp\/v2\/product_tag?post=26479"}],"curies":[{"name":"wp","href":"https:\/\/api.w.org\/{rel}","templated":true}]}}