{"id":26449,"date":"2017-07-04T07:22:36","date_gmt":"2017-07-04T05:22:36","guid":{"rendered":"https:\/\/innow.pl\/produkt\/c221-standard-taboret-prysznicowy-z-wycieciem-i-poreczami-bocznymi\/"},"modified":"2025-02-28T14:16:58","modified_gmt":"2025-02-28T13:16:58","slug":"c221-standard-taboret-prysznicowy-z-wycieciem-i-poreczami-bocznymi","status":"publish","type":"product","link":"https:\/\/innow.pl\/fr\/produkt\/c221-standard-taboret-prysznicowy-z-wycieciem-i-poreczami-bocznymi\/","title":{"rendered":"C221 &#8211; Taboret prysznicowy z wyci\u0119ciem i por\u0119czami bocznymi"},"content":{"rendered":"<p>Taboret prysznicowy z bocznymi por\u0119czami umo\u017cliwiaj\u0105cymi \u0142atwiejsze siadanie na taborecie i wstawanie z niego oraz podpieranie si\u0119 w trakcie mycia. Higiena miejsc intymnych jest r\u00f3wnie\u017c usprawniona dzi\u0119ki wyci\u0119ciu w przedniej cz\u0119\u015bci taboretu.<\/p>\n","protected":false},"excerpt":{"rendered":"<p>Taboret prysznicowy z bocznymi por\u0119czami umo\u017cliwiaj\u0105cymi \u0142atwiejsze siadanie na taborecie i wstawanie z niego oraz podpieranie si\u0119 w trakcie mycia. Higiena miejsc intymnych jest r\u00f3wnie\u017c usprawniona dzi\u0119ki wyci\u0119ciu w przedniej cz\u0119\u015bci taboretu.<\/p>\n","protected":false},"featured_media":26451,"comment_status":"open","ping_status":"closed","template":"","meta":{"_acf_changed":false},"product_brand":[],"product_cat":[436,512,49],"product_tag":[],"class_list":{"0":"post-26449","1":"product","2":"type-product","3":"status-publish","4":"has-post-thumbnail","6":"product_cat-siodelka-siedziska-i-taborety","7":"product_cat-taborety-prysznicowe","8":"product_cat-lazienka-i-wc","9":"pa_dlugosc-48-cm","10":"pa_dlugosc-siedziska-33-cm","11":"pa_szerokosc-59-cm","12":"pa_szerokosc-siedziska-41-cm","13":"pa_wysokosc-75-cm","14":"pa_wysokosc-siedziska-50-cm","16":"first","17":"instock","18":"taxable","19":"shipping-taxable","20":"purchasable","21":"product-type-simple"},"acf":[],"yoast_head":"<!-- This site is optimized with the Yoast SEO plugin v27.4 - https:\/\/yoast.com\/product\/yoast-seo-wordpress\/ -->\n<title>C221 - Taboret prysznicowy z wyci\u0119ciem i por\u0119czami bocznymi - INNOW<\/title>\n<meta name=\"description\" content=\"Umo\u017cliwiaj\u0105cy bezpieczn\u0105 i komfortow\u0105 k\u0105piel, solidny taboret prysznicowy z wyci\u0119ciem i por\u0119czami bocznymi. Dowiedz si\u0119 wi\u0119cej!\" \/>\n<meta name=\"robots\" content=\"index, follow, max-snippet:-1, max-image-preview:large, max-video-preview:-1\" \/>\n<link rel=\"canonical\" href=\"https:\/\/innow.pl\/produkt\/c221-standard-taboret-prysznicowy-z-wycieciem-i-poreczami-bocznymi\/\" \/>\n<meta property=\"og:locale\" content=\"fr_FR\" \/>\n<meta property=\"og:type\" content=\"article\" \/>\n<meta property=\"og:title\" content=\"C221 - Taboret prysznicowy z wyci\u0119ciem i por\u0119czami bocznymi - INNOW\" \/>\n<meta property=\"og:description\" content=\"Umo\u017cliwiaj\u0105cy bezpieczn\u0105 i komfortow\u0105 k\u0105piel, solidny taboret prysznicowy z wyci\u0119ciem i por\u0119czami bocznymi. Dowiedz si\u0119 wi\u0119cej!\" \/>\n<meta property=\"og:url\" content=\"https:\/\/innow.pl\/produkt\/c221-standard-taboret-prysznicowy-z-wycieciem-i-poreczami-bocznymi\/\" \/>\n<meta property=\"og:site_name\" content=\"INNOW\" \/>\n<meta property=\"article:modified_time\" content=\"2025-02-28T13:16:58+00:00\" \/>\n<meta property=\"og:image\" content=\"https:\/\/innow.pl\/wp-content\/uploads\/2024\/11\/C221.jpg\" \/>\n\t<meta property=\"og:image:width\" content=\"800\" \/>\n\t<meta property=\"og:image:height\" content=\"800\" \/>\n\t<meta property=\"og:image:type\" content=\"image\/jpeg\" \/>\n<meta name=\"twitter:card\" content=\"summary_large_image\" \/>\n<meta name=\"twitter:label1\" content=\"Dur\u00e9e de lecture estim\u00e9e\" \/>\n\t<meta name=\"twitter:data1\" content=\"1 minute\" \/>\n<script type=\"application\/ld+json\" class=\"yoast-schema-graph\">{\"@context\":\"https:\\\/\\\/schema.org\",\"@graph\":[{\"@type\":\"WebPage\",\"@id\":\"https:\\\/\\\/innow.pl\\\/produkt\\\/c221-standard-taboret-prysznicowy-z-wycieciem-i-poreczami-bocznymi\\\/\",\"url\":\"https:\\\/\\\/innow.pl\\\/produkt\\\/c221-standard-taboret-prysznicowy-z-wycieciem-i-poreczami-bocznymi\\\/\",\"name\":\"C221 - Taboret prysznicowy z wyci\u0119ciem i por\u0119czami bocznymi - INNOW\",\"isPartOf\":{\"@id\":\"https:\\\/\\\/innow.pl\\\/#website\"},\"primaryImageOfPage\":{\"@id\":\"https:\\\/\\\/innow.pl\\\/produkt\\\/c221-standard-taboret-prysznicowy-z-wycieciem-i-poreczami-bocznymi\\\/#primaryimage\"},\"image\":{\"@id\":\"https:\\\/\\\/innow.pl\\\/produkt\\\/c221-standard-taboret-prysznicowy-z-wycieciem-i-poreczami-bocznymi\\\/#primaryimage\"},\"thumbnailUrl\":\"https:\\\/\\\/innow.pl\\\/wp-content\\\/uploads\\\/2024\\\/11\\\/C221.jpg\",\"datePublished\":\"2017-07-04T05:22:36+00:00\",\"dateModified\":\"2025-02-28T13:16:58+00:00\",\"description\":\"Umo\u017cliwiaj\u0105cy bezpieczn\u0105 i komfortow\u0105 k\u0105piel, solidny taboret prysznicowy z wyci\u0119ciem i por\u0119czami bocznymi. Dowiedz si\u0119 wi\u0119cej!\",\"breadcrumb\":{\"@id\":\"https:\\\/\\\/innow.pl\\\/produkt\\\/c221-standard-taboret-prysznicowy-z-wycieciem-i-poreczami-bocznymi\\\/#breadcrumb\"},\"inLanguage\":\"fr-FR\",\"potentialAction\":[{\"@type\":\"ReadAction\",\"target\":[\"https:\\\/\\\/innow.pl\\\/produkt\\\/c221-standard-taboret-prysznicowy-z-wycieciem-i-poreczami-bocznymi\\\/\"]}]},{\"@type\":\"ImageObject\",\"inLanguage\":\"fr-FR\",\"@id\":\"https:\\\/\\\/innow.pl\\\/produkt\\\/c221-standard-taboret-prysznicowy-z-wycieciem-i-poreczami-bocznymi\\\/#primaryimage\",\"url\":\"https:\\\/\\\/innow.pl\\\/wp-content\\\/uploads\\\/2024\\\/11\\\/C221.jpg\",\"contentUrl\":\"https:\\\/\\\/innow.pl\\\/wp-content\\\/uploads\\\/2024\\\/11\\\/C221.jpg\",\"width\":800,\"height\":800,\"caption\":\"Taboret prysznicowy z wyci\u0119ciem i por\u0119czami bocznymi \u2013 C211 \u2013 INNOW\"},{\"@type\":\"BreadcrumbList\",\"@id\":\"https:\\\/\\\/innow.pl\\\/produkt\\\/c221-standard-taboret-prysznicowy-z-wycieciem-i-poreczami-bocznymi\\\/#breadcrumb\",\"itemListElement\":[{\"@type\":\"ListItem\",\"position\":1,\"name\":\"INNOW\",\"item\":\"https:\\\/\\\/innow.pl\\\/fr\\\/\"},{\"@type\":\"ListItem\",\"position\":2,\"name\":\"Produkty\",\"item\":\"https:\\\/\\\/innow.pl\\\/produkty\\\/\"},{\"@type\":\"ListItem\",\"position\":3,\"name\":\"\u0141azienka i WC\",\"item\":\"https:\\\/\\\/innow.pl\\\/produkty\\\/lazienka-i-wc\\\/\"},{\"@type\":\"ListItem\",\"position\":4,\"name\":\"Siode\u0142ka, siedziska i taborety\",\"item\":\"https:\\\/\\\/innow.pl\\\/produkty\\\/lazienka-i-wc\\\/siodelka-siedziska-i-taborety\\\/\"},{\"@type\":\"ListItem\",\"position\":5,\"name\":\"Taborety prysznicowe\",\"item\":\"https:\\\/\\\/innow.pl\\\/produkty\\\/lazienka-i-wc\\\/siodelka-siedziska-i-taborety\\\/taborety-prysznicowe\\\/\"},{\"@type\":\"ListItem\",\"position\":6,\"name\":\"C221 &#8211; Taboret prysznicowy z wyci\u0119ciem i por\u0119czami bocznymi\"}]},{\"@type\":\"WebSite\",\"@id\":\"https:\\\/\\\/innow.pl\\\/#website\",\"url\":\"https:\\\/\\\/innow.pl\\\/\",\"name\":\"INNOW\",\"description\":\"\",\"potentialAction\":[{\"@type\":\"SearchAction\",\"target\":{\"@type\":\"EntryPoint\",\"urlTemplate\":\"https:\\\/\\\/innow.pl\\\/?s={search_term_string}\"},\"query-input\":{\"@type\":\"PropertyValueSpecification\",\"valueRequired\":true,\"valueName\":\"search_term_string\"}}],\"inLanguage\":\"fr-FR\"}]}<\/script>\n<!-- \/ Yoast SEO plugin. -->","yoast_head_json":{"title":"C221 - Taboret prysznicowy z wyci\u0119ciem i por\u0119czami bocznymi - INNOW","description":"Umo\u017cliwiaj\u0105cy bezpieczn\u0105 i komfortow\u0105 k\u0105piel, solidny taboret prysznicowy z wyci\u0119ciem i por\u0119czami bocznymi. Dowiedz si\u0119 wi\u0119cej!","robots":{"index":"index","follow":"follow","max-snippet":"max-snippet:-1","max-image-preview":"max-image-preview:large","max-video-preview":"max-video-preview:-1"},"canonical":"https:\/\/innow.pl\/produkt\/c221-standard-taboret-prysznicowy-z-wycieciem-i-poreczami-bocznymi\/","og_locale":"fr_FR","og_type":"article","og_title":"C221 - Taboret prysznicowy z wyci\u0119ciem i por\u0119czami bocznymi - INNOW","og_description":"Umo\u017cliwiaj\u0105cy bezpieczn\u0105 i komfortow\u0105 k\u0105piel, solidny taboret prysznicowy z wyci\u0119ciem i por\u0119czami bocznymi. Dowiedz si\u0119 wi\u0119cej!","og_url":"https:\/\/innow.pl\/produkt\/c221-standard-taboret-prysznicowy-z-wycieciem-i-poreczami-bocznymi\/","og_site_name":"INNOW","article_modified_time":"2025-02-28T13:16:58+00:00","og_image":[{"width":800,"height":800,"url":"https:\/\/innow.pl\/wp-content\/uploads\/2024\/11\/C221.jpg","type":"image\/jpeg"}],"twitter_card":"summary_large_image","twitter_misc":{"Dur\u00e9e de lecture estim\u00e9e":"1 minute"},"schema":{"@context":"https:\/\/schema.org","@graph":[{"@type":"WebPage","@id":"https:\/\/innow.pl\/produkt\/c221-standard-taboret-prysznicowy-z-wycieciem-i-poreczami-bocznymi\/","url":"https:\/\/innow.pl\/produkt\/c221-standard-taboret-prysznicowy-z-wycieciem-i-poreczami-bocznymi\/","name":"C221 - Taboret prysznicowy z wyci\u0119ciem i por\u0119czami bocznymi - INNOW","isPartOf":{"@id":"https:\/\/innow.pl\/#website"},"primaryImageOfPage":{"@id":"https:\/\/innow.pl\/produkt\/c221-standard-taboret-prysznicowy-z-wycieciem-i-poreczami-bocznymi\/#primaryimage"},"image":{"@id":"https:\/\/innow.pl\/produkt\/c221-standard-taboret-prysznicowy-z-wycieciem-i-poreczami-bocznymi\/#primaryimage"},"thumbnailUrl":"https:\/\/innow.pl\/wp-content\/uploads\/2024\/11\/C221.jpg","datePublished":"2017-07-04T05:22:36+00:00","dateModified":"2025-02-28T13:16:58+00:00","description":"Umo\u017cliwiaj\u0105cy bezpieczn\u0105 i komfortow\u0105 k\u0105piel, solidny taboret prysznicowy z wyci\u0119ciem i por\u0119czami bocznymi. Dowiedz si\u0119 wi\u0119cej!","breadcrumb":{"@id":"https:\/\/innow.pl\/produkt\/c221-standard-taboret-prysznicowy-z-wycieciem-i-poreczami-bocznymi\/#breadcrumb"},"inLanguage":"fr-FR","potentialAction":[{"@type":"ReadAction","target":["https:\/\/innow.pl\/produkt\/c221-standard-taboret-prysznicowy-z-wycieciem-i-poreczami-bocznymi\/"]}]},{"@type":"ImageObject","inLanguage":"fr-FR","@id":"https:\/\/innow.pl\/produkt\/c221-standard-taboret-prysznicowy-z-wycieciem-i-poreczami-bocznymi\/#primaryimage","url":"https:\/\/innow.pl\/wp-content\/uploads\/2024\/11\/C221.jpg","contentUrl":"https:\/\/innow.pl\/wp-content\/uploads\/2024\/11\/C221.jpg","width":800,"height":800,"caption":"Taboret prysznicowy z wyci\u0119ciem i por\u0119czami bocznymi \u2013 C211 \u2013 INNOW"},{"@type":"BreadcrumbList","@id":"https:\/\/innow.pl\/produkt\/c221-standard-taboret-prysznicowy-z-wycieciem-i-poreczami-bocznymi\/#breadcrumb","itemListElement":[{"@type":"ListItem","position":1,"name":"INNOW","item":"https:\/\/innow.pl\/fr\/"},{"@type":"ListItem","position":2,"name":"Produkty","item":"https:\/\/innow.pl\/produkty\/"},{"@type":"ListItem","position":3,"name":"\u0141azienka i WC","item":"https:\/\/innow.pl\/produkty\/lazienka-i-wc\/"},{"@type":"ListItem","position":4,"name":"Siode\u0142ka, siedziska i taborety","item":"https:\/\/innow.pl\/produkty\/lazienka-i-wc\/siodelka-siedziska-i-taborety\/"},{"@type":"ListItem","position":5,"name":"Taborety prysznicowe","item":"https:\/\/innow.pl\/produkty\/lazienka-i-wc\/siodelka-siedziska-i-taborety\/taborety-prysznicowe\/"},{"@type":"ListItem","position":6,"name":"C221 &#8211; Taboret prysznicowy z wyci\u0119ciem i por\u0119czami bocznymi"}]},{"@type":"WebSite","@id":"https:\/\/innow.pl\/#website","url":"https:\/\/innow.pl\/","name":"INNOW","description":"","potentialAction":[{"@type":"SearchAction","target":{"@type":"EntryPoint","urlTemplate":"https:\/\/innow.pl\/?s={search_term_string}"},"query-input":{"@type":"PropertyValueSpecification","valueRequired":true,"valueName":"search_term_string"}}],"inLanguage":"fr-FR"}]}},"_links":{"self":[{"href":"https:\/\/innow.pl\/fr\/wp-json\/wp\/v2\/product\/26449","targetHints":{"allow":["GET"]}}],"collection":[{"href":"https:\/\/innow.pl\/fr\/wp-json\/wp\/v2\/product"}],"about":[{"href":"https:\/\/innow.pl\/fr\/wp-json\/wp\/v2\/types\/product"}],"replies":[{"embeddable":true,"href":"https:\/\/innow.pl\/fr\/wp-json\/wp\/v2\/comments?post=26449"}],"wp:featuredmedia":[{"embeddable":true,"href":"https:\/\/innow.pl\/fr\/wp-json\/wp\/v2\/media\/26451"}],"wp:attachment":[{"href":"https:\/\/innow.pl\/fr\/wp-json\/wp\/v2\/media?parent=26449"}],"wp:term":[{"taxonomy":"product_brand","embeddable":true,"href":"https:\/\/innow.pl\/fr\/wp-json\/wp\/v2\/product_brand?post=26449"},{"taxonomy":"product_cat","embeddable":true,"href":"https:\/\/innow.pl\/fr\/wp-json\/wp\/v2\/product_cat?post=26449"},{"taxonomy":"product_tag","embeddable":true,"href":"https:\/\/innow.pl\/fr\/wp-json\/wp\/v2\/product_tag?post=26449"}],"curies":[{"name":"wp","href":"https:\/\/api.w.org\/{rel}","templated":true}]}}