{"id":26340,"date":"2017-07-03T10:00:01","date_gmt":"2017-07-03T08:00:01","guid":{"rendered":"https:\/\/innow.pl\/produkt\/bn130-lustro-rehabilitacyjne-uchylne-inox\/"},"modified":"2025-02-28T14:41:27","modified_gmt":"2025-02-28T13:41:27","slug":"bn130-lustro-rehabilitacyjne-uchylne-inox","status":"publish","type":"product","link":"https:\/\/innow.pl\/fr\/produkt\/bn130-lustro-rehabilitacyjne-uchylne-inox\/","title":{"rendered":"BN130 &#8211; Lustro rehabilitacyjne uchylne INOX, lustro dla niepe\u0142nosprawnych"},"content":{"rendered":"<p>Lustro rehabilitacyjne posiadaj\u0105ce d\u017awigni\u0119 umo\u017cliwiaj\u0105c\u0105 regulacj\u0119 k\u0105ta nachylenia lustra. Dzi\u0119ki jej obecno\u015bci wyr\u00f3b umo\u017cliwia osobom niepe\u0142nosprawnym \u0142atwiejsze przeprowadzanie czynno\u015bci profilaktycznych oraz higienicznych. Rama lustra wykonana jest z rur ze stali nierdzewnej o \u015brednicy 25 mm.<\/p>\n","protected":false},"excerpt":{"rendered":"<p>Lustro rehabilitacyjne posiadaj\u0105ce d\u017awigni\u0119 umo\u017cliwiaj\u0105c\u0105 regulacj\u0119 k\u0105ta nachylenia lustra. Dzi\u0119ki jej obecno\u015bci wyr\u00f3b umo\u017cliwia osobom niepe\u0142nosprawnym \u0142atwiejsze przeprowadzanie czynno\u015bci profilaktycznych oraz higienicznych. Rama lustra wykonana jest z rur ze stali nierdzewnej o \u015brednicy 25 mm.<\/p>\n","protected":false},"featured_media":26342,"comment_status":"open","ping_status":"closed","template":"","meta":{"_acf_changed":false},"product_brand":[],"product_cat":[399,49],"product_tag":[],"class_list":{"0":"post-26340","1":"product","2":"type-product","3":"status-publish","4":"has-post-thumbnail","6":"product_cat-lustra-rehabilitacyjne","7":"product_cat-lazienka-i-wc","8":"pa_glebokosc-18-cm","9":"pa_waga-6-kg","11":"first","12":"instock","13":"taxable","14":"shipping-taxable","15":"purchasable","16":"product-type-simple"},"acf":[],"yoast_head":"<!-- This site is optimized with the Yoast SEO plugin v27.4 - https:\/\/yoast.com\/product\/yoast-seo-wordpress\/ -->\n<title>BN130 - Lustro rehabilitacyjne uchylne INOX, lustro dla niepe\u0142nosprawnych - INNOW<\/title>\n<meta name=\"description\" content=\"Bardzo estetyczne lustro rehabilitacyjne uchylne INOX, nierdzewne, dla niepe\u0142nosprawnych, z \u0142atwo dost\u0119pn\u0105 d\u017awigni\u0105 do zmiany po\u0142o\u017cenia. Sprawd\u017a!\" \/>\n<meta name=\"robots\" content=\"index, follow, max-snippet:-1, max-image-preview:large, max-video-preview:-1\" \/>\n<link rel=\"canonical\" href=\"https:\/\/innow.pl\/produkt\/bn130-lustro-rehabilitacyjne-uchylne-inox\/\" \/>\n<meta property=\"og:locale\" content=\"fr_FR\" \/>\n<meta property=\"og:type\" content=\"article\" \/>\n<meta property=\"og:title\" content=\"BN130 - Lustro rehabilitacyjne uchylne INOX, lustro dla niepe\u0142nosprawnych - INNOW\" \/>\n<meta property=\"og:description\" content=\"Bardzo estetyczne lustro rehabilitacyjne uchylne INOX, nierdzewne, dla niepe\u0142nosprawnych, z \u0142atwo dost\u0119pn\u0105 d\u017awigni\u0105 do zmiany po\u0142o\u017cenia. Sprawd\u017a!\" \/>\n<meta property=\"og:url\" content=\"https:\/\/innow.pl\/produkt\/bn130-lustro-rehabilitacyjne-uchylne-inox\/\" \/>\n<meta property=\"og:site_name\" content=\"INNOW\" \/>\n<meta property=\"article:modified_time\" content=\"2025-02-28T13:41:27+00:00\" \/>\n<meta property=\"og:image\" content=\"https:\/\/innow.pl\/wp-content\/uploads\/2024\/11\/BN130.jpg\" \/>\n\t<meta property=\"og:image:width\" content=\"800\" \/>\n\t<meta property=\"og:image:height\" content=\"800\" \/>\n\t<meta property=\"og:image:type\" content=\"image\/jpeg\" \/>\n<meta name=\"twitter:card\" content=\"summary_large_image\" \/>\n<meta name=\"twitter:label1\" content=\"Dur\u00e9e de lecture estim\u00e9e\" \/>\n\t<meta name=\"twitter:data1\" content=\"1 minute\" \/>\n<script type=\"application\/ld+json\" class=\"yoast-schema-graph\">{\"@context\":\"https:\\\/\\\/schema.org\",\"@graph\":[{\"@type\":\"WebPage\",\"@id\":\"https:\\\/\\\/innow.pl\\\/produkt\\\/bn130-lustro-rehabilitacyjne-uchylne-inox\\\/\",\"url\":\"https:\\\/\\\/innow.pl\\\/produkt\\\/bn130-lustro-rehabilitacyjne-uchylne-inox\\\/\",\"name\":\"BN130 - Lustro rehabilitacyjne uchylne INOX, lustro dla niepe\u0142nosprawnych - INNOW\",\"isPartOf\":{\"@id\":\"https:\\\/\\\/innow.pl\\\/#website\"},\"primaryImageOfPage\":{\"@id\":\"https:\\\/\\\/innow.pl\\\/produkt\\\/bn130-lustro-rehabilitacyjne-uchylne-inox\\\/#primaryimage\"},\"image\":{\"@id\":\"https:\\\/\\\/innow.pl\\\/produkt\\\/bn130-lustro-rehabilitacyjne-uchylne-inox\\\/#primaryimage\"},\"thumbnailUrl\":\"https:\\\/\\\/innow.pl\\\/wp-content\\\/uploads\\\/2024\\\/11\\\/BN130.jpg\",\"datePublished\":\"2017-07-03T08:00:01+00:00\",\"dateModified\":\"2025-02-28T13:41:27+00:00\",\"description\":\"Bardzo estetyczne lustro rehabilitacyjne uchylne INOX, nierdzewne, dla niepe\u0142nosprawnych, z \u0142atwo dost\u0119pn\u0105 d\u017awigni\u0105 do zmiany po\u0142o\u017cenia. Sprawd\u017a!\",\"breadcrumb\":{\"@id\":\"https:\\\/\\\/innow.pl\\\/produkt\\\/bn130-lustro-rehabilitacyjne-uchylne-inox\\\/#breadcrumb\"},\"inLanguage\":\"fr-FR\",\"potentialAction\":[{\"@type\":\"ReadAction\",\"target\":[\"https:\\\/\\\/innow.pl\\\/produkt\\\/bn130-lustro-rehabilitacyjne-uchylne-inox\\\/\"]}]},{\"@type\":\"ImageObject\",\"inLanguage\":\"fr-FR\",\"@id\":\"https:\\\/\\\/innow.pl\\\/produkt\\\/bn130-lustro-rehabilitacyjne-uchylne-inox\\\/#primaryimage\",\"url\":\"https:\\\/\\\/innow.pl\\\/wp-content\\\/uploads\\\/2024\\\/11\\\/BN130.jpg\",\"contentUrl\":\"https:\\\/\\\/innow.pl\\\/wp-content\\\/uploads\\\/2024\\\/11\\\/BN130.jpg\",\"width\":800,\"height\":800,\"caption\":\"Lustro rehabilitacyjne uchylne INOX, lustro dla niepe\u0142nosprawnych - BN130 - INNOW\"},{\"@type\":\"BreadcrumbList\",\"@id\":\"https:\\\/\\\/innow.pl\\\/produkt\\\/bn130-lustro-rehabilitacyjne-uchylne-inox\\\/#breadcrumb\",\"itemListElement\":[{\"@type\":\"ListItem\",\"position\":1,\"name\":\"INNOW\",\"item\":\"https:\\\/\\\/innow.pl\\\/fr\\\/\"},{\"@type\":\"ListItem\",\"position\":2,\"name\":\"Produkty\",\"item\":\"https:\\\/\\\/innow.pl\\\/produkty\\\/\"},{\"@type\":\"ListItem\",\"position\":3,\"name\":\"\u0141azienka i WC\",\"item\":\"https:\\\/\\\/innow.pl\\\/produkty\\\/lazienka-i-wc\\\/\"},{\"@type\":\"ListItem\",\"position\":4,\"name\":\"Lustra uchylne dla niepe\u0142nosprawnych\",\"item\":\"https:\\\/\\\/innow.pl\\\/produkty\\\/lazienka-i-wc\\\/lustra-rehabilitacyjne\\\/\"},{\"@type\":\"ListItem\",\"position\":5,\"name\":\"BN130 &#8211; Lustro rehabilitacyjne uchylne INOX, lustro dla niepe\u0142nosprawnych\"}]},{\"@type\":\"WebSite\",\"@id\":\"https:\\\/\\\/innow.pl\\\/#website\",\"url\":\"https:\\\/\\\/innow.pl\\\/\",\"name\":\"INNOW\",\"description\":\"\",\"potentialAction\":[{\"@type\":\"SearchAction\",\"target\":{\"@type\":\"EntryPoint\",\"urlTemplate\":\"https:\\\/\\\/innow.pl\\\/?s={search_term_string}\"},\"query-input\":{\"@type\":\"PropertyValueSpecification\",\"valueRequired\":true,\"valueName\":\"search_term_string\"}}],\"inLanguage\":\"fr-FR\"}]}<\/script>\n<!-- \/ Yoast SEO plugin. -->","yoast_head_json":{"title":"BN130 - Lustro rehabilitacyjne uchylne INOX, lustro dla niepe\u0142nosprawnych - INNOW","description":"Bardzo estetyczne lustro rehabilitacyjne uchylne INOX, nierdzewne, dla niepe\u0142nosprawnych, z \u0142atwo dost\u0119pn\u0105 d\u017awigni\u0105 do zmiany po\u0142o\u017cenia. Sprawd\u017a!","robots":{"index":"index","follow":"follow","max-snippet":"max-snippet:-1","max-image-preview":"max-image-preview:large","max-video-preview":"max-video-preview:-1"},"canonical":"https:\/\/innow.pl\/produkt\/bn130-lustro-rehabilitacyjne-uchylne-inox\/","og_locale":"fr_FR","og_type":"article","og_title":"BN130 - Lustro rehabilitacyjne uchylne INOX, lustro dla niepe\u0142nosprawnych - INNOW","og_description":"Bardzo estetyczne lustro rehabilitacyjne uchylne INOX, nierdzewne, dla niepe\u0142nosprawnych, z \u0142atwo dost\u0119pn\u0105 d\u017awigni\u0105 do zmiany po\u0142o\u017cenia. Sprawd\u017a!","og_url":"https:\/\/innow.pl\/produkt\/bn130-lustro-rehabilitacyjne-uchylne-inox\/","og_site_name":"INNOW","article_modified_time":"2025-02-28T13:41:27+00:00","og_image":[{"width":800,"height":800,"url":"https:\/\/innow.pl\/wp-content\/uploads\/2024\/11\/BN130.jpg","type":"image\/jpeg"}],"twitter_card":"summary_large_image","twitter_misc":{"Dur\u00e9e de lecture estim\u00e9e":"1 minute"},"schema":{"@context":"https:\/\/schema.org","@graph":[{"@type":"WebPage","@id":"https:\/\/innow.pl\/produkt\/bn130-lustro-rehabilitacyjne-uchylne-inox\/","url":"https:\/\/innow.pl\/produkt\/bn130-lustro-rehabilitacyjne-uchylne-inox\/","name":"BN130 - Lustro rehabilitacyjne uchylne INOX, lustro dla niepe\u0142nosprawnych - INNOW","isPartOf":{"@id":"https:\/\/innow.pl\/#website"},"primaryImageOfPage":{"@id":"https:\/\/innow.pl\/produkt\/bn130-lustro-rehabilitacyjne-uchylne-inox\/#primaryimage"},"image":{"@id":"https:\/\/innow.pl\/produkt\/bn130-lustro-rehabilitacyjne-uchylne-inox\/#primaryimage"},"thumbnailUrl":"https:\/\/innow.pl\/wp-content\/uploads\/2024\/11\/BN130.jpg","datePublished":"2017-07-03T08:00:01+00:00","dateModified":"2025-02-28T13:41:27+00:00","description":"Bardzo estetyczne lustro rehabilitacyjne uchylne INOX, nierdzewne, dla niepe\u0142nosprawnych, z \u0142atwo dost\u0119pn\u0105 d\u017awigni\u0105 do zmiany po\u0142o\u017cenia. Sprawd\u017a!","breadcrumb":{"@id":"https:\/\/innow.pl\/produkt\/bn130-lustro-rehabilitacyjne-uchylne-inox\/#breadcrumb"},"inLanguage":"fr-FR","potentialAction":[{"@type":"ReadAction","target":["https:\/\/innow.pl\/produkt\/bn130-lustro-rehabilitacyjne-uchylne-inox\/"]}]},{"@type":"ImageObject","inLanguage":"fr-FR","@id":"https:\/\/innow.pl\/produkt\/bn130-lustro-rehabilitacyjne-uchylne-inox\/#primaryimage","url":"https:\/\/innow.pl\/wp-content\/uploads\/2024\/11\/BN130.jpg","contentUrl":"https:\/\/innow.pl\/wp-content\/uploads\/2024\/11\/BN130.jpg","width":800,"height":800,"caption":"Lustro rehabilitacyjne uchylne INOX, lustro dla niepe\u0142nosprawnych - BN130 - INNOW"},{"@type":"BreadcrumbList","@id":"https:\/\/innow.pl\/produkt\/bn130-lustro-rehabilitacyjne-uchylne-inox\/#breadcrumb","itemListElement":[{"@type":"ListItem","position":1,"name":"INNOW","item":"https:\/\/innow.pl\/fr\/"},{"@type":"ListItem","position":2,"name":"Produkty","item":"https:\/\/innow.pl\/produkty\/"},{"@type":"ListItem","position":3,"name":"\u0141azienka i WC","item":"https:\/\/innow.pl\/produkty\/lazienka-i-wc\/"},{"@type":"ListItem","position":4,"name":"Lustra uchylne dla niepe\u0142nosprawnych","item":"https:\/\/innow.pl\/produkty\/lazienka-i-wc\/lustra-rehabilitacyjne\/"},{"@type":"ListItem","position":5,"name":"BN130 &#8211; Lustro rehabilitacyjne uchylne INOX, lustro dla niepe\u0142nosprawnych"}]},{"@type":"WebSite","@id":"https:\/\/innow.pl\/#website","url":"https:\/\/innow.pl\/","name":"INNOW","description":"","potentialAction":[{"@type":"SearchAction","target":{"@type":"EntryPoint","urlTemplate":"https:\/\/innow.pl\/?s={search_term_string}"},"query-input":{"@type":"PropertyValueSpecification","valueRequired":true,"valueName":"search_term_string"}}],"inLanguage":"fr-FR"}]}},"_links":{"self":[{"href":"https:\/\/innow.pl\/fr\/wp-json\/wp\/v2\/product\/26340","targetHints":{"allow":["GET"]}}],"collection":[{"href":"https:\/\/innow.pl\/fr\/wp-json\/wp\/v2\/product"}],"about":[{"href":"https:\/\/innow.pl\/fr\/wp-json\/wp\/v2\/types\/product"}],"replies":[{"embeddable":true,"href":"https:\/\/innow.pl\/fr\/wp-json\/wp\/v2\/comments?post=26340"}],"wp:featuredmedia":[{"embeddable":true,"href":"https:\/\/innow.pl\/fr\/wp-json\/wp\/v2\/media\/26342"}],"wp:attachment":[{"href":"https:\/\/innow.pl\/fr\/wp-json\/wp\/v2\/media?parent=26340"}],"wp:term":[{"taxonomy":"product_brand","embeddable":true,"href":"https:\/\/innow.pl\/fr\/wp-json\/wp\/v2\/product_brand?post=26340"},{"taxonomy":"product_cat","embeddable":true,"href":"https:\/\/innow.pl\/fr\/wp-json\/wp\/v2\/product_cat?post=26340"},{"taxonomy":"product_tag","embeddable":true,"href":"https:\/\/innow.pl\/fr\/wp-json\/wp\/v2\/product_tag?post=26340"}],"curies":[{"name":"wp","href":"https:\/\/api.w.org\/{rel}","templated":true}]}}