{"id":26165,"date":"2017-07-03T07:50:35","date_gmt":"2017-07-03T05:50:35","guid":{"rendered":"https:\/\/innow.pl\/produkt\/gk107-podpora-umywalkowo-sedesowa-uniwersalna-55-cm-z-krytym-mocowaniem\/"},"modified":"2026-02-12T11:24:52","modified_gmt":"2026-02-12T10:24:52","slug":"gk107-podpora-umywalkowo-sedesowa-uniwersalna-55-cm-z-krytym-mocowaniem","status":"publish","type":"product","link":"https:\/\/innow.pl\/fr\/produkt\/gk107-podpora-umywalkowo-sedesowa-uniwersalna-55-cm-z-krytym-mocowaniem\/","title":{"rendered":"GK107 &#8211; Podpora umywalkowo-sedesowa uniwersalna 55 cm z krytym mocowaniem"},"content":{"rendered":"<p>Podpora umywalkowo-sedesowa uniwersalna 55 cm (uchwyt \u0142azienkowy, por\u0119cz) wytworzona ze stalowej rury porywanej proszkowo (kolor bia\u0142y) z krytym mocowaniem. Mo\u017ce by\u0107 ona montowana do \u015bciany zar\u00f3wno z prawej, jak i z lewej strony umywalki. S\u0142u\u017cy ona do pomocy przy podnoszeniu si\u0119 i przemieszczaniu os\u00f3b starszych, chorych lub niepe\u0142nosprawnych w obr\u0119bie toalety lub \u0142azience. Podpora w miejscu mocowania powinna by\u0107 nieruchoma. Zach\u0119camy do zapoznania si\u0119 z poradnikiem:\u00a0 <strong><a href=\"http:\/\/innow.pl\/blog\/wyposazenie-i-projektowanie-lazienek-dla-osob-niepelnosprawnych\/\">\u00ab\u00a0Wyposa\u017cenie i projektowanie \u0142azienek dla os\u00f3b niepe\u0142nosprawnych\u00a0\u00bb<\/a><\/strong><\/p>\n","protected":false},"excerpt":{"rendered":"<p>Podpora umywalkowo-sedesowa uniwersalna 55 cm (uchwyt \u0142azienkowy, por\u0119cz) wytworzona ze stalowej rury porywanej proszkowo (kolor bia\u0142y) z krytym mocowaniem. Mo\u017ce by\u0107 ona montowana do \u015bciany zar\u00f3wno z prawej, jak i z lewej strony umywalki. S\u0142u\u017cy ona do pomocy przy podnoszeniu si\u0119 i przemieszczaniu os\u00f3b starszych, chorych lub niepe\u0142nosprawnych w obr\u0119bie toalety lub \u0142azience. Podpora w [&hellip;]<\/p>\n","protected":false},"featured_media":26167,"comment_status":"open","ping_status":"closed","template":"","meta":{"_acf_changed":false},"product_brand":[],"product_cat":[472,429,49],"product_tag":[],"class_list":{"0":"post-26165","1":"product","2":"type-product","3":"status-publish","4":"has-post-thumbnail","6":"product_cat-z-krytym-mocowaniem-32","7":"product_cat-podpory-i-uchwyty-dla-niepelnosprawnych","8":"product_cat-lazienka-i-wc","9":"pa_dlugosc-55-cm","10":"pa_srednica-1162","12":"first","13":"instock","14":"taxable","15":"shipping-taxable","16":"purchasable","17":"product-type-simple"},"acf":[],"yoast_head":"<!-- This site is optimized with the Yoast SEO plugin v27.4 - https:\/\/yoast.com\/product\/yoast-seo-wordpress\/ -->\n<title>GK107 - Podpora umywalkowo-sedesowa uniwersalna 55 cm z krytym mocowaniem - INNOW<\/title>\n<meta name=\"description\" content=\"Wytrzyma\u0142a podpora umywalkowo-sedesowa uniwersalna 55 cm z krytym mocowaniem dostepna w wersji lewo- i prawostronnej. Dowiedz si\u0119 wi\u0119cej!\" \/>\n<meta name=\"robots\" content=\"index, follow, max-snippet:-1, max-image-preview:large, max-video-preview:-1\" \/>\n<link rel=\"canonical\" href=\"https:\/\/innow.pl\/produkt\/gk107-podpora-umywalkowo-sedesowa-uniwersalna-55-cm-z-krytym-mocowaniem\/\" \/>\n<meta property=\"og:locale\" content=\"fr_FR\" \/>\n<meta property=\"og:type\" content=\"article\" \/>\n<meta property=\"og:title\" content=\"GK107 - Podpora umywalkowo-sedesowa uniwersalna 55 cm z krytym mocowaniem - INNOW\" \/>\n<meta property=\"og:description\" content=\"Wytrzyma\u0142a podpora umywalkowo-sedesowa uniwersalna 55 cm z krytym mocowaniem dostepna w wersji lewo- i prawostronnej. Dowiedz si\u0119 wi\u0119cej!\" \/>\n<meta property=\"og:url\" content=\"https:\/\/innow.pl\/produkt\/gk107-podpora-umywalkowo-sedesowa-uniwersalna-55-cm-z-krytym-mocowaniem\/\" \/>\n<meta property=\"og:site_name\" content=\"INNOW\" \/>\n<meta property=\"article:modified_time\" content=\"2026-02-12T10:24:52+00:00\" \/>\n<meta property=\"og:image\" content=\"https:\/\/innow.pl\/wp-content\/uploads\/2024\/11\/GK107.jpg\" \/>\n\t<meta property=\"og:image:width\" content=\"800\" \/>\n\t<meta property=\"og:image:height\" content=\"800\" \/>\n\t<meta property=\"og:image:type\" content=\"image\/jpeg\" \/>\n<meta name=\"twitter:card\" content=\"summary_large_image\" \/>\n<meta name=\"twitter:label1\" content=\"Dur\u00e9e de lecture estim\u00e9e\" \/>\n\t<meta name=\"twitter:data1\" content=\"1 minute\" \/>\n<script type=\"application\/ld+json\" class=\"yoast-schema-graph\">{\"@context\":\"https:\\\/\\\/schema.org\",\"@graph\":[{\"@type\":\"WebPage\",\"@id\":\"https:\\\/\\\/innow.pl\\\/produkt\\\/gk107-podpora-umywalkowo-sedesowa-uniwersalna-55-cm-z-krytym-mocowaniem\\\/\",\"url\":\"https:\\\/\\\/innow.pl\\\/produkt\\\/gk107-podpora-umywalkowo-sedesowa-uniwersalna-55-cm-z-krytym-mocowaniem\\\/\",\"name\":\"GK107 - Podpora umywalkowo-sedesowa uniwersalna 55 cm z krytym mocowaniem - INNOW\",\"isPartOf\":{\"@id\":\"https:\\\/\\\/innow.pl\\\/#website\"},\"primaryImageOfPage\":{\"@id\":\"https:\\\/\\\/innow.pl\\\/produkt\\\/gk107-podpora-umywalkowo-sedesowa-uniwersalna-55-cm-z-krytym-mocowaniem\\\/#primaryimage\"},\"image\":{\"@id\":\"https:\\\/\\\/innow.pl\\\/produkt\\\/gk107-podpora-umywalkowo-sedesowa-uniwersalna-55-cm-z-krytym-mocowaniem\\\/#primaryimage\"},\"thumbnailUrl\":\"https:\\\/\\\/innow.pl\\\/wp-content\\\/uploads\\\/2024\\\/11\\\/GK107.jpg\",\"datePublished\":\"2017-07-03T05:50:35+00:00\",\"dateModified\":\"2026-02-12T10:24:52+00:00\",\"description\":\"Wytrzyma\u0142a podpora umywalkowo-sedesowa uniwersalna 55 cm z krytym mocowaniem dostepna w wersji lewo- i prawostronnej. Dowiedz si\u0119 wi\u0119cej!\",\"breadcrumb\":{\"@id\":\"https:\\\/\\\/innow.pl\\\/produkt\\\/gk107-podpora-umywalkowo-sedesowa-uniwersalna-55-cm-z-krytym-mocowaniem\\\/#breadcrumb\"},\"inLanguage\":\"fr-FR\",\"potentialAction\":[{\"@type\":\"ReadAction\",\"target\":[\"https:\\\/\\\/innow.pl\\\/produkt\\\/gk107-podpora-umywalkowo-sedesowa-uniwersalna-55-cm-z-krytym-mocowaniem\\\/\"]}]},{\"@type\":\"ImageObject\",\"inLanguage\":\"fr-FR\",\"@id\":\"https:\\\/\\\/innow.pl\\\/produkt\\\/gk107-podpora-umywalkowo-sedesowa-uniwersalna-55-cm-z-krytym-mocowaniem\\\/#primaryimage\",\"url\":\"https:\\\/\\\/innow.pl\\\/wp-content\\\/uploads\\\/2024\\\/11\\\/GK107.jpg\",\"contentUrl\":\"https:\\\/\\\/innow.pl\\\/wp-content\\\/uploads\\\/2024\\\/11\\\/GK107.jpg\",\"width\":800,\"height\":800,\"caption\":\"Podpora umywalkowo-sedesowa uniwersalna 55 cm \u2013 G107 \u2013 INNOW\"},{\"@type\":\"BreadcrumbList\",\"@id\":\"https:\\\/\\\/innow.pl\\\/produkt\\\/gk107-podpora-umywalkowo-sedesowa-uniwersalna-55-cm-z-krytym-mocowaniem\\\/#breadcrumb\",\"itemListElement\":[{\"@type\":\"ListItem\",\"position\":1,\"name\":\"INNOW\",\"item\":\"https:\\\/\\\/innow.pl\\\/fr\\\/\"},{\"@type\":\"ListItem\",\"position\":2,\"name\":\"Produkty\",\"item\":\"https:\\\/\\\/innow.pl\\\/produkty\\\/\"},{\"@type\":\"ListItem\",\"position\":3,\"name\":\"\u0141azienka i WC\",\"item\":\"https:\\\/\\\/innow.pl\\\/produkty\\\/lazienka-i-wc\\\/\"},{\"@type\":\"ListItem\",\"position\":4,\"name\":\"Podpory, uchwyty i por\u0119cze dla niepe\u0142nosprawnych\",\"item\":\"https:\\\/\\\/innow.pl\\\/produkty\\\/lazienka-i-wc\\\/podpory-i-uchwyty-dla-niepelnosprawnych\\\/\"},{\"@type\":\"ListItem\",\"position\":5,\"name\":\"Podpory z krytym mocowaniem \u230032\",\"item\":\"https:\\\/\\\/innow.pl\\\/produkty\\\/lazienka-i-wc\\\/podpory-i-uchwyty-dla-niepelnosprawnych\\\/z-krytym-mocowaniem-32\\\/\"},{\"@type\":\"ListItem\",\"position\":6,\"name\":\"GK107 &#8211; Podpora umywalkowo-sedesowa uniwersalna 55 cm z krytym mocowaniem\"}]},{\"@type\":\"WebSite\",\"@id\":\"https:\\\/\\\/innow.pl\\\/#website\",\"url\":\"https:\\\/\\\/innow.pl\\\/\",\"name\":\"INNOW\",\"description\":\"\",\"potentialAction\":[{\"@type\":\"SearchAction\",\"target\":{\"@type\":\"EntryPoint\",\"urlTemplate\":\"https:\\\/\\\/innow.pl\\\/?s={search_term_string}\"},\"query-input\":{\"@type\":\"PropertyValueSpecification\",\"valueRequired\":true,\"valueName\":\"search_term_string\"}}],\"inLanguage\":\"fr-FR\"}]}<\/script>\n<!-- \/ Yoast SEO plugin. -->","yoast_head_json":{"title":"GK107 - Podpora umywalkowo-sedesowa uniwersalna 55 cm z krytym mocowaniem - INNOW","description":"Wytrzyma\u0142a podpora umywalkowo-sedesowa uniwersalna 55 cm z krytym mocowaniem dostepna w wersji lewo- i prawostronnej. Dowiedz si\u0119 wi\u0119cej!","robots":{"index":"index","follow":"follow","max-snippet":"max-snippet:-1","max-image-preview":"max-image-preview:large","max-video-preview":"max-video-preview:-1"},"canonical":"https:\/\/innow.pl\/produkt\/gk107-podpora-umywalkowo-sedesowa-uniwersalna-55-cm-z-krytym-mocowaniem\/","og_locale":"fr_FR","og_type":"article","og_title":"GK107 - Podpora umywalkowo-sedesowa uniwersalna 55 cm z krytym mocowaniem - INNOW","og_description":"Wytrzyma\u0142a podpora umywalkowo-sedesowa uniwersalna 55 cm z krytym mocowaniem dostepna w wersji lewo- i prawostronnej. Dowiedz si\u0119 wi\u0119cej!","og_url":"https:\/\/innow.pl\/produkt\/gk107-podpora-umywalkowo-sedesowa-uniwersalna-55-cm-z-krytym-mocowaniem\/","og_site_name":"INNOW","article_modified_time":"2026-02-12T10:24:52+00:00","og_image":[{"width":800,"height":800,"url":"https:\/\/innow.pl\/wp-content\/uploads\/2024\/11\/GK107.jpg","type":"image\/jpeg"}],"twitter_card":"summary_large_image","twitter_misc":{"Dur\u00e9e de lecture estim\u00e9e":"1 minute"},"schema":{"@context":"https:\/\/schema.org","@graph":[{"@type":"WebPage","@id":"https:\/\/innow.pl\/produkt\/gk107-podpora-umywalkowo-sedesowa-uniwersalna-55-cm-z-krytym-mocowaniem\/","url":"https:\/\/innow.pl\/produkt\/gk107-podpora-umywalkowo-sedesowa-uniwersalna-55-cm-z-krytym-mocowaniem\/","name":"GK107 - Podpora umywalkowo-sedesowa uniwersalna 55 cm z krytym mocowaniem - INNOW","isPartOf":{"@id":"https:\/\/innow.pl\/#website"},"primaryImageOfPage":{"@id":"https:\/\/innow.pl\/produkt\/gk107-podpora-umywalkowo-sedesowa-uniwersalna-55-cm-z-krytym-mocowaniem\/#primaryimage"},"image":{"@id":"https:\/\/innow.pl\/produkt\/gk107-podpora-umywalkowo-sedesowa-uniwersalna-55-cm-z-krytym-mocowaniem\/#primaryimage"},"thumbnailUrl":"https:\/\/innow.pl\/wp-content\/uploads\/2024\/11\/GK107.jpg","datePublished":"2017-07-03T05:50:35+00:00","dateModified":"2026-02-12T10:24:52+00:00","description":"Wytrzyma\u0142a podpora umywalkowo-sedesowa uniwersalna 55 cm z krytym mocowaniem dostepna w wersji lewo- i prawostronnej. Dowiedz si\u0119 wi\u0119cej!","breadcrumb":{"@id":"https:\/\/innow.pl\/produkt\/gk107-podpora-umywalkowo-sedesowa-uniwersalna-55-cm-z-krytym-mocowaniem\/#breadcrumb"},"inLanguage":"fr-FR","potentialAction":[{"@type":"ReadAction","target":["https:\/\/innow.pl\/produkt\/gk107-podpora-umywalkowo-sedesowa-uniwersalna-55-cm-z-krytym-mocowaniem\/"]}]},{"@type":"ImageObject","inLanguage":"fr-FR","@id":"https:\/\/innow.pl\/produkt\/gk107-podpora-umywalkowo-sedesowa-uniwersalna-55-cm-z-krytym-mocowaniem\/#primaryimage","url":"https:\/\/innow.pl\/wp-content\/uploads\/2024\/11\/GK107.jpg","contentUrl":"https:\/\/innow.pl\/wp-content\/uploads\/2024\/11\/GK107.jpg","width":800,"height":800,"caption":"Podpora umywalkowo-sedesowa uniwersalna 55 cm \u2013 G107 \u2013 INNOW"},{"@type":"BreadcrumbList","@id":"https:\/\/innow.pl\/produkt\/gk107-podpora-umywalkowo-sedesowa-uniwersalna-55-cm-z-krytym-mocowaniem\/#breadcrumb","itemListElement":[{"@type":"ListItem","position":1,"name":"INNOW","item":"https:\/\/innow.pl\/fr\/"},{"@type":"ListItem","position":2,"name":"Produkty","item":"https:\/\/innow.pl\/produkty\/"},{"@type":"ListItem","position":3,"name":"\u0141azienka i WC","item":"https:\/\/innow.pl\/produkty\/lazienka-i-wc\/"},{"@type":"ListItem","position":4,"name":"Podpory, uchwyty i por\u0119cze dla niepe\u0142nosprawnych","item":"https:\/\/innow.pl\/produkty\/lazienka-i-wc\/podpory-i-uchwyty-dla-niepelnosprawnych\/"},{"@type":"ListItem","position":5,"name":"Podpory z krytym mocowaniem \u230032","item":"https:\/\/innow.pl\/produkty\/lazienka-i-wc\/podpory-i-uchwyty-dla-niepelnosprawnych\/z-krytym-mocowaniem-32\/"},{"@type":"ListItem","position":6,"name":"GK107 &#8211; Podpora umywalkowo-sedesowa uniwersalna 55 cm z krytym mocowaniem"}]},{"@type":"WebSite","@id":"https:\/\/innow.pl\/#website","url":"https:\/\/innow.pl\/","name":"INNOW","description":"","potentialAction":[{"@type":"SearchAction","target":{"@type":"EntryPoint","urlTemplate":"https:\/\/innow.pl\/?s={search_term_string}"},"query-input":{"@type":"PropertyValueSpecification","valueRequired":true,"valueName":"search_term_string"}}],"inLanguage":"fr-FR"}]}},"_links":{"self":[{"href":"https:\/\/innow.pl\/fr\/wp-json\/wp\/v2\/product\/26165","targetHints":{"allow":["GET"]}}],"collection":[{"href":"https:\/\/innow.pl\/fr\/wp-json\/wp\/v2\/product"}],"about":[{"href":"https:\/\/innow.pl\/fr\/wp-json\/wp\/v2\/types\/product"}],"replies":[{"embeddable":true,"href":"https:\/\/innow.pl\/fr\/wp-json\/wp\/v2\/comments?post=26165"}],"wp:featuredmedia":[{"embeddable":true,"href":"https:\/\/innow.pl\/fr\/wp-json\/wp\/v2\/media\/26167"}],"wp:attachment":[{"href":"https:\/\/innow.pl\/fr\/wp-json\/wp\/v2\/media?parent=26165"}],"wp:term":[{"taxonomy":"product_brand","embeddable":true,"href":"https:\/\/innow.pl\/fr\/wp-json\/wp\/v2\/product_brand?post=26165"},{"taxonomy":"product_cat","embeddable":true,"href":"https:\/\/innow.pl\/fr\/wp-json\/wp\/v2\/product_cat?post=26165"},{"taxonomy":"product_tag","embeddable":true,"href":"https:\/\/innow.pl\/fr\/wp-json\/wp\/v2\/product_tag?post=26165"}],"curies":[{"name":"wp","href":"https:\/\/api.w.org\/{rel}","templated":true}]}}