{"id":25977,"date":"2017-06-30T07:51:02","date_gmt":"2017-06-30T05:51:02","guid":{"rendered":"https:\/\/innow.pl\/produkt\/g105-podpora-umywalkowa-prawa-lewa-55-cm\/"},"modified":"2026-02-12T11:53:38","modified_gmt":"2026-02-12T10:53:38","slug":"g105-podpora-umywalkowa-prawa-lewa-55-cm","status":"publish","type":"product","link":"https:\/\/innow.pl\/fr\/produkt\/g105-podpora-umywalkowa-prawa-lewa-55-cm\/","title":{"rendered":"G105 &#8211; Podpora umywalkowa prawa-lewa 55 cm"},"content":{"rendered":"<p>Podpora (uchwyt \u0142azienkowy dla niepe\u0142nosprawnych) mocowana do \u015bciany z prawej (wersja prawa) lub lewej (wersja lewa) strony umywalki wykonana ze stali. Powlekana proszkowo na kolor bia\u0142y. Stanowi pomoc przy przemieszczaniu si\u0119, podnoszeniu w \u0142azience b\u0105d\u017a toalecie, zar\u00f3wno dla os\u00f3b starszych, chorych, jak i niepe\u0142nosprawnych. Wi\u0119cej informacji na temat \u0142azienek dla os\u00f3b niepe\u0142nosprawnych znale\u017a\u0107 mo\u017cna w poradniku:\u00a0 <strong><a href=\"http:\/\/innow.pl\/blog\/wyposazenie-i-projektowanie-lazienek-dla-osob-niepelnosprawnych\/\">\u00ab\u00a0Wyposa\u017cenie i projektowanie \u0142azienek dla os\u00f3b niepe\u0142nosprawnych\u00a0\u00bb<\/a><\/strong><\/p>\n","protected":false},"excerpt":{"rendered":"<p>Podpora (uchwyt \u0142azienkowy dla niepe\u0142nosprawnych) mocowana do \u015bciany z prawej (wersja prawa) lub lewej (wersja lewa) strony umywalki wykonana ze stali. Powlekana proszkowo na kolor bia\u0142y. Stanowi pomoc przy przemieszczaniu si\u0119, podnoszeniu w \u0142azience b\u0105d\u017a toalecie, zar\u00f3wno dla os\u00f3b starszych, chorych, jak i niepe\u0142nosprawnych. Wi\u0119cej informacji na temat \u0142azienek dla os\u00f3b niepe\u0142nosprawnych znale\u017a\u0107 mo\u017cna w [&hellip;]<\/p>\n","protected":false},"featured_media":25979,"comment_status":"open","ping_status":"closed","template":"","meta":{"_acf_changed":false},"product_brand":[],"product_cat":[471,429,49],"product_tag":[],"class_list":{"0":"post-25977","1":"product","2":"type-product","3":"status-publish","4":"has-post-thumbnail","6":"product_cat-podpory-standardowe-32","7":"product_cat-podpory-i-uchwyty-dla-niepelnosprawnych","8":"product_cat-lazienka-i-wc","9":"pa_dlugosc-55-cm","10":"pa_srednica-1162","11":"pa_wersja-lewa","12":"pa_wersja-prawa","14":"first","15":"instock","16":"taxable","17":"shipping-taxable","18":"purchasable","19":"product-type-variable"},"acf":[],"yoast_head":"<!-- This site is optimized with the Yoast SEO plugin v27.4 - https:\/\/yoast.com\/product\/yoast-seo-wordpress\/ -->\n<title>G105 - Podpora umywalkowa prawa-lewa 55 cm - INNOW<\/title>\n<meta name=\"description\" content=\"Wytrzyma\u0142a podpora umywalkowa prawa-lewa 55 cm. Zapewnij osobom starszym, chorym, niepe\u0142nosprawnym wygodne i sprawne korzystanie z \u0142azienki. Sprawd\u017a!\" \/>\n<meta name=\"robots\" content=\"index, follow, max-snippet:-1, max-image-preview:large, max-video-preview:-1\" \/>\n<link rel=\"canonical\" href=\"https:\/\/innow.pl\/produkt\/g105-podpora-umywalkowa-prawa-lewa-55-cm\/\" \/>\n<meta property=\"og:locale\" content=\"fr_FR\" \/>\n<meta property=\"og:type\" content=\"article\" \/>\n<meta property=\"og:title\" content=\"G105 - Podpora umywalkowa prawa-lewa 55 cm - INNOW\" \/>\n<meta property=\"og:description\" content=\"Wytrzyma\u0142a podpora umywalkowa prawa-lewa 55 cm. Zapewnij osobom starszym, chorym, niepe\u0142nosprawnym wygodne i sprawne korzystanie z \u0142azienki. Sprawd\u017a!\" \/>\n<meta property=\"og:url\" content=\"https:\/\/innow.pl\/produkt\/g105-podpora-umywalkowa-prawa-lewa-55-cm\/\" \/>\n<meta property=\"og:site_name\" content=\"INNOW\" \/>\n<meta property=\"article:modified_time\" content=\"2026-02-12T10:53:38+00:00\" \/>\n<meta property=\"og:image\" content=\"https:\/\/innow.pl\/wp-content\/uploads\/2024\/11\/G105L.jpg\" \/>\n\t<meta property=\"og:image:width\" content=\"800\" \/>\n\t<meta property=\"og:image:height\" content=\"800\" \/>\n\t<meta property=\"og:image:type\" content=\"image\/jpeg\" \/>\n<meta name=\"twitter:card\" content=\"summary_large_image\" \/>\n<meta name=\"twitter:label1\" content=\"Dur\u00e9e de lecture estim\u00e9e\" \/>\n\t<meta name=\"twitter:data1\" content=\"1 minute\" \/>\n<script type=\"application\/ld+json\" class=\"yoast-schema-graph\">{\"@context\":\"https:\\\/\\\/schema.org\",\"@graph\":[{\"@type\":\"WebPage\",\"@id\":\"https:\\\/\\\/innow.pl\\\/produkt\\\/g105-podpora-umywalkowa-prawa-lewa-55-cm\\\/\",\"url\":\"https:\\\/\\\/innow.pl\\\/produkt\\\/g105-podpora-umywalkowa-prawa-lewa-55-cm\\\/\",\"name\":\"G105 - Podpora umywalkowa prawa-lewa 55 cm - INNOW\",\"isPartOf\":{\"@id\":\"https:\\\/\\\/innow.pl\\\/#website\"},\"primaryImageOfPage\":{\"@id\":\"https:\\\/\\\/innow.pl\\\/produkt\\\/g105-podpora-umywalkowa-prawa-lewa-55-cm\\\/#primaryimage\"},\"image\":{\"@id\":\"https:\\\/\\\/innow.pl\\\/produkt\\\/g105-podpora-umywalkowa-prawa-lewa-55-cm\\\/#primaryimage\"},\"thumbnailUrl\":\"https:\\\/\\\/innow.pl\\\/wp-content\\\/uploads\\\/2024\\\/11\\\/G105L.jpg\",\"datePublished\":\"2017-06-30T05:51:02+00:00\",\"dateModified\":\"2026-02-12T10:53:38+00:00\",\"description\":\"Wytrzyma\u0142a podpora umywalkowa prawa-lewa 55 cm. Zapewnij osobom starszym, chorym, niepe\u0142nosprawnym wygodne i sprawne korzystanie z \u0142azienki. Sprawd\u017a!\",\"breadcrumb\":{\"@id\":\"https:\\\/\\\/innow.pl\\\/produkt\\\/g105-podpora-umywalkowa-prawa-lewa-55-cm\\\/#breadcrumb\"},\"inLanguage\":\"fr-FR\",\"potentialAction\":[{\"@type\":\"ReadAction\",\"target\":[\"https:\\\/\\\/innow.pl\\\/produkt\\\/g105-podpora-umywalkowa-prawa-lewa-55-cm\\\/\"]}]},{\"@type\":\"ImageObject\",\"inLanguage\":\"fr-FR\",\"@id\":\"https:\\\/\\\/innow.pl\\\/produkt\\\/g105-podpora-umywalkowa-prawa-lewa-55-cm\\\/#primaryimage\",\"url\":\"https:\\\/\\\/innow.pl\\\/wp-content\\\/uploads\\\/2024\\\/11\\\/G105L.jpg\",\"contentUrl\":\"https:\\\/\\\/innow.pl\\\/wp-content\\\/uploads\\\/2024\\\/11\\\/G105L.jpg\",\"width\":800,\"height\":800,\"caption\":\"Podpora umywalkowa prawa-lewa 55 cm \u2013 G105 \u2013 INNOW\"},{\"@type\":\"BreadcrumbList\",\"@id\":\"https:\\\/\\\/innow.pl\\\/produkt\\\/g105-podpora-umywalkowa-prawa-lewa-55-cm\\\/#breadcrumb\",\"itemListElement\":[{\"@type\":\"ListItem\",\"position\":1,\"name\":\"INNOW\",\"item\":\"https:\\\/\\\/innow.pl\\\/fr\\\/\"},{\"@type\":\"ListItem\",\"position\":2,\"name\":\"Produkty\",\"item\":\"https:\\\/\\\/innow.pl\\\/produkty\\\/\"},{\"@type\":\"ListItem\",\"position\":3,\"name\":\"\u0141azienka i WC\",\"item\":\"https:\\\/\\\/innow.pl\\\/produkty\\\/lazienka-i-wc\\\/\"},{\"@type\":\"ListItem\",\"position\":4,\"name\":\"Podpory, uchwyty i por\u0119cze dla niepe\u0142nosprawnych\",\"item\":\"https:\\\/\\\/innow.pl\\\/produkty\\\/lazienka-i-wc\\\/podpory-i-uchwyty-dla-niepelnosprawnych\\\/\"},{\"@type\":\"ListItem\",\"position\":5,\"name\":\"Podpory standardowe \u230032\",\"item\":\"https:\\\/\\\/innow.pl\\\/produkty\\\/lazienka-i-wc\\\/podpory-i-uchwyty-dla-niepelnosprawnych\\\/podpory-standardowe-32\\\/\"},{\"@type\":\"ListItem\",\"position\":6,\"name\":\"G105 &#8211; Podpora umywalkowa prawa-lewa 55 cm\"}]},{\"@type\":\"WebSite\",\"@id\":\"https:\\\/\\\/innow.pl\\\/#website\",\"url\":\"https:\\\/\\\/innow.pl\\\/\",\"name\":\"INNOW\",\"description\":\"\",\"potentialAction\":[{\"@type\":\"SearchAction\",\"target\":{\"@type\":\"EntryPoint\",\"urlTemplate\":\"https:\\\/\\\/innow.pl\\\/?s={search_term_string}\"},\"query-input\":{\"@type\":\"PropertyValueSpecification\",\"valueRequired\":true,\"valueName\":\"search_term_string\"}}],\"inLanguage\":\"fr-FR\"}]}<\/script>\n<!-- \/ Yoast SEO plugin. -->","yoast_head_json":{"title":"G105 - Podpora umywalkowa prawa-lewa 55 cm - INNOW","description":"Wytrzyma\u0142a podpora umywalkowa prawa-lewa 55 cm. Zapewnij osobom starszym, chorym, niepe\u0142nosprawnym wygodne i sprawne korzystanie z \u0142azienki. Sprawd\u017a!","robots":{"index":"index","follow":"follow","max-snippet":"max-snippet:-1","max-image-preview":"max-image-preview:large","max-video-preview":"max-video-preview:-1"},"canonical":"https:\/\/innow.pl\/produkt\/g105-podpora-umywalkowa-prawa-lewa-55-cm\/","og_locale":"fr_FR","og_type":"article","og_title":"G105 - Podpora umywalkowa prawa-lewa 55 cm - INNOW","og_description":"Wytrzyma\u0142a podpora umywalkowa prawa-lewa 55 cm. Zapewnij osobom starszym, chorym, niepe\u0142nosprawnym wygodne i sprawne korzystanie z \u0142azienki. Sprawd\u017a!","og_url":"https:\/\/innow.pl\/produkt\/g105-podpora-umywalkowa-prawa-lewa-55-cm\/","og_site_name":"INNOW","article_modified_time":"2026-02-12T10:53:38+00:00","og_image":[{"width":800,"height":800,"url":"https:\/\/innow.pl\/wp-content\/uploads\/2024\/11\/G105L.jpg","type":"image\/jpeg"}],"twitter_card":"summary_large_image","twitter_misc":{"Dur\u00e9e de lecture estim\u00e9e":"1 minute"},"schema":{"@context":"https:\/\/schema.org","@graph":[{"@type":"WebPage","@id":"https:\/\/innow.pl\/produkt\/g105-podpora-umywalkowa-prawa-lewa-55-cm\/","url":"https:\/\/innow.pl\/produkt\/g105-podpora-umywalkowa-prawa-lewa-55-cm\/","name":"G105 - Podpora umywalkowa prawa-lewa 55 cm - INNOW","isPartOf":{"@id":"https:\/\/innow.pl\/#website"},"primaryImageOfPage":{"@id":"https:\/\/innow.pl\/produkt\/g105-podpora-umywalkowa-prawa-lewa-55-cm\/#primaryimage"},"image":{"@id":"https:\/\/innow.pl\/produkt\/g105-podpora-umywalkowa-prawa-lewa-55-cm\/#primaryimage"},"thumbnailUrl":"https:\/\/innow.pl\/wp-content\/uploads\/2024\/11\/G105L.jpg","datePublished":"2017-06-30T05:51:02+00:00","dateModified":"2026-02-12T10:53:38+00:00","description":"Wytrzyma\u0142a podpora umywalkowa prawa-lewa 55 cm. Zapewnij osobom starszym, chorym, niepe\u0142nosprawnym wygodne i sprawne korzystanie z \u0142azienki. Sprawd\u017a!","breadcrumb":{"@id":"https:\/\/innow.pl\/produkt\/g105-podpora-umywalkowa-prawa-lewa-55-cm\/#breadcrumb"},"inLanguage":"fr-FR","potentialAction":[{"@type":"ReadAction","target":["https:\/\/innow.pl\/produkt\/g105-podpora-umywalkowa-prawa-lewa-55-cm\/"]}]},{"@type":"ImageObject","inLanguage":"fr-FR","@id":"https:\/\/innow.pl\/produkt\/g105-podpora-umywalkowa-prawa-lewa-55-cm\/#primaryimage","url":"https:\/\/innow.pl\/wp-content\/uploads\/2024\/11\/G105L.jpg","contentUrl":"https:\/\/innow.pl\/wp-content\/uploads\/2024\/11\/G105L.jpg","width":800,"height":800,"caption":"Podpora umywalkowa prawa-lewa 55 cm \u2013 G105 \u2013 INNOW"},{"@type":"BreadcrumbList","@id":"https:\/\/innow.pl\/produkt\/g105-podpora-umywalkowa-prawa-lewa-55-cm\/#breadcrumb","itemListElement":[{"@type":"ListItem","position":1,"name":"INNOW","item":"https:\/\/innow.pl\/fr\/"},{"@type":"ListItem","position":2,"name":"Produkty","item":"https:\/\/innow.pl\/produkty\/"},{"@type":"ListItem","position":3,"name":"\u0141azienka i WC","item":"https:\/\/innow.pl\/produkty\/lazienka-i-wc\/"},{"@type":"ListItem","position":4,"name":"Podpory, uchwyty i por\u0119cze dla niepe\u0142nosprawnych","item":"https:\/\/innow.pl\/produkty\/lazienka-i-wc\/podpory-i-uchwyty-dla-niepelnosprawnych\/"},{"@type":"ListItem","position":5,"name":"Podpory standardowe \u230032","item":"https:\/\/innow.pl\/produkty\/lazienka-i-wc\/podpory-i-uchwyty-dla-niepelnosprawnych\/podpory-standardowe-32\/"},{"@type":"ListItem","position":6,"name":"G105 &#8211; Podpora umywalkowa prawa-lewa 55 cm"}]},{"@type":"WebSite","@id":"https:\/\/innow.pl\/#website","url":"https:\/\/innow.pl\/","name":"INNOW","description":"","potentialAction":[{"@type":"SearchAction","target":{"@type":"EntryPoint","urlTemplate":"https:\/\/innow.pl\/?s={search_term_string}"},"query-input":{"@type":"PropertyValueSpecification","valueRequired":true,"valueName":"search_term_string"}}],"inLanguage":"fr-FR"}]}},"_links":{"self":[{"href":"https:\/\/innow.pl\/fr\/wp-json\/wp\/v2\/product\/25977","targetHints":{"allow":["GET"]}}],"collection":[{"href":"https:\/\/innow.pl\/fr\/wp-json\/wp\/v2\/product"}],"about":[{"href":"https:\/\/innow.pl\/fr\/wp-json\/wp\/v2\/types\/product"}],"replies":[{"embeddable":true,"href":"https:\/\/innow.pl\/fr\/wp-json\/wp\/v2\/comments?post=25977"}],"wp:featuredmedia":[{"embeddable":true,"href":"https:\/\/innow.pl\/fr\/wp-json\/wp\/v2\/media\/25979"}],"wp:attachment":[{"href":"https:\/\/innow.pl\/fr\/wp-json\/wp\/v2\/media?parent=25977"}],"wp:term":[{"taxonomy":"product_brand","embeddable":true,"href":"https:\/\/innow.pl\/fr\/wp-json\/wp\/v2\/product_brand?post=25977"},{"taxonomy":"product_cat","embeddable":true,"href":"https:\/\/innow.pl\/fr\/wp-json\/wp\/v2\/product_cat?post=25977"},{"taxonomy":"product_tag","embeddable":true,"href":"https:\/\/innow.pl\/fr\/wp-json\/wp\/v2\/product_tag?post=25977"}],"curies":[{"name":"wp","href":"https:\/\/api.w.org\/{rel}","templated":true}]}}