{"id":25517,"date":"2017-06-27T07:43:19","date_gmt":"2017-06-27T05:43:19","guid":{"rendered":"https:\/\/innow.pl\/produkt\/t621-balkonik-4-kolowy-krotki\/"},"modified":"2026-04-10T14:53:32","modified_gmt":"2026-04-10T12:53:32","slug":"t621-balkonik-4-kolowy-krotki","status":"publish","type":"product","link":"https:\/\/innow.pl\/fr\/produkt\/t621-balkonik-4-kolowy-krotki\/","title":{"rendered":"T621 &#8211; Balkonik 4-ko\u0142owy (kr\u00f3tki)"},"content":{"rendered":"<p>Balkonik 4-ko\u0142owy (kr\u00f3tki) produkcji firmy INNOW. S\u0142u\u017cy on do poruszania si\u0119 oraz nauki chodzenia osobom z upo\u015bledzeniem ko\u0144czyn dolnych czy po przebytych urazach. Balkonik posiada regulowane n\u00f3\u017cki stalowe lub aluminiowe z ko\u0142ami skr\u0119tnymi, a dodatkowo w cz\u0119\u015bci tylnej z blokad\u0105.<\/p>\n","protected":false},"excerpt":{"rendered":"<p>Balkonik 4-ko\u0142owy (kr\u00f3tki) produkcji firmy INNOW. S\u0142u\u017cy on do poruszania si\u0119 oraz nauki chodzenia osobom z upo\u015bledzeniem ko\u0144czyn dolnych czy po przebytych urazach. Balkonik posiada regulowane n\u00f3\u017cki stalowe lub aluminiowe z ko\u0142ami skr\u0119tnymi, a dodatkowo w cz\u0119\u015bci tylnej z blokad\u0105.<\/p>\n","protected":false},"featured_media":77238,"comment_status":"open","ping_status":"closed","template":"","meta":{"_acf_changed":false},"product_brand":[],"product_cat":[541,564,482,438],"product_tag":[],"class_list":{"0":"post-25517","1":"product","2":"type-product","3":"status-publish","4":"has-post-thumbnail","6":"product_cat-balkoniki","7":"product_cat-balkoniki-podstawowe","8":"product_cat-balkoniki-kule-laski","9":"product_cat-pielegnacja-i-rehabilitacja","10":"pa_glebokosc-45-cm","11":"pa_szerokosc-59-cm","12":"pa_wysokosc-75-95-cm","14":"first","15":"instock","16":"taxable","17":"shipping-taxable","18":"purchasable","19":"product-type-simple"},"acf":[],"yoast_head":"<!-- This site is optimized with the Yoast SEO plugin v27.4 - https:\/\/yoast.com\/product\/yoast-seo-wordpress\/ -->\n<title>T621 - Balkonik 4-ko\u0142owy (kr\u00f3tki) - INNOW<\/title>\n<meta name=\"description\" content=\"Praktyczny balkonik 4-ko\u0142owy (kr\u00f3tki) z ko\u0142ami skr\u0119tnymi i blokad\u0105 obrotu w tylnych ko\u0142ach. Balkonik polskiego producenta - firmy INNOW. Zobacz!\" \/>\n<meta name=\"robots\" content=\"index, follow, max-snippet:-1, max-image-preview:large, max-video-preview:-1\" \/>\n<link rel=\"canonical\" href=\"https:\/\/innow.pl\/produkt\/t621-balkonik-4-kolowy-krotki\/\" \/>\n<meta property=\"og:locale\" content=\"fr_FR\" \/>\n<meta property=\"og:type\" content=\"article\" \/>\n<meta property=\"og:title\" content=\"T621 - Balkonik 4-ko\u0142owy (kr\u00f3tki) - INNOW\" \/>\n<meta property=\"og:description\" content=\"Praktyczny balkonik 4-ko\u0142owy (kr\u00f3tki) z ko\u0142ami skr\u0119tnymi i blokad\u0105 obrotu w tylnych ko\u0142ach. Balkonik polskiego producenta - firmy INNOW. Zobacz!\" \/>\n<meta property=\"og:url\" content=\"https:\/\/innow.pl\/produkt\/t621-balkonik-4-kolowy-krotki\/\" \/>\n<meta property=\"og:site_name\" content=\"INNOW\" \/>\n<meta property=\"article:modified_time\" content=\"2026-04-10T12:53:32+00:00\" \/>\n<meta property=\"og:image\" content=\"https:\/\/innow.pl\/wp-content\/uploads\/2017\/06\/T621_2026.jpg\" \/>\n\t<meta property=\"og:image:width\" content=\"600\" \/>\n\t<meta property=\"og:image:height\" content=\"600\" \/>\n\t<meta property=\"og:image:type\" content=\"image\/jpeg\" \/>\n<meta name=\"twitter:card\" content=\"summary_large_image\" \/>\n<meta name=\"twitter:label1\" content=\"Dur\u00e9e de lecture estim\u00e9e\" \/>\n\t<meta name=\"twitter:data1\" content=\"1 minute\" \/>\n<script type=\"application\/ld+json\" class=\"yoast-schema-graph\">{\"@context\":\"https:\\\/\\\/schema.org\",\"@graph\":[{\"@type\":\"WebPage\",\"@id\":\"https:\\\/\\\/innow.pl\\\/produkt\\\/t621-balkonik-4-kolowy-krotki\\\/\",\"url\":\"https:\\\/\\\/innow.pl\\\/produkt\\\/t621-balkonik-4-kolowy-krotki\\\/\",\"name\":\"T621 - Balkonik 4-ko\u0142owy (kr\u00f3tki) - INNOW\",\"isPartOf\":{\"@id\":\"https:\\\/\\\/innow.pl\\\/#website\"},\"primaryImageOfPage\":{\"@id\":\"https:\\\/\\\/innow.pl\\\/produkt\\\/t621-balkonik-4-kolowy-krotki\\\/#primaryimage\"},\"image\":{\"@id\":\"https:\\\/\\\/innow.pl\\\/produkt\\\/t621-balkonik-4-kolowy-krotki\\\/#primaryimage\"},\"thumbnailUrl\":\"https:\\\/\\\/innow.pl\\\/wp-content\\\/uploads\\\/2017\\\/06\\\/T621_2026.jpg\",\"datePublished\":\"2017-06-27T05:43:19+00:00\",\"dateModified\":\"2026-04-10T12:53:32+00:00\",\"description\":\"Praktyczny balkonik 4-ko\u0142owy (kr\u00f3tki) z ko\u0142ami skr\u0119tnymi i blokad\u0105 obrotu w tylnych ko\u0142ach. Balkonik polskiego producenta - firmy INNOW. Zobacz!\",\"breadcrumb\":{\"@id\":\"https:\\\/\\\/innow.pl\\\/produkt\\\/t621-balkonik-4-kolowy-krotki\\\/#breadcrumb\"},\"inLanguage\":\"fr-FR\",\"potentialAction\":[{\"@type\":\"ReadAction\",\"target\":[\"https:\\\/\\\/innow.pl\\\/produkt\\\/t621-balkonik-4-kolowy-krotki\\\/\"]}]},{\"@type\":\"ImageObject\",\"inLanguage\":\"fr-FR\",\"@id\":\"https:\\\/\\\/innow.pl\\\/produkt\\\/t621-balkonik-4-kolowy-krotki\\\/#primaryimage\",\"url\":\"https:\\\/\\\/innow.pl\\\/wp-content\\\/uploads\\\/2017\\\/06\\\/T621_2026.jpg\",\"contentUrl\":\"https:\\\/\\\/innow.pl\\\/wp-content\\\/uploads\\\/2017\\\/06\\\/T621_2026.jpg\",\"width\":600,\"height\":600},{\"@type\":\"BreadcrumbList\",\"@id\":\"https:\\\/\\\/innow.pl\\\/produkt\\\/t621-balkonik-4-kolowy-krotki\\\/#breadcrumb\",\"itemListElement\":[{\"@type\":\"ListItem\",\"position\":1,\"name\":\"INNOW\",\"item\":\"https:\\\/\\\/innow.pl\\\/fr\\\/\"},{\"@type\":\"ListItem\",\"position\":2,\"name\":\"Produkty\",\"item\":\"https:\\\/\\\/innow.pl\\\/produkty\\\/\"},{\"@type\":\"ListItem\",\"position\":3,\"name\":\"Piel\u0119gnacja i rehabilitacja\",\"item\":\"https:\\\/\\\/innow.pl\\\/produkty\\\/pielegnacja-i-rehabilitacja\\\/\"},{\"@type\":\"ListItem\",\"position\":4,\"name\":\"Balkoniki, kule, laski\",\"item\":\"https:\\\/\\\/innow.pl\\\/produkty\\\/pielegnacja-i-rehabilitacja\\\/balkoniki-kule-laski\\\/\"},{\"@type\":\"ListItem\",\"position\":5,\"name\":\"Balkoniki\",\"item\":\"https:\\\/\\\/innow.pl\\\/produkty\\\/pielegnacja-i-rehabilitacja\\\/balkoniki-kule-laski\\\/balkoniki\\\/\"},{\"@type\":\"ListItem\",\"position\":6,\"name\":\"Balkoniki podstawowe\",\"item\":\"https:\\\/\\\/innow.pl\\\/produkty\\\/pielegnacja-i-rehabilitacja\\\/balkoniki-kule-laski\\\/balkoniki\\\/balkoniki-podstawowe\\\/\"},{\"@type\":\"ListItem\",\"position\":7,\"name\":\"T621 &#8211; Balkonik 4-ko\u0142owy (kr\u00f3tki)\"}]},{\"@type\":\"WebSite\",\"@id\":\"https:\\\/\\\/innow.pl\\\/#website\",\"url\":\"https:\\\/\\\/innow.pl\\\/\",\"name\":\"INNOW\",\"description\":\"\",\"potentialAction\":[{\"@type\":\"SearchAction\",\"target\":{\"@type\":\"EntryPoint\",\"urlTemplate\":\"https:\\\/\\\/innow.pl\\\/?s={search_term_string}\"},\"query-input\":{\"@type\":\"PropertyValueSpecification\",\"valueRequired\":true,\"valueName\":\"search_term_string\"}}],\"inLanguage\":\"fr-FR\"}]}<\/script>\n<!-- \/ Yoast SEO plugin. -->","yoast_head_json":{"title":"T621 - Balkonik 4-ko\u0142owy (kr\u00f3tki) - INNOW","description":"Praktyczny balkonik 4-ko\u0142owy (kr\u00f3tki) z ko\u0142ami skr\u0119tnymi i blokad\u0105 obrotu w tylnych ko\u0142ach. Balkonik polskiego producenta - firmy INNOW. Zobacz!","robots":{"index":"index","follow":"follow","max-snippet":"max-snippet:-1","max-image-preview":"max-image-preview:large","max-video-preview":"max-video-preview:-1"},"canonical":"https:\/\/innow.pl\/produkt\/t621-balkonik-4-kolowy-krotki\/","og_locale":"fr_FR","og_type":"article","og_title":"T621 - Balkonik 4-ko\u0142owy (kr\u00f3tki) - INNOW","og_description":"Praktyczny balkonik 4-ko\u0142owy (kr\u00f3tki) z ko\u0142ami skr\u0119tnymi i blokad\u0105 obrotu w tylnych ko\u0142ach. Balkonik polskiego producenta - firmy INNOW. Zobacz!","og_url":"https:\/\/innow.pl\/produkt\/t621-balkonik-4-kolowy-krotki\/","og_site_name":"INNOW","article_modified_time":"2026-04-10T12:53:32+00:00","og_image":[{"width":600,"height":600,"url":"https:\/\/innow.pl\/wp-content\/uploads\/2017\/06\/T621_2026.jpg","type":"image\/jpeg"}],"twitter_card":"summary_large_image","twitter_misc":{"Dur\u00e9e de lecture estim\u00e9e":"1 minute"},"schema":{"@context":"https:\/\/schema.org","@graph":[{"@type":"WebPage","@id":"https:\/\/innow.pl\/produkt\/t621-balkonik-4-kolowy-krotki\/","url":"https:\/\/innow.pl\/produkt\/t621-balkonik-4-kolowy-krotki\/","name":"T621 - Balkonik 4-ko\u0142owy (kr\u00f3tki) - INNOW","isPartOf":{"@id":"https:\/\/innow.pl\/#website"},"primaryImageOfPage":{"@id":"https:\/\/innow.pl\/produkt\/t621-balkonik-4-kolowy-krotki\/#primaryimage"},"image":{"@id":"https:\/\/innow.pl\/produkt\/t621-balkonik-4-kolowy-krotki\/#primaryimage"},"thumbnailUrl":"https:\/\/innow.pl\/wp-content\/uploads\/2017\/06\/T621_2026.jpg","datePublished":"2017-06-27T05:43:19+00:00","dateModified":"2026-04-10T12:53:32+00:00","description":"Praktyczny balkonik 4-ko\u0142owy (kr\u00f3tki) z ko\u0142ami skr\u0119tnymi i blokad\u0105 obrotu w tylnych ko\u0142ach. Balkonik polskiego producenta - firmy INNOW. Zobacz!","breadcrumb":{"@id":"https:\/\/innow.pl\/produkt\/t621-balkonik-4-kolowy-krotki\/#breadcrumb"},"inLanguage":"fr-FR","potentialAction":[{"@type":"ReadAction","target":["https:\/\/innow.pl\/produkt\/t621-balkonik-4-kolowy-krotki\/"]}]},{"@type":"ImageObject","inLanguage":"fr-FR","@id":"https:\/\/innow.pl\/produkt\/t621-balkonik-4-kolowy-krotki\/#primaryimage","url":"https:\/\/innow.pl\/wp-content\/uploads\/2017\/06\/T621_2026.jpg","contentUrl":"https:\/\/innow.pl\/wp-content\/uploads\/2017\/06\/T621_2026.jpg","width":600,"height":600},{"@type":"BreadcrumbList","@id":"https:\/\/innow.pl\/produkt\/t621-balkonik-4-kolowy-krotki\/#breadcrumb","itemListElement":[{"@type":"ListItem","position":1,"name":"INNOW","item":"https:\/\/innow.pl\/fr\/"},{"@type":"ListItem","position":2,"name":"Produkty","item":"https:\/\/innow.pl\/produkty\/"},{"@type":"ListItem","position":3,"name":"Piel\u0119gnacja i rehabilitacja","item":"https:\/\/innow.pl\/produkty\/pielegnacja-i-rehabilitacja\/"},{"@type":"ListItem","position":4,"name":"Balkoniki, kule, laski","item":"https:\/\/innow.pl\/produkty\/pielegnacja-i-rehabilitacja\/balkoniki-kule-laski\/"},{"@type":"ListItem","position":5,"name":"Balkoniki","item":"https:\/\/innow.pl\/produkty\/pielegnacja-i-rehabilitacja\/balkoniki-kule-laski\/balkoniki\/"},{"@type":"ListItem","position":6,"name":"Balkoniki podstawowe","item":"https:\/\/innow.pl\/produkty\/pielegnacja-i-rehabilitacja\/balkoniki-kule-laski\/balkoniki\/balkoniki-podstawowe\/"},{"@type":"ListItem","position":7,"name":"T621 &#8211; Balkonik 4-ko\u0142owy (kr\u00f3tki)"}]},{"@type":"WebSite","@id":"https:\/\/innow.pl\/#website","url":"https:\/\/innow.pl\/","name":"INNOW","description":"","potentialAction":[{"@type":"SearchAction","target":{"@type":"EntryPoint","urlTemplate":"https:\/\/innow.pl\/?s={search_term_string}"},"query-input":{"@type":"PropertyValueSpecification","valueRequired":true,"valueName":"search_term_string"}}],"inLanguage":"fr-FR"}]}},"_links":{"self":[{"href":"https:\/\/innow.pl\/fr\/wp-json\/wp\/v2\/product\/25517","targetHints":{"allow":["GET"]}}],"collection":[{"href":"https:\/\/innow.pl\/fr\/wp-json\/wp\/v2\/product"}],"about":[{"href":"https:\/\/innow.pl\/fr\/wp-json\/wp\/v2\/types\/product"}],"replies":[{"embeddable":true,"href":"https:\/\/innow.pl\/fr\/wp-json\/wp\/v2\/comments?post=25517"}],"wp:featuredmedia":[{"embeddable":true,"href":"https:\/\/innow.pl\/fr\/wp-json\/wp\/v2\/media\/77238"}],"wp:attachment":[{"href":"https:\/\/innow.pl\/fr\/wp-json\/wp\/v2\/media?parent=25517"}],"wp:term":[{"taxonomy":"product_brand","embeddable":true,"href":"https:\/\/innow.pl\/fr\/wp-json\/wp\/v2\/product_brand?post=25517"},{"taxonomy":"product_cat","embeddable":true,"href":"https:\/\/innow.pl\/fr\/wp-json\/wp\/v2\/product_cat?post=25517"},{"taxonomy":"product_tag","embeddable":true,"href":"https:\/\/innow.pl\/fr\/wp-json\/wp\/v2\/product_tag?post=25517"}],"curies":[{"name":"wp","href":"https:\/\/api.w.org\/{rel}","templated":true}]}}