{"id":25341,"date":"2017-06-23T07:25:19","date_gmt":"2017-06-23T05:25:19","guid":{"rendered":"https:\/\/innow.pl\/produkt\/pgwm-poduszka-do-wozka-inwalidzkiego-gofer-mala\/"},"modified":"2025-03-04T14:52:44","modified_gmt":"2025-03-04T13:52:44","slug":"pgwm-poduszka-do-wozka-inwalidzkiego-gofer-mala","status":"publish","type":"product","link":"https:\/\/innow.pl\/fr\/produkt\/pgwm-poduszka-do-wozka-inwalidzkiego-gofer-mala\/","title":{"rendered":"PGWM &#8211; Poduszka do w\u00f3zka inwalidzkiego \u00ab\u00a0Gofer\u00a0\u00bb ma\u0142a"},"content":{"rendered":"<p>Poduszka, kt\u00f3ra jest stosowana w celu zapobiegania powstawaniu odle\u017cyn u pacjent\u00f3w korzystaj\u0105cych z w\u00f3zk\u00f3w inwalidzkich.<\/p>\n","protected":false},"excerpt":{"rendered":"<p>Poduszka, kt\u00f3ra jest stosowana w celu zapobiegania powstawaniu odle\u017cyn u pacjent\u00f3w korzystaj\u0105cych z w\u00f3zk\u00f3w inwalidzkich.<\/p>\n","protected":false},"featured_media":25343,"comment_status":"open","ping_status":"closed","template":"","meta":{"_acf_changed":false},"product_brand":[],"product_cat":[509,438,508,481],"product_tag":[],"class_list":{"0":"post-25341","1":"product","2":"type-product","3":"status-publish","4":"has-post-thumbnail","6":"product_cat-artykuly-przeciwodlezynowe","7":"product_cat-pielegnacja-i-rehabilitacja","8":"product_cat-wyposazenie-pomocnicze","9":"product_cat-lozka-rehabilitacyjne","10":"pa_dlugosc-39-cm","11":"pa_szerokosc-39-cm","12":"pa_wysokosc-8-cm","14":"first","15":"instock","16":"taxable","17":"shipping-taxable","18":"purchasable","19":"product-type-simple"},"acf":[],"yoast_head":"<!-- This site is optimized with the Yoast SEO plugin v27.4 - https:\/\/yoast.com\/product\/yoast-seo-wordpress\/ -->\n<title>PGWM - Poduszka do w\u00f3zka inwalidzkiego &quot;Gofer&quot; ma\u0142a - INNOW<\/title>\n<meta name=\"description\" content=\"Komfortowa poduszka do w\u00f3zka inwalidzkiego (wariant: ma\u0142a), pozwalaj\u0105ca na skuteczne zapobieganie powstawaniu odle\u017cyn! Dowiedz si\u0119 wi\u0119cej!\" \/>\n<meta name=\"robots\" content=\"index, follow, max-snippet:-1, max-image-preview:large, max-video-preview:-1\" \/>\n<link rel=\"canonical\" href=\"https:\/\/innow.pl\/produkt\/pgwm-poduszka-do-wozka-inwalidzkiego-gofer-mala\/\" \/>\n<meta property=\"og:locale\" content=\"fr_FR\" \/>\n<meta property=\"og:type\" content=\"article\" \/>\n<meta property=\"og:title\" content=\"PGWM - Poduszka do w\u00f3zka inwalidzkiego &quot;Gofer&quot; ma\u0142a - INNOW\" \/>\n<meta property=\"og:description\" content=\"Komfortowa poduszka do w\u00f3zka inwalidzkiego (wariant: ma\u0142a), pozwalaj\u0105ca na skuteczne zapobieganie powstawaniu odle\u017cyn! Dowiedz si\u0119 wi\u0119cej!\" \/>\n<meta property=\"og:url\" content=\"https:\/\/innow.pl\/produkt\/pgwm-poduszka-do-wozka-inwalidzkiego-gofer-mala\/\" \/>\n<meta property=\"og:site_name\" content=\"INNOW\" \/>\n<meta property=\"article:modified_time\" content=\"2025-03-04T13:52:44+00:00\" \/>\n<meta property=\"og:image\" content=\"https:\/\/innow.pl\/wp-content\/uploads\/2024\/11\/PGWM_1.jpg\" \/>\n\t<meta property=\"og:image:width\" content=\"480\" \/>\n\t<meta property=\"og:image:height\" content=\"480\" \/>\n\t<meta property=\"og:image:type\" content=\"image\/jpeg\" \/>\n<meta name=\"twitter:card\" content=\"summary_large_image\" \/>\n<meta name=\"twitter:label1\" content=\"Dur\u00e9e de lecture estim\u00e9e\" \/>\n\t<meta name=\"twitter:data1\" content=\"1 minute\" \/>\n<script type=\"application\/ld+json\" class=\"yoast-schema-graph\">{\"@context\":\"https:\\\/\\\/schema.org\",\"@graph\":[{\"@type\":\"WebPage\",\"@id\":\"https:\\\/\\\/innow.pl\\\/produkt\\\/pgwm-poduszka-do-wozka-inwalidzkiego-gofer-mala\\\/\",\"url\":\"https:\\\/\\\/innow.pl\\\/produkt\\\/pgwm-poduszka-do-wozka-inwalidzkiego-gofer-mala\\\/\",\"name\":\"PGWM - Poduszka do w\u00f3zka inwalidzkiego \\\"Gofer\\\" ma\u0142a - INNOW\",\"isPartOf\":{\"@id\":\"https:\\\/\\\/innow.pl\\\/#website\"},\"primaryImageOfPage\":{\"@id\":\"https:\\\/\\\/innow.pl\\\/produkt\\\/pgwm-poduszka-do-wozka-inwalidzkiego-gofer-mala\\\/#primaryimage\"},\"image\":{\"@id\":\"https:\\\/\\\/innow.pl\\\/produkt\\\/pgwm-poduszka-do-wozka-inwalidzkiego-gofer-mala\\\/#primaryimage\"},\"thumbnailUrl\":\"https:\\\/\\\/innow.pl\\\/wp-content\\\/uploads\\\/2024\\\/11\\\/PGWM_1.jpg\",\"datePublished\":\"2017-06-23T05:25:19+00:00\",\"dateModified\":\"2025-03-04T13:52:44+00:00\",\"description\":\"Komfortowa poduszka do w\u00f3zka inwalidzkiego (wariant: ma\u0142a), pozwalaj\u0105ca na skuteczne zapobieganie powstawaniu odle\u017cyn! Dowiedz si\u0119 wi\u0119cej!\",\"breadcrumb\":{\"@id\":\"https:\\\/\\\/innow.pl\\\/produkt\\\/pgwm-poduszka-do-wozka-inwalidzkiego-gofer-mala\\\/#breadcrumb\"},\"inLanguage\":\"fr-FR\",\"potentialAction\":[{\"@type\":\"ReadAction\",\"target\":[\"https:\\\/\\\/innow.pl\\\/produkt\\\/pgwm-poduszka-do-wozka-inwalidzkiego-gofer-mala\\\/\"]}]},{\"@type\":\"ImageObject\",\"inLanguage\":\"fr-FR\",\"@id\":\"https:\\\/\\\/innow.pl\\\/produkt\\\/pgwm-poduszka-do-wozka-inwalidzkiego-gofer-mala\\\/#primaryimage\",\"url\":\"https:\\\/\\\/innow.pl\\\/wp-content\\\/uploads\\\/2024\\\/11\\\/PGWM_1.jpg\",\"contentUrl\":\"https:\\\/\\\/innow.pl\\\/wp-content\\\/uploads\\\/2024\\\/11\\\/PGWM_1.jpg\",\"width\":480,\"height\":480,\"caption\":\"Poduszka do w\u00f3zka inwalidzkiego \\\"Gofer\\\" du\u017ca \u2013 PGWD \u2013 INNOW\"},{\"@type\":\"BreadcrumbList\",\"@id\":\"https:\\\/\\\/innow.pl\\\/produkt\\\/pgwm-poduszka-do-wozka-inwalidzkiego-gofer-mala\\\/#breadcrumb\",\"itemListElement\":[{\"@type\":\"ListItem\",\"position\":1,\"name\":\"INNOW\",\"item\":\"https:\\\/\\\/innow.pl\\\/fr\\\/\"},{\"@type\":\"ListItem\",\"position\":2,\"name\":\"Produkty\",\"item\":\"https:\\\/\\\/innow.pl\\\/produkty\\\/\"},{\"@type\":\"ListItem\",\"position\":3,\"name\":\"Piel\u0119gnacja i rehabilitacja\",\"item\":\"https:\\\/\\\/innow.pl\\\/produkty\\\/pielegnacja-i-rehabilitacja\\\/\"},{\"@type\":\"ListItem\",\"position\":4,\"name\":\"\u0141\u00f3\u017cka rehabilitacyjne\",\"item\":\"https:\\\/\\\/innow.pl\\\/produkty\\\/pielegnacja-i-rehabilitacja\\\/lozka-rehabilitacyjne\\\/\"},{\"@type\":\"ListItem\",\"position\":5,\"name\":\"Wyposa\u017cenie pomocnicze\",\"item\":\"https:\\\/\\\/innow.pl\\\/produkty\\\/pielegnacja-i-rehabilitacja\\\/lozka-rehabilitacyjne\\\/wyposazenie-pomocnicze\\\/\"},{\"@type\":\"ListItem\",\"position\":6,\"name\":\"Artyku\u0142y przeciwodle\u017cynowe\",\"item\":\"https:\\\/\\\/innow.pl\\\/produkty\\\/pielegnacja-i-rehabilitacja\\\/lozka-rehabilitacyjne\\\/wyposazenie-pomocnicze\\\/artykuly-przeciwodlezynowe\\\/\"},{\"@type\":\"ListItem\",\"position\":7,\"name\":\"PGWM &#8211; Poduszka do w\u00f3zka inwalidzkiego &#8222;Gofer&#8221; ma\u0142a\"}]},{\"@type\":\"WebSite\",\"@id\":\"https:\\\/\\\/innow.pl\\\/#website\",\"url\":\"https:\\\/\\\/innow.pl\\\/\",\"name\":\"INNOW\",\"description\":\"\",\"potentialAction\":[{\"@type\":\"SearchAction\",\"target\":{\"@type\":\"EntryPoint\",\"urlTemplate\":\"https:\\\/\\\/innow.pl\\\/?s={search_term_string}\"},\"query-input\":{\"@type\":\"PropertyValueSpecification\",\"valueRequired\":true,\"valueName\":\"search_term_string\"}}],\"inLanguage\":\"fr-FR\"}]}<\/script>\n<!-- \/ Yoast SEO plugin. -->","yoast_head_json":{"title":"PGWM - Poduszka do w\u00f3zka inwalidzkiego \"Gofer\" ma\u0142a - INNOW","description":"Komfortowa poduszka do w\u00f3zka inwalidzkiego (wariant: ma\u0142a), pozwalaj\u0105ca na skuteczne zapobieganie powstawaniu odle\u017cyn! Dowiedz si\u0119 wi\u0119cej!","robots":{"index":"index","follow":"follow","max-snippet":"max-snippet:-1","max-image-preview":"max-image-preview:large","max-video-preview":"max-video-preview:-1"},"canonical":"https:\/\/innow.pl\/produkt\/pgwm-poduszka-do-wozka-inwalidzkiego-gofer-mala\/","og_locale":"fr_FR","og_type":"article","og_title":"PGWM - Poduszka do w\u00f3zka inwalidzkiego \"Gofer\" ma\u0142a - INNOW","og_description":"Komfortowa poduszka do w\u00f3zka inwalidzkiego (wariant: ma\u0142a), pozwalaj\u0105ca na skuteczne zapobieganie powstawaniu odle\u017cyn! Dowiedz si\u0119 wi\u0119cej!","og_url":"https:\/\/innow.pl\/produkt\/pgwm-poduszka-do-wozka-inwalidzkiego-gofer-mala\/","og_site_name":"INNOW","article_modified_time":"2025-03-04T13:52:44+00:00","og_image":[{"width":480,"height":480,"url":"https:\/\/innow.pl\/wp-content\/uploads\/2024\/11\/PGWM_1.jpg","type":"image\/jpeg"}],"twitter_card":"summary_large_image","twitter_misc":{"Dur\u00e9e de lecture estim\u00e9e":"1 minute"},"schema":{"@context":"https:\/\/schema.org","@graph":[{"@type":"WebPage","@id":"https:\/\/innow.pl\/produkt\/pgwm-poduszka-do-wozka-inwalidzkiego-gofer-mala\/","url":"https:\/\/innow.pl\/produkt\/pgwm-poduszka-do-wozka-inwalidzkiego-gofer-mala\/","name":"PGWM - Poduszka do w\u00f3zka inwalidzkiego \"Gofer\" ma\u0142a - INNOW","isPartOf":{"@id":"https:\/\/innow.pl\/#website"},"primaryImageOfPage":{"@id":"https:\/\/innow.pl\/produkt\/pgwm-poduszka-do-wozka-inwalidzkiego-gofer-mala\/#primaryimage"},"image":{"@id":"https:\/\/innow.pl\/produkt\/pgwm-poduszka-do-wozka-inwalidzkiego-gofer-mala\/#primaryimage"},"thumbnailUrl":"https:\/\/innow.pl\/wp-content\/uploads\/2024\/11\/PGWM_1.jpg","datePublished":"2017-06-23T05:25:19+00:00","dateModified":"2025-03-04T13:52:44+00:00","description":"Komfortowa poduszka do w\u00f3zka inwalidzkiego (wariant: ma\u0142a), pozwalaj\u0105ca na skuteczne zapobieganie powstawaniu odle\u017cyn! Dowiedz si\u0119 wi\u0119cej!","breadcrumb":{"@id":"https:\/\/innow.pl\/produkt\/pgwm-poduszka-do-wozka-inwalidzkiego-gofer-mala\/#breadcrumb"},"inLanguage":"fr-FR","potentialAction":[{"@type":"ReadAction","target":["https:\/\/innow.pl\/produkt\/pgwm-poduszka-do-wozka-inwalidzkiego-gofer-mala\/"]}]},{"@type":"ImageObject","inLanguage":"fr-FR","@id":"https:\/\/innow.pl\/produkt\/pgwm-poduszka-do-wozka-inwalidzkiego-gofer-mala\/#primaryimage","url":"https:\/\/innow.pl\/wp-content\/uploads\/2024\/11\/PGWM_1.jpg","contentUrl":"https:\/\/innow.pl\/wp-content\/uploads\/2024\/11\/PGWM_1.jpg","width":480,"height":480,"caption":"Poduszka do w\u00f3zka inwalidzkiego \"Gofer\" du\u017ca \u2013 PGWD \u2013 INNOW"},{"@type":"BreadcrumbList","@id":"https:\/\/innow.pl\/produkt\/pgwm-poduszka-do-wozka-inwalidzkiego-gofer-mala\/#breadcrumb","itemListElement":[{"@type":"ListItem","position":1,"name":"INNOW","item":"https:\/\/innow.pl\/fr\/"},{"@type":"ListItem","position":2,"name":"Produkty","item":"https:\/\/innow.pl\/produkty\/"},{"@type":"ListItem","position":3,"name":"Piel\u0119gnacja i rehabilitacja","item":"https:\/\/innow.pl\/produkty\/pielegnacja-i-rehabilitacja\/"},{"@type":"ListItem","position":4,"name":"\u0141\u00f3\u017cka rehabilitacyjne","item":"https:\/\/innow.pl\/produkty\/pielegnacja-i-rehabilitacja\/lozka-rehabilitacyjne\/"},{"@type":"ListItem","position":5,"name":"Wyposa\u017cenie pomocnicze","item":"https:\/\/innow.pl\/produkty\/pielegnacja-i-rehabilitacja\/lozka-rehabilitacyjne\/wyposazenie-pomocnicze\/"},{"@type":"ListItem","position":6,"name":"Artyku\u0142y przeciwodle\u017cynowe","item":"https:\/\/innow.pl\/produkty\/pielegnacja-i-rehabilitacja\/lozka-rehabilitacyjne\/wyposazenie-pomocnicze\/artykuly-przeciwodlezynowe\/"},{"@type":"ListItem","position":7,"name":"PGWM &#8211; Poduszka do w\u00f3zka inwalidzkiego &#8222;Gofer&#8221; ma\u0142a"}]},{"@type":"WebSite","@id":"https:\/\/innow.pl\/#website","url":"https:\/\/innow.pl\/","name":"INNOW","description":"","potentialAction":[{"@type":"SearchAction","target":{"@type":"EntryPoint","urlTemplate":"https:\/\/innow.pl\/?s={search_term_string}"},"query-input":{"@type":"PropertyValueSpecification","valueRequired":true,"valueName":"search_term_string"}}],"inLanguage":"fr-FR"}]}},"_links":{"self":[{"href":"https:\/\/innow.pl\/fr\/wp-json\/wp\/v2\/product\/25341","targetHints":{"allow":["GET"]}}],"collection":[{"href":"https:\/\/innow.pl\/fr\/wp-json\/wp\/v2\/product"}],"about":[{"href":"https:\/\/innow.pl\/fr\/wp-json\/wp\/v2\/types\/product"}],"replies":[{"embeddable":true,"href":"https:\/\/innow.pl\/fr\/wp-json\/wp\/v2\/comments?post=25341"}],"wp:featuredmedia":[{"embeddable":true,"href":"https:\/\/innow.pl\/fr\/wp-json\/wp\/v2\/media\/25343"}],"wp:attachment":[{"href":"https:\/\/innow.pl\/fr\/wp-json\/wp\/v2\/media?parent=25341"}],"wp:term":[{"taxonomy":"product_brand","embeddable":true,"href":"https:\/\/innow.pl\/fr\/wp-json\/wp\/v2\/product_brand?post=25341"},{"taxonomy":"product_cat","embeddable":true,"href":"https:\/\/innow.pl\/fr\/wp-json\/wp\/v2\/product_cat?post=25341"},{"taxonomy":"product_tag","embeddable":true,"href":"https:\/\/innow.pl\/fr\/wp-json\/wp\/v2\/product_tag?post=25341"}],"curies":[{"name":"wp","href":"https:\/\/api.w.org\/{rel}","templated":true}]}}