{"id":25324,"date":"2017-06-23T06:53:58","date_gmt":"2017-06-23T04:53:58","guid":{"rendered":"https:\/\/innow.pl\/produkt\/p731-poduszka-przeciwodlezynowa-pietowa-23x23-cm-z-otworem-wypelniona-granulatem\/"},"modified":"2025-03-04T14:58:18","modified_gmt":"2025-03-04T13:58:18","slug":"p731-poduszka-przeciwodlezynowa-pietowa-23x23-cm-z-otworem-wypelniona-granulatem","status":"publish","type":"product","link":"https:\/\/innow.pl\/fr\/produkt\/p731-poduszka-przeciwodlezynowa-pietowa-23x23-cm-z-otworem-wypelniona-granulatem\/","title":{"rendered":"P731 &#8211; Poduszka przeciwodle\u017cynowa pi\u0119towa 23&#215;23 cm z otworem, wype\u0142niona granulatem"},"content":{"rendered":"<p align=\"left\">Poduszka przeciwodle\u017cynowa posiadaj\u0105ca specjalny otw\u00f3r na pi\u0119ty. Wyr\u00f3b wype\u0142niony jest granulatem. Ze specjalnym otworem na pi\u0119ty.<\/p>\n<p align=\"left\">\u00a0<\/p>\n","protected":false},"excerpt":{"rendered":"<p>Poduszka przeciwodle\u017cynowa posiadaj\u0105ca specjalny otw\u00f3r na pi\u0119ty. Wyr\u00f3b wype\u0142niony jest granulatem. Ze specjalnym otworem na pi\u0119ty. \u00a0<\/p>\n","protected":false},"featured_media":25326,"comment_status":"open","ping_status":"closed","template":"","meta":{"_acf_changed":false},"product_brand":[],"product_cat":[509,438,508,481],"product_tag":[],"class_list":{"0":"post-25324","1":"product","2":"type-product","3":"status-publish","4":"has-post-thumbnail","6":"product_cat-artykuly-przeciwodlezynowe","7":"product_cat-pielegnacja-i-rehabilitacja","8":"product_cat-wyposazenie-pomocnicze","9":"product_cat-lozka-rehabilitacyjne","10":"pa_dlugosc-23-cm","11":"pa_szerokosc-23-cm","13":"first","14":"instock","15":"taxable","16":"shipping-taxable","17":"purchasable","18":"product-type-simple"},"acf":[],"yoast_head":"<!-- This site is optimized with the Yoast SEO plugin v27.4 - https:\/\/yoast.com\/product\/yoast-seo-wordpress\/ -->\n<title>P731 - Poduszka przeciwodle\u017cynowa pi\u0119towa 23x23 cm z otworem, wype\u0142niona granulatem - INNOW<\/title>\n<meta name=\"description\" content=\"Komfortowa poduszka przeciwodle\u017cynowa pi\u0119towa 23x23 cm z otworem, wype\u0142niona granulatem. Kliknij by uzyska\u0107 wi\u0119cej informacji!\" \/>\n<meta name=\"robots\" content=\"index, follow, max-snippet:-1, max-image-preview:large, max-video-preview:-1\" \/>\n<link rel=\"canonical\" href=\"https:\/\/innow.pl\/produkt\/p731-poduszka-przeciwodlezynowa-pietowa-23x23-cm-z-otworem-wypelniona-granulatem\/\" \/>\n<meta property=\"og:locale\" content=\"fr_FR\" \/>\n<meta property=\"og:type\" content=\"article\" \/>\n<meta property=\"og:title\" content=\"P731 - Poduszka przeciwodle\u017cynowa pi\u0119towa 23x23 cm z otworem, wype\u0142niona granulatem - INNOW\" \/>\n<meta property=\"og:description\" content=\"Komfortowa poduszka przeciwodle\u017cynowa pi\u0119towa 23x23 cm z otworem, wype\u0142niona granulatem. Kliknij by uzyska\u0107 wi\u0119cej informacji!\" \/>\n<meta property=\"og:url\" content=\"https:\/\/innow.pl\/produkt\/p731-poduszka-przeciwodlezynowa-pietowa-23x23-cm-z-otworem-wypelniona-granulatem\/\" \/>\n<meta property=\"og:site_name\" content=\"INNOW\" \/>\n<meta property=\"article:modified_time\" content=\"2025-03-04T13:58:18+00:00\" \/>\n<meta property=\"og:image\" content=\"https:\/\/innow.pl\/wp-content\/uploads\/2024\/11\/P731_1.jpg\" \/>\n\t<meta property=\"og:image:width\" content=\"450\" \/>\n\t<meta property=\"og:image:height\" content=\"450\" \/>\n\t<meta property=\"og:image:type\" content=\"image\/jpeg\" \/>\n<meta name=\"twitter:card\" content=\"summary_large_image\" \/>\n<meta name=\"twitter:label1\" content=\"Dur\u00e9e de lecture estim\u00e9e\" \/>\n\t<meta name=\"twitter:data1\" content=\"1 minute\" \/>\n<script type=\"application\/ld+json\" class=\"yoast-schema-graph\">{\"@context\":\"https:\\\/\\\/schema.org\",\"@graph\":[{\"@type\":\"WebPage\",\"@id\":\"https:\\\/\\\/innow.pl\\\/produkt\\\/p731-poduszka-przeciwodlezynowa-pietowa-23x23-cm-z-otworem-wypelniona-granulatem\\\/\",\"url\":\"https:\\\/\\\/innow.pl\\\/produkt\\\/p731-poduszka-przeciwodlezynowa-pietowa-23x23-cm-z-otworem-wypelniona-granulatem\\\/\",\"name\":\"P731 - Poduszka przeciwodle\u017cynowa pi\u0119towa 23x23 cm z otworem, wype\u0142niona granulatem - INNOW\",\"isPartOf\":{\"@id\":\"https:\\\/\\\/innow.pl\\\/#website\"},\"primaryImageOfPage\":{\"@id\":\"https:\\\/\\\/innow.pl\\\/produkt\\\/p731-poduszka-przeciwodlezynowa-pietowa-23x23-cm-z-otworem-wypelniona-granulatem\\\/#primaryimage\"},\"image\":{\"@id\":\"https:\\\/\\\/innow.pl\\\/produkt\\\/p731-poduszka-przeciwodlezynowa-pietowa-23x23-cm-z-otworem-wypelniona-granulatem\\\/#primaryimage\"},\"thumbnailUrl\":\"https:\\\/\\\/innow.pl\\\/wp-content\\\/uploads\\\/2024\\\/11\\\/P731_1.jpg\",\"datePublished\":\"2017-06-23T04:53:58+00:00\",\"dateModified\":\"2025-03-04T13:58:18+00:00\",\"description\":\"Komfortowa poduszka przeciwodle\u017cynowa pi\u0119towa 23x23 cm z otworem, wype\u0142niona granulatem. Kliknij by uzyska\u0107 wi\u0119cej informacji!\",\"breadcrumb\":{\"@id\":\"https:\\\/\\\/innow.pl\\\/produkt\\\/p731-poduszka-przeciwodlezynowa-pietowa-23x23-cm-z-otworem-wypelniona-granulatem\\\/#breadcrumb\"},\"inLanguage\":\"fr-FR\",\"potentialAction\":[{\"@type\":\"ReadAction\",\"target\":[\"https:\\\/\\\/innow.pl\\\/produkt\\\/p731-poduszka-przeciwodlezynowa-pietowa-23x23-cm-z-otworem-wypelniona-granulatem\\\/\"]}]},{\"@type\":\"ImageObject\",\"inLanguage\":\"fr-FR\",\"@id\":\"https:\\\/\\\/innow.pl\\\/produkt\\\/p731-poduszka-przeciwodlezynowa-pietowa-23x23-cm-z-otworem-wypelniona-granulatem\\\/#primaryimage\",\"url\":\"https:\\\/\\\/innow.pl\\\/wp-content\\\/uploads\\\/2024\\\/11\\\/P731_1.jpg\",\"contentUrl\":\"https:\\\/\\\/innow.pl\\\/wp-content\\\/uploads\\\/2024\\\/11\\\/P731_1.jpg\",\"width\":450,\"height\":450,\"caption\":\"Poduszka przeciwodle\u017cynowa pi\u0119towa 23x23 cm z otworem, wype\u0142niona granulatem \u2013 P731 \u2013 INNOW\"},{\"@type\":\"BreadcrumbList\",\"@id\":\"https:\\\/\\\/innow.pl\\\/produkt\\\/p731-poduszka-przeciwodlezynowa-pietowa-23x23-cm-z-otworem-wypelniona-granulatem\\\/#breadcrumb\",\"itemListElement\":[{\"@type\":\"ListItem\",\"position\":1,\"name\":\"INNOW\",\"item\":\"https:\\\/\\\/innow.pl\\\/fr\\\/\"},{\"@type\":\"ListItem\",\"position\":2,\"name\":\"Produkty\",\"item\":\"https:\\\/\\\/innow.pl\\\/produkty\\\/\"},{\"@type\":\"ListItem\",\"position\":3,\"name\":\"Piel\u0119gnacja i rehabilitacja\",\"item\":\"https:\\\/\\\/innow.pl\\\/produkty\\\/pielegnacja-i-rehabilitacja\\\/\"},{\"@type\":\"ListItem\",\"position\":4,\"name\":\"\u0141\u00f3\u017cka rehabilitacyjne\",\"item\":\"https:\\\/\\\/innow.pl\\\/produkty\\\/pielegnacja-i-rehabilitacja\\\/lozka-rehabilitacyjne\\\/\"},{\"@type\":\"ListItem\",\"position\":5,\"name\":\"Wyposa\u017cenie pomocnicze\",\"item\":\"https:\\\/\\\/innow.pl\\\/produkty\\\/pielegnacja-i-rehabilitacja\\\/lozka-rehabilitacyjne\\\/wyposazenie-pomocnicze\\\/\"},{\"@type\":\"ListItem\",\"position\":6,\"name\":\"Artyku\u0142y przeciwodle\u017cynowe\",\"item\":\"https:\\\/\\\/innow.pl\\\/produkty\\\/pielegnacja-i-rehabilitacja\\\/lozka-rehabilitacyjne\\\/wyposazenie-pomocnicze\\\/artykuly-przeciwodlezynowe\\\/\"},{\"@type\":\"ListItem\",\"position\":7,\"name\":\"P731 &#8211; Poduszka przeciwodle\u017cynowa pi\u0119towa 23&#215;23 cm z otworem, wype\u0142niona granulatem\"}]},{\"@type\":\"WebSite\",\"@id\":\"https:\\\/\\\/innow.pl\\\/#website\",\"url\":\"https:\\\/\\\/innow.pl\\\/\",\"name\":\"INNOW\",\"description\":\"\",\"potentialAction\":[{\"@type\":\"SearchAction\",\"target\":{\"@type\":\"EntryPoint\",\"urlTemplate\":\"https:\\\/\\\/innow.pl\\\/?s={search_term_string}\"},\"query-input\":{\"@type\":\"PropertyValueSpecification\",\"valueRequired\":true,\"valueName\":\"search_term_string\"}}],\"inLanguage\":\"fr-FR\"}]}<\/script>\n<!-- \/ Yoast SEO plugin. -->","yoast_head_json":{"title":"P731 - Poduszka przeciwodle\u017cynowa pi\u0119towa 23x23 cm z otworem, wype\u0142niona granulatem - INNOW","description":"Komfortowa poduszka przeciwodle\u017cynowa pi\u0119towa 23x23 cm z otworem, wype\u0142niona granulatem. Kliknij by uzyska\u0107 wi\u0119cej informacji!","robots":{"index":"index","follow":"follow","max-snippet":"max-snippet:-1","max-image-preview":"max-image-preview:large","max-video-preview":"max-video-preview:-1"},"canonical":"https:\/\/innow.pl\/produkt\/p731-poduszka-przeciwodlezynowa-pietowa-23x23-cm-z-otworem-wypelniona-granulatem\/","og_locale":"fr_FR","og_type":"article","og_title":"P731 - Poduszka przeciwodle\u017cynowa pi\u0119towa 23x23 cm z otworem, wype\u0142niona granulatem - INNOW","og_description":"Komfortowa poduszka przeciwodle\u017cynowa pi\u0119towa 23x23 cm z otworem, wype\u0142niona granulatem. Kliknij by uzyska\u0107 wi\u0119cej informacji!","og_url":"https:\/\/innow.pl\/produkt\/p731-poduszka-przeciwodlezynowa-pietowa-23x23-cm-z-otworem-wypelniona-granulatem\/","og_site_name":"INNOW","article_modified_time":"2025-03-04T13:58:18+00:00","og_image":[{"width":450,"height":450,"url":"https:\/\/innow.pl\/wp-content\/uploads\/2024\/11\/P731_1.jpg","type":"image\/jpeg"}],"twitter_card":"summary_large_image","twitter_misc":{"Dur\u00e9e de lecture estim\u00e9e":"1 minute"},"schema":{"@context":"https:\/\/schema.org","@graph":[{"@type":"WebPage","@id":"https:\/\/innow.pl\/produkt\/p731-poduszka-przeciwodlezynowa-pietowa-23x23-cm-z-otworem-wypelniona-granulatem\/","url":"https:\/\/innow.pl\/produkt\/p731-poduszka-przeciwodlezynowa-pietowa-23x23-cm-z-otworem-wypelniona-granulatem\/","name":"P731 - Poduszka przeciwodle\u017cynowa pi\u0119towa 23x23 cm z otworem, wype\u0142niona granulatem - INNOW","isPartOf":{"@id":"https:\/\/innow.pl\/#website"},"primaryImageOfPage":{"@id":"https:\/\/innow.pl\/produkt\/p731-poduszka-przeciwodlezynowa-pietowa-23x23-cm-z-otworem-wypelniona-granulatem\/#primaryimage"},"image":{"@id":"https:\/\/innow.pl\/produkt\/p731-poduszka-przeciwodlezynowa-pietowa-23x23-cm-z-otworem-wypelniona-granulatem\/#primaryimage"},"thumbnailUrl":"https:\/\/innow.pl\/wp-content\/uploads\/2024\/11\/P731_1.jpg","datePublished":"2017-06-23T04:53:58+00:00","dateModified":"2025-03-04T13:58:18+00:00","description":"Komfortowa poduszka przeciwodle\u017cynowa pi\u0119towa 23x23 cm z otworem, wype\u0142niona granulatem. Kliknij by uzyska\u0107 wi\u0119cej informacji!","breadcrumb":{"@id":"https:\/\/innow.pl\/produkt\/p731-poduszka-przeciwodlezynowa-pietowa-23x23-cm-z-otworem-wypelniona-granulatem\/#breadcrumb"},"inLanguage":"fr-FR","potentialAction":[{"@type":"ReadAction","target":["https:\/\/innow.pl\/produkt\/p731-poduszka-przeciwodlezynowa-pietowa-23x23-cm-z-otworem-wypelniona-granulatem\/"]}]},{"@type":"ImageObject","inLanguage":"fr-FR","@id":"https:\/\/innow.pl\/produkt\/p731-poduszka-przeciwodlezynowa-pietowa-23x23-cm-z-otworem-wypelniona-granulatem\/#primaryimage","url":"https:\/\/innow.pl\/wp-content\/uploads\/2024\/11\/P731_1.jpg","contentUrl":"https:\/\/innow.pl\/wp-content\/uploads\/2024\/11\/P731_1.jpg","width":450,"height":450,"caption":"Poduszka przeciwodle\u017cynowa pi\u0119towa 23x23 cm z otworem, wype\u0142niona granulatem \u2013 P731 \u2013 INNOW"},{"@type":"BreadcrumbList","@id":"https:\/\/innow.pl\/produkt\/p731-poduszka-przeciwodlezynowa-pietowa-23x23-cm-z-otworem-wypelniona-granulatem\/#breadcrumb","itemListElement":[{"@type":"ListItem","position":1,"name":"INNOW","item":"https:\/\/innow.pl\/fr\/"},{"@type":"ListItem","position":2,"name":"Produkty","item":"https:\/\/innow.pl\/produkty\/"},{"@type":"ListItem","position":3,"name":"Piel\u0119gnacja i rehabilitacja","item":"https:\/\/innow.pl\/produkty\/pielegnacja-i-rehabilitacja\/"},{"@type":"ListItem","position":4,"name":"\u0141\u00f3\u017cka rehabilitacyjne","item":"https:\/\/innow.pl\/produkty\/pielegnacja-i-rehabilitacja\/lozka-rehabilitacyjne\/"},{"@type":"ListItem","position":5,"name":"Wyposa\u017cenie pomocnicze","item":"https:\/\/innow.pl\/produkty\/pielegnacja-i-rehabilitacja\/lozka-rehabilitacyjne\/wyposazenie-pomocnicze\/"},{"@type":"ListItem","position":6,"name":"Artyku\u0142y przeciwodle\u017cynowe","item":"https:\/\/innow.pl\/produkty\/pielegnacja-i-rehabilitacja\/lozka-rehabilitacyjne\/wyposazenie-pomocnicze\/artykuly-przeciwodlezynowe\/"},{"@type":"ListItem","position":7,"name":"P731 &#8211; Poduszka przeciwodle\u017cynowa pi\u0119towa 23&#215;23 cm z otworem, wype\u0142niona granulatem"}]},{"@type":"WebSite","@id":"https:\/\/innow.pl\/#website","url":"https:\/\/innow.pl\/","name":"INNOW","description":"","potentialAction":[{"@type":"SearchAction","target":{"@type":"EntryPoint","urlTemplate":"https:\/\/innow.pl\/?s={search_term_string}"},"query-input":{"@type":"PropertyValueSpecification","valueRequired":true,"valueName":"search_term_string"}}],"inLanguage":"fr-FR"}]}},"_links":{"self":[{"href":"https:\/\/innow.pl\/fr\/wp-json\/wp\/v2\/product\/25324","targetHints":{"allow":["GET"]}}],"collection":[{"href":"https:\/\/innow.pl\/fr\/wp-json\/wp\/v2\/product"}],"about":[{"href":"https:\/\/innow.pl\/fr\/wp-json\/wp\/v2\/types\/product"}],"replies":[{"embeddable":true,"href":"https:\/\/innow.pl\/fr\/wp-json\/wp\/v2\/comments?post=25324"}],"wp:featuredmedia":[{"embeddable":true,"href":"https:\/\/innow.pl\/fr\/wp-json\/wp\/v2\/media\/25326"}],"wp:attachment":[{"href":"https:\/\/innow.pl\/fr\/wp-json\/wp\/v2\/media?parent=25324"}],"wp:term":[{"taxonomy":"product_brand","embeddable":true,"href":"https:\/\/innow.pl\/fr\/wp-json\/wp\/v2\/product_brand?post=25324"},{"taxonomy":"product_cat","embeddable":true,"href":"https:\/\/innow.pl\/fr\/wp-json\/wp\/v2\/product_cat?post=25324"},{"taxonomy":"product_tag","embeddable":true,"href":"https:\/\/innow.pl\/fr\/wp-json\/wp\/v2\/product_tag?post=25324"}],"curies":[{"name":"wp","href":"https:\/\/api.w.org\/{rel}","templated":true}]}}