{"id":25308,"date":"2017-06-23T06:30:10","date_gmt":"2017-06-23T04:30:10","guid":{"rendered":"https:\/\/innow.pl\/produkt\/dl202-materac-podlezynowy-pneumat-z-regulacja-cisnienia-oe\/"},"modified":"2025-03-06T08:15:01","modified_gmt":"2025-03-06T07:15:01","slug":"dl202-materac-podlezynowy-pneumat-z-regulacja-cisnienia-oe","status":"publish","type":"product","link":"https:\/\/innow.pl\/fr\/produkt\/dl202-materac-podlezynowy-pneumat-z-regulacja-cisnienia-oe\/","title":{"rendered":"DL202 &#8211; Materac przeciwodle\u017cynowy pneumatyczny z regulacj\u0105 ci\u015bnienia"},"content":{"rendered":"<p class=\"title\">Materac b\u0105belkowy zmiennoci\u015bnieniowy z p\u0142ynn\u0105 regulacj\u0105 ci\u015bnienia w zakresie 50-110 mmHg, dobieranego w zale\u017cno\u015bci od wagi pacjenta. Wykonany jest z PCV, posiada wy\u0142ogi umo\u017cliwiaj\u0105ce mocowanie na klasycznych materacach \u0142\u00f3\u017ckowych. Do wyboru w kolorze be\u017cowym lub niebieskim. W komplecie znajduje si\u0119 pompa elektryczna cicho pracuj\u0105ca oraz zestaw naprawczy. Cykl pracy wynosi 10 minut.<\/p>\n<p>&nbsp;<\/p>\n","protected":false},"excerpt":{"rendered":"<p>Materac b\u0105belkowy zmiennoci\u015bnieniowy z p\u0142ynn\u0105 regulacj\u0105 ci\u015bnienia w zakresie 50-110 mmHg, dobieranego w zale\u017cno\u015bci od wagi pacjenta. Wykonany jest z PCV, posiada wy\u0142ogi umo\u017cliwiaj\u0105ce mocowanie na klasycznych materacach \u0142\u00f3\u017ckowych. Do wyboru w kolorze be\u017cowym lub niebieskim. W komplecie znajduje si\u0119 pompa elektryczna cicho pracuj\u0105ca oraz zestaw naprawczy. Cykl pracy wynosi 10 minut. &nbsp;<\/p>\n","protected":false},"featured_media":25310,"comment_status":"open","ping_status":"closed","template":"","meta":{"_acf_changed":false},"product_brand":[],"product_cat":[537,438,508,481],"product_tag":[],"class_list":{"0":"post-25308","1":"product","2":"type-product","3":"status-publish","4":"has-post-thumbnail","6":"product_cat-materace-i-podklady","7":"product_cat-pielegnacja-i-rehabilitacja","8":"product_cat-wyposazenie-pomocnicze","9":"product_cat-lozka-rehabilitacyjne","10":"pa_dlugosc-200-cm","11":"pa_szerokosc-90-cm","12":"pa_wysokosc-65-cm","14":"first","15":"instock","16":"taxable","17":"shipping-taxable","18":"purchasable","19":"product-type-simple"},"acf":[],"yoast_head":"<!-- This site is optimized with the Yoast SEO plugin v27.4 - https:\/\/yoast.com\/product\/yoast-seo-wordpress\/ -->\n<title>DL202 - Materac przeciwodle\u017cynowy pneumatyczny z regulacj\u0105 ci\u015bnienia - INNOW<\/title>\n<meta name=\"description\" content=\"B\u0105belkowy materac przeciwodle\u017cynowy pneumatyczny z regulacj\u0105 ci\u015bnienia i cich\u0105 pomp\u0105 elektryczn\u0105. Kliknij po wi\u0119cej informacji!\" \/>\n<meta name=\"robots\" content=\"index, follow, max-snippet:-1, max-image-preview:large, max-video-preview:-1\" \/>\n<link rel=\"canonical\" href=\"https:\/\/innow.pl\/produkt\/dl202-materac-podlezynowy-pneumat-z-regulacja-cisnienia-oe\/\" \/>\n<meta property=\"og:locale\" content=\"fr_FR\" \/>\n<meta property=\"og:type\" content=\"article\" \/>\n<meta property=\"og:title\" content=\"DL202 - Materac przeciwodle\u017cynowy pneumatyczny z regulacj\u0105 ci\u015bnienia - INNOW\" \/>\n<meta property=\"og:description\" content=\"B\u0105belkowy materac przeciwodle\u017cynowy pneumatyczny z regulacj\u0105 ci\u015bnienia i cich\u0105 pomp\u0105 elektryczn\u0105. Kliknij po wi\u0119cej informacji!\" \/>\n<meta property=\"og:url\" content=\"https:\/\/innow.pl\/produkt\/dl202-materac-podlezynowy-pneumat-z-regulacja-cisnienia-oe\/\" \/>\n<meta property=\"og:site_name\" content=\"INNOW\" \/>\n<meta property=\"article:modified_time\" content=\"2025-03-06T07:15:01+00:00\" \/>\n<meta property=\"og:image\" content=\"https:\/\/innow.pl\/wp-content\/uploads\/2024\/11\/DL202.jpg\" \/>\n\t<meta property=\"og:image:width\" content=\"800\" \/>\n\t<meta property=\"og:image:height\" content=\"800\" \/>\n\t<meta property=\"og:image:type\" content=\"image\/jpeg\" \/>\n<meta name=\"twitter:card\" content=\"summary_large_image\" \/>\n<meta name=\"twitter:label1\" content=\"Dur\u00e9e de lecture estim\u00e9e\" \/>\n\t<meta name=\"twitter:data1\" content=\"1 minute\" \/>\n<script type=\"application\/ld+json\" class=\"yoast-schema-graph\">{\"@context\":\"https:\\\/\\\/schema.org\",\"@graph\":[{\"@type\":\"WebPage\",\"@id\":\"https:\\\/\\\/innow.pl\\\/produkt\\\/dl202-materac-podlezynowy-pneumat-z-regulacja-cisnienia-oe\\\/\",\"url\":\"https:\\\/\\\/innow.pl\\\/produkt\\\/dl202-materac-podlezynowy-pneumat-z-regulacja-cisnienia-oe\\\/\",\"name\":\"DL202 - Materac przeciwodle\u017cynowy pneumatyczny z regulacj\u0105 ci\u015bnienia - INNOW\",\"isPartOf\":{\"@id\":\"https:\\\/\\\/innow.pl\\\/#website\"},\"primaryImageOfPage\":{\"@id\":\"https:\\\/\\\/innow.pl\\\/produkt\\\/dl202-materac-podlezynowy-pneumat-z-regulacja-cisnienia-oe\\\/#primaryimage\"},\"image\":{\"@id\":\"https:\\\/\\\/innow.pl\\\/produkt\\\/dl202-materac-podlezynowy-pneumat-z-regulacja-cisnienia-oe\\\/#primaryimage\"},\"thumbnailUrl\":\"https:\\\/\\\/innow.pl\\\/wp-content\\\/uploads\\\/2024\\\/11\\\/DL202.jpg\",\"datePublished\":\"2017-06-23T04:30:10+00:00\",\"dateModified\":\"2025-03-06T07:15:01+00:00\",\"description\":\"B\u0105belkowy materac przeciwodle\u017cynowy pneumatyczny z regulacj\u0105 ci\u015bnienia i cich\u0105 pomp\u0105 elektryczn\u0105. Kliknij po wi\u0119cej informacji!\",\"breadcrumb\":{\"@id\":\"https:\\\/\\\/innow.pl\\\/produkt\\\/dl202-materac-podlezynowy-pneumat-z-regulacja-cisnienia-oe\\\/#breadcrumb\"},\"inLanguage\":\"fr-FR\",\"potentialAction\":[{\"@type\":\"ReadAction\",\"target\":[\"https:\\\/\\\/innow.pl\\\/produkt\\\/dl202-materac-podlezynowy-pneumat-z-regulacja-cisnienia-oe\\\/\"]}]},{\"@type\":\"ImageObject\",\"inLanguage\":\"fr-FR\",\"@id\":\"https:\\\/\\\/innow.pl\\\/produkt\\\/dl202-materac-podlezynowy-pneumat-z-regulacja-cisnienia-oe\\\/#primaryimage\",\"url\":\"https:\\\/\\\/innow.pl\\\/wp-content\\\/uploads\\\/2024\\\/11\\\/DL202.jpg\",\"contentUrl\":\"https:\\\/\\\/innow.pl\\\/wp-content\\\/uploads\\\/2024\\\/11\\\/DL202.jpg\",\"width\":800,\"height\":800,\"caption\":\"Materac przeciwodle\u017cynowy pneumatyczny z regulacj\u0105 ci\u015bnienia \u2013 DL202 \u2013 INNOW\"},{\"@type\":\"BreadcrumbList\",\"@id\":\"https:\\\/\\\/innow.pl\\\/produkt\\\/dl202-materac-podlezynowy-pneumat-z-regulacja-cisnienia-oe\\\/#breadcrumb\",\"itemListElement\":[{\"@type\":\"ListItem\",\"position\":1,\"name\":\"INNOW\",\"item\":\"https:\\\/\\\/innow.pl\\\/fr\\\/\"},{\"@type\":\"ListItem\",\"position\":2,\"name\":\"Produkty\",\"item\":\"https:\\\/\\\/innow.pl\\\/produkty\\\/\"},{\"@type\":\"ListItem\",\"position\":3,\"name\":\"Piel\u0119gnacja i rehabilitacja\",\"item\":\"https:\\\/\\\/innow.pl\\\/produkty\\\/pielegnacja-i-rehabilitacja\\\/\"},{\"@type\":\"ListItem\",\"position\":4,\"name\":\"\u0141\u00f3\u017cka rehabilitacyjne\",\"item\":\"https:\\\/\\\/innow.pl\\\/produkty\\\/pielegnacja-i-rehabilitacja\\\/lozka-rehabilitacyjne\\\/\"},{\"@type\":\"ListItem\",\"position\":5,\"name\":\"Wyposa\u017cenie pomocnicze\",\"item\":\"https:\\\/\\\/innow.pl\\\/produkty\\\/pielegnacja-i-rehabilitacja\\\/lozka-rehabilitacyjne\\\/wyposazenie-pomocnicze\\\/\"},{\"@type\":\"ListItem\",\"position\":6,\"name\":\"Materace i podk\u0142ady\",\"item\":\"https:\\\/\\\/innow.pl\\\/produkty\\\/pielegnacja-i-rehabilitacja\\\/lozka-rehabilitacyjne\\\/wyposazenie-pomocnicze\\\/materace-i-podklady\\\/\"},{\"@type\":\"ListItem\",\"position\":7,\"name\":\"DL202 &#8211; Materac przeciwodle\u017cynowy pneumatyczny z regulacj\u0105 ci\u015bnienia\"}]},{\"@type\":\"WebSite\",\"@id\":\"https:\\\/\\\/innow.pl\\\/#website\",\"url\":\"https:\\\/\\\/innow.pl\\\/\",\"name\":\"INNOW\",\"description\":\"\",\"potentialAction\":[{\"@type\":\"SearchAction\",\"target\":{\"@type\":\"EntryPoint\",\"urlTemplate\":\"https:\\\/\\\/innow.pl\\\/?s={search_term_string}\"},\"query-input\":{\"@type\":\"PropertyValueSpecification\",\"valueRequired\":true,\"valueName\":\"search_term_string\"}}],\"inLanguage\":\"fr-FR\"}]}<\/script>\n<!-- \/ Yoast SEO plugin. -->","yoast_head_json":{"title":"DL202 - Materac przeciwodle\u017cynowy pneumatyczny z regulacj\u0105 ci\u015bnienia - INNOW","description":"B\u0105belkowy materac przeciwodle\u017cynowy pneumatyczny z regulacj\u0105 ci\u015bnienia i cich\u0105 pomp\u0105 elektryczn\u0105. Kliknij po wi\u0119cej informacji!","robots":{"index":"index","follow":"follow","max-snippet":"max-snippet:-1","max-image-preview":"max-image-preview:large","max-video-preview":"max-video-preview:-1"},"canonical":"https:\/\/innow.pl\/produkt\/dl202-materac-podlezynowy-pneumat-z-regulacja-cisnienia-oe\/","og_locale":"fr_FR","og_type":"article","og_title":"DL202 - Materac przeciwodle\u017cynowy pneumatyczny z regulacj\u0105 ci\u015bnienia - INNOW","og_description":"B\u0105belkowy materac przeciwodle\u017cynowy pneumatyczny z regulacj\u0105 ci\u015bnienia i cich\u0105 pomp\u0105 elektryczn\u0105. Kliknij po wi\u0119cej informacji!","og_url":"https:\/\/innow.pl\/produkt\/dl202-materac-podlezynowy-pneumat-z-regulacja-cisnienia-oe\/","og_site_name":"INNOW","article_modified_time":"2025-03-06T07:15:01+00:00","og_image":[{"width":800,"height":800,"url":"https:\/\/innow.pl\/wp-content\/uploads\/2024\/11\/DL202.jpg","type":"image\/jpeg"}],"twitter_card":"summary_large_image","twitter_misc":{"Dur\u00e9e de lecture estim\u00e9e":"1 minute"},"schema":{"@context":"https:\/\/schema.org","@graph":[{"@type":"WebPage","@id":"https:\/\/innow.pl\/produkt\/dl202-materac-podlezynowy-pneumat-z-regulacja-cisnienia-oe\/","url":"https:\/\/innow.pl\/produkt\/dl202-materac-podlezynowy-pneumat-z-regulacja-cisnienia-oe\/","name":"DL202 - Materac przeciwodle\u017cynowy pneumatyczny z regulacj\u0105 ci\u015bnienia - INNOW","isPartOf":{"@id":"https:\/\/innow.pl\/#website"},"primaryImageOfPage":{"@id":"https:\/\/innow.pl\/produkt\/dl202-materac-podlezynowy-pneumat-z-regulacja-cisnienia-oe\/#primaryimage"},"image":{"@id":"https:\/\/innow.pl\/produkt\/dl202-materac-podlezynowy-pneumat-z-regulacja-cisnienia-oe\/#primaryimage"},"thumbnailUrl":"https:\/\/innow.pl\/wp-content\/uploads\/2024\/11\/DL202.jpg","datePublished":"2017-06-23T04:30:10+00:00","dateModified":"2025-03-06T07:15:01+00:00","description":"B\u0105belkowy materac przeciwodle\u017cynowy pneumatyczny z regulacj\u0105 ci\u015bnienia i cich\u0105 pomp\u0105 elektryczn\u0105. Kliknij po wi\u0119cej informacji!","breadcrumb":{"@id":"https:\/\/innow.pl\/produkt\/dl202-materac-podlezynowy-pneumat-z-regulacja-cisnienia-oe\/#breadcrumb"},"inLanguage":"fr-FR","potentialAction":[{"@type":"ReadAction","target":["https:\/\/innow.pl\/produkt\/dl202-materac-podlezynowy-pneumat-z-regulacja-cisnienia-oe\/"]}]},{"@type":"ImageObject","inLanguage":"fr-FR","@id":"https:\/\/innow.pl\/produkt\/dl202-materac-podlezynowy-pneumat-z-regulacja-cisnienia-oe\/#primaryimage","url":"https:\/\/innow.pl\/wp-content\/uploads\/2024\/11\/DL202.jpg","contentUrl":"https:\/\/innow.pl\/wp-content\/uploads\/2024\/11\/DL202.jpg","width":800,"height":800,"caption":"Materac przeciwodle\u017cynowy pneumatyczny z regulacj\u0105 ci\u015bnienia \u2013 DL202 \u2013 INNOW"},{"@type":"BreadcrumbList","@id":"https:\/\/innow.pl\/produkt\/dl202-materac-podlezynowy-pneumat-z-regulacja-cisnienia-oe\/#breadcrumb","itemListElement":[{"@type":"ListItem","position":1,"name":"INNOW","item":"https:\/\/innow.pl\/fr\/"},{"@type":"ListItem","position":2,"name":"Produkty","item":"https:\/\/innow.pl\/produkty\/"},{"@type":"ListItem","position":3,"name":"Piel\u0119gnacja i rehabilitacja","item":"https:\/\/innow.pl\/produkty\/pielegnacja-i-rehabilitacja\/"},{"@type":"ListItem","position":4,"name":"\u0141\u00f3\u017cka rehabilitacyjne","item":"https:\/\/innow.pl\/produkty\/pielegnacja-i-rehabilitacja\/lozka-rehabilitacyjne\/"},{"@type":"ListItem","position":5,"name":"Wyposa\u017cenie pomocnicze","item":"https:\/\/innow.pl\/produkty\/pielegnacja-i-rehabilitacja\/lozka-rehabilitacyjne\/wyposazenie-pomocnicze\/"},{"@type":"ListItem","position":6,"name":"Materace i podk\u0142ady","item":"https:\/\/innow.pl\/produkty\/pielegnacja-i-rehabilitacja\/lozka-rehabilitacyjne\/wyposazenie-pomocnicze\/materace-i-podklady\/"},{"@type":"ListItem","position":7,"name":"DL202 &#8211; Materac przeciwodle\u017cynowy pneumatyczny z regulacj\u0105 ci\u015bnienia"}]},{"@type":"WebSite","@id":"https:\/\/innow.pl\/#website","url":"https:\/\/innow.pl\/","name":"INNOW","description":"","potentialAction":[{"@type":"SearchAction","target":{"@type":"EntryPoint","urlTemplate":"https:\/\/innow.pl\/?s={search_term_string}"},"query-input":{"@type":"PropertyValueSpecification","valueRequired":true,"valueName":"search_term_string"}}],"inLanguage":"fr-FR"}]}},"_links":{"self":[{"href":"https:\/\/innow.pl\/fr\/wp-json\/wp\/v2\/product\/25308","targetHints":{"allow":["GET"]}}],"collection":[{"href":"https:\/\/innow.pl\/fr\/wp-json\/wp\/v2\/product"}],"about":[{"href":"https:\/\/innow.pl\/fr\/wp-json\/wp\/v2\/types\/product"}],"replies":[{"embeddable":true,"href":"https:\/\/innow.pl\/fr\/wp-json\/wp\/v2\/comments?post=25308"}],"wp:featuredmedia":[{"embeddable":true,"href":"https:\/\/innow.pl\/fr\/wp-json\/wp\/v2\/media\/25310"}],"wp:attachment":[{"href":"https:\/\/innow.pl\/fr\/wp-json\/wp\/v2\/media?parent=25308"}],"wp:term":[{"taxonomy":"product_brand","embeddable":true,"href":"https:\/\/innow.pl\/fr\/wp-json\/wp\/v2\/product_brand?post=25308"},{"taxonomy":"product_cat","embeddable":true,"href":"https:\/\/innow.pl\/fr\/wp-json\/wp\/v2\/product_cat?post=25308"},{"taxonomy":"product_tag","embeddable":true,"href":"https:\/\/innow.pl\/fr\/wp-json\/wp\/v2\/product_tag?post=25308"}],"curies":[{"name":"wp","href":"https:\/\/api.w.org\/{rel}","templated":true}]}}