{"id":25286,"date":"2017-06-22T09:11:21","date_gmt":"2017-06-22T07:11:21","guid":{"rendered":"https:\/\/innow.pl\/produkt\/p740-materac-gabkowy-powlekany-bawelna-zamek-blyskawiczny\/"},"modified":"2025-11-17T14:51:26","modified_gmt":"2025-11-17T13:51:26","slug":"p740-materac-gabkowy-powlekany-bawelna-zamek-blyskawiczny","status":"publish","type":"product","link":"https:\/\/innow.pl\/fr\/produkt\/p740-materac-gabkowy-powlekany-bawelna-zamek-blyskawiczny\/","title":{"rendered":"P740 &#8211; Materac g\u0105bkowy powlekany bawe\u0142n\u0105, zamek b\u0142yskawiczny"},"content":{"rendered":"<p align=\"left\">Materac z g\u0105bki umieszczony w bawe\u0142nianym pokrowcu z zamkiem b\u0142yskawicznym. Niezb\u0119dne i zapewniaj\u0105ce komfort wyposa\u017cenie \u0142\u00f3\u017cka.<\/p>\n<p>&nbsp;<\/p>\n","protected":false},"excerpt":{"rendered":"<p>Materac z g\u0105bki umieszczony w bawe\u0142nianym pokrowcu z zamkiem b\u0142yskawicznym. Niezb\u0119dne i zapewniaj\u0105ce komfort wyposa\u017cenie \u0142\u00f3\u017cka. &nbsp;<\/p>\n","protected":false},"featured_media":25288,"comment_status":"open","ping_status":"closed","template":"","meta":{"_acf_changed":false},"product_brand":[],"product_cat":[537,438,508,481],"product_tag":[],"class_list":{"0":"post-25286","1":"product","2":"type-product","3":"status-publish","4":"has-post-thumbnail","6":"product_cat-materace-i-podklady","7":"product_cat-pielegnacja-i-rehabilitacja","8":"product_cat-wyposazenie-pomocnicze","9":"product_cat-lozka-rehabilitacyjne","11":"first","12":"instock","13":"taxable","14":"shipping-taxable","15":"purchasable","16":"product-type-simple"},"acf":[],"yoast_head":"<!-- This site is optimized with the Yoast SEO plugin v27.4 - https:\/\/yoast.com\/product\/yoast-seo-wordpress\/ -->\n<title>P740 - Materac g\u0105bkowy powlekany bawe\u0142n\u0105, zamek b\u0142yskawiczny - INNOW<\/title>\n<meta name=\"description\" content=\"Komfortowy materac g\u0105bkowy powlekany bawe\u0142n\u0105, zamek b\u0142yskawiczny - niezb\u0119dne, wygodne wyposa\u017cenie \u0142\u00f3\u017cka! Sprawd\u017a szczeg\u00f3\u0142y!\" \/>\n<meta name=\"robots\" content=\"index, follow, max-snippet:-1, max-image-preview:large, max-video-preview:-1\" \/>\n<link rel=\"canonical\" href=\"https:\/\/innow.pl\/produkt\/p740-materac-gabkowy-powlekany-bawelna-zamek-blyskawiczny\/\" \/>\n<meta property=\"og:locale\" content=\"fr_FR\" \/>\n<meta property=\"og:type\" content=\"article\" \/>\n<meta property=\"og:title\" content=\"P740 - Materac g\u0105bkowy powlekany bawe\u0142n\u0105, zamek b\u0142yskawiczny - INNOW\" \/>\n<meta property=\"og:description\" content=\"Komfortowy materac g\u0105bkowy powlekany bawe\u0142n\u0105, zamek b\u0142yskawiczny - niezb\u0119dne, wygodne wyposa\u017cenie \u0142\u00f3\u017cka! Sprawd\u017a szczeg\u00f3\u0142y!\" \/>\n<meta property=\"og:url\" content=\"https:\/\/innow.pl\/produkt\/p740-materac-gabkowy-powlekany-bawelna-zamek-blyskawiczny\/\" \/>\n<meta property=\"og:site_name\" content=\"INNOW\" \/>\n<meta property=\"article:modified_time\" content=\"2025-11-17T13:51:26+00:00\" \/>\n<meta property=\"og:image\" content=\"https:\/\/innow.pl\/wp-content\/uploads\/2024\/11\/P740.jpg\" \/>\n\t<meta property=\"og:image:width\" content=\"800\" \/>\n\t<meta property=\"og:image:height\" content=\"800\" \/>\n\t<meta property=\"og:image:type\" content=\"image\/jpeg\" \/>\n<meta name=\"twitter:card\" content=\"summary_large_image\" \/>\n<meta name=\"twitter:label1\" content=\"Dur\u00e9e de lecture estim\u00e9e\" \/>\n\t<meta name=\"twitter:data1\" content=\"1 minute\" \/>\n<script type=\"application\/ld+json\" class=\"yoast-schema-graph\">{\"@context\":\"https:\\\/\\\/schema.org\",\"@graph\":[{\"@type\":\"WebPage\",\"@id\":\"https:\\\/\\\/innow.pl\\\/produkt\\\/p740-materac-gabkowy-powlekany-bawelna-zamek-blyskawiczny\\\/\",\"url\":\"https:\\\/\\\/innow.pl\\\/produkt\\\/p740-materac-gabkowy-powlekany-bawelna-zamek-blyskawiczny\\\/\",\"name\":\"P740 - Materac g\u0105bkowy powlekany bawe\u0142n\u0105, zamek b\u0142yskawiczny - INNOW\",\"isPartOf\":{\"@id\":\"https:\\\/\\\/innow.pl\\\/#website\"},\"primaryImageOfPage\":{\"@id\":\"https:\\\/\\\/innow.pl\\\/produkt\\\/p740-materac-gabkowy-powlekany-bawelna-zamek-blyskawiczny\\\/#primaryimage\"},\"image\":{\"@id\":\"https:\\\/\\\/innow.pl\\\/produkt\\\/p740-materac-gabkowy-powlekany-bawelna-zamek-blyskawiczny\\\/#primaryimage\"},\"thumbnailUrl\":\"https:\\\/\\\/innow.pl\\\/wp-content\\\/uploads\\\/2024\\\/11\\\/P740.jpg\",\"datePublished\":\"2017-06-22T07:11:21+00:00\",\"dateModified\":\"2025-11-17T13:51:26+00:00\",\"description\":\"Komfortowy materac g\u0105bkowy powlekany bawe\u0142n\u0105, zamek b\u0142yskawiczny - niezb\u0119dne, wygodne wyposa\u017cenie \u0142\u00f3\u017cka! Sprawd\u017a szczeg\u00f3\u0142y!\",\"breadcrumb\":{\"@id\":\"https:\\\/\\\/innow.pl\\\/produkt\\\/p740-materac-gabkowy-powlekany-bawelna-zamek-blyskawiczny\\\/#breadcrumb\"},\"inLanguage\":\"fr-FR\",\"potentialAction\":[{\"@type\":\"ReadAction\",\"target\":[\"https:\\\/\\\/innow.pl\\\/produkt\\\/p740-materac-gabkowy-powlekany-bawelna-zamek-blyskawiczny\\\/\"]}]},{\"@type\":\"ImageObject\",\"inLanguage\":\"fr-FR\",\"@id\":\"https:\\\/\\\/innow.pl\\\/produkt\\\/p740-materac-gabkowy-powlekany-bawelna-zamek-blyskawiczny\\\/#primaryimage\",\"url\":\"https:\\\/\\\/innow.pl\\\/wp-content\\\/uploads\\\/2024\\\/11\\\/P740.jpg\",\"contentUrl\":\"https:\\\/\\\/innow.pl\\\/wp-content\\\/uploads\\\/2024\\\/11\\\/P740.jpg\",\"width\":800,\"height\":800,\"caption\":\"Materac g\u0105bkowy powlekany bawe\u0142n\u0105, zamek b\u0142yskawiczny \u2013 P740 \u2013 INNOW\"},{\"@type\":\"BreadcrumbList\",\"@id\":\"https:\\\/\\\/innow.pl\\\/produkt\\\/p740-materac-gabkowy-powlekany-bawelna-zamek-blyskawiczny\\\/#breadcrumb\",\"itemListElement\":[{\"@type\":\"ListItem\",\"position\":1,\"name\":\"INNOW\",\"item\":\"https:\\\/\\\/innow.pl\\\/fr\\\/\"},{\"@type\":\"ListItem\",\"position\":2,\"name\":\"Produkty\",\"item\":\"https:\\\/\\\/innow.pl\\\/produkty\\\/\"},{\"@type\":\"ListItem\",\"position\":3,\"name\":\"Piel\u0119gnacja i rehabilitacja\",\"item\":\"https:\\\/\\\/innow.pl\\\/produkty\\\/pielegnacja-i-rehabilitacja\\\/\"},{\"@type\":\"ListItem\",\"position\":4,\"name\":\"\u0141\u00f3\u017cka rehabilitacyjne\",\"item\":\"https:\\\/\\\/innow.pl\\\/produkty\\\/pielegnacja-i-rehabilitacja\\\/lozka-rehabilitacyjne\\\/\"},{\"@type\":\"ListItem\",\"position\":5,\"name\":\"Wyposa\u017cenie pomocnicze\",\"item\":\"https:\\\/\\\/innow.pl\\\/produkty\\\/pielegnacja-i-rehabilitacja\\\/lozka-rehabilitacyjne\\\/wyposazenie-pomocnicze\\\/\"},{\"@type\":\"ListItem\",\"position\":6,\"name\":\"Materace i podk\u0142ady\",\"item\":\"https:\\\/\\\/innow.pl\\\/produkty\\\/pielegnacja-i-rehabilitacja\\\/lozka-rehabilitacyjne\\\/wyposazenie-pomocnicze\\\/materace-i-podklady\\\/\"},{\"@type\":\"ListItem\",\"position\":7,\"name\":\"P740 &#8211; Materac g\u0105bkowy powlekany bawe\u0142n\u0105, zamek b\u0142yskawiczny\"}]},{\"@type\":\"WebSite\",\"@id\":\"https:\\\/\\\/innow.pl\\\/#website\",\"url\":\"https:\\\/\\\/innow.pl\\\/\",\"name\":\"INNOW\",\"description\":\"\",\"potentialAction\":[{\"@type\":\"SearchAction\",\"target\":{\"@type\":\"EntryPoint\",\"urlTemplate\":\"https:\\\/\\\/innow.pl\\\/?s={search_term_string}\"},\"query-input\":{\"@type\":\"PropertyValueSpecification\",\"valueRequired\":true,\"valueName\":\"search_term_string\"}}],\"inLanguage\":\"fr-FR\"}]}<\/script>\n<!-- \/ Yoast SEO plugin. -->","yoast_head_json":{"title":"P740 - Materac g\u0105bkowy powlekany bawe\u0142n\u0105, zamek b\u0142yskawiczny - INNOW","description":"Komfortowy materac g\u0105bkowy powlekany bawe\u0142n\u0105, zamek b\u0142yskawiczny - niezb\u0119dne, wygodne wyposa\u017cenie \u0142\u00f3\u017cka! Sprawd\u017a szczeg\u00f3\u0142y!","robots":{"index":"index","follow":"follow","max-snippet":"max-snippet:-1","max-image-preview":"max-image-preview:large","max-video-preview":"max-video-preview:-1"},"canonical":"https:\/\/innow.pl\/produkt\/p740-materac-gabkowy-powlekany-bawelna-zamek-blyskawiczny\/","og_locale":"fr_FR","og_type":"article","og_title":"P740 - Materac g\u0105bkowy powlekany bawe\u0142n\u0105, zamek b\u0142yskawiczny - INNOW","og_description":"Komfortowy materac g\u0105bkowy powlekany bawe\u0142n\u0105, zamek b\u0142yskawiczny - niezb\u0119dne, wygodne wyposa\u017cenie \u0142\u00f3\u017cka! Sprawd\u017a szczeg\u00f3\u0142y!","og_url":"https:\/\/innow.pl\/produkt\/p740-materac-gabkowy-powlekany-bawelna-zamek-blyskawiczny\/","og_site_name":"INNOW","article_modified_time":"2025-11-17T13:51:26+00:00","og_image":[{"width":800,"height":800,"url":"https:\/\/innow.pl\/wp-content\/uploads\/2024\/11\/P740.jpg","type":"image\/jpeg"}],"twitter_card":"summary_large_image","twitter_misc":{"Dur\u00e9e de lecture estim\u00e9e":"1 minute"},"schema":{"@context":"https:\/\/schema.org","@graph":[{"@type":"WebPage","@id":"https:\/\/innow.pl\/produkt\/p740-materac-gabkowy-powlekany-bawelna-zamek-blyskawiczny\/","url":"https:\/\/innow.pl\/produkt\/p740-materac-gabkowy-powlekany-bawelna-zamek-blyskawiczny\/","name":"P740 - Materac g\u0105bkowy powlekany bawe\u0142n\u0105, zamek b\u0142yskawiczny - INNOW","isPartOf":{"@id":"https:\/\/innow.pl\/#website"},"primaryImageOfPage":{"@id":"https:\/\/innow.pl\/produkt\/p740-materac-gabkowy-powlekany-bawelna-zamek-blyskawiczny\/#primaryimage"},"image":{"@id":"https:\/\/innow.pl\/produkt\/p740-materac-gabkowy-powlekany-bawelna-zamek-blyskawiczny\/#primaryimage"},"thumbnailUrl":"https:\/\/innow.pl\/wp-content\/uploads\/2024\/11\/P740.jpg","datePublished":"2017-06-22T07:11:21+00:00","dateModified":"2025-11-17T13:51:26+00:00","description":"Komfortowy materac g\u0105bkowy powlekany bawe\u0142n\u0105, zamek b\u0142yskawiczny - niezb\u0119dne, wygodne wyposa\u017cenie \u0142\u00f3\u017cka! Sprawd\u017a szczeg\u00f3\u0142y!","breadcrumb":{"@id":"https:\/\/innow.pl\/produkt\/p740-materac-gabkowy-powlekany-bawelna-zamek-blyskawiczny\/#breadcrumb"},"inLanguage":"fr-FR","potentialAction":[{"@type":"ReadAction","target":["https:\/\/innow.pl\/produkt\/p740-materac-gabkowy-powlekany-bawelna-zamek-blyskawiczny\/"]}]},{"@type":"ImageObject","inLanguage":"fr-FR","@id":"https:\/\/innow.pl\/produkt\/p740-materac-gabkowy-powlekany-bawelna-zamek-blyskawiczny\/#primaryimage","url":"https:\/\/innow.pl\/wp-content\/uploads\/2024\/11\/P740.jpg","contentUrl":"https:\/\/innow.pl\/wp-content\/uploads\/2024\/11\/P740.jpg","width":800,"height":800,"caption":"Materac g\u0105bkowy powlekany bawe\u0142n\u0105, zamek b\u0142yskawiczny \u2013 P740 \u2013 INNOW"},{"@type":"BreadcrumbList","@id":"https:\/\/innow.pl\/produkt\/p740-materac-gabkowy-powlekany-bawelna-zamek-blyskawiczny\/#breadcrumb","itemListElement":[{"@type":"ListItem","position":1,"name":"INNOW","item":"https:\/\/innow.pl\/fr\/"},{"@type":"ListItem","position":2,"name":"Produkty","item":"https:\/\/innow.pl\/produkty\/"},{"@type":"ListItem","position":3,"name":"Piel\u0119gnacja i rehabilitacja","item":"https:\/\/innow.pl\/produkty\/pielegnacja-i-rehabilitacja\/"},{"@type":"ListItem","position":4,"name":"\u0141\u00f3\u017cka rehabilitacyjne","item":"https:\/\/innow.pl\/produkty\/pielegnacja-i-rehabilitacja\/lozka-rehabilitacyjne\/"},{"@type":"ListItem","position":5,"name":"Wyposa\u017cenie pomocnicze","item":"https:\/\/innow.pl\/produkty\/pielegnacja-i-rehabilitacja\/lozka-rehabilitacyjne\/wyposazenie-pomocnicze\/"},{"@type":"ListItem","position":6,"name":"Materace i podk\u0142ady","item":"https:\/\/innow.pl\/produkty\/pielegnacja-i-rehabilitacja\/lozka-rehabilitacyjne\/wyposazenie-pomocnicze\/materace-i-podklady\/"},{"@type":"ListItem","position":7,"name":"P740 &#8211; Materac g\u0105bkowy powlekany bawe\u0142n\u0105, zamek b\u0142yskawiczny"}]},{"@type":"WebSite","@id":"https:\/\/innow.pl\/#website","url":"https:\/\/innow.pl\/","name":"INNOW","description":"","potentialAction":[{"@type":"SearchAction","target":{"@type":"EntryPoint","urlTemplate":"https:\/\/innow.pl\/?s={search_term_string}"},"query-input":{"@type":"PropertyValueSpecification","valueRequired":true,"valueName":"search_term_string"}}],"inLanguage":"fr-FR"}]}},"_links":{"self":[{"href":"https:\/\/innow.pl\/fr\/wp-json\/wp\/v2\/product\/25286","targetHints":{"allow":["GET"]}}],"collection":[{"href":"https:\/\/innow.pl\/fr\/wp-json\/wp\/v2\/product"}],"about":[{"href":"https:\/\/innow.pl\/fr\/wp-json\/wp\/v2\/types\/product"}],"replies":[{"embeddable":true,"href":"https:\/\/innow.pl\/fr\/wp-json\/wp\/v2\/comments?post=25286"}],"wp:featuredmedia":[{"embeddable":true,"href":"https:\/\/innow.pl\/fr\/wp-json\/wp\/v2\/media\/25288"}],"wp:attachment":[{"href":"https:\/\/innow.pl\/fr\/wp-json\/wp\/v2\/media?parent=25286"}],"wp:term":[{"taxonomy":"product_brand","embeddable":true,"href":"https:\/\/innow.pl\/fr\/wp-json\/wp\/v2\/product_brand?post=25286"},{"taxonomy":"product_cat","embeddable":true,"href":"https:\/\/innow.pl\/fr\/wp-json\/wp\/v2\/product_cat?post=25286"},{"taxonomy":"product_tag","embeddable":true,"href":"https:\/\/innow.pl\/fr\/wp-json\/wp\/v2\/product_tag?post=25286"}],"curies":[{"name":"wp","href":"https:\/\/api.w.org\/{rel}","templated":true}]}}