{"id":25254,"date":"2017-06-22T07:51:45","date_gmt":"2017-06-22T05:51:45","guid":{"rendered":"https:\/\/innow.pl\/produkt\/dl-drabinkalejce-pomoc-do-wstawania-w-lozku\/"},"modified":"2025-03-06T08:30:04","modified_gmt":"2025-03-06T07:30:04","slug":"dl-drabinkalejce-pomoc-do-wstawania-w-lozku","status":"publish","type":"product","link":"https:\/\/innow.pl\/fr\/produkt\/dl-drabinkalejce-pomoc-do-wstawania-w-lozku\/","title":{"rendered":"DL &#8211; Drabinka-lejce pomoc do wstawania w \u0142\u00f3\u017cku"},"content":{"rendered":"<p>\u0141atwa w monta\u017cu przy\u0142\u00f3\u017ckowa drabinka rehabilitacyjna z 4 szczeblami. Przeznaczona jest dla os\u00f3b starszych oraz o ograniczonych mo\u017cliwo\u015bciach ruchowych by u\u0142atwi\u0107 ich podnoszenie si\u0119 z pozycji le\u017c\u0105cej do siedz\u0105cej. Fluorescencyjne zako\u0144czenia szczebelk\u00f3w sprawiaj\u0105, \u017ce jest widoczna w nocy.<\/p>\n","protected":false},"excerpt":{"rendered":"<p>\u0141atwa w monta\u017cu przy\u0142\u00f3\u017ckowa drabinka rehabilitacyjna z 4 szczeblami. Przeznaczona jest dla os\u00f3b starszych oraz o ograniczonych mo\u017cliwo\u015bciach ruchowych by u\u0142atwi\u0107 ich podnoszenie si\u0119 z pozycji le\u017c\u0105cej do siedz\u0105cej. Fluorescencyjne zako\u0144czenia szczebelk\u00f3w sprawiaj\u0105, \u017ce jest widoczna w nocy.<\/p>\n","protected":false},"featured_media":25256,"comment_status":"open","ping_status":"closed","template":"","meta":{"_acf_changed":false},"product_brand":[],"product_cat":[428,438,538,508,392,481],"product_tag":[],"class_list":{"0":"post-25254","1":"product","2":"type-product","3":"status-publish","4":"has-post-thumbnail","6":"product_cat-lejce-do-podciagania","7":"product_cat-pielegnacja-i-rehabilitacja","8":"product_cat-pomoce","9":"product_cat-wyposazenie-pomocnicze","10":"product_cat-latwoslizgi-przemieszczanie-pacjentow","11":"product_cat-lozka-rehabilitacyjne","12":"pa_srednica-szczebla-25-cm","13":"pa_szerokosc-szczebla-19-cm","15":"first","16":"instock","17":"taxable","18":"shipping-taxable","19":"purchasable","20":"product-type-simple"},"acf":[],"yoast_head":"<!-- This site is optimized with the Yoast SEO plugin v27.4 - https:\/\/yoast.com\/product\/yoast-seo-wordpress\/ -->\n<title>DL - Drabinka-lejce pomoc do wstawania w \u0142\u00f3\u017cku - INNOW<\/title>\n<meta name=\"description\" content=\"\u0141atwa w monta\u017cu, estetyczna drabinka\/lejce stanowi\u0105ca nieocenion\u0105 pomoc podczas wstawania z \u0142\u00f3\u017cka pacjent\u00f3w. Dowiedz si\u0119 wi\u0119cej!\" \/>\n<meta name=\"robots\" content=\"index, follow, max-snippet:-1, max-image-preview:large, max-video-preview:-1\" \/>\n<link rel=\"canonical\" href=\"https:\/\/innow.pl\/produkt\/dl-drabinkalejce-pomoc-do-wstawania-w-lozku\/\" \/>\n<meta property=\"og:locale\" content=\"fr_FR\" \/>\n<meta property=\"og:type\" content=\"article\" \/>\n<meta property=\"og:title\" content=\"DL - Drabinka-lejce pomoc do wstawania w \u0142\u00f3\u017cku - INNOW\" \/>\n<meta property=\"og:description\" content=\"\u0141atwa w monta\u017cu, estetyczna drabinka\/lejce stanowi\u0105ca nieocenion\u0105 pomoc podczas wstawania z \u0142\u00f3\u017cka pacjent\u00f3w. Dowiedz si\u0119 wi\u0119cej!\" \/>\n<meta property=\"og:url\" content=\"https:\/\/innow.pl\/produkt\/dl-drabinkalejce-pomoc-do-wstawania-w-lozku\/\" \/>\n<meta property=\"og:site_name\" content=\"INNOW\" \/>\n<meta property=\"article:modified_time\" content=\"2025-03-06T07:30:04+00:00\" \/>\n<meta property=\"og:image\" content=\"https:\/\/innow.pl\/wp-content\/uploads\/2024\/11\/DL_nowy.jpg\" \/>\n\t<meta property=\"og:image:width\" content=\"600\" \/>\n\t<meta property=\"og:image:height\" content=\"600\" \/>\n\t<meta property=\"og:image:type\" content=\"image\/jpeg\" \/>\n<meta name=\"twitter:card\" content=\"summary_large_image\" \/>\n<meta name=\"twitter:label1\" content=\"Dur\u00e9e de lecture estim\u00e9e\" \/>\n\t<meta name=\"twitter:data1\" content=\"1 minute\" \/>\n<script type=\"application\/ld+json\" class=\"yoast-schema-graph\">{\"@context\":\"https:\\\/\\\/schema.org\",\"@graph\":[{\"@type\":\"WebPage\",\"@id\":\"https:\\\/\\\/innow.pl\\\/produkt\\\/dl-drabinkalejce-pomoc-do-wstawania-w-lozku\\\/\",\"url\":\"https:\\\/\\\/innow.pl\\\/produkt\\\/dl-drabinkalejce-pomoc-do-wstawania-w-lozku\\\/\",\"name\":\"DL - Drabinka-lejce pomoc do wstawania w \u0142\u00f3\u017cku - INNOW\",\"isPartOf\":{\"@id\":\"https:\\\/\\\/innow.pl\\\/#website\"},\"primaryImageOfPage\":{\"@id\":\"https:\\\/\\\/innow.pl\\\/produkt\\\/dl-drabinkalejce-pomoc-do-wstawania-w-lozku\\\/#primaryimage\"},\"image\":{\"@id\":\"https:\\\/\\\/innow.pl\\\/produkt\\\/dl-drabinkalejce-pomoc-do-wstawania-w-lozku\\\/#primaryimage\"},\"thumbnailUrl\":\"https:\\\/\\\/innow.pl\\\/wp-content\\\/uploads\\\/2024\\\/11\\\/DL_nowy.jpg\",\"datePublished\":\"2017-06-22T05:51:45+00:00\",\"dateModified\":\"2025-03-06T07:30:04+00:00\",\"description\":\"\u0141atwa w monta\u017cu, estetyczna drabinka\\\/lejce stanowi\u0105ca nieocenion\u0105 pomoc podczas wstawania z \u0142\u00f3\u017cka pacjent\u00f3w. Dowiedz si\u0119 wi\u0119cej!\",\"breadcrumb\":{\"@id\":\"https:\\\/\\\/innow.pl\\\/produkt\\\/dl-drabinkalejce-pomoc-do-wstawania-w-lozku\\\/#breadcrumb\"},\"inLanguage\":\"fr-FR\",\"potentialAction\":[{\"@type\":\"ReadAction\",\"target\":[\"https:\\\/\\\/innow.pl\\\/produkt\\\/dl-drabinkalejce-pomoc-do-wstawania-w-lozku\\\/\"]}]},{\"@type\":\"ImageObject\",\"inLanguage\":\"fr-FR\",\"@id\":\"https:\\\/\\\/innow.pl\\\/produkt\\\/dl-drabinkalejce-pomoc-do-wstawania-w-lozku\\\/#primaryimage\",\"url\":\"https:\\\/\\\/innow.pl\\\/wp-content\\\/uploads\\\/2024\\\/11\\\/DL_nowy.jpg\",\"contentUrl\":\"https:\\\/\\\/innow.pl\\\/wp-content\\\/uploads\\\/2024\\\/11\\\/DL_nowy.jpg\",\"width\":600,\"height\":600,\"caption\":\"Drabinka\\\/lejce pomoc do wstawania w \u0142\u00f3\u017cku \u2013 DL \u2013 INNOW\"},{\"@type\":\"BreadcrumbList\",\"@id\":\"https:\\\/\\\/innow.pl\\\/produkt\\\/dl-drabinkalejce-pomoc-do-wstawania-w-lozku\\\/#breadcrumb\",\"itemListElement\":[{\"@type\":\"ListItem\",\"position\":1,\"name\":\"INNOW\",\"item\":\"https:\\\/\\\/innow.pl\\\/fr\\\/\"},{\"@type\":\"ListItem\",\"position\":2,\"name\":\"Produkty\",\"item\":\"https:\\\/\\\/innow.pl\\\/produkty\\\/\"},{\"@type\":\"ListItem\",\"position\":3,\"name\":\"Piel\u0119gnacja i rehabilitacja\",\"item\":\"https:\\\/\\\/innow.pl\\\/produkty\\\/pielegnacja-i-rehabilitacja\\\/\"},{\"@type\":\"ListItem\",\"position\":4,\"name\":\"\u0141\u00f3\u017cka rehabilitacyjne\",\"item\":\"https:\\\/\\\/innow.pl\\\/produkty\\\/pielegnacja-i-rehabilitacja\\\/lozka-rehabilitacyjne\\\/\"},{\"@type\":\"ListItem\",\"position\":5,\"name\":\"Wyposa\u017cenie pomocnicze\",\"item\":\"https:\\\/\\\/innow.pl\\\/produkty\\\/pielegnacja-i-rehabilitacja\\\/lozka-rehabilitacyjne\\\/wyposazenie-pomocnicze\\\/\"},{\"@type\":\"ListItem\",\"position\":6,\"name\":\"Pomoce\",\"item\":\"https:\\\/\\\/innow.pl\\\/produkty\\\/pielegnacja-i-rehabilitacja\\\/lozka-rehabilitacyjne\\\/wyposazenie-pomocnicze\\\/pomoce\\\/\"},{\"@type\":\"ListItem\",\"position\":7,\"name\":\"DL &#8211; Drabinka-lejce pomoc do wstawania w \u0142\u00f3\u017cku\"}]},{\"@type\":\"WebSite\",\"@id\":\"https:\\\/\\\/innow.pl\\\/#website\",\"url\":\"https:\\\/\\\/innow.pl\\\/\",\"name\":\"INNOW\",\"description\":\"\",\"potentialAction\":[{\"@type\":\"SearchAction\",\"target\":{\"@type\":\"EntryPoint\",\"urlTemplate\":\"https:\\\/\\\/innow.pl\\\/?s={search_term_string}\"},\"query-input\":{\"@type\":\"PropertyValueSpecification\",\"valueRequired\":true,\"valueName\":\"search_term_string\"}}],\"inLanguage\":\"fr-FR\"}]}<\/script>\n<!-- \/ Yoast SEO plugin. -->","yoast_head_json":{"title":"DL - Drabinka-lejce pomoc do wstawania w \u0142\u00f3\u017cku - INNOW","description":"\u0141atwa w monta\u017cu, estetyczna drabinka\/lejce stanowi\u0105ca nieocenion\u0105 pomoc podczas wstawania z \u0142\u00f3\u017cka pacjent\u00f3w. Dowiedz si\u0119 wi\u0119cej!","robots":{"index":"index","follow":"follow","max-snippet":"max-snippet:-1","max-image-preview":"max-image-preview:large","max-video-preview":"max-video-preview:-1"},"canonical":"https:\/\/innow.pl\/produkt\/dl-drabinkalejce-pomoc-do-wstawania-w-lozku\/","og_locale":"fr_FR","og_type":"article","og_title":"DL - Drabinka-lejce pomoc do wstawania w \u0142\u00f3\u017cku - INNOW","og_description":"\u0141atwa w monta\u017cu, estetyczna drabinka\/lejce stanowi\u0105ca nieocenion\u0105 pomoc podczas wstawania z \u0142\u00f3\u017cka pacjent\u00f3w. Dowiedz si\u0119 wi\u0119cej!","og_url":"https:\/\/innow.pl\/produkt\/dl-drabinkalejce-pomoc-do-wstawania-w-lozku\/","og_site_name":"INNOW","article_modified_time":"2025-03-06T07:30:04+00:00","og_image":[{"width":600,"height":600,"url":"https:\/\/innow.pl\/wp-content\/uploads\/2024\/11\/DL_nowy.jpg","type":"image\/jpeg"}],"twitter_card":"summary_large_image","twitter_misc":{"Dur\u00e9e de lecture estim\u00e9e":"1 minute"},"schema":{"@context":"https:\/\/schema.org","@graph":[{"@type":"WebPage","@id":"https:\/\/innow.pl\/produkt\/dl-drabinkalejce-pomoc-do-wstawania-w-lozku\/","url":"https:\/\/innow.pl\/produkt\/dl-drabinkalejce-pomoc-do-wstawania-w-lozku\/","name":"DL - Drabinka-lejce pomoc do wstawania w \u0142\u00f3\u017cku - INNOW","isPartOf":{"@id":"https:\/\/innow.pl\/#website"},"primaryImageOfPage":{"@id":"https:\/\/innow.pl\/produkt\/dl-drabinkalejce-pomoc-do-wstawania-w-lozku\/#primaryimage"},"image":{"@id":"https:\/\/innow.pl\/produkt\/dl-drabinkalejce-pomoc-do-wstawania-w-lozku\/#primaryimage"},"thumbnailUrl":"https:\/\/innow.pl\/wp-content\/uploads\/2024\/11\/DL_nowy.jpg","datePublished":"2017-06-22T05:51:45+00:00","dateModified":"2025-03-06T07:30:04+00:00","description":"\u0141atwa w monta\u017cu, estetyczna drabinka\/lejce stanowi\u0105ca nieocenion\u0105 pomoc podczas wstawania z \u0142\u00f3\u017cka pacjent\u00f3w. Dowiedz si\u0119 wi\u0119cej!","breadcrumb":{"@id":"https:\/\/innow.pl\/produkt\/dl-drabinkalejce-pomoc-do-wstawania-w-lozku\/#breadcrumb"},"inLanguage":"fr-FR","potentialAction":[{"@type":"ReadAction","target":["https:\/\/innow.pl\/produkt\/dl-drabinkalejce-pomoc-do-wstawania-w-lozku\/"]}]},{"@type":"ImageObject","inLanguage":"fr-FR","@id":"https:\/\/innow.pl\/produkt\/dl-drabinkalejce-pomoc-do-wstawania-w-lozku\/#primaryimage","url":"https:\/\/innow.pl\/wp-content\/uploads\/2024\/11\/DL_nowy.jpg","contentUrl":"https:\/\/innow.pl\/wp-content\/uploads\/2024\/11\/DL_nowy.jpg","width":600,"height":600,"caption":"Drabinka\/lejce pomoc do wstawania w \u0142\u00f3\u017cku \u2013 DL \u2013 INNOW"},{"@type":"BreadcrumbList","@id":"https:\/\/innow.pl\/produkt\/dl-drabinkalejce-pomoc-do-wstawania-w-lozku\/#breadcrumb","itemListElement":[{"@type":"ListItem","position":1,"name":"INNOW","item":"https:\/\/innow.pl\/fr\/"},{"@type":"ListItem","position":2,"name":"Produkty","item":"https:\/\/innow.pl\/produkty\/"},{"@type":"ListItem","position":3,"name":"Piel\u0119gnacja i rehabilitacja","item":"https:\/\/innow.pl\/produkty\/pielegnacja-i-rehabilitacja\/"},{"@type":"ListItem","position":4,"name":"\u0141\u00f3\u017cka rehabilitacyjne","item":"https:\/\/innow.pl\/produkty\/pielegnacja-i-rehabilitacja\/lozka-rehabilitacyjne\/"},{"@type":"ListItem","position":5,"name":"Wyposa\u017cenie pomocnicze","item":"https:\/\/innow.pl\/produkty\/pielegnacja-i-rehabilitacja\/lozka-rehabilitacyjne\/wyposazenie-pomocnicze\/"},{"@type":"ListItem","position":6,"name":"Pomoce","item":"https:\/\/innow.pl\/produkty\/pielegnacja-i-rehabilitacja\/lozka-rehabilitacyjne\/wyposazenie-pomocnicze\/pomoce\/"},{"@type":"ListItem","position":7,"name":"DL &#8211; Drabinka-lejce pomoc do wstawania w \u0142\u00f3\u017cku"}]},{"@type":"WebSite","@id":"https:\/\/innow.pl\/#website","url":"https:\/\/innow.pl\/","name":"INNOW","description":"","potentialAction":[{"@type":"SearchAction","target":{"@type":"EntryPoint","urlTemplate":"https:\/\/innow.pl\/?s={search_term_string}"},"query-input":{"@type":"PropertyValueSpecification","valueRequired":true,"valueName":"search_term_string"}}],"inLanguage":"fr-FR"}]}},"_links":{"self":[{"href":"https:\/\/innow.pl\/fr\/wp-json\/wp\/v2\/product\/25254","targetHints":{"allow":["GET"]}}],"collection":[{"href":"https:\/\/innow.pl\/fr\/wp-json\/wp\/v2\/product"}],"about":[{"href":"https:\/\/innow.pl\/fr\/wp-json\/wp\/v2\/types\/product"}],"replies":[{"embeddable":true,"href":"https:\/\/innow.pl\/fr\/wp-json\/wp\/v2\/comments?post=25254"}],"wp:featuredmedia":[{"embeddable":true,"href":"https:\/\/innow.pl\/fr\/wp-json\/wp\/v2\/media\/25256"}],"wp:attachment":[{"href":"https:\/\/innow.pl\/fr\/wp-json\/wp\/v2\/media?parent=25254"}],"wp:term":[{"taxonomy":"product_brand","embeddable":true,"href":"https:\/\/innow.pl\/fr\/wp-json\/wp\/v2\/product_brand?post=25254"},{"taxonomy":"product_cat","embeddable":true,"href":"https:\/\/innow.pl\/fr\/wp-json\/wp\/v2\/product_cat?post=25254"},{"taxonomy":"product_tag","embeddable":true,"href":"https:\/\/innow.pl\/fr\/wp-json\/wp\/v2\/product_tag?post=25254"}],"curies":[{"name":"wp","href":"https:\/\/api.w.org\/{rel}","templated":true}]}}