{"id":25242,"date":"2017-06-22T07:12:04","date_gmt":"2017-06-22T05:12:04","guid":{"rendered":"https:\/\/innow.pl\/produkt\/st801e-stolik-przylozkowy-ekonomiczny\/"},"modified":"2025-03-06T08:32:06","modified_gmt":"2025-03-06T07:32:06","slug":"st801e-stolik-przylozkowy-ekonomiczny","status":"publish","type":"product","link":"https:\/\/innow.pl\/fr\/produkt\/st801e-stolik-przylozkowy-ekonomiczny\/","title":{"rendered":"ST801E &#8211; Stolik przy\u0142\u00f3\u017ckowy ekonomiczny"},"content":{"rendered":"<p>Praktyczny stolik przy\u0142\u00f3\u017ckowy umo\u017cliwiaj\u0105cy regulacj\u0119 k\u0105ta nachylenia blatu w stosunku do pacjenta.<\/p>\n","protected":false},"excerpt":{"rendered":"<p>Praktyczny stolik przy\u0142\u00f3\u017ckowy umo\u017cliwiaj\u0105cy regulacj\u0119 k\u0105ta nachylenia blatu w stosunku do pacjenta.<\/p>\n","protected":false},"featured_media":25244,"comment_status":"open","ping_status":"closed","template":"","meta":{"_acf_changed":false},"product_brand":[],"product_cat":[438,540,508,481],"product_tag":[],"class_list":{"0":"post-25242","1":"product","2":"type-product","3":"status-publish","4":"has-post-thumbnail","6":"product_cat-pielegnacja-i-rehabilitacja","7":"product_cat-szafki-i-stoliki","8":"product_cat-wyposazenie-pomocnicze","9":"product_cat-lozka-rehabilitacyjne","10":"pa_dlugosc-57-cm","11":"pa_grubosc-16-cm","12":"pa_kat-nachylenia-blatu-0-90","13":"pa_kat-nachylenia-ramienia-1073","14":"pa_szerokosc-44-cm","15":"pa_wymiary-blatu-40-x-60-cm","16":"pa_wymiary-blatu-blat-boczny-40-x-16-cm","17":"pa_wysokosc-61-94-cm","19":"first","20":"instock","21":"taxable","22":"shipping-taxable","23":"purchasable","24":"product-type-simple"},"acf":[],"yoast_head":"<!-- This site is optimized with the Yoast SEO plugin v27.4 - https:\/\/yoast.com\/product\/yoast-seo-wordpress\/ -->\n<title>ST801E - Stolik przy\u0142\u00f3\u017ckowy ekonomiczny - INNOW<\/title>\n<meta name=\"description\" content=\"Estetyczny stolik przy\u0142\u00f3\u017ckowy ekonomiczny zapewniaj\u0105cy maksymaln\u0105 wygod\u0119 u\u017cytkowania, dzi\u0119ki regulacji k\u0105ta nachylenia. Dowiedz si\u0119 wi\u0119cej!\" \/>\n<meta name=\"robots\" content=\"index, follow, max-snippet:-1, max-image-preview:large, max-video-preview:-1\" \/>\n<link rel=\"canonical\" href=\"https:\/\/innow.pl\/produkt\/st801e-stolik-przylozkowy-ekonomiczny\/\" \/>\n<meta property=\"og:locale\" content=\"fr_FR\" \/>\n<meta property=\"og:type\" content=\"article\" \/>\n<meta property=\"og:title\" content=\"ST801E - Stolik przy\u0142\u00f3\u017ckowy ekonomiczny - INNOW\" \/>\n<meta property=\"og:description\" content=\"Estetyczny stolik przy\u0142\u00f3\u017ckowy ekonomiczny zapewniaj\u0105cy maksymaln\u0105 wygod\u0119 u\u017cytkowania, dzi\u0119ki regulacji k\u0105ta nachylenia. Dowiedz si\u0119 wi\u0119cej!\" \/>\n<meta property=\"og:url\" content=\"https:\/\/innow.pl\/produkt\/st801e-stolik-przylozkowy-ekonomiczny\/\" \/>\n<meta property=\"og:site_name\" content=\"INNOW\" \/>\n<meta property=\"article:modified_time\" content=\"2025-03-06T07:32:06+00:00\" \/>\n<meta property=\"og:image\" content=\"https:\/\/innow.pl\/wp-content\/uploads\/2024\/11\/ST801E_.jpg\" \/>\n\t<meta property=\"og:image:width\" content=\"800\" \/>\n\t<meta property=\"og:image:height\" content=\"800\" \/>\n\t<meta property=\"og:image:type\" content=\"image\/jpeg\" \/>\n<meta name=\"twitter:card\" content=\"summary_large_image\" \/>\n<meta name=\"twitter:label1\" content=\"Dur\u00e9e de lecture estim\u00e9e\" \/>\n\t<meta name=\"twitter:data1\" content=\"1 minute\" \/>\n<script type=\"application\/ld+json\" class=\"yoast-schema-graph\">{\"@context\":\"https:\\\/\\\/schema.org\",\"@graph\":[{\"@type\":\"WebPage\",\"@id\":\"https:\\\/\\\/innow.pl\\\/produkt\\\/st801e-stolik-przylozkowy-ekonomiczny\\\/\",\"url\":\"https:\\\/\\\/innow.pl\\\/produkt\\\/st801e-stolik-przylozkowy-ekonomiczny\\\/\",\"name\":\"ST801E - Stolik przy\u0142\u00f3\u017ckowy ekonomiczny - INNOW\",\"isPartOf\":{\"@id\":\"https:\\\/\\\/innow.pl\\\/#website\"},\"primaryImageOfPage\":{\"@id\":\"https:\\\/\\\/innow.pl\\\/produkt\\\/st801e-stolik-przylozkowy-ekonomiczny\\\/#primaryimage\"},\"image\":{\"@id\":\"https:\\\/\\\/innow.pl\\\/produkt\\\/st801e-stolik-przylozkowy-ekonomiczny\\\/#primaryimage\"},\"thumbnailUrl\":\"https:\\\/\\\/innow.pl\\\/wp-content\\\/uploads\\\/2024\\\/11\\\/ST801E_.jpg\",\"datePublished\":\"2017-06-22T05:12:04+00:00\",\"dateModified\":\"2025-03-06T07:32:06+00:00\",\"description\":\"Estetyczny stolik przy\u0142\u00f3\u017ckowy ekonomiczny zapewniaj\u0105cy maksymaln\u0105 wygod\u0119 u\u017cytkowania, dzi\u0119ki regulacji k\u0105ta nachylenia. Dowiedz si\u0119 wi\u0119cej!\",\"breadcrumb\":{\"@id\":\"https:\\\/\\\/innow.pl\\\/produkt\\\/st801e-stolik-przylozkowy-ekonomiczny\\\/#breadcrumb\"},\"inLanguage\":\"fr-FR\",\"potentialAction\":[{\"@type\":\"ReadAction\",\"target\":[\"https:\\\/\\\/innow.pl\\\/produkt\\\/st801e-stolik-przylozkowy-ekonomiczny\\\/\"]}]},{\"@type\":\"ImageObject\",\"inLanguage\":\"fr-FR\",\"@id\":\"https:\\\/\\\/innow.pl\\\/produkt\\\/st801e-stolik-przylozkowy-ekonomiczny\\\/#primaryimage\",\"url\":\"https:\\\/\\\/innow.pl\\\/wp-content\\\/uploads\\\/2024\\\/11\\\/ST801E_.jpg\",\"contentUrl\":\"https:\\\/\\\/innow.pl\\\/wp-content\\\/uploads\\\/2024\\\/11\\\/ST801E_.jpg\",\"width\":800,\"height\":800,\"caption\":\"Stolik przy\u0142\u00f3\u017ckowy ekonomiczny \u2013 ST801E \u2013 INNOW\"},{\"@type\":\"BreadcrumbList\",\"@id\":\"https:\\\/\\\/innow.pl\\\/produkt\\\/st801e-stolik-przylozkowy-ekonomiczny\\\/#breadcrumb\",\"itemListElement\":[{\"@type\":\"ListItem\",\"position\":1,\"name\":\"INNOW\",\"item\":\"https:\\\/\\\/innow.pl\\\/fr\\\/\"},{\"@type\":\"ListItem\",\"position\":2,\"name\":\"Produkty\",\"item\":\"https:\\\/\\\/innow.pl\\\/produkty\\\/\"},{\"@type\":\"ListItem\",\"position\":3,\"name\":\"Piel\u0119gnacja i rehabilitacja\",\"item\":\"https:\\\/\\\/innow.pl\\\/produkty\\\/pielegnacja-i-rehabilitacja\\\/\"},{\"@type\":\"ListItem\",\"position\":4,\"name\":\"\u0141\u00f3\u017cka rehabilitacyjne\",\"item\":\"https:\\\/\\\/innow.pl\\\/produkty\\\/pielegnacja-i-rehabilitacja\\\/lozka-rehabilitacyjne\\\/\"},{\"@type\":\"ListItem\",\"position\":5,\"name\":\"Wyposa\u017cenie pomocnicze\",\"item\":\"https:\\\/\\\/innow.pl\\\/produkty\\\/pielegnacja-i-rehabilitacja\\\/lozka-rehabilitacyjne\\\/wyposazenie-pomocnicze\\\/\"},{\"@type\":\"ListItem\",\"position\":6,\"name\":\"Szafki i stoliki\",\"item\":\"https:\\\/\\\/innow.pl\\\/produkty\\\/pielegnacja-i-rehabilitacja\\\/lozka-rehabilitacyjne\\\/wyposazenie-pomocnicze\\\/szafki-i-stoliki\\\/\"},{\"@type\":\"ListItem\",\"position\":7,\"name\":\"ST801E &#8211; Stolik przy\u0142\u00f3\u017ckowy ekonomiczny\"}]},{\"@type\":\"WebSite\",\"@id\":\"https:\\\/\\\/innow.pl\\\/#website\",\"url\":\"https:\\\/\\\/innow.pl\\\/\",\"name\":\"INNOW\",\"description\":\"\",\"potentialAction\":[{\"@type\":\"SearchAction\",\"target\":{\"@type\":\"EntryPoint\",\"urlTemplate\":\"https:\\\/\\\/innow.pl\\\/?s={search_term_string}\"},\"query-input\":{\"@type\":\"PropertyValueSpecification\",\"valueRequired\":true,\"valueName\":\"search_term_string\"}}],\"inLanguage\":\"fr-FR\"}]}<\/script>\n<!-- \/ Yoast SEO plugin. -->","yoast_head_json":{"title":"ST801E - Stolik przy\u0142\u00f3\u017ckowy ekonomiczny - INNOW","description":"Estetyczny stolik przy\u0142\u00f3\u017ckowy ekonomiczny zapewniaj\u0105cy maksymaln\u0105 wygod\u0119 u\u017cytkowania, dzi\u0119ki regulacji k\u0105ta nachylenia. Dowiedz si\u0119 wi\u0119cej!","robots":{"index":"index","follow":"follow","max-snippet":"max-snippet:-1","max-image-preview":"max-image-preview:large","max-video-preview":"max-video-preview:-1"},"canonical":"https:\/\/innow.pl\/produkt\/st801e-stolik-przylozkowy-ekonomiczny\/","og_locale":"fr_FR","og_type":"article","og_title":"ST801E - Stolik przy\u0142\u00f3\u017ckowy ekonomiczny - INNOW","og_description":"Estetyczny stolik przy\u0142\u00f3\u017ckowy ekonomiczny zapewniaj\u0105cy maksymaln\u0105 wygod\u0119 u\u017cytkowania, dzi\u0119ki regulacji k\u0105ta nachylenia. Dowiedz si\u0119 wi\u0119cej!","og_url":"https:\/\/innow.pl\/produkt\/st801e-stolik-przylozkowy-ekonomiczny\/","og_site_name":"INNOW","article_modified_time":"2025-03-06T07:32:06+00:00","og_image":[{"width":800,"height":800,"url":"https:\/\/innow.pl\/wp-content\/uploads\/2024\/11\/ST801E_.jpg","type":"image\/jpeg"}],"twitter_card":"summary_large_image","twitter_misc":{"Dur\u00e9e de lecture estim\u00e9e":"1 minute"},"schema":{"@context":"https:\/\/schema.org","@graph":[{"@type":"WebPage","@id":"https:\/\/innow.pl\/produkt\/st801e-stolik-przylozkowy-ekonomiczny\/","url":"https:\/\/innow.pl\/produkt\/st801e-stolik-przylozkowy-ekonomiczny\/","name":"ST801E - Stolik przy\u0142\u00f3\u017ckowy ekonomiczny - INNOW","isPartOf":{"@id":"https:\/\/innow.pl\/#website"},"primaryImageOfPage":{"@id":"https:\/\/innow.pl\/produkt\/st801e-stolik-przylozkowy-ekonomiczny\/#primaryimage"},"image":{"@id":"https:\/\/innow.pl\/produkt\/st801e-stolik-przylozkowy-ekonomiczny\/#primaryimage"},"thumbnailUrl":"https:\/\/innow.pl\/wp-content\/uploads\/2024\/11\/ST801E_.jpg","datePublished":"2017-06-22T05:12:04+00:00","dateModified":"2025-03-06T07:32:06+00:00","description":"Estetyczny stolik przy\u0142\u00f3\u017ckowy ekonomiczny zapewniaj\u0105cy maksymaln\u0105 wygod\u0119 u\u017cytkowania, dzi\u0119ki regulacji k\u0105ta nachylenia. Dowiedz si\u0119 wi\u0119cej!","breadcrumb":{"@id":"https:\/\/innow.pl\/produkt\/st801e-stolik-przylozkowy-ekonomiczny\/#breadcrumb"},"inLanguage":"fr-FR","potentialAction":[{"@type":"ReadAction","target":["https:\/\/innow.pl\/produkt\/st801e-stolik-przylozkowy-ekonomiczny\/"]}]},{"@type":"ImageObject","inLanguage":"fr-FR","@id":"https:\/\/innow.pl\/produkt\/st801e-stolik-przylozkowy-ekonomiczny\/#primaryimage","url":"https:\/\/innow.pl\/wp-content\/uploads\/2024\/11\/ST801E_.jpg","contentUrl":"https:\/\/innow.pl\/wp-content\/uploads\/2024\/11\/ST801E_.jpg","width":800,"height":800,"caption":"Stolik przy\u0142\u00f3\u017ckowy ekonomiczny \u2013 ST801E \u2013 INNOW"},{"@type":"BreadcrumbList","@id":"https:\/\/innow.pl\/produkt\/st801e-stolik-przylozkowy-ekonomiczny\/#breadcrumb","itemListElement":[{"@type":"ListItem","position":1,"name":"INNOW","item":"https:\/\/innow.pl\/fr\/"},{"@type":"ListItem","position":2,"name":"Produkty","item":"https:\/\/innow.pl\/produkty\/"},{"@type":"ListItem","position":3,"name":"Piel\u0119gnacja i rehabilitacja","item":"https:\/\/innow.pl\/produkty\/pielegnacja-i-rehabilitacja\/"},{"@type":"ListItem","position":4,"name":"\u0141\u00f3\u017cka rehabilitacyjne","item":"https:\/\/innow.pl\/produkty\/pielegnacja-i-rehabilitacja\/lozka-rehabilitacyjne\/"},{"@type":"ListItem","position":5,"name":"Wyposa\u017cenie pomocnicze","item":"https:\/\/innow.pl\/produkty\/pielegnacja-i-rehabilitacja\/lozka-rehabilitacyjne\/wyposazenie-pomocnicze\/"},{"@type":"ListItem","position":6,"name":"Szafki i stoliki","item":"https:\/\/innow.pl\/produkty\/pielegnacja-i-rehabilitacja\/lozka-rehabilitacyjne\/wyposazenie-pomocnicze\/szafki-i-stoliki\/"},{"@type":"ListItem","position":7,"name":"ST801E &#8211; Stolik przy\u0142\u00f3\u017ckowy ekonomiczny"}]},{"@type":"WebSite","@id":"https:\/\/innow.pl\/#website","url":"https:\/\/innow.pl\/","name":"INNOW","description":"","potentialAction":[{"@type":"SearchAction","target":{"@type":"EntryPoint","urlTemplate":"https:\/\/innow.pl\/?s={search_term_string}"},"query-input":{"@type":"PropertyValueSpecification","valueRequired":true,"valueName":"search_term_string"}}],"inLanguage":"fr-FR"}]}},"_links":{"self":[{"href":"https:\/\/innow.pl\/fr\/wp-json\/wp\/v2\/product\/25242","targetHints":{"allow":["GET"]}}],"collection":[{"href":"https:\/\/innow.pl\/fr\/wp-json\/wp\/v2\/product"}],"about":[{"href":"https:\/\/innow.pl\/fr\/wp-json\/wp\/v2\/types\/product"}],"replies":[{"embeddable":true,"href":"https:\/\/innow.pl\/fr\/wp-json\/wp\/v2\/comments?post=25242"}],"wp:featuredmedia":[{"embeddable":true,"href":"https:\/\/innow.pl\/fr\/wp-json\/wp\/v2\/media\/25244"}],"wp:attachment":[{"href":"https:\/\/innow.pl\/fr\/wp-json\/wp\/v2\/media?parent=25242"}],"wp:term":[{"taxonomy":"product_brand","embeddable":true,"href":"https:\/\/innow.pl\/fr\/wp-json\/wp\/v2\/product_brand?post=25242"},{"taxonomy":"product_cat","embeddable":true,"href":"https:\/\/innow.pl\/fr\/wp-json\/wp\/v2\/product_cat?post=25242"},{"taxonomy":"product_tag","embeddable":true,"href":"https:\/\/innow.pl\/fr\/wp-json\/wp\/v2\/product_tag?post=25242"}],"curies":[{"name":"wp","href":"https:\/\/api.w.org\/{rel}","templated":true}]}}