{"id":25214,"date":"2017-06-22T06:29:24","date_gmt":"2017-06-22T04:29:24","guid":{"rendered":"https:\/\/innow.pl\/produkt\/sz811-ml-szafka-przylozkowa-metalowa-z-boczna-polka-obrotowa\/"},"modified":"2025-03-07T13:03:44","modified_gmt":"2025-03-07T12:03:44","slug":"sz811-ml-szafka-przylozkowa-metalowa-z-boczna-polka-obrotowa","status":"publish","type":"product","link":"https:\/\/innow.pl\/fr\/produkt\/sz811-ml-szafka-przylozkowa-metalowa-z-boczna-polka-obrotowa\/","title":{"rendered":"SZ811 ML &#8211; Szafka przy\u0142\u00f3\u017ckowa metalowa z boczn\u0105 p\u00f3\u0142k\u0105 obrotow\u0105"},"content":{"rendered":"<p>Szafka przy\u0142\u00f3\u017ckowa o konstrukcji wykonanej z blachy stalowej malowanej proszkowo i blatem z p\u0142yty meblowej. Posiada pojemn\u0105 szuflad\u0119 umieszczon\u0105 na rolkowych prowadnicach, a szafka umieszczona poni\u017cej zamykana jest na zatrzask magnetyczny. Kolor drzwiczek szuflady oraz szafki, a tak\u017ce dopasowany do nich kolor blatu mo\u017cna wybra\u0107 spo\u015br\u00f3d dost\u0119pnych, przedstawionych na zdj\u0119ciu 3. Wyr\u00f3b jest \u0142atwy w przemieszczaniu dzi\u0119ki obecno\u015bci 4 k\u00f3\u0142ek o \u015brednicy 50 mm, w tym 2 z hamulcami. Powierzchnia szafki cechuje si\u0119 odporno\u015bci\u0105 na dzia\u0142anie \u015brodk\u00f3w do dezynfekcji. Dodatkowa powierzchnia u\u017cytkowa dost\u0119pna jest dzi\u0119ki bocznej p\u00f3\u0142ce obrotowej.<\/p>\n","protected":false},"excerpt":{"rendered":"<p>Szafka przy\u0142\u00f3\u017ckowa o konstrukcji wykonanej z blachy stalowej malowanej proszkowo i blatem z p\u0142yty meblowej. Posiada pojemn\u0105 szuflad\u0119 umieszczon\u0105 na rolkowych prowadnicach, a szafka umieszczona poni\u017cej zamykana jest na zatrzask magnetyczny. Kolor drzwiczek szuflady oraz szafki, a tak\u017ce dopasowany do nich kolor blatu mo\u017cna wybra\u0107 spo\u015br\u00f3d dost\u0119pnych, przedstawionych na zdj\u0119ciu 3. Wyr\u00f3b jest \u0142atwy w [&hellip;]<\/p>\n","protected":false},"featured_media":25216,"comment_status":"open","ping_status":"closed","template":"","meta":{"_acf_changed":false},"product_brand":[],"product_cat":[438,540,508,481],"product_tag":[],"class_list":{"0":"post-25214","1":"product","2":"type-product","3":"status-publish","4":"has-post-thumbnail","6":"product_cat-pielegnacja-i-rehabilitacja","7":"product_cat-szafki-i-stoliki","8":"product_cat-wyposazenie-pomocnicze","9":"product_cat-lozka-rehabilitacyjne","10":"pa_glebokosc-43-cm","11":"pa_szerokosc-56-cm","12":"pa_wymiary-blatu-55-x-34-cm","13":"pa_wysokosc-80-cm","14":"pa_wysokosc-blatu-90-103-cm","16":"first","17":"instock","18":"taxable","19":"shipping-taxable","20":"purchasable","21":"product-type-simple"},"acf":[],"yoast_head":"<!-- This site is optimized with the Yoast SEO plugin v27.4 - https:\/\/yoast.com\/product\/yoast-seo-wordpress\/ -->\n<title>SZ811 ML - Szafka przy\u0142\u00f3\u017ckowa metalowa z boczn\u0105 p\u00f3\u0142k\u0105 obrotow\u0105 - INNOW<\/title>\n<meta name=\"description\" content=\"Funkcjonalna i estetyczna szafka przy\u0142\u00f3\u017ckowa metalowa z boczn\u0105 p\u00f3\u0142k\u0105 obrotow\u0105 rozszerzaj\u0105c\u0105 jej zastosowanie. Dowiedz si\u0119 wi\u0119cej!\" \/>\n<meta name=\"robots\" content=\"index, follow, max-snippet:-1, max-image-preview:large, max-video-preview:-1\" \/>\n<link rel=\"canonical\" href=\"https:\/\/innow.pl\/produkt\/sz811-ml-szafka-przylozkowa-metalowa-z-boczna-polka-obrotowa\/\" \/>\n<meta property=\"og:locale\" content=\"fr_FR\" \/>\n<meta property=\"og:type\" content=\"article\" \/>\n<meta property=\"og:title\" content=\"SZ811 ML - Szafka przy\u0142\u00f3\u017ckowa metalowa z boczn\u0105 p\u00f3\u0142k\u0105 obrotow\u0105 - INNOW\" \/>\n<meta property=\"og:description\" content=\"Funkcjonalna i estetyczna szafka przy\u0142\u00f3\u017ckowa metalowa z boczn\u0105 p\u00f3\u0142k\u0105 obrotow\u0105 rozszerzaj\u0105c\u0105 jej zastosowanie. Dowiedz si\u0119 wi\u0119cej!\" \/>\n<meta property=\"og:url\" content=\"https:\/\/innow.pl\/produkt\/sz811-ml-szafka-przylozkowa-metalowa-z-boczna-polka-obrotowa\/\" \/>\n<meta property=\"og:site_name\" content=\"INNOW\" \/>\n<meta property=\"article:modified_time\" content=\"2025-03-07T12:03:44+00:00\" \/>\n<meta property=\"og:image\" content=\"https:\/\/innow.pl\/wp-content\/uploads\/2024\/11\/SZ811_ML.jpg\" \/>\n\t<meta property=\"og:image:width\" content=\"800\" \/>\n\t<meta property=\"og:image:height\" content=\"800\" \/>\n\t<meta property=\"og:image:type\" content=\"image\/jpeg\" \/>\n<meta name=\"twitter:card\" content=\"summary_large_image\" \/>\n<meta name=\"twitter:label1\" content=\"Dur\u00e9e de lecture estim\u00e9e\" \/>\n\t<meta name=\"twitter:data1\" content=\"1 minute\" \/>\n<script type=\"application\/ld+json\" class=\"yoast-schema-graph\">{\"@context\":\"https:\\\/\\\/schema.org\",\"@graph\":[{\"@type\":\"WebPage\",\"@id\":\"https:\\\/\\\/innow.pl\\\/produkt\\\/sz811-ml-szafka-przylozkowa-metalowa-z-boczna-polka-obrotowa\\\/\",\"url\":\"https:\\\/\\\/innow.pl\\\/produkt\\\/sz811-ml-szafka-przylozkowa-metalowa-z-boczna-polka-obrotowa\\\/\",\"name\":\"SZ811 ML - Szafka przy\u0142\u00f3\u017ckowa metalowa z boczn\u0105 p\u00f3\u0142k\u0105 obrotow\u0105 - INNOW\",\"isPartOf\":{\"@id\":\"https:\\\/\\\/innow.pl\\\/#website\"},\"primaryImageOfPage\":{\"@id\":\"https:\\\/\\\/innow.pl\\\/produkt\\\/sz811-ml-szafka-przylozkowa-metalowa-z-boczna-polka-obrotowa\\\/#primaryimage\"},\"image\":{\"@id\":\"https:\\\/\\\/innow.pl\\\/produkt\\\/sz811-ml-szafka-przylozkowa-metalowa-z-boczna-polka-obrotowa\\\/#primaryimage\"},\"thumbnailUrl\":\"https:\\\/\\\/innow.pl\\\/wp-content\\\/uploads\\\/2024\\\/11\\\/SZ811_ML.jpg\",\"datePublished\":\"2017-06-22T04:29:24+00:00\",\"dateModified\":\"2025-03-07T12:03:44+00:00\",\"description\":\"Funkcjonalna i estetyczna szafka przy\u0142\u00f3\u017ckowa metalowa z boczn\u0105 p\u00f3\u0142k\u0105 obrotow\u0105 rozszerzaj\u0105c\u0105 jej zastosowanie. Dowiedz si\u0119 wi\u0119cej!\",\"breadcrumb\":{\"@id\":\"https:\\\/\\\/innow.pl\\\/produkt\\\/sz811-ml-szafka-przylozkowa-metalowa-z-boczna-polka-obrotowa\\\/#breadcrumb\"},\"inLanguage\":\"fr-FR\",\"potentialAction\":[{\"@type\":\"ReadAction\",\"target\":[\"https:\\\/\\\/innow.pl\\\/produkt\\\/sz811-ml-szafka-przylozkowa-metalowa-z-boczna-polka-obrotowa\\\/\"]}]},{\"@type\":\"ImageObject\",\"inLanguage\":\"fr-FR\",\"@id\":\"https:\\\/\\\/innow.pl\\\/produkt\\\/sz811-ml-szafka-przylozkowa-metalowa-z-boczna-polka-obrotowa\\\/#primaryimage\",\"url\":\"https:\\\/\\\/innow.pl\\\/wp-content\\\/uploads\\\/2024\\\/11\\\/SZ811_ML.jpg\",\"contentUrl\":\"https:\\\/\\\/innow.pl\\\/wp-content\\\/uploads\\\/2024\\\/11\\\/SZ811_ML.jpg\",\"width\":800,\"height\":800,\"caption\":\"Szafka przy\u0142\u00f3\u017ckowa metalowa z boczn\u0105 p\u00f3\u0142k\u0105 obrotow\u0105 \u2013 SZ811 ML \u2013 INNOW\"},{\"@type\":\"BreadcrumbList\",\"@id\":\"https:\\\/\\\/innow.pl\\\/produkt\\\/sz811-ml-szafka-przylozkowa-metalowa-z-boczna-polka-obrotowa\\\/#breadcrumb\",\"itemListElement\":[{\"@type\":\"ListItem\",\"position\":1,\"name\":\"INNOW\",\"item\":\"https:\\\/\\\/innow.pl\\\/fr\\\/\"},{\"@type\":\"ListItem\",\"position\":2,\"name\":\"Produkty\",\"item\":\"https:\\\/\\\/innow.pl\\\/produkty\\\/\"},{\"@type\":\"ListItem\",\"position\":3,\"name\":\"Piel\u0119gnacja i rehabilitacja\",\"item\":\"https:\\\/\\\/innow.pl\\\/produkty\\\/pielegnacja-i-rehabilitacja\\\/\"},{\"@type\":\"ListItem\",\"position\":4,\"name\":\"\u0141\u00f3\u017cka rehabilitacyjne\",\"item\":\"https:\\\/\\\/innow.pl\\\/produkty\\\/pielegnacja-i-rehabilitacja\\\/lozka-rehabilitacyjne\\\/\"},{\"@type\":\"ListItem\",\"position\":5,\"name\":\"Wyposa\u017cenie pomocnicze\",\"item\":\"https:\\\/\\\/innow.pl\\\/produkty\\\/pielegnacja-i-rehabilitacja\\\/lozka-rehabilitacyjne\\\/wyposazenie-pomocnicze\\\/\"},{\"@type\":\"ListItem\",\"position\":6,\"name\":\"Szafki i stoliki\",\"item\":\"https:\\\/\\\/innow.pl\\\/produkty\\\/pielegnacja-i-rehabilitacja\\\/lozka-rehabilitacyjne\\\/wyposazenie-pomocnicze\\\/szafki-i-stoliki\\\/\"},{\"@type\":\"ListItem\",\"position\":7,\"name\":\"SZ811 ML &#8211; Szafka przy\u0142\u00f3\u017ckowa metalowa z boczn\u0105 p\u00f3\u0142k\u0105 obrotow\u0105\"}]},{\"@type\":\"WebSite\",\"@id\":\"https:\\\/\\\/innow.pl\\\/#website\",\"url\":\"https:\\\/\\\/innow.pl\\\/\",\"name\":\"INNOW\",\"description\":\"\",\"potentialAction\":[{\"@type\":\"SearchAction\",\"target\":{\"@type\":\"EntryPoint\",\"urlTemplate\":\"https:\\\/\\\/innow.pl\\\/?s={search_term_string}\"},\"query-input\":{\"@type\":\"PropertyValueSpecification\",\"valueRequired\":true,\"valueName\":\"search_term_string\"}}],\"inLanguage\":\"fr-FR\"}]}<\/script>\n<!-- \/ Yoast SEO plugin. -->","yoast_head_json":{"title":"SZ811 ML - Szafka przy\u0142\u00f3\u017ckowa metalowa z boczn\u0105 p\u00f3\u0142k\u0105 obrotow\u0105 - INNOW","description":"Funkcjonalna i estetyczna szafka przy\u0142\u00f3\u017ckowa metalowa z boczn\u0105 p\u00f3\u0142k\u0105 obrotow\u0105 rozszerzaj\u0105c\u0105 jej zastosowanie. Dowiedz si\u0119 wi\u0119cej!","robots":{"index":"index","follow":"follow","max-snippet":"max-snippet:-1","max-image-preview":"max-image-preview:large","max-video-preview":"max-video-preview:-1"},"canonical":"https:\/\/innow.pl\/produkt\/sz811-ml-szafka-przylozkowa-metalowa-z-boczna-polka-obrotowa\/","og_locale":"fr_FR","og_type":"article","og_title":"SZ811 ML - Szafka przy\u0142\u00f3\u017ckowa metalowa z boczn\u0105 p\u00f3\u0142k\u0105 obrotow\u0105 - INNOW","og_description":"Funkcjonalna i estetyczna szafka przy\u0142\u00f3\u017ckowa metalowa z boczn\u0105 p\u00f3\u0142k\u0105 obrotow\u0105 rozszerzaj\u0105c\u0105 jej zastosowanie. Dowiedz si\u0119 wi\u0119cej!","og_url":"https:\/\/innow.pl\/produkt\/sz811-ml-szafka-przylozkowa-metalowa-z-boczna-polka-obrotowa\/","og_site_name":"INNOW","article_modified_time":"2025-03-07T12:03:44+00:00","og_image":[{"width":800,"height":800,"url":"https:\/\/innow.pl\/wp-content\/uploads\/2024\/11\/SZ811_ML.jpg","type":"image\/jpeg"}],"twitter_card":"summary_large_image","twitter_misc":{"Dur\u00e9e de lecture estim\u00e9e":"1 minute"},"schema":{"@context":"https:\/\/schema.org","@graph":[{"@type":"WebPage","@id":"https:\/\/innow.pl\/produkt\/sz811-ml-szafka-przylozkowa-metalowa-z-boczna-polka-obrotowa\/","url":"https:\/\/innow.pl\/produkt\/sz811-ml-szafka-przylozkowa-metalowa-z-boczna-polka-obrotowa\/","name":"SZ811 ML - Szafka przy\u0142\u00f3\u017ckowa metalowa z boczn\u0105 p\u00f3\u0142k\u0105 obrotow\u0105 - INNOW","isPartOf":{"@id":"https:\/\/innow.pl\/#website"},"primaryImageOfPage":{"@id":"https:\/\/innow.pl\/produkt\/sz811-ml-szafka-przylozkowa-metalowa-z-boczna-polka-obrotowa\/#primaryimage"},"image":{"@id":"https:\/\/innow.pl\/produkt\/sz811-ml-szafka-przylozkowa-metalowa-z-boczna-polka-obrotowa\/#primaryimage"},"thumbnailUrl":"https:\/\/innow.pl\/wp-content\/uploads\/2024\/11\/SZ811_ML.jpg","datePublished":"2017-06-22T04:29:24+00:00","dateModified":"2025-03-07T12:03:44+00:00","description":"Funkcjonalna i estetyczna szafka przy\u0142\u00f3\u017ckowa metalowa z boczn\u0105 p\u00f3\u0142k\u0105 obrotow\u0105 rozszerzaj\u0105c\u0105 jej zastosowanie. Dowiedz si\u0119 wi\u0119cej!","breadcrumb":{"@id":"https:\/\/innow.pl\/produkt\/sz811-ml-szafka-przylozkowa-metalowa-z-boczna-polka-obrotowa\/#breadcrumb"},"inLanguage":"fr-FR","potentialAction":[{"@type":"ReadAction","target":["https:\/\/innow.pl\/produkt\/sz811-ml-szafka-przylozkowa-metalowa-z-boczna-polka-obrotowa\/"]}]},{"@type":"ImageObject","inLanguage":"fr-FR","@id":"https:\/\/innow.pl\/produkt\/sz811-ml-szafka-przylozkowa-metalowa-z-boczna-polka-obrotowa\/#primaryimage","url":"https:\/\/innow.pl\/wp-content\/uploads\/2024\/11\/SZ811_ML.jpg","contentUrl":"https:\/\/innow.pl\/wp-content\/uploads\/2024\/11\/SZ811_ML.jpg","width":800,"height":800,"caption":"Szafka przy\u0142\u00f3\u017ckowa metalowa z boczn\u0105 p\u00f3\u0142k\u0105 obrotow\u0105 \u2013 SZ811 ML \u2013 INNOW"},{"@type":"BreadcrumbList","@id":"https:\/\/innow.pl\/produkt\/sz811-ml-szafka-przylozkowa-metalowa-z-boczna-polka-obrotowa\/#breadcrumb","itemListElement":[{"@type":"ListItem","position":1,"name":"INNOW","item":"https:\/\/innow.pl\/fr\/"},{"@type":"ListItem","position":2,"name":"Produkty","item":"https:\/\/innow.pl\/produkty\/"},{"@type":"ListItem","position":3,"name":"Piel\u0119gnacja i rehabilitacja","item":"https:\/\/innow.pl\/produkty\/pielegnacja-i-rehabilitacja\/"},{"@type":"ListItem","position":4,"name":"\u0141\u00f3\u017cka rehabilitacyjne","item":"https:\/\/innow.pl\/produkty\/pielegnacja-i-rehabilitacja\/lozka-rehabilitacyjne\/"},{"@type":"ListItem","position":5,"name":"Wyposa\u017cenie pomocnicze","item":"https:\/\/innow.pl\/produkty\/pielegnacja-i-rehabilitacja\/lozka-rehabilitacyjne\/wyposazenie-pomocnicze\/"},{"@type":"ListItem","position":6,"name":"Szafki i stoliki","item":"https:\/\/innow.pl\/produkty\/pielegnacja-i-rehabilitacja\/lozka-rehabilitacyjne\/wyposazenie-pomocnicze\/szafki-i-stoliki\/"},{"@type":"ListItem","position":7,"name":"SZ811 ML &#8211; Szafka przy\u0142\u00f3\u017ckowa metalowa z boczn\u0105 p\u00f3\u0142k\u0105 obrotow\u0105"}]},{"@type":"WebSite","@id":"https:\/\/innow.pl\/#website","url":"https:\/\/innow.pl\/","name":"INNOW","description":"","potentialAction":[{"@type":"SearchAction","target":{"@type":"EntryPoint","urlTemplate":"https:\/\/innow.pl\/?s={search_term_string}"},"query-input":{"@type":"PropertyValueSpecification","valueRequired":true,"valueName":"search_term_string"}}],"inLanguage":"fr-FR"}]}},"_links":{"self":[{"href":"https:\/\/innow.pl\/fr\/wp-json\/wp\/v2\/product\/25214","targetHints":{"allow":["GET"]}}],"collection":[{"href":"https:\/\/innow.pl\/fr\/wp-json\/wp\/v2\/product"}],"about":[{"href":"https:\/\/innow.pl\/fr\/wp-json\/wp\/v2\/types\/product"}],"replies":[{"embeddable":true,"href":"https:\/\/innow.pl\/fr\/wp-json\/wp\/v2\/comments?post=25214"}],"wp:featuredmedia":[{"embeddable":true,"href":"https:\/\/innow.pl\/fr\/wp-json\/wp\/v2\/media\/25216"}],"wp:attachment":[{"href":"https:\/\/innow.pl\/fr\/wp-json\/wp\/v2\/media?parent=25214"}],"wp:term":[{"taxonomy":"product_brand","embeddable":true,"href":"https:\/\/innow.pl\/fr\/wp-json\/wp\/v2\/product_brand?post=25214"},{"taxonomy":"product_cat","embeddable":true,"href":"https:\/\/innow.pl\/fr\/wp-json\/wp\/v2\/product_cat?post=25214"},{"taxonomy":"product_tag","embeddable":true,"href":"https:\/\/innow.pl\/fr\/wp-json\/wp\/v2\/product_tag?post=25214"}],"curies":[{"name":"wp","href":"https:\/\/api.w.org\/{rel}","templated":true}]}}