{"id":25143,"date":"2017-06-21T08:17:14","date_gmt":"2017-06-21T06:17:14","guid":{"rendered":"https:\/\/innow.pl\/produkt\/bb-u-barierka-boczna-uniwersalna-do-kazdego-typu-lozek-szpitalnych-oe\/"},"modified":"2026-03-27T13:26:20","modified_gmt":"2026-03-27T12:26:20","slug":"bb-u-barierka-boczna-uniwersalna-do-kazdego-typu-lozek-szpitalnych-oe","status":"publish","type":"product","link":"https:\/\/innow.pl\/fr\/produkt\/bb-u-barierka-boczna-uniwersalna-do-kazdego-typu-lozek-szpitalnych-oe\/","title":{"rendered":"BBU &#8211; Barierka boczna uniwersalna do ka\u017cdego typu \u0142\u00f3\u017cek szpitalnych"},"content":{"rendered":"<p align=\"left\">Barierka boczna uniwersalna, kt\u00f3ra stosowana jest dla zabezpieczenia pacjenta przed wypadni\u0119ciem z \u0142\u00f3\u017cka. Wyr\u00f3b jest lakierowany proszkowo na kolor jasnoszary. Mo\u017ce by\u0107 wykorzystywana w \u0142\u00f3\u017ckach typu szpitalnego z metalowymi szczytami. Zakres tolerancji podstawowego modelu to 200-210 cm. <span lang=\"pl-PL\">Istnieje mo\u017cliwo\u015b\u0107 wykonania barierki wg specyfikacji klienta.<\/span><\/p>\n","protected":false},"excerpt":{"rendered":"<p>Barierka boczna uniwersalna, kt\u00f3ra stosowana jest dla zabezpieczenia pacjenta przed wypadni\u0119ciem z \u0142\u00f3\u017cka. Wyr\u00f3b jest lakierowany proszkowo na kolor jasnoszary. Mo\u017ce by\u0107 wykorzystywana w \u0142\u00f3\u017ckach typu szpitalnego z metalowymi szczytami. Zakres tolerancji podstawowego modelu to 200-210 cm. Istnieje mo\u017cliwo\u015b\u0107 wykonania barierki wg specyfikacji klienta.<\/p>\n","protected":false},"featured_media":76449,"comment_status":"open","ping_status":"closed","template":"","meta":{"_acf_changed":false},"product_brand":[],"product_cat":[507,438,481],"product_tag":[],"class_list":{"0":"post-25143","1":"product","2":"type-product","3":"status-publish","4":"has-post-thumbnail","6":"product_cat-barierki-boczne-uniwersalne","7":"product_cat-pielegnacja-i-rehabilitacja","8":"product_cat-lozka-rehabilitacyjne","9":"pa_dlugosc-196-cm","10":"pa_wysokosc-40-cm","12":"first","13":"instock","14":"taxable","15":"shipping-taxable","16":"purchasable","17":"product-type-simple"},"acf":[],"yoast_head":"<!-- This site is optimized with the Yoast SEO plugin v27.4 - https:\/\/yoast.com\/product\/yoast-seo-wordpress\/ -->\n<title>BBU - Barierka boczna uniwersalna do ka\u017cdego typu \u0142\u00f3\u017cek szpitalnych - INNOW<\/title>\n<meta name=\"description\" content=\"Zabezpieczaj\u0105ca przed wypadni\u0119ciem pacjenta, estetyczna barierka boczna uniwersalna do ka\u017cdego typu \u0142\u00f3\u017cek szpitalnych. Poznaj szczeg\u00f3\u0142y!\" \/>\n<meta name=\"robots\" content=\"index, follow, max-snippet:-1, max-image-preview:large, max-video-preview:-1\" \/>\n<link rel=\"canonical\" href=\"https:\/\/innow.pl\/produkt\/bb-u-barierka-boczna-uniwersalna-do-kazdego-typu-lozek-szpitalnych-oe\/\" \/>\n<meta property=\"og:locale\" content=\"fr_FR\" \/>\n<meta property=\"og:type\" content=\"article\" \/>\n<meta property=\"og:title\" content=\"BBU - Barierka boczna uniwersalna do ka\u017cdego typu \u0142\u00f3\u017cek szpitalnych - INNOW\" \/>\n<meta property=\"og:description\" content=\"Zabezpieczaj\u0105ca przed wypadni\u0119ciem pacjenta, estetyczna barierka boczna uniwersalna do ka\u017cdego typu \u0142\u00f3\u017cek szpitalnych. Poznaj szczeg\u00f3\u0142y!\" \/>\n<meta property=\"og:url\" content=\"https:\/\/innow.pl\/produkt\/bb-u-barierka-boczna-uniwersalna-do-kazdego-typu-lozek-szpitalnych-oe\/\" \/>\n<meta property=\"og:site_name\" content=\"INNOW\" \/>\n<meta property=\"article:modified_time\" content=\"2026-03-27T12:26:20+00:00\" \/>\n<meta property=\"og:image\" content=\"https:\/\/innow.pl\/wp-content\/uploads\/2017\/06\/BBU__szara_2025.jpg\" \/>\n\t<meta property=\"og:image:width\" content=\"1000\" \/>\n\t<meta property=\"og:image:height\" content=\"1000\" \/>\n\t<meta property=\"og:image:type\" content=\"image\/jpeg\" \/>\n<meta name=\"twitter:card\" content=\"summary_large_image\" \/>\n<meta name=\"twitter:label1\" content=\"Dur\u00e9e de lecture estim\u00e9e\" \/>\n\t<meta name=\"twitter:data1\" content=\"1 minute\" \/>\n<script type=\"application\/ld+json\" class=\"yoast-schema-graph\">{\"@context\":\"https:\\\/\\\/schema.org\",\"@graph\":[{\"@type\":\"WebPage\",\"@id\":\"https:\\\/\\\/innow.pl\\\/produkt\\\/bb-u-barierka-boczna-uniwersalna-do-kazdego-typu-lozek-szpitalnych-oe\\\/\",\"url\":\"https:\\\/\\\/innow.pl\\\/produkt\\\/bb-u-barierka-boczna-uniwersalna-do-kazdego-typu-lozek-szpitalnych-oe\\\/\",\"name\":\"BBU - Barierka boczna uniwersalna do ka\u017cdego typu \u0142\u00f3\u017cek szpitalnych - INNOW\",\"isPartOf\":{\"@id\":\"https:\\\/\\\/innow.pl\\\/#website\"},\"primaryImageOfPage\":{\"@id\":\"https:\\\/\\\/innow.pl\\\/produkt\\\/bb-u-barierka-boczna-uniwersalna-do-kazdego-typu-lozek-szpitalnych-oe\\\/#primaryimage\"},\"image\":{\"@id\":\"https:\\\/\\\/innow.pl\\\/produkt\\\/bb-u-barierka-boczna-uniwersalna-do-kazdego-typu-lozek-szpitalnych-oe\\\/#primaryimage\"},\"thumbnailUrl\":\"https:\\\/\\\/innow.pl\\\/wp-content\\\/uploads\\\/2017\\\/06\\\/BBU__szara_2025.jpg\",\"datePublished\":\"2017-06-21T06:17:14+00:00\",\"dateModified\":\"2026-03-27T12:26:20+00:00\",\"description\":\"Zabezpieczaj\u0105ca przed wypadni\u0119ciem pacjenta, estetyczna barierka boczna uniwersalna do ka\u017cdego typu \u0142\u00f3\u017cek szpitalnych. Poznaj szczeg\u00f3\u0142y!\",\"breadcrumb\":{\"@id\":\"https:\\\/\\\/innow.pl\\\/produkt\\\/bb-u-barierka-boczna-uniwersalna-do-kazdego-typu-lozek-szpitalnych-oe\\\/#breadcrumb\"},\"inLanguage\":\"fr-FR\",\"potentialAction\":[{\"@type\":\"ReadAction\",\"target\":[\"https:\\\/\\\/innow.pl\\\/produkt\\\/bb-u-barierka-boczna-uniwersalna-do-kazdego-typu-lozek-szpitalnych-oe\\\/\"]}]},{\"@type\":\"ImageObject\",\"inLanguage\":\"fr-FR\",\"@id\":\"https:\\\/\\\/innow.pl\\\/produkt\\\/bb-u-barierka-boczna-uniwersalna-do-kazdego-typu-lozek-szpitalnych-oe\\\/#primaryimage\",\"url\":\"https:\\\/\\\/innow.pl\\\/wp-content\\\/uploads\\\/2017\\\/06\\\/BBU__szara_2025.jpg\",\"contentUrl\":\"https:\\\/\\\/innow.pl\\\/wp-content\\\/uploads\\\/2017\\\/06\\\/BBU__szara_2025.jpg\",\"width\":1000,\"height\":1000,\"caption\":\"Barierka boczna uniwersalna do ka\u017cdego typu \u0142\u00f3\u017cek szpitalnych \u2013 BB U \u2013 INNOW\"},{\"@type\":\"BreadcrumbList\",\"@id\":\"https:\\\/\\\/innow.pl\\\/produkt\\\/bb-u-barierka-boczna-uniwersalna-do-kazdego-typu-lozek-szpitalnych-oe\\\/#breadcrumb\",\"itemListElement\":[{\"@type\":\"ListItem\",\"position\":1,\"name\":\"INNOW\",\"item\":\"https:\\\/\\\/innow.pl\\\/fr\\\/\"},{\"@type\":\"ListItem\",\"position\":2,\"name\":\"Produkty\",\"item\":\"https:\\\/\\\/innow.pl\\\/produkty\\\/\"},{\"@type\":\"ListItem\",\"position\":3,\"name\":\"Piel\u0119gnacja i rehabilitacja\",\"item\":\"https:\\\/\\\/innow.pl\\\/produkty\\\/pielegnacja-i-rehabilitacja\\\/\"},{\"@type\":\"ListItem\",\"position\":4,\"name\":\"\u0141\u00f3\u017cka rehabilitacyjne\",\"item\":\"https:\\\/\\\/innow.pl\\\/produkty\\\/pielegnacja-i-rehabilitacja\\\/lozka-rehabilitacyjne\\\/\"},{\"@type\":\"ListItem\",\"position\":5,\"name\":\"Barierki boczne uniwersalne\",\"item\":\"https:\\\/\\\/innow.pl\\\/produkty\\\/pielegnacja-i-rehabilitacja\\\/lozka-rehabilitacyjne\\\/barierki-boczne-uniwersalne\\\/\"},{\"@type\":\"ListItem\",\"position\":6,\"name\":\"BBU &#8211; Barierka boczna uniwersalna do ka\u017cdego typu \u0142\u00f3\u017cek szpitalnych\"}]},{\"@type\":\"WebSite\",\"@id\":\"https:\\\/\\\/innow.pl\\\/#website\",\"url\":\"https:\\\/\\\/innow.pl\\\/\",\"name\":\"INNOW\",\"description\":\"\",\"potentialAction\":[{\"@type\":\"SearchAction\",\"target\":{\"@type\":\"EntryPoint\",\"urlTemplate\":\"https:\\\/\\\/innow.pl\\\/?s={search_term_string}\"},\"query-input\":{\"@type\":\"PropertyValueSpecification\",\"valueRequired\":true,\"valueName\":\"search_term_string\"}}],\"inLanguage\":\"fr-FR\"}]}<\/script>\n<!-- \/ Yoast SEO plugin. -->","yoast_head_json":{"title":"BBU - Barierka boczna uniwersalna do ka\u017cdego typu \u0142\u00f3\u017cek szpitalnych - INNOW","description":"Zabezpieczaj\u0105ca przed wypadni\u0119ciem pacjenta, estetyczna barierka boczna uniwersalna do ka\u017cdego typu \u0142\u00f3\u017cek szpitalnych. Poznaj szczeg\u00f3\u0142y!","robots":{"index":"index","follow":"follow","max-snippet":"max-snippet:-1","max-image-preview":"max-image-preview:large","max-video-preview":"max-video-preview:-1"},"canonical":"https:\/\/innow.pl\/produkt\/bb-u-barierka-boczna-uniwersalna-do-kazdego-typu-lozek-szpitalnych-oe\/","og_locale":"fr_FR","og_type":"article","og_title":"BBU - Barierka boczna uniwersalna do ka\u017cdego typu \u0142\u00f3\u017cek szpitalnych - INNOW","og_description":"Zabezpieczaj\u0105ca przed wypadni\u0119ciem pacjenta, estetyczna barierka boczna uniwersalna do ka\u017cdego typu \u0142\u00f3\u017cek szpitalnych. Poznaj szczeg\u00f3\u0142y!","og_url":"https:\/\/innow.pl\/produkt\/bb-u-barierka-boczna-uniwersalna-do-kazdego-typu-lozek-szpitalnych-oe\/","og_site_name":"INNOW","article_modified_time":"2026-03-27T12:26:20+00:00","og_image":[{"width":1000,"height":1000,"url":"https:\/\/innow.pl\/wp-content\/uploads\/2017\/06\/BBU__szara_2025.jpg","type":"image\/jpeg"}],"twitter_card":"summary_large_image","twitter_misc":{"Dur\u00e9e de lecture estim\u00e9e":"1 minute"},"schema":{"@context":"https:\/\/schema.org","@graph":[{"@type":"WebPage","@id":"https:\/\/innow.pl\/produkt\/bb-u-barierka-boczna-uniwersalna-do-kazdego-typu-lozek-szpitalnych-oe\/","url":"https:\/\/innow.pl\/produkt\/bb-u-barierka-boczna-uniwersalna-do-kazdego-typu-lozek-szpitalnych-oe\/","name":"BBU - Barierka boczna uniwersalna do ka\u017cdego typu \u0142\u00f3\u017cek szpitalnych - INNOW","isPartOf":{"@id":"https:\/\/innow.pl\/#website"},"primaryImageOfPage":{"@id":"https:\/\/innow.pl\/produkt\/bb-u-barierka-boczna-uniwersalna-do-kazdego-typu-lozek-szpitalnych-oe\/#primaryimage"},"image":{"@id":"https:\/\/innow.pl\/produkt\/bb-u-barierka-boczna-uniwersalna-do-kazdego-typu-lozek-szpitalnych-oe\/#primaryimage"},"thumbnailUrl":"https:\/\/innow.pl\/wp-content\/uploads\/2017\/06\/BBU__szara_2025.jpg","datePublished":"2017-06-21T06:17:14+00:00","dateModified":"2026-03-27T12:26:20+00:00","description":"Zabezpieczaj\u0105ca przed wypadni\u0119ciem pacjenta, estetyczna barierka boczna uniwersalna do ka\u017cdego typu \u0142\u00f3\u017cek szpitalnych. Poznaj szczeg\u00f3\u0142y!","breadcrumb":{"@id":"https:\/\/innow.pl\/produkt\/bb-u-barierka-boczna-uniwersalna-do-kazdego-typu-lozek-szpitalnych-oe\/#breadcrumb"},"inLanguage":"fr-FR","potentialAction":[{"@type":"ReadAction","target":["https:\/\/innow.pl\/produkt\/bb-u-barierka-boczna-uniwersalna-do-kazdego-typu-lozek-szpitalnych-oe\/"]}]},{"@type":"ImageObject","inLanguage":"fr-FR","@id":"https:\/\/innow.pl\/produkt\/bb-u-barierka-boczna-uniwersalna-do-kazdego-typu-lozek-szpitalnych-oe\/#primaryimage","url":"https:\/\/innow.pl\/wp-content\/uploads\/2017\/06\/BBU__szara_2025.jpg","contentUrl":"https:\/\/innow.pl\/wp-content\/uploads\/2017\/06\/BBU__szara_2025.jpg","width":1000,"height":1000,"caption":"Barierka boczna uniwersalna do ka\u017cdego typu \u0142\u00f3\u017cek szpitalnych \u2013 BB U \u2013 INNOW"},{"@type":"BreadcrumbList","@id":"https:\/\/innow.pl\/produkt\/bb-u-barierka-boczna-uniwersalna-do-kazdego-typu-lozek-szpitalnych-oe\/#breadcrumb","itemListElement":[{"@type":"ListItem","position":1,"name":"INNOW","item":"https:\/\/innow.pl\/fr\/"},{"@type":"ListItem","position":2,"name":"Produkty","item":"https:\/\/innow.pl\/produkty\/"},{"@type":"ListItem","position":3,"name":"Piel\u0119gnacja i rehabilitacja","item":"https:\/\/innow.pl\/produkty\/pielegnacja-i-rehabilitacja\/"},{"@type":"ListItem","position":4,"name":"\u0141\u00f3\u017cka rehabilitacyjne","item":"https:\/\/innow.pl\/produkty\/pielegnacja-i-rehabilitacja\/lozka-rehabilitacyjne\/"},{"@type":"ListItem","position":5,"name":"Barierki boczne uniwersalne","item":"https:\/\/innow.pl\/produkty\/pielegnacja-i-rehabilitacja\/lozka-rehabilitacyjne\/barierki-boczne-uniwersalne\/"},{"@type":"ListItem","position":6,"name":"BBU &#8211; Barierka boczna uniwersalna do ka\u017cdego typu \u0142\u00f3\u017cek szpitalnych"}]},{"@type":"WebSite","@id":"https:\/\/innow.pl\/#website","url":"https:\/\/innow.pl\/","name":"INNOW","description":"","potentialAction":[{"@type":"SearchAction","target":{"@type":"EntryPoint","urlTemplate":"https:\/\/innow.pl\/?s={search_term_string}"},"query-input":{"@type":"PropertyValueSpecification","valueRequired":true,"valueName":"search_term_string"}}],"inLanguage":"fr-FR"}]}},"_links":{"self":[{"href":"https:\/\/innow.pl\/fr\/wp-json\/wp\/v2\/product\/25143","targetHints":{"allow":["GET"]}}],"collection":[{"href":"https:\/\/innow.pl\/fr\/wp-json\/wp\/v2\/product"}],"about":[{"href":"https:\/\/innow.pl\/fr\/wp-json\/wp\/v2\/types\/product"}],"replies":[{"embeddable":true,"href":"https:\/\/innow.pl\/fr\/wp-json\/wp\/v2\/comments?post=25143"}],"wp:featuredmedia":[{"embeddable":true,"href":"https:\/\/innow.pl\/fr\/wp-json\/wp\/v2\/media\/76449"}],"wp:attachment":[{"href":"https:\/\/innow.pl\/fr\/wp-json\/wp\/v2\/media?parent=25143"}],"wp:term":[{"taxonomy":"product_brand","embeddable":true,"href":"https:\/\/innow.pl\/fr\/wp-json\/wp\/v2\/product_brand?post=25143"},{"taxonomy":"product_cat","embeddable":true,"href":"https:\/\/innow.pl\/fr\/wp-json\/wp\/v2\/product_cat?post=25143"},{"taxonomy":"product_tag","embeddable":true,"href":"https:\/\/innow.pl\/fr\/wp-json\/wp\/v2\/product_tag?post=25143"}],"curies":[{"name":"wp","href":"https:\/\/api.w.org\/{rel}","templated":true}]}}