{"id":25109,"date":"2017-06-21T08:00:42","date_gmt":"2017-06-21T06:00:42","guid":{"rendered":"https:\/\/innow.pl\/produkt\/wl-wysiegnik-z-uchwytem-na-reke-pomoc-przy-wstawaniu-oe\/"},"modified":"2025-12-23T11:18:53","modified_gmt":"2025-12-23T10:18:53","slug":"wl-wysiegnik-z-uchwytem-na-reke-pomoc-przy-wstawaniu-oe","status":"publish","type":"product","link":"https:\/\/innow.pl\/fr\/produkt\/wl-wysiegnik-z-uchwytem-na-reke-pomoc-przy-wstawaniu-oe\/","title":{"rendered":"WL &#8211; Wysi\u0119gnik z uchwytem na r\u0119k\u0119 (pomoc przy wstawaniu)"},"content":{"rendered":"<p align=\"left\"><span lang=\"pl-PL\">Wysi\u0119gnik z uchwytem na r\u0119k\u0119 b\u0119d\u0105cy wsparciem przy wstawaniu pacjenta.<\/span><\/p>\n<p align=\"left\"><span lang=\"pl-PL\">Wysoko\u015b\u0107 wysi\u0119gnika regulowana jest r\u0119cznie.<\/span><\/p>\n","protected":false},"excerpt":{"rendered":"<p>Wysi\u0119gnik z uchwytem na r\u0119k\u0119 b\u0119d\u0105cy wsparciem przy wstawaniu pacjenta. Wysoko\u015b\u0107 wysi\u0119gnika regulowana jest r\u0119cznie.<\/p>\n","protected":false},"featured_media":25111,"comment_status":"open","ping_status":"closed","template":"","meta":{"_acf_changed":false},"product_brand":[],"product_cat":[49],"product_tag":[],"class_list":{"0":"post-25109","1":"product","2":"type-product","3":"status-publish","4":"has-post-thumbnail","6":"product_cat-lazienka-i-wc","8":"first","9":"instock","10":"taxable","11":"shipping-taxable","12":"purchasable","13":"product-type-simple"},"acf":[],"yoast_head":"<!-- This site is optimized with the Yoast SEO plugin v27.4 - https:\/\/yoast.com\/product\/yoast-seo-wordpress\/ -->\n<title>WL - Wysi\u0119gnik z uchwytem na r\u0119k\u0119 (pomoc przy wstawaniu) - INNOW<\/title>\n<meta name=\"description\" content=\"INNOW.PL | Dost\u0119pny | Meble medyczne, sprz\u0119t szpitalny | Wysi\u0119gnik z uchwytem na r\u0119k\u0119 (pomoc przy wstawaniu) - wsparcie dla pacjenta.\" \/>\n<meta name=\"robots\" content=\"index, follow, max-snippet:-1, max-image-preview:large, max-video-preview:-1\" \/>\n<link rel=\"canonical\" href=\"https:\/\/innow.pl\/produkt\/wl-wysiegnik-z-uchwytem-na-reke-pomoc-przy-wstawaniu-oe\/\" \/>\n<meta property=\"og:locale\" content=\"fr_FR\" \/>\n<meta property=\"og:type\" content=\"article\" \/>\n<meta property=\"og:title\" content=\"WL - Wysi\u0119gnik z uchwytem na r\u0119k\u0119 (pomoc przy wstawaniu) - INNOW\" \/>\n<meta property=\"og:description\" content=\"INNOW.PL | Dost\u0119pny | Meble medyczne, sprz\u0119t szpitalny | Wysi\u0119gnik z uchwytem na r\u0119k\u0119 (pomoc przy wstawaniu) - wsparcie dla pacjenta.\" \/>\n<meta property=\"og:url\" content=\"https:\/\/innow.pl\/produkt\/wl-wysiegnik-z-uchwytem-na-reke-pomoc-przy-wstawaniu-oe\/\" \/>\n<meta property=\"og:site_name\" content=\"INNOW\" \/>\n<meta property=\"article:modified_time\" content=\"2025-12-23T10:18:53+00:00\" \/>\n<meta property=\"og:image\" content=\"https:\/\/innow.pl\/wp-content\/uploads\/2024\/11\/WL_1_.jpg\" \/>\n\t<meta property=\"og:image:width\" content=\"480\" \/>\n\t<meta property=\"og:image:height\" content=\"480\" \/>\n\t<meta property=\"og:image:type\" content=\"image\/jpeg\" \/>\n<meta name=\"twitter:card\" content=\"summary_large_image\" \/>\n<meta name=\"twitter:label1\" content=\"Dur\u00e9e de lecture estim\u00e9e\" \/>\n\t<meta name=\"twitter:data1\" content=\"1 minute\" \/>\n<script type=\"application\/ld+json\" class=\"yoast-schema-graph\">{\"@context\":\"https:\\\/\\\/schema.org\",\"@graph\":[{\"@type\":\"WebPage\",\"@id\":\"https:\\\/\\\/innow.pl\\\/produkt\\\/wl-wysiegnik-z-uchwytem-na-reke-pomoc-przy-wstawaniu-oe\\\/\",\"url\":\"https:\\\/\\\/innow.pl\\\/produkt\\\/wl-wysiegnik-z-uchwytem-na-reke-pomoc-przy-wstawaniu-oe\\\/\",\"name\":\"WL - Wysi\u0119gnik z uchwytem na r\u0119k\u0119 (pomoc przy wstawaniu) - INNOW\",\"isPartOf\":{\"@id\":\"https:\\\/\\\/innow.pl\\\/#website\"},\"primaryImageOfPage\":{\"@id\":\"https:\\\/\\\/innow.pl\\\/produkt\\\/wl-wysiegnik-z-uchwytem-na-reke-pomoc-przy-wstawaniu-oe\\\/#primaryimage\"},\"image\":{\"@id\":\"https:\\\/\\\/innow.pl\\\/produkt\\\/wl-wysiegnik-z-uchwytem-na-reke-pomoc-przy-wstawaniu-oe\\\/#primaryimage\"},\"thumbnailUrl\":\"https:\\\/\\\/innow.pl\\\/wp-content\\\/uploads\\\/2024\\\/11\\\/WL_1_.jpg\",\"datePublished\":\"2017-06-21T06:00:42+00:00\",\"dateModified\":\"2025-12-23T10:18:53+00:00\",\"description\":\"INNOW.PL | Dost\u0119pny | Meble medyczne, sprz\u0119t szpitalny | Wysi\u0119gnik z uchwytem na r\u0119k\u0119 (pomoc przy wstawaniu) - wsparcie dla pacjenta.\",\"breadcrumb\":{\"@id\":\"https:\\\/\\\/innow.pl\\\/produkt\\\/wl-wysiegnik-z-uchwytem-na-reke-pomoc-przy-wstawaniu-oe\\\/#breadcrumb\"},\"inLanguage\":\"fr-FR\",\"potentialAction\":[{\"@type\":\"ReadAction\",\"target\":[\"https:\\\/\\\/innow.pl\\\/produkt\\\/wl-wysiegnik-z-uchwytem-na-reke-pomoc-przy-wstawaniu-oe\\\/\"]}]},{\"@type\":\"ImageObject\",\"inLanguage\":\"fr-FR\",\"@id\":\"https:\\\/\\\/innow.pl\\\/produkt\\\/wl-wysiegnik-z-uchwytem-na-reke-pomoc-przy-wstawaniu-oe\\\/#primaryimage\",\"url\":\"https:\\\/\\\/innow.pl\\\/wp-content\\\/uploads\\\/2024\\\/11\\\/WL_1_.jpg\",\"contentUrl\":\"https:\\\/\\\/innow.pl\\\/wp-content\\\/uploads\\\/2024\\\/11\\\/WL_1_.jpg\",\"width\":480,\"height\":480,\"caption\":\"Wysi\u0119gnik z uchwytem na r\u0119k\u0119 (pomoc przy wstawaniu) \u2013 WL \u2013 INNOW\"},{\"@type\":\"BreadcrumbList\",\"@id\":\"https:\\\/\\\/innow.pl\\\/produkt\\\/wl-wysiegnik-z-uchwytem-na-reke-pomoc-przy-wstawaniu-oe\\\/#breadcrumb\",\"itemListElement\":[{\"@type\":\"ListItem\",\"position\":1,\"name\":\"INNOW\",\"item\":\"https:\\\/\\\/innow.pl\\\/fr\\\/\"},{\"@type\":\"ListItem\",\"position\":2,\"name\":\"Produkty\",\"item\":\"https:\\\/\\\/innow.pl\\\/produkty\\\/\"},{\"@type\":\"ListItem\",\"position\":3,\"name\":\"\u0141azienka i WC\",\"item\":\"https:\\\/\\\/innow.pl\\\/produkty\\\/lazienka-i-wc\\\/\"},{\"@type\":\"ListItem\",\"position\":4,\"name\":\"WL &#8211; Wysi\u0119gnik z uchwytem na r\u0119k\u0119 (pomoc przy wstawaniu)\"}]},{\"@type\":\"WebSite\",\"@id\":\"https:\\\/\\\/innow.pl\\\/#website\",\"url\":\"https:\\\/\\\/innow.pl\\\/\",\"name\":\"INNOW\",\"description\":\"\",\"potentialAction\":[{\"@type\":\"SearchAction\",\"target\":{\"@type\":\"EntryPoint\",\"urlTemplate\":\"https:\\\/\\\/innow.pl\\\/?s={search_term_string}\"},\"query-input\":{\"@type\":\"PropertyValueSpecification\",\"valueRequired\":true,\"valueName\":\"search_term_string\"}}],\"inLanguage\":\"fr-FR\"}]}<\/script>\n<!-- \/ Yoast SEO plugin. -->","yoast_head_json":{"title":"WL - Wysi\u0119gnik z uchwytem na r\u0119k\u0119 (pomoc przy wstawaniu) - INNOW","description":"INNOW.PL | Dost\u0119pny | Meble medyczne, sprz\u0119t szpitalny | Wysi\u0119gnik z uchwytem na r\u0119k\u0119 (pomoc przy wstawaniu) - wsparcie dla pacjenta.","robots":{"index":"index","follow":"follow","max-snippet":"max-snippet:-1","max-image-preview":"max-image-preview:large","max-video-preview":"max-video-preview:-1"},"canonical":"https:\/\/innow.pl\/produkt\/wl-wysiegnik-z-uchwytem-na-reke-pomoc-przy-wstawaniu-oe\/","og_locale":"fr_FR","og_type":"article","og_title":"WL - Wysi\u0119gnik z uchwytem na r\u0119k\u0119 (pomoc przy wstawaniu) - INNOW","og_description":"INNOW.PL | Dost\u0119pny | Meble medyczne, sprz\u0119t szpitalny | Wysi\u0119gnik z uchwytem na r\u0119k\u0119 (pomoc przy wstawaniu) - wsparcie dla pacjenta.","og_url":"https:\/\/innow.pl\/produkt\/wl-wysiegnik-z-uchwytem-na-reke-pomoc-przy-wstawaniu-oe\/","og_site_name":"INNOW","article_modified_time":"2025-12-23T10:18:53+00:00","og_image":[{"width":480,"height":480,"url":"https:\/\/innow.pl\/wp-content\/uploads\/2024\/11\/WL_1_.jpg","type":"image\/jpeg"}],"twitter_card":"summary_large_image","twitter_misc":{"Dur\u00e9e de lecture estim\u00e9e":"1 minute"},"schema":{"@context":"https:\/\/schema.org","@graph":[{"@type":"WebPage","@id":"https:\/\/innow.pl\/produkt\/wl-wysiegnik-z-uchwytem-na-reke-pomoc-przy-wstawaniu-oe\/","url":"https:\/\/innow.pl\/produkt\/wl-wysiegnik-z-uchwytem-na-reke-pomoc-przy-wstawaniu-oe\/","name":"WL - Wysi\u0119gnik z uchwytem na r\u0119k\u0119 (pomoc przy wstawaniu) - INNOW","isPartOf":{"@id":"https:\/\/innow.pl\/#website"},"primaryImageOfPage":{"@id":"https:\/\/innow.pl\/produkt\/wl-wysiegnik-z-uchwytem-na-reke-pomoc-przy-wstawaniu-oe\/#primaryimage"},"image":{"@id":"https:\/\/innow.pl\/produkt\/wl-wysiegnik-z-uchwytem-na-reke-pomoc-przy-wstawaniu-oe\/#primaryimage"},"thumbnailUrl":"https:\/\/innow.pl\/wp-content\/uploads\/2024\/11\/WL_1_.jpg","datePublished":"2017-06-21T06:00:42+00:00","dateModified":"2025-12-23T10:18:53+00:00","description":"INNOW.PL | Dost\u0119pny | Meble medyczne, sprz\u0119t szpitalny | Wysi\u0119gnik z uchwytem na r\u0119k\u0119 (pomoc przy wstawaniu) - wsparcie dla pacjenta.","breadcrumb":{"@id":"https:\/\/innow.pl\/produkt\/wl-wysiegnik-z-uchwytem-na-reke-pomoc-przy-wstawaniu-oe\/#breadcrumb"},"inLanguage":"fr-FR","potentialAction":[{"@type":"ReadAction","target":["https:\/\/innow.pl\/produkt\/wl-wysiegnik-z-uchwytem-na-reke-pomoc-przy-wstawaniu-oe\/"]}]},{"@type":"ImageObject","inLanguage":"fr-FR","@id":"https:\/\/innow.pl\/produkt\/wl-wysiegnik-z-uchwytem-na-reke-pomoc-przy-wstawaniu-oe\/#primaryimage","url":"https:\/\/innow.pl\/wp-content\/uploads\/2024\/11\/WL_1_.jpg","contentUrl":"https:\/\/innow.pl\/wp-content\/uploads\/2024\/11\/WL_1_.jpg","width":480,"height":480,"caption":"Wysi\u0119gnik z uchwytem na r\u0119k\u0119 (pomoc przy wstawaniu) \u2013 WL \u2013 INNOW"},{"@type":"BreadcrumbList","@id":"https:\/\/innow.pl\/produkt\/wl-wysiegnik-z-uchwytem-na-reke-pomoc-przy-wstawaniu-oe\/#breadcrumb","itemListElement":[{"@type":"ListItem","position":1,"name":"INNOW","item":"https:\/\/innow.pl\/fr\/"},{"@type":"ListItem","position":2,"name":"Produkty","item":"https:\/\/innow.pl\/produkty\/"},{"@type":"ListItem","position":3,"name":"\u0141azienka i WC","item":"https:\/\/innow.pl\/produkty\/lazienka-i-wc\/"},{"@type":"ListItem","position":4,"name":"WL &#8211; Wysi\u0119gnik z uchwytem na r\u0119k\u0119 (pomoc przy wstawaniu)"}]},{"@type":"WebSite","@id":"https:\/\/innow.pl\/#website","url":"https:\/\/innow.pl\/","name":"INNOW","description":"","potentialAction":[{"@type":"SearchAction","target":{"@type":"EntryPoint","urlTemplate":"https:\/\/innow.pl\/?s={search_term_string}"},"query-input":{"@type":"PropertyValueSpecification","valueRequired":true,"valueName":"search_term_string"}}],"inLanguage":"fr-FR"}]}},"_links":{"self":[{"href":"https:\/\/innow.pl\/fr\/wp-json\/wp\/v2\/product\/25109","targetHints":{"allow":["GET"]}}],"collection":[{"href":"https:\/\/innow.pl\/fr\/wp-json\/wp\/v2\/product"}],"about":[{"href":"https:\/\/innow.pl\/fr\/wp-json\/wp\/v2\/types\/product"}],"replies":[{"embeddable":true,"href":"https:\/\/innow.pl\/fr\/wp-json\/wp\/v2\/comments?post=25109"}],"wp:featuredmedia":[{"embeddable":true,"href":"https:\/\/innow.pl\/fr\/wp-json\/wp\/v2\/media\/25111"}],"wp:attachment":[{"href":"https:\/\/innow.pl\/fr\/wp-json\/wp\/v2\/media?parent=25109"}],"wp:term":[{"taxonomy":"product_brand","embeddable":true,"href":"https:\/\/innow.pl\/fr\/wp-json\/wp\/v2\/product_brand?post=25109"},{"taxonomy":"product_cat","embeddable":true,"href":"https:\/\/innow.pl\/fr\/wp-json\/wp\/v2\/product_cat?post=25109"},{"taxonomy":"product_tag","embeddable":true,"href":"https:\/\/innow.pl\/fr\/wp-json\/wp\/v2\/product_tag?post=25109"}],"curies":[{"name":"wp","href":"https:\/\/api.w.org\/{rel}","templated":true}]}}