{"id":25051,"date":"2017-06-21T07:29:34","date_gmt":"2017-06-21T05:29:34","guid":{"rendered":"https:\/\/innow.pl\/produkt\/skar50850-platforma-obrotowa-na-podloge-38-cm\/"},"modified":"2025-03-07T13:34:23","modified_gmt":"2025-03-07T12:34:23","slug":"skar50850-platforma-obrotowa-na-podloge-38-cm","status":"publish","type":"product","link":"https:\/\/innow.pl\/fr\/produkt\/skar50850-platforma-obrotowa-na-podloge-38-cm\/","title":{"rendered":"SKAR50850 &#8211; Platforma obrotowa na pod\u0142og\u0119, 38 cm"},"content":{"rendered":"<p>Platforma obrotowa na pod\u0142og\u0119 z nie\u015blizgaj\u0105cego si\u0119 materia\u0142u, co pomaga utrzyma\u0107 stabilno\u015b\u0107 zar\u00f3wno pod stopami pacjenta, jak i na pod\u0142odze. Platforma gwarantuje prawid\u0142owe funkcjonowanie nawet przy umieszczeniu st\u00f3p na kraw\u0119dzi, dzi\u0119ki wewn\u0119trznej cz\u0119\u015bci wykonanej z nylonu. \u00a0<\/p>\n","protected":false},"excerpt":{"rendered":"<p>Platforma obrotowa na pod\u0142og\u0119 z nie\u015blizgaj\u0105cego si\u0119 materia\u0142u, co pomaga utrzyma\u0107 stabilno\u015b\u0107 zar\u00f3wno pod stopami pacjenta, jak i na pod\u0142odze. Platforma gwarantuje prawid\u0142owe funkcjonowanie nawet przy umieszczeniu st\u00f3p na kraw\u0119dzi, dzi\u0119ki wewn\u0119trznej cz\u0119\u015bci wykonanej z nylonu. \u00a0<\/p>\n","protected":false},"featured_media":25053,"comment_status":"open","ping_status":"closed","template":"","meta":{"_acf_changed":false},"product_brand":[],"product_cat":[427,392],"product_tag":[],"class_list":{"0":"post-25051","1":"product","2":"type-product","3":"status-publish","4":"has-post-thumbnail","6":"product_cat-platformy-obrotowe","7":"product_cat-latwoslizgi-przemieszczanie-pacjentow","8":"pa_srednica-38-cm","10":"first","11":"instock","12":"taxable","13":"shipping-taxable","14":"purchasable","15":"product-type-simple"},"acf":[],"yoast_head":"<!-- This site is optimized with the Yoast SEO plugin v27.4 - https:\/\/yoast.com\/product\/yoast-seo-wordpress\/ -->\n<title>SKAR50850 - Platforma obrotowa na pod\u0142og\u0119, 38 cm - INNOW<\/title>\n<meta name=\"description\" content=\"Praktyczna platforma obrotowa na pod\u0142og\u0119 o \u015brednicy 38 cm z nie\u015blizgaj\u0105cego si\u0119 materia\u0142u - utrzymanie stabilno\u015bci podczas obrotu pacjenta. Zobacz!\" \/>\n<meta name=\"robots\" content=\"index, follow, max-snippet:-1, max-image-preview:large, max-video-preview:-1\" \/>\n<link rel=\"canonical\" href=\"https:\/\/innow.pl\/produkt\/skar50850-platforma-obrotowa-na-podloge-38-cm\/\" \/>\n<meta property=\"og:locale\" content=\"fr_FR\" \/>\n<meta property=\"og:type\" content=\"article\" \/>\n<meta property=\"og:title\" content=\"SKAR50850 - Platforma obrotowa na pod\u0142og\u0119, 38 cm - INNOW\" \/>\n<meta property=\"og:description\" content=\"Praktyczna platforma obrotowa na pod\u0142og\u0119 o \u015brednicy 38 cm z nie\u015blizgaj\u0105cego si\u0119 materia\u0142u - utrzymanie stabilno\u015bci podczas obrotu pacjenta. Zobacz!\" \/>\n<meta property=\"og:url\" content=\"https:\/\/innow.pl\/produkt\/skar50850-platforma-obrotowa-na-podloge-38-cm\/\" \/>\n<meta property=\"og:site_name\" content=\"INNOW\" \/>\n<meta property=\"article:modified_time\" content=\"2025-03-07T12:34:23+00:00\" \/>\n<meta property=\"og:image\" content=\"https:\/\/innow.pl\/wp-content\/uploads\/2024\/11\/SKAR50850_new.jpg\" \/>\n\t<meta property=\"og:image:width\" content=\"800\" \/>\n\t<meta property=\"og:image:height\" content=\"800\" \/>\n\t<meta property=\"og:image:type\" content=\"image\/jpeg\" \/>\n<meta name=\"twitter:card\" content=\"summary_large_image\" \/>\n<meta name=\"twitter:label1\" content=\"Dur\u00e9e de lecture estim\u00e9e\" \/>\n\t<meta name=\"twitter:data1\" content=\"1 minute\" \/>\n<script type=\"application\/ld+json\" class=\"yoast-schema-graph\">{\"@context\":\"https:\\\/\\\/schema.org\",\"@graph\":[{\"@type\":\"WebPage\",\"@id\":\"https:\\\/\\\/innow.pl\\\/produkt\\\/skar50850-platforma-obrotowa-na-podloge-38-cm\\\/\",\"url\":\"https:\\\/\\\/innow.pl\\\/produkt\\\/skar50850-platforma-obrotowa-na-podloge-38-cm\\\/\",\"name\":\"SKAR50850 - Platforma obrotowa na pod\u0142og\u0119, 38 cm - INNOW\",\"isPartOf\":{\"@id\":\"https:\\\/\\\/innow.pl\\\/#website\"},\"primaryImageOfPage\":{\"@id\":\"https:\\\/\\\/innow.pl\\\/produkt\\\/skar50850-platforma-obrotowa-na-podloge-38-cm\\\/#primaryimage\"},\"image\":{\"@id\":\"https:\\\/\\\/innow.pl\\\/produkt\\\/skar50850-platforma-obrotowa-na-podloge-38-cm\\\/#primaryimage\"},\"thumbnailUrl\":\"https:\\\/\\\/innow.pl\\\/wp-content\\\/uploads\\\/2024\\\/11\\\/SKAR50850_new.jpg\",\"datePublished\":\"2017-06-21T05:29:34+00:00\",\"dateModified\":\"2025-03-07T12:34:23+00:00\",\"description\":\"Praktyczna platforma obrotowa na pod\u0142og\u0119 o \u015brednicy 38 cm z nie\u015blizgaj\u0105cego si\u0119 materia\u0142u - utrzymanie stabilno\u015bci podczas obrotu pacjenta. Zobacz!\",\"breadcrumb\":{\"@id\":\"https:\\\/\\\/innow.pl\\\/produkt\\\/skar50850-platforma-obrotowa-na-podloge-38-cm\\\/#breadcrumb\"},\"inLanguage\":\"fr-FR\",\"potentialAction\":[{\"@type\":\"ReadAction\",\"target\":[\"https:\\\/\\\/innow.pl\\\/produkt\\\/skar50850-platforma-obrotowa-na-podloge-38-cm\\\/\"]}]},{\"@type\":\"ImageObject\",\"inLanguage\":\"fr-FR\",\"@id\":\"https:\\\/\\\/innow.pl\\\/produkt\\\/skar50850-platforma-obrotowa-na-podloge-38-cm\\\/#primaryimage\",\"url\":\"https:\\\/\\\/innow.pl\\\/wp-content\\\/uploads\\\/2024\\\/11\\\/SKAR50850_new.jpg\",\"contentUrl\":\"https:\\\/\\\/innow.pl\\\/wp-content\\\/uploads\\\/2024\\\/11\\\/SKAR50850_new.jpg\",\"width\":800,\"height\":800,\"caption\":\"SKAR50850 - Platforma obrotowa na pod\u0142og\u0119, 38 cm\"},{\"@type\":\"BreadcrumbList\",\"@id\":\"https:\\\/\\\/innow.pl\\\/produkt\\\/skar50850-platforma-obrotowa-na-podloge-38-cm\\\/#breadcrumb\",\"itemListElement\":[{\"@type\":\"ListItem\",\"position\":1,\"name\":\"INNOW\",\"item\":\"https:\\\/\\\/innow.pl\\\/fr\\\/\"},{\"@type\":\"ListItem\",\"position\":2,\"name\":\"Produkty\",\"item\":\"https:\\\/\\\/innow.pl\\\/produkty\\\/\"},{\"@type\":\"ListItem\",\"position\":3,\"name\":\"\u0141atwo\u015blizgi - przemieszczanie pacjent\u00f3w\",\"item\":\"https:\\\/\\\/innow.pl\\\/produkty\\\/latwoslizgi-przemieszczanie-pacjentow\\\/\"},{\"@type\":\"ListItem\",\"position\":4,\"name\":\"Platformy obrotowe\",\"item\":\"https:\\\/\\\/innow.pl\\\/produkty\\\/latwoslizgi-przemieszczanie-pacjentow\\\/platformy-obrotowe\\\/\"},{\"@type\":\"ListItem\",\"position\":5,\"name\":\"SKAR50850 &#8211; Platforma obrotowa na pod\u0142og\u0119, 38 cm\"}]},{\"@type\":\"WebSite\",\"@id\":\"https:\\\/\\\/innow.pl\\\/#website\",\"url\":\"https:\\\/\\\/innow.pl\\\/\",\"name\":\"INNOW\",\"description\":\"\",\"potentialAction\":[{\"@type\":\"SearchAction\",\"target\":{\"@type\":\"EntryPoint\",\"urlTemplate\":\"https:\\\/\\\/innow.pl\\\/?s={search_term_string}\"},\"query-input\":{\"@type\":\"PropertyValueSpecification\",\"valueRequired\":true,\"valueName\":\"search_term_string\"}}],\"inLanguage\":\"fr-FR\"}]}<\/script>\n<!-- \/ Yoast SEO plugin. -->","yoast_head_json":{"title":"SKAR50850 - Platforma obrotowa na pod\u0142og\u0119, 38 cm - INNOW","description":"Praktyczna platforma obrotowa na pod\u0142og\u0119 o \u015brednicy 38 cm z nie\u015blizgaj\u0105cego si\u0119 materia\u0142u - utrzymanie stabilno\u015bci podczas obrotu pacjenta. Zobacz!","robots":{"index":"index","follow":"follow","max-snippet":"max-snippet:-1","max-image-preview":"max-image-preview:large","max-video-preview":"max-video-preview:-1"},"canonical":"https:\/\/innow.pl\/produkt\/skar50850-platforma-obrotowa-na-podloge-38-cm\/","og_locale":"fr_FR","og_type":"article","og_title":"SKAR50850 - Platforma obrotowa na pod\u0142og\u0119, 38 cm - INNOW","og_description":"Praktyczna platforma obrotowa na pod\u0142og\u0119 o \u015brednicy 38 cm z nie\u015blizgaj\u0105cego si\u0119 materia\u0142u - utrzymanie stabilno\u015bci podczas obrotu pacjenta. Zobacz!","og_url":"https:\/\/innow.pl\/produkt\/skar50850-platforma-obrotowa-na-podloge-38-cm\/","og_site_name":"INNOW","article_modified_time":"2025-03-07T12:34:23+00:00","og_image":[{"width":800,"height":800,"url":"https:\/\/innow.pl\/wp-content\/uploads\/2024\/11\/SKAR50850_new.jpg","type":"image\/jpeg"}],"twitter_card":"summary_large_image","twitter_misc":{"Dur\u00e9e de lecture estim\u00e9e":"1 minute"},"schema":{"@context":"https:\/\/schema.org","@graph":[{"@type":"WebPage","@id":"https:\/\/innow.pl\/produkt\/skar50850-platforma-obrotowa-na-podloge-38-cm\/","url":"https:\/\/innow.pl\/produkt\/skar50850-platforma-obrotowa-na-podloge-38-cm\/","name":"SKAR50850 - Platforma obrotowa na pod\u0142og\u0119, 38 cm - INNOW","isPartOf":{"@id":"https:\/\/innow.pl\/#website"},"primaryImageOfPage":{"@id":"https:\/\/innow.pl\/produkt\/skar50850-platforma-obrotowa-na-podloge-38-cm\/#primaryimage"},"image":{"@id":"https:\/\/innow.pl\/produkt\/skar50850-platforma-obrotowa-na-podloge-38-cm\/#primaryimage"},"thumbnailUrl":"https:\/\/innow.pl\/wp-content\/uploads\/2024\/11\/SKAR50850_new.jpg","datePublished":"2017-06-21T05:29:34+00:00","dateModified":"2025-03-07T12:34:23+00:00","description":"Praktyczna platforma obrotowa na pod\u0142og\u0119 o \u015brednicy 38 cm z nie\u015blizgaj\u0105cego si\u0119 materia\u0142u - utrzymanie stabilno\u015bci podczas obrotu pacjenta. Zobacz!","breadcrumb":{"@id":"https:\/\/innow.pl\/produkt\/skar50850-platforma-obrotowa-na-podloge-38-cm\/#breadcrumb"},"inLanguage":"fr-FR","potentialAction":[{"@type":"ReadAction","target":["https:\/\/innow.pl\/produkt\/skar50850-platforma-obrotowa-na-podloge-38-cm\/"]}]},{"@type":"ImageObject","inLanguage":"fr-FR","@id":"https:\/\/innow.pl\/produkt\/skar50850-platforma-obrotowa-na-podloge-38-cm\/#primaryimage","url":"https:\/\/innow.pl\/wp-content\/uploads\/2024\/11\/SKAR50850_new.jpg","contentUrl":"https:\/\/innow.pl\/wp-content\/uploads\/2024\/11\/SKAR50850_new.jpg","width":800,"height":800,"caption":"SKAR50850 - Platforma obrotowa na pod\u0142og\u0119, 38 cm"},{"@type":"BreadcrumbList","@id":"https:\/\/innow.pl\/produkt\/skar50850-platforma-obrotowa-na-podloge-38-cm\/#breadcrumb","itemListElement":[{"@type":"ListItem","position":1,"name":"INNOW","item":"https:\/\/innow.pl\/fr\/"},{"@type":"ListItem","position":2,"name":"Produkty","item":"https:\/\/innow.pl\/produkty\/"},{"@type":"ListItem","position":3,"name":"\u0141atwo\u015blizgi - przemieszczanie pacjent\u00f3w","item":"https:\/\/innow.pl\/produkty\/latwoslizgi-przemieszczanie-pacjentow\/"},{"@type":"ListItem","position":4,"name":"Platformy obrotowe","item":"https:\/\/innow.pl\/produkty\/latwoslizgi-przemieszczanie-pacjentow\/platformy-obrotowe\/"},{"@type":"ListItem","position":5,"name":"SKAR50850 &#8211; Platforma obrotowa na pod\u0142og\u0119, 38 cm"}]},{"@type":"WebSite","@id":"https:\/\/innow.pl\/#website","url":"https:\/\/innow.pl\/","name":"INNOW","description":"","potentialAction":[{"@type":"SearchAction","target":{"@type":"EntryPoint","urlTemplate":"https:\/\/innow.pl\/?s={search_term_string}"},"query-input":{"@type":"PropertyValueSpecification","valueRequired":true,"valueName":"search_term_string"}}],"inLanguage":"fr-FR"}]}},"_links":{"self":[{"href":"https:\/\/innow.pl\/fr\/wp-json\/wp\/v2\/product\/25051","targetHints":{"allow":["GET"]}}],"collection":[{"href":"https:\/\/innow.pl\/fr\/wp-json\/wp\/v2\/product"}],"about":[{"href":"https:\/\/innow.pl\/fr\/wp-json\/wp\/v2\/types\/product"}],"replies":[{"embeddable":true,"href":"https:\/\/innow.pl\/fr\/wp-json\/wp\/v2\/comments?post=25051"}],"wp:featuredmedia":[{"embeddable":true,"href":"https:\/\/innow.pl\/fr\/wp-json\/wp\/v2\/media\/25053"}],"wp:attachment":[{"href":"https:\/\/innow.pl\/fr\/wp-json\/wp\/v2\/media?parent=25051"}],"wp:term":[{"taxonomy":"product_brand","embeddable":true,"href":"https:\/\/innow.pl\/fr\/wp-json\/wp\/v2\/product_brand?post=25051"},{"taxonomy":"product_cat","embeddable":true,"href":"https:\/\/innow.pl\/fr\/wp-json\/wp\/v2\/product_cat?post=25051"},{"taxonomy":"product_tag","embeddable":true,"href":"https:\/\/innow.pl\/fr\/wp-json\/wp\/v2\/product_tag?post=25051"}],"curies":[{"name":"wp","href":"https:\/\/api.w.org\/{rel}","templated":true}]}}