{"id":25027,"date":"2017-06-21T06:34:41","date_gmt":"2017-06-21T04:34:41","guid":{"rendered":"https:\/\/innow.pl\/produkt\/skar91450-plyta-slizgowa-lamana\/"},"modified":"2025-03-07T13:38:56","modified_gmt":"2025-03-07T12:38:56","slug":"skar91450-plyta-slizgowa-lamana","status":"publish","type":"product","link":"https:\/\/innow.pl\/fr\/produkt\/skar91450-plyta-slizgowa-lamana\/","title":{"rendered":"SKAR91450 &#8211; P\u0142yta \u015blizgowa \u0142amana 175&#215;50 cm"},"content":{"rendered":"<p>P\u0142yta \u015blizgowa \u0142amana SKAR91450 stosowana do usprawnienia przemieszczania pacjent\u00f3w z ograniczon\u0105 sprawno\u015bci\u0105 ruchow\u0105. Wyr\u00f3b sk\u0142ada si\u0119 z materaca wykonanego z elastycznej p\u0142yty obszytej materia\u0142em o niskim wsp\u00f3\u0142czynniku tarcia. Maksymalna odleg\u0142o\u015b\u0107 dziel\u0105ca powierzchnie, mi\u0119dzy kt\u00f3rymi ma si\u0119 odbywa\u0107 przenoszenie pacjenta to 20 cm.<\/p>\n","protected":false},"excerpt":{"rendered":"<p>P\u0142yta \u015blizgowa \u0142amana SKAR91450 stosowana do usprawnienia przemieszczania pacjent\u00f3w z ograniczon\u0105 sprawno\u015bci\u0105 ruchow\u0105. Wyr\u00f3b sk\u0142ada si\u0119 z materaca wykonanego z elastycznej p\u0142yty obszytej materia\u0142em o niskim wsp\u00f3\u0142czynniku tarcia. Maksymalna odleg\u0142o\u015b\u0107 dziel\u0105ca powierzchnie, mi\u0119dzy kt\u00f3rymi ma si\u0119 odbywa\u0107 przenoszenie pacjenta to 20 cm.<\/p>\n","protected":false},"featured_media":25029,"comment_status":"open","ping_status":"closed","template":"","meta":{"_acf_changed":false},"product_brand":[],"product_cat":[424,392],"product_tag":[],"class_list":{"0":"post-25027","1":"product","2":"type-product","3":"status-publish","4":"has-post-thumbnail","6":"product_cat-plyty-slizgowe","7":"product_cat-latwoslizgi-przemieszczanie-pacjentow","8":"pa_dlugosc-175-cm","9":"pa_szerokosc-50-cm","11":"first","12":"instock","13":"taxable","14":"shipping-taxable","15":"purchasable","16":"product-type-simple"},"acf":[],"yoast_head":"<!-- This site is optimized with the Yoast SEO plugin v27.4 - https:\/\/yoast.com\/product\/yoast-seo-wordpress\/ -->\n<title>SKAR91450 - P\u0142yta \u015blizgowa \u0142amana 175x50 cm - INNOW<\/title>\n<meta name=\"description\" content=\"Praktyczna p\u0142yta \u015blizgowa \u0142amana 175x50 cm z zewn\u0119trznym materia\u0142em o niskim wsp\u00f3\u0142czynniku tarcia do \u0142atwego przemieszczania pacjent\u00f3w. Zobacz!\" \/>\n<meta name=\"robots\" content=\"index, follow, max-snippet:-1, max-image-preview:large, max-video-preview:-1\" \/>\n<link rel=\"canonical\" href=\"https:\/\/innow.pl\/produkt\/skar91450-plyta-slizgowa-lamana\/\" \/>\n<meta property=\"og:locale\" content=\"fr_FR\" \/>\n<meta property=\"og:type\" content=\"article\" \/>\n<meta property=\"og:title\" content=\"SKAR91450 - P\u0142yta \u015blizgowa \u0142amana 175x50 cm - INNOW\" \/>\n<meta property=\"og:description\" content=\"Praktyczna p\u0142yta \u015blizgowa \u0142amana 175x50 cm z zewn\u0119trznym materia\u0142em o niskim wsp\u00f3\u0142czynniku tarcia do \u0142atwego przemieszczania pacjent\u00f3w. Zobacz!\" \/>\n<meta property=\"og:url\" content=\"https:\/\/innow.pl\/produkt\/skar91450-plyta-slizgowa-lamana\/\" \/>\n<meta property=\"og:site_name\" content=\"INNOW\" \/>\n<meta property=\"article:modified_time\" content=\"2025-03-07T12:38:56+00:00\" \/>\n<meta property=\"og:image\" content=\"https:\/\/innow.pl\/wp-content\/uploads\/2024\/11\/SKAR91450_new.jpeg\" \/>\n\t<meta property=\"og:image:width\" content=\"800\" \/>\n\t<meta property=\"og:image:height\" content=\"800\" \/>\n\t<meta property=\"og:image:type\" content=\"image\/jpeg\" \/>\n<meta name=\"twitter:card\" content=\"summary_large_image\" \/>\n<meta name=\"twitter:label1\" content=\"Dur\u00e9e de lecture estim\u00e9e\" \/>\n\t<meta name=\"twitter:data1\" content=\"1 minute\" \/>\n<script type=\"application\/ld+json\" class=\"yoast-schema-graph\">{\"@context\":\"https:\\\/\\\/schema.org\",\"@graph\":[{\"@type\":\"WebPage\",\"@id\":\"https:\\\/\\\/innow.pl\\\/produkt\\\/skar91450-plyta-slizgowa-lamana\\\/\",\"url\":\"https:\\\/\\\/innow.pl\\\/produkt\\\/skar91450-plyta-slizgowa-lamana\\\/\",\"name\":\"SKAR91450 - P\u0142yta \u015blizgowa \u0142amana 175x50 cm - INNOW\",\"isPartOf\":{\"@id\":\"https:\\\/\\\/innow.pl\\\/#website\"},\"primaryImageOfPage\":{\"@id\":\"https:\\\/\\\/innow.pl\\\/produkt\\\/skar91450-plyta-slizgowa-lamana\\\/#primaryimage\"},\"image\":{\"@id\":\"https:\\\/\\\/innow.pl\\\/produkt\\\/skar91450-plyta-slizgowa-lamana\\\/#primaryimage\"},\"thumbnailUrl\":\"https:\\\/\\\/innow.pl\\\/wp-content\\\/uploads\\\/2024\\\/11\\\/SKAR91450_new.jpeg\",\"datePublished\":\"2017-06-21T04:34:41+00:00\",\"dateModified\":\"2025-03-07T12:38:56+00:00\",\"description\":\"Praktyczna p\u0142yta \u015blizgowa \u0142amana 175x50 cm z zewn\u0119trznym materia\u0142em o niskim wsp\u00f3\u0142czynniku tarcia do \u0142atwego przemieszczania pacjent\u00f3w. Zobacz!\",\"breadcrumb\":{\"@id\":\"https:\\\/\\\/innow.pl\\\/produkt\\\/skar91450-plyta-slizgowa-lamana\\\/#breadcrumb\"},\"inLanguage\":\"fr-FR\",\"potentialAction\":[{\"@type\":\"ReadAction\",\"target\":[\"https:\\\/\\\/innow.pl\\\/produkt\\\/skar91450-plyta-slizgowa-lamana\\\/\"]}]},{\"@type\":\"ImageObject\",\"inLanguage\":\"fr-FR\",\"@id\":\"https:\\\/\\\/innow.pl\\\/produkt\\\/skar91450-plyta-slizgowa-lamana\\\/#primaryimage\",\"url\":\"https:\\\/\\\/innow.pl\\\/wp-content\\\/uploads\\\/2024\\\/11\\\/SKAR91450_new.jpeg\",\"contentUrl\":\"https:\\\/\\\/innow.pl\\\/wp-content\\\/uploads\\\/2024\\\/11\\\/SKAR91450_new.jpeg\",\"width\":800,\"height\":800,\"caption\":\"SKAR91450 - P\u0142yta \u015blizgowa \u0142amana 175x50 cm\"},{\"@type\":\"BreadcrumbList\",\"@id\":\"https:\\\/\\\/innow.pl\\\/produkt\\\/skar91450-plyta-slizgowa-lamana\\\/#breadcrumb\",\"itemListElement\":[{\"@type\":\"ListItem\",\"position\":1,\"name\":\"INNOW\",\"item\":\"https:\\\/\\\/innow.pl\\\/fr\\\/\"},{\"@type\":\"ListItem\",\"position\":2,\"name\":\"Produkty\",\"item\":\"https:\\\/\\\/innow.pl\\\/produkty\\\/\"},{\"@type\":\"ListItem\",\"position\":3,\"name\":\"\u0141atwo\u015blizgi - przemieszczanie pacjent\u00f3w\",\"item\":\"https:\\\/\\\/innow.pl\\\/produkty\\\/latwoslizgi-przemieszczanie-pacjentow\\\/\"},{\"@type\":\"ListItem\",\"position\":4,\"name\":\"P\u0142yty \u015blizgowe\",\"item\":\"https:\\\/\\\/innow.pl\\\/produkty\\\/latwoslizgi-przemieszczanie-pacjentow\\\/plyty-slizgowe\\\/\"},{\"@type\":\"ListItem\",\"position\":5,\"name\":\"SKAR91450 &#8211; P\u0142yta \u015blizgowa \u0142amana 175&#215;50 cm\"}]},{\"@type\":\"WebSite\",\"@id\":\"https:\\\/\\\/innow.pl\\\/#website\",\"url\":\"https:\\\/\\\/innow.pl\\\/\",\"name\":\"INNOW\",\"description\":\"\",\"potentialAction\":[{\"@type\":\"SearchAction\",\"target\":{\"@type\":\"EntryPoint\",\"urlTemplate\":\"https:\\\/\\\/innow.pl\\\/?s={search_term_string}\"},\"query-input\":{\"@type\":\"PropertyValueSpecification\",\"valueRequired\":true,\"valueName\":\"search_term_string\"}}],\"inLanguage\":\"fr-FR\"}]}<\/script>\n<!-- \/ Yoast SEO plugin. -->","yoast_head_json":{"title":"SKAR91450 - P\u0142yta \u015blizgowa \u0142amana 175x50 cm - INNOW","description":"Praktyczna p\u0142yta \u015blizgowa \u0142amana 175x50 cm z zewn\u0119trznym materia\u0142em o niskim wsp\u00f3\u0142czynniku tarcia do \u0142atwego przemieszczania pacjent\u00f3w. Zobacz!","robots":{"index":"index","follow":"follow","max-snippet":"max-snippet:-1","max-image-preview":"max-image-preview:large","max-video-preview":"max-video-preview:-1"},"canonical":"https:\/\/innow.pl\/produkt\/skar91450-plyta-slizgowa-lamana\/","og_locale":"fr_FR","og_type":"article","og_title":"SKAR91450 - P\u0142yta \u015blizgowa \u0142amana 175x50 cm - INNOW","og_description":"Praktyczna p\u0142yta \u015blizgowa \u0142amana 175x50 cm z zewn\u0119trznym materia\u0142em o niskim wsp\u00f3\u0142czynniku tarcia do \u0142atwego przemieszczania pacjent\u00f3w. Zobacz!","og_url":"https:\/\/innow.pl\/produkt\/skar91450-plyta-slizgowa-lamana\/","og_site_name":"INNOW","article_modified_time":"2025-03-07T12:38:56+00:00","og_image":[{"width":800,"height":800,"url":"https:\/\/innow.pl\/wp-content\/uploads\/2024\/11\/SKAR91450_new.jpeg","type":"image\/jpeg"}],"twitter_card":"summary_large_image","twitter_misc":{"Dur\u00e9e de lecture estim\u00e9e":"1 minute"},"schema":{"@context":"https:\/\/schema.org","@graph":[{"@type":"WebPage","@id":"https:\/\/innow.pl\/produkt\/skar91450-plyta-slizgowa-lamana\/","url":"https:\/\/innow.pl\/produkt\/skar91450-plyta-slizgowa-lamana\/","name":"SKAR91450 - P\u0142yta \u015blizgowa \u0142amana 175x50 cm - INNOW","isPartOf":{"@id":"https:\/\/innow.pl\/#website"},"primaryImageOfPage":{"@id":"https:\/\/innow.pl\/produkt\/skar91450-plyta-slizgowa-lamana\/#primaryimage"},"image":{"@id":"https:\/\/innow.pl\/produkt\/skar91450-plyta-slizgowa-lamana\/#primaryimage"},"thumbnailUrl":"https:\/\/innow.pl\/wp-content\/uploads\/2024\/11\/SKAR91450_new.jpeg","datePublished":"2017-06-21T04:34:41+00:00","dateModified":"2025-03-07T12:38:56+00:00","description":"Praktyczna p\u0142yta \u015blizgowa \u0142amana 175x50 cm z zewn\u0119trznym materia\u0142em o niskim wsp\u00f3\u0142czynniku tarcia do \u0142atwego przemieszczania pacjent\u00f3w. Zobacz!","breadcrumb":{"@id":"https:\/\/innow.pl\/produkt\/skar91450-plyta-slizgowa-lamana\/#breadcrumb"},"inLanguage":"fr-FR","potentialAction":[{"@type":"ReadAction","target":["https:\/\/innow.pl\/produkt\/skar91450-plyta-slizgowa-lamana\/"]}]},{"@type":"ImageObject","inLanguage":"fr-FR","@id":"https:\/\/innow.pl\/produkt\/skar91450-plyta-slizgowa-lamana\/#primaryimage","url":"https:\/\/innow.pl\/wp-content\/uploads\/2024\/11\/SKAR91450_new.jpeg","contentUrl":"https:\/\/innow.pl\/wp-content\/uploads\/2024\/11\/SKAR91450_new.jpeg","width":800,"height":800,"caption":"SKAR91450 - P\u0142yta \u015blizgowa \u0142amana 175x50 cm"},{"@type":"BreadcrumbList","@id":"https:\/\/innow.pl\/produkt\/skar91450-plyta-slizgowa-lamana\/#breadcrumb","itemListElement":[{"@type":"ListItem","position":1,"name":"INNOW","item":"https:\/\/innow.pl\/fr\/"},{"@type":"ListItem","position":2,"name":"Produkty","item":"https:\/\/innow.pl\/produkty\/"},{"@type":"ListItem","position":3,"name":"\u0141atwo\u015blizgi - przemieszczanie pacjent\u00f3w","item":"https:\/\/innow.pl\/produkty\/latwoslizgi-przemieszczanie-pacjentow\/"},{"@type":"ListItem","position":4,"name":"P\u0142yty \u015blizgowe","item":"https:\/\/innow.pl\/produkty\/latwoslizgi-przemieszczanie-pacjentow\/plyty-slizgowe\/"},{"@type":"ListItem","position":5,"name":"SKAR91450 &#8211; P\u0142yta \u015blizgowa \u0142amana 175&#215;50 cm"}]},{"@type":"WebSite","@id":"https:\/\/innow.pl\/#website","url":"https:\/\/innow.pl\/","name":"INNOW","description":"","potentialAction":[{"@type":"SearchAction","target":{"@type":"EntryPoint","urlTemplate":"https:\/\/innow.pl\/?s={search_term_string}"},"query-input":{"@type":"PropertyValueSpecification","valueRequired":true,"valueName":"search_term_string"}}],"inLanguage":"fr-FR"}]}},"_links":{"self":[{"href":"https:\/\/innow.pl\/fr\/wp-json\/wp\/v2\/product\/25027","targetHints":{"allow":["GET"]}}],"collection":[{"href":"https:\/\/innow.pl\/fr\/wp-json\/wp\/v2\/product"}],"about":[{"href":"https:\/\/innow.pl\/fr\/wp-json\/wp\/v2\/types\/product"}],"replies":[{"embeddable":true,"href":"https:\/\/innow.pl\/fr\/wp-json\/wp\/v2\/comments?post=25027"}],"wp:featuredmedia":[{"embeddable":true,"href":"https:\/\/innow.pl\/fr\/wp-json\/wp\/v2\/media\/25029"}],"wp:attachment":[{"href":"https:\/\/innow.pl\/fr\/wp-json\/wp\/v2\/media?parent=25027"}],"wp:term":[{"taxonomy":"product_brand","embeddable":true,"href":"https:\/\/innow.pl\/fr\/wp-json\/wp\/v2\/product_brand?post=25027"},{"taxonomy":"product_cat","embeddable":true,"href":"https:\/\/innow.pl\/fr\/wp-json\/wp\/v2\/product_cat?post=25027"},{"taxonomy":"product_tag","embeddable":true,"href":"https:\/\/innow.pl\/fr\/wp-json\/wp\/v2\/product_tag?post=25027"}],"curies":[{"name":"wp","href":"https:\/\/api.w.org\/{rel}","templated":true}]}}