{"id":24941,"date":"2017-06-20T09:05:53","date_gmt":"2017-06-20T07:05:53","guid":{"rendered":"https:\/\/innow.pl\/produkt\/ms6310-sliska-poduszka-do-obracania-i-przemieszczania-50x60-cm-medinn\/"},"modified":"2025-03-07T13:58:00","modified_gmt":"2025-03-07T12:58:00","slug":"ms6310-sliska-poduszka-do-obracania-i-przemieszczania-50x60-cm-medinn","status":"publish","type":"product","link":"https:\/\/innow.pl\/fr\/produkt\/ms6310-sliska-poduszka-do-obracania-i-przemieszczania-50x60-cm-medinn\/","title":{"rendered":"MS6310 &#8211; Materac kr\u00f3tki 50&#215;60 cm MEDINN"},"content":{"rendered":"<p>Materac kr\u00f3tki, kt\u00f3rego wewn\u0119trzn\u0105 stron\u0119 stanowi super-\u015bliska tkanina (niski wsp\u00f3\u0142czynnik tarcia), a zewn\u0119trzn\u0105 g\u0142adki materia\u0142. Przeznaczony jest do zmiany pozycji pacjenta i jego obracania. Umo\u017cliwia r\u00f3wnie\u017c \u0142atwe przemieszczenie osoby z \u0142\u00f3\u017cka lub na \u0142\u00f3\u017cko, w\u00f3zek czy toalet\u0119.<\/p>\n","protected":false},"excerpt":{"rendered":"<p>Materac kr\u00f3tki, kt\u00f3rego wewn\u0119trzn\u0105 stron\u0119 stanowi super-\u015bliska tkanina (niski wsp\u00f3\u0142czynnik tarcia), a zewn\u0119trzn\u0105 g\u0142adki materia\u0142. Przeznaczony jest do zmiany pozycji pacjenta i jego obracania. Umo\u017cliwia r\u00f3wnie\u017c \u0142atwe przemieszczenie osoby z \u0142\u00f3\u017cka lub na \u0142\u00f3\u017cko, w\u00f3zek czy toalet\u0119.<\/p>\n","protected":false},"featured_media":24943,"comment_status":"open","ping_status":"closed","template":"","meta":{"_acf_changed":false},"product_brand":[],"product_cat":[422,393,1020,392],"product_tag":[],"class_list":{"0":"post-24941","1":"product","2":"type-product","3":"status-publish","4":"has-post-thumbnail","6":"product_cat-materace-slizgowe","7":"product_cat-od-reki-w-salonie","8":"product_cat-przemieszczanie-pacjentow","9":"product_cat-latwoslizgi-przemieszczanie-pacjentow","10":"pa_dlugosc-60-cm","11":"pa_szerokosc-50-cm","13":"first","14":"instock","15":"taxable","16":"shipping-taxable","17":"purchasable","18":"product-type-simple"},"acf":[],"yoast_head":"<!-- This site is optimized with the Yoast SEO plugin v27.4 - https:\/\/yoast.com\/product\/yoast-seo-wordpress\/ -->\n<title>MS6310 - Materac kr\u00f3tki 50x60 cm MEDINN - INNOW<\/title>\n<meta name=\"description\" content=\"Praktyczny materac kr\u00f3tki 50x60 cm MEDINN ze \u015blisk\u0105 stron\u0105 wewn\u0119trzn\u0105 i g\u0142adk\u0105 zewn\u0119trzn\u0105 u\u0142atwiaj\u0105cy przemieszczanie pacjent\u00f3w. Poznaj szczeg\u00f3\u0142y!\" \/>\n<meta name=\"robots\" content=\"index, follow, max-snippet:-1, max-image-preview:large, max-video-preview:-1\" \/>\n<link rel=\"canonical\" href=\"https:\/\/innow.pl\/produkt\/ms6310-sliska-poduszka-do-obracania-i-przemieszczania-50x60-cm-medinn\/\" \/>\n<meta property=\"og:locale\" content=\"fr_FR\" \/>\n<meta property=\"og:type\" content=\"article\" \/>\n<meta property=\"og:title\" content=\"MS6310 - Materac kr\u00f3tki 50x60 cm MEDINN - INNOW\" \/>\n<meta property=\"og:description\" content=\"Praktyczny materac kr\u00f3tki 50x60 cm MEDINN ze \u015blisk\u0105 stron\u0105 wewn\u0119trzn\u0105 i g\u0142adk\u0105 zewn\u0119trzn\u0105 u\u0142atwiaj\u0105cy przemieszczanie pacjent\u00f3w. Poznaj szczeg\u00f3\u0142y!\" \/>\n<meta property=\"og:url\" content=\"https:\/\/innow.pl\/produkt\/ms6310-sliska-poduszka-do-obracania-i-przemieszczania-50x60-cm-medinn\/\" \/>\n<meta property=\"og:site_name\" content=\"INNOW\" \/>\n<meta property=\"article:modified_time\" content=\"2025-03-07T12:58:00+00:00\" \/>\n<meta property=\"og:image\" content=\"https:\/\/innow.pl\/wp-content\/uploads\/2024\/11\/TMS6310_nowy-1.jpg\" \/>\n\t<meta property=\"og:image:width\" content=\"800\" \/>\n\t<meta property=\"og:image:height\" content=\"800\" \/>\n\t<meta property=\"og:image:type\" content=\"image\/jpeg\" \/>\n<meta name=\"twitter:card\" content=\"summary_large_image\" \/>\n<meta name=\"twitter:label1\" content=\"Dur\u00e9e de lecture estim\u00e9e\" \/>\n\t<meta name=\"twitter:data1\" content=\"1 minute\" \/>\n<script type=\"application\/ld+json\" class=\"yoast-schema-graph\">{\"@context\":\"https:\\\/\\\/schema.org\",\"@graph\":[{\"@type\":\"WebPage\",\"@id\":\"https:\\\/\\\/innow.pl\\\/produkt\\\/ms6310-sliska-poduszka-do-obracania-i-przemieszczania-50x60-cm-medinn\\\/\",\"url\":\"https:\\\/\\\/innow.pl\\\/produkt\\\/ms6310-sliska-poduszka-do-obracania-i-przemieszczania-50x60-cm-medinn\\\/\",\"name\":\"MS6310 - Materac kr\u00f3tki 50x60 cm MEDINN - INNOW\",\"isPartOf\":{\"@id\":\"https:\\\/\\\/innow.pl\\\/#website\"},\"primaryImageOfPage\":{\"@id\":\"https:\\\/\\\/innow.pl\\\/produkt\\\/ms6310-sliska-poduszka-do-obracania-i-przemieszczania-50x60-cm-medinn\\\/#primaryimage\"},\"image\":{\"@id\":\"https:\\\/\\\/innow.pl\\\/produkt\\\/ms6310-sliska-poduszka-do-obracania-i-przemieszczania-50x60-cm-medinn\\\/#primaryimage\"},\"thumbnailUrl\":\"https:\\\/\\\/innow.pl\\\/wp-content\\\/uploads\\\/2024\\\/11\\\/TMS6310_nowy-1.jpg\",\"datePublished\":\"2017-06-20T07:05:53+00:00\",\"dateModified\":\"2025-03-07T12:58:00+00:00\",\"description\":\"Praktyczny materac kr\u00f3tki 50x60 cm MEDINN ze \u015blisk\u0105 stron\u0105 wewn\u0119trzn\u0105 i g\u0142adk\u0105 zewn\u0119trzn\u0105 u\u0142atwiaj\u0105cy przemieszczanie pacjent\u00f3w. Poznaj szczeg\u00f3\u0142y!\",\"breadcrumb\":{\"@id\":\"https:\\\/\\\/innow.pl\\\/produkt\\\/ms6310-sliska-poduszka-do-obracania-i-przemieszczania-50x60-cm-medinn\\\/#breadcrumb\"},\"inLanguage\":\"fr-FR\",\"potentialAction\":[{\"@type\":\"ReadAction\",\"target\":[\"https:\\\/\\\/innow.pl\\\/produkt\\\/ms6310-sliska-poduszka-do-obracania-i-przemieszczania-50x60-cm-medinn\\\/\"]}]},{\"@type\":\"ImageObject\",\"inLanguage\":\"fr-FR\",\"@id\":\"https:\\\/\\\/innow.pl\\\/produkt\\\/ms6310-sliska-poduszka-do-obracania-i-przemieszczania-50x60-cm-medinn\\\/#primaryimage\",\"url\":\"https:\\\/\\\/innow.pl\\\/wp-content\\\/uploads\\\/2024\\\/11\\\/TMS6310_nowy-1.jpg\",\"contentUrl\":\"https:\\\/\\\/innow.pl\\\/wp-content\\\/uploads\\\/2024\\\/11\\\/TMS6310_nowy-1.jpg\",\"width\":800,\"height\":800,\"caption\":\"Materac kr\u00f3tki 50x60 cm MEDINN \u2013 MS6310 \u2013 INNOW\"},{\"@type\":\"BreadcrumbList\",\"@id\":\"https:\\\/\\\/innow.pl\\\/produkt\\\/ms6310-sliska-poduszka-do-obracania-i-przemieszczania-50x60-cm-medinn\\\/#breadcrumb\",\"itemListElement\":[{\"@type\":\"ListItem\",\"position\":1,\"name\":\"INNOW\",\"item\":\"https:\\\/\\\/innow.pl\\\/fr\\\/\"},{\"@type\":\"ListItem\",\"position\":2,\"name\":\"Produkty\",\"item\":\"https:\\\/\\\/innow.pl\\\/produkty\\\/\"},{\"@type\":\"ListItem\",\"position\":3,\"name\":\"\u0141atwo\u015blizgi - przemieszczanie pacjent\u00f3w\",\"item\":\"https:\\\/\\\/innow.pl\\\/produkty\\\/latwoslizgi-przemieszczanie-pacjentow\\\/\"},{\"@type\":\"ListItem\",\"position\":4,\"name\":\"Materace \u015blizgowe\",\"item\":\"https:\\\/\\\/innow.pl\\\/produkty\\\/latwoslizgi-przemieszczanie-pacjentow\\\/materace-slizgowe\\\/\"},{\"@type\":\"ListItem\",\"position\":5,\"name\":\"MS6310 &#8211; Materac kr\u00f3tki 50&#215;60 cm MEDINN\"}]},{\"@type\":\"WebSite\",\"@id\":\"https:\\\/\\\/innow.pl\\\/#website\",\"url\":\"https:\\\/\\\/innow.pl\\\/\",\"name\":\"INNOW\",\"description\":\"\",\"potentialAction\":[{\"@type\":\"SearchAction\",\"target\":{\"@type\":\"EntryPoint\",\"urlTemplate\":\"https:\\\/\\\/innow.pl\\\/?s={search_term_string}\"},\"query-input\":{\"@type\":\"PropertyValueSpecification\",\"valueRequired\":true,\"valueName\":\"search_term_string\"}}],\"inLanguage\":\"fr-FR\"}]}<\/script>\n<!-- \/ Yoast SEO plugin. -->","yoast_head_json":{"title":"MS6310 - Materac kr\u00f3tki 50x60 cm MEDINN - INNOW","description":"Praktyczny materac kr\u00f3tki 50x60 cm MEDINN ze \u015blisk\u0105 stron\u0105 wewn\u0119trzn\u0105 i g\u0142adk\u0105 zewn\u0119trzn\u0105 u\u0142atwiaj\u0105cy przemieszczanie pacjent\u00f3w. Poznaj szczeg\u00f3\u0142y!","robots":{"index":"index","follow":"follow","max-snippet":"max-snippet:-1","max-image-preview":"max-image-preview:large","max-video-preview":"max-video-preview:-1"},"canonical":"https:\/\/innow.pl\/produkt\/ms6310-sliska-poduszka-do-obracania-i-przemieszczania-50x60-cm-medinn\/","og_locale":"fr_FR","og_type":"article","og_title":"MS6310 - Materac kr\u00f3tki 50x60 cm MEDINN - INNOW","og_description":"Praktyczny materac kr\u00f3tki 50x60 cm MEDINN ze \u015blisk\u0105 stron\u0105 wewn\u0119trzn\u0105 i g\u0142adk\u0105 zewn\u0119trzn\u0105 u\u0142atwiaj\u0105cy przemieszczanie pacjent\u00f3w. Poznaj szczeg\u00f3\u0142y!","og_url":"https:\/\/innow.pl\/produkt\/ms6310-sliska-poduszka-do-obracania-i-przemieszczania-50x60-cm-medinn\/","og_site_name":"INNOW","article_modified_time":"2025-03-07T12:58:00+00:00","og_image":[{"width":800,"height":800,"url":"https:\/\/innow.pl\/wp-content\/uploads\/2024\/11\/TMS6310_nowy-1.jpg","type":"image\/jpeg"}],"twitter_card":"summary_large_image","twitter_misc":{"Dur\u00e9e de lecture estim\u00e9e":"1 minute"},"schema":{"@context":"https:\/\/schema.org","@graph":[{"@type":"WebPage","@id":"https:\/\/innow.pl\/produkt\/ms6310-sliska-poduszka-do-obracania-i-przemieszczania-50x60-cm-medinn\/","url":"https:\/\/innow.pl\/produkt\/ms6310-sliska-poduszka-do-obracania-i-przemieszczania-50x60-cm-medinn\/","name":"MS6310 - Materac kr\u00f3tki 50x60 cm MEDINN - INNOW","isPartOf":{"@id":"https:\/\/innow.pl\/#website"},"primaryImageOfPage":{"@id":"https:\/\/innow.pl\/produkt\/ms6310-sliska-poduszka-do-obracania-i-przemieszczania-50x60-cm-medinn\/#primaryimage"},"image":{"@id":"https:\/\/innow.pl\/produkt\/ms6310-sliska-poduszka-do-obracania-i-przemieszczania-50x60-cm-medinn\/#primaryimage"},"thumbnailUrl":"https:\/\/innow.pl\/wp-content\/uploads\/2024\/11\/TMS6310_nowy-1.jpg","datePublished":"2017-06-20T07:05:53+00:00","dateModified":"2025-03-07T12:58:00+00:00","description":"Praktyczny materac kr\u00f3tki 50x60 cm MEDINN ze \u015blisk\u0105 stron\u0105 wewn\u0119trzn\u0105 i g\u0142adk\u0105 zewn\u0119trzn\u0105 u\u0142atwiaj\u0105cy przemieszczanie pacjent\u00f3w. Poznaj szczeg\u00f3\u0142y!","breadcrumb":{"@id":"https:\/\/innow.pl\/produkt\/ms6310-sliska-poduszka-do-obracania-i-przemieszczania-50x60-cm-medinn\/#breadcrumb"},"inLanguage":"fr-FR","potentialAction":[{"@type":"ReadAction","target":["https:\/\/innow.pl\/produkt\/ms6310-sliska-poduszka-do-obracania-i-przemieszczania-50x60-cm-medinn\/"]}]},{"@type":"ImageObject","inLanguage":"fr-FR","@id":"https:\/\/innow.pl\/produkt\/ms6310-sliska-poduszka-do-obracania-i-przemieszczania-50x60-cm-medinn\/#primaryimage","url":"https:\/\/innow.pl\/wp-content\/uploads\/2024\/11\/TMS6310_nowy-1.jpg","contentUrl":"https:\/\/innow.pl\/wp-content\/uploads\/2024\/11\/TMS6310_nowy-1.jpg","width":800,"height":800,"caption":"Materac kr\u00f3tki 50x60 cm MEDINN \u2013 MS6310 \u2013 INNOW"},{"@type":"BreadcrumbList","@id":"https:\/\/innow.pl\/produkt\/ms6310-sliska-poduszka-do-obracania-i-przemieszczania-50x60-cm-medinn\/#breadcrumb","itemListElement":[{"@type":"ListItem","position":1,"name":"INNOW","item":"https:\/\/innow.pl\/fr\/"},{"@type":"ListItem","position":2,"name":"Produkty","item":"https:\/\/innow.pl\/produkty\/"},{"@type":"ListItem","position":3,"name":"\u0141atwo\u015blizgi - przemieszczanie pacjent\u00f3w","item":"https:\/\/innow.pl\/produkty\/latwoslizgi-przemieszczanie-pacjentow\/"},{"@type":"ListItem","position":4,"name":"Materace \u015blizgowe","item":"https:\/\/innow.pl\/produkty\/latwoslizgi-przemieszczanie-pacjentow\/materace-slizgowe\/"},{"@type":"ListItem","position":5,"name":"MS6310 &#8211; Materac kr\u00f3tki 50&#215;60 cm MEDINN"}]},{"@type":"WebSite","@id":"https:\/\/innow.pl\/#website","url":"https:\/\/innow.pl\/","name":"INNOW","description":"","potentialAction":[{"@type":"SearchAction","target":{"@type":"EntryPoint","urlTemplate":"https:\/\/innow.pl\/?s={search_term_string}"},"query-input":{"@type":"PropertyValueSpecification","valueRequired":true,"valueName":"search_term_string"}}],"inLanguage":"fr-FR"}]}},"_links":{"self":[{"href":"https:\/\/innow.pl\/fr\/wp-json\/wp\/v2\/product\/24941","targetHints":{"allow":["GET"]}}],"collection":[{"href":"https:\/\/innow.pl\/fr\/wp-json\/wp\/v2\/product"}],"about":[{"href":"https:\/\/innow.pl\/fr\/wp-json\/wp\/v2\/types\/product"}],"replies":[{"embeddable":true,"href":"https:\/\/innow.pl\/fr\/wp-json\/wp\/v2\/comments?post=24941"}],"wp:featuredmedia":[{"embeddable":true,"href":"https:\/\/innow.pl\/fr\/wp-json\/wp\/v2\/media\/24943"}],"wp:attachment":[{"href":"https:\/\/innow.pl\/fr\/wp-json\/wp\/v2\/media?parent=24941"}],"wp:term":[{"taxonomy":"product_brand","embeddable":true,"href":"https:\/\/innow.pl\/fr\/wp-json\/wp\/v2\/product_brand?post=24941"},{"taxonomy":"product_cat","embeddable":true,"href":"https:\/\/innow.pl\/fr\/wp-json\/wp\/v2\/product_cat?post=24941"},{"taxonomy":"product_tag","embeddable":true,"href":"https:\/\/innow.pl\/fr\/wp-json\/wp\/v2\/product_tag?post=24941"}],"curies":[{"name":"wp","href":"https:\/\/api.w.org\/{rel}","templated":true}]}}