{"id":24925,"date":"2017-06-20T08:46:26","date_gmt":"2017-06-20T06:46:26","guid":{"rendered":"https:\/\/innow.pl\/produkt\/ms6200-plyta-slizgowa-lamana-medinn-180x50-cm\/"},"modified":"2025-03-07T14:00:11","modified_gmt":"2025-03-07T13:00:11","slug":"ms6200-plyta-slizgowa-lamana-medinn-180x50-cm","status":"publish","type":"product","link":"https:\/\/innow.pl\/fr\/produkt\/ms6200-plyta-slizgowa-lamana-medinn-180x50-cm\/","title":{"rendered":"MS6200 &#8211; P\u0142yta \u015blizgowa \u0142amana MEDINN 180&#215;50 cm (z pokrowcem nylonowym)"},"content":{"rendered":"<p>P\u0142yta \u015blizgowa \u0142amana MEDINN 180&#215;50 cm przeznaczona do przenoszenia pacjent\u00f3w z ograniczonymi mo\u017cliwo\u015bciami ruchowymi. Umo\u017cliwia ona transport pacjent\u00f3w w \u0142atwy i szybki spos\u00f3b, niewymagaj\u0105cy od personelu du\u017cego wysi\u0142ku fizycznego. P\u0142yta jest przezierna dla promieni RTG. Masa cia\u0142a pacjent\u00f3w przenoszonych na p\u0142ycie nie mo\u017ce przekracza\u0107 170 kg, a r\u00f3\u017cnica poziom\u00f3w oraz odleg\u0142o\u015b\u0107 mi\u0119dzy powierzchniami nie powinny by\u0107 wi\u0119ksze ni\u017c 20 cm.<\/p>\n","protected":false},"excerpt":{"rendered":"<p>P\u0142yta \u015blizgowa \u0142amana MEDINN 180&#215;50 cm przeznaczona do przenoszenia pacjent\u00f3w z ograniczonymi mo\u017cliwo\u015bciami ruchowymi. Umo\u017cliwia ona transport pacjent\u00f3w w \u0142atwy i szybki spos\u00f3b, niewymagaj\u0105cy od personelu du\u017cego wysi\u0142ku fizycznego. P\u0142yta jest przezierna dla promieni RTG. Masa cia\u0142a pacjent\u00f3w przenoszonych na p\u0142ycie nie mo\u017ce przekracza\u0107 170 kg, a r\u00f3\u017cnica poziom\u00f3w oraz odleg\u0142o\u015b\u0107 mi\u0119dzy powierzchniami nie powinny [&hellip;]<\/p>\n","protected":false},"featured_media":24927,"comment_status":"open","ping_status":"closed","template":"","meta":{"_acf_changed":false},"product_brand":[],"product_cat":[424,392],"product_tag":[],"class_list":{"0":"post-24925","1":"product","2":"type-product","3":"status-publish","4":"has-post-thumbnail","6":"product_cat-plyty-slizgowe","7":"product_cat-latwoslizgi-przemieszczanie-pacjentow","8":"pa_dlugosc-180-cm","9":"pa_szerokosc-50-cm","11":"first","12":"instock","13":"taxable","14":"shipping-taxable","15":"purchasable","16":"product-type-simple"},"acf":[],"yoast_head":"<!-- This site is optimized with the Yoast SEO plugin v27.4 - https:\/\/yoast.com\/product\/yoast-seo-wordpress\/ -->\n<title>MS6200 - P\u0142yta \u015blizgowa \u0142amana MEDINN 180x50 cm (z pokrowcem nylonowym) - INNOW<\/title>\n<meta name=\"description\" content=\"P\u0142yta \u015blizgowa \u0142amana MEDINN 180x50 cm do szybkiego i \u0142atwego przenoszenia pacjent\u00f3w, odci\u0105\u017caj\u0105ca personel medyczny. Sprawd\u017a szczeg\u00f3\u0142y!\" \/>\n<meta name=\"robots\" content=\"index, follow, max-snippet:-1, max-image-preview:large, max-video-preview:-1\" \/>\n<link rel=\"canonical\" href=\"https:\/\/innow.pl\/produkt\/ms6200-plyta-slizgowa-lamana-medinn-180x50-cm\/\" \/>\n<meta property=\"og:locale\" content=\"fr_FR\" \/>\n<meta property=\"og:type\" content=\"article\" \/>\n<meta property=\"og:title\" content=\"MS6200 - P\u0142yta \u015blizgowa \u0142amana MEDINN 180x50 cm (z pokrowcem nylonowym) - INNOW\" \/>\n<meta property=\"og:description\" content=\"P\u0142yta \u015blizgowa \u0142amana MEDINN 180x50 cm do szybkiego i \u0142atwego przenoszenia pacjent\u00f3w, odci\u0105\u017caj\u0105ca personel medyczny. Sprawd\u017a szczeg\u00f3\u0142y!\" \/>\n<meta property=\"og:url\" content=\"https:\/\/innow.pl\/produkt\/ms6200-plyta-slizgowa-lamana-medinn-180x50-cm\/\" \/>\n<meta property=\"og:site_name\" content=\"INNOW\" \/>\n<meta property=\"article:modified_time\" content=\"2025-03-07T13:00:11+00:00\" \/>\n<meta property=\"og:image\" content=\"https:\/\/innow.pl\/wp-content\/uploads\/2024\/11\/MS6200-new-1.jpg\" \/>\n\t<meta property=\"og:image:width\" content=\"600\" \/>\n\t<meta property=\"og:image:height\" content=\"600\" \/>\n\t<meta property=\"og:image:type\" content=\"image\/jpeg\" \/>\n<meta name=\"twitter:card\" content=\"summary_large_image\" \/>\n<meta name=\"twitter:label1\" content=\"Dur\u00e9e de lecture estim\u00e9e\" \/>\n\t<meta name=\"twitter:data1\" content=\"1 minute\" \/>\n<script type=\"application\/ld+json\" class=\"yoast-schema-graph\">{\"@context\":\"https:\\\/\\\/schema.org\",\"@graph\":[{\"@type\":\"WebPage\",\"@id\":\"https:\\\/\\\/innow.pl\\\/produkt\\\/ms6200-plyta-slizgowa-lamana-medinn-180x50-cm\\\/\",\"url\":\"https:\\\/\\\/innow.pl\\\/produkt\\\/ms6200-plyta-slizgowa-lamana-medinn-180x50-cm\\\/\",\"name\":\"MS6200 - P\u0142yta \u015blizgowa \u0142amana MEDINN 180x50 cm (z pokrowcem nylonowym) - INNOW\",\"isPartOf\":{\"@id\":\"https:\\\/\\\/innow.pl\\\/#website\"},\"primaryImageOfPage\":{\"@id\":\"https:\\\/\\\/innow.pl\\\/produkt\\\/ms6200-plyta-slizgowa-lamana-medinn-180x50-cm\\\/#primaryimage\"},\"image\":{\"@id\":\"https:\\\/\\\/innow.pl\\\/produkt\\\/ms6200-plyta-slizgowa-lamana-medinn-180x50-cm\\\/#primaryimage\"},\"thumbnailUrl\":\"https:\\\/\\\/innow.pl\\\/wp-content\\\/uploads\\\/2024\\\/11\\\/MS6200-new-1.jpg\",\"datePublished\":\"2017-06-20T06:46:26+00:00\",\"dateModified\":\"2025-03-07T13:00:11+00:00\",\"description\":\"P\u0142yta \u015blizgowa \u0142amana MEDINN 180x50 cm do szybkiego i \u0142atwego przenoszenia pacjent\u00f3w, odci\u0105\u017caj\u0105ca personel medyczny. Sprawd\u017a szczeg\u00f3\u0142y!\",\"breadcrumb\":{\"@id\":\"https:\\\/\\\/innow.pl\\\/produkt\\\/ms6200-plyta-slizgowa-lamana-medinn-180x50-cm\\\/#breadcrumb\"},\"inLanguage\":\"fr-FR\",\"potentialAction\":[{\"@type\":\"ReadAction\",\"target\":[\"https:\\\/\\\/innow.pl\\\/produkt\\\/ms6200-plyta-slizgowa-lamana-medinn-180x50-cm\\\/\"]}]},{\"@type\":\"ImageObject\",\"inLanguage\":\"fr-FR\",\"@id\":\"https:\\\/\\\/innow.pl\\\/produkt\\\/ms6200-plyta-slizgowa-lamana-medinn-180x50-cm\\\/#primaryimage\",\"url\":\"https:\\\/\\\/innow.pl\\\/wp-content\\\/uploads\\\/2024\\\/11\\\/MS6200-new-1.jpg\",\"contentUrl\":\"https:\\\/\\\/innow.pl\\\/wp-content\\\/uploads\\\/2024\\\/11\\\/MS6200-new-1.jpg\",\"width\":600,\"height\":600,\"caption\":\"P\u0142yta \u015blizgowa \u0142amana MEDINN 180x50 cm - MS6200 - INNOW\"},{\"@type\":\"BreadcrumbList\",\"@id\":\"https:\\\/\\\/innow.pl\\\/produkt\\\/ms6200-plyta-slizgowa-lamana-medinn-180x50-cm\\\/#breadcrumb\",\"itemListElement\":[{\"@type\":\"ListItem\",\"position\":1,\"name\":\"INNOW\",\"item\":\"https:\\\/\\\/innow.pl\\\/fr\\\/\"},{\"@type\":\"ListItem\",\"position\":2,\"name\":\"Produkty\",\"item\":\"https:\\\/\\\/innow.pl\\\/produkty\\\/\"},{\"@type\":\"ListItem\",\"position\":3,\"name\":\"\u0141atwo\u015blizgi - przemieszczanie pacjent\u00f3w\",\"item\":\"https:\\\/\\\/innow.pl\\\/produkty\\\/latwoslizgi-przemieszczanie-pacjentow\\\/\"},{\"@type\":\"ListItem\",\"position\":4,\"name\":\"P\u0142yty \u015blizgowe\",\"item\":\"https:\\\/\\\/innow.pl\\\/produkty\\\/latwoslizgi-przemieszczanie-pacjentow\\\/plyty-slizgowe\\\/\"},{\"@type\":\"ListItem\",\"position\":5,\"name\":\"MS6200 &#8211; P\u0142yta \u015blizgowa \u0142amana MEDINN 180&#215;50 cm (z pokrowcem nylonowym)\"}]},{\"@type\":\"WebSite\",\"@id\":\"https:\\\/\\\/innow.pl\\\/#website\",\"url\":\"https:\\\/\\\/innow.pl\\\/\",\"name\":\"INNOW\",\"description\":\"\",\"potentialAction\":[{\"@type\":\"SearchAction\",\"target\":{\"@type\":\"EntryPoint\",\"urlTemplate\":\"https:\\\/\\\/innow.pl\\\/?s={search_term_string}\"},\"query-input\":{\"@type\":\"PropertyValueSpecification\",\"valueRequired\":true,\"valueName\":\"search_term_string\"}}],\"inLanguage\":\"fr-FR\"}]}<\/script>\n<!-- \/ Yoast SEO plugin. -->","yoast_head_json":{"title":"MS6200 - P\u0142yta \u015blizgowa \u0142amana MEDINN 180x50 cm (z pokrowcem nylonowym) - INNOW","description":"P\u0142yta \u015blizgowa \u0142amana MEDINN 180x50 cm do szybkiego i \u0142atwego przenoszenia pacjent\u00f3w, odci\u0105\u017caj\u0105ca personel medyczny. Sprawd\u017a szczeg\u00f3\u0142y!","robots":{"index":"index","follow":"follow","max-snippet":"max-snippet:-1","max-image-preview":"max-image-preview:large","max-video-preview":"max-video-preview:-1"},"canonical":"https:\/\/innow.pl\/produkt\/ms6200-plyta-slizgowa-lamana-medinn-180x50-cm\/","og_locale":"fr_FR","og_type":"article","og_title":"MS6200 - P\u0142yta \u015blizgowa \u0142amana MEDINN 180x50 cm (z pokrowcem nylonowym) - INNOW","og_description":"P\u0142yta \u015blizgowa \u0142amana MEDINN 180x50 cm do szybkiego i \u0142atwego przenoszenia pacjent\u00f3w, odci\u0105\u017caj\u0105ca personel medyczny. Sprawd\u017a szczeg\u00f3\u0142y!","og_url":"https:\/\/innow.pl\/produkt\/ms6200-plyta-slizgowa-lamana-medinn-180x50-cm\/","og_site_name":"INNOW","article_modified_time":"2025-03-07T13:00:11+00:00","og_image":[{"width":600,"height":600,"url":"https:\/\/innow.pl\/wp-content\/uploads\/2024\/11\/MS6200-new-1.jpg","type":"image\/jpeg"}],"twitter_card":"summary_large_image","twitter_misc":{"Dur\u00e9e de lecture estim\u00e9e":"1 minute"},"schema":{"@context":"https:\/\/schema.org","@graph":[{"@type":"WebPage","@id":"https:\/\/innow.pl\/produkt\/ms6200-plyta-slizgowa-lamana-medinn-180x50-cm\/","url":"https:\/\/innow.pl\/produkt\/ms6200-plyta-slizgowa-lamana-medinn-180x50-cm\/","name":"MS6200 - P\u0142yta \u015blizgowa \u0142amana MEDINN 180x50 cm (z pokrowcem nylonowym) - INNOW","isPartOf":{"@id":"https:\/\/innow.pl\/#website"},"primaryImageOfPage":{"@id":"https:\/\/innow.pl\/produkt\/ms6200-plyta-slizgowa-lamana-medinn-180x50-cm\/#primaryimage"},"image":{"@id":"https:\/\/innow.pl\/produkt\/ms6200-plyta-slizgowa-lamana-medinn-180x50-cm\/#primaryimage"},"thumbnailUrl":"https:\/\/innow.pl\/wp-content\/uploads\/2024\/11\/MS6200-new-1.jpg","datePublished":"2017-06-20T06:46:26+00:00","dateModified":"2025-03-07T13:00:11+00:00","description":"P\u0142yta \u015blizgowa \u0142amana MEDINN 180x50 cm do szybkiego i \u0142atwego przenoszenia pacjent\u00f3w, odci\u0105\u017caj\u0105ca personel medyczny. Sprawd\u017a szczeg\u00f3\u0142y!","breadcrumb":{"@id":"https:\/\/innow.pl\/produkt\/ms6200-plyta-slizgowa-lamana-medinn-180x50-cm\/#breadcrumb"},"inLanguage":"fr-FR","potentialAction":[{"@type":"ReadAction","target":["https:\/\/innow.pl\/produkt\/ms6200-plyta-slizgowa-lamana-medinn-180x50-cm\/"]}]},{"@type":"ImageObject","inLanguage":"fr-FR","@id":"https:\/\/innow.pl\/produkt\/ms6200-plyta-slizgowa-lamana-medinn-180x50-cm\/#primaryimage","url":"https:\/\/innow.pl\/wp-content\/uploads\/2024\/11\/MS6200-new-1.jpg","contentUrl":"https:\/\/innow.pl\/wp-content\/uploads\/2024\/11\/MS6200-new-1.jpg","width":600,"height":600,"caption":"P\u0142yta \u015blizgowa \u0142amana MEDINN 180x50 cm - MS6200 - INNOW"},{"@type":"BreadcrumbList","@id":"https:\/\/innow.pl\/produkt\/ms6200-plyta-slizgowa-lamana-medinn-180x50-cm\/#breadcrumb","itemListElement":[{"@type":"ListItem","position":1,"name":"INNOW","item":"https:\/\/innow.pl\/fr\/"},{"@type":"ListItem","position":2,"name":"Produkty","item":"https:\/\/innow.pl\/produkty\/"},{"@type":"ListItem","position":3,"name":"\u0141atwo\u015blizgi - przemieszczanie pacjent\u00f3w","item":"https:\/\/innow.pl\/produkty\/latwoslizgi-przemieszczanie-pacjentow\/"},{"@type":"ListItem","position":4,"name":"P\u0142yty \u015blizgowe","item":"https:\/\/innow.pl\/produkty\/latwoslizgi-przemieszczanie-pacjentow\/plyty-slizgowe\/"},{"@type":"ListItem","position":5,"name":"MS6200 &#8211; P\u0142yta \u015blizgowa \u0142amana MEDINN 180&#215;50 cm (z pokrowcem nylonowym)"}]},{"@type":"WebSite","@id":"https:\/\/innow.pl\/#website","url":"https:\/\/innow.pl\/","name":"INNOW","description":"","potentialAction":[{"@type":"SearchAction","target":{"@type":"EntryPoint","urlTemplate":"https:\/\/innow.pl\/?s={search_term_string}"},"query-input":{"@type":"PropertyValueSpecification","valueRequired":true,"valueName":"search_term_string"}}],"inLanguage":"fr-FR"}]}},"_links":{"self":[{"href":"https:\/\/innow.pl\/fr\/wp-json\/wp\/v2\/product\/24925","targetHints":{"allow":["GET"]}}],"collection":[{"href":"https:\/\/innow.pl\/fr\/wp-json\/wp\/v2\/product"}],"about":[{"href":"https:\/\/innow.pl\/fr\/wp-json\/wp\/v2\/types\/product"}],"replies":[{"embeddable":true,"href":"https:\/\/innow.pl\/fr\/wp-json\/wp\/v2\/comments?post=24925"}],"wp:featuredmedia":[{"embeddable":true,"href":"https:\/\/innow.pl\/fr\/wp-json\/wp\/v2\/media\/24927"}],"wp:attachment":[{"href":"https:\/\/innow.pl\/fr\/wp-json\/wp\/v2\/media?parent=24925"}],"wp:term":[{"taxonomy":"product_brand","embeddable":true,"href":"https:\/\/innow.pl\/fr\/wp-json\/wp\/v2\/product_brand?post=24925"},{"taxonomy":"product_cat","embeddable":true,"href":"https:\/\/innow.pl\/fr\/wp-json\/wp\/v2\/product_cat?post=24925"},{"taxonomy":"product_tag","embeddable":true,"href":"https:\/\/innow.pl\/fr\/wp-json\/wp\/v2\/product_tag?post=24925"}],"curies":[{"name":"wp","href":"https:\/\/api.w.org\/{rel}","templated":true}]}}