{"id":24772,"date":"2017-06-13T10:37:55","date_gmt":"2017-06-13T08:37:55","guid":{"rendered":"https:\/\/innow.pl\/produkt\/innfue2a-nosze-plachtowe-aluminiowe-skladana-z-torba\/"},"modified":"2026-02-19T11:58:56","modified_gmt":"2026-02-19T10:58:56","slug":"innfue2a-nosze-plachtowe-aluminiowe-skladana-z-torba","status":"publish","type":"product","link":"https:\/\/innow.pl\/fr\/produkt\/innfue2a-nosze-plachtowe-aluminiowe-skladana-z-torba\/","title":{"rendered":"INNFUE 2A &#8211; Nosze p\u0142achtowe aluminiowe sk\u0142adane z torb\u0105"},"content":{"rendered":"<p>Wytrzyma\u0142e, a zarazem lekkie nosze p\u0142achtowe na stela\u017cu wykonanym z aluminium. Znajduj\u0105 zastosowanie jako wyposa\u017cenie karetek pogotowia, szpitali polowych, czy wyroby do przenoszenia pacjent\u00f3w ze z\u0142amaniami. Umo\u017cliwiaj\u0105 \u0142atwe przemieszczanie pacjenta na \u0142\u00f3\u017cko, czy st\u00f3\u0142 operacyjny oraz sprawne ich wyj\u0119cie. Mo\u017cliwo\u015b\u0107 z\u0142o\u017cenia noszy na p\u00f3\u0142, dzi\u0119ki zawiasowemu zapi\u0119ciu, pozwala na ich \u0142atwe przechowywanie i sprawne rozk\u0142adanie.<\/p>\n","protected":false},"excerpt":{"rendered":"<p>Wytrzyma\u0142e, a zarazem lekkie nosze p\u0142achtowe na stela\u017cu wykonanym z aluminium. Znajduj\u0105 zastosowanie jako wyposa\u017cenie karetek pogotowia, szpitali polowych, czy wyroby do przenoszenia pacjent\u00f3w ze z\u0142amaniami. Umo\u017cliwiaj\u0105 \u0142atwe przemieszczanie pacjenta na \u0142\u00f3\u017cko, czy st\u00f3\u0142 operacyjny oraz sprawne ich wyj\u0119cie. Mo\u017cliwo\u015b\u0107 z\u0142o\u017cenia noszy na p\u00f3\u0142, dzi\u0119ki zawiasowemu zapi\u0119ciu, pozwala na ich \u0142atwe przechowywanie i sprawne rozk\u0142adanie.<\/p>\n","protected":false},"featured_media":24774,"comment_status":"open","ping_status":"closed","template":"","meta":{"_acf_changed":false},"product_brand":[],"product_cat":[517,439],"product_tag":[],"class_list":{"0":"post-24772","1":"product","2":"type-product","3":"status-publish","4":"has-post-thumbnail","6":"product_cat-nosze","7":"product_cat-transport","9":"first","10":"instock","11":"taxable","12":"shipping-taxable","13":"purchasable","14":"product-type-simple"},"acf":[],"yoast_head":"<!-- This site is optimized with the Yoast SEO plugin v27.4 - https:\/\/yoast.com\/product\/yoast-seo-wordpress\/ -->\n<title>Nosze p\u0142achtowe aluminiowe sk\u0142adane z torb\u0105 - INNFUE 2A - INNOW<\/title>\n<meta name=\"description\" content=\"\u0141atwe w przechowywaniu nosze p\u0142achtowe aluminiowe sk\u0142adane z torb\u0105. Do stosowania w karetkach pogotowia, do przenoszenia pacjent\u00f3w ze z\u0142amaniami. Zobacz!\" \/>\n<meta name=\"robots\" content=\"index, follow, max-snippet:-1, max-image-preview:large, max-video-preview:-1\" \/>\n<link rel=\"canonical\" href=\"https:\/\/innow.pl\/produkt\/innfue2a-nosze-plachtowe-aluminiowe-skladana-z-torba\/\" \/>\n<meta property=\"og:locale\" content=\"fr_FR\" \/>\n<meta property=\"og:type\" content=\"article\" \/>\n<meta property=\"og:title\" content=\"Nosze p\u0142achtowe aluminiowe sk\u0142adane z torb\u0105 - INNFUE 2A - INNOW\" \/>\n<meta property=\"og:description\" content=\"\u0141atwe w przechowywaniu nosze p\u0142achtowe aluminiowe sk\u0142adane z torb\u0105. Do stosowania w karetkach pogotowia, do przenoszenia pacjent\u00f3w ze z\u0142amaniami. Zobacz!\" \/>\n<meta property=\"og:url\" content=\"https:\/\/innow.pl\/produkt\/innfue2a-nosze-plachtowe-aluminiowe-skladana-z-torba\/\" \/>\n<meta property=\"og:site_name\" content=\"INNOW\" \/>\n<meta property=\"article:modified_time\" content=\"2026-02-19T10:58:56+00:00\" \/>\n<meta property=\"og:image\" content=\"https:\/\/innow.pl\/wp-content\/uploads\/2024\/11\/INNFUE2A-new.jpg\" \/>\n\t<meta property=\"og:image:width\" content=\"720\" \/>\n\t<meta property=\"og:image:height\" content=\"720\" \/>\n\t<meta property=\"og:image:type\" content=\"image\/jpeg\" \/>\n<meta name=\"twitter:card\" content=\"summary_large_image\" \/>\n<meta name=\"twitter:label1\" content=\"Dur\u00e9e de lecture estim\u00e9e\" \/>\n\t<meta name=\"twitter:data1\" content=\"1 minute\" \/>\n<script type=\"application\/ld+json\" class=\"yoast-schema-graph\">{\"@context\":\"https:\\\/\\\/schema.org\",\"@graph\":[{\"@type\":\"WebPage\",\"@id\":\"https:\\\/\\\/innow.pl\\\/produkt\\\/innfue2a-nosze-plachtowe-aluminiowe-skladana-z-torba\\\/\",\"url\":\"https:\\\/\\\/innow.pl\\\/produkt\\\/innfue2a-nosze-plachtowe-aluminiowe-skladana-z-torba\\\/\",\"name\":\"Nosze p\u0142achtowe aluminiowe sk\u0142adane z torb\u0105 - INNFUE 2A - INNOW\",\"isPartOf\":{\"@id\":\"https:\\\/\\\/innow.pl\\\/#website\"},\"primaryImageOfPage\":{\"@id\":\"https:\\\/\\\/innow.pl\\\/produkt\\\/innfue2a-nosze-plachtowe-aluminiowe-skladana-z-torba\\\/#primaryimage\"},\"image\":{\"@id\":\"https:\\\/\\\/innow.pl\\\/produkt\\\/innfue2a-nosze-plachtowe-aluminiowe-skladana-z-torba\\\/#primaryimage\"},\"thumbnailUrl\":\"https:\\\/\\\/innow.pl\\\/wp-content\\\/uploads\\\/2024\\\/11\\\/INNFUE2A-new.jpg\",\"datePublished\":\"2017-06-13T08:37:55+00:00\",\"dateModified\":\"2026-02-19T10:58:56+00:00\",\"description\":\"\u0141atwe w przechowywaniu nosze p\u0142achtowe aluminiowe sk\u0142adane z torb\u0105. Do stosowania w karetkach pogotowia, do przenoszenia pacjent\u00f3w ze z\u0142amaniami. Zobacz!\",\"breadcrumb\":{\"@id\":\"https:\\\/\\\/innow.pl\\\/produkt\\\/innfue2a-nosze-plachtowe-aluminiowe-skladana-z-torba\\\/#breadcrumb\"},\"inLanguage\":\"fr-FR\",\"potentialAction\":[{\"@type\":\"ReadAction\",\"target\":[\"https:\\\/\\\/innow.pl\\\/produkt\\\/innfue2a-nosze-plachtowe-aluminiowe-skladana-z-torba\\\/\"]}]},{\"@type\":\"ImageObject\",\"inLanguage\":\"fr-FR\",\"@id\":\"https:\\\/\\\/innow.pl\\\/produkt\\\/innfue2a-nosze-plachtowe-aluminiowe-skladana-z-torba\\\/#primaryimage\",\"url\":\"https:\\\/\\\/innow.pl\\\/wp-content\\\/uploads\\\/2024\\\/11\\\/INNFUE2A-new.jpg\",\"contentUrl\":\"https:\\\/\\\/innow.pl\\\/wp-content\\\/uploads\\\/2024\\\/11\\\/INNFUE2A-new.jpg\",\"width\":720,\"height\":720,\"caption\":\"Nosze p\u0142achtowe aluminiowe sk\u0142adane z torb\u0105 \u2013 INNFUE 2A \u2013 INNOW\"},{\"@type\":\"BreadcrumbList\",\"@id\":\"https:\\\/\\\/innow.pl\\\/produkt\\\/innfue2a-nosze-plachtowe-aluminiowe-skladana-z-torba\\\/#breadcrumb\",\"itemListElement\":[{\"@type\":\"ListItem\",\"position\":1,\"name\":\"INNOW\",\"item\":\"https:\\\/\\\/innow.pl\\\/fr\\\/\"},{\"@type\":\"ListItem\",\"position\":2,\"name\":\"Produkty\",\"item\":\"https:\\\/\\\/innow.pl\\\/produkty\\\/\"},{\"@type\":\"ListItem\",\"position\":3,\"name\":\"Transport\",\"item\":\"https:\\\/\\\/innow.pl\\\/produkty\\\/transport\\\/\"},{\"@type\":\"ListItem\",\"position\":4,\"name\":\"Nosze\",\"item\":\"https:\\\/\\\/innow.pl\\\/produkty\\\/transport\\\/nosze\\\/\"},{\"@type\":\"ListItem\",\"position\":5,\"name\":\"INNFUE 2A &#8211; Nosze p\u0142achtowe aluminiowe sk\u0142adane z torb\u0105\"}]},{\"@type\":\"WebSite\",\"@id\":\"https:\\\/\\\/innow.pl\\\/#website\",\"url\":\"https:\\\/\\\/innow.pl\\\/\",\"name\":\"INNOW\",\"description\":\"\",\"potentialAction\":[{\"@type\":\"SearchAction\",\"target\":{\"@type\":\"EntryPoint\",\"urlTemplate\":\"https:\\\/\\\/innow.pl\\\/?s={search_term_string}\"},\"query-input\":{\"@type\":\"PropertyValueSpecification\",\"valueRequired\":true,\"valueName\":\"search_term_string\"}}],\"inLanguage\":\"fr-FR\"}]}<\/script>\n<!-- \/ Yoast SEO plugin. -->","yoast_head_json":{"title":"Nosze p\u0142achtowe aluminiowe sk\u0142adane z torb\u0105 - INNFUE 2A - INNOW","description":"\u0141atwe w przechowywaniu nosze p\u0142achtowe aluminiowe sk\u0142adane z torb\u0105. Do stosowania w karetkach pogotowia, do przenoszenia pacjent\u00f3w ze z\u0142amaniami. Zobacz!","robots":{"index":"index","follow":"follow","max-snippet":"max-snippet:-1","max-image-preview":"max-image-preview:large","max-video-preview":"max-video-preview:-1"},"canonical":"https:\/\/innow.pl\/produkt\/innfue2a-nosze-plachtowe-aluminiowe-skladana-z-torba\/","og_locale":"fr_FR","og_type":"article","og_title":"Nosze p\u0142achtowe aluminiowe sk\u0142adane z torb\u0105 - INNFUE 2A - INNOW","og_description":"\u0141atwe w przechowywaniu nosze p\u0142achtowe aluminiowe sk\u0142adane z torb\u0105. Do stosowania w karetkach pogotowia, do przenoszenia pacjent\u00f3w ze z\u0142amaniami. Zobacz!","og_url":"https:\/\/innow.pl\/produkt\/innfue2a-nosze-plachtowe-aluminiowe-skladana-z-torba\/","og_site_name":"INNOW","article_modified_time":"2026-02-19T10:58:56+00:00","og_image":[{"width":720,"height":720,"url":"https:\/\/innow.pl\/wp-content\/uploads\/2024\/11\/INNFUE2A-new.jpg","type":"image\/jpeg"}],"twitter_card":"summary_large_image","twitter_misc":{"Dur\u00e9e de lecture estim\u00e9e":"1 minute"},"schema":{"@context":"https:\/\/schema.org","@graph":[{"@type":"WebPage","@id":"https:\/\/innow.pl\/produkt\/innfue2a-nosze-plachtowe-aluminiowe-skladana-z-torba\/","url":"https:\/\/innow.pl\/produkt\/innfue2a-nosze-plachtowe-aluminiowe-skladana-z-torba\/","name":"Nosze p\u0142achtowe aluminiowe sk\u0142adane z torb\u0105 - INNFUE 2A - INNOW","isPartOf":{"@id":"https:\/\/innow.pl\/#website"},"primaryImageOfPage":{"@id":"https:\/\/innow.pl\/produkt\/innfue2a-nosze-plachtowe-aluminiowe-skladana-z-torba\/#primaryimage"},"image":{"@id":"https:\/\/innow.pl\/produkt\/innfue2a-nosze-plachtowe-aluminiowe-skladana-z-torba\/#primaryimage"},"thumbnailUrl":"https:\/\/innow.pl\/wp-content\/uploads\/2024\/11\/INNFUE2A-new.jpg","datePublished":"2017-06-13T08:37:55+00:00","dateModified":"2026-02-19T10:58:56+00:00","description":"\u0141atwe w przechowywaniu nosze p\u0142achtowe aluminiowe sk\u0142adane z torb\u0105. Do stosowania w karetkach pogotowia, do przenoszenia pacjent\u00f3w ze z\u0142amaniami. Zobacz!","breadcrumb":{"@id":"https:\/\/innow.pl\/produkt\/innfue2a-nosze-plachtowe-aluminiowe-skladana-z-torba\/#breadcrumb"},"inLanguage":"fr-FR","potentialAction":[{"@type":"ReadAction","target":["https:\/\/innow.pl\/produkt\/innfue2a-nosze-plachtowe-aluminiowe-skladana-z-torba\/"]}]},{"@type":"ImageObject","inLanguage":"fr-FR","@id":"https:\/\/innow.pl\/produkt\/innfue2a-nosze-plachtowe-aluminiowe-skladana-z-torba\/#primaryimage","url":"https:\/\/innow.pl\/wp-content\/uploads\/2024\/11\/INNFUE2A-new.jpg","contentUrl":"https:\/\/innow.pl\/wp-content\/uploads\/2024\/11\/INNFUE2A-new.jpg","width":720,"height":720,"caption":"Nosze p\u0142achtowe aluminiowe sk\u0142adane z torb\u0105 \u2013 INNFUE 2A \u2013 INNOW"},{"@type":"BreadcrumbList","@id":"https:\/\/innow.pl\/produkt\/innfue2a-nosze-plachtowe-aluminiowe-skladana-z-torba\/#breadcrumb","itemListElement":[{"@type":"ListItem","position":1,"name":"INNOW","item":"https:\/\/innow.pl\/fr\/"},{"@type":"ListItem","position":2,"name":"Produkty","item":"https:\/\/innow.pl\/produkty\/"},{"@type":"ListItem","position":3,"name":"Transport","item":"https:\/\/innow.pl\/produkty\/transport\/"},{"@type":"ListItem","position":4,"name":"Nosze","item":"https:\/\/innow.pl\/produkty\/transport\/nosze\/"},{"@type":"ListItem","position":5,"name":"INNFUE 2A &#8211; Nosze p\u0142achtowe aluminiowe sk\u0142adane z torb\u0105"}]},{"@type":"WebSite","@id":"https:\/\/innow.pl\/#website","url":"https:\/\/innow.pl\/","name":"INNOW","description":"","potentialAction":[{"@type":"SearchAction","target":{"@type":"EntryPoint","urlTemplate":"https:\/\/innow.pl\/?s={search_term_string}"},"query-input":{"@type":"PropertyValueSpecification","valueRequired":true,"valueName":"search_term_string"}}],"inLanguage":"fr-FR"}]}},"_links":{"self":[{"href":"https:\/\/innow.pl\/fr\/wp-json\/wp\/v2\/product\/24772","targetHints":{"allow":["GET"]}}],"collection":[{"href":"https:\/\/innow.pl\/fr\/wp-json\/wp\/v2\/product"}],"about":[{"href":"https:\/\/innow.pl\/fr\/wp-json\/wp\/v2\/types\/product"}],"replies":[{"embeddable":true,"href":"https:\/\/innow.pl\/fr\/wp-json\/wp\/v2\/comments?post=24772"}],"wp:featuredmedia":[{"embeddable":true,"href":"https:\/\/innow.pl\/fr\/wp-json\/wp\/v2\/media\/24774"}],"wp:attachment":[{"href":"https:\/\/innow.pl\/fr\/wp-json\/wp\/v2\/media?parent=24772"}],"wp:term":[{"taxonomy":"product_brand","embeddable":true,"href":"https:\/\/innow.pl\/fr\/wp-json\/wp\/v2\/product_brand?post=24772"},{"taxonomy":"product_cat","embeddable":true,"href":"https:\/\/innow.pl\/fr\/wp-json\/wp\/v2\/product_cat?post=24772"},{"taxonomy":"product_tag","embeddable":true,"href":"https:\/\/innow.pl\/fr\/wp-json\/wp\/v2\/product_tag?post=24772"}],"curies":[{"name":"wp","href":"https:\/\/api.w.org\/{rel}","templated":true}]}}