{"id":24719,"date":"2017-06-13T09:27:44","date_gmt":"2017-06-13T07:27:44","guid":{"rendered":"https:\/\/innow.pl\/produkt\/s404-stol-do-transportu-chorych-o-stalej-wysokosci\/"},"modified":"2026-03-27T13:16:25","modified_gmt":"2026-03-27T12:16:25","slug":"s404-stol-do-transportu-chorych-o-stalej-wysokosci","status":"publish","type":"product","link":"https:\/\/innow.pl\/fr\/produkt\/s404-stol-do-transportu-chorych-o-stalej-wysokosci\/","title":{"rendered":"S404 &#8211; St\u00f3\u0142 do transportu chorych w pozycji le\u017c\u0105cej o sta\u0142ej wysoko\u015bci"},"content":{"rendered":"<p>St\u00f3\u0142 do transportu pacjent\u00f3w w pozycji le\u017c\u0105cej (\u0142\u00f3\u017cko do transferu, w\u00f3zek do przewo\u017cenia chorych), o sta\u0142ej wysoko\u015bci, stosowany g\u0142\u00f3wnie w o\u015brodkach s\u0142u\u017cby zdrowia. Usprawnia przewo\u017cenie pacjenta wewn\u0105trz budynku, pomi\u0119dzy np. gabinetami zabiegowymi a oddzia\u0142ami. <em>Z okazji 35-lecia istnienia firmy INNOW, wprowadzili\u015bmy na sta\u0142e do wyposa\u017cenia podstawowego: <\/em><\/p>\n<ul>\n<li><em>barierki boczne i szczyty ze stali nierdzewnej INOX,<\/em><\/li>\n<li><em>ko\u0142o kierunkowe.<\/em><\/li>\n<\/ul>\n<p>&nbsp;<\/p>\n<p style=\"text-align: left\"><a>Informacje o w\u0142a\u015bciwo\u015bciach dost\u0119pnych <strong>materia\u0142\u00f3w obiciowych<\/strong> dost\u0119pne po klikni\u0119ciu w zdj\u0119cie:<\/a><\/p>\n<p style=\"text-align: left\"><a href=\"https:\/\/innow.pl\/publikacje\/KatalogPDF\/Pokrycia-obiciowe-tapicerki.pdf\" target=\"_blank\" rel=\"noopener\"><img decoding=\"async\" src=\"https:\/\/innow.pl\/wp-content\/uploads\/2024\/11\/Tapicerki.jpg\" \/><\/a><\/p>\n","protected":false},"excerpt":{"rendered":"<p>St\u00f3\u0142 do transportu pacjent\u00f3w w pozycji le\u017c\u0105cej (\u0142\u00f3\u017cko do transferu, w\u00f3zek do przewo\u017cenia chorych), o sta\u0142ej wysoko\u015bci, stosowany g\u0142\u00f3wnie w o\u015brodkach s\u0142u\u017cby zdrowia. Usprawnia przewo\u017cenie pacjenta wewn\u0105trz budynku, pomi\u0119dzy np. gabinetami zabiegowymi a oddzia\u0142ami. Z okazji 35-lecia istnienia firmy INNOW, wprowadzili\u015bmy na sta\u0142e do wyposa\u017cenia podstawowego: barierki boczne i szczyty ze stali nierdzewnej INOX, ko\u0142o [&hellip;]<\/p>\n","protected":false},"featured_media":24722,"comment_status":"open","ping_status":"closed","template":"","meta":{"_acf_changed":false},"product_brand":[],"product_cat":[520,515,439],"product_tag":[],"class_list":{"0":"post-24719","1":"product","2":"type-product","3":"status-publish","4":"has-post-thumbnail","6":"product_cat-stoly-o-stalej-wysokosci","7":"product_cat-stoly-do-transportu-chorych","8":"product_cat-transport","9":"pa_dlugosc-lezyska-190-cm","10":"pa_szerokosc-calkowita-73-cm","11":"pa_szerokosc-lezyska-605-cm","13":"first","14":"instock","15":"taxable","16":"shipping-taxable","17":"purchasable","18":"product-type-simple"},"acf":[],"yoast_head":"<!-- This site is optimized with the Yoast SEO plugin v27.4 - https:\/\/yoast.com\/product\/yoast-seo-wordpress\/ -->\n<title>S404 - St\u00f3\u0142 do transportu chorych w pozycji le\u017c\u0105cej o sta\u0142ej wysoko\u015bci - INNOW<\/title>\n<meta name=\"description\" content=\"Komfortowe przemieszczanie w atrakcyjnej cenie! St\u00f3\u0142 do transportu chorych w pozycji le\u017c\u0105cej o sta\u0142ej wysoko\u015bci. Du\u017cy wyb\u00f3r kolor\u00f3w tapicerki. Sprawd\u017a!\" \/>\n<meta name=\"robots\" content=\"index, follow, max-snippet:-1, max-image-preview:large, max-video-preview:-1\" \/>\n<link rel=\"canonical\" href=\"https:\/\/innow.pl\/produkt\/s404-stol-do-transportu-chorych-o-stalej-wysokosci\/\" \/>\n<meta property=\"og:locale\" content=\"fr_FR\" \/>\n<meta property=\"og:type\" content=\"article\" \/>\n<meta property=\"og:title\" content=\"S404 - St\u00f3\u0142 do transportu chorych w pozycji le\u017c\u0105cej o sta\u0142ej wysoko\u015bci - INNOW\" \/>\n<meta property=\"og:description\" content=\"Komfortowe przemieszczanie w atrakcyjnej cenie! St\u00f3\u0142 do transportu chorych w pozycji le\u017c\u0105cej o sta\u0142ej wysoko\u015bci. Du\u017cy wyb\u00f3r kolor\u00f3w tapicerki. Sprawd\u017a!\" \/>\n<meta property=\"og:url\" content=\"https:\/\/innow.pl\/produkt\/s404-stol-do-transportu-chorych-o-stalej-wysokosci\/\" \/>\n<meta property=\"og:site_name\" content=\"INNOW\" \/>\n<meta property=\"article:modified_time\" content=\"2026-03-27T12:16:25+00:00\" \/>\n<meta property=\"og:image\" content=\"https:\/\/innow.pl\/wp-content\/uploads\/2024\/11\/S404_.jpg\" \/>\n\t<meta property=\"og:image:width\" content=\"800\" \/>\n\t<meta property=\"og:image:height\" content=\"800\" \/>\n\t<meta property=\"og:image:type\" content=\"image\/jpeg\" \/>\n<meta name=\"twitter:card\" content=\"summary_large_image\" \/>\n<meta name=\"twitter:label1\" content=\"Dur\u00e9e de lecture estim\u00e9e\" \/>\n\t<meta name=\"twitter:data1\" content=\"1 minute\" \/>\n<script type=\"application\/ld+json\" class=\"yoast-schema-graph\">{\"@context\":\"https:\\\/\\\/schema.org\",\"@graph\":[{\"@type\":\"WebPage\",\"@id\":\"https:\\\/\\\/innow.pl\\\/produkt\\\/s404-stol-do-transportu-chorych-o-stalej-wysokosci\\\/\",\"url\":\"https:\\\/\\\/innow.pl\\\/produkt\\\/s404-stol-do-transportu-chorych-o-stalej-wysokosci\\\/\",\"name\":\"S404 - St\u00f3\u0142 do transportu chorych w pozycji le\u017c\u0105cej o sta\u0142ej wysoko\u015bci - INNOW\",\"isPartOf\":{\"@id\":\"https:\\\/\\\/innow.pl\\\/#website\"},\"primaryImageOfPage\":{\"@id\":\"https:\\\/\\\/innow.pl\\\/produkt\\\/s404-stol-do-transportu-chorych-o-stalej-wysokosci\\\/#primaryimage\"},\"image\":{\"@id\":\"https:\\\/\\\/innow.pl\\\/produkt\\\/s404-stol-do-transportu-chorych-o-stalej-wysokosci\\\/#primaryimage\"},\"thumbnailUrl\":\"https:\\\/\\\/innow.pl\\\/wp-content\\\/uploads\\\/2024\\\/11\\\/S404_.jpg\",\"datePublished\":\"2017-06-13T07:27:44+00:00\",\"dateModified\":\"2026-03-27T12:16:25+00:00\",\"description\":\"Komfortowe przemieszczanie w atrakcyjnej cenie! St\u00f3\u0142 do transportu chorych w pozycji le\u017c\u0105cej o sta\u0142ej wysoko\u015bci. Du\u017cy wyb\u00f3r kolor\u00f3w tapicerki. Sprawd\u017a!\",\"breadcrumb\":{\"@id\":\"https:\\\/\\\/innow.pl\\\/produkt\\\/s404-stol-do-transportu-chorych-o-stalej-wysokosci\\\/#breadcrumb\"},\"inLanguage\":\"fr-FR\",\"potentialAction\":[{\"@type\":\"ReadAction\",\"target\":[\"https:\\\/\\\/innow.pl\\\/produkt\\\/s404-stol-do-transportu-chorych-o-stalej-wysokosci\\\/\"]}]},{\"@type\":\"ImageObject\",\"inLanguage\":\"fr-FR\",\"@id\":\"https:\\\/\\\/innow.pl\\\/produkt\\\/s404-stol-do-transportu-chorych-o-stalej-wysokosci\\\/#primaryimage\",\"url\":\"https:\\\/\\\/innow.pl\\\/wp-content\\\/uploads\\\/2024\\\/11\\\/S404_.jpg\",\"contentUrl\":\"https:\\\/\\\/innow.pl\\\/wp-content\\\/uploads\\\/2024\\\/11\\\/S404_.jpg\",\"width\":800,\"height\":800,\"caption\":\"St\u00f3\u0142 do transportu chorych w pozycji le\u017c\u0105cej o sta\u0142ej wysoko\u015bci - S404 - INNOW\"},{\"@type\":\"BreadcrumbList\",\"@id\":\"https:\\\/\\\/innow.pl\\\/produkt\\\/s404-stol-do-transportu-chorych-o-stalej-wysokosci\\\/#breadcrumb\",\"itemListElement\":[{\"@type\":\"ListItem\",\"position\":1,\"name\":\"INNOW\",\"item\":\"https:\\\/\\\/innow.pl\\\/fr\\\/\"},{\"@type\":\"ListItem\",\"position\":2,\"name\":\"Produkty\",\"item\":\"https:\\\/\\\/innow.pl\\\/produkty\\\/\"},{\"@type\":\"ListItem\",\"position\":3,\"name\":\"Transport\",\"item\":\"https:\\\/\\\/innow.pl\\\/produkty\\\/transport\\\/\"},{\"@type\":\"ListItem\",\"position\":4,\"name\":\"Sto\u0142y, w\u00f3zki do transportu chorych\",\"item\":\"https:\\\/\\\/innow.pl\\\/produkty\\\/transport\\\/stoly-do-transportu-chorych\\\/\"},{\"@type\":\"ListItem\",\"position\":5,\"name\":\"Sto\u0142y o sta\u0142ej wysoko\u015bci\",\"item\":\"https:\\\/\\\/innow.pl\\\/produkty\\\/transport\\\/stoly-do-transportu-chorych\\\/stoly-o-stalej-wysokosci\\\/\"},{\"@type\":\"ListItem\",\"position\":6,\"name\":\"S404 &#8211; St\u00f3\u0142 do transportu chorych w pozycji le\u017c\u0105cej o sta\u0142ej wysoko\u015bci\"}]},{\"@type\":\"WebSite\",\"@id\":\"https:\\\/\\\/innow.pl\\\/#website\",\"url\":\"https:\\\/\\\/innow.pl\\\/\",\"name\":\"INNOW\",\"description\":\"\",\"potentialAction\":[{\"@type\":\"SearchAction\",\"target\":{\"@type\":\"EntryPoint\",\"urlTemplate\":\"https:\\\/\\\/innow.pl\\\/?s={search_term_string}\"},\"query-input\":{\"@type\":\"PropertyValueSpecification\",\"valueRequired\":true,\"valueName\":\"search_term_string\"}}],\"inLanguage\":\"fr-FR\"}]}<\/script>\n<!-- \/ Yoast SEO plugin. -->","yoast_head_json":{"title":"S404 - St\u00f3\u0142 do transportu chorych w pozycji le\u017c\u0105cej o sta\u0142ej wysoko\u015bci - INNOW","description":"Komfortowe przemieszczanie w atrakcyjnej cenie! St\u00f3\u0142 do transportu chorych w pozycji le\u017c\u0105cej o sta\u0142ej wysoko\u015bci. Du\u017cy wyb\u00f3r kolor\u00f3w tapicerki. Sprawd\u017a!","robots":{"index":"index","follow":"follow","max-snippet":"max-snippet:-1","max-image-preview":"max-image-preview:large","max-video-preview":"max-video-preview:-1"},"canonical":"https:\/\/innow.pl\/produkt\/s404-stol-do-transportu-chorych-o-stalej-wysokosci\/","og_locale":"fr_FR","og_type":"article","og_title":"S404 - St\u00f3\u0142 do transportu chorych w pozycji le\u017c\u0105cej o sta\u0142ej wysoko\u015bci - INNOW","og_description":"Komfortowe przemieszczanie w atrakcyjnej cenie! St\u00f3\u0142 do transportu chorych w pozycji le\u017c\u0105cej o sta\u0142ej wysoko\u015bci. Du\u017cy wyb\u00f3r kolor\u00f3w tapicerki. Sprawd\u017a!","og_url":"https:\/\/innow.pl\/produkt\/s404-stol-do-transportu-chorych-o-stalej-wysokosci\/","og_site_name":"INNOW","article_modified_time":"2026-03-27T12:16:25+00:00","og_image":[{"width":800,"height":800,"url":"https:\/\/innow.pl\/wp-content\/uploads\/2024\/11\/S404_.jpg","type":"image\/jpeg"}],"twitter_card":"summary_large_image","twitter_misc":{"Dur\u00e9e de lecture estim\u00e9e":"1 minute"},"schema":{"@context":"https:\/\/schema.org","@graph":[{"@type":"WebPage","@id":"https:\/\/innow.pl\/produkt\/s404-stol-do-transportu-chorych-o-stalej-wysokosci\/","url":"https:\/\/innow.pl\/produkt\/s404-stol-do-transportu-chorych-o-stalej-wysokosci\/","name":"S404 - St\u00f3\u0142 do transportu chorych w pozycji le\u017c\u0105cej o sta\u0142ej wysoko\u015bci - INNOW","isPartOf":{"@id":"https:\/\/innow.pl\/#website"},"primaryImageOfPage":{"@id":"https:\/\/innow.pl\/produkt\/s404-stol-do-transportu-chorych-o-stalej-wysokosci\/#primaryimage"},"image":{"@id":"https:\/\/innow.pl\/produkt\/s404-stol-do-transportu-chorych-o-stalej-wysokosci\/#primaryimage"},"thumbnailUrl":"https:\/\/innow.pl\/wp-content\/uploads\/2024\/11\/S404_.jpg","datePublished":"2017-06-13T07:27:44+00:00","dateModified":"2026-03-27T12:16:25+00:00","description":"Komfortowe przemieszczanie w atrakcyjnej cenie! St\u00f3\u0142 do transportu chorych w pozycji le\u017c\u0105cej o sta\u0142ej wysoko\u015bci. Du\u017cy wyb\u00f3r kolor\u00f3w tapicerki. Sprawd\u017a!","breadcrumb":{"@id":"https:\/\/innow.pl\/produkt\/s404-stol-do-transportu-chorych-o-stalej-wysokosci\/#breadcrumb"},"inLanguage":"fr-FR","potentialAction":[{"@type":"ReadAction","target":["https:\/\/innow.pl\/produkt\/s404-stol-do-transportu-chorych-o-stalej-wysokosci\/"]}]},{"@type":"ImageObject","inLanguage":"fr-FR","@id":"https:\/\/innow.pl\/produkt\/s404-stol-do-transportu-chorych-o-stalej-wysokosci\/#primaryimage","url":"https:\/\/innow.pl\/wp-content\/uploads\/2024\/11\/S404_.jpg","contentUrl":"https:\/\/innow.pl\/wp-content\/uploads\/2024\/11\/S404_.jpg","width":800,"height":800,"caption":"St\u00f3\u0142 do transportu chorych w pozycji le\u017c\u0105cej o sta\u0142ej wysoko\u015bci - S404 - INNOW"},{"@type":"BreadcrumbList","@id":"https:\/\/innow.pl\/produkt\/s404-stol-do-transportu-chorych-o-stalej-wysokosci\/#breadcrumb","itemListElement":[{"@type":"ListItem","position":1,"name":"INNOW","item":"https:\/\/innow.pl\/fr\/"},{"@type":"ListItem","position":2,"name":"Produkty","item":"https:\/\/innow.pl\/produkty\/"},{"@type":"ListItem","position":3,"name":"Transport","item":"https:\/\/innow.pl\/produkty\/transport\/"},{"@type":"ListItem","position":4,"name":"Sto\u0142y, w\u00f3zki do transportu chorych","item":"https:\/\/innow.pl\/produkty\/transport\/stoly-do-transportu-chorych\/"},{"@type":"ListItem","position":5,"name":"Sto\u0142y o sta\u0142ej wysoko\u015bci","item":"https:\/\/innow.pl\/produkty\/transport\/stoly-do-transportu-chorych\/stoly-o-stalej-wysokosci\/"},{"@type":"ListItem","position":6,"name":"S404 &#8211; St\u00f3\u0142 do transportu chorych w pozycji le\u017c\u0105cej o sta\u0142ej wysoko\u015bci"}]},{"@type":"WebSite","@id":"https:\/\/innow.pl\/#website","url":"https:\/\/innow.pl\/","name":"INNOW","description":"","potentialAction":[{"@type":"SearchAction","target":{"@type":"EntryPoint","urlTemplate":"https:\/\/innow.pl\/?s={search_term_string}"},"query-input":{"@type":"PropertyValueSpecification","valueRequired":true,"valueName":"search_term_string"}}],"inLanguage":"fr-FR"}]}},"_links":{"self":[{"href":"https:\/\/innow.pl\/fr\/wp-json\/wp\/v2\/product\/24719","targetHints":{"allow":["GET"]}}],"collection":[{"href":"https:\/\/innow.pl\/fr\/wp-json\/wp\/v2\/product"}],"about":[{"href":"https:\/\/innow.pl\/fr\/wp-json\/wp\/v2\/types\/product"}],"replies":[{"embeddable":true,"href":"https:\/\/innow.pl\/fr\/wp-json\/wp\/v2\/comments?post=24719"}],"wp:featuredmedia":[{"embeddable":true,"href":"https:\/\/innow.pl\/fr\/wp-json\/wp\/v2\/media\/24722"}],"wp:attachment":[{"href":"https:\/\/innow.pl\/fr\/wp-json\/wp\/v2\/media?parent=24719"}],"wp:term":[{"taxonomy":"product_brand","embeddable":true,"href":"https:\/\/innow.pl\/fr\/wp-json\/wp\/v2\/product_brand?post=24719"},{"taxonomy":"product_cat","embeddable":true,"href":"https:\/\/innow.pl\/fr\/wp-json\/wp\/v2\/product_cat?post=24719"},{"taxonomy":"product_tag","embeddable":true,"href":"https:\/\/innow.pl\/fr\/wp-json\/wp\/v2\/product_tag?post=24719"}],"curies":[{"name":"wp","href":"https:\/\/api.w.org\/{rel}","templated":true}]}}