{"id":24689,"date":"2017-06-13T06:55:45","date_gmt":"2017-06-13T04:55:45","guid":{"rendered":"https:\/\/innow.pl\/produkt\/t676-wozek-do-transportu-butli-gazowych-z-systemem-5-kolowym-schodowy\/"},"modified":"2025-10-16T14:09:37","modified_gmt":"2025-10-16T12:09:37","slug":"t676-wozek-do-transportu-butli-gazowych-z-systemem-5-kolowym-schodowy","status":"publish","type":"product","link":"https:\/\/innow.pl\/fr\/produkt\/t676-wozek-do-transportu-butli-gazowych-z-systemem-5-kolowym-schodowy\/","title":{"rendered":"T676 &#8211; W\u00f3zek do transportu butli gazowych z systemem 5-ko\u0142owym &#8211; schodowy"},"content":{"rendered":"<p align=\"left\">W\u00f3zek do butli gazowych ma za zadanie u\u0142atwi\u0107 transport butli o pojemno\u015bciach 20 i 40 litr\u00f3w.<\/p>\n<p lang=\"pl-PL\" align=\"left\">Dzi\u0119ki zastosowanym systemom 5-ko\u0142owym w\u00f3zek dodatkowo przeznaczony s\u0105 do transportu butli po schodach.<\/p>\n<p lang=\"pl-PL\" align=\"left\">W\u00f3zek do przewozu (transportu) butli z gazem mo\u017ce tak\u017ce spe\u0142nia\u0107 rol\u0119 stojaka na butl\u0119 przy \u0142\u00f3\u017cku pacjenta w szpitalu, gabinecie zabiegowym, gabinecie lekarskim, o\u015brodkach zdrowia jak i domach pomocy spo\u0142ecznej.<\/p>\n<p lang=\"pl-PL\" align=\"left\">Butle gazowe nale\u017cy umie\u015bci\u0107 w w\u00f3zku tak, aby po spi\u0119ciu pasami regulacyjnymi nie mia\u0142y mo\u017cliwo\u015bci przemieszczania si\u0119.<\/p>\n","protected":false},"excerpt":{"rendered":"<p>W\u00f3zek do butli gazowych ma za zadanie u\u0142atwi\u0107 transport butli o pojemno\u015bciach 20 i 40 litr\u00f3w. Dzi\u0119ki zastosowanym systemom 5-ko\u0142owym w\u00f3zek dodatkowo przeznaczony s\u0105 do transportu butli po schodach. W\u00f3zek do przewozu (transportu) butli z gazem mo\u017ce tak\u017ce spe\u0142nia\u0107 rol\u0119 stojaka na butl\u0119 przy \u0142\u00f3\u017cku pacjenta w szpitalu, gabinecie zabiegowym, gabinecie lekarskim, o\u015brodkach zdrowia jak [&hellip;]<\/p>\n","protected":false},"featured_media":24691,"comment_status":"open","ping_status":"closed","template":"","meta":{"_acf_changed":false},"product_brand":[],"product_cat":[439,519],"product_tag":[],"class_list":{"0":"post-24689","1":"product","2":"type-product","3":"status-publish","4":"has-post-thumbnail","6":"product_cat-transport","7":"product_cat-wozki-do-transportu-butli","8":"pa_dlugosc-46-cm","9":"pa_szerokosc-44-cm","10":"pa_wysokosc-130-cm","12":"first","13":"instock","14":"taxable","15":"shipping-taxable","16":"purchasable","17":"product-type-simple"},"acf":[],"yoast_head":"<!-- This site is optimized with the Yoast SEO plugin v27.4 - https:\/\/yoast.com\/product\/yoast-seo-wordpress\/ -->\n<title>T676 - W\u00f3zek do transportu butli gazowych z systemem 5-ko\u0142owym - schodowy - INNOW<\/title>\n<meta name=\"description\" content=\"W\u00f3zek do transportu umo\u017cliwiaj\u0105cy sprawne przemieszczanie butli po schodach. Pasy regulacyjne zabezpieczaj\u0105ce przed wypadni\u0119ciem butli. Sprawd\u017a!\" \/>\n<meta name=\"robots\" content=\"index, follow, max-snippet:-1, max-image-preview:large, max-video-preview:-1\" \/>\n<link rel=\"canonical\" href=\"https:\/\/innow.pl\/produkt\/t676-wozek-do-transportu-butli-gazowych-z-systemem-5-kolowym-schodowy\/\" \/>\n<meta property=\"og:locale\" content=\"fr_FR\" \/>\n<meta property=\"og:type\" content=\"article\" \/>\n<meta property=\"og:title\" content=\"T676 - W\u00f3zek do transportu butli gazowych z systemem 5-ko\u0142owym - schodowy - INNOW\" \/>\n<meta property=\"og:description\" content=\"W\u00f3zek do transportu umo\u017cliwiaj\u0105cy sprawne przemieszczanie butli po schodach. Pasy regulacyjne zabezpieczaj\u0105ce przed wypadni\u0119ciem butli. Sprawd\u017a!\" \/>\n<meta property=\"og:url\" content=\"https:\/\/innow.pl\/produkt\/t676-wozek-do-transportu-butli-gazowych-z-systemem-5-kolowym-schodowy\/\" \/>\n<meta property=\"og:site_name\" content=\"INNOW\" \/>\n<meta property=\"article:modified_time\" content=\"2025-10-16T12:09:37+00:00\" \/>\n<meta property=\"og:image\" content=\"https:\/\/innow.pl\/wp-content\/uploads\/2024\/11\/T676.jpg\" \/>\n\t<meta property=\"og:image:width\" content=\"480\" \/>\n\t<meta property=\"og:image:height\" content=\"480\" \/>\n\t<meta property=\"og:image:type\" content=\"image\/jpeg\" \/>\n<meta name=\"twitter:card\" content=\"summary_large_image\" \/>\n<meta name=\"twitter:label1\" content=\"Dur\u00e9e de lecture estim\u00e9e\" \/>\n\t<meta name=\"twitter:data1\" content=\"1 minute\" \/>\n<script type=\"application\/ld+json\" class=\"yoast-schema-graph\">{\"@context\":\"https:\\\/\\\/schema.org\",\"@graph\":[{\"@type\":\"WebPage\",\"@id\":\"https:\\\/\\\/innow.pl\\\/produkt\\\/t676-wozek-do-transportu-butli-gazowych-z-systemem-5-kolowym-schodowy\\\/\",\"url\":\"https:\\\/\\\/innow.pl\\\/produkt\\\/t676-wozek-do-transportu-butli-gazowych-z-systemem-5-kolowym-schodowy\\\/\",\"name\":\"T676 - W\u00f3zek do transportu butli gazowych z systemem 5-ko\u0142owym - schodowy - INNOW\",\"isPartOf\":{\"@id\":\"https:\\\/\\\/innow.pl\\\/#website\"},\"primaryImageOfPage\":{\"@id\":\"https:\\\/\\\/innow.pl\\\/produkt\\\/t676-wozek-do-transportu-butli-gazowych-z-systemem-5-kolowym-schodowy\\\/#primaryimage\"},\"image\":{\"@id\":\"https:\\\/\\\/innow.pl\\\/produkt\\\/t676-wozek-do-transportu-butli-gazowych-z-systemem-5-kolowym-schodowy\\\/#primaryimage\"},\"thumbnailUrl\":\"https:\\\/\\\/innow.pl\\\/wp-content\\\/uploads\\\/2024\\\/11\\\/T676.jpg\",\"datePublished\":\"2017-06-13T04:55:45+00:00\",\"dateModified\":\"2025-10-16T12:09:37+00:00\",\"description\":\"W\u00f3zek do transportu umo\u017cliwiaj\u0105cy sprawne przemieszczanie butli po schodach. Pasy regulacyjne zabezpieczaj\u0105ce przed wypadni\u0119ciem butli. Sprawd\u017a!\",\"breadcrumb\":{\"@id\":\"https:\\\/\\\/innow.pl\\\/produkt\\\/t676-wozek-do-transportu-butli-gazowych-z-systemem-5-kolowym-schodowy\\\/#breadcrumb\"},\"inLanguage\":\"fr-FR\",\"potentialAction\":[{\"@type\":\"ReadAction\",\"target\":[\"https:\\\/\\\/innow.pl\\\/produkt\\\/t676-wozek-do-transportu-butli-gazowych-z-systemem-5-kolowym-schodowy\\\/\"]}]},{\"@type\":\"ImageObject\",\"inLanguage\":\"fr-FR\",\"@id\":\"https:\\\/\\\/innow.pl\\\/produkt\\\/t676-wozek-do-transportu-butli-gazowych-z-systemem-5-kolowym-schodowy\\\/#primaryimage\",\"url\":\"https:\\\/\\\/innow.pl\\\/wp-content\\\/uploads\\\/2024\\\/11\\\/T676.jpg\",\"contentUrl\":\"https:\\\/\\\/innow.pl\\\/wp-content\\\/uploads\\\/2024\\\/11\\\/T676.jpg\",\"width\":480,\"height\":480,\"caption\":\"W\u00f3zek do transportu butli gazowych z systemem 5-ko\u0142owym - schodowy \u2013 T676 \u2013 INNOW\"},{\"@type\":\"BreadcrumbList\",\"@id\":\"https:\\\/\\\/innow.pl\\\/produkt\\\/t676-wozek-do-transportu-butli-gazowych-z-systemem-5-kolowym-schodowy\\\/#breadcrumb\",\"itemListElement\":[{\"@type\":\"ListItem\",\"position\":1,\"name\":\"INNOW\",\"item\":\"https:\\\/\\\/innow.pl\\\/fr\\\/\"},{\"@type\":\"ListItem\",\"position\":2,\"name\":\"Produkty\",\"item\":\"https:\\\/\\\/innow.pl\\\/produkty\\\/\"},{\"@type\":\"ListItem\",\"position\":3,\"name\":\"Transport\",\"item\":\"https:\\\/\\\/innow.pl\\\/produkty\\\/transport\\\/\"},{\"@type\":\"ListItem\",\"position\":4,\"name\":\"W\u00f3zki do transportu butli\",\"item\":\"https:\\\/\\\/innow.pl\\\/produkty\\\/transport\\\/wozki-do-transportu-butli\\\/\"},{\"@type\":\"ListItem\",\"position\":5,\"name\":\"T676 &#8211; W\u00f3zek do transportu butli gazowych z systemem 5-ko\u0142owym &#8211; schodowy\"}]},{\"@type\":\"WebSite\",\"@id\":\"https:\\\/\\\/innow.pl\\\/#website\",\"url\":\"https:\\\/\\\/innow.pl\\\/\",\"name\":\"INNOW\",\"description\":\"\",\"potentialAction\":[{\"@type\":\"SearchAction\",\"target\":{\"@type\":\"EntryPoint\",\"urlTemplate\":\"https:\\\/\\\/innow.pl\\\/?s={search_term_string}\"},\"query-input\":{\"@type\":\"PropertyValueSpecification\",\"valueRequired\":true,\"valueName\":\"search_term_string\"}}],\"inLanguage\":\"fr-FR\"}]}<\/script>\n<!-- \/ Yoast SEO plugin. -->","yoast_head_json":{"title":"T676 - W\u00f3zek do transportu butli gazowych z systemem 5-ko\u0142owym - schodowy - INNOW","description":"W\u00f3zek do transportu umo\u017cliwiaj\u0105cy sprawne przemieszczanie butli po schodach. Pasy regulacyjne zabezpieczaj\u0105ce przed wypadni\u0119ciem butli. Sprawd\u017a!","robots":{"index":"index","follow":"follow","max-snippet":"max-snippet:-1","max-image-preview":"max-image-preview:large","max-video-preview":"max-video-preview:-1"},"canonical":"https:\/\/innow.pl\/produkt\/t676-wozek-do-transportu-butli-gazowych-z-systemem-5-kolowym-schodowy\/","og_locale":"fr_FR","og_type":"article","og_title":"T676 - W\u00f3zek do transportu butli gazowych z systemem 5-ko\u0142owym - schodowy - INNOW","og_description":"W\u00f3zek do transportu umo\u017cliwiaj\u0105cy sprawne przemieszczanie butli po schodach. Pasy regulacyjne zabezpieczaj\u0105ce przed wypadni\u0119ciem butli. Sprawd\u017a!","og_url":"https:\/\/innow.pl\/produkt\/t676-wozek-do-transportu-butli-gazowych-z-systemem-5-kolowym-schodowy\/","og_site_name":"INNOW","article_modified_time":"2025-10-16T12:09:37+00:00","og_image":[{"width":480,"height":480,"url":"https:\/\/innow.pl\/wp-content\/uploads\/2024\/11\/T676.jpg","type":"image\/jpeg"}],"twitter_card":"summary_large_image","twitter_misc":{"Dur\u00e9e de lecture estim\u00e9e":"1 minute"},"schema":{"@context":"https:\/\/schema.org","@graph":[{"@type":"WebPage","@id":"https:\/\/innow.pl\/produkt\/t676-wozek-do-transportu-butli-gazowych-z-systemem-5-kolowym-schodowy\/","url":"https:\/\/innow.pl\/produkt\/t676-wozek-do-transportu-butli-gazowych-z-systemem-5-kolowym-schodowy\/","name":"T676 - W\u00f3zek do transportu butli gazowych z systemem 5-ko\u0142owym - schodowy - INNOW","isPartOf":{"@id":"https:\/\/innow.pl\/#website"},"primaryImageOfPage":{"@id":"https:\/\/innow.pl\/produkt\/t676-wozek-do-transportu-butli-gazowych-z-systemem-5-kolowym-schodowy\/#primaryimage"},"image":{"@id":"https:\/\/innow.pl\/produkt\/t676-wozek-do-transportu-butli-gazowych-z-systemem-5-kolowym-schodowy\/#primaryimage"},"thumbnailUrl":"https:\/\/innow.pl\/wp-content\/uploads\/2024\/11\/T676.jpg","datePublished":"2017-06-13T04:55:45+00:00","dateModified":"2025-10-16T12:09:37+00:00","description":"W\u00f3zek do transportu umo\u017cliwiaj\u0105cy sprawne przemieszczanie butli po schodach. Pasy regulacyjne zabezpieczaj\u0105ce przed wypadni\u0119ciem butli. Sprawd\u017a!","breadcrumb":{"@id":"https:\/\/innow.pl\/produkt\/t676-wozek-do-transportu-butli-gazowych-z-systemem-5-kolowym-schodowy\/#breadcrumb"},"inLanguage":"fr-FR","potentialAction":[{"@type":"ReadAction","target":["https:\/\/innow.pl\/produkt\/t676-wozek-do-transportu-butli-gazowych-z-systemem-5-kolowym-schodowy\/"]}]},{"@type":"ImageObject","inLanguage":"fr-FR","@id":"https:\/\/innow.pl\/produkt\/t676-wozek-do-transportu-butli-gazowych-z-systemem-5-kolowym-schodowy\/#primaryimage","url":"https:\/\/innow.pl\/wp-content\/uploads\/2024\/11\/T676.jpg","contentUrl":"https:\/\/innow.pl\/wp-content\/uploads\/2024\/11\/T676.jpg","width":480,"height":480,"caption":"W\u00f3zek do transportu butli gazowych z systemem 5-ko\u0142owym - schodowy \u2013 T676 \u2013 INNOW"},{"@type":"BreadcrumbList","@id":"https:\/\/innow.pl\/produkt\/t676-wozek-do-transportu-butli-gazowych-z-systemem-5-kolowym-schodowy\/#breadcrumb","itemListElement":[{"@type":"ListItem","position":1,"name":"INNOW","item":"https:\/\/innow.pl\/fr\/"},{"@type":"ListItem","position":2,"name":"Produkty","item":"https:\/\/innow.pl\/produkty\/"},{"@type":"ListItem","position":3,"name":"Transport","item":"https:\/\/innow.pl\/produkty\/transport\/"},{"@type":"ListItem","position":4,"name":"W\u00f3zki do transportu butli","item":"https:\/\/innow.pl\/produkty\/transport\/wozki-do-transportu-butli\/"},{"@type":"ListItem","position":5,"name":"T676 &#8211; W\u00f3zek do transportu butli gazowych z systemem 5-ko\u0142owym &#8211; schodowy"}]},{"@type":"WebSite","@id":"https:\/\/innow.pl\/#website","url":"https:\/\/innow.pl\/","name":"INNOW","description":"","potentialAction":[{"@type":"SearchAction","target":{"@type":"EntryPoint","urlTemplate":"https:\/\/innow.pl\/?s={search_term_string}"},"query-input":{"@type":"PropertyValueSpecification","valueRequired":true,"valueName":"search_term_string"}}],"inLanguage":"fr-FR"}]}},"_links":{"self":[{"href":"https:\/\/innow.pl\/fr\/wp-json\/wp\/v2\/product\/24689","targetHints":{"allow":["GET"]}}],"collection":[{"href":"https:\/\/innow.pl\/fr\/wp-json\/wp\/v2\/product"}],"about":[{"href":"https:\/\/innow.pl\/fr\/wp-json\/wp\/v2\/types\/product"}],"replies":[{"embeddable":true,"href":"https:\/\/innow.pl\/fr\/wp-json\/wp\/v2\/comments?post=24689"}],"wp:featuredmedia":[{"embeddable":true,"href":"https:\/\/innow.pl\/fr\/wp-json\/wp\/v2\/media\/24691"}],"wp:attachment":[{"href":"https:\/\/innow.pl\/fr\/wp-json\/wp\/v2\/media?parent=24689"}],"wp:term":[{"taxonomy":"product_brand","embeddable":true,"href":"https:\/\/innow.pl\/fr\/wp-json\/wp\/v2\/product_brand?post=24689"},{"taxonomy":"product_cat","embeddable":true,"href":"https:\/\/innow.pl\/fr\/wp-json\/wp\/v2\/product_cat?post=24689"},{"taxonomy":"product_tag","embeddable":true,"href":"https:\/\/innow.pl\/fr\/wp-json\/wp\/v2\/product_tag?post=24689"}],"curies":[{"name":"wp","href":"https:\/\/api.w.org\/{rel}","templated":true}]}}