{"id":24681,"date":"2017-06-13T06:17:23","date_gmt":"2017-06-13T04:17:23","guid":{"rendered":"https:\/\/innow.pl\/produkt\/t674-wozek-do-transportu-butli-gazowych-duzy\/"},"modified":"2025-10-16T14:07:46","modified_gmt":"2025-10-16T12:07:46","slug":"t674-wozek-do-transportu-butli-gazowych-duzy","status":"publish","type":"product","link":"https:\/\/innow.pl\/fr\/produkt\/t674-wozek-do-transportu-butli-gazowych-duzy\/","title":{"rendered":"T674  &#8211; W\u00f3zek do transportu butli gazowych &#8211; du\u017cy"},"content":{"rendered":"<p>W\u00f3zek do transportu (przewozu) butli gazowych o pojemno\u015bci 20l i 40 l. Mo\u017ce by\u0107 stosowany, jako stojak na butl\u0119 w pomieszczeniach takich jak gabinety zabiegowe czy sale szpitalne &#8211; przy \u0142\u00f3\u017cku pacjenta. Butle musz\u0105 by\u0107 umieszczone w w\u00f3zku w taki spos\u00f3b, by nie mog\u0142y si\u0119 przemieszcza\u0107 po przypi\u0119ciu pasami.<\/p>\n","protected":false},"excerpt":{"rendered":"<p>W\u00f3zek do transportu (przewozu) butli gazowych o pojemno\u015bci 20l i 40 l. Mo\u017ce by\u0107 stosowany, jako stojak na butl\u0119 w pomieszczeniach takich jak gabinety zabiegowe czy sale szpitalne &#8211; przy \u0142\u00f3\u017cku pacjenta. Butle musz\u0105 by\u0107 umieszczone w w\u00f3zku w taki spos\u00f3b, by nie mog\u0142y si\u0119 przemieszcza\u0107 po przypi\u0119ciu pasami.<\/p>\n","protected":false},"featured_media":24683,"comment_status":"open","ping_status":"closed","template":"","meta":{"_acf_changed":false},"product_brand":[],"product_cat":[439,519],"product_tag":[],"class_list":{"0":"post-24681","1":"product","2":"type-product","3":"status-publish","4":"has-post-thumbnail","6":"product_cat-transport","7":"product_cat-wozki-do-transportu-butli","8":"pa_dlugosc-46-cm","9":"pa_szerokosc-44-cm","10":"pa_wysokosc-130-cm","12":"first","13":"instock","14":"taxable","15":"shipping-taxable","16":"purchasable","17":"product-type-simple"},"acf":[],"yoast_head":"<!-- This site is optimized with the Yoast SEO plugin v27.4 - https:\/\/yoast.com\/product\/yoast-seo-wordpress\/ -->\n<title>T674 - W\u00f3zek do transportu butli gazowych - du\u017cy - INNOW<\/title>\n<meta name=\"description\" content=\"Trwa\u0142y i solidny w\u00f3zek do transportu butli gazowych - du\u017cy, dla butli 20 i 40 litr\u00f3w. Wyposa\u017cony w pasy zabezpieczaj\u0105ce przez wypadni\u0119ciem butli. Zobacz!\" \/>\n<meta name=\"robots\" content=\"index, follow, max-snippet:-1, max-image-preview:large, max-video-preview:-1\" \/>\n<link rel=\"canonical\" href=\"https:\/\/innow.pl\/produkt\/t674-wozek-do-transportu-butli-gazowych-duzy\/\" \/>\n<meta property=\"og:locale\" content=\"fr_FR\" \/>\n<meta property=\"og:type\" content=\"article\" \/>\n<meta property=\"og:title\" content=\"T674 - W\u00f3zek do transportu butli gazowych - du\u017cy - INNOW\" \/>\n<meta property=\"og:description\" content=\"Trwa\u0142y i solidny w\u00f3zek do transportu butli gazowych - du\u017cy, dla butli 20 i 40 litr\u00f3w. Wyposa\u017cony w pasy zabezpieczaj\u0105ce przez wypadni\u0119ciem butli. Zobacz!\" \/>\n<meta property=\"og:url\" content=\"https:\/\/innow.pl\/produkt\/t674-wozek-do-transportu-butli-gazowych-duzy\/\" \/>\n<meta property=\"og:site_name\" content=\"INNOW\" \/>\n<meta property=\"article:modified_time\" content=\"2025-10-16T12:07:46+00:00\" \/>\n<meta property=\"og:image\" content=\"https:\/\/innow.pl\/wp-content\/uploads\/2024\/11\/T674.jpg\" \/>\n\t<meta property=\"og:image:width\" content=\"800\" \/>\n\t<meta property=\"og:image:height\" content=\"800\" \/>\n\t<meta property=\"og:image:type\" content=\"image\/jpeg\" \/>\n<meta name=\"twitter:card\" content=\"summary_large_image\" \/>\n<meta name=\"twitter:label1\" content=\"Dur\u00e9e de lecture estim\u00e9e\" \/>\n\t<meta name=\"twitter:data1\" content=\"1 minute\" \/>\n<script type=\"application\/ld+json\" class=\"yoast-schema-graph\">{\"@context\":\"https:\\\/\\\/schema.org\",\"@graph\":[{\"@type\":\"WebPage\",\"@id\":\"https:\\\/\\\/innow.pl\\\/produkt\\\/t674-wozek-do-transportu-butli-gazowych-duzy\\\/\",\"url\":\"https:\\\/\\\/innow.pl\\\/produkt\\\/t674-wozek-do-transportu-butli-gazowych-duzy\\\/\",\"name\":\"T674 - W\u00f3zek do transportu butli gazowych - du\u017cy - INNOW\",\"isPartOf\":{\"@id\":\"https:\\\/\\\/innow.pl\\\/#website\"},\"primaryImageOfPage\":{\"@id\":\"https:\\\/\\\/innow.pl\\\/produkt\\\/t674-wozek-do-transportu-butli-gazowych-duzy\\\/#primaryimage\"},\"image\":{\"@id\":\"https:\\\/\\\/innow.pl\\\/produkt\\\/t674-wozek-do-transportu-butli-gazowych-duzy\\\/#primaryimage\"},\"thumbnailUrl\":\"https:\\\/\\\/innow.pl\\\/wp-content\\\/uploads\\\/2024\\\/11\\\/T674.jpg\",\"datePublished\":\"2017-06-13T04:17:23+00:00\",\"dateModified\":\"2025-10-16T12:07:46+00:00\",\"description\":\"Trwa\u0142y i solidny w\u00f3zek do transportu butli gazowych - du\u017cy, dla butli 20 i 40 litr\u00f3w. Wyposa\u017cony w pasy zabezpieczaj\u0105ce przez wypadni\u0119ciem butli. Zobacz!\",\"breadcrumb\":{\"@id\":\"https:\\\/\\\/innow.pl\\\/produkt\\\/t674-wozek-do-transportu-butli-gazowych-duzy\\\/#breadcrumb\"},\"inLanguage\":\"fr-FR\",\"potentialAction\":[{\"@type\":\"ReadAction\",\"target\":[\"https:\\\/\\\/innow.pl\\\/produkt\\\/t674-wozek-do-transportu-butli-gazowych-duzy\\\/\"]}]},{\"@type\":\"ImageObject\",\"inLanguage\":\"fr-FR\",\"@id\":\"https:\\\/\\\/innow.pl\\\/produkt\\\/t674-wozek-do-transportu-butli-gazowych-duzy\\\/#primaryimage\",\"url\":\"https:\\\/\\\/innow.pl\\\/wp-content\\\/uploads\\\/2024\\\/11\\\/T674.jpg\",\"contentUrl\":\"https:\\\/\\\/innow.pl\\\/wp-content\\\/uploads\\\/2024\\\/11\\\/T674.jpg\",\"width\":800,\"height\":800,\"caption\":\"W\u00f3zek do transportu butli gazowych \u2013 du\u017cy \u2013 T674 \u2013 INNOW\"},{\"@type\":\"BreadcrumbList\",\"@id\":\"https:\\\/\\\/innow.pl\\\/produkt\\\/t674-wozek-do-transportu-butli-gazowych-duzy\\\/#breadcrumb\",\"itemListElement\":[{\"@type\":\"ListItem\",\"position\":1,\"name\":\"INNOW\",\"item\":\"https:\\\/\\\/innow.pl\\\/fr\\\/\"},{\"@type\":\"ListItem\",\"position\":2,\"name\":\"Produkty\",\"item\":\"https:\\\/\\\/innow.pl\\\/produkty\\\/\"},{\"@type\":\"ListItem\",\"position\":3,\"name\":\"Transport\",\"item\":\"https:\\\/\\\/innow.pl\\\/produkty\\\/transport\\\/\"},{\"@type\":\"ListItem\",\"position\":4,\"name\":\"W\u00f3zki do transportu butli\",\"item\":\"https:\\\/\\\/innow.pl\\\/produkty\\\/transport\\\/wozki-do-transportu-butli\\\/\"},{\"@type\":\"ListItem\",\"position\":5,\"name\":\"T674 &#8211; W\u00f3zek do transportu butli gazowych &#8211; du\u017cy\"}]},{\"@type\":\"WebSite\",\"@id\":\"https:\\\/\\\/innow.pl\\\/#website\",\"url\":\"https:\\\/\\\/innow.pl\\\/\",\"name\":\"INNOW\",\"description\":\"\",\"potentialAction\":[{\"@type\":\"SearchAction\",\"target\":{\"@type\":\"EntryPoint\",\"urlTemplate\":\"https:\\\/\\\/innow.pl\\\/?s={search_term_string}\"},\"query-input\":{\"@type\":\"PropertyValueSpecification\",\"valueRequired\":true,\"valueName\":\"search_term_string\"}}],\"inLanguage\":\"fr-FR\"}]}<\/script>\n<!-- \/ Yoast SEO plugin. -->","yoast_head_json":{"title":"T674 - W\u00f3zek do transportu butli gazowych - du\u017cy - INNOW","description":"Trwa\u0142y i solidny w\u00f3zek do transportu butli gazowych - du\u017cy, dla butli 20 i 40 litr\u00f3w. Wyposa\u017cony w pasy zabezpieczaj\u0105ce przez wypadni\u0119ciem butli. Zobacz!","robots":{"index":"index","follow":"follow","max-snippet":"max-snippet:-1","max-image-preview":"max-image-preview:large","max-video-preview":"max-video-preview:-1"},"canonical":"https:\/\/innow.pl\/produkt\/t674-wozek-do-transportu-butli-gazowych-duzy\/","og_locale":"fr_FR","og_type":"article","og_title":"T674 - W\u00f3zek do transportu butli gazowych - du\u017cy - INNOW","og_description":"Trwa\u0142y i solidny w\u00f3zek do transportu butli gazowych - du\u017cy, dla butli 20 i 40 litr\u00f3w. Wyposa\u017cony w pasy zabezpieczaj\u0105ce przez wypadni\u0119ciem butli. Zobacz!","og_url":"https:\/\/innow.pl\/produkt\/t674-wozek-do-transportu-butli-gazowych-duzy\/","og_site_name":"INNOW","article_modified_time":"2025-10-16T12:07:46+00:00","og_image":[{"width":800,"height":800,"url":"https:\/\/innow.pl\/wp-content\/uploads\/2024\/11\/T674.jpg","type":"image\/jpeg"}],"twitter_card":"summary_large_image","twitter_misc":{"Dur\u00e9e de lecture estim\u00e9e":"1 minute"},"schema":{"@context":"https:\/\/schema.org","@graph":[{"@type":"WebPage","@id":"https:\/\/innow.pl\/produkt\/t674-wozek-do-transportu-butli-gazowych-duzy\/","url":"https:\/\/innow.pl\/produkt\/t674-wozek-do-transportu-butli-gazowych-duzy\/","name":"T674 - W\u00f3zek do transportu butli gazowych - du\u017cy - INNOW","isPartOf":{"@id":"https:\/\/innow.pl\/#website"},"primaryImageOfPage":{"@id":"https:\/\/innow.pl\/produkt\/t674-wozek-do-transportu-butli-gazowych-duzy\/#primaryimage"},"image":{"@id":"https:\/\/innow.pl\/produkt\/t674-wozek-do-transportu-butli-gazowych-duzy\/#primaryimage"},"thumbnailUrl":"https:\/\/innow.pl\/wp-content\/uploads\/2024\/11\/T674.jpg","datePublished":"2017-06-13T04:17:23+00:00","dateModified":"2025-10-16T12:07:46+00:00","description":"Trwa\u0142y i solidny w\u00f3zek do transportu butli gazowych - du\u017cy, dla butli 20 i 40 litr\u00f3w. Wyposa\u017cony w pasy zabezpieczaj\u0105ce przez wypadni\u0119ciem butli. Zobacz!","breadcrumb":{"@id":"https:\/\/innow.pl\/produkt\/t674-wozek-do-transportu-butli-gazowych-duzy\/#breadcrumb"},"inLanguage":"fr-FR","potentialAction":[{"@type":"ReadAction","target":["https:\/\/innow.pl\/produkt\/t674-wozek-do-transportu-butli-gazowych-duzy\/"]}]},{"@type":"ImageObject","inLanguage":"fr-FR","@id":"https:\/\/innow.pl\/produkt\/t674-wozek-do-transportu-butli-gazowych-duzy\/#primaryimage","url":"https:\/\/innow.pl\/wp-content\/uploads\/2024\/11\/T674.jpg","contentUrl":"https:\/\/innow.pl\/wp-content\/uploads\/2024\/11\/T674.jpg","width":800,"height":800,"caption":"W\u00f3zek do transportu butli gazowych \u2013 du\u017cy \u2013 T674 \u2013 INNOW"},{"@type":"BreadcrumbList","@id":"https:\/\/innow.pl\/produkt\/t674-wozek-do-transportu-butli-gazowych-duzy\/#breadcrumb","itemListElement":[{"@type":"ListItem","position":1,"name":"INNOW","item":"https:\/\/innow.pl\/fr\/"},{"@type":"ListItem","position":2,"name":"Produkty","item":"https:\/\/innow.pl\/produkty\/"},{"@type":"ListItem","position":3,"name":"Transport","item":"https:\/\/innow.pl\/produkty\/transport\/"},{"@type":"ListItem","position":4,"name":"W\u00f3zki do transportu butli","item":"https:\/\/innow.pl\/produkty\/transport\/wozki-do-transportu-butli\/"},{"@type":"ListItem","position":5,"name":"T674 &#8211; W\u00f3zek do transportu butli gazowych &#8211; du\u017cy"}]},{"@type":"WebSite","@id":"https:\/\/innow.pl\/#website","url":"https:\/\/innow.pl\/","name":"INNOW","description":"","potentialAction":[{"@type":"SearchAction","target":{"@type":"EntryPoint","urlTemplate":"https:\/\/innow.pl\/?s={search_term_string}"},"query-input":{"@type":"PropertyValueSpecification","valueRequired":true,"valueName":"search_term_string"}}],"inLanguage":"fr-FR"}]}},"_links":{"self":[{"href":"https:\/\/innow.pl\/fr\/wp-json\/wp\/v2\/product\/24681","targetHints":{"allow":["GET"]}}],"collection":[{"href":"https:\/\/innow.pl\/fr\/wp-json\/wp\/v2\/product"}],"about":[{"href":"https:\/\/innow.pl\/fr\/wp-json\/wp\/v2\/types\/product"}],"replies":[{"embeddable":true,"href":"https:\/\/innow.pl\/fr\/wp-json\/wp\/v2\/comments?post=24681"}],"wp:featuredmedia":[{"embeddable":true,"href":"https:\/\/innow.pl\/fr\/wp-json\/wp\/v2\/media\/24683"}],"wp:attachment":[{"href":"https:\/\/innow.pl\/fr\/wp-json\/wp\/v2\/media?parent=24681"}],"wp:term":[{"taxonomy":"product_brand","embeddable":true,"href":"https:\/\/innow.pl\/fr\/wp-json\/wp\/v2\/product_brand?post=24681"},{"taxonomy":"product_cat","embeddable":true,"href":"https:\/\/innow.pl\/fr\/wp-json\/wp\/v2\/product_cat?post=24681"},{"taxonomy":"product_tag","embeddable":true,"href":"https:\/\/innow.pl\/fr\/wp-json\/wp\/v2\/product_tag?post=24681"}],"curies":[{"name":"wp","href":"https:\/\/api.w.org\/{rel}","templated":true}]}}