{"id":24670,"date":"2017-06-12T09:48:31","date_gmt":"2017-06-12T07:48:31","guid":{"rendered":"https:\/\/innow.pl\/produkt\/t671-wozek-reczny-transportowy\/"},"modified":"2026-03-27T14:16:43","modified_gmt":"2026-03-27T13:16:43","slug":"t671-wozek-reczny-transportowy","status":"publish","type":"product","link":"https:\/\/innow.pl\/fr\/produkt\/t671-wozek-reczny-transportowy\/","title":{"rendered":"T671 &#8211; W\u00f3zek r\u0119czny transportowy"},"content":{"rendered":"<p>W\u00f3zek transportowy w pozycji siedz\u0105cej przeznaczony jest do przemieszczania os\u00f3b posiadaj\u0105cych ograniczon\u0105 zdolno\u015b\u0107 poruszania si\u0119. Stosowany jest g\u0142\u00f3wnie w plac\u00f3wkach s\u0142u\u017cby zdrowia &#8211; o\u015brodkach rehabilitacyjnych i szpitalach &#8211; a tak\u017ce w domach opieki spo\u0142ecznej. \u00a0<\/p>\n<p style=\"text-align: left\"><a>Informacje o w\u0142a\u015bciwo\u015bciach dost\u0119pnych <strong>materia\u0142\u00f3w obiciowych<\/strong> dost\u0119pne po klikni\u0119ciu w zdj\u0119cie:<\/a><\/p>\n<p style=\"text-align: left\"><a href=\"https:\/\/innow.pl\/publikacje\/KatalogPDF\/Pokrycia-obiciowe-tapicerki.pdf\" target=\"_blank\" rel=\"noopener\"><img decoding=\"async\" src=\"https:\/\/innow.pl\/wp-content\/uploads\/2024\/11\/Tapicerki.jpg\" \/><\/a><\/p>\n<p style=\"text-align: left\">Tam r\u00f3wnie\u017c znale\u017a\u0107 mo\u017cna szczeg\u00f3\u0142owe informacje na temat dost\u0119pnych materia\u0142\u00f3w obiciowych.<\/p>\n","protected":false},"excerpt":{"rendered":"<p>W\u00f3zek transportowy w pozycji siedz\u0105cej przeznaczony jest do przemieszczania os\u00f3b posiadaj\u0105cych ograniczon\u0105 zdolno\u015b\u0107 poruszania si\u0119. Stosowany jest g\u0142\u00f3wnie w plac\u00f3wkach s\u0142u\u017cby zdrowia &#8211; o\u015brodkach rehabilitacyjnych i szpitalach &#8211; a tak\u017ce w domach opieki spo\u0142ecznej. \u00a0 Informacje o w\u0142a\u015bciwo\u015bciach dost\u0119pnych materia\u0142\u00f3w obiciowych dost\u0119pne po klikni\u0119ciu w zdj\u0119cie: Tam r\u00f3wnie\u017c znale\u017a\u0107 mo\u017cna szczeg\u00f3\u0142owe informacje na temat dost\u0119pnych [&hellip;]<\/p>\n","protected":false},"featured_media":24673,"comment_status":"open","ping_status":"closed","template":"","meta":{"_acf_changed":false},"product_brand":[],"product_cat":[439,516,523],"product_tag":[],"class_list":{"0":"post-24670","1":"product","2":"type-product","3":"status-publish","4":"has-post-thumbnail","6":"product_cat-transport","7":"product_cat-wozki-do-transportu-w-pozycji-siedzacej","8":"product_cat-wozki-oddzialowe","9":"pa_dlugosc-70-cm","10":"pa_szerokosc-60-cm","11":"pa_wysokosc-90-cm","12":"pa_wysokosc-siedziska-55-cm","14":"first","15":"instock","16":"taxable","17":"shipping-taxable","18":"purchasable","19":"product-type-simple"},"acf":[],"yoast_head":"<!-- This site is optimized with the Yoast SEO plugin v27.4 - https:\/\/yoast.com\/product\/yoast-seo-wordpress\/ -->\n<title>T671 - W\u00f3zek r\u0119czny transportowy - INNOW<\/title>\n<meta name=\"description\" content=\"Praktyczny w\u00f3zek r\u0119czny transportowy s\u0142u\u017c\u0105cy do przemieszczania pacjenta wewn\u0105trz budynk\u00f3w. Du\u017cy wyb\u00f3r pokry\u0107 tapicerskich. Poznaj szczeg\u00f3\u0142y!\" \/>\n<meta name=\"robots\" content=\"index, follow, max-snippet:-1, max-image-preview:large, max-video-preview:-1\" \/>\n<link rel=\"canonical\" href=\"https:\/\/innow.pl\/produkt\/t671-wozek-reczny-transportowy\/\" \/>\n<meta property=\"og:locale\" content=\"fr_FR\" \/>\n<meta property=\"og:type\" content=\"article\" \/>\n<meta property=\"og:title\" content=\"T671 - W\u00f3zek r\u0119czny transportowy - INNOW\" \/>\n<meta property=\"og:description\" content=\"Praktyczny w\u00f3zek r\u0119czny transportowy s\u0142u\u017c\u0105cy do przemieszczania pacjenta wewn\u0105trz budynk\u00f3w. Du\u017cy wyb\u00f3r pokry\u0107 tapicerskich. Poznaj szczeg\u00f3\u0142y!\" \/>\n<meta property=\"og:url\" content=\"https:\/\/innow.pl\/produkt\/t671-wozek-reczny-transportowy\/\" \/>\n<meta property=\"og:site_name\" content=\"INNOW\" \/>\n<meta property=\"article:modified_time\" content=\"2026-03-27T13:16:43+00:00\" \/>\n<meta property=\"og:image\" content=\"https:\/\/innow.pl\/wp-content\/uploads\/2024\/11\/T671-new.jpg\" \/>\n\t<meta property=\"og:image:width\" content=\"800\" \/>\n\t<meta property=\"og:image:height\" content=\"800\" \/>\n\t<meta property=\"og:image:type\" content=\"image\/jpeg\" \/>\n<meta name=\"twitter:card\" content=\"summary_large_image\" \/>\n<meta name=\"twitter:label1\" content=\"Dur\u00e9e de lecture estim\u00e9e\" \/>\n\t<meta name=\"twitter:data1\" content=\"1 minute\" \/>\n<script type=\"application\/ld+json\" class=\"yoast-schema-graph\">{\"@context\":\"https:\\\/\\\/schema.org\",\"@graph\":[{\"@type\":\"WebPage\",\"@id\":\"https:\\\/\\\/innow.pl\\\/produkt\\\/t671-wozek-reczny-transportowy\\\/\",\"url\":\"https:\\\/\\\/innow.pl\\\/produkt\\\/t671-wozek-reczny-transportowy\\\/\",\"name\":\"T671 - W\u00f3zek r\u0119czny transportowy - INNOW\",\"isPartOf\":{\"@id\":\"https:\\\/\\\/innow.pl\\\/#website\"},\"primaryImageOfPage\":{\"@id\":\"https:\\\/\\\/innow.pl\\\/produkt\\\/t671-wozek-reczny-transportowy\\\/#primaryimage\"},\"image\":{\"@id\":\"https:\\\/\\\/innow.pl\\\/produkt\\\/t671-wozek-reczny-transportowy\\\/#primaryimage\"},\"thumbnailUrl\":\"https:\\\/\\\/innow.pl\\\/wp-content\\\/uploads\\\/2024\\\/11\\\/T671-new.jpg\",\"datePublished\":\"2017-06-12T07:48:31+00:00\",\"dateModified\":\"2026-03-27T13:16:43+00:00\",\"description\":\"Praktyczny w\u00f3zek r\u0119czny transportowy s\u0142u\u017c\u0105cy do przemieszczania pacjenta wewn\u0105trz budynk\u00f3w. Du\u017cy wyb\u00f3r pokry\u0107 tapicerskich. Poznaj szczeg\u00f3\u0142y!\",\"breadcrumb\":{\"@id\":\"https:\\\/\\\/innow.pl\\\/produkt\\\/t671-wozek-reczny-transportowy\\\/#breadcrumb\"},\"inLanguage\":\"fr-FR\",\"potentialAction\":[{\"@type\":\"ReadAction\",\"target\":[\"https:\\\/\\\/innow.pl\\\/produkt\\\/t671-wozek-reczny-transportowy\\\/\"]}]},{\"@type\":\"ImageObject\",\"inLanguage\":\"fr-FR\",\"@id\":\"https:\\\/\\\/innow.pl\\\/produkt\\\/t671-wozek-reczny-transportowy\\\/#primaryimage\",\"url\":\"https:\\\/\\\/innow.pl\\\/wp-content\\\/uploads\\\/2024\\\/11\\\/T671-new.jpg\",\"contentUrl\":\"https:\\\/\\\/innow.pl\\\/wp-content\\\/uploads\\\/2024\\\/11\\\/T671-new.jpg\",\"width\":800,\"height\":800,\"caption\":\"W\u00f3zek r\u0119czny transportowy \u2013 T671 \u2013 INNOW\"},{\"@type\":\"BreadcrumbList\",\"@id\":\"https:\\\/\\\/innow.pl\\\/produkt\\\/t671-wozek-reczny-transportowy\\\/#breadcrumb\",\"itemListElement\":[{\"@type\":\"ListItem\",\"position\":1,\"name\":\"INNOW\",\"item\":\"https:\\\/\\\/innow.pl\\\/fr\\\/\"},{\"@type\":\"ListItem\",\"position\":2,\"name\":\"Produkty\",\"item\":\"https:\\\/\\\/innow.pl\\\/produkty\\\/\"},{\"@type\":\"ListItem\",\"position\":3,\"name\":\"Transport\",\"item\":\"https:\\\/\\\/innow.pl\\\/produkty\\\/transport\\\/\"},{\"@type\":\"ListItem\",\"position\":4,\"name\":\"W\u00f3zki do transportu chorych w pozycji siedz\u0105cej\",\"item\":\"https:\\\/\\\/innow.pl\\\/produkty\\\/transport\\\/wozki-do-transportu-w-pozycji-siedzacej\\\/\"},{\"@type\":\"ListItem\",\"position\":5,\"name\":\"W\u00f3zki oddzia\u0142owe\",\"item\":\"https:\\\/\\\/innow.pl\\\/produkty\\\/transport\\\/wozki-do-transportu-w-pozycji-siedzacej\\\/wozki-oddzialowe\\\/\"},{\"@type\":\"ListItem\",\"position\":6,\"name\":\"T671 &#8211; W\u00f3zek r\u0119czny transportowy\"}]},{\"@type\":\"WebSite\",\"@id\":\"https:\\\/\\\/innow.pl\\\/#website\",\"url\":\"https:\\\/\\\/innow.pl\\\/\",\"name\":\"INNOW\",\"description\":\"\",\"potentialAction\":[{\"@type\":\"SearchAction\",\"target\":{\"@type\":\"EntryPoint\",\"urlTemplate\":\"https:\\\/\\\/innow.pl\\\/?s={search_term_string}\"},\"query-input\":{\"@type\":\"PropertyValueSpecification\",\"valueRequired\":true,\"valueName\":\"search_term_string\"}}],\"inLanguage\":\"fr-FR\"}]}<\/script>\n<!-- \/ Yoast SEO plugin. -->","yoast_head_json":{"title":"T671 - W\u00f3zek r\u0119czny transportowy - INNOW","description":"Praktyczny w\u00f3zek r\u0119czny transportowy s\u0142u\u017c\u0105cy do przemieszczania pacjenta wewn\u0105trz budynk\u00f3w. Du\u017cy wyb\u00f3r pokry\u0107 tapicerskich. Poznaj szczeg\u00f3\u0142y!","robots":{"index":"index","follow":"follow","max-snippet":"max-snippet:-1","max-image-preview":"max-image-preview:large","max-video-preview":"max-video-preview:-1"},"canonical":"https:\/\/innow.pl\/produkt\/t671-wozek-reczny-transportowy\/","og_locale":"fr_FR","og_type":"article","og_title":"T671 - W\u00f3zek r\u0119czny transportowy - INNOW","og_description":"Praktyczny w\u00f3zek r\u0119czny transportowy s\u0142u\u017c\u0105cy do przemieszczania pacjenta wewn\u0105trz budynk\u00f3w. Du\u017cy wyb\u00f3r pokry\u0107 tapicerskich. Poznaj szczeg\u00f3\u0142y!","og_url":"https:\/\/innow.pl\/produkt\/t671-wozek-reczny-transportowy\/","og_site_name":"INNOW","article_modified_time":"2026-03-27T13:16:43+00:00","og_image":[{"width":800,"height":800,"url":"https:\/\/innow.pl\/wp-content\/uploads\/2024\/11\/T671-new.jpg","type":"image\/jpeg"}],"twitter_card":"summary_large_image","twitter_misc":{"Dur\u00e9e de lecture estim\u00e9e":"1 minute"},"schema":{"@context":"https:\/\/schema.org","@graph":[{"@type":"WebPage","@id":"https:\/\/innow.pl\/produkt\/t671-wozek-reczny-transportowy\/","url":"https:\/\/innow.pl\/produkt\/t671-wozek-reczny-transportowy\/","name":"T671 - W\u00f3zek r\u0119czny transportowy - INNOW","isPartOf":{"@id":"https:\/\/innow.pl\/#website"},"primaryImageOfPage":{"@id":"https:\/\/innow.pl\/produkt\/t671-wozek-reczny-transportowy\/#primaryimage"},"image":{"@id":"https:\/\/innow.pl\/produkt\/t671-wozek-reczny-transportowy\/#primaryimage"},"thumbnailUrl":"https:\/\/innow.pl\/wp-content\/uploads\/2024\/11\/T671-new.jpg","datePublished":"2017-06-12T07:48:31+00:00","dateModified":"2026-03-27T13:16:43+00:00","description":"Praktyczny w\u00f3zek r\u0119czny transportowy s\u0142u\u017c\u0105cy do przemieszczania pacjenta wewn\u0105trz budynk\u00f3w. Du\u017cy wyb\u00f3r pokry\u0107 tapicerskich. Poznaj szczeg\u00f3\u0142y!","breadcrumb":{"@id":"https:\/\/innow.pl\/produkt\/t671-wozek-reczny-transportowy\/#breadcrumb"},"inLanguage":"fr-FR","potentialAction":[{"@type":"ReadAction","target":["https:\/\/innow.pl\/produkt\/t671-wozek-reczny-transportowy\/"]}]},{"@type":"ImageObject","inLanguage":"fr-FR","@id":"https:\/\/innow.pl\/produkt\/t671-wozek-reczny-transportowy\/#primaryimage","url":"https:\/\/innow.pl\/wp-content\/uploads\/2024\/11\/T671-new.jpg","contentUrl":"https:\/\/innow.pl\/wp-content\/uploads\/2024\/11\/T671-new.jpg","width":800,"height":800,"caption":"W\u00f3zek r\u0119czny transportowy \u2013 T671 \u2013 INNOW"},{"@type":"BreadcrumbList","@id":"https:\/\/innow.pl\/produkt\/t671-wozek-reczny-transportowy\/#breadcrumb","itemListElement":[{"@type":"ListItem","position":1,"name":"INNOW","item":"https:\/\/innow.pl\/fr\/"},{"@type":"ListItem","position":2,"name":"Produkty","item":"https:\/\/innow.pl\/produkty\/"},{"@type":"ListItem","position":3,"name":"Transport","item":"https:\/\/innow.pl\/produkty\/transport\/"},{"@type":"ListItem","position":4,"name":"W\u00f3zki do transportu chorych w pozycji siedz\u0105cej","item":"https:\/\/innow.pl\/produkty\/transport\/wozki-do-transportu-w-pozycji-siedzacej\/"},{"@type":"ListItem","position":5,"name":"W\u00f3zki oddzia\u0142owe","item":"https:\/\/innow.pl\/produkty\/transport\/wozki-do-transportu-w-pozycji-siedzacej\/wozki-oddzialowe\/"},{"@type":"ListItem","position":6,"name":"T671 &#8211; W\u00f3zek r\u0119czny transportowy"}]},{"@type":"WebSite","@id":"https:\/\/innow.pl\/#website","url":"https:\/\/innow.pl\/","name":"INNOW","description":"","potentialAction":[{"@type":"SearchAction","target":{"@type":"EntryPoint","urlTemplate":"https:\/\/innow.pl\/?s={search_term_string}"},"query-input":{"@type":"PropertyValueSpecification","valueRequired":true,"valueName":"search_term_string"}}],"inLanguage":"fr-FR"}]}},"_links":{"self":[{"href":"https:\/\/innow.pl\/fr\/wp-json\/wp\/v2\/product\/24670","targetHints":{"allow":["GET"]}}],"collection":[{"href":"https:\/\/innow.pl\/fr\/wp-json\/wp\/v2\/product"}],"about":[{"href":"https:\/\/innow.pl\/fr\/wp-json\/wp\/v2\/types\/product"}],"replies":[{"embeddable":true,"href":"https:\/\/innow.pl\/fr\/wp-json\/wp\/v2\/comments?post=24670"}],"wp:featuredmedia":[{"embeddable":true,"href":"https:\/\/innow.pl\/fr\/wp-json\/wp\/v2\/media\/24673"}],"wp:attachment":[{"href":"https:\/\/innow.pl\/fr\/wp-json\/wp\/v2\/media?parent=24670"}],"wp:term":[{"taxonomy":"product_brand","embeddable":true,"href":"https:\/\/innow.pl\/fr\/wp-json\/wp\/v2\/product_brand?post=24670"},{"taxonomy":"product_cat","embeddable":true,"href":"https:\/\/innow.pl\/fr\/wp-json\/wp\/v2\/product_cat?post=24670"},{"taxonomy":"product_tag","embeddable":true,"href":"https:\/\/innow.pl\/fr\/wp-json\/wp\/v2\/product_tag?post=24670"}],"curies":[{"name":"wp","href":"https:\/\/api.w.org\/{rel}","templated":true}]}}