{"id":24590,"date":"2017-06-09T06:50:16","date_gmt":"2017-06-09T04:50:16","guid":{"rendered":"https:\/\/innow.pl\/produkt\/s412-kardio-stol-rehabilitacyjny-kardiologiczny\/"},"modified":"2025-12-05T09:00:10","modified_gmt":"2025-12-05T08:00:10","slug":"s412-kardio-stol-rehabilitacyjny-kardiologiczny","status":"publish","type":"product","link":"https:\/\/innow.pl\/fr\/produkt\/s412-kardio-stol-rehabilitacyjny-kardiologiczny\/","title":{"rendered":"S412E [KARDIO] &#8211; St\u00f3\u0142 rehabilitacyjny (kardiologiczny) elektryczny"},"content":{"rendered":"<p>St\u00f3\u0142 kardiologiczny z <strong>elektryczn\u0105<\/strong> regulacj\u0105 wysoko\u015bci. St\u00f3\u0142 na podstawie krzy\u017cakowej posiadaj\u0105cy podg\u0142\u00f3wek do zabieg\u00f3w na boku (z regulacj\u0105 wysoko\u015bci, szczeg\u00f3\u0142y na zdj\u0119ciach) oraz szuflad\u0119 boczn\u0105. St\u00f3\u0142 (kozetka zabiegowa, le\u017canka) mo\u017ce by\u0107 wykorzystany jako: st\u00f3\u0142 kardiologiczny, do bada\u0144 EKG, echokardiografii, dzi\u0119ki obecno\u015bci kardiologicznej szuflady lub jako st\u00f3\u0142 do wykonywania zabieg\u00f3w i bada\u0144 z pacjentem u\u0142o\u017conym na boku. Wysuwan\u0105 szuflad\u0119 boczn\u0105 mo\u017cna zablokowa\u0107 w dowolnej pozycji, dokr\u0119caj\u0105c pokr\u0119t\u0142o blokuj\u0105ce. Istnieje tak\u017ce mo\u017cliwo\u015b\u0107 ca\u0142kowitego wyj\u0119cia szuflady. Standardowe wyposa\u017cenie sto\u0142u:<\/p>\n<ul>\n<li>elektryczna regulacja wysoko\u015bci,<\/li>\n<li>szuflada kardiologiczna,<\/li>\n<li>podg\u0142\u00f3wek z podw\u00f3jn\u0105 regulacj\u0105 (2 spr\u0119\u017cyny gazowe) przeznaczony do zabieg\u00f3w na boku, z otworem twarzowym,<\/li>\n<li>komplet blach do podwozia.<\/li>\n<\/ul>\n<p>Mo\u017cliwo\u015b\u0107 zamontowania szyn do mocowania osprz\u0119tu dodatkowego. Po stronie, po kt\u00f3rej znajduje si\u0119 szuflada &#8211; do miejsca jej montowania, natomiast po drugiej stronie na ca\u0142ej d\u0142ugo\u015bci sto\u0142u. <em>Na zdj\u0119ciu 1 i 2 widoczny st\u00f3\u0142 kardiologiczny z nast\u0119puj\u0105cym wyposa\u017ceniem opcjonalnym: barierki boczne, podajnik podk\u0142ad\u00f3w ochronnych.<\/em> \u00a0<\/p>\n<p style=\"text-align: left\"><a>Informacje o w\u0142a\u015bciwo\u015bciach dost\u0119pnych<strong> materia\u0142\u00f3w obiciowych<\/strong> dost\u0119pne po klikni\u0119ciu w zdj\u0119cie:<\/a><\/p>\n<p style=\"text-align: left\"><a href=\"https:\/\/innow.pl\/publikacje\/KatalogPDF\/Pokrycia-obiciowe-tapicerki.pdf\" target=\"_blank\" rel=\"noopener\"><img decoding=\"async\" src=\"https:\/\/innow.pl\/wp-content\/uploads\/2024\/11\/Tapicerki.jpg\" \/><\/a><\/p>\n","protected":false},"excerpt":{"rendered":"<p>St\u00f3\u0142 kardiologiczny z elektryczn\u0105 regulacj\u0105 wysoko\u015bci. St\u00f3\u0142 na podstawie krzy\u017cakowej posiadaj\u0105cy podg\u0142\u00f3wek do zabieg\u00f3w na boku (z regulacj\u0105 wysoko\u015bci, szczeg\u00f3\u0142y na zdj\u0119ciach) oraz szuflad\u0119 boczn\u0105. St\u00f3\u0142 (kozetka zabiegowa, le\u017canka) mo\u017ce by\u0107 wykorzystany jako: st\u00f3\u0142 kardiologiczny, do bada\u0144 EKG, echokardiografii, dzi\u0119ki obecno\u015bci kardiologicznej szuflady lub jako st\u00f3\u0142 do wykonywania zabieg\u00f3w i bada\u0144 z pacjentem u\u0142o\u017conym na [&hellip;]<\/p>\n","protected":false},"featured_media":24593,"comment_status":"open","ping_status":"closed","template":"","meta":{"_acf_changed":false},"product_brand":[],"product_cat":[463,440,470],"product_tag":[],"class_list":{"0":"post-24590","1":"product","2":"type-product","3":"status-publish","4":"has-post-thumbnail","6":"product_cat-kozetki","7":"product_cat-meble-medyczne","8":"product_cat-stoly-kardiologiczne","9":"pa_dlugosc-200-cm","10":"pa_regulacja-podglowka-w-dol-591","11":"pa_regulacja-podglowka-w-gore-631","12":"pa_szerokosc-70-cm","13":"pa_wysokosc-45-96-cm","14":"pa_wytrzymalosc-200-kg","16":"first","17":"instock","18":"taxable","19":"shipping-taxable","20":"purchasable","21":"product-type-simple"},"acf":[],"yoast_head":"<!-- This site is optimized with the Yoast SEO plugin v27.4 - https:\/\/yoast.com\/product\/yoast-seo-wordpress\/ -->\n<title>S412E [KARDIO] - St\u00f3\u0142 rehabilitacyjny (kardiologiczny) elektryczny - INNOW<\/title>\n<meta name=\"description\" content=\"Unikalny st\u00f3\u0142 rehabilitacyjny (kardiologiczny) z elektryczn\u0105 regulacj\u0105 wysoko\u015bci i kardiologiczn\u0105 szuflad\u0105. St\u00f3\u0142 do bada\u0144 EKG, echokardiografii. Zobacz!\" \/>\n<meta name=\"robots\" content=\"index, follow, max-snippet:-1, max-image-preview:large, max-video-preview:-1\" \/>\n<link rel=\"canonical\" href=\"https:\/\/innow.pl\/produkt\/s412-kardio-stol-rehabilitacyjny-kardiologiczny\/\" \/>\n<meta property=\"og:locale\" content=\"fr_FR\" \/>\n<meta property=\"og:type\" content=\"article\" \/>\n<meta property=\"og:title\" content=\"S412E [KARDIO] - St\u00f3\u0142 rehabilitacyjny (kardiologiczny) elektryczny - INNOW\" \/>\n<meta property=\"og:description\" content=\"Unikalny st\u00f3\u0142 rehabilitacyjny (kardiologiczny) z elektryczn\u0105 regulacj\u0105 wysoko\u015bci i kardiologiczn\u0105 szuflad\u0105. St\u00f3\u0142 do bada\u0144 EKG, echokardiografii. Zobacz!\" \/>\n<meta property=\"og:url\" content=\"https:\/\/innow.pl\/produkt\/s412-kardio-stol-rehabilitacyjny-kardiologiczny\/\" \/>\n<meta property=\"og:site_name\" content=\"INNOW\" \/>\n<meta property=\"article:modified_time\" content=\"2025-12-05T08:00:10+00:00\" \/>\n<meta property=\"og:image\" content=\"https:\/\/innow.pl\/wp-content\/uploads\/2024\/11\/S412EKARDIO1_blacha.jpg\" \/>\n\t<meta property=\"og:image:width\" content=\"800\" \/>\n\t<meta property=\"og:image:height\" content=\"800\" \/>\n\t<meta property=\"og:image:type\" content=\"image\/jpeg\" \/>\n<meta name=\"twitter:card\" content=\"summary_large_image\" \/>\n<meta name=\"twitter:label1\" content=\"Dur\u00e9e de lecture estim\u00e9e\" \/>\n\t<meta name=\"twitter:data1\" content=\"2 minutes\" \/>\n<script type=\"application\/ld+json\" class=\"yoast-schema-graph\">{\"@context\":\"https:\\\/\\\/schema.org\",\"@graph\":[{\"@type\":\"WebPage\",\"@id\":\"https:\\\/\\\/innow.pl\\\/produkt\\\/s412-kardio-stol-rehabilitacyjny-kardiologiczny\\\/\",\"url\":\"https:\\\/\\\/innow.pl\\\/produkt\\\/s412-kardio-stol-rehabilitacyjny-kardiologiczny\\\/\",\"name\":\"S412E [KARDIO] - St\u00f3\u0142 rehabilitacyjny (kardiologiczny) elektryczny - INNOW\",\"isPartOf\":{\"@id\":\"https:\\\/\\\/innow.pl\\\/#website\"},\"primaryImageOfPage\":{\"@id\":\"https:\\\/\\\/innow.pl\\\/produkt\\\/s412-kardio-stol-rehabilitacyjny-kardiologiczny\\\/#primaryimage\"},\"image\":{\"@id\":\"https:\\\/\\\/innow.pl\\\/produkt\\\/s412-kardio-stol-rehabilitacyjny-kardiologiczny\\\/#primaryimage\"},\"thumbnailUrl\":\"https:\\\/\\\/innow.pl\\\/wp-content\\\/uploads\\\/2024\\\/11\\\/S412EKARDIO1_blacha.jpg\",\"datePublished\":\"2017-06-09T04:50:16+00:00\",\"dateModified\":\"2025-12-05T08:00:10+00:00\",\"description\":\"Unikalny st\u00f3\u0142 rehabilitacyjny (kardiologiczny) z elektryczn\u0105 regulacj\u0105 wysoko\u015bci i kardiologiczn\u0105 szuflad\u0105. St\u00f3\u0142 do bada\u0144 EKG, echokardiografii. Zobacz!\",\"breadcrumb\":{\"@id\":\"https:\\\/\\\/innow.pl\\\/produkt\\\/s412-kardio-stol-rehabilitacyjny-kardiologiczny\\\/#breadcrumb\"},\"inLanguage\":\"fr-FR\",\"potentialAction\":[{\"@type\":\"ReadAction\",\"target\":[\"https:\\\/\\\/innow.pl\\\/produkt\\\/s412-kardio-stol-rehabilitacyjny-kardiologiczny\\\/\"]}]},{\"@type\":\"ImageObject\",\"inLanguage\":\"fr-FR\",\"@id\":\"https:\\\/\\\/innow.pl\\\/produkt\\\/s412-kardio-stol-rehabilitacyjny-kardiologiczny\\\/#primaryimage\",\"url\":\"https:\\\/\\\/innow.pl\\\/wp-content\\\/uploads\\\/2024\\\/11\\\/S412EKARDIO1_blacha.jpg\",\"contentUrl\":\"https:\\\/\\\/innow.pl\\\/wp-content\\\/uploads\\\/2024\\\/11\\\/S412EKARDIO1_blacha.jpg\",\"width\":800,\"height\":800},{\"@type\":\"BreadcrumbList\",\"@id\":\"https:\\\/\\\/innow.pl\\\/produkt\\\/s412-kardio-stol-rehabilitacyjny-kardiologiczny\\\/#breadcrumb\",\"itemListElement\":[{\"@type\":\"ListItem\",\"position\":1,\"name\":\"INNOW\",\"item\":\"https:\\\/\\\/innow.pl\\\/fr\\\/\"},{\"@type\":\"ListItem\",\"position\":2,\"name\":\"Produkty\",\"item\":\"https:\\\/\\\/innow.pl\\\/produkty\\\/\"},{\"@type\":\"ListItem\",\"position\":3,\"name\":\"Meble medyczne\",\"item\":\"https:\\\/\\\/innow.pl\\\/produkty\\\/meble-medyczne\\\/\"},{\"@type\":\"ListItem\",\"position\":4,\"name\":\"Kozetki\",\"item\":\"https:\\\/\\\/innow.pl\\\/produkty\\\/meble-medyczne\\\/kozetki\\\/\"},{\"@type\":\"ListItem\",\"position\":5,\"name\":\"Sto\u0142y kardiologiczne\",\"item\":\"https:\\\/\\\/innow.pl\\\/produkty\\\/meble-medyczne\\\/kozetki\\\/stoly-kardiologiczne\\\/\"},{\"@type\":\"ListItem\",\"position\":6,\"name\":\"S412E [KARDIO] &#8211; St\u00f3\u0142 rehabilitacyjny (kardiologiczny) elektryczny\"}]},{\"@type\":\"WebSite\",\"@id\":\"https:\\\/\\\/innow.pl\\\/#website\",\"url\":\"https:\\\/\\\/innow.pl\\\/\",\"name\":\"INNOW\",\"description\":\"\",\"potentialAction\":[{\"@type\":\"SearchAction\",\"target\":{\"@type\":\"EntryPoint\",\"urlTemplate\":\"https:\\\/\\\/innow.pl\\\/?s={search_term_string}\"},\"query-input\":{\"@type\":\"PropertyValueSpecification\",\"valueRequired\":true,\"valueName\":\"search_term_string\"}}],\"inLanguage\":\"fr-FR\"}]}<\/script>\n<!-- \/ Yoast SEO plugin. -->","yoast_head_json":{"title":"S412E [KARDIO] - St\u00f3\u0142 rehabilitacyjny (kardiologiczny) elektryczny - INNOW","description":"Unikalny st\u00f3\u0142 rehabilitacyjny (kardiologiczny) z elektryczn\u0105 regulacj\u0105 wysoko\u015bci i kardiologiczn\u0105 szuflad\u0105. St\u00f3\u0142 do bada\u0144 EKG, echokardiografii. Zobacz!","robots":{"index":"index","follow":"follow","max-snippet":"max-snippet:-1","max-image-preview":"max-image-preview:large","max-video-preview":"max-video-preview:-1"},"canonical":"https:\/\/innow.pl\/produkt\/s412-kardio-stol-rehabilitacyjny-kardiologiczny\/","og_locale":"fr_FR","og_type":"article","og_title":"S412E [KARDIO] - St\u00f3\u0142 rehabilitacyjny (kardiologiczny) elektryczny - INNOW","og_description":"Unikalny st\u00f3\u0142 rehabilitacyjny (kardiologiczny) z elektryczn\u0105 regulacj\u0105 wysoko\u015bci i kardiologiczn\u0105 szuflad\u0105. St\u00f3\u0142 do bada\u0144 EKG, echokardiografii. Zobacz!","og_url":"https:\/\/innow.pl\/produkt\/s412-kardio-stol-rehabilitacyjny-kardiologiczny\/","og_site_name":"INNOW","article_modified_time":"2025-12-05T08:00:10+00:00","og_image":[{"width":800,"height":800,"url":"https:\/\/innow.pl\/wp-content\/uploads\/2024\/11\/S412EKARDIO1_blacha.jpg","type":"image\/jpeg"}],"twitter_card":"summary_large_image","twitter_misc":{"Dur\u00e9e de lecture estim\u00e9e":"2 minutes"},"schema":{"@context":"https:\/\/schema.org","@graph":[{"@type":"WebPage","@id":"https:\/\/innow.pl\/produkt\/s412-kardio-stol-rehabilitacyjny-kardiologiczny\/","url":"https:\/\/innow.pl\/produkt\/s412-kardio-stol-rehabilitacyjny-kardiologiczny\/","name":"S412E [KARDIO] - St\u00f3\u0142 rehabilitacyjny (kardiologiczny) elektryczny - INNOW","isPartOf":{"@id":"https:\/\/innow.pl\/#website"},"primaryImageOfPage":{"@id":"https:\/\/innow.pl\/produkt\/s412-kardio-stol-rehabilitacyjny-kardiologiczny\/#primaryimage"},"image":{"@id":"https:\/\/innow.pl\/produkt\/s412-kardio-stol-rehabilitacyjny-kardiologiczny\/#primaryimage"},"thumbnailUrl":"https:\/\/innow.pl\/wp-content\/uploads\/2024\/11\/S412EKARDIO1_blacha.jpg","datePublished":"2017-06-09T04:50:16+00:00","dateModified":"2025-12-05T08:00:10+00:00","description":"Unikalny st\u00f3\u0142 rehabilitacyjny (kardiologiczny) z elektryczn\u0105 regulacj\u0105 wysoko\u015bci i kardiologiczn\u0105 szuflad\u0105. St\u00f3\u0142 do bada\u0144 EKG, echokardiografii. Zobacz!","breadcrumb":{"@id":"https:\/\/innow.pl\/produkt\/s412-kardio-stol-rehabilitacyjny-kardiologiczny\/#breadcrumb"},"inLanguage":"fr-FR","potentialAction":[{"@type":"ReadAction","target":["https:\/\/innow.pl\/produkt\/s412-kardio-stol-rehabilitacyjny-kardiologiczny\/"]}]},{"@type":"ImageObject","inLanguage":"fr-FR","@id":"https:\/\/innow.pl\/produkt\/s412-kardio-stol-rehabilitacyjny-kardiologiczny\/#primaryimage","url":"https:\/\/innow.pl\/wp-content\/uploads\/2024\/11\/S412EKARDIO1_blacha.jpg","contentUrl":"https:\/\/innow.pl\/wp-content\/uploads\/2024\/11\/S412EKARDIO1_blacha.jpg","width":800,"height":800},{"@type":"BreadcrumbList","@id":"https:\/\/innow.pl\/produkt\/s412-kardio-stol-rehabilitacyjny-kardiologiczny\/#breadcrumb","itemListElement":[{"@type":"ListItem","position":1,"name":"INNOW","item":"https:\/\/innow.pl\/fr\/"},{"@type":"ListItem","position":2,"name":"Produkty","item":"https:\/\/innow.pl\/produkty\/"},{"@type":"ListItem","position":3,"name":"Meble medyczne","item":"https:\/\/innow.pl\/produkty\/meble-medyczne\/"},{"@type":"ListItem","position":4,"name":"Kozetki","item":"https:\/\/innow.pl\/produkty\/meble-medyczne\/kozetki\/"},{"@type":"ListItem","position":5,"name":"Sto\u0142y kardiologiczne","item":"https:\/\/innow.pl\/produkty\/meble-medyczne\/kozetki\/stoly-kardiologiczne\/"},{"@type":"ListItem","position":6,"name":"S412E [KARDIO] &#8211; St\u00f3\u0142 rehabilitacyjny (kardiologiczny) elektryczny"}]},{"@type":"WebSite","@id":"https:\/\/innow.pl\/#website","url":"https:\/\/innow.pl\/","name":"INNOW","description":"","potentialAction":[{"@type":"SearchAction","target":{"@type":"EntryPoint","urlTemplate":"https:\/\/innow.pl\/?s={search_term_string}"},"query-input":{"@type":"PropertyValueSpecification","valueRequired":true,"valueName":"search_term_string"}}],"inLanguage":"fr-FR"}]}},"_links":{"self":[{"href":"https:\/\/innow.pl\/fr\/wp-json\/wp\/v2\/product\/24590","targetHints":{"allow":["GET"]}}],"collection":[{"href":"https:\/\/innow.pl\/fr\/wp-json\/wp\/v2\/product"}],"about":[{"href":"https:\/\/innow.pl\/fr\/wp-json\/wp\/v2\/types\/product"}],"replies":[{"embeddable":true,"href":"https:\/\/innow.pl\/fr\/wp-json\/wp\/v2\/comments?post=24590"}],"wp:featuredmedia":[{"embeddable":true,"href":"https:\/\/innow.pl\/fr\/wp-json\/wp\/v2\/media\/24593"}],"wp:attachment":[{"href":"https:\/\/innow.pl\/fr\/wp-json\/wp\/v2\/media?parent=24590"}],"wp:term":[{"taxonomy":"product_brand","embeddable":true,"href":"https:\/\/innow.pl\/fr\/wp-json\/wp\/v2\/product_brand?post=24590"},{"taxonomy":"product_cat","embeddable":true,"href":"https:\/\/innow.pl\/fr\/wp-json\/wp\/v2\/product_cat?post=24590"},{"taxonomy":"product_tag","embeddable":true,"href":"https:\/\/innow.pl\/fr\/wp-json\/wp\/v2\/product_tag?post=24590"}],"curies":[{"name":"wp","href":"https:\/\/api.w.org\/{rel}","templated":true}]}}