{"id":24526,"date":"2017-06-08T08:33:38","date_gmt":"2017-06-08T06:33:38","guid":{"rendered":"https:\/\/innow.pl\/produkt\/s432-eu-stol-rehabilitacyjny-konstrukcja-krzyzakowa-na-stalej-podstawie\/"},"modified":"2025-10-02T14:47:43","modified_gmt":"2025-10-02T12:47:43","slug":"s432-eu-stol-rehabilitacyjny-konstrukcja-krzyzakowa-na-stalej-podstawie","status":"publish","type":"product","link":"https:\/\/innow.pl\/fr\/produkt\/s432-eu-stol-rehabilitacyjny-konstrukcja-krzyzakowa-na-stalej-podstawie\/","title":{"rendered":"S432E EU &#8211; St\u00f3\u0142 rehabilitacyjny EUREKA z elektryczn\u0105 regulacj\u0105 wysoko\u015bci"},"content":{"rendered":"<p>St\u00f3\u0142 do rehabilitacji o elektrycznej regulacji wysoko\u015bci, r\u00f3\u017cni\u0105cy si\u0119 od klasycznej wersji (S432E) budow\u0105 podstawy. Stalowa konstrukcja sto\u0142u umo\u017cliwia prostopad\u0142\u0105 regulacj\u0119 wysoko\u015bci dzi\u0119ki podnoszeniu g\u00f3rnej cz\u0119\u015bci sto\u0142u w spos\u00f3b no\u017cycowy. Wyr\u00f3b ten znajduje zastosowanie w terapii ruchowej, czy masa\u017cu. Jego podstawowym wyposa\u017ceniem jest le\u017cysko z podg\u0142\u00f3wkiem oraz mo\u017cliwo\u015b\u0107 zmiany po\u0142o\u017cenia podg\u0142\u00f3wka &#8211; spr\u0119\u017cyna gazowa. Poni\u017cej opisu mo\u017cna znale\u017a\u0107 dodatkowe wyposa\u017cenie do sto\u0142u do wyboru. <span style=\"text-decoration: underline\">W przypadku zakupu <a style=\"color: #00c6e5;text-decoration: underline\" href=\"https:\/\/innow.pl\/produkt\/pilot-nozny\/\">pilota no\u017cnego<\/a>, niezb\u0119dne jest doposa\u017cenie sto\u0142u w <a style=\"color: #00c6e5;text-decoration: underline\" href=\"https:\/\/innow.pl\/produkt\/wylacznik-bezpieczenstwa\/\">\u00ab\u00a0Wy\u0142\u0105cznik bezpiecze\u0144stwa\u00a0\u00bb<\/a> mocowany do ramy.<\/span> <em>St\u00f3\u0142 przedstawiony na zdj\u0119ciu 1 &#8211; wersja podstawowa + podajnik podk\u0142ad\u00f3w + 2 ko\u0142a-rolki do przesuwania sto\u0142u. <\/em> <em>Wyposa\u017cenie sto\u0142u na zdj\u0119ciach 2-6: 3-cz\u0119\u015bciowe le\u017cysko, podg\u0142\u00f3wek z podparciem przedramion, regulacja podg\u0142\u00f3wka gazowa, regulacja cz\u0119\u015bci \u015brodkowej-l\u0119d\u017awiowej gazowa, regulacja cz\u0119\u015bci no\u017cnej gazowa, no\u017cna (centralna) regulacja wysoko\u015bci le\u017cyska, podwozie jezdne opuszczane do transportu, podajnik podk\u0142ad\u00f3w, ozdobne p\u0142yty zewn\u0119trzne (zdj. 2-5). <\/em> <em>St\u00f3\u0142 na zdj\u0119ciu 7 wyposa\u017cony jest w: 3-cz\u0119\u015bciowe le\u017cysko, gazow\u0105 cz\u0119\u015b\u0107 \u015brodkow\u0105, gazow\u0105 cz\u0119\u015b\u0107 no\u017cn\u0105, podg\u0142\u00f3wek z podparciem przedramion, no\u017cn\u0105 (centraln\u0105) regulacj\u0119 wysoko\u015bci le\u017cyska, wy\u0142\u0105cznik bezpiecze\u0144stwa oraz podwozie jezdne opuszczane do przesuwania sto\u0142u.<\/em> \u00a0<\/p>\n<p style=\"text-align: left\"><a>Informacje o w\u0142a\u015bciwo\u015bciach dost\u0119pnych <strong>materia\u0142\u00f3w obiciowych<\/strong> dost\u0119pne po klikni\u0119ciu w zdj\u0119cie:<\/a><\/p>\n<p style=\"text-align: left\"><a href=\"https:\/\/innow.pl\/publikacje\/KatalogPDF\/Pokrycia-obiciowe-tapicerki.pdf\" target=\"_blank\" rel=\"noopener\"><img decoding=\"async\" src=\"https:\/\/innow.pl\/wp-content\/uploads\/2024\/11\/Tapicerki.jpg\" \/><\/a><\/p>\n<hr \/>\n<div style=\"flex-wrap: nowrap;align-items: center;justify-content: center;padding: 12px 0 4px 0\"><img decoding=\"async\" style=\"max-width: 100px;margin-right: 18px;border: 0\" src=\"https:\/\/innow.pl\/wp-content\/uploads\/2024\/11\/Ohim_logo_wzor_zastrzezony-8.png\" \/><\/p>\n<p style=\"text-align: center\"><em>Niniejszy wyr\u00f3b podlega ochronie na podstawie \u015bwiadectwa wystawionego <\/em> <em> przez Urz\u0105d Harmonizacji Rynku Wewn\u0119trznego Unii Europejskiej OHIM jako <\/em> <em> zastrze\u017cony wz\u00f3r u\u017cytkowy.<\/em><\/p>\n<\/div>\n<hr \/>\n","protected":false},"excerpt":{"rendered":"<p>St\u00f3\u0142 do rehabilitacji o elektrycznej regulacji wysoko\u015bci, r\u00f3\u017cni\u0105cy si\u0119 od klasycznej wersji (S432E) budow\u0105 podstawy. Stalowa konstrukcja sto\u0142u umo\u017cliwia prostopad\u0142\u0105 regulacj\u0119 wysoko\u015bci dzi\u0119ki podnoszeniu g\u00f3rnej cz\u0119\u015bci sto\u0142u w spos\u00f3b no\u017cycowy. Wyr\u00f3b ten znajduje zastosowanie w terapii ruchowej, czy masa\u017cu. Jego podstawowym wyposa\u017ceniem jest le\u017cysko z podg\u0142\u00f3wkiem oraz mo\u017cliwo\u015b\u0107 zmiany po\u0142o\u017cenia podg\u0142\u00f3wka &#8211; spr\u0119\u017cyna gazowa. Poni\u017cej [&hellip;]<\/p>\n","protected":false},"featured_media":24530,"comment_status":"open","ping_status":"closed","template":"","meta":{"_acf_changed":false},"product_brand":[],"product_cat":[406,563,453],"product_tag":[],"class_list":{"0":"post-24526","1":"product","2":"type-product","3":"status-publish","4":"has-post-thumbnail","6":"product_cat-stoly-rehabilitacyjne","7":"product_cat-stoly-elektryczne-krzyzak-na-ramie-stoly-z-elektryczna-regulacja-wysokosci-stoly-rehabilitacyjne","8":"product_cat-stoly-z-elektryczna-regulacja-wysokosci","9":"pa_dlugosc-200-cm","10":"pa_regulacja-podglowka-w-dol-591","11":"pa_regulacja-podglowka-w-gore-631","12":"pa_szerokosc-standardowa-70-cm","13":"pa_szerokosc-za-doplata-65-cm-i-75-cm-430-zl-netto-80-cm-610-zl-netto-90-cm-755-zl-netto","14":"pa_wysokosc-54-113-cm","15":"pa_wytrzymalosc-200-kg","17":"first","18":"instock","19":"taxable","20":"shipping-taxable","21":"purchasable","22":"product-type-simple"},"acf":[],"yoast_head":"<!-- This site is optimized with the Yoast SEO plugin v27.4 - https:\/\/yoast.com\/product\/yoast-seo-wordpress\/ -->\n<title>S432E EU - St\u00f3\u0142 rehabilitacyjny EUREKA z elektryczn\u0105 regulacj\u0105 wysoko\u015bci - INNOW<\/title>\n<meta name=\"description\" content=\"Estetyczny i komfortowy st\u00f3\u0142 rehabilitacyjny EUREKA z elektryczn\u0105 regulacj\u0105 wysoko\u015bci. Mo\u017cliwo\u015b\u0107 zamocowania p\u0142yty ozdobnej. Sprawd\u017a szczeg\u00f3\u0142y!\" \/>\n<meta name=\"robots\" content=\"index, follow, max-snippet:-1, max-image-preview:large, max-video-preview:-1\" \/>\n<link rel=\"canonical\" href=\"https:\/\/innow.pl\/produkt\/s432-eu-stol-rehabilitacyjny-konstrukcja-krzyzakowa-na-stalej-podstawie\/\" \/>\n<meta property=\"og:locale\" content=\"fr_FR\" \/>\n<meta property=\"og:type\" content=\"article\" \/>\n<meta property=\"og:title\" content=\"S432E EU - St\u00f3\u0142 rehabilitacyjny EUREKA z elektryczn\u0105 regulacj\u0105 wysoko\u015bci - INNOW\" \/>\n<meta property=\"og:description\" content=\"Estetyczny i komfortowy st\u00f3\u0142 rehabilitacyjny EUREKA z elektryczn\u0105 regulacj\u0105 wysoko\u015bci. Mo\u017cliwo\u015b\u0107 zamocowania p\u0142yty ozdobnej. Sprawd\u017a szczeg\u00f3\u0142y!\" \/>\n<meta property=\"og:url\" content=\"https:\/\/innow.pl\/produkt\/s432-eu-stol-rehabilitacyjny-konstrukcja-krzyzakowa-na-stalej-podstawie\/\" \/>\n<meta property=\"og:site_name\" content=\"INNOW\" \/>\n<meta property=\"article:modified_time\" content=\"2025-10-02T12:47:43+00:00\" \/>\n<meta property=\"og:image\" content=\"https:\/\/innow.pl\/wp-content\/uploads\/2024\/11\/S432EEU.jpg\" \/>\n\t<meta property=\"og:image:width\" content=\"800\" \/>\n\t<meta property=\"og:image:height\" content=\"800\" \/>\n\t<meta property=\"og:image:type\" content=\"image\/jpeg\" \/>\n<meta name=\"twitter:card\" content=\"summary_large_image\" \/>\n<meta name=\"twitter:label1\" content=\"Dur\u00e9e de lecture estim\u00e9e\" \/>\n\t<meta name=\"twitter:data1\" content=\"2 minutes\" \/>\n<script type=\"application\/ld+json\" class=\"yoast-schema-graph\">{\"@context\":\"https:\\\/\\\/schema.org\",\"@graph\":[{\"@type\":\"WebPage\",\"@id\":\"https:\\\/\\\/innow.pl\\\/produkt\\\/s432-eu-stol-rehabilitacyjny-konstrukcja-krzyzakowa-na-stalej-podstawie\\\/\",\"url\":\"https:\\\/\\\/innow.pl\\\/produkt\\\/s432-eu-stol-rehabilitacyjny-konstrukcja-krzyzakowa-na-stalej-podstawie\\\/\",\"name\":\"S432E EU - St\u00f3\u0142 rehabilitacyjny EUREKA z elektryczn\u0105 regulacj\u0105 wysoko\u015bci - INNOW\",\"isPartOf\":{\"@id\":\"https:\\\/\\\/innow.pl\\\/#website\"},\"primaryImageOfPage\":{\"@id\":\"https:\\\/\\\/innow.pl\\\/produkt\\\/s432-eu-stol-rehabilitacyjny-konstrukcja-krzyzakowa-na-stalej-podstawie\\\/#primaryimage\"},\"image\":{\"@id\":\"https:\\\/\\\/innow.pl\\\/produkt\\\/s432-eu-stol-rehabilitacyjny-konstrukcja-krzyzakowa-na-stalej-podstawie\\\/#primaryimage\"},\"thumbnailUrl\":\"https:\\\/\\\/innow.pl\\\/wp-content\\\/uploads\\\/2024\\\/11\\\/S432EEU.jpg\",\"datePublished\":\"2017-06-08T06:33:38+00:00\",\"dateModified\":\"2025-10-02T12:47:43+00:00\",\"description\":\"Estetyczny i komfortowy st\u00f3\u0142 rehabilitacyjny EUREKA z elektryczn\u0105 regulacj\u0105 wysoko\u015bci. Mo\u017cliwo\u015b\u0107 zamocowania p\u0142yty ozdobnej. Sprawd\u017a szczeg\u00f3\u0142y!\",\"breadcrumb\":{\"@id\":\"https:\\\/\\\/innow.pl\\\/produkt\\\/s432-eu-stol-rehabilitacyjny-konstrukcja-krzyzakowa-na-stalej-podstawie\\\/#breadcrumb\"},\"inLanguage\":\"fr-FR\",\"potentialAction\":[{\"@type\":\"ReadAction\",\"target\":[\"https:\\\/\\\/innow.pl\\\/produkt\\\/s432-eu-stol-rehabilitacyjny-konstrukcja-krzyzakowa-na-stalej-podstawie\\\/\"]}]},{\"@type\":\"ImageObject\",\"inLanguage\":\"fr-FR\",\"@id\":\"https:\\\/\\\/innow.pl\\\/produkt\\\/s432-eu-stol-rehabilitacyjny-konstrukcja-krzyzakowa-na-stalej-podstawie\\\/#primaryimage\",\"url\":\"https:\\\/\\\/innow.pl\\\/wp-content\\\/uploads\\\/2024\\\/11\\\/S432EEU.jpg\",\"contentUrl\":\"https:\\\/\\\/innow.pl\\\/wp-content\\\/uploads\\\/2024\\\/11\\\/S432EEU.jpg\",\"width\":800,\"height\":800,\"caption\":\"St\u00f3\u0142 rehabilitacyjny EUREKA z elektryczn\u0105 regulacj\u0105 wysoko\u015bci \u2013 S432E EU \u2013 INNOW\"},{\"@type\":\"BreadcrumbList\",\"@id\":\"https:\\\/\\\/innow.pl\\\/produkt\\\/s432-eu-stol-rehabilitacyjny-konstrukcja-krzyzakowa-na-stalej-podstawie\\\/#breadcrumb\",\"itemListElement\":[{\"@type\":\"ListItem\",\"position\":1,\"name\":\"INNOW\",\"item\":\"https:\\\/\\\/innow.pl\\\/fr\\\/\"},{\"@type\":\"ListItem\",\"position\":2,\"name\":\"Produkty\",\"item\":\"https:\\\/\\\/innow.pl\\\/produkty\\\/\"},{\"@type\":\"ListItem\",\"position\":3,\"name\":\"Sto\u0142y do masa\u017cu, rehabilitacji\",\"item\":\"https:\\\/\\\/innow.pl\\\/produkty\\\/stoly-rehabilitacyjne\\\/\"},{\"@type\":\"ListItem\",\"position\":4,\"name\":\"Sto\u0142y z elektryczn\u0105 regulacj\u0105 wysoko\u015bci\",\"item\":\"https:\\\/\\\/innow.pl\\\/produkty\\\/stoly-rehabilitacyjne\\\/stoly-z-elektryczna-regulacja-wysokosci\\\/\"},{\"@type\":\"ListItem\",\"position\":5,\"name\":\"Sto\u0142y elektryczne - krzy\u017cak na ramie\",\"item\":\"https:\\\/\\\/innow.pl\\\/produkty\\\/stoly-rehabilitacyjne\\\/stoly-z-elektryczna-regulacja-wysokosci\\\/stoly-elektryczne-krzyzak-na-ramie-stoly-z-elektryczna-regulacja-wysokosci-stoly-rehabilitacyjne\\\/\"},{\"@type\":\"ListItem\",\"position\":6,\"name\":\"S432E EU &#8211; St\u00f3\u0142 rehabilitacyjny EUREKA z elektryczn\u0105 regulacj\u0105 wysoko\u015bci\"}]},{\"@type\":\"WebSite\",\"@id\":\"https:\\\/\\\/innow.pl\\\/#website\",\"url\":\"https:\\\/\\\/innow.pl\\\/\",\"name\":\"INNOW\",\"description\":\"\",\"potentialAction\":[{\"@type\":\"SearchAction\",\"target\":{\"@type\":\"EntryPoint\",\"urlTemplate\":\"https:\\\/\\\/innow.pl\\\/?s={search_term_string}\"},\"query-input\":{\"@type\":\"PropertyValueSpecification\",\"valueRequired\":true,\"valueName\":\"search_term_string\"}}],\"inLanguage\":\"fr-FR\"}]}<\/script>\n<!-- \/ Yoast SEO plugin. -->","yoast_head_json":{"title":"S432E EU - St\u00f3\u0142 rehabilitacyjny EUREKA z elektryczn\u0105 regulacj\u0105 wysoko\u015bci - INNOW","description":"Estetyczny i komfortowy st\u00f3\u0142 rehabilitacyjny EUREKA z elektryczn\u0105 regulacj\u0105 wysoko\u015bci. Mo\u017cliwo\u015b\u0107 zamocowania p\u0142yty ozdobnej. Sprawd\u017a szczeg\u00f3\u0142y!","robots":{"index":"index","follow":"follow","max-snippet":"max-snippet:-1","max-image-preview":"max-image-preview:large","max-video-preview":"max-video-preview:-1"},"canonical":"https:\/\/innow.pl\/produkt\/s432-eu-stol-rehabilitacyjny-konstrukcja-krzyzakowa-na-stalej-podstawie\/","og_locale":"fr_FR","og_type":"article","og_title":"S432E EU - St\u00f3\u0142 rehabilitacyjny EUREKA z elektryczn\u0105 regulacj\u0105 wysoko\u015bci - INNOW","og_description":"Estetyczny i komfortowy st\u00f3\u0142 rehabilitacyjny EUREKA z elektryczn\u0105 regulacj\u0105 wysoko\u015bci. Mo\u017cliwo\u015b\u0107 zamocowania p\u0142yty ozdobnej. Sprawd\u017a szczeg\u00f3\u0142y!","og_url":"https:\/\/innow.pl\/produkt\/s432-eu-stol-rehabilitacyjny-konstrukcja-krzyzakowa-na-stalej-podstawie\/","og_site_name":"INNOW","article_modified_time":"2025-10-02T12:47:43+00:00","og_image":[{"width":800,"height":800,"url":"https:\/\/innow.pl\/wp-content\/uploads\/2024\/11\/S432EEU.jpg","type":"image\/jpeg"}],"twitter_card":"summary_large_image","twitter_misc":{"Dur\u00e9e de lecture estim\u00e9e":"2 minutes"},"schema":{"@context":"https:\/\/schema.org","@graph":[{"@type":"WebPage","@id":"https:\/\/innow.pl\/produkt\/s432-eu-stol-rehabilitacyjny-konstrukcja-krzyzakowa-na-stalej-podstawie\/","url":"https:\/\/innow.pl\/produkt\/s432-eu-stol-rehabilitacyjny-konstrukcja-krzyzakowa-na-stalej-podstawie\/","name":"S432E EU - St\u00f3\u0142 rehabilitacyjny EUREKA z elektryczn\u0105 regulacj\u0105 wysoko\u015bci - INNOW","isPartOf":{"@id":"https:\/\/innow.pl\/#website"},"primaryImageOfPage":{"@id":"https:\/\/innow.pl\/produkt\/s432-eu-stol-rehabilitacyjny-konstrukcja-krzyzakowa-na-stalej-podstawie\/#primaryimage"},"image":{"@id":"https:\/\/innow.pl\/produkt\/s432-eu-stol-rehabilitacyjny-konstrukcja-krzyzakowa-na-stalej-podstawie\/#primaryimage"},"thumbnailUrl":"https:\/\/innow.pl\/wp-content\/uploads\/2024\/11\/S432EEU.jpg","datePublished":"2017-06-08T06:33:38+00:00","dateModified":"2025-10-02T12:47:43+00:00","description":"Estetyczny i komfortowy st\u00f3\u0142 rehabilitacyjny EUREKA z elektryczn\u0105 regulacj\u0105 wysoko\u015bci. Mo\u017cliwo\u015b\u0107 zamocowania p\u0142yty ozdobnej. Sprawd\u017a szczeg\u00f3\u0142y!","breadcrumb":{"@id":"https:\/\/innow.pl\/produkt\/s432-eu-stol-rehabilitacyjny-konstrukcja-krzyzakowa-na-stalej-podstawie\/#breadcrumb"},"inLanguage":"fr-FR","potentialAction":[{"@type":"ReadAction","target":["https:\/\/innow.pl\/produkt\/s432-eu-stol-rehabilitacyjny-konstrukcja-krzyzakowa-na-stalej-podstawie\/"]}]},{"@type":"ImageObject","inLanguage":"fr-FR","@id":"https:\/\/innow.pl\/produkt\/s432-eu-stol-rehabilitacyjny-konstrukcja-krzyzakowa-na-stalej-podstawie\/#primaryimage","url":"https:\/\/innow.pl\/wp-content\/uploads\/2024\/11\/S432EEU.jpg","contentUrl":"https:\/\/innow.pl\/wp-content\/uploads\/2024\/11\/S432EEU.jpg","width":800,"height":800,"caption":"St\u00f3\u0142 rehabilitacyjny EUREKA z elektryczn\u0105 regulacj\u0105 wysoko\u015bci \u2013 S432E EU \u2013 INNOW"},{"@type":"BreadcrumbList","@id":"https:\/\/innow.pl\/produkt\/s432-eu-stol-rehabilitacyjny-konstrukcja-krzyzakowa-na-stalej-podstawie\/#breadcrumb","itemListElement":[{"@type":"ListItem","position":1,"name":"INNOW","item":"https:\/\/innow.pl\/fr\/"},{"@type":"ListItem","position":2,"name":"Produkty","item":"https:\/\/innow.pl\/produkty\/"},{"@type":"ListItem","position":3,"name":"Sto\u0142y do masa\u017cu, rehabilitacji","item":"https:\/\/innow.pl\/produkty\/stoly-rehabilitacyjne\/"},{"@type":"ListItem","position":4,"name":"Sto\u0142y z elektryczn\u0105 regulacj\u0105 wysoko\u015bci","item":"https:\/\/innow.pl\/produkty\/stoly-rehabilitacyjne\/stoly-z-elektryczna-regulacja-wysokosci\/"},{"@type":"ListItem","position":5,"name":"Sto\u0142y elektryczne - krzy\u017cak na ramie","item":"https:\/\/innow.pl\/produkty\/stoly-rehabilitacyjne\/stoly-z-elektryczna-regulacja-wysokosci\/stoly-elektryczne-krzyzak-na-ramie-stoly-z-elektryczna-regulacja-wysokosci-stoly-rehabilitacyjne\/"},{"@type":"ListItem","position":6,"name":"S432E EU &#8211; St\u00f3\u0142 rehabilitacyjny EUREKA z elektryczn\u0105 regulacj\u0105 wysoko\u015bci"}]},{"@type":"WebSite","@id":"https:\/\/innow.pl\/#website","url":"https:\/\/innow.pl\/","name":"INNOW","description":"","potentialAction":[{"@type":"SearchAction","target":{"@type":"EntryPoint","urlTemplate":"https:\/\/innow.pl\/?s={search_term_string}"},"query-input":{"@type":"PropertyValueSpecification","valueRequired":true,"valueName":"search_term_string"}}],"inLanguage":"fr-FR"}]}},"_links":{"self":[{"href":"https:\/\/innow.pl\/fr\/wp-json\/wp\/v2\/product\/24526","targetHints":{"allow":["GET"]}}],"collection":[{"href":"https:\/\/innow.pl\/fr\/wp-json\/wp\/v2\/product"}],"about":[{"href":"https:\/\/innow.pl\/fr\/wp-json\/wp\/v2\/types\/product"}],"replies":[{"embeddable":true,"href":"https:\/\/innow.pl\/fr\/wp-json\/wp\/v2\/comments?post=24526"}],"wp:featuredmedia":[{"embeddable":true,"href":"https:\/\/innow.pl\/fr\/wp-json\/wp\/v2\/media\/24530"}],"wp:attachment":[{"href":"https:\/\/innow.pl\/fr\/wp-json\/wp\/v2\/media?parent=24526"}],"wp:term":[{"taxonomy":"product_brand","embeddable":true,"href":"https:\/\/innow.pl\/fr\/wp-json\/wp\/v2\/product_brand?post=24526"},{"taxonomy":"product_cat","embeddable":true,"href":"https:\/\/innow.pl\/fr\/wp-json\/wp\/v2\/product_cat?post=24526"},{"taxonomy":"product_tag","embeddable":true,"href":"https:\/\/innow.pl\/fr\/wp-json\/wp\/v2\/product_tag?post=24526"}],"curies":[{"name":"wp","href":"https:\/\/api.w.org\/{rel}","templated":true}]}}