{"id":24496,"date":"2017-06-08T07:52:51","date_gmt":"2017-06-08T05:52:51","guid":{"rendered":"https:\/\/innow.pl\/produkt\/wylacznik-bezpieczenstwa\/"},"modified":"2025-04-25T11:53:22","modified_gmt":"2025-04-25T09:53:22","slug":"wylacznik-bezpieczenstwa","status":"publish","type":"product","link":"https:\/\/innow.pl\/fr\/produkt\/wylacznik-bezpieczenstwa\/","title":{"rendered":"Wy\u0142\u0105cznik bezpiecze\u0144stwa"},"content":{"rendered":"<p>Wy\u0142\u0105cznik bezpiecze\u0144stwa do sto\u0142\u00f3w rehabilitacyjnych z regulacj\u0105 elektryczn\u0105. Umo\u017cliwia roz\u0142\u0105czenie sterowania wysoko\u015bci\u0105 celem unikni\u0119cia przypadkowego uruchomienia zmiany wysoko\u015bci. Ponadto, urz\u0105dzenie mo\u017ce s\u0142u\u017cy\u0107 jako rozga\u0142\u0119\u017anik z mo\u017cliwo\u015bci\u0105 pod\u0142\u0105czenia dodatkowego pilota.<\/p>\n","protected":false},"excerpt":{"rendered":"<p>Wy\u0142\u0105cznik bezpiecze\u0144stwa do sto\u0142\u00f3w rehabilitacyjnych z regulacj\u0105 elektryczn\u0105. Umo\u017cliwia roz\u0142\u0105czenie sterowania wysoko\u015bci\u0105 celem unikni\u0119cia przypadkowego uruchomienia zmiany wysoko\u015bci. Ponadto, urz\u0105dzenie mo\u017ce s\u0142u\u017cy\u0107 jako rozga\u0142\u0119\u017anik z mo\u017cliwo\u015bci\u0105 pod\u0142\u0105czenia dodatkowego pilota.<\/p>\n","protected":false},"featured_media":24498,"comment_status":"open","ping_status":"closed","template":"","meta":{"_acf_changed":false},"product_brand":[],"product_cat":[2017],"product_tag":[],"class_list":{"0":"post-24496","1":"product","2":"type-product","3":"status-publish","4":"has-post-thumbnail","6":"product_cat-wyposazenie-opcjonalne","8":"first","9":"instock","10":"taxable","11":"shipping-taxable","12":"purchasable","13":"product-type-simple"},"acf":[],"yoast_head":"<!-- This site is optimized with the Yoast SEO plugin v27.4 - https:\/\/yoast.com\/product\/yoast-seo-wordpress\/ -->\n<title>Wy\u0142\u0105cznik bezpiecze\u0144stwa - INNOW<\/title>\n<meta name=\"robots\" content=\"index, follow, max-snippet:-1, max-image-preview:large, max-video-preview:-1\" \/>\n<link rel=\"canonical\" href=\"https:\/\/innow.pl\/produkt\/wylacznik-bezpieczenstwa\/\" \/>\n<meta property=\"og:locale\" content=\"fr_FR\" \/>\n<meta property=\"og:type\" content=\"article\" \/>\n<meta property=\"og:title\" content=\"Wy\u0142\u0105cznik bezpiecze\u0144stwa - INNOW\" \/>\n<meta property=\"og:description\" content=\"Wy\u0142\u0105cznik bezpiecze\u0144stwa do sto\u0142\u00f3w rehabilitacyjnych z regulacj\u0105 elektryczn\u0105. Umo\u017cliwia roz\u0142\u0105czenie sterowania wysoko\u015bci\u0105 celem unikni\u0119cia przypadkowego uruchomienia zmiany wysoko\u015bci. Ponadto, urz\u0105dzenie mo\u017ce s\u0142u\u017cy\u0107 jako rozga\u0142\u0119\u017anik z mo\u017cliwo\u015bci\u0105 pod\u0142\u0105czenia dodatkowego pilota.\" \/>\n<meta property=\"og:url\" content=\"https:\/\/innow.pl\/produkt\/wylacznik-bezpieczenstwa\/\" \/>\n<meta property=\"og:site_name\" content=\"INNOW\" \/>\n<meta property=\"article:modified_time\" content=\"2025-04-25T09:53:22+00:00\" \/>\n<meta property=\"og:image\" content=\"https:\/\/innow.pl\/wp-content\/uploads\/2024\/11\/wylacznik-bezpieczenstwa-2.jpg\" \/>\n\t<meta property=\"og:image:width\" content=\"480\" \/>\n\t<meta property=\"og:image:height\" content=\"480\" \/>\n\t<meta property=\"og:image:type\" content=\"image\/jpeg\" \/>\n<meta name=\"twitter:card\" content=\"summary_large_image\" \/>\n<meta name=\"twitter:label1\" content=\"Dur\u00e9e de lecture estim\u00e9e\" \/>\n\t<meta name=\"twitter:data1\" content=\"1 minute\" \/>\n<script type=\"application\/ld+json\" class=\"yoast-schema-graph\">{\"@context\":\"https:\\\/\\\/schema.org\",\"@graph\":[{\"@type\":\"WebPage\",\"@id\":\"https:\\\/\\\/innow.pl\\\/produkt\\\/wylacznik-bezpieczenstwa\\\/\",\"url\":\"https:\\\/\\\/innow.pl\\\/produkt\\\/wylacznik-bezpieczenstwa\\\/\",\"name\":\"Wy\u0142\u0105cznik bezpiecze\u0144stwa - INNOW\",\"isPartOf\":{\"@id\":\"https:\\\/\\\/innow.pl\\\/#website\"},\"primaryImageOfPage\":{\"@id\":\"https:\\\/\\\/innow.pl\\\/produkt\\\/wylacznik-bezpieczenstwa\\\/#primaryimage\"},\"image\":{\"@id\":\"https:\\\/\\\/innow.pl\\\/produkt\\\/wylacznik-bezpieczenstwa\\\/#primaryimage\"},\"thumbnailUrl\":\"https:\\\/\\\/innow.pl\\\/wp-content\\\/uploads\\\/2024\\\/11\\\/wylacznik-bezpieczenstwa-2.jpg\",\"datePublished\":\"2017-06-08T05:52:51+00:00\",\"dateModified\":\"2025-04-25T09:53:22+00:00\",\"breadcrumb\":{\"@id\":\"https:\\\/\\\/innow.pl\\\/produkt\\\/wylacznik-bezpieczenstwa\\\/#breadcrumb\"},\"inLanguage\":\"fr-FR\",\"potentialAction\":[{\"@type\":\"ReadAction\",\"target\":[\"https:\\\/\\\/innow.pl\\\/produkt\\\/wylacznik-bezpieczenstwa\\\/\"]}]},{\"@type\":\"ImageObject\",\"inLanguage\":\"fr-FR\",\"@id\":\"https:\\\/\\\/innow.pl\\\/produkt\\\/wylacznik-bezpieczenstwa\\\/#primaryimage\",\"url\":\"https:\\\/\\\/innow.pl\\\/wp-content\\\/uploads\\\/2024\\\/11\\\/wylacznik-bezpieczenstwa-2.jpg\",\"contentUrl\":\"https:\\\/\\\/innow.pl\\\/wp-content\\\/uploads\\\/2024\\\/11\\\/wylacznik-bezpieczenstwa-2.jpg\",\"width\":480,\"height\":480,\"caption\":\"Wy\u0142\u0105cznik bezpiecze\u0144stwa - INNOW\"},{\"@type\":\"BreadcrumbList\",\"@id\":\"https:\\\/\\\/innow.pl\\\/produkt\\\/wylacznik-bezpieczenstwa\\\/#breadcrumb\",\"itemListElement\":[{\"@type\":\"ListItem\",\"position\":1,\"name\":\"INNOW\",\"item\":\"https:\\\/\\\/innow.pl\\\/fr\\\/\"},{\"@type\":\"ListItem\",\"position\":2,\"name\":\"Produkty\",\"item\":\"https:\\\/\\\/innow.pl\\\/produkty\\\/\"},{\"@type\":\"ListItem\",\"position\":3,\"name\":\"Wyposa\u017cenie opcjonalne\",\"item\":\"https:\\\/\\\/innow.pl\\\/produkty\\\/wyposazenie-opcjonalne\\\/\"},{\"@type\":\"ListItem\",\"position\":4,\"name\":\"Wy\u0142\u0105cznik bezpiecze\u0144stwa\"}]},{\"@type\":\"WebSite\",\"@id\":\"https:\\\/\\\/innow.pl\\\/#website\",\"url\":\"https:\\\/\\\/innow.pl\\\/\",\"name\":\"INNOW\",\"description\":\"\",\"potentialAction\":[{\"@type\":\"SearchAction\",\"target\":{\"@type\":\"EntryPoint\",\"urlTemplate\":\"https:\\\/\\\/innow.pl\\\/?s={search_term_string}\"},\"query-input\":{\"@type\":\"PropertyValueSpecification\",\"valueRequired\":true,\"valueName\":\"search_term_string\"}}],\"inLanguage\":\"fr-FR\"}]}<\/script>\n<!-- \/ Yoast SEO plugin. -->","yoast_head_json":{"title":"Wy\u0142\u0105cznik bezpiecze\u0144stwa - INNOW","robots":{"index":"index","follow":"follow","max-snippet":"max-snippet:-1","max-image-preview":"max-image-preview:large","max-video-preview":"max-video-preview:-1"},"canonical":"https:\/\/innow.pl\/produkt\/wylacznik-bezpieczenstwa\/","og_locale":"fr_FR","og_type":"article","og_title":"Wy\u0142\u0105cznik bezpiecze\u0144stwa - INNOW","og_description":"Wy\u0142\u0105cznik bezpiecze\u0144stwa do sto\u0142\u00f3w rehabilitacyjnych z regulacj\u0105 elektryczn\u0105. Umo\u017cliwia roz\u0142\u0105czenie sterowania wysoko\u015bci\u0105 celem unikni\u0119cia przypadkowego uruchomienia zmiany wysoko\u015bci. Ponadto, urz\u0105dzenie mo\u017ce s\u0142u\u017cy\u0107 jako rozga\u0142\u0119\u017anik z mo\u017cliwo\u015bci\u0105 pod\u0142\u0105czenia dodatkowego pilota.","og_url":"https:\/\/innow.pl\/produkt\/wylacznik-bezpieczenstwa\/","og_site_name":"INNOW","article_modified_time":"2025-04-25T09:53:22+00:00","og_image":[{"width":480,"height":480,"url":"https:\/\/innow.pl\/wp-content\/uploads\/2024\/11\/wylacznik-bezpieczenstwa-2.jpg","type":"image\/jpeg"}],"twitter_card":"summary_large_image","twitter_misc":{"Dur\u00e9e de lecture estim\u00e9e":"1 minute"},"schema":{"@context":"https:\/\/schema.org","@graph":[{"@type":"WebPage","@id":"https:\/\/innow.pl\/produkt\/wylacznik-bezpieczenstwa\/","url":"https:\/\/innow.pl\/produkt\/wylacznik-bezpieczenstwa\/","name":"Wy\u0142\u0105cznik bezpiecze\u0144stwa - INNOW","isPartOf":{"@id":"https:\/\/innow.pl\/#website"},"primaryImageOfPage":{"@id":"https:\/\/innow.pl\/produkt\/wylacznik-bezpieczenstwa\/#primaryimage"},"image":{"@id":"https:\/\/innow.pl\/produkt\/wylacznik-bezpieczenstwa\/#primaryimage"},"thumbnailUrl":"https:\/\/innow.pl\/wp-content\/uploads\/2024\/11\/wylacznik-bezpieczenstwa-2.jpg","datePublished":"2017-06-08T05:52:51+00:00","dateModified":"2025-04-25T09:53:22+00:00","breadcrumb":{"@id":"https:\/\/innow.pl\/produkt\/wylacznik-bezpieczenstwa\/#breadcrumb"},"inLanguage":"fr-FR","potentialAction":[{"@type":"ReadAction","target":["https:\/\/innow.pl\/produkt\/wylacznik-bezpieczenstwa\/"]}]},{"@type":"ImageObject","inLanguage":"fr-FR","@id":"https:\/\/innow.pl\/produkt\/wylacznik-bezpieczenstwa\/#primaryimage","url":"https:\/\/innow.pl\/wp-content\/uploads\/2024\/11\/wylacznik-bezpieczenstwa-2.jpg","contentUrl":"https:\/\/innow.pl\/wp-content\/uploads\/2024\/11\/wylacznik-bezpieczenstwa-2.jpg","width":480,"height":480,"caption":"Wy\u0142\u0105cznik bezpiecze\u0144stwa - INNOW"},{"@type":"BreadcrumbList","@id":"https:\/\/innow.pl\/produkt\/wylacznik-bezpieczenstwa\/#breadcrumb","itemListElement":[{"@type":"ListItem","position":1,"name":"INNOW","item":"https:\/\/innow.pl\/fr\/"},{"@type":"ListItem","position":2,"name":"Produkty","item":"https:\/\/innow.pl\/produkty\/"},{"@type":"ListItem","position":3,"name":"Wyposa\u017cenie opcjonalne","item":"https:\/\/innow.pl\/produkty\/wyposazenie-opcjonalne\/"},{"@type":"ListItem","position":4,"name":"Wy\u0142\u0105cznik bezpiecze\u0144stwa"}]},{"@type":"WebSite","@id":"https:\/\/innow.pl\/#website","url":"https:\/\/innow.pl\/","name":"INNOW","description":"","potentialAction":[{"@type":"SearchAction","target":{"@type":"EntryPoint","urlTemplate":"https:\/\/innow.pl\/?s={search_term_string}"},"query-input":{"@type":"PropertyValueSpecification","valueRequired":true,"valueName":"search_term_string"}}],"inLanguage":"fr-FR"}]}},"_links":{"self":[{"href":"https:\/\/innow.pl\/fr\/wp-json\/wp\/v2\/product\/24496","targetHints":{"allow":["GET"]}}],"collection":[{"href":"https:\/\/innow.pl\/fr\/wp-json\/wp\/v2\/product"}],"about":[{"href":"https:\/\/innow.pl\/fr\/wp-json\/wp\/v2\/types\/product"}],"replies":[{"embeddable":true,"href":"https:\/\/innow.pl\/fr\/wp-json\/wp\/v2\/comments?post=24496"}],"wp:featuredmedia":[{"embeddable":true,"href":"https:\/\/innow.pl\/fr\/wp-json\/wp\/v2\/media\/24498"}],"wp:attachment":[{"href":"https:\/\/innow.pl\/fr\/wp-json\/wp\/v2\/media?parent=24496"}],"wp:term":[{"taxonomy":"product_brand","embeddable":true,"href":"https:\/\/innow.pl\/fr\/wp-json\/wp\/v2\/product_brand?post=24496"},{"taxonomy":"product_cat","embeddable":true,"href":"https:\/\/innow.pl\/fr\/wp-json\/wp\/v2\/product_cat?post=24496"},{"taxonomy":"product_tag","embeddable":true,"href":"https:\/\/innow.pl\/fr\/wp-json\/wp\/v2\/product_tag?post=24496"}],"curies":[{"name":"wp","href":"https:\/\/api.w.org\/{rel}","templated":true}]}}