{"id":24373,"date":"2017-06-07T09:08:32","date_gmt":"2017-06-07T07:08:32","guid":{"rendered":"https:\/\/innow.pl\/produkt\/crobinn-15311-wozek-pod-aparature-medyczna\/"},"modified":"2025-04-29T11:52:01","modified_gmt":"2025-04-29T09:52:01","slug":"crobinn-15311-wozek-pod-aparature-medyczna","status":"publish","type":"product","link":"https:\/\/innow.pl\/fr\/produkt\/crobinn-15311-wozek-pod-aparature-medyczna\/","title":{"rendered":"CROBINN 15311  &#8211; W\u00f3zek pod aparatur\u0119 z p\u00f3\u0142k\u0105 i szuflad\u0105"},"content":{"rendered":"<p>W\u00f3zek pod aparatur\u0119 medyczn\u0105 wyposa\u017cony w szuflad\u0119 oraz p\u00f3\u0142k\u0119 z regulowan\u0105 wysoko\u015bci\u0105. Dzi\u0119ki temu, w\u00f3zek u\u0142atwiaj\u0105cy korzystanie z aparatury i komputer\u00f3w, mo\u017cna dostosowa\u0107 do swoich potrzeb. <img decoding=\"async\" style=\"border: 0\" src=\"https:\/\/innow.pl\/wp-content\/uploads\/2024\/11\/Jestesmy_dystrybutorem-22.jpg\" alt=\"Jeste\u015bmy dystrybutorem produkt\u00f3w firmy\" \/><\/p>\n","protected":false},"excerpt":{"rendered":"<p>W\u00f3zek pod aparatur\u0119 medyczn\u0105 wyposa\u017cony w szuflad\u0119 oraz p\u00f3\u0142k\u0119 z regulowan\u0105 wysoko\u015bci\u0105. Dzi\u0119ki temu, w\u00f3zek u\u0142atwiaj\u0105cy korzystanie z aparatury i komputer\u00f3w, mo\u017cna dostosowa\u0107 do swoich potrzeb.<\/p>\n","protected":false},"featured_media":24376,"comment_status":"open","ping_status":"closed","template":"","meta":{"_acf_changed":false},"product_brand":[],"product_cat":[396,415],"product_tag":[],"class_list":{"0":"post-24373","1":"product","2":"type-product","3":"status-publish","4":"has-post-thumbnail","6":"product_cat-stoliki-i-wozki-medyczne","7":"product_cat-wozki-pod-aparature","8":"pa_glebokosc-61-cm","9":"pa_szerokosc-50-cm","10":"pa_wysokosc-135-cm","12":"first","13":"instock","14":"taxable","15":"shipping-taxable","16":"purchasable","17":"product-type-simple"},"acf":[],"yoast_head":"<!-- This site is optimized with the Yoast SEO plugin v27.4 - https:\/\/yoast.com\/product\/yoast-seo-wordpress\/ -->\n<title>CROBINN 15311 - W\u00f3zek pod aparatur\u0119 z p\u00f3\u0142k\u0105 i szuflad\u0105 - INNOW<\/title>\n<meta name=\"description\" content=\"Praktyczny w\u00f3zek pod aparatur\u0119 z p\u00f3\u0142k\u0105 i szuflad\u0105, o niebanalnej konstrukcji. Regulowana wysoko\u015b\u0107 p\u00f3\u0142ki umo\u017cliwia lepsze dostosowanie do wymaga\u0144! Zobacz!\" \/>\n<meta name=\"robots\" content=\"index, follow, max-snippet:-1, max-image-preview:large, max-video-preview:-1\" \/>\n<link rel=\"canonical\" href=\"https:\/\/innow.pl\/produkt\/crobinn-15311-wozek-pod-aparature-medyczna\/\" \/>\n<meta property=\"og:locale\" content=\"fr_FR\" \/>\n<meta property=\"og:type\" content=\"article\" \/>\n<meta property=\"og:title\" content=\"CROBINN 15311 - W\u00f3zek pod aparatur\u0119 z p\u00f3\u0142k\u0105 i szuflad\u0105 - INNOW\" \/>\n<meta property=\"og:description\" content=\"Praktyczny w\u00f3zek pod aparatur\u0119 z p\u00f3\u0142k\u0105 i szuflad\u0105, o niebanalnej konstrukcji. Regulowana wysoko\u015b\u0107 p\u00f3\u0142ki umo\u017cliwia lepsze dostosowanie do wymaga\u0144! Zobacz!\" \/>\n<meta property=\"og:url\" content=\"https:\/\/innow.pl\/produkt\/crobinn-15311-wozek-pod-aparature-medyczna\/\" \/>\n<meta property=\"og:site_name\" content=\"INNOW\" \/>\n<meta property=\"article:modified_time\" content=\"2025-04-29T09:52:01+00:00\" \/>\n<meta property=\"og:image\" content=\"https:\/\/innow.pl\/wp-content\/uploads\/2024\/11\/CROBINN15311_1.jpg\" \/>\n\t<meta property=\"og:image:width\" content=\"480\" \/>\n\t<meta property=\"og:image:height\" content=\"480\" \/>\n\t<meta property=\"og:image:type\" content=\"image\/jpeg\" \/>\n<meta name=\"twitter:card\" content=\"summary_large_image\" \/>\n<meta name=\"twitter:label1\" content=\"Dur\u00e9e de lecture estim\u00e9e\" \/>\n\t<meta name=\"twitter:data1\" content=\"1 minute\" \/>\n<script type=\"application\/ld+json\" class=\"yoast-schema-graph\">{\"@context\":\"https:\\\/\\\/schema.org\",\"@graph\":[{\"@type\":\"WebPage\",\"@id\":\"https:\\\/\\\/innow.pl\\\/produkt\\\/crobinn-15311-wozek-pod-aparature-medyczna\\\/\",\"url\":\"https:\\\/\\\/innow.pl\\\/produkt\\\/crobinn-15311-wozek-pod-aparature-medyczna\\\/\",\"name\":\"CROBINN 15311 - W\u00f3zek pod aparatur\u0119 z p\u00f3\u0142k\u0105 i szuflad\u0105 - INNOW\",\"isPartOf\":{\"@id\":\"https:\\\/\\\/innow.pl\\\/#website\"},\"primaryImageOfPage\":{\"@id\":\"https:\\\/\\\/innow.pl\\\/produkt\\\/crobinn-15311-wozek-pod-aparature-medyczna\\\/#primaryimage\"},\"image\":{\"@id\":\"https:\\\/\\\/innow.pl\\\/produkt\\\/crobinn-15311-wozek-pod-aparature-medyczna\\\/#primaryimage\"},\"thumbnailUrl\":\"https:\\\/\\\/innow.pl\\\/wp-content\\\/uploads\\\/2024\\\/11\\\/CROBINN15311_1.jpg\",\"datePublished\":\"2017-06-07T07:08:32+00:00\",\"dateModified\":\"2025-04-29T09:52:01+00:00\",\"description\":\"Praktyczny w\u00f3zek pod aparatur\u0119 z p\u00f3\u0142k\u0105 i szuflad\u0105, o niebanalnej konstrukcji. Regulowana wysoko\u015b\u0107 p\u00f3\u0142ki umo\u017cliwia lepsze dostosowanie do wymaga\u0144! Zobacz!\",\"breadcrumb\":{\"@id\":\"https:\\\/\\\/innow.pl\\\/produkt\\\/crobinn-15311-wozek-pod-aparature-medyczna\\\/#breadcrumb\"},\"inLanguage\":\"fr-FR\",\"potentialAction\":[{\"@type\":\"ReadAction\",\"target\":[\"https:\\\/\\\/innow.pl\\\/produkt\\\/crobinn-15311-wozek-pod-aparature-medyczna\\\/\"]}]},{\"@type\":\"ImageObject\",\"inLanguage\":\"fr-FR\",\"@id\":\"https:\\\/\\\/innow.pl\\\/produkt\\\/crobinn-15311-wozek-pod-aparature-medyczna\\\/#primaryimage\",\"url\":\"https:\\\/\\\/innow.pl\\\/wp-content\\\/uploads\\\/2024\\\/11\\\/CROBINN15311_1.jpg\",\"contentUrl\":\"https:\\\/\\\/innow.pl\\\/wp-content\\\/uploads\\\/2024\\\/11\\\/CROBINN15311_1.jpg\",\"width\":480,\"height\":480,\"caption\":\"W\u00f3zek pod aparatur\u0119 z p\u00f3\u0142k\u0105 i szuflad\u0105 \u2013 CROBINN 15311 \u2013 INNOW\"},{\"@type\":\"BreadcrumbList\",\"@id\":\"https:\\\/\\\/innow.pl\\\/produkt\\\/crobinn-15311-wozek-pod-aparature-medyczna\\\/#breadcrumb\",\"itemListElement\":[{\"@type\":\"ListItem\",\"position\":1,\"name\":\"INNOW\",\"item\":\"https:\\\/\\\/innow.pl\\\/fr\\\/\"},{\"@type\":\"ListItem\",\"position\":2,\"name\":\"Produkty\",\"item\":\"https:\\\/\\\/innow.pl\\\/produkty\\\/\"},{\"@type\":\"ListItem\",\"position\":3,\"name\":\"Stoliki i w\u00f3zki medyczne\",\"item\":\"https:\\\/\\\/innow.pl\\\/produkty\\\/stoliki-i-wozki-medyczne\\\/\"},{\"@type\":\"ListItem\",\"position\":4,\"name\":\"W\u00f3zki pod aparatur\u0119\",\"item\":\"https:\\\/\\\/innow.pl\\\/produkty\\\/stoliki-i-wozki-medyczne\\\/wozki-pod-aparature\\\/\"},{\"@type\":\"ListItem\",\"position\":5,\"name\":\"CROBINN 15311 &#8211; W\u00f3zek pod aparatur\u0119 z p\u00f3\u0142k\u0105 i szuflad\u0105\"}]},{\"@type\":\"WebSite\",\"@id\":\"https:\\\/\\\/innow.pl\\\/#website\",\"url\":\"https:\\\/\\\/innow.pl\\\/\",\"name\":\"INNOW\",\"description\":\"\",\"potentialAction\":[{\"@type\":\"SearchAction\",\"target\":{\"@type\":\"EntryPoint\",\"urlTemplate\":\"https:\\\/\\\/innow.pl\\\/?s={search_term_string}\"},\"query-input\":{\"@type\":\"PropertyValueSpecification\",\"valueRequired\":true,\"valueName\":\"search_term_string\"}}],\"inLanguage\":\"fr-FR\"}]}<\/script>\n<!-- \/ Yoast SEO plugin. -->","yoast_head_json":{"title":"CROBINN 15311 - W\u00f3zek pod aparatur\u0119 z p\u00f3\u0142k\u0105 i szuflad\u0105 - INNOW","description":"Praktyczny w\u00f3zek pod aparatur\u0119 z p\u00f3\u0142k\u0105 i szuflad\u0105, o niebanalnej konstrukcji. Regulowana wysoko\u015b\u0107 p\u00f3\u0142ki umo\u017cliwia lepsze dostosowanie do wymaga\u0144! Zobacz!","robots":{"index":"index","follow":"follow","max-snippet":"max-snippet:-1","max-image-preview":"max-image-preview:large","max-video-preview":"max-video-preview:-1"},"canonical":"https:\/\/innow.pl\/produkt\/crobinn-15311-wozek-pod-aparature-medyczna\/","og_locale":"fr_FR","og_type":"article","og_title":"CROBINN 15311 - W\u00f3zek pod aparatur\u0119 z p\u00f3\u0142k\u0105 i szuflad\u0105 - INNOW","og_description":"Praktyczny w\u00f3zek pod aparatur\u0119 z p\u00f3\u0142k\u0105 i szuflad\u0105, o niebanalnej konstrukcji. Regulowana wysoko\u015b\u0107 p\u00f3\u0142ki umo\u017cliwia lepsze dostosowanie do wymaga\u0144! Zobacz!","og_url":"https:\/\/innow.pl\/produkt\/crobinn-15311-wozek-pod-aparature-medyczna\/","og_site_name":"INNOW","article_modified_time":"2025-04-29T09:52:01+00:00","og_image":[{"width":480,"height":480,"url":"https:\/\/innow.pl\/wp-content\/uploads\/2024\/11\/CROBINN15311_1.jpg","type":"image\/jpeg"}],"twitter_card":"summary_large_image","twitter_misc":{"Dur\u00e9e de lecture estim\u00e9e":"1 minute"},"schema":{"@context":"https:\/\/schema.org","@graph":[{"@type":"WebPage","@id":"https:\/\/innow.pl\/produkt\/crobinn-15311-wozek-pod-aparature-medyczna\/","url":"https:\/\/innow.pl\/produkt\/crobinn-15311-wozek-pod-aparature-medyczna\/","name":"CROBINN 15311 - W\u00f3zek pod aparatur\u0119 z p\u00f3\u0142k\u0105 i szuflad\u0105 - INNOW","isPartOf":{"@id":"https:\/\/innow.pl\/#website"},"primaryImageOfPage":{"@id":"https:\/\/innow.pl\/produkt\/crobinn-15311-wozek-pod-aparature-medyczna\/#primaryimage"},"image":{"@id":"https:\/\/innow.pl\/produkt\/crobinn-15311-wozek-pod-aparature-medyczna\/#primaryimage"},"thumbnailUrl":"https:\/\/innow.pl\/wp-content\/uploads\/2024\/11\/CROBINN15311_1.jpg","datePublished":"2017-06-07T07:08:32+00:00","dateModified":"2025-04-29T09:52:01+00:00","description":"Praktyczny w\u00f3zek pod aparatur\u0119 z p\u00f3\u0142k\u0105 i szuflad\u0105, o niebanalnej konstrukcji. Regulowana wysoko\u015b\u0107 p\u00f3\u0142ki umo\u017cliwia lepsze dostosowanie do wymaga\u0144! Zobacz!","breadcrumb":{"@id":"https:\/\/innow.pl\/produkt\/crobinn-15311-wozek-pod-aparature-medyczna\/#breadcrumb"},"inLanguage":"fr-FR","potentialAction":[{"@type":"ReadAction","target":["https:\/\/innow.pl\/produkt\/crobinn-15311-wozek-pod-aparature-medyczna\/"]}]},{"@type":"ImageObject","inLanguage":"fr-FR","@id":"https:\/\/innow.pl\/produkt\/crobinn-15311-wozek-pod-aparature-medyczna\/#primaryimage","url":"https:\/\/innow.pl\/wp-content\/uploads\/2024\/11\/CROBINN15311_1.jpg","contentUrl":"https:\/\/innow.pl\/wp-content\/uploads\/2024\/11\/CROBINN15311_1.jpg","width":480,"height":480,"caption":"W\u00f3zek pod aparatur\u0119 z p\u00f3\u0142k\u0105 i szuflad\u0105 \u2013 CROBINN 15311 \u2013 INNOW"},{"@type":"BreadcrumbList","@id":"https:\/\/innow.pl\/produkt\/crobinn-15311-wozek-pod-aparature-medyczna\/#breadcrumb","itemListElement":[{"@type":"ListItem","position":1,"name":"INNOW","item":"https:\/\/innow.pl\/fr\/"},{"@type":"ListItem","position":2,"name":"Produkty","item":"https:\/\/innow.pl\/produkty\/"},{"@type":"ListItem","position":3,"name":"Stoliki i w\u00f3zki medyczne","item":"https:\/\/innow.pl\/produkty\/stoliki-i-wozki-medyczne\/"},{"@type":"ListItem","position":4,"name":"W\u00f3zki pod aparatur\u0119","item":"https:\/\/innow.pl\/produkty\/stoliki-i-wozki-medyczne\/wozki-pod-aparature\/"},{"@type":"ListItem","position":5,"name":"CROBINN 15311 &#8211; W\u00f3zek pod aparatur\u0119 z p\u00f3\u0142k\u0105 i szuflad\u0105"}]},{"@type":"WebSite","@id":"https:\/\/innow.pl\/#website","url":"https:\/\/innow.pl\/","name":"INNOW","description":"","potentialAction":[{"@type":"SearchAction","target":{"@type":"EntryPoint","urlTemplate":"https:\/\/innow.pl\/?s={search_term_string}"},"query-input":{"@type":"PropertyValueSpecification","valueRequired":true,"valueName":"search_term_string"}}],"inLanguage":"fr-FR"}]}},"_links":{"self":[{"href":"https:\/\/innow.pl\/fr\/wp-json\/wp\/v2\/product\/24373","targetHints":{"allow":["GET"]}}],"collection":[{"href":"https:\/\/innow.pl\/fr\/wp-json\/wp\/v2\/product"}],"about":[{"href":"https:\/\/innow.pl\/fr\/wp-json\/wp\/v2\/types\/product"}],"replies":[{"embeddable":true,"href":"https:\/\/innow.pl\/fr\/wp-json\/wp\/v2\/comments?post=24373"}],"wp:featuredmedia":[{"embeddable":true,"href":"https:\/\/innow.pl\/fr\/wp-json\/wp\/v2\/media\/24376"}],"wp:attachment":[{"href":"https:\/\/innow.pl\/fr\/wp-json\/wp\/v2\/media?parent=24373"}],"wp:term":[{"taxonomy":"product_brand","embeddable":true,"href":"https:\/\/innow.pl\/fr\/wp-json\/wp\/v2\/product_brand?post=24373"},{"taxonomy":"product_cat","embeddable":true,"href":"https:\/\/innow.pl\/fr\/wp-json\/wp\/v2\/product_cat?post=24373"},{"taxonomy":"product_tag","embeddable":true,"href":"https:\/\/innow.pl\/fr\/wp-json\/wp\/v2\/product_tag?post=24373"}],"curies":[{"name":"wp","href":"https:\/\/api.w.org\/{rel}","templated":true}]}}