{"id":24368,"date":"2017-06-07T09:05:10","date_gmt":"2017-06-07T07:05:10","guid":{"rendered":"https:\/\/innow.pl\/produkt\/crobinn-14330p-wozek-do-przewozu-lekow\/"},"modified":"2025-10-20T14:47:44","modified_gmt":"2025-10-20T12:47:44","slug":"crobinn-14330p-wozek-do-przewozu-lekow","status":"publish","type":"product","link":"https:\/\/innow.pl\/fr\/produkt\/crobinn-14330p-wozek-do-przewozu-lekow\/","title":{"rendered":"CROBINN 14330P &#8211; W\u00f3zek do przewozu lek\u00f3w z 3 p\u00f3\u0142kami, zabudowany"},"content":{"rendered":"<p>Zabudowany w\u00f3zek do przewozu lek\u00f3w z lekk\u0105 aluminiow\u0105 ram\u0105 oraz blatem roboczym i uchwytami wykonanymi z wytrzyma\u0142ego tworzywa PP. Wyposa\u017cony jest w 3 p\u00f3\u0142ki. <img decoding=\"async\" style=\"border: 0\" src=\"https:\/\/innow.pl\/wp-content\/uploads\/2024\/11\/Jestesmy_dystrybutorem-21.jpg\" alt=\"Jeste\u015bmy dystrybutorem produkt\u00f3w firmy\" \/><\/p>\n","protected":false},"excerpt":{"rendered":"<p>Zabudowany w\u00f3zek do przewozu lek\u00f3w z lekk\u0105 aluminiow\u0105 ram\u0105 oraz blatem roboczym i uchwytami wykonanymi z wytrzyma\u0142ego tworzywa PP. Wyposa\u017cony jest w 3 p\u00f3\u0142ki.<\/p>\n","protected":false},"featured_media":24371,"comment_status":"open","ping_status":"closed","template":"","meta":{"_acf_changed":false},"product_brand":[],"product_cat":[396,414],"product_tag":[],"class_list":{"0":"post-24368","1":"product","2":"type-product","3":"status-publish","4":"has-post-thumbnail","6":"product_cat-stoliki-i-wozki-medyczne","7":"product_cat-wozki-do-przewozu-lekow","8":"pa_glebokosc-52-cm","9":"pa_szerokosc-110-cm","10":"pa_wysokosc-102-cm","12":"first","13":"instock","14":"taxable","15":"shipping-taxable","16":"purchasable","17":"product-type-simple"},"acf":[],"yoast_head":"<!-- This site is optimized with the Yoast SEO plugin v27.4 - https:\/\/yoast.com\/product\/yoast-seo-wordpress\/ -->\n<title>CROBINN 14330P - W\u00f3zek do przewozu lek\u00f3w z 3 p\u00f3\u0142kami, zabudowany - INNOW<\/title>\n<meta name=\"description\" content=\"Zabudowany w\u00f3zek do przewozu lek\u00f3w z 3 p\u00f3\u0142kami i por\u0119cznymi uchwytami zapewniaj\u0105cymi u\u017cytkownikowi \u0142atwiejsze przemieszczanie w\u00f3zka. Poznaj szczeg\u00f3\u0142y!\" \/>\n<meta name=\"robots\" content=\"index, follow, max-snippet:-1, max-image-preview:large, max-video-preview:-1\" \/>\n<link rel=\"canonical\" href=\"https:\/\/innow.pl\/produkt\/crobinn-14330p-wozek-do-przewozu-lekow\/\" \/>\n<meta property=\"og:locale\" content=\"fr_FR\" \/>\n<meta property=\"og:type\" content=\"article\" \/>\n<meta property=\"og:title\" content=\"CROBINN 14330P - W\u00f3zek do przewozu lek\u00f3w z 3 p\u00f3\u0142kami, zabudowany - INNOW\" \/>\n<meta property=\"og:description\" content=\"Zabudowany w\u00f3zek do przewozu lek\u00f3w z 3 p\u00f3\u0142kami i por\u0119cznymi uchwytami zapewniaj\u0105cymi u\u017cytkownikowi \u0142atwiejsze przemieszczanie w\u00f3zka. Poznaj szczeg\u00f3\u0142y!\" \/>\n<meta property=\"og:url\" content=\"https:\/\/innow.pl\/produkt\/crobinn-14330p-wozek-do-przewozu-lekow\/\" \/>\n<meta property=\"og:site_name\" content=\"INNOW\" \/>\n<meta property=\"article:modified_time\" content=\"2025-10-20T12:47:44+00:00\" \/>\n<meta property=\"og:image\" content=\"https:\/\/innow.pl\/wp-content\/uploads\/2024\/11\/CROBINN14330P_1.jpg\" \/>\n\t<meta property=\"og:image:width\" content=\"480\" \/>\n\t<meta property=\"og:image:height\" content=\"480\" \/>\n\t<meta property=\"og:image:type\" content=\"image\/jpeg\" \/>\n<meta name=\"twitter:card\" content=\"summary_large_image\" \/>\n<meta name=\"twitter:label1\" content=\"Dur\u00e9e de lecture estim\u00e9e\" \/>\n\t<meta name=\"twitter:data1\" content=\"1 minute\" \/>\n<script type=\"application\/ld+json\" class=\"yoast-schema-graph\">{\"@context\":\"https:\\\/\\\/schema.org\",\"@graph\":[{\"@type\":\"WebPage\",\"@id\":\"https:\\\/\\\/innow.pl\\\/produkt\\\/crobinn-14330p-wozek-do-przewozu-lekow\\\/\",\"url\":\"https:\\\/\\\/innow.pl\\\/produkt\\\/crobinn-14330p-wozek-do-przewozu-lekow\\\/\",\"name\":\"CROBINN 14330P - W\u00f3zek do przewozu lek\u00f3w z 3 p\u00f3\u0142kami, zabudowany - INNOW\",\"isPartOf\":{\"@id\":\"https:\\\/\\\/innow.pl\\\/#website\"},\"primaryImageOfPage\":{\"@id\":\"https:\\\/\\\/innow.pl\\\/produkt\\\/crobinn-14330p-wozek-do-przewozu-lekow\\\/#primaryimage\"},\"image\":{\"@id\":\"https:\\\/\\\/innow.pl\\\/produkt\\\/crobinn-14330p-wozek-do-przewozu-lekow\\\/#primaryimage\"},\"thumbnailUrl\":\"https:\\\/\\\/innow.pl\\\/wp-content\\\/uploads\\\/2024\\\/11\\\/CROBINN14330P_1.jpg\",\"datePublished\":\"2017-06-07T07:05:10+00:00\",\"dateModified\":\"2025-10-20T12:47:44+00:00\",\"description\":\"Zabudowany w\u00f3zek do przewozu lek\u00f3w z 3 p\u00f3\u0142kami i por\u0119cznymi uchwytami zapewniaj\u0105cymi u\u017cytkownikowi \u0142atwiejsze przemieszczanie w\u00f3zka. Poznaj szczeg\u00f3\u0142y!\",\"breadcrumb\":{\"@id\":\"https:\\\/\\\/innow.pl\\\/produkt\\\/crobinn-14330p-wozek-do-przewozu-lekow\\\/#breadcrumb\"},\"inLanguage\":\"fr-FR\",\"potentialAction\":[{\"@type\":\"ReadAction\",\"target\":[\"https:\\\/\\\/innow.pl\\\/produkt\\\/crobinn-14330p-wozek-do-przewozu-lekow\\\/\"]}]},{\"@type\":\"ImageObject\",\"inLanguage\":\"fr-FR\",\"@id\":\"https:\\\/\\\/innow.pl\\\/produkt\\\/crobinn-14330p-wozek-do-przewozu-lekow\\\/#primaryimage\",\"url\":\"https:\\\/\\\/innow.pl\\\/wp-content\\\/uploads\\\/2024\\\/11\\\/CROBINN14330P_1.jpg\",\"contentUrl\":\"https:\\\/\\\/innow.pl\\\/wp-content\\\/uploads\\\/2024\\\/11\\\/CROBINN14330P_1.jpg\",\"width\":480,\"height\":480,\"caption\":\"W\u00f3zek do przewozu lek\u00f3w z 3 p\u00f3\u0142kami, zabudowany \u2013 CROBINN 14330P \u2013 INNOW\"},{\"@type\":\"BreadcrumbList\",\"@id\":\"https:\\\/\\\/innow.pl\\\/produkt\\\/crobinn-14330p-wozek-do-przewozu-lekow\\\/#breadcrumb\",\"itemListElement\":[{\"@type\":\"ListItem\",\"position\":1,\"name\":\"INNOW\",\"item\":\"https:\\\/\\\/innow.pl\\\/fr\\\/\"},{\"@type\":\"ListItem\",\"position\":2,\"name\":\"Produkty\",\"item\":\"https:\\\/\\\/innow.pl\\\/produkty\\\/\"},{\"@type\":\"ListItem\",\"position\":3,\"name\":\"Stoliki i w\u00f3zki medyczne\",\"item\":\"https:\\\/\\\/innow.pl\\\/produkty\\\/stoliki-i-wozki-medyczne\\\/\"},{\"@type\":\"ListItem\",\"position\":4,\"name\":\"W\u00f3zki do przewozu lek\u00f3w\",\"item\":\"https:\\\/\\\/innow.pl\\\/produkty\\\/stoliki-i-wozki-medyczne\\\/wozki-do-przewozu-lekow\\\/\"},{\"@type\":\"ListItem\",\"position\":5,\"name\":\"CROBINN 14330P &#8211; W\u00f3zek do przewozu lek\u00f3w z 3 p\u00f3\u0142kami, zabudowany\"}]},{\"@type\":\"WebSite\",\"@id\":\"https:\\\/\\\/innow.pl\\\/#website\",\"url\":\"https:\\\/\\\/innow.pl\\\/\",\"name\":\"INNOW\",\"description\":\"\",\"potentialAction\":[{\"@type\":\"SearchAction\",\"target\":{\"@type\":\"EntryPoint\",\"urlTemplate\":\"https:\\\/\\\/innow.pl\\\/?s={search_term_string}\"},\"query-input\":{\"@type\":\"PropertyValueSpecification\",\"valueRequired\":true,\"valueName\":\"search_term_string\"}}],\"inLanguage\":\"fr-FR\"}]}<\/script>\n<!-- \/ Yoast SEO plugin. -->","yoast_head_json":{"title":"CROBINN 14330P - W\u00f3zek do przewozu lek\u00f3w z 3 p\u00f3\u0142kami, zabudowany - INNOW","description":"Zabudowany w\u00f3zek do przewozu lek\u00f3w z 3 p\u00f3\u0142kami i por\u0119cznymi uchwytami zapewniaj\u0105cymi u\u017cytkownikowi \u0142atwiejsze przemieszczanie w\u00f3zka. Poznaj szczeg\u00f3\u0142y!","robots":{"index":"index","follow":"follow","max-snippet":"max-snippet:-1","max-image-preview":"max-image-preview:large","max-video-preview":"max-video-preview:-1"},"canonical":"https:\/\/innow.pl\/produkt\/crobinn-14330p-wozek-do-przewozu-lekow\/","og_locale":"fr_FR","og_type":"article","og_title":"CROBINN 14330P - W\u00f3zek do przewozu lek\u00f3w z 3 p\u00f3\u0142kami, zabudowany - INNOW","og_description":"Zabudowany w\u00f3zek do przewozu lek\u00f3w z 3 p\u00f3\u0142kami i por\u0119cznymi uchwytami zapewniaj\u0105cymi u\u017cytkownikowi \u0142atwiejsze przemieszczanie w\u00f3zka. Poznaj szczeg\u00f3\u0142y!","og_url":"https:\/\/innow.pl\/produkt\/crobinn-14330p-wozek-do-przewozu-lekow\/","og_site_name":"INNOW","article_modified_time":"2025-10-20T12:47:44+00:00","og_image":[{"width":480,"height":480,"url":"https:\/\/innow.pl\/wp-content\/uploads\/2024\/11\/CROBINN14330P_1.jpg","type":"image\/jpeg"}],"twitter_card":"summary_large_image","twitter_misc":{"Dur\u00e9e de lecture estim\u00e9e":"1 minute"},"schema":{"@context":"https:\/\/schema.org","@graph":[{"@type":"WebPage","@id":"https:\/\/innow.pl\/produkt\/crobinn-14330p-wozek-do-przewozu-lekow\/","url":"https:\/\/innow.pl\/produkt\/crobinn-14330p-wozek-do-przewozu-lekow\/","name":"CROBINN 14330P - W\u00f3zek do przewozu lek\u00f3w z 3 p\u00f3\u0142kami, zabudowany - INNOW","isPartOf":{"@id":"https:\/\/innow.pl\/#website"},"primaryImageOfPage":{"@id":"https:\/\/innow.pl\/produkt\/crobinn-14330p-wozek-do-przewozu-lekow\/#primaryimage"},"image":{"@id":"https:\/\/innow.pl\/produkt\/crobinn-14330p-wozek-do-przewozu-lekow\/#primaryimage"},"thumbnailUrl":"https:\/\/innow.pl\/wp-content\/uploads\/2024\/11\/CROBINN14330P_1.jpg","datePublished":"2017-06-07T07:05:10+00:00","dateModified":"2025-10-20T12:47:44+00:00","description":"Zabudowany w\u00f3zek do przewozu lek\u00f3w z 3 p\u00f3\u0142kami i por\u0119cznymi uchwytami zapewniaj\u0105cymi u\u017cytkownikowi \u0142atwiejsze przemieszczanie w\u00f3zka. Poznaj szczeg\u00f3\u0142y!","breadcrumb":{"@id":"https:\/\/innow.pl\/produkt\/crobinn-14330p-wozek-do-przewozu-lekow\/#breadcrumb"},"inLanguage":"fr-FR","potentialAction":[{"@type":"ReadAction","target":["https:\/\/innow.pl\/produkt\/crobinn-14330p-wozek-do-przewozu-lekow\/"]}]},{"@type":"ImageObject","inLanguage":"fr-FR","@id":"https:\/\/innow.pl\/produkt\/crobinn-14330p-wozek-do-przewozu-lekow\/#primaryimage","url":"https:\/\/innow.pl\/wp-content\/uploads\/2024\/11\/CROBINN14330P_1.jpg","contentUrl":"https:\/\/innow.pl\/wp-content\/uploads\/2024\/11\/CROBINN14330P_1.jpg","width":480,"height":480,"caption":"W\u00f3zek do przewozu lek\u00f3w z 3 p\u00f3\u0142kami, zabudowany \u2013 CROBINN 14330P \u2013 INNOW"},{"@type":"BreadcrumbList","@id":"https:\/\/innow.pl\/produkt\/crobinn-14330p-wozek-do-przewozu-lekow\/#breadcrumb","itemListElement":[{"@type":"ListItem","position":1,"name":"INNOW","item":"https:\/\/innow.pl\/fr\/"},{"@type":"ListItem","position":2,"name":"Produkty","item":"https:\/\/innow.pl\/produkty\/"},{"@type":"ListItem","position":3,"name":"Stoliki i w\u00f3zki medyczne","item":"https:\/\/innow.pl\/produkty\/stoliki-i-wozki-medyczne\/"},{"@type":"ListItem","position":4,"name":"W\u00f3zki do przewozu lek\u00f3w","item":"https:\/\/innow.pl\/produkty\/stoliki-i-wozki-medyczne\/wozki-do-przewozu-lekow\/"},{"@type":"ListItem","position":5,"name":"CROBINN 14330P &#8211; W\u00f3zek do przewozu lek\u00f3w z 3 p\u00f3\u0142kami, zabudowany"}]},{"@type":"WebSite","@id":"https:\/\/innow.pl\/#website","url":"https:\/\/innow.pl\/","name":"INNOW","description":"","potentialAction":[{"@type":"SearchAction","target":{"@type":"EntryPoint","urlTemplate":"https:\/\/innow.pl\/?s={search_term_string}"},"query-input":{"@type":"PropertyValueSpecification","valueRequired":true,"valueName":"search_term_string"}}],"inLanguage":"fr-FR"}]}},"_links":{"self":[{"href":"https:\/\/innow.pl\/fr\/wp-json\/wp\/v2\/product\/24368","targetHints":{"allow":["GET"]}}],"collection":[{"href":"https:\/\/innow.pl\/fr\/wp-json\/wp\/v2\/product"}],"about":[{"href":"https:\/\/innow.pl\/fr\/wp-json\/wp\/v2\/types\/product"}],"replies":[{"embeddable":true,"href":"https:\/\/innow.pl\/fr\/wp-json\/wp\/v2\/comments?post=24368"}],"wp:featuredmedia":[{"embeddable":true,"href":"https:\/\/innow.pl\/fr\/wp-json\/wp\/v2\/media\/24371"}],"wp:attachment":[{"href":"https:\/\/innow.pl\/fr\/wp-json\/wp\/v2\/media?parent=24368"}],"wp:term":[{"taxonomy":"product_brand","embeddable":true,"href":"https:\/\/innow.pl\/fr\/wp-json\/wp\/v2\/product_brand?post=24368"},{"taxonomy":"product_cat","embeddable":true,"href":"https:\/\/innow.pl\/fr\/wp-json\/wp\/v2\/product_cat?post=24368"},{"taxonomy":"product_tag","embeddable":true,"href":"https:\/\/innow.pl\/fr\/wp-json\/wp\/v2\/product_tag?post=24368"}],"curies":[{"name":"wp","href":"https:\/\/api.w.org\/{rel}","templated":true}]}}