{"id":24318,"date":"2017-06-07T07:42:41","date_gmt":"2017-06-07T05:42:41","guid":{"rendered":"https:\/\/innow.pl\/produkt\/3381\/"},"modified":"2025-11-03T10:34:19","modified_gmt":"2025-11-03T09:34:19","slug":"3381","status":"publish","type":"product","link":"https:\/\/innow.pl\/fr\/produkt\/3381\/","title":{"rendered":"CROBINN 12704 &#8211; W\u00f3zek do dystrybucji lek\u00f3w"},"content":{"rendered":"<p>W\u00f3zek do dystrybucji lek\u00f3w o lekkiej konstrukcji wykonanej z aluminium z 4 szufladami. Roboczy blat oraz uchwyty boczne wykonane s\u0105 z tworzywa PP o du\u017cej wytrzyma\u0142o\u015bci, natomiast panele boczne z tworzywa ABS. Wysoki poziom bezpiecze\u0144stwa zapewnia centralny zamek szuflad. <img decoding=\"async\" style=\"border: 0\" src=\"https:\/\/innow.pl\/wp-content\/uploads\/2024\/11\/Jestesmy_dystrybutorem-11.jpg\" alt=\"Jeste\u015bmy dystrybutorem produkt\u00f3w firmy\" \/><\/p>\n","protected":false},"excerpt":{"rendered":"<p>W\u00f3zek do dystrybucji lek\u00f3w o lekkiej konstrukcji wykonanej z aluminium z 4 szufladami. Roboczy blat oraz uchwyty boczne wykonane s\u0105 z tworzywa PP o du\u017cej wytrzyma\u0142o\u015bci, natomiast panele boczne z tworzywa ABS. Wysoki poziom bezpiecze\u0144stwa zapewnia centralny zamek szuflad.<\/p>\n","protected":false},"featured_media":24321,"comment_status":"open","ping_status":"closed","template":"","meta":{"_acf_changed":false},"product_brand":[],"product_cat":[396,414],"product_tag":[],"class_list":{"0":"post-24318","1":"product","2":"type-product","3":"status-publish","4":"has-post-thumbnail","6":"product_cat-stoliki-i-wozki-medyczne","7":"product_cat-wozki-do-przewozu-lekow","8":"pa_glebokosc-49-cm","9":"pa_szerokosc-76-cm","10":"pa_wysokosc-103-cm","11":"pa_wysokosc-bez-kol-93-cm","13":"first","14":"instock","15":"taxable","16":"shipping-taxable","17":"purchasable","18":"product-type-simple"},"acf":[],"yoast_head":"<!-- This site is optimized with the Yoast SEO plugin v27.4 - https:\/\/yoast.com\/product\/yoast-seo-wordpress\/ -->\n<title>CROBINN 12704 - W\u00f3zek do dystrybucji lek\u00f3w - INNOW<\/title>\n<meta name=\"description\" content=\"Estetyczny i solidny w\u00f3zek do dystrybucji lek\u00f3w o lekkiej aluminiowej konstrukcji z 4 szufladami i zamkiem centralnym! Sprawd\u017a szczeg\u00f3\u0142y!\" \/>\n<meta name=\"robots\" content=\"index, follow, max-snippet:-1, max-image-preview:large, max-video-preview:-1\" \/>\n<link rel=\"canonical\" href=\"https:\/\/innow.pl\/produkt\/3381\/\" \/>\n<meta property=\"og:locale\" content=\"fr_FR\" \/>\n<meta property=\"og:type\" content=\"article\" \/>\n<meta property=\"og:title\" content=\"CROBINN 12704 - W\u00f3zek do dystrybucji lek\u00f3w - INNOW\" \/>\n<meta property=\"og:description\" content=\"Estetyczny i solidny w\u00f3zek do dystrybucji lek\u00f3w o lekkiej aluminiowej konstrukcji z 4 szufladami i zamkiem centralnym! Sprawd\u017a szczeg\u00f3\u0142y!\" \/>\n<meta property=\"og:url\" content=\"https:\/\/innow.pl\/produkt\/3381\/\" \/>\n<meta property=\"og:site_name\" content=\"INNOW\" \/>\n<meta property=\"article:modified_time\" content=\"2025-11-03T09:34:19+00:00\" \/>\n<meta property=\"og:image\" content=\"https:\/\/innow.pl\/wp-content\/uploads\/2024\/11\/CROBINN12704_1.jpg\" \/>\n\t<meta property=\"og:image:width\" content=\"480\" \/>\n\t<meta property=\"og:image:height\" content=\"480\" \/>\n\t<meta property=\"og:image:type\" content=\"image\/jpeg\" \/>\n<meta name=\"twitter:card\" content=\"summary_large_image\" \/>\n<meta name=\"twitter:label1\" content=\"Dur\u00e9e de lecture estim\u00e9e\" \/>\n\t<meta name=\"twitter:data1\" content=\"1 minute\" \/>\n<script type=\"application\/ld+json\" class=\"yoast-schema-graph\">{\"@context\":\"https:\\\/\\\/schema.org\",\"@graph\":[{\"@type\":\"WebPage\",\"@id\":\"https:\\\/\\\/innow.pl\\\/produkt\\\/3381\\\/\",\"url\":\"https:\\\/\\\/innow.pl\\\/produkt\\\/3381\\\/\",\"name\":\"CROBINN 12704 - W\u00f3zek do dystrybucji lek\u00f3w - INNOW\",\"isPartOf\":{\"@id\":\"https:\\\/\\\/innow.pl\\\/#website\"},\"primaryImageOfPage\":{\"@id\":\"https:\\\/\\\/innow.pl\\\/produkt\\\/3381\\\/#primaryimage\"},\"image\":{\"@id\":\"https:\\\/\\\/innow.pl\\\/produkt\\\/3381\\\/#primaryimage\"},\"thumbnailUrl\":\"https:\\\/\\\/innow.pl\\\/wp-content\\\/uploads\\\/2024\\\/11\\\/CROBINN12704_1.jpg\",\"datePublished\":\"2017-06-07T05:42:41+00:00\",\"dateModified\":\"2025-11-03T09:34:19+00:00\",\"description\":\"Estetyczny i solidny w\u00f3zek do dystrybucji lek\u00f3w o lekkiej aluminiowej konstrukcji z 4 szufladami i zamkiem centralnym! Sprawd\u017a szczeg\u00f3\u0142y!\",\"breadcrumb\":{\"@id\":\"https:\\\/\\\/innow.pl\\\/produkt\\\/3381\\\/#breadcrumb\"},\"inLanguage\":\"fr-FR\",\"potentialAction\":[{\"@type\":\"ReadAction\",\"target\":[\"https:\\\/\\\/innow.pl\\\/produkt\\\/3381\\\/\"]}]},{\"@type\":\"ImageObject\",\"inLanguage\":\"fr-FR\",\"@id\":\"https:\\\/\\\/innow.pl\\\/produkt\\\/3381\\\/#primaryimage\",\"url\":\"https:\\\/\\\/innow.pl\\\/wp-content\\\/uploads\\\/2024\\\/11\\\/CROBINN12704_1.jpg\",\"contentUrl\":\"https:\\\/\\\/innow.pl\\\/wp-content\\\/uploads\\\/2024\\\/11\\\/CROBINN12704_1.jpg\",\"width\":480,\"height\":480,\"caption\":\"W\u00f3zek do dystrybucji lek\u00f3w \u2013 CROBINN 12704 \u2013 INNOW\"},{\"@type\":\"BreadcrumbList\",\"@id\":\"https:\\\/\\\/innow.pl\\\/produkt\\\/3381\\\/#breadcrumb\",\"itemListElement\":[{\"@type\":\"ListItem\",\"position\":1,\"name\":\"INNOW\",\"item\":\"https:\\\/\\\/innow.pl\\\/fr\\\/\"},{\"@type\":\"ListItem\",\"position\":2,\"name\":\"Produkty\",\"item\":\"https:\\\/\\\/innow.pl\\\/produkty\\\/\"},{\"@type\":\"ListItem\",\"position\":3,\"name\":\"Stoliki i w\u00f3zki medyczne\",\"item\":\"https:\\\/\\\/innow.pl\\\/produkty\\\/stoliki-i-wozki-medyczne\\\/\"},{\"@type\":\"ListItem\",\"position\":4,\"name\":\"W\u00f3zki do przewozu lek\u00f3w\",\"item\":\"https:\\\/\\\/innow.pl\\\/produkty\\\/stoliki-i-wozki-medyczne\\\/wozki-do-przewozu-lekow\\\/\"},{\"@type\":\"ListItem\",\"position\":5,\"name\":\"CROBINN 12704 &#8211; W\u00f3zek do dystrybucji lek\u00f3w\"}]},{\"@type\":\"WebSite\",\"@id\":\"https:\\\/\\\/innow.pl\\\/#website\",\"url\":\"https:\\\/\\\/innow.pl\\\/\",\"name\":\"INNOW\",\"description\":\"\",\"potentialAction\":[{\"@type\":\"SearchAction\",\"target\":{\"@type\":\"EntryPoint\",\"urlTemplate\":\"https:\\\/\\\/innow.pl\\\/?s={search_term_string}\"},\"query-input\":{\"@type\":\"PropertyValueSpecification\",\"valueRequired\":true,\"valueName\":\"search_term_string\"}}],\"inLanguage\":\"fr-FR\"}]}<\/script>\n<!-- \/ Yoast SEO plugin. -->","yoast_head_json":{"title":"CROBINN 12704 - W\u00f3zek do dystrybucji lek\u00f3w - INNOW","description":"Estetyczny i solidny w\u00f3zek do dystrybucji lek\u00f3w o lekkiej aluminiowej konstrukcji z 4 szufladami i zamkiem centralnym! Sprawd\u017a szczeg\u00f3\u0142y!","robots":{"index":"index","follow":"follow","max-snippet":"max-snippet:-1","max-image-preview":"max-image-preview:large","max-video-preview":"max-video-preview:-1"},"canonical":"https:\/\/innow.pl\/produkt\/3381\/","og_locale":"fr_FR","og_type":"article","og_title":"CROBINN 12704 - W\u00f3zek do dystrybucji lek\u00f3w - INNOW","og_description":"Estetyczny i solidny w\u00f3zek do dystrybucji lek\u00f3w o lekkiej aluminiowej konstrukcji z 4 szufladami i zamkiem centralnym! Sprawd\u017a szczeg\u00f3\u0142y!","og_url":"https:\/\/innow.pl\/produkt\/3381\/","og_site_name":"INNOW","article_modified_time":"2025-11-03T09:34:19+00:00","og_image":[{"width":480,"height":480,"url":"https:\/\/innow.pl\/wp-content\/uploads\/2024\/11\/CROBINN12704_1.jpg","type":"image\/jpeg"}],"twitter_card":"summary_large_image","twitter_misc":{"Dur\u00e9e de lecture estim\u00e9e":"1 minute"},"schema":{"@context":"https:\/\/schema.org","@graph":[{"@type":"WebPage","@id":"https:\/\/innow.pl\/produkt\/3381\/","url":"https:\/\/innow.pl\/produkt\/3381\/","name":"CROBINN 12704 - W\u00f3zek do dystrybucji lek\u00f3w - INNOW","isPartOf":{"@id":"https:\/\/innow.pl\/#website"},"primaryImageOfPage":{"@id":"https:\/\/innow.pl\/produkt\/3381\/#primaryimage"},"image":{"@id":"https:\/\/innow.pl\/produkt\/3381\/#primaryimage"},"thumbnailUrl":"https:\/\/innow.pl\/wp-content\/uploads\/2024\/11\/CROBINN12704_1.jpg","datePublished":"2017-06-07T05:42:41+00:00","dateModified":"2025-11-03T09:34:19+00:00","description":"Estetyczny i solidny w\u00f3zek do dystrybucji lek\u00f3w o lekkiej aluminiowej konstrukcji z 4 szufladami i zamkiem centralnym! Sprawd\u017a szczeg\u00f3\u0142y!","breadcrumb":{"@id":"https:\/\/innow.pl\/produkt\/3381\/#breadcrumb"},"inLanguage":"fr-FR","potentialAction":[{"@type":"ReadAction","target":["https:\/\/innow.pl\/produkt\/3381\/"]}]},{"@type":"ImageObject","inLanguage":"fr-FR","@id":"https:\/\/innow.pl\/produkt\/3381\/#primaryimage","url":"https:\/\/innow.pl\/wp-content\/uploads\/2024\/11\/CROBINN12704_1.jpg","contentUrl":"https:\/\/innow.pl\/wp-content\/uploads\/2024\/11\/CROBINN12704_1.jpg","width":480,"height":480,"caption":"W\u00f3zek do dystrybucji lek\u00f3w \u2013 CROBINN 12704 \u2013 INNOW"},{"@type":"BreadcrumbList","@id":"https:\/\/innow.pl\/produkt\/3381\/#breadcrumb","itemListElement":[{"@type":"ListItem","position":1,"name":"INNOW","item":"https:\/\/innow.pl\/fr\/"},{"@type":"ListItem","position":2,"name":"Produkty","item":"https:\/\/innow.pl\/produkty\/"},{"@type":"ListItem","position":3,"name":"Stoliki i w\u00f3zki medyczne","item":"https:\/\/innow.pl\/produkty\/stoliki-i-wozki-medyczne\/"},{"@type":"ListItem","position":4,"name":"W\u00f3zki do przewozu lek\u00f3w","item":"https:\/\/innow.pl\/produkty\/stoliki-i-wozki-medyczne\/wozki-do-przewozu-lekow\/"},{"@type":"ListItem","position":5,"name":"CROBINN 12704 &#8211; W\u00f3zek do dystrybucji lek\u00f3w"}]},{"@type":"WebSite","@id":"https:\/\/innow.pl\/#website","url":"https:\/\/innow.pl\/","name":"INNOW","description":"","potentialAction":[{"@type":"SearchAction","target":{"@type":"EntryPoint","urlTemplate":"https:\/\/innow.pl\/?s={search_term_string}"},"query-input":{"@type":"PropertyValueSpecification","valueRequired":true,"valueName":"search_term_string"}}],"inLanguage":"fr-FR"}]}},"_links":{"self":[{"href":"https:\/\/innow.pl\/fr\/wp-json\/wp\/v2\/product\/24318","targetHints":{"allow":["GET"]}}],"collection":[{"href":"https:\/\/innow.pl\/fr\/wp-json\/wp\/v2\/product"}],"about":[{"href":"https:\/\/innow.pl\/fr\/wp-json\/wp\/v2\/types\/product"}],"replies":[{"embeddable":true,"href":"https:\/\/innow.pl\/fr\/wp-json\/wp\/v2\/comments?post=24318"}],"wp:featuredmedia":[{"embeddable":true,"href":"https:\/\/innow.pl\/fr\/wp-json\/wp\/v2\/media\/24321"}],"wp:attachment":[{"href":"https:\/\/innow.pl\/fr\/wp-json\/wp\/v2\/media?parent=24318"}],"wp:term":[{"taxonomy":"product_brand","embeddable":true,"href":"https:\/\/innow.pl\/fr\/wp-json\/wp\/v2\/product_brand?post=24318"},{"taxonomy":"product_cat","embeddable":true,"href":"https:\/\/innow.pl\/fr\/wp-json\/wp\/v2\/product_cat?post=24318"},{"taxonomy":"product_tag","embeddable":true,"href":"https:\/\/innow.pl\/fr\/wp-json\/wp\/v2\/product_tag?post=24318"}],"curies":[{"name":"wp","href":"https:\/\/api.w.org\/{rel}","templated":true}]}}