{"id":24313,"date":"2017-06-07T07:33:07","date_gmt":"2017-06-07T05:33:07","guid":{"rendered":"https:\/\/innow.pl\/produkt\/crobinn-otinn-wozek-do-przewozu-lekow\/"},"modified":"2025-04-29T11:53:14","modified_gmt":"2025-04-29T09:53:14","slug":"crobinn-otinn-wozek-do-przewozu-lekow","status":"publish","type":"product","link":"https:\/\/innow.pl\/fr\/produkt\/crobinn-otinn-wozek-do-przewozu-lekow\/","title":{"rendered":"CROBINN OTINN &#8211; W\u00f3zek transportowy otwarty do przewozu lek\u00f3w"},"content":{"rendered":"<p>W\u00f3zek transportowy otwarty do przewozu lek\u00f3w wyposa\u017cony w jedn\u0105 kolumn\u0119 z sze\u015bcioma tackami. Wykonane s\u0105 one z tworzywa ABS w kolorze niebieskim. Znacznym u\u0142atwieniem w u\u017cytkowaniu jest mo\u017cliwo\u015b\u0107 wysuwania szuflad z obu stron. W\u00f3zek posiada r\u00f3wnie\u017c odbojniki chroni\u0105ce w\u00f3zek i u\u017cytkownika. <img decoding=\"async\" style=\"border: 0\" src=\"https:\/\/innow.pl\/wp-content\/uploads\/2024\/11\/Jestesmy_dystrybutorem-10.jpg\" alt=\"Jeste\u015bmy dystrybutorem produkt\u00f3w firmy\" \/><\/p>\n","protected":false},"excerpt":{"rendered":"<p>W\u00f3zek transportowy otwarty do przewozu lek\u00f3w wyposa\u017cony w jedn\u0105 kolumn\u0119 z sze\u015bcioma tackami. Wykonane s\u0105 one z tworzywa ABS w kolorze niebieskim. Znacznym u\u0142atwieniem w u\u017cytkowaniu jest mo\u017cliwo\u015b\u0107 wysuwania szuflad z obu stron. W\u00f3zek posiada r\u00f3wnie\u017c odbojniki chroni\u0105ce w\u00f3zek i u\u017cytkownika.<\/p>\n","protected":false},"featured_media":24316,"comment_status":"open","ping_status":"closed","template":"","meta":{"_acf_changed":false},"product_brand":[],"product_cat":[396,414],"product_tag":[],"class_list":{"0":"post-24313","1":"product","2":"type-product","3":"status-publish","4":"has-post-thumbnail","6":"product_cat-stoliki-i-wozki-medyczne","7":"product_cat-wozki-do-przewozu-lekow","8":"pa_glebokosc-406-cm","9":"pa_szerokosc-659-cm","10":"pa_wysokosc-107-cm","11":"pa_wysokosc-bez-kol-913-cm","13":"first","14":"instock","15":"taxable","16":"shipping-taxable","17":"purchasable","18":"product-type-simple"},"acf":[],"yoast_head":"<!-- This site is optimized with the Yoast SEO plugin v27.4 - https:\/\/yoast.com\/product\/yoast-seo-wordpress\/ -->\n<title>CROBINN OTINN - W\u00f3zek transportowy otwarty do przewozu lek\u00f3w - INNOW<\/title>\n<meta name=\"description\" content=\"Zgrabny w\u00f3zek transportowy otwarty do przewozu lek\u00f3w z odbojnikami. Sprawne korzystanie z w\u00f3zka, dzi\u0119ki wysuwanym z obu stron szufladom. Zobacz!\" \/>\n<meta name=\"robots\" content=\"index, follow, max-snippet:-1, max-image-preview:large, max-video-preview:-1\" \/>\n<link rel=\"canonical\" href=\"https:\/\/innow.pl\/produkt\/crobinn-otinn-wozek-do-przewozu-lekow\/\" \/>\n<meta property=\"og:locale\" content=\"fr_FR\" \/>\n<meta property=\"og:type\" content=\"article\" \/>\n<meta property=\"og:title\" content=\"CROBINN OTINN - W\u00f3zek transportowy otwarty do przewozu lek\u00f3w - INNOW\" \/>\n<meta property=\"og:description\" content=\"Zgrabny w\u00f3zek transportowy otwarty do przewozu lek\u00f3w z odbojnikami. Sprawne korzystanie z w\u00f3zka, dzi\u0119ki wysuwanym z obu stron szufladom. Zobacz!\" \/>\n<meta property=\"og:url\" content=\"https:\/\/innow.pl\/produkt\/crobinn-otinn-wozek-do-przewozu-lekow\/\" \/>\n<meta property=\"og:site_name\" content=\"INNOW\" \/>\n<meta property=\"article:modified_time\" content=\"2025-04-29T09:53:14+00:00\" \/>\n<meta property=\"og:image\" content=\"https:\/\/innow.pl\/wp-content\/uploads\/2024\/11\/CROBINNOTTIN_1.jpg\" \/>\n\t<meta property=\"og:image:width\" content=\"410\" \/>\n\t<meta property=\"og:image:height\" content=\"410\" \/>\n\t<meta property=\"og:image:type\" content=\"image\/jpeg\" \/>\n<meta name=\"twitter:card\" content=\"summary_large_image\" \/>\n<meta name=\"twitter:label1\" content=\"Dur\u00e9e de lecture estim\u00e9e\" \/>\n\t<meta name=\"twitter:data1\" content=\"1 minute\" \/>\n<script type=\"application\/ld+json\" class=\"yoast-schema-graph\">{\"@context\":\"https:\\\/\\\/schema.org\",\"@graph\":[{\"@type\":\"WebPage\",\"@id\":\"https:\\\/\\\/innow.pl\\\/produkt\\\/crobinn-otinn-wozek-do-przewozu-lekow\\\/\",\"url\":\"https:\\\/\\\/innow.pl\\\/produkt\\\/crobinn-otinn-wozek-do-przewozu-lekow\\\/\",\"name\":\"CROBINN OTINN - W\u00f3zek transportowy otwarty do przewozu lek\u00f3w - INNOW\",\"isPartOf\":{\"@id\":\"https:\\\/\\\/innow.pl\\\/#website\"},\"primaryImageOfPage\":{\"@id\":\"https:\\\/\\\/innow.pl\\\/produkt\\\/crobinn-otinn-wozek-do-przewozu-lekow\\\/#primaryimage\"},\"image\":{\"@id\":\"https:\\\/\\\/innow.pl\\\/produkt\\\/crobinn-otinn-wozek-do-przewozu-lekow\\\/#primaryimage\"},\"thumbnailUrl\":\"https:\\\/\\\/innow.pl\\\/wp-content\\\/uploads\\\/2024\\\/11\\\/CROBINNOTTIN_1.jpg\",\"datePublished\":\"2017-06-07T05:33:07+00:00\",\"dateModified\":\"2025-04-29T09:53:14+00:00\",\"description\":\"Zgrabny w\u00f3zek transportowy otwarty do przewozu lek\u00f3w z odbojnikami. Sprawne korzystanie z w\u00f3zka, dzi\u0119ki wysuwanym z obu stron szufladom. Zobacz!\",\"breadcrumb\":{\"@id\":\"https:\\\/\\\/innow.pl\\\/produkt\\\/crobinn-otinn-wozek-do-przewozu-lekow\\\/#breadcrumb\"},\"inLanguage\":\"fr-FR\",\"potentialAction\":[{\"@type\":\"ReadAction\",\"target\":[\"https:\\\/\\\/innow.pl\\\/produkt\\\/crobinn-otinn-wozek-do-przewozu-lekow\\\/\"]}]},{\"@type\":\"ImageObject\",\"inLanguage\":\"fr-FR\",\"@id\":\"https:\\\/\\\/innow.pl\\\/produkt\\\/crobinn-otinn-wozek-do-przewozu-lekow\\\/#primaryimage\",\"url\":\"https:\\\/\\\/innow.pl\\\/wp-content\\\/uploads\\\/2024\\\/11\\\/CROBINNOTTIN_1.jpg\",\"contentUrl\":\"https:\\\/\\\/innow.pl\\\/wp-content\\\/uploads\\\/2024\\\/11\\\/CROBINNOTTIN_1.jpg\",\"width\":410,\"height\":410,\"caption\":\"W\u00f3zek transportowy otwarty do przewozu lek\u00f3w \u2013 CROBINN OTINN \u2013 INNOW\"},{\"@type\":\"BreadcrumbList\",\"@id\":\"https:\\\/\\\/innow.pl\\\/produkt\\\/crobinn-otinn-wozek-do-przewozu-lekow\\\/#breadcrumb\",\"itemListElement\":[{\"@type\":\"ListItem\",\"position\":1,\"name\":\"INNOW\",\"item\":\"https:\\\/\\\/innow.pl\\\/fr\\\/\"},{\"@type\":\"ListItem\",\"position\":2,\"name\":\"Produkty\",\"item\":\"https:\\\/\\\/innow.pl\\\/produkty\\\/\"},{\"@type\":\"ListItem\",\"position\":3,\"name\":\"Stoliki i w\u00f3zki medyczne\",\"item\":\"https:\\\/\\\/innow.pl\\\/produkty\\\/stoliki-i-wozki-medyczne\\\/\"},{\"@type\":\"ListItem\",\"position\":4,\"name\":\"W\u00f3zki do przewozu lek\u00f3w\",\"item\":\"https:\\\/\\\/innow.pl\\\/produkty\\\/stoliki-i-wozki-medyczne\\\/wozki-do-przewozu-lekow\\\/\"},{\"@type\":\"ListItem\",\"position\":5,\"name\":\"CROBINN OTINN &#8211; W\u00f3zek transportowy otwarty do przewozu lek\u00f3w\"}]},{\"@type\":\"WebSite\",\"@id\":\"https:\\\/\\\/innow.pl\\\/#website\",\"url\":\"https:\\\/\\\/innow.pl\\\/\",\"name\":\"INNOW\",\"description\":\"\",\"potentialAction\":[{\"@type\":\"SearchAction\",\"target\":{\"@type\":\"EntryPoint\",\"urlTemplate\":\"https:\\\/\\\/innow.pl\\\/?s={search_term_string}\"},\"query-input\":{\"@type\":\"PropertyValueSpecification\",\"valueRequired\":true,\"valueName\":\"search_term_string\"}}],\"inLanguage\":\"fr-FR\"}]}<\/script>\n<!-- \/ Yoast SEO plugin. -->","yoast_head_json":{"title":"CROBINN OTINN - W\u00f3zek transportowy otwarty do przewozu lek\u00f3w - INNOW","description":"Zgrabny w\u00f3zek transportowy otwarty do przewozu lek\u00f3w z odbojnikami. Sprawne korzystanie z w\u00f3zka, dzi\u0119ki wysuwanym z obu stron szufladom. Zobacz!","robots":{"index":"index","follow":"follow","max-snippet":"max-snippet:-1","max-image-preview":"max-image-preview:large","max-video-preview":"max-video-preview:-1"},"canonical":"https:\/\/innow.pl\/produkt\/crobinn-otinn-wozek-do-przewozu-lekow\/","og_locale":"fr_FR","og_type":"article","og_title":"CROBINN OTINN - W\u00f3zek transportowy otwarty do przewozu lek\u00f3w - INNOW","og_description":"Zgrabny w\u00f3zek transportowy otwarty do przewozu lek\u00f3w z odbojnikami. Sprawne korzystanie z w\u00f3zka, dzi\u0119ki wysuwanym z obu stron szufladom. Zobacz!","og_url":"https:\/\/innow.pl\/produkt\/crobinn-otinn-wozek-do-przewozu-lekow\/","og_site_name":"INNOW","article_modified_time":"2025-04-29T09:53:14+00:00","og_image":[{"width":410,"height":410,"url":"https:\/\/innow.pl\/wp-content\/uploads\/2024\/11\/CROBINNOTTIN_1.jpg","type":"image\/jpeg"}],"twitter_card":"summary_large_image","twitter_misc":{"Dur\u00e9e de lecture estim\u00e9e":"1 minute"},"schema":{"@context":"https:\/\/schema.org","@graph":[{"@type":"WebPage","@id":"https:\/\/innow.pl\/produkt\/crobinn-otinn-wozek-do-przewozu-lekow\/","url":"https:\/\/innow.pl\/produkt\/crobinn-otinn-wozek-do-przewozu-lekow\/","name":"CROBINN OTINN - W\u00f3zek transportowy otwarty do przewozu lek\u00f3w - INNOW","isPartOf":{"@id":"https:\/\/innow.pl\/#website"},"primaryImageOfPage":{"@id":"https:\/\/innow.pl\/produkt\/crobinn-otinn-wozek-do-przewozu-lekow\/#primaryimage"},"image":{"@id":"https:\/\/innow.pl\/produkt\/crobinn-otinn-wozek-do-przewozu-lekow\/#primaryimage"},"thumbnailUrl":"https:\/\/innow.pl\/wp-content\/uploads\/2024\/11\/CROBINNOTTIN_1.jpg","datePublished":"2017-06-07T05:33:07+00:00","dateModified":"2025-04-29T09:53:14+00:00","description":"Zgrabny w\u00f3zek transportowy otwarty do przewozu lek\u00f3w z odbojnikami. Sprawne korzystanie z w\u00f3zka, dzi\u0119ki wysuwanym z obu stron szufladom. Zobacz!","breadcrumb":{"@id":"https:\/\/innow.pl\/produkt\/crobinn-otinn-wozek-do-przewozu-lekow\/#breadcrumb"},"inLanguage":"fr-FR","potentialAction":[{"@type":"ReadAction","target":["https:\/\/innow.pl\/produkt\/crobinn-otinn-wozek-do-przewozu-lekow\/"]}]},{"@type":"ImageObject","inLanguage":"fr-FR","@id":"https:\/\/innow.pl\/produkt\/crobinn-otinn-wozek-do-przewozu-lekow\/#primaryimage","url":"https:\/\/innow.pl\/wp-content\/uploads\/2024\/11\/CROBINNOTTIN_1.jpg","contentUrl":"https:\/\/innow.pl\/wp-content\/uploads\/2024\/11\/CROBINNOTTIN_1.jpg","width":410,"height":410,"caption":"W\u00f3zek transportowy otwarty do przewozu lek\u00f3w \u2013 CROBINN OTINN \u2013 INNOW"},{"@type":"BreadcrumbList","@id":"https:\/\/innow.pl\/produkt\/crobinn-otinn-wozek-do-przewozu-lekow\/#breadcrumb","itemListElement":[{"@type":"ListItem","position":1,"name":"INNOW","item":"https:\/\/innow.pl\/fr\/"},{"@type":"ListItem","position":2,"name":"Produkty","item":"https:\/\/innow.pl\/produkty\/"},{"@type":"ListItem","position":3,"name":"Stoliki i w\u00f3zki medyczne","item":"https:\/\/innow.pl\/produkty\/stoliki-i-wozki-medyczne\/"},{"@type":"ListItem","position":4,"name":"W\u00f3zki do przewozu lek\u00f3w","item":"https:\/\/innow.pl\/produkty\/stoliki-i-wozki-medyczne\/wozki-do-przewozu-lekow\/"},{"@type":"ListItem","position":5,"name":"CROBINN OTINN &#8211; W\u00f3zek transportowy otwarty do przewozu lek\u00f3w"}]},{"@type":"WebSite","@id":"https:\/\/innow.pl\/#website","url":"https:\/\/innow.pl\/","name":"INNOW","description":"","potentialAction":[{"@type":"SearchAction","target":{"@type":"EntryPoint","urlTemplate":"https:\/\/innow.pl\/?s={search_term_string}"},"query-input":{"@type":"PropertyValueSpecification","valueRequired":true,"valueName":"search_term_string"}}],"inLanguage":"fr-FR"}]}},"_links":{"self":[{"href":"https:\/\/innow.pl\/fr\/wp-json\/wp\/v2\/product\/24313","targetHints":{"allow":["GET"]}}],"collection":[{"href":"https:\/\/innow.pl\/fr\/wp-json\/wp\/v2\/product"}],"about":[{"href":"https:\/\/innow.pl\/fr\/wp-json\/wp\/v2\/types\/product"}],"replies":[{"embeddable":true,"href":"https:\/\/innow.pl\/fr\/wp-json\/wp\/v2\/comments?post=24313"}],"wp:featuredmedia":[{"embeddable":true,"href":"https:\/\/innow.pl\/fr\/wp-json\/wp\/v2\/media\/24316"}],"wp:attachment":[{"href":"https:\/\/innow.pl\/fr\/wp-json\/wp\/v2\/media?parent=24313"}],"wp:term":[{"taxonomy":"product_brand","embeddable":true,"href":"https:\/\/innow.pl\/fr\/wp-json\/wp\/v2\/product_brand?post=24313"},{"taxonomy":"product_cat","embeddable":true,"href":"https:\/\/innow.pl\/fr\/wp-json\/wp\/v2\/product_cat?post=24313"},{"taxonomy":"product_tag","embeddable":true,"href":"https:\/\/innow.pl\/fr\/wp-json\/wp\/v2\/product_tag?post=24313"}],"curies":[{"name":"wp","href":"https:\/\/api.w.org\/{rel}","templated":true}]}}