{"id":24161,"date":"2017-06-06T08:03:22","date_gmt":"2017-06-06T06:03:22","guid":{"rendered":"https:\/\/innow.pl\/produkt\/ominn1100-wieszak-kroplowki-mocowany-do-listwy-bocznej\/"},"modified":"2025-04-29T11:55:33","modified_gmt":"2025-04-29T09:55:33","slug":"ominn1100-wieszak-kroplowki-mocowany-do-listwy-bocznej","status":"publish","type":"product","link":"https:\/\/innow.pl\/fr\/produkt\/ominn1100-wieszak-kroplowki-mocowany-do-listwy-bocznej\/","title":{"rendered":"OMINN1100 &#8211; Wieszak kropl\u00f3wki mocowany do listwy bocznej &#8211; chwilowo niedost\u0119pne"},"content":{"rendered":"<p>Wieszak kropl\u00f3wki, kt\u00f3ry mocuje si\u0119 do listwy bocznej sto\u0142u. Wyst\u0119puje w zestawie z zaciskiem. Przed dokonaniem zakupu prosimy o kontakt.<\/p>\n","protected":false},"excerpt":{"rendered":"<p>Wieszak kropl\u00f3wki, kt\u00f3ry mocuje si\u0119 do listwy bocznej sto\u0142u. Wyst\u0119puje w zestawie z zaciskiem. Przed dokonaniem zakupu prosimy o kontakt.<\/p>\n","protected":false},"featured_media":24163,"comment_status":"open","ping_status":"closed","template":"","meta":{"_acf_changed":false},"product_brand":[],"product_cat":[440,543,479,559],"product_tag":[],"class_list":{"0":"post-24161","1":"product","2":"type-product","3":"status-publish","4":"has-post-thumbnail","6":"product_cat-meble-medyczne","7":"product_cat-osprzet-do-stolow-zabiegowych","8":"product_cat-stoly-zabiegowe","9":"product_cat-urzadzenia-pomocnicze-osprzet-do-stolow-zabiegowych","11":"first","12":"instock","13":"taxable","14":"shipping-taxable","15":"purchasable","16":"product-type-simple"},"acf":[],"yoast_head":"<!-- This site is optimized with the Yoast SEO plugin v27.4 - https:\/\/yoast.com\/product\/yoast-seo-wordpress\/ -->\n<title>OMINN1100 - Wieszak kropl\u00f3wki mocowany do listwy bocznej - chwilowo niedost\u0119pne - INNOW<\/title>\n<meta name=\"description\" content=\"Praktyczny wieszak kropl\u00f3wki mocowany do listwy bocznej sto\u0142u zabiegowe w zestawie z zaciskiem. Poznaj wi\u0119cej szczeg\u00f3\u0142\u00f3w!\" \/>\n<meta name=\"robots\" content=\"index, follow, max-snippet:-1, max-image-preview:large, max-video-preview:-1\" \/>\n<link rel=\"canonical\" href=\"https:\/\/innow.pl\/produkt\/ominn1100-wieszak-kroplowki-mocowany-do-listwy-bocznej\/\" \/>\n<meta property=\"og:locale\" content=\"fr_FR\" \/>\n<meta property=\"og:type\" content=\"article\" \/>\n<meta property=\"og:title\" content=\"OMINN1100 - Wieszak kropl\u00f3wki mocowany do listwy bocznej - chwilowo niedost\u0119pne - INNOW\" \/>\n<meta property=\"og:description\" content=\"Praktyczny wieszak kropl\u00f3wki mocowany do listwy bocznej sto\u0142u zabiegowe w zestawie z zaciskiem. Poznaj wi\u0119cej szczeg\u00f3\u0142\u00f3w!\" \/>\n<meta property=\"og:url\" content=\"https:\/\/innow.pl\/produkt\/ominn1100-wieszak-kroplowki-mocowany-do-listwy-bocznej\/\" \/>\n<meta property=\"og:site_name\" content=\"INNOW\" \/>\n<meta property=\"article:modified_time\" content=\"2025-04-29T09:55:33+00:00\" \/>\n<meta property=\"og:image\" content=\"https:\/\/innow.pl\/wp-content\/uploads\/2024\/11\/OMINN1100.jpg\" \/>\n\t<meta property=\"og:image:width\" content=\"492\" \/>\n\t<meta property=\"og:image:height\" content=\"480\" \/>\n\t<meta property=\"og:image:type\" content=\"image\/jpeg\" \/>\n<meta name=\"twitter:card\" content=\"summary_large_image\" \/>\n<meta name=\"twitter:label1\" content=\"Dur\u00e9e de lecture estim\u00e9e\" \/>\n\t<meta name=\"twitter:data1\" content=\"1 minute\" \/>\n<script type=\"application\/ld+json\" class=\"yoast-schema-graph\">{\"@context\":\"https:\\\/\\\/schema.org\",\"@graph\":[{\"@type\":\"WebPage\",\"@id\":\"https:\\\/\\\/innow.pl\\\/produkt\\\/ominn1100-wieszak-kroplowki-mocowany-do-listwy-bocznej\\\/\",\"url\":\"https:\\\/\\\/innow.pl\\\/produkt\\\/ominn1100-wieszak-kroplowki-mocowany-do-listwy-bocznej\\\/\",\"name\":\"OMINN1100 - Wieszak kropl\u00f3wki mocowany do listwy bocznej - chwilowo niedost\u0119pne - INNOW\",\"isPartOf\":{\"@id\":\"https:\\\/\\\/innow.pl\\\/#website\"},\"primaryImageOfPage\":{\"@id\":\"https:\\\/\\\/innow.pl\\\/produkt\\\/ominn1100-wieszak-kroplowki-mocowany-do-listwy-bocznej\\\/#primaryimage\"},\"image\":{\"@id\":\"https:\\\/\\\/innow.pl\\\/produkt\\\/ominn1100-wieszak-kroplowki-mocowany-do-listwy-bocznej\\\/#primaryimage\"},\"thumbnailUrl\":\"https:\\\/\\\/innow.pl\\\/wp-content\\\/uploads\\\/2024\\\/11\\\/OMINN1100.jpg\",\"datePublished\":\"2017-06-06T06:03:22+00:00\",\"dateModified\":\"2025-04-29T09:55:33+00:00\",\"description\":\"Praktyczny wieszak kropl\u00f3wki mocowany do listwy bocznej sto\u0142u zabiegowe w zestawie z zaciskiem. Poznaj wi\u0119cej szczeg\u00f3\u0142\u00f3w!\",\"breadcrumb\":{\"@id\":\"https:\\\/\\\/innow.pl\\\/produkt\\\/ominn1100-wieszak-kroplowki-mocowany-do-listwy-bocznej\\\/#breadcrumb\"},\"inLanguage\":\"fr-FR\",\"potentialAction\":[{\"@type\":\"ReadAction\",\"target\":[\"https:\\\/\\\/innow.pl\\\/produkt\\\/ominn1100-wieszak-kroplowki-mocowany-do-listwy-bocznej\\\/\"]}]},{\"@type\":\"ImageObject\",\"inLanguage\":\"fr-FR\",\"@id\":\"https:\\\/\\\/innow.pl\\\/produkt\\\/ominn1100-wieszak-kroplowki-mocowany-do-listwy-bocznej\\\/#primaryimage\",\"url\":\"https:\\\/\\\/innow.pl\\\/wp-content\\\/uploads\\\/2024\\\/11\\\/OMINN1100.jpg\",\"contentUrl\":\"https:\\\/\\\/innow.pl\\\/wp-content\\\/uploads\\\/2024\\\/11\\\/OMINN1100.jpg\",\"width\":492,\"height\":480,\"caption\":\"Wieszak kropl\u00f3wki mocowany do listwy bocznej \u2013 OMINN1100 \u2013 INNOW\"},{\"@type\":\"BreadcrumbList\",\"@id\":\"https:\\\/\\\/innow.pl\\\/produkt\\\/ominn1100-wieszak-kroplowki-mocowany-do-listwy-bocznej\\\/#breadcrumb\",\"itemListElement\":[{\"@type\":\"ListItem\",\"position\":1,\"name\":\"INNOW\",\"item\":\"https:\\\/\\\/innow.pl\\\/fr\\\/\"},{\"@type\":\"ListItem\",\"position\":2,\"name\":\"Produkty\",\"item\":\"https:\\\/\\\/innow.pl\\\/produkty\\\/\"},{\"@type\":\"ListItem\",\"position\":3,\"name\":\"Meble medyczne\",\"item\":\"https:\\\/\\\/innow.pl\\\/produkty\\\/meble-medyczne\\\/\"},{\"@type\":\"ListItem\",\"position\":4,\"name\":\"Sto\u0142y zabiegowe\",\"item\":\"https:\\\/\\\/innow.pl\\\/produkty\\\/meble-medyczne\\\/stoly-zabiegowe\\\/\"},{\"@type\":\"ListItem\",\"position\":5,\"name\":\"Osprz\u0119t do sto\u0142\u00f3w zabiegowych\",\"item\":\"https:\\\/\\\/innow.pl\\\/produkty\\\/meble-medyczne\\\/stoly-zabiegowe\\\/osprzet-do-stolow-zabiegowych\\\/\"},{\"@type\":\"ListItem\",\"position\":6,\"name\":\"Urz\u0105dzenia pomocnicze\",\"item\":\"https:\\\/\\\/innow.pl\\\/produkty\\\/meble-medyczne\\\/stoly-zabiegowe\\\/osprzet-do-stolow-zabiegowych\\\/urzadzenia-pomocnicze-osprzet-do-stolow-zabiegowych\\\/\"},{\"@type\":\"ListItem\",\"position\":7,\"name\":\"OMINN1100 &#8211; Wieszak kropl\u00f3wki mocowany do listwy bocznej &#8211; chwilowo niedost\u0119pne\"}]},{\"@type\":\"WebSite\",\"@id\":\"https:\\\/\\\/innow.pl\\\/#website\",\"url\":\"https:\\\/\\\/innow.pl\\\/\",\"name\":\"INNOW\",\"description\":\"\",\"potentialAction\":[{\"@type\":\"SearchAction\",\"target\":{\"@type\":\"EntryPoint\",\"urlTemplate\":\"https:\\\/\\\/innow.pl\\\/?s={search_term_string}\"},\"query-input\":{\"@type\":\"PropertyValueSpecification\",\"valueRequired\":true,\"valueName\":\"search_term_string\"}}],\"inLanguage\":\"fr-FR\"}]}<\/script>\n<!-- \/ Yoast SEO plugin. -->","yoast_head_json":{"title":"OMINN1100 - Wieszak kropl\u00f3wki mocowany do listwy bocznej - chwilowo niedost\u0119pne - INNOW","description":"Praktyczny wieszak kropl\u00f3wki mocowany do listwy bocznej sto\u0142u zabiegowe w zestawie z zaciskiem. Poznaj wi\u0119cej szczeg\u00f3\u0142\u00f3w!","robots":{"index":"index","follow":"follow","max-snippet":"max-snippet:-1","max-image-preview":"max-image-preview:large","max-video-preview":"max-video-preview:-1"},"canonical":"https:\/\/innow.pl\/produkt\/ominn1100-wieszak-kroplowki-mocowany-do-listwy-bocznej\/","og_locale":"fr_FR","og_type":"article","og_title":"OMINN1100 - Wieszak kropl\u00f3wki mocowany do listwy bocznej - chwilowo niedost\u0119pne - INNOW","og_description":"Praktyczny wieszak kropl\u00f3wki mocowany do listwy bocznej sto\u0142u zabiegowe w zestawie z zaciskiem. Poznaj wi\u0119cej szczeg\u00f3\u0142\u00f3w!","og_url":"https:\/\/innow.pl\/produkt\/ominn1100-wieszak-kroplowki-mocowany-do-listwy-bocznej\/","og_site_name":"INNOW","article_modified_time":"2025-04-29T09:55:33+00:00","og_image":[{"width":492,"height":480,"url":"https:\/\/innow.pl\/wp-content\/uploads\/2024\/11\/OMINN1100.jpg","type":"image\/jpeg"}],"twitter_card":"summary_large_image","twitter_misc":{"Dur\u00e9e de lecture estim\u00e9e":"1 minute"},"schema":{"@context":"https:\/\/schema.org","@graph":[{"@type":"WebPage","@id":"https:\/\/innow.pl\/produkt\/ominn1100-wieszak-kroplowki-mocowany-do-listwy-bocznej\/","url":"https:\/\/innow.pl\/produkt\/ominn1100-wieszak-kroplowki-mocowany-do-listwy-bocznej\/","name":"OMINN1100 - Wieszak kropl\u00f3wki mocowany do listwy bocznej - chwilowo niedost\u0119pne - INNOW","isPartOf":{"@id":"https:\/\/innow.pl\/#website"},"primaryImageOfPage":{"@id":"https:\/\/innow.pl\/produkt\/ominn1100-wieszak-kroplowki-mocowany-do-listwy-bocznej\/#primaryimage"},"image":{"@id":"https:\/\/innow.pl\/produkt\/ominn1100-wieszak-kroplowki-mocowany-do-listwy-bocznej\/#primaryimage"},"thumbnailUrl":"https:\/\/innow.pl\/wp-content\/uploads\/2024\/11\/OMINN1100.jpg","datePublished":"2017-06-06T06:03:22+00:00","dateModified":"2025-04-29T09:55:33+00:00","description":"Praktyczny wieszak kropl\u00f3wki mocowany do listwy bocznej sto\u0142u zabiegowe w zestawie z zaciskiem. Poznaj wi\u0119cej szczeg\u00f3\u0142\u00f3w!","breadcrumb":{"@id":"https:\/\/innow.pl\/produkt\/ominn1100-wieszak-kroplowki-mocowany-do-listwy-bocznej\/#breadcrumb"},"inLanguage":"fr-FR","potentialAction":[{"@type":"ReadAction","target":["https:\/\/innow.pl\/produkt\/ominn1100-wieszak-kroplowki-mocowany-do-listwy-bocznej\/"]}]},{"@type":"ImageObject","inLanguage":"fr-FR","@id":"https:\/\/innow.pl\/produkt\/ominn1100-wieszak-kroplowki-mocowany-do-listwy-bocznej\/#primaryimage","url":"https:\/\/innow.pl\/wp-content\/uploads\/2024\/11\/OMINN1100.jpg","contentUrl":"https:\/\/innow.pl\/wp-content\/uploads\/2024\/11\/OMINN1100.jpg","width":492,"height":480,"caption":"Wieszak kropl\u00f3wki mocowany do listwy bocznej \u2013 OMINN1100 \u2013 INNOW"},{"@type":"BreadcrumbList","@id":"https:\/\/innow.pl\/produkt\/ominn1100-wieszak-kroplowki-mocowany-do-listwy-bocznej\/#breadcrumb","itemListElement":[{"@type":"ListItem","position":1,"name":"INNOW","item":"https:\/\/innow.pl\/fr\/"},{"@type":"ListItem","position":2,"name":"Produkty","item":"https:\/\/innow.pl\/produkty\/"},{"@type":"ListItem","position":3,"name":"Meble medyczne","item":"https:\/\/innow.pl\/produkty\/meble-medyczne\/"},{"@type":"ListItem","position":4,"name":"Sto\u0142y zabiegowe","item":"https:\/\/innow.pl\/produkty\/meble-medyczne\/stoly-zabiegowe\/"},{"@type":"ListItem","position":5,"name":"Osprz\u0119t do sto\u0142\u00f3w zabiegowych","item":"https:\/\/innow.pl\/produkty\/meble-medyczne\/stoly-zabiegowe\/osprzet-do-stolow-zabiegowych\/"},{"@type":"ListItem","position":6,"name":"Urz\u0105dzenia pomocnicze","item":"https:\/\/innow.pl\/produkty\/meble-medyczne\/stoly-zabiegowe\/osprzet-do-stolow-zabiegowych\/urzadzenia-pomocnicze-osprzet-do-stolow-zabiegowych\/"},{"@type":"ListItem","position":7,"name":"OMINN1100 &#8211; Wieszak kropl\u00f3wki mocowany do listwy bocznej &#8211; chwilowo niedost\u0119pne"}]},{"@type":"WebSite","@id":"https:\/\/innow.pl\/#website","url":"https:\/\/innow.pl\/","name":"INNOW","description":"","potentialAction":[{"@type":"SearchAction","target":{"@type":"EntryPoint","urlTemplate":"https:\/\/innow.pl\/?s={search_term_string}"},"query-input":{"@type":"PropertyValueSpecification","valueRequired":true,"valueName":"search_term_string"}}],"inLanguage":"fr-FR"}]}},"_links":{"self":[{"href":"https:\/\/innow.pl\/fr\/wp-json\/wp\/v2\/product\/24161","targetHints":{"allow":["GET"]}}],"collection":[{"href":"https:\/\/innow.pl\/fr\/wp-json\/wp\/v2\/product"}],"about":[{"href":"https:\/\/innow.pl\/fr\/wp-json\/wp\/v2\/types\/product"}],"replies":[{"embeddable":true,"href":"https:\/\/innow.pl\/fr\/wp-json\/wp\/v2\/comments?post=24161"}],"wp:featuredmedia":[{"embeddable":true,"href":"https:\/\/innow.pl\/fr\/wp-json\/wp\/v2\/media\/24163"}],"wp:attachment":[{"href":"https:\/\/innow.pl\/fr\/wp-json\/wp\/v2\/media?parent=24161"}],"wp:term":[{"taxonomy":"product_brand","embeddable":true,"href":"https:\/\/innow.pl\/fr\/wp-json\/wp\/v2\/product_brand?post=24161"},{"taxonomy":"product_cat","embeddable":true,"href":"https:\/\/innow.pl\/fr\/wp-json\/wp\/v2\/product_cat?post=24161"},{"taxonomy":"product_tag","embeddable":true,"href":"https:\/\/innow.pl\/fr\/wp-json\/wp\/v2\/product_tag?post=24161"}],"curies":[{"name":"wp","href":"https:\/\/api.w.org\/{rel}","templated":true}]}}