{"id":24030,"date":"2018-04-03T06:30:07","date_gmt":"2018-04-03T04:30:07","guid":{"rendered":"https:\/\/innow.pl\/produkt\/zw100-stol-wielofunkcyjny-do-badan-i-zabiegow\/"},"modified":"2026-04-16T11:58:31","modified_gmt":"2026-04-16T09:58:31","slug":"zw100-stol-wielofunkcyjny-do-badan-i-zabiegow","status":"publish","type":"product","link":"https:\/\/innow.pl\/fr\/produkt\/zw100-stol-wielofunkcyjny-do-badan-i-zabiegow\/","title":{"rendered":"ZW100 &#8211; St\u00f3\u0142 wielofunkcyjny do bada\u0144 i zabieg\u00f3w"},"content":{"rendered":"<p lang=\"pl-PL\" align=\"left\">St\u00f3\u0142 zabiegowy wielofunkcyjny z hydraulicznie podnoszonym 5-cz\u0119\u015bciowym le\u017cem.<\/p>\n<p lang=\"pl-PL\" align=\"left\">(Przy wyborze opcji z <a style=\"color: #3f5ae0;\" href=\"https:\/\/innow.pl\/produkt\/wyciecie-w-tapicerce-i-miska-ginekologiczna\/\">wyci\u0119ciem w tapicerce i misk\u0105 ginekologiczn\u0105<\/a>, podniesienie oparcia plec\u00f3w, rozsuni\u0119cie w bok cz\u0119\u015bci no\u017cnej oraz za\u0142o\u017cenie <a style=\"color: #3f5ae0;\" href=\"https:\/\/innow.pl\/produkt\/podparcie-wielopozycyjne-pod-udo-poliuretan\/\">podp\u00f3rek pod uda<\/a> powoduje przekszta\u0142cenie sto\u0142u w fotel ginekologiczny\/urologiczny).<\/p>\n<p lang=\"pl-PL\" align=\"left\">St\u00f3\u0142 posiada u\u0142atwiaj\u0105ce transport ko\u0142a-rolki oraz upraszczaj\u0105c\u0105 dezynfekcj\u0119 zmywaln\u0105 tapicerk\u0119.<\/p>\n<p lang=\"pl-PL\" align=\"left\"><strong>Wyposa\u017cenie podstawowe:<\/strong><\/p>\n<ul>\n<li lang=\"pl-PL\">tapicerka standardowa,<\/li>\n<li lang=\"pl-PL\">le\u017cysko 5-segmentowe,<\/li>\n<li lang=\"pl-PL\">regulacja wysoko\u015bci w spos\u00f3b hydrauliczny,<\/li>\n<li lang=\"pl-PL\">regulacja oparcia plec\u00f3w spr\u0119\u017cyn\u0105 gazow\u0105,<\/li>\n<li lang=\"pl-PL\">dwa ko\u0142a-rolki do transportu sto\u0142u,<\/li>\n<li lang=\"pl-PL\">komplet blach do podwozia.<\/li>\n<\/ul>\n<p>St\u00f3\u0142 na zdj\u0119ciu 1 posiada wyposa\u017cenie opcjonalne: <a style=\"color: #3f5ae0;\" href=\"https:\/\/innow.pl\/produkt\/wyciecie-w-tapicerce-i-miska-ginekologiczna\/\">wyci\u0119cie w tapicerce i miska ginekologiczna<\/a>.<\/p>\n<p>W przypadku wyboru wyposa\u017cenia dodatkowego, takiego jak: <strong>podparcie wielopozycyjne pod r\u0119k\u0119 (poliuretan) do sto\u0142\u00f3w zabiegowych, uchwyt kropl\u00f3wki (wysoko\u015b\u0107 100 cm) oraz ramka do zawieszenia ekranu anestezjologicznego<\/strong>, niezb\u0119dny jest r\u00f3wnie\u017c zakup <strong>listwy bocznej przeznaczonej do mocowania osprz\u0119tu dodatkowego oraz zacisk\u00f3w<\/strong>.<\/p>\n<p><strong>Wyposa\u017cenie dodatkowe do sto\u0142u znajduje si\u0119 pod opisem.<\/strong> \u00a0<\/p>\n<p style=\"text-align: left;\"><a>Informacje o w\u0142a\u015bciwo\u015bciach dost\u0119pnych <strong>materia\u0142\u00f3w obiciowych<\/strong> dost\u0119pne po klikni\u0119ciu w zdj\u0119cie:<\/a><\/p>\n<p style=\"text-align: left;\"><a style=\"color: #3f5ae0;\" href=\"https:\/\/innow.pl\/publikacje\/KatalogPDF\/Pokrycia-obiciowe-tapicerki.pdf\" target=\"_blank\" rel=\"noopener\"><img decoding=\"async\" src=\"https:\/\/innow.pl\/wp-content\/uploads\/2024\/11\/Tapicerki.jpg\" \/><\/a><\/p>\n<p style=\"text-align: left;\">Osprz\u0119t do sto\u0142\u00f3w mo\u017cna dobra\u0107 w dziale: <br \/>\n<span style=\"color: #3f5ae0;\"><a style=\"color: #3f5ae0; font-size: 24px;\" href=\"http:\/\/innow.pl\/kategoria-produktu\/stoly-zabiegowe\/osprzet-do-stolow-zabiegowych\/\">Sto\u0142y zabiegowe &#8211; <strong>OSPRZ\u0118T<\/strong><\/a><br \/>\n<\/span><\/p>\n<p>Dla u\u017cytkownik\u00f3w wymagaj\u0105cych rozszerzonej funkcjonalno\u015bci dost\u0119pna jest r\u00f3wnie\u017c wersja <a style=\"color: #3f5ae0;\" href=\"https:\/\/innow.pl\/produkt\/zw100-at-stol-wielofunkcyjny-do-badan-i-zabiegow-z-pozycja-anty-trendelenburga\/\">ZW100 [AT]<\/a>, pozwalaj\u0105ca na ustawienie sto\u0142u w pozycji anty- oraz Trendelenburga.<\/p>\n","protected":false},"excerpt":{"rendered":"<p>St\u00f3\u0142 zabiegowy wielofunkcyjny z hydraulicznie podnoszonym 5-cz\u0119\u015bciowym le\u017cem. (Przy wyborze opcji z wyci\u0119ciem w tapicerce i misk\u0105 ginekologiczn\u0105, podniesienie oparcia plec\u00f3w, rozsuni\u0119cie w bok cz\u0119\u015bci no\u017cnej oraz za\u0142o\u017cenie podp\u00f3rek pod uda powoduje przekszta\u0142cenie sto\u0142u w fotel ginekologiczny\/urologiczny). St\u00f3\u0142 posiada u\u0142atwiaj\u0105ce transport ko\u0142a-rolki oraz upraszczaj\u0105c\u0105 dezynfekcj\u0119 zmywaln\u0105 tapicerk\u0119. Wyposa\u017cenie podstawowe: tapicerka standardowa, le\u017cysko 5-segmentowe, regulacja wysoko\u015bci [&hellip;]<\/p>\n","protected":false},"featured_media":24033,"comment_status":"open","ping_status":"closed","template":"","meta":{"_acf_changed":false},"product_brand":[],"product_cat":[440,479,492],"product_tag":[],"class_list":{"0":"post-24030","1":"product","2":"type-product","3":"status-publish","4":"has-post-thumbnail","6":"product_cat-meble-medyczne","7":"product_cat-stoly-zabiegowe","8":"product_cat-stoly-zabiegowe-proste","9":"pa_dlugosc-200-cm","10":"pa_szerokosc-60-cm","11":"pa_wysokosc-63-105-cm","13":"first","14":"instock","15":"taxable","16":"shipping-taxable","17":"purchasable","18":"product-type-simple"},"acf":[],"yoast_head":"<!-- This site is optimized with the Yoast SEO plugin v27.4 - https:\/\/yoast.com\/product\/yoast-seo-wordpress\/ -->\n<title>ZW100 - St\u00f3\u0142 wielofunkcyjny do bada\u0144 i zabieg\u00f3w - INNOW<\/title>\n<meta name=\"description\" content=\"Super jako\u015b\u0107! St\u00f3\u0142 wielofunkcyjny do bada\u0144 i zabieg\u00f3w - hydrauliczna regulacja wysoko\u015bci, 2 kola-rolki u\u0142atwiaj\u0105ce transport, 5-segmentowe le\u017cysko! Zobacz!\" \/>\n<meta name=\"robots\" content=\"index, follow, max-snippet:-1, max-image-preview:large, max-video-preview:-1\" \/>\n<link rel=\"canonical\" href=\"https:\/\/innow.pl\/produkt\/zw100-stol-wielofunkcyjny-do-badan-i-zabiegow\/\" \/>\n<meta property=\"og:locale\" content=\"fr_FR\" \/>\n<meta property=\"og:type\" content=\"article\" \/>\n<meta property=\"og:title\" content=\"ZW100 - St\u00f3\u0142 wielofunkcyjny do bada\u0144 i zabieg\u00f3w - INNOW\" \/>\n<meta property=\"og:description\" content=\"Super jako\u015b\u0107! St\u00f3\u0142 wielofunkcyjny do bada\u0144 i zabieg\u00f3w - hydrauliczna regulacja wysoko\u015bci, 2 kola-rolki u\u0142atwiaj\u0105ce transport, 5-segmentowe le\u017cysko! Zobacz!\" \/>\n<meta property=\"og:url\" content=\"https:\/\/innow.pl\/produkt\/zw100-stol-wielofunkcyjny-do-badan-i-zabiegow\/\" \/>\n<meta property=\"og:site_name\" content=\"INNOW\" \/>\n<meta property=\"article:modified_time\" content=\"2026-04-16T09:58:31+00:00\" \/>\n<meta property=\"og:image\" content=\"https:\/\/innow.pl\/wp-content\/uploads\/2024\/11\/ZW100.jpg\" \/>\n\t<meta property=\"og:image:width\" content=\"800\" \/>\n\t<meta property=\"og:image:height\" content=\"800\" \/>\n\t<meta property=\"og:image:type\" content=\"image\/jpeg\" \/>\n<meta name=\"twitter:card\" content=\"summary_large_image\" \/>\n<meta name=\"twitter:label1\" content=\"Dur\u00e9e de lecture estim\u00e9e\" \/>\n\t<meta name=\"twitter:data1\" content=\"2 minutes\" \/>\n<script type=\"application\/ld+json\" class=\"yoast-schema-graph\">{\"@context\":\"https:\\\/\\\/schema.org\",\"@graph\":[{\"@type\":\"WebPage\",\"@id\":\"https:\\\/\\\/innow.pl\\\/produkt\\\/zw100-stol-wielofunkcyjny-do-badan-i-zabiegow\\\/\",\"url\":\"https:\\\/\\\/innow.pl\\\/produkt\\\/zw100-stol-wielofunkcyjny-do-badan-i-zabiegow\\\/\",\"name\":\"ZW100 - St\u00f3\u0142 wielofunkcyjny do bada\u0144 i zabieg\u00f3w - INNOW\",\"isPartOf\":{\"@id\":\"https:\\\/\\\/innow.pl\\\/#website\"},\"primaryImageOfPage\":{\"@id\":\"https:\\\/\\\/innow.pl\\\/produkt\\\/zw100-stol-wielofunkcyjny-do-badan-i-zabiegow\\\/#primaryimage\"},\"image\":{\"@id\":\"https:\\\/\\\/innow.pl\\\/produkt\\\/zw100-stol-wielofunkcyjny-do-badan-i-zabiegow\\\/#primaryimage\"},\"thumbnailUrl\":\"https:\\\/\\\/innow.pl\\\/wp-content\\\/uploads\\\/2024\\\/11\\\/ZW100.jpg\",\"datePublished\":\"2018-04-03T04:30:07+00:00\",\"dateModified\":\"2026-04-16T09:58:31+00:00\",\"description\":\"Super jako\u015b\u0107! St\u00f3\u0142 wielofunkcyjny do bada\u0144 i zabieg\u00f3w - hydrauliczna regulacja wysoko\u015bci, 2 kola-rolki u\u0142atwiaj\u0105ce transport, 5-segmentowe le\u017cysko! Zobacz!\",\"breadcrumb\":{\"@id\":\"https:\\\/\\\/innow.pl\\\/produkt\\\/zw100-stol-wielofunkcyjny-do-badan-i-zabiegow\\\/#breadcrumb\"},\"inLanguage\":\"fr-FR\",\"potentialAction\":[{\"@type\":\"ReadAction\",\"target\":[\"https:\\\/\\\/innow.pl\\\/produkt\\\/zw100-stol-wielofunkcyjny-do-badan-i-zabiegow\\\/\"]}]},{\"@type\":\"ImageObject\",\"inLanguage\":\"fr-FR\",\"@id\":\"https:\\\/\\\/innow.pl\\\/produkt\\\/zw100-stol-wielofunkcyjny-do-badan-i-zabiegow\\\/#primaryimage\",\"url\":\"https:\\\/\\\/innow.pl\\\/wp-content\\\/uploads\\\/2024\\\/11\\\/ZW100.jpg\",\"contentUrl\":\"https:\\\/\\\/innow.pl\\\/wp-content\\\/uploads\\\/2024\\\/11\\\/ZW100.jpg\",\"width\":800,\"height\":800,\"caption\":\"St\u00f3\u0142 wielofunkcyjny do bada\u0144 i zabieg\u00f3w - ZW100 - INNOW\"},{\"@type\":\"BreadcrumbList\",\"@id\":\"https:\\\/\\\/innow.pl\\\/produkt\\\/zw100-stol-wielofunkcyjny-do-badan-i-zabiegow\\\/#breadcrumb\",\"itemListElement\":[{\"@type\":\"ListItem\",\"position\":1,\"name\":\"INNOW\",\"item\":\"https:\\\/\\\/innow.pl\\\/fr\\\/\"},{\"@type\":\"ListItem\",\"position\":2,\"name\":\"Produkty\",\"item\":\"https:\\\/\\\/innow.pl\\\/produkty\\\/\"},{\"@type\":\"ListItem\",\"position\":3,\"name\":\"Meble medyczne\",\"item\":\"https:\\\/\\\/innow.pl\\\/produkty\\\/meble-medyczne\\\/\"},{\"@type\":\"ListItem\",\"position\":4,\"name\":\"Sto\u0142y zabiegowe\",\"item\":\"https:\\\/\\\/innow.pl\\\/produkty\\\/meble-medyczne\\\/stoly-zabiegowe\\\/\"},{\"@type\":\"ListItem\",\"position\":5,\"name\":\"Sto\u0142y zabiegowe proste\",\"item\":\"https:\\\/\\\/innow.pl\\\/produkty\\\/meble-medyczne\\\/stoly-zabiegowe\\\/stoly-zabiegowe-proste\\\/\"},{\"@type\":\"ListItem\",\"position\":6,\"name\":\"ZW100 &#8211; St\u00f3\u0142 wielofunkcyjny do bada\u0144 i zabieg\u00f3w\"}]},{\"@type\":\"WebSite\",\"@id\":\"https:\\\/\\\/innow.pl\\\/#website\",\"url\":\"https:\\\/\\\/innow.pl\\\/\",\"name\":\"INNOW\",\"description\":\"\",\"potentialAction\":[{\"@type\":\"SearchAction\",\"target\":{\"@type\":\"EntryPoint\",\"urlTemplate\":\"https:\\\/\\\/innow.pl\\\/?s={search_term_string}\"},\"query-input\":{\"@type\":\"PropertyValueSpecification\",\"valueRequired\":true,\"valueName\":\"search_term_string\"}}],\"inLanguage\":\"fr-FR\"}]}<\/script>\n<!-- \/ Yoast SEO plugin. -->","yoast_head_json":{"title":"ZW100 - St\u00f3\u0142 wielofunkcyjny do bada\u0144 i zabieg\u00f3w - INNOW","description":"Super jako\u015b\u0107! St\u00f3\u0142 wielofunkcyjny do bada\u0144 i zabieg\u00f3w - hydrauliczna regulacja wysoko\u015bci, 2 kola-rolki u\u0142atwiaj\u0105ce transport, 5-segmentowe le\u017cysko! Zobacz!","robots":{"index":"index","follow":"follow","max-snippet":"max-snippet:-1","max-image-preview":"max-image-preview:large","max-video-preview":"max-video-preview:-1"},"canonical":"https:\/\/innow.pl\/produkt\/zw100-stol-wielofunkcyjny-do-badan-i-zabiegow\/","og_locale":"fr_FR","og_type":"article","og_title":"ZW100 - St\u00f3\u0142 wielofunkcyjny do bada\u0144 i zabieg\u00f3w - INNOW","og_description":"Super jako\u015b\u0107! St\u00f3\u0142 wielofunkcyjny do bada\u0144 i zabieg\u00f3w - hydrauliczna regulacja wysoko\u015bci, 2 kola-rolki u\u0142atwiaj\u0105ce transport, 5-segmentowe le\u017cysko! Zobacz!","og_url":"https:\/\/innow.pl\/produkt\/zw100-stol-wielofunkcyjny-do-badan-i-zabiegow\/","og_site_name":"INNOW","article_modified_time":"2026-04-16T09:58:31+00:00","og_image":[{"width":800,"height":800,"url":"https:\/\/innow.pl\/wp-content\/uploads\/2024\/11\/ZW100.jpg","type":"image\/jpeg"}],"twitter_card":"summary_large_image","twitter_misc":{"Dur\u00e9e de lecture estim\u00e9e":"2 minutes"},"schema":{"@context":"https:\/\/schema.org","@graph":[{"@type":"WebPage","@id":"https:\/\/innow.pl\/produkt\/zw100-stol-wielofunkcyjny-do-badan-i-zabiegow\/","url":"https:\/\/innow.pl\/produkt\/zw100-stol-wielofunkcyjny-do-badan-i-zabiegow\/","name":"ZW100 - St\u00f3\u0142 wielofunkcyjny do bada\u0144 i zabieg\u00f3w - INNOW","isPartOf":{"@id":"https:\/\/innow.pl\/#website"},"primaryImageOfPage":{"@id":"https:\/\/innow.pl\/produkt\/zw100-stol-wielofunkcyjny-do-badan-i-zabiegow\/#primaryimage"},"image":{"@id":"https:\/\/innow.pl\/produkt\/zw100-stol-wielofunkcyjny-do-badan-i-zabiegow\/#primaryimage"},"thumbnailUrl":"https:\/\/innow.pl\/wp-content\/uploads\/2024\/11\/ZW100.jpg","datePublished":"2018-04-03T04:30:07+00:00","dateModified":"2026-04-16T09:58:31+00:00","description":"Super jako\u015b\u0107! St\u00f3\u0142 wielofunkcyjny do bada\u0144 i zabieg\u00f3w - hydrauliczna regulacja wysoko\u015bci, 2 kola-rolki u\u0142atwiaj\u0105ce transport, 5-segmentowe le\u017cysko! Zobacz!","breadcrumb":{"@id":"https:\/\/innow.pl\/produkt\/zw100-stol-wielofunkcyjny-do-badan-i-zabiegow\/#breadcrumb"},"inLanguage":"fr-FR","potentialAction":[{"@type":"ReadAction","target":["https:\/\/innow.pl\/produkt\/zw100-stol-wielofunkcyjny-do-badan-i-zabiegow\/"]}]},{"@type":"ImageObject","inLanguage":"fr-FR","@id":"https:\/\/innow.pl\/produkt\/zw100-stol-wielofunkcyjny-do-badan-i-zabiegow\/#primaryimage","url":"https:\/\/innow.pl\/wp-content\/uploads\/2024\/11\/ZW100.jpg","contentUrl":"https:\/\/innow.pl\/wp-content\/uploads\/2024\/11\/ZW100.jpg","width":800,"height":800,"caption":"St\u00f3\u0142 wielofunkcyjny do bada\u0144 i zabieg\u00f3w - ZW100 - INNOW"},{"@type":"BreadcrumbList","@id":"https:\/\/innow.pl\/produkt\/zw100-stol-wielofunkcyjny-do-badan-i-zabiegow\/#breadcrumb","itemListElement":[{"@type":"ListItem","position":1,"name":"INNOW","item":"https:\/\/innow.pl\/fr\/"},{"@type":"ListItem","position":2,"name":"Produkty","item":"https:\/\/innow.pl\/produkty\/"},{"@type":"ListItem","position":3,"name":"Meble medyczne","item":"https:\/\/innow.pl\/produkty\/meble-medyczne\/"},{"@type":"ListItem","position":4,"name":"Sto\u0142y zabiegowe","item":"https:\/\/innow.pl\/produkty\/meble-medyczne\/stoly-zabiegowe\/"},{"@type":"ListItem","position":5,"name":"Sto\u0142y zabiegowe proste","item":"https:\/\/innow.pl\/produkty\/meble-medyczne\/stoly-zabiegowe\/stoly-zabiegowe-proste\/"},{"@type":"ListItem","position":6,"name":"ZW100 &#8211; St\u00f3\u0142 wielofunkcyjny do bada\u0144 i zabieg\u00f3w"}]},{"@type":"WebSite","@id":"https:\/\/innow.pl\/#website","url":"https:\/\/innow.pl\/","name":"INNOW","description":"","potentialAction":[{"@type":"SearchAction","target":{"@type":"EntryPoint","urlTemplate":"https:\/\/innow.pl\/?s={search_term_string}"},"query-input":{"@type":"PropertyValueSpecification","valueRequired":true,"valueName":"search_term_string"}}],"inLanguage":"fr-FR"}]}},"_links":{"self":[{"href":"https:\/\/innow.pl\/fr\/wp-json\/wp\/v2\/product\/24030","targetHints":{"allow":["GET"]}}],"collection":[{"href":"https:\/\/innow.pl\/fr\/wp-json\/wp\/v2\/product"}],"about":[{"href":"https:\/\/innow.pl\/fr\/wp-json\/wp\/v2\/types\/product"}],"replies":[{"embeddable":true,"href":"https:\/\/innow.pl\/fr\/wp-json\/wp\/v2\/comments?post=24030"}],"wp:featuredmedia":[{"embeddable":true,"href":"https:\/\/innow.pl\/fr\/wp-json\/wp\/v2\/media\/24033"}],"wp:attachment":[{"href":"https:\/\/innow.pl\/fr\/wp-json\/wp\/v2\/media?parent=24030"}],"wp:term":[{"taxonomy":"product_brand","embeddable":true,"href":"https:\/\/innow.pl\/fr\/wp-json\/wp\/v2\/product_brand?post=24030"},{"taxonomy":"product_cat","embeddable":true,"href":"https:\/\/innow.pl\/fr\/wp-json\/wp\/v2\/product_cat?post=24030"},{"taxonomy":"product_tag","embeddable":true,"href":"https:\/\/innow.pl\/fr\/wp-json\/wp\/v2\/product_tag?post=24030"}],"curies":[{"name":"wp","href":"https:\/\/api.w.org\/{rel}","templated":true}]}}