{"id":23956,"date":"2017-06-05T12:55:22","date_gmt":"2017-06-05T10:55:22","guid":{"rendered":"https:\/\/innow.pl\/produkt\/sk803-stojak-z-wieszakiem-kroplowki-na-5-kolkach\/"},"modified":"2025-03-26T13:00:42","modified_gmt":"2025-03-26T12:00:42","slug":"sk803-stojak-z-wieszakiem-kroplowki-na-5-kolkach","status":"publish","type":"product","link":"https:\/\/innow.pl\/fr\/produkt\/sk803-stojak-z-wieszakiem-kroplowki-na-5-kolkach\/","title":{"rendered":"SK803 &#8211; Stojak z wieszakiem kropl\u00f3wki na 5 k\u00f3\u0142kach &#8211; podstawa stalowa"},"content":{"rendered":"<p align=\"left\">Przejezdny stojak stalowy z wieszakiem do kropl\u00f3wek ze stali nierdzewnej. Podstawa w kszta\u0142cie gwiazdy wykonana jest ze stali lakierowanej na kolor bia\u0142y.<\/p>\n<p align=\"left\">Stojak z wieszakiem na p\u0142yny infuzyjne mo\u017ce by\u0107 stosowany w szpitalach, o\u015brodkach zdrowia i innych plac\u00f3wkach medycznych.<\/p>\n<p align=\"left\">Wersja podstawowa zawiera wieszak dwuramienny, natomiast opcjonalnie mo\u017cna dokupi\u0107 artyku\u0142y widoczne poni\u017cej.<\/p>\n<p>&nbsp;<\/p>\n","protected":false},"excerpt":{"rendered":"<p>Przejezdny stojak stalowy z wieszakiem do kropl\u00f3wek ze stali nierdzewnej. Podstawa w kszta\u0142cie gwiazdy wykonana jest ze stali lakierowanej na kolor bia\u0142y. Stojak z wieszakiem na p\u0142yny infuzyjne mo\u017ce by\u0107 stosowany w szpitalach, o\u015brodkach zdrowia i innych plac\u00f3wkach medycznych. Wersja podstawowa zawiera wieszak dwuramienny, natomiast opcjonalnie mo\u017cna dokupi\u0107 artyku\u0142y widoczne poni\u017cej. &nbsp;<\/p>\n","protected":false},"featured_media":23958,"comment_status":"open","ping_status":"closed","template":"","meta":{"_acf_changed":false},"product_brand":[],"product_cat":[440,458],"product_tag":[],"class_list":{"0":"post-23956","1":"product","2":"type-product","3":"status-publish","4":"has-post-thumbnail","6":"product_cat-meble-medyczne","7":"product_cat-stojaki-wieszaki-na-kroplowki","8":"pa_wysokosc-150-210-cm","10":"first","11":"instock","12":"taxable","13":"shipping-taxable","14":"purchasable","15":"product-type-simple"},"acf":[],"yoast_head":"<!-- This site is optimized with the Yoast SEO plugin v27.4 - https:\/\/yoast.com\/product\/yoast-seo-wordpress\/ -->\n<title>SK803 - Stojak z wieszakiem kropl\u00f3wki na 5 k\u00f3\u0142kach - podstawa stalowa - INNOW<\/title>\n<meta name=\"description\" content=\"Stojak z wieszakiem kropl\u00f3wki na podstawie z 5 k\u00f3\u0142kami. Wieszak na p\u0142yny infuzyjne ze stali nierdzewnej, podstawa ze stali lakierowanej. Poznaj szczeg\u00f3\u0142y!\" \/>\n<meta name=\"robots\" content=\"index, follow, max-snippet:-1, max-image-preview:large, max-video-preview:-1\" \/>\n<link rel=\"canonical\" href=\"https:\/\/innow.pl\/produkt\/sk803-stojak-z-wieszakiem-kroplowki-na-5-kolkach\/\" \/>\n<meta property=\"og:locale\" content=\"fr_FR\" \/>\n<meta property=\"og:type\" content=\"article\" \/>\n<meta property=\"og:title\" content=\"SK803 - Stojak z wieszakiem kropl\u00f3wki na 5 k\u00f3\u0142kach - podstawa stalowa - INNOW\" \/>\n<meta property=\"og:description\" content=\"Stojak z wieszakiem kropl\u00f3wki na podstawie z 5 k\u00f3\u0142kami. Wieszak na p\u0142yny infuzyjne ze stali nierdzewnej, podstawa ze stali lakierowanej. Poznaj szczeg\u00f3\u0142y!\" \/>\n<meta property=\"og:url\" content=\"https:\/\/innow.pl\/produkt\/sk803-stojak-z-wieszakiem-kroplowki-na-5-kolkach\/\" \/>\n<meta property=\"og:site_name\" content=\"INNOW\" \/>\n<meta property=\"article:modified_time\" content=\"2025-03-26T12:00:42+00:00\" \/>\n<meta property=\"og:image\" content=\"https:\/\/innow.pl\/wp-content\/uploads\/2024\/11\/SK803.jpg\" \/>\n\t<meta property=\"og:image:width\" content=\"450\" \/>\n\t<meta property=\"og:image:height\" content=\"450\" \/>\n\t<meta property=\"og:image:type\" content=\"image\/jpeg\" \/>\n<meta name=\"twitter:card\" content=\"summary_large_image\" \/>\n<meta name=\"twitter:label1\" content=\"Dur\u00e9e de lecture estim\u00e9e\" \/>\n\t<meta name=\"twitter:data1\" content=\"1 minute\" \/>\n<script type=\"application\/ld+json\" class=\"yoast-schema-graph\">{\"@context\":\"https:\\\/\\\/schema.org\",\"@graph\":[{\"@type\":\"WebPage\",\"@id\":\"https:\\\/\\\/innow.pl\\\/produkt\\\/sk803-stojak-z-wieszakiem-kroplowki-na-5-kolkach\\\/\",\"url\":\"https:\\\/\\\/innow.pl\\\/produkt\\\/sk803-stojak-z-wieszakiem-kroplowki-na-5-kolkach\\\/\",\"name\":\"SK803 - Stojak z wieszakiem kropl\u00f3wki na 5 k\u00f3\u0142kach - podstawa stalowa - INNOW\",\"isPartOf\":{\"@id\":\"https:\\\/\\\/innow.pl\\\/#website\"},\"primaryImageOfPage\":{\"@id\":\"https:\\\/\\\/innow.pl\\\/produkt\\\/sk803-stojak-z-wieszakiem-kroplowki-na-5-kolkach\\\/#primaryimage\"},\"image\":{\"@id\":\"https:\\\/\\\/innow.pl\\\/produkt\\\/sk803-stojak-z-wieszakiem-kroplowki-na-5-kolkach\\\/#primaryimage\"},\"thumbnailUrl\":\"https:\\\/\\\/innow.pl\\\/wp-content\\\/uploads\\\/2024\\\/11\\\/SK803.jpg\",\"datePublished\":\"2017-06-05T10:55:22+00:00\",\"dateModified\":\"2025-03-26T12:00:42+00:00\",\"description\":\"Stojak z wieszakiem kropl\u00f3wki na podstawie z 5 k\u00f3\u0142kami. Wieszak na p\u0142yny infuzyjne ze stali nierdzewnej, podstawa ze stali lakierowanej. Poznaj szczeg\u00f3\u0142y!\",\"breadcrumb\":{\"@id\":\"https:\\\/\\\/innow.pl\\\/produkt\\\/sk803-stojak-z-wieszakiem-kroplowki-na-5-kolkach\\\/#breadcrumb\"},\"inLanguage\":\"fr-FR\",\"potentialAction\":[{\"@type\":\"ReadAction\",\"target\":[\"https:\\\/\\\/innow.pl\\\/produkt\\\/sk803-stojak-z-wieszakiem-kroplowki-na-5-kolkach\\\/\"]}]},{\"@type\":\"ImageObject\",\"inLanguage\":\"fr-FR\",\"@id\":\"https:\\\/\\\/innow.pl\\\/produkt\\\/sk803-stojak-z-wieszakiem-kroplowki-na-5-kolkach\\\/#primaryimage\",\"url\":\"https:\\\/\\\/innow.pl\\\/wp-content\\\/uploads\\\/2024\\\/11\\\/SK803.jpg\",\"contentUrl\":\"https:\\\/\\\/innow.pl\\\/wp-content\\\/uploads\\\/2024\\\/11\\\/SK803.jpg\",\"width\":450,\"height\":450,\"caption\":\"Stojak z wieszakiem kropl\u00f3wki na 5 k\u00f3\u0142kach - podstawa stalowa \u2013 SK803 \u2013 INNOW\"},{\"@type\":\"BreadcrumbList\",\"@id\":\"https:\\\/\\\/innow.pl\\\/produkt\\\/sk803-stojak-z-wieszakiem-kroplowki-na-5-kolkach\\\/#breadcrumb\",\"itemListElement\":[{\"@type\":\"ListItem\",\"position\":1,\"name\":\"INNOW\",\"item\":\"https:\\\/\\\/innow.pl\\\/fr\\\/\"},{\"@type\":\"ListItem\",\"position\":2,\"name\":\"Produkty\",\"item\":\"https:\\\/\\\/innow.pl\\\/produkty\\\/\"},{\"@type\":\"ListItem\",\"position\":3,\"name\":\"Meble medyczne\",\"item\":\"https:\\\/\\\/innow.pl\\\/produkty\\\/meble-medyczne\\\/\"},{\"@type\":\"ListItem\",\"position\":4,\"name\":\"Stojaki, wieszaki na kropl\u00f3wki\",\"item\":\"https:\\\/\\\/innow.pl\\\/produkty\\\/meble-medyczne\\\/stojaki-wieszaki-na-kroplowki\\\/\"},{\"@type\":\"ListItem\",\"position\":5,\"name\":\"SK803 &#8211; Stojak z wieszakiem kropl\u00f3wki na 5 k\u00f3\u0142kach &#8211; podstawa stalowa\"}]},{\"@type\":\"WebSite\",\"@id\":\"https:\\\/\\\/innow.pl\\\/#website\",\"url\":\"https:\\\/\\\/innow.pl\\\/\",\"name\":\"INNOW\",\"description\":\"\",\"potentialAction\":[{\"@type\":\"SearchAction\",\"target\":{\"@type\":\"EntryPoint\",\"urlTemplate\":\"https:\\\/\\\/innow.pl\\\/?s={search_term_string}\"},\"query-input\":{\"@type\":\"PropertyValueSpecification\",\"valueRequired\":true,\"valueName\":\"search_term_string\"}}],\"inLanguage\":\"fr-FR\"}]}<\/script>\n<!-- \/ Yoast SEO plugin. -->","yoast_head_json":{"title":"SK803 - Stojak z wieszakiem kropl\u00f3wki na 5 k\u00f3\u0142kach - podstawa stalowa - INNOW","description":"Stojak z wieszakiem kropl\u00f3wki na podstawie z 5 k\u00f3\u0142kami. Wieszak na p\u0142yny infuzyjne ze stali nierdzewnej, podstawa ze stali lakierowanej. Poznaj szczeg\u00f3\u0142y!","robots":{"index":"index","follow":"follow","max-snippet":"max-snippet:-1","max-image-preview":"max-image-preview:large","max-video-preview":"max-video-preview:-1"},"canonical":"https:\/\/innow.pl\/produkt\/sk803-stojak-z-wieszakiem-kroplowki-na-5-kolkach\/","og_locale":"fr_FR","og_type":"article","og_title":"SK803 - Stojak z wieszakiem kropl\u00f3wki na 5 k\u00f3\u0142kach - podstawa stalowa - INNOW","og_description":"Stojak z wieszakiem kropl\u00f3wki na podstawie z 5 k\u00f3\u0142kami. Wieszak na p\u0142yny infuzyjne ze stali nierdzewnej, podstawa ze stali lakierowanej. Poznaj szczeg\u00f3\u0142y!","og_url":"https:\/\/innow.pl\/produkt\/sk803-stojak-z-wieszakiem-kroplowki-na-5-kolkach\/","og_site_name":"INNOW","article_modified_time":"2025-03-26T12:00:42+00:00","og_image":[{"width":450,"height":450,"url":"https:\/\/innow.pl\/wp-content\/uploads\/2024\/11\/SK803.jpg","type":"image\/jpeg"}],"twitter_card":"summary_large_image","twitter_misc":{"Dur\u00e9e de lecture estim\u00e9e":"1 minute"},"schema":{"@context":"https:\/\/schema.org","@graph":[{"@type":"WebPage","@id":"https:\/\/innow.pl\/produkt\/sk803-stojak-z-wieszakiem-kroplowki-na-5-kolkach\/","url":"https:\/\/innow.pl\/produkt\/sk803-stojak-z-wieszakiem-kroplowki-na-5-kolkach\/","name":"SK803 - Stojak z wieszakiem kropl\u00f3wki na 5 k\u00f3\u0142kach - podstawa stalowa - INNOW","isPartOf":{"@id":"https:\/\/innow.pl\/#website"},"primaryImageOfPage":{"@id":"https:\/\/innow.pl\/produkt\/sk803-stojak-z-wieszakiem-kroplowki-na-5-kolkach\/#primaryimage"},"image":{"@id":"https:\/\/innow.pl\/produkt\/sk803-stojak-z-wieszakiem-kroplowki-na-5-kolkach\/#primaryimage"},"thumbnailUrl":"https:\/\/innow.pl\/wp-content\/uploads\/2024\/11\/SK803.jpg","datePublished":"2017-06-05T10:55:22+00:00","dateModified":"2025-03-26T12:00:42+00:00","description":"Stojak z wieszakiem kropl\u00f3wki na podstawie z 5 k\u00f3\u0142kami. Wieszak na p\u0142yny infuzyjne ze stali nierdzewnej, podstawa ze stali lakierowanej. Poznaj szczeg\u00f3\u0142y!","breadcrumb":{"@id":"https:\/\/innow.pl\/produkt\/sk803-stojak-z-wieszakiem-kroplowki-na-5-kolkach\/#breadcrumb"},"inLanguage":"fr-FR","potentialAction":[{"@type":"ReadAction","target":["https:\/\/innow.pl\/produkt\/sk803-stojak-z-wieszakiem-kroplowki-na-5-kolkach\/"]}]},{"@type":"ImageObject","inLanguage":"fr-FR","@id":"https:\/\/innow.pl\/produkt\/sk803-stojak-z-wieszakiem-kroplowki-na-5-kolkach\/#primaryimage","url":"https:\/\/innow.pl\/wp-content\/uploads\/2024\/11\/SK803.jpg","contentUrl":"https:\/\/innow.pl\/wp-content\/uploads\/2024\/11\/SK803.jpg","width":450,"height":450,"caption":"Stojak z wieszakiem kropl\u00f3wki na 5 k\u00f3\u0142kach - podstawa stalowa \u2013 SK803 \u2013 INNOW"},{"@type":"BreadcrumbList","@id":"https:\/\/innow.pl\/produkt\/sk803-stojak-z-wieszakiem-kroplowki-na-5-kolkach\/#breadcrumb","itemListElement":[{"@type":"ListItem","position":1,"name":"INNOW","item":"https:\/\/innow.pl\/fr\/"},{"@type":"ListItem","position":2,"name":"Produkty","item":"https:\/\/innow.pl\/produkty\/"},{"@type":"ListItem","position":3,"name":"Meble medyczne","item":"https:\/\/innow.pl\/produkty\/meble-medyczne\/"},{"@type":"ListItem","position":4,"name":"Stojaki, wieszaki na kropl\u00f3wki","item":"https:\/\/innow.pl\/produkty\/meble-medyczne\/stojaki-wieszaki-na-kroplowki\/"},{"@type":"ListItem","position":5,"name":"SK803 &#8211; Stojak z wieszakiem kropl\u00f3wki na 5 k\u00f3\u0142kach &#8211; podstawa stalowa"}]},{"@type":"WebSite","@id":"https:\/\/innow.pl\/#website","url":"https:\/\/innow.pl\/","name":"INNOW","description":"","potentialAction":[{"@type":"SearchAction","target":{"@type":"EntryPoint","urlTemplate":"https:\/\/innow.pl\/?s={search_term_string}"},"query-input":{"@type":"PropertyValueSpecification","valueRequired":true,"valueName":"search_term_string"}}],"inLanguage":"fr-FR"}]}},"_links":{"self":[{"href":"https:\/\/innow.pl\/fr\/wp-json\/wp\/v2\/product\/23956","targetHints":{"allow":["GET"]}}],"collection":[{"href":"https:\/\/innow.pl\/fr\/wp-json\/wp\/v2\/product"}],"about":[{"href":"https:\/\/innow.pl\/fr\/wp-json\/wp\/v2\/types\/product"}],"replies":[{"embeddable":true,"href":"https:\/\/innow.pl\/fr\/wp-json\/wp\/v2\/comments?post=23956"}],"wp:featuredmedia":[{"embeddable":true,"href":"https:\/\/innow.pl\/fr\/wp-json\/wp\/v2\/media\/23958"}],"wp:attachment":[{"href":"https:\/\/innow.pl\/fr\/wp-json\/wp\/v2\/media?parent=23956"}],"wp:term":[{"taxonomy":"product_brand","embeddable":true,"href":"https:\/\/innow.pl\/fr\/wp-json\/wp\/v2\/product_brand?post=23956"},{"taxonomy":"product_cat","embeddable":true,"href":"https:\/\/innow.pl\/fr\/wp-json\/wp\/v2\/product_cat?post=23956"},{"taxonomy":"product_tag","embeddable":true,"href":"https:\/\/innow.pl\/fr\/wp-json\/wp\/v2\/product_tag?post=23956"}],"curies":[{"name":"wp","href":"https:\/\/api.w.org\/{rel}","templated":true}]}}