{"id":23928,"date":"2017-06-05T12:10:31","date_gmt":"2017-06-05T10:10:31","guid":{"rendered":"https:\/\/innow.pl\/produkt\/sa-200-evo-asystor\/"},"modified":"2025-03-26T13:29:45","modified_gmt":"2025-03-26T12:29:45","slug":"sa-200-evo-asystor","status":"publish","type":"product","link":"https:\/\/innow.pl\/fr\/produkt\/sa-200-evo-asystor\/","title":{"rendered":"SA 200 EVO &#8211; Asystor"},"content":{"rendered":"<p lang=\"pl-PL\" align=\"left\">Mobilny asystor medyczny trzyszufladowy (szafka medyczna) znajduj\u0105cy zastosowanie przed wszystkim w gabinetach zabiegowych.<\/p>\n<p lang=\"pl-PL\" align=\"left\">Posiada szafk\u0119 z szufladami &#8211; w dolnej szufladzie istnieje mo\u017cliwo\u015b\u0107 zamkni\u0119cia na klucz<span style=\"color: #000000; font-size: small;\">*<\/span><\/p>\n<p lang=\"pl-PL\" align=\"left\"><em>Opcja dodatkowa: listwa elektryczna z wy\u0142\u0105cznikiem (do umieszczenia w wybranym miejscu), koszt: 60 z\u0142 + 23% VAT.<\/em><\/p>\n<p lang=\"pl-PL\" align=\"left\"><span style=\"font-size: small;\">*opcjonalnie, zale\u017cy od dostawy, dost\u0119pno\u015bci (prosimy o kontakt telefoniczny).<\/span><\/p>\n","protected":false},"excerpt":{"rendered":"<p>Mobilny asystor medyczny trzyszufladowy (szafka medyczna) znajduj\u0105cy zastosowanie przed wszystkim w gabinetach zabiegowych. Posiada szafk\u0119 z szufladami &#8211; w dolnej szufladzie istnieje mo\u017cliwo\u015b\u0107 zamkni\u0119cia na klucz* Opcja dodatkowa: listwa elektryczna z wy\u0142\u0105cznikiem (do umieszczenia w wybranym miejscu), koszt: 60 z\u0142 + 23% VAT. *opcjonalnie, zale\u017cy od dostawy, dost\u0119pno\u015bci (prosimy o kontakt telefoniczny).<\/p>\n","protected":false},"featured_media":23930,"comment_status":"open","ping_status":"closed","template":"","meta":{"_acf_changed":false},"product_brand":[],"product_cat":[410,396],"product_tag":[],"class_list":{"0":"post-23928","1":"product","2":"type-product","3":"status-publish","4":"has-post-thumbnail","6":"product_cat-asystory","7":"product_cat-stoliki-i-wozki-medyczne","8":"pa_glebokosc-505-cm","9":"pa_szerokosc-48-cm","10":"pa_wysokosc-90-cm","12":"first","13":"instock","14":"taxable","15":"shipping-taxable","16":"purchasable","17":"product-type-simple"},"acf":[],"yoast_head":"<!-- This site is optimized with the Yoast SEO plugin v27.4 - https:\/\/yoast.com\/product\/yoast-seo-wordpress\/ -->\n<title>SA 200 EVO - Asystor - INNOW<\/title>\n<meta name=\"description\" content=\"Funkcjonalny i wyj\u0105tkowo elegancki asystor na k\u00f3\u0142kach wyposa\u017cony w szafk\u0119 z szufladami. Szerokie zastosowanie: szpitale, gabinety, kliniki. Zobacz!\" \/>\n<meta name=\"robots\" content=\"index, follow, max-snippet:-1, max-image-preview:large, max-video-preview:-1\" \/>\n<link rel=\"canonical\" href=\"https:\/\/innow.pl\/produkt\/sa-200-evo-asystor\/\" \/>\n<meta property=\"og:locale\" content=\"fr_FR\" \/>\n<meta property=\"og:type\" content=\"article\" \/>\n<meta property=\"og:title\" content=\"SA 200 EVO - Asystor - INNOW\" \/>\n<meta property=\"og:description\" content=\"Funkcjonalny i wyj\u0105tkowo elegancki asystor na k\u00f3\u0142kach wyposa\u017cony w szafk\u0119 z szufladami. Szerokie zastosowanie: szpitale, gabinety, kliniki. Zobacz!\" \/>\n<meta property=\"og:url\" content=\"https:\/\/innow.pl\/produkt\/sa-200-evo-asystor\/\" \/>\n<meta property=\"og:site_name\" content=\"INNOW\" \/>\n<meta property=\"article:modified_time\" content=\"2025-03-26T12:29:45+00:00\" \/>\n<meta property=\"og:image\" content=\"https:\/\/innow.pl\/wp-content\/uploads\/2024\/11\/SA200EVO.jpg\" \/>\n\t<meta property=\"og:image:width\" content=\"800\" \/>\n\t<meta property=\"og:image:height\" content=\"800\" \/>\n\t<meta property=\"og:image:type\" content=\"image\/jpeg\" \/>\n<meta name=\"twitter:card\" content=\"summary_large_image\" \/>\n<meta name=\"twitter:label1\" content=\"Dur\u00e9e de lecture estim\u00e9e\" \/>\n\t<meta name=\"twitter:data1\" content=\"1 minute\" \/>\n<script type=\"application\/ld+json\" class=\"yoast-schema-graph\">{\"@context\":\"https:\\\/\\\/schema.org\",\"@graph\":[{\"@type\":\"WebPage\",\"@id\":\"https:\\\/\\\/innow.pl\\\/produkt\\\/sa-200-evo-asystor\\\/\",\"url\":\"https:\\\/\\\/innow.pl\\\/produkt\\\/sa-200-evo-asystor\\\/\",\"name\":\"SA 200 EVO - Asystor - INNOW\",\"isPartOf\":{\"@id\":\"https:\\\/\\\/innow.pl\\\/#website\"},\"primaryImageOfPage\":{\"@id\":\"https:\\\/\\\/innow.pl\\\/produkt\\\/sa-200-evo-asystor\\\/#primaryimage\"},\"image\":{\"@id\":\"https:\\\/\\\/innow.pl\\\/produkt\\\/sa-200-evo-asystor\\\/#primaryimage\"},\"thumbnailUrl\":\"https:\\\/\\\/innow.pl\\\/wp-content\\\/uploads\\\/2024\\\/11\\\/SA200EVO.jpg\",\"datePublished\":\"2017-06-05T10:10:31+00:00\",\"dateModified\":\"2025-03-26T12:29:45+00:00\",\"description\":\"Funkcjonalny i wyj\u0105tkowo elegancki asystor na k\u00f3\u0142kach wyposa\u017cony w szafk\u0119 z szufladami. Szerokie zastosowanie: szpitale, gabinety, kliniki. Zobacz!\",\"breadcrumb\":{\"@id\":\"https:\\\/\\\/innow.pl\\\/produkt\\\/sa-200-evo-asystor\\\/#breadcrumb\"},\"inLanguage\":\"fr-FR\",\"potentialAction\":[{\"@type\":\"ReadAction\",\"target\":[\"https:\\\/\\\/innow.pl\\\/produkt\\\/sa-200-evo-asystor\\\/\"]}]},{\"@type\":\"ImageObject\",\"inLanguage\":\"fr-FR\",\"@id\":\"https:\\\/\\\/innow.pl\\\/produkt\\\/sa-200-evo-asystor\\\/#primaryimage\",\"url\":\"https:\\\/\\\/innow.pl\\\/wp-content\\\/uploads\\\/2024\\\/11\\\/SA200EVO.jpg\",\"contentUrl\":\"https:\\\/\\\/innow.pl\\\/wp-content\\\/uploads\\\/2024\\\/11\\\/SA200EVO.jpg\",\"width\":800,\"height\":800,\"caption\":\"Asystor \u2013 SA 200 EVO \u2013 INNOW\"},{\"@type\":\"BreadcrumbList\",\"@id\":\"https:\\\/\\\/innow.pl\\\/produkt\\\/sa-200-evo-asystor\\\/#breadcrumb\",\"itemListElement\":[{\"@type\":\"ListItem\",\"position\":1,\"name\":\"INNOW\",\"item\":\"https:\\\/\\\/innow.pl\\\/fr\\\/\"},{\"@type\":\"ListItem\",\"position\":2,\"name\":\"Produkty\",\"item\":\"https:\\\/\\\/innow.pl\\\/produkty\\\/\"},{\"@type\":\"ListItem\",\"position\":3,\"name\":\"Stoliki i w\u00f3zki medyczne\",\"item\":\"https:\\\/\\\/innow.pl\\\/produkty\\\/stoliki-i-wozki-medyczne\\\/\"},{\"@type\":\"ListItem\",\"position\":4,\"name\":\"Asystory\",\"item\":\"https:\\\/\\\/innow.pl\\\/produkty\\\/stoliki-i-wozki-medyczne\\\/asystory\\\/\"},{\"@type\":\"ListItem\",\"position\":5,\"name\":\"SA 200 EVO &#8211; Asystor\"}]},{\"@type\":\"WebSite\",\"@id\":\"https:\\\/\\\/innow.pl\\\/#website\",\"url\":\"https:\\\/\\\/innow.pl\\\/\",\"name\":\"INNOW\",\"description\":\"\",\"potentialAction\":[{\"@type\":\"SearchAction\",\"target\":{\"@type\":\"EntryPoint\",\"urlTemplate\":\"https:\\\/\\\/innow.pl\\\/?s={search_term_string}\"},\"query-input\":{\"@type\":\"PropertyValueSpecification\",\"valueRequired\":true,\"valueName\":\"search_term_string\"}}],\"inLanguage\":\"fr-FR\"}]}<\/script>\n<!-- \/ Yoast SEO plugin. -->","yoast_head_json":{"title":"SA 200 EVO - Asystor - INNOW","description":"Funkcjonalny i wyj\u0105tkowo elegancki asystor na k\u00f3\u0142kach wyposa\u017cony w szafk\u0119 z szufladami. Szerokie zastosowanie: szpitale, gabinety, kliniki. Zobacz!","robots":{"index":"index","follow":"follow","max-snippet":"max-snippet:-1","max-image-preview":"max-image-preview:large","max-video-preview":"max-video-preview:-1"},"canonical":"https:\/\/innow.pl\/produkt\/sa-200-evo-asystor\/","og_locale":"fr_FR","og_type":"article","og_title":"SA 200 EVO - Asystor - INNOW","og_description":"Funkcjonalny i wyj\u0105tkowo elegancki asystor na k\u00f3\u0142kach wyposa\u017cony w szafk\u0119 z szufladami. Szerokie zastosowanie: szpitale, gabinety, kliniki. Zobacz!","og_url":"https:\/\/innow.pl\/produkt\/sa-200-evo-asystor\/","og_site_name":"INNOW","article_modified_time":"2025-03-26T12:29:45+00:00","og_image":[{"width":800,"height":800,"url":"https:\/\/innow.pl\/wp-content\/uploads\/2024\/11\/SA200EVO.jpg","type":"image\/jpeg"}],"twitter_card":"summary_large_image","twitter_misc":{"Dur\u00e9e de lecture estim\u00e9e":"1 minute"},"schema":{"@context":"https:\/\/schema.org","@graph":[{"@type":"WebPage","@id":"https:\/\/innow.pl\/produkt\/sa-200-evo-asystor\/","url":"https:\/\/innow.pl\/produkt\/sa-200-evo-asystor\/","name":"SA 200 EVO - Asystor - INNOW","isPartOf":{"@id":"https:\/\/innow.pl\/#website"},"primaryImageOfPage":{"@id":"https:\/\/innow.pl\/produkt\/sa-200-evo-asystor\/#primaryimage"},"image":{"@id":"https:\/\/innow.pl\/produkt\/sa-200-evo-asystor\/#primaryimage"},"thumbnailUrl":"https:\/\/innow.pl\/wp-content\/uploads\/2024\/11\/SA200EVO.jpg","datePublished":"2017-06-05T10:10:31+00:00","dateModified":"2025-03-26T12:29:45+00:00","description":"Funkcjonalny i wyj\u0105tkowo elegancki asystor na k\u00f3\u0142kach wyposa\u017cony w szafk\u0119 z szufladami. Szerokie zastosowanie: szpitale, gabinety, kliniki. Zobacz!","breadcrumb":{"@id":"https:\/\/innow.pl\/produkt\/sa-200-evo-asystor\/#breadcrumb"},"inLanguage":"fr-FR","potentialAction":[{"@type":"ReadAction","target":["https:\/\/innow.pl\/produkt\/sa-200-evo-asystor\/"]}]},{"@type":"ImageObject","inLanguage":"fr-FR","@id":"https:\/\/innow.pl\/produkt\/sa-200-evo-asystor\/#primaryimage","url":"https:\/\/innow.pl\/wp-content\/uploads\/2024\/11\/SA200EVO.jpg","contentUrl":"https:\/\/innow.pl\/wp-content\/uploads\/2024\/11\/SA200EVO.jpg","width":800,"height":800,"caption":"Asystor \u2013 SA 200 EVO \u2013 INNOW"},{"@type":"BreadcrumbList","@id":"https:\/\/innow.pl\/produkt\/sa-200-evo-asystor\/#breadcrumb","itemListElement":[{"@type":"ListItem","position":1,"name":"INNOW","item":"https:\/\/innow.pl\/fr\/"},{"@type":"ListItem","position":2,"name":"Produkty","item":"https:\/\/innow.pl\/produkty\/"},{"@type":"ListItem","position":3,"name":"Stoliki i w\u00f3zki medyczne","item":"https:\/\/innow.pl\/produkty\/stoliki-i-wozki-medyczne\/"},{"@type":"ListItem","position":4,"name":"Asystory","item":"https:\/\/innow.pl\/produkty\/stoliki-i-wozki-medyczne\/asystory\/"},{"@type":"ListItem","position":5,"name":"SA 200 EVO &#8211; Asystor"}]},{"@type":"WebSite","@id":"https:\/\/innow.pl\/#website","url":"https:\/\/innow.pl\/","name":"INNOW","description":"","potentialAction":[{"@type":"SearchAction","target":{"@type":"EntryPoint","urlTemplate":"https:\/\/innow.pl\/?s={search_term_string}"},"query-input":{"@type":"PropertyValueSpecification","valueRequired":true,"valueName":"search_term_string"}}],"inLanguage":"fr-FR"}]}},"_links":{"self":[{"href":"https:\/\/innow.pl\/fr\/wp-json\/wp\/v2\/product\/23928","targetHints":{"allow":["GET"]}}],"collection":[{"href":"https:\/\/innow.pl\/fr\/wp-json\/wp\/v2\/product"}],"about":[{"href":"https:\/\/innow.pl\/fr\/wp-json\/wp\/v2\/types\/product"}],"replies":[{"embeddable":true,"href":"https:\/\/innow.pl\/fr\/wp-json\/wp\/v2\/comments?post=23928"}],"wp:featuredmedia":[{"embeddable":true,"href":"https:\/\/innow.pl\/fr\/wp-json\/wp\/v2\/media\/23930"}],"wp:attachment":[{"href":"https:\/\/innow.pl\/fr\/wp-json\/wp\/v2\/media?parent=23928"}],"wp:term":[{"taxonomy":"product_brand","embeddable":true,"href":"https:\/\/innow.pl\/fr\/wp-json\/wp\/v2\/product_brand?post=23928"},{"taxonomy":"product_cat","embeddable":true,"href":"https:\/\/innow.pl\/fr\/wp-json\/wp\/v2\/product_cat?post=23928"},{"taxonomy":"product_tag","embeddable":true,"href":"https:\/\/innow.pl\/fr\/wp-json\/wp\/v2\/product_tag?post=23928"}],"curies":[{"name":"wp","href":"https:\/\/api.w.org\/{rel}","templated":true}]}}