{"id":23828,"date":"2017-06-02T09:30:18","date_gmt":"2017-06-02T07:30:18","guid":{"rendered":"https:\/\/innow.pl\/produkt\/tmd-02n-stolik-oddzialowy-ze-stali-nierdzewnej-2-blaty\/"},"modified":"2025-03-26T13:50:31","modified_gmt":"2025-03-26T12:50:31","slug":"tmd-02n-stolik-oddzialowy-ze-stali-nierdzewnej-2-blaty","status":"publish","type":"product","link":"https:\/\/innow.pl\/fr\/produkt\/tmd-02n-stolik-oddzialowy-ze-stali-nierdzewnej-2-blaty\/","title":{"rendered":"TMD-02N &#8211; Stolik oddzia\u0142owy ze stali nierdzewnej, 2 blaty"},"content":{"rendered":"<p>Stolik oddzia\u0142owy, w kt\u00f3rym zar\u00f3wno stela\u017c, jak i oba blaty wykonane s\u0105 ze stali nierdzewnej, kwasoodpornej (0H18N9). Mobilno\u015b\u0107 zapewniona przez 4 ko\u0142a (2 blokowane) o \u015brednicy 75 mm. \u00a0<\/p>\n","protected":false},"excerpt":{"rendered":"<p>Stolik oddzia\u0142owy, w kt\u00f3rym zar\u00f3wno stela\u017c, jak i oba blaty wykonane s\u0105 ze stali nierdzewnej, kwasoodpornej (0H18N9). Mobilno\u015b\u0107 zapewniona przez 4 ko\u0142a (2 blokowane) o \u015brednicy 75 mm. \u00a0<\/p>\n","protected":false},"featured_media":23830,"comment_status":"open","ping_status":"closed","template":"","meta":{"_acf_changed":false},"product_brand":[],"product_cat":[396,412],"product_tag":[],"class_list":{"0":"post-23828","1":"product","2":"type-product","3":"status-publish","4":"has-post-thumbnail","6":"product_cat-stoliki-i-wozki-medyczne","7":"product_cat-stoliki-zabiegowe-i-oddzialowe","8":"pa_dlugosc-805-cm","9":"pa_szerokosc-43-cm","10":"pa_wysokosc-89-cm","12":"first","13":"instock","14":"taxable","15":"shipping-taxable","16":"purchasable","17":"product-type-simple"},"acf":[],"yoast_head":"<!-- This site is optimized with the Yoast SEO plugin v27.4 - https:\/\/yoast.com\/product\/yoast-seo-wordpress\/ -->\n<title>TMD-02N - Stolik oddzia\u0142owy ze stali nierdzewnej, 2 blaty - INNOW<\/title>\n<meta name=\"description\" content=\"Por\u0119czny i elegancki stolik oddzia\u0142owy ze stali nierdzewnej, 2 blaty, 4 ko\u0142a (75 mm) do stosowania w plac\u00f3wkach medycznych. Poznaj wi\u0119cej szczeg\u00f3\u0142\u00f3w!\" \/>\n<meta name=\"robots\" content=\"index, follow, max-snippet:-1, max-image-preview:large, max-video-preview:-1\" \/>\n<link rel=\"canonical\" href=\"https:\/\/innow.pl\/produkt\/tmd-02n-stolik-oddzialowy-ze-stali-nierdzewnej-2-blaty\/\" \/>\n<meta property=\"og:locale\" content=\"fr_FR\" \/>\n<meta property=\"og:type\" content=\"article\" \/>\n<meta property=\"og:title\" content=\"TMD-02N - Stolik oddzia\u0142owy ze stali nierdzewnej, 2 blaty - INNOW\" \/>\n<meta property=\"og:description\" content=\"Por\u0119czny i elegancki stolik oddzia\u0142owy ze stali nierdzewnej, 2 blaty, 4 ko\u0142a (75 mm) do stosowania w plac\u00f3wkach medycznych. Poznaj wi\u0119cej szczeg\u00f3\u0142\u00f3w!\" \/>\n<meta property=\"og:url\" content=\"https:\/\/innow.pl\/produkt\/tmd-02n-stolik-oddzialowy-ze-stali-nierdzewnej-2-blaty\/\" \/>\n<meta property=\"og:site_name\" content=\"INNOW\" \/>\n<meta property=\"article:modified_time\" content=\"2025-03-26T12:50:31+00:00\" \/>\n<meta property=\"og:image\" content=\"https:\/\/innow.pl\/wp-content\/uploads\/2024\/11\/TMD-02_1_-2.jpg\" \/>\n\t<meta property=\"og:image:width\" content=\"480\" \/>\n\t<meta property=\"og:image:height\" content=\"480\" \/>\n\t<meta property=\"og:image:type\" content=\"image\/jpeg\" \/>\n<meta name=\"twitter:card\" content=\"summary_large_image\" \/>\n<meta name=\"twitter:label1\" content=\"Dur\u00e9e de lecture estim\u00e9e\" \/>\n\t<meta name=\"twitter:data1\" content=\"1 minute\" \/>\n<script type=\"application\/ld+json\" class=\"yoast-schema-graph\">{\"@context\":\"https:\\\/\\\/schema.org\",\"@graph\":[{\"@type\":\"WebPage\",\"@id\":\"https:\\\/\\\/innow.pl\\\/produkt\\\/tmd-02n-stolik-oddzialowy-ze-stali-nierdzewnej-2-blaty\\\/\",\"url\":\"https:\\\/\\\/innow.pl\\\/produkt\\\/tmd-02n-stolik-oddzialowy-ze-stali-nierdzewnej-2-blaty\\\/\",\"name\":\"TMD-02N - Stolik oddzia\u0142owy ze stali nierdzewnej, 2 blaty - INNOW\",\"isPartOf\":{\"@id\":\"https:\\\/\\\/innow.pl\\\/#website\"},\"primaryImageOfPage\":{\"@id\":\"https:\\\/\\\/innow.pl\\\/produkt\\\/tmd-02n-stolik-oddzialowy-ze-stali-nierdzewnej-2-blaty\\\/#primaryimage\"},\"image\":{\"@id\":\"https:\\\/\\\/innow.pl\\\/produkt\\\/tmd-02n-stolik-oddzialowy-ze-stali-nierdzewnej-2-blaty\\\/#primaryimage\"},\"thumbnailUrl\":\"https:\\\/\\\/innow.pl\\\/wp-content\\\/uploads\\\/2024\\\/11\\\/TMD-02_1_-2.jpg\",\"datePublished\":\"2017-06-02T07:30:18+00:00\",\"dateModified\":\"2025-03-26T12:50:31+00:00\",\"description\":\"Por\u0119czny i elegancki stolik oddzia\u0142owy ze stali nierdzewnej, 2 blaty, 4 ko\u0142a (75 mm) do stosowania w plac\u00f3wkach medycznych. Poznaj wi\u0119cej szczeg\u00f3\u0142\u00f3w!\",\"breadcrumb\":{\"@id\":\"https:\\\/\\\/innow.pl\\\/produkt\\\/tmd-02n-stolik-oddzialowy-ze-stali-nierdzewnej-2-blaty\\\/#breadcrumb\"},\"inLanguage\":\"fr-FR\",\"potentialAction\":[{\"@type\":\"ReadAction\",\"target\":[\"https:\\\/\\\/innow.pl\\\/produkt\\\/tmd-02n-stolik-oddzialowy-ze-stali-nierdzewnej-2-blaty\\\/\"]}]},{\"@type\":\"ImageObject\",\"inLanguage\":\"fr-FR\",\"@id\":\"https:\\\/\\\/innow.pl\\\/produkt\\\/tmd-02n-stolik-oddzialowy-ze-stali-nierdzewnej-2-blaty\\\/#primaryimage\",\"url\":\"https:\\\/\\\/innow.pl\\\/wp-content\\\/uploads\\\/2024\\\/11\\\/TMD-02_1_-2.jpg\",\"contentUrl\":\"https:\\\/\\\/innow.pl\\\/wp-content\\\/uploads\\\/2024\\\/11\\\/TMD-02_1_-2.jpg\",\"width\":480,\"height\":480,\"caption\":\"Stolik oddzia\u0142owy, 2 blaty ze stali nierdzewnej \u2013 TMD-02 \u2013 INNOW\"},{\"@type\":\"BreadcrumbList\",\"@id\":\"https:\\\/\\\/innow.pl\\\/produkt\\\/tmd-02n-stolik-oddzialowy-ze-stali-nierdzewnej-2-blaty\\\/#breadcrumb\",\"itemListElement\":[{\"@type\":\"ListItem\",\"position\":1,\"name\":\"INNOW\",\"item\":\"https:\\\/\\\/innow.pl\\\/fr\\\/\"},{\"@type\":\"ListItem\",\"position\":2,\"name\":\"Produkty\",\"item\":\"https:\\\/\\\/innow.pl\\\/produkty\\\/\"},{\"@type\":\"ListItem\",\"position\":3,\"name\":\"Stoliki i w\u00f3zki medyczne\",\"item\":\"https:\\\/\\\/innow.pl\\\/produkty\\\/stoliki-i-wozki-medyczne\\\/\"},{\"@type\":\"ListItem\",\"position\":4,\"name\":\"Stoliki zabiegowe i oddzia\u0142owe\",\"item\":\"https:\\\/\\\/innow.pl\\\/produkty\\\/stoliki-i-wozki-medyczne\\\/stoliki-zabiegowe-i-oddzialowe\\\/\"},{\"@type\":\"ListItem\",\"position\":5,\"name\":\"TMD-02N &#8211; Stolik oddzia\u0142owy ze stali nierdzewnej, 2 blaty\"}]},{\"@type\":\"WebSite\",\"@id\":\"https:\\\/\\\/innow.pl\\\/#website\",\"url\":\"https:\\\/\\\/innow.pl\\\/\",\"name\":\"INNOW\",\"description\":\"\",\"potentialAction\":[{\"@type\":\"SearchAction\",\"target\":{\"@type\":\"EntryPoint\",\"urlTemplate\":\"https:\\\/\\\/innow.pl\\\/?s={search_term_string}\"},\"query-input\":{\"@type\":\"PropertyValueSpecification\",\"valueRequired\":true,\"valueName\":\"search_term_string\"}}],\"inLanguage\":\"fr-FR\"}]}<\/script>\n<!-- \/ Yoast SEO plugin. -->","yoast_head_json":{"title":"TMD-02N - Stolik oddzia\u0142owy ze stali nierdzewnej, 2 blaty - INNOW","description":"Por\u0119czny i elegancki stolik oddzia\u0142owy ze stali nierdzewnej, 2 blaty, 4 ko\u0142a (75 mm) do stosowania w plac\u00f3wkach medycznych. Poznaj wi\u0119cej szczeg\u00f3\u0142\u00f3w!","robots":{"index":"index","follow":"follow","max-snippet":"max-snippet:-1","max-image-preview":"max-image-preview:large","max-video-preview":"max-video-preview:-1"},"canonical":"https:\/\/innow.pl\/produkt\/tmd-02n-stolik-oddzialowy-ze-stali-nierdzewnej-2-blaty\/","og_locale":"fr_FR","og_type":"article","og_title":"TMD-02N - Stolik oddzia\u0142owy ze stali nierdzewnej, 2 blaty - INNOW","og_description":"Por\u0119czny i elegancki stolik oddzia\u0142owy ze stali nierdzewnej, 2 blaty, 4 ko\u0142a (75 mm) do stosowania w plac\u00f3wkach medycznych. Poznaj wi\u0119cej szczeg\u00f3\u0142\u00f3w!","og_url":"https:\/\/innow.pl\/produkt\/tmd-02n-stolik-oddzialowy-ze-stali-nierdzewnej-2-blaty\/","og_site_name":"INNOW","article_modified_time":"2025-03-26T12:50:31+00:00","og_image":[{"width":480,"height":480,"url":"https:\/\/innow.pl\/wp-content\/uploads\/2024\/11\/TMD-02_1_-2.jpg","type":"image\/jpeg"}],"twitter_card":"summary_large_image","twitter_misc":{"Dur\u00e9e de lecture estim\u00e9e":"1 minute"},"schema":{"@context":"https:\/\/schema.org","@graph":[{"@type":"WebPage","@id":"https:\/\/innow.pl\/produkt\/tmd-02n-stolik-oddzialowy-ze-stali-nierdzewnej-2-blaty\/","url":"https:\/\/innow.pl\/produkt\/tmd-02n-stolik-oddzialowy-ze-stali-nierdzewnej-2-blaty\/","name":"TMD-02N - Stolik oddzia\u0142owy ze stali nierdzewnej, 2 blaty - INNOW","isPartOf":{"@id":"https:\/\/innow.pl\/#website"},"primaryImageOfPage":{"@id":"https:\/\/innow.pl\/produkt\/tmd-02n-stolik-oddzialowy-ze-stali-nierdzewnej-2-blaty\/#primaryimage"},"image":{"@id":"https:\/\/innow.pl\/produkt\/tmd-02n-stolik-oddzialowy-ze-stali-nierdzewnej-2-blaty\/#primaryimage"},"thumbnailUrl":"https:\/\/innow.pl\/wp-content\/uploads\/2024\/11\/TMD-02_1_-2.jpg","datePublished":"2017-06-02T07:30:18+00:00","dateModified":"2025-03-26T12:50:31+00:00","description":"Por\u0119czny i elegancki stolik oddzia\u0142owy ze stali nierdzewnej, 2 blaty, 4 ko\u0142a (75 mm) do stosowania w plac\u00f3wkach medycznych. Poznaj wi\u0119cej szczeg\u00f3\u0142\u00f3w!","breadcrumb":{"@id":"https:\/\/innow.pl\/produkt\/tmd-02n-stolik-oddzialowy-ze-stali-nierdzewnej-2-blaty\/#breadcrumb"},"inLanguage":"fr-FR","potentialAction":[{"@type":"ReadAction","target":["https:\/\/innow.pl\/produkt\/tmd-02n-stolik-oddzialowy-ze-stali-nierdzewnej-2-blaty\/"]}]},{"@type":"ImageObject","inLanguage":"fr-FR","@id":"https:\/\/innow.pl\/produkt\/tmd-02n-stolik-oddzialowy-ze-stali-nierdzewnej-2-blaty\/#primaryimage","url":"https:\/\/innow.pl\/wp-content\/uploads\/2024\/11\/TMD-02_1_-2.jpg","contentUrl":"https:\/\/innow.pl\/wp-content\/uploads\/2024\/11\/TMD-02_1_-2.jpg","width":480,"height":480,"caption":"Stolik oddzia\u0142owy, 2 blaty ze stali nierdzewnej \u2013 TMD-02 \u2013 INNOW"},{"@type":"BreadcrumbList","@id":"https:\/\/innow.pl\/produkt\/tmd-02n-stolik-oddzialowy-ze-stali-nierdzewnej-2-blaty\/#breadcrumb","itemListElement":[{"@type":"ListItem","position":1,"name":"INNOW","item":"https:\/\/innow.pl\/fr\/"},{"@type":"ListItem","position":2,"name":"Produkty","item":"https:\/\/innow.pl\/produkty\/"},{"@type":"ListItem","position":3,"name":"Stoliki i w\u00f3zki medyczne","item":"https:\/\/innow.pl\/produkty\/stoliki-i-wozki-medyczne\/"},{"@type":"ListItem","position":4,"name":"Stoliki zabiegowe i oddzia\u0142owe","item":"https:\/\/innow.pl\/produkty\/stoliki-i-wozki-medyczne\/stoliki-zabiegowe-i-oddzialowe\/"},{"@type":"ListItem","position":5,"name":"TMD-02N &#8211; Stolik oddzia\u0142owy ze stali nierdzewnej, 2 blaty"}]},{"@type":"WebSite","@id":"https:\/\/innow.pl\/#website","url":"https:\/\/innow.pl\/","name":"INNOW","description":"","potentialAction":[{"@type":"SearchAction","target":{"@type":"EntryPoint","urlTemplate":"https:\/\/innow.pl\/?s={search_term_string}"},"query-input":{"@type":"PropertyValueSpecification","valueRequired":true,"valueName":"search_term_string"}}],"inLanguage":"fr-FR"}]}},"_links":{"self":[{"href":"https:\/\/innow.pl\/fr\/wp-json\/wp\/v2\/product\/23828","targetHints":{"allow":["GET"]}}],"collection":[{"href":"https:\/\/innow.pl\/fr\/wp-json\/wp\/v2\/product"}],"about":[{"href":"https:\/\/innow.pl\/fr\/wp-json\/wp\/v2\/types\/product"}],"replies":[{"embeddable":true,"href":"https:\/\/innow.pl\/fr\/wp-json\/wp\/v2\/comments?post=23828"}],"wp:featuredmedia":[{"embeddable":true,"href":"https:\/\/innow.pl\/fr\/wp-json\/wp\/v2\/media\/23830"}],"wp:attachment":[{"href":"https:\/\/innow.pl\/fr\/wp-json\/wp\/v2\/media?parent=23828"}],"wp:term":[{"taxonomy":"product_brand","embeddable":true,"href":"https:\/\/innow.pl\/fr\/wp-json\/wp\/v2\/product_brand?post=23828"},{"taxonomy":"product_cat","embeddable":true,"href":"https:\/\/innow.pl\/fr\/wp-json\/wp\/v2\/product_cat?post=23828"},{"taxonomy":"product_tag","embeddable":true,"href":"https:\/\/innow.pl\/fr\/wp-json\/wp\/v2\/product_tag?post=23828"}],"curies":[{"name":"wp","href":"https:\/\/api.w.org\/{rel}","templated":true}]}}