{"id":23820,"date":"2017-06-02T09:11:41","date_gmt":"2017-06-02T07:11:41","guid":{"rendered":"https:\/\/innow.pl\/produkt\/tms-02-stojak-na-odpady-z-dwoma-miskami-ze-stali-nierdzewnej\/"},"modified":"2025-03-26T13:51:27","modified_gmt":"2025-03-26T12:51:27","slug":"tms-02-stojak-na-odpady-z-dwoma-miskami-ze-stali-nierdzewnej","status":"publish","type":"product","link":"https:\/\/innow.pl\/fr\/produkt\/tms-02-stojak-na-odpady-z-dwoma-miskami-ze-stali-nierdzewnej\/","title":{"rendered":"TMS-02 &#8211; Stojak na odpady z dwoma miskami ze stali nierdzewnej"},"content":{"rendered":"<p>Stojak z 2 miskami na odpady. Konstrukcja ze stali kwasoodpornej (0H18N9) na pi\u0119cioramiennej gwie\u017adzie na k\u00f3\u0142kach.<\/p>\n","protected":false},"excerpt":{"rendered":"<p>Stojak z 2 miskami na odpady. Konstrukcja ze stali kwasoodpornej (0H18N9) na pi\u0119cioramiennej gwie\u017adzie na k\u00f3\u0142kach.<\/p>\n","protected":false},"featured_media":23822,"comment_status":"open","ping_status":"closed","template":"","meta":{"_acf_changed":false},"product_brand":[],"product_cat":[413,396],"product_tag":[],"class_list":{"0":"post-23820","1":"product","2":"type-product","3":"status-publish","4":"has-post-thumbnail","6":"product_cat-brudowniki-wozki-stojaki","7":"product_cat-stoliki-i-wozki-medyczne","8":"pa_pojemnosc-miski-25-l","9":"pa_pojemnosc-miski-5-l","10":"pa_pojemnosc-miski-7-l","11":"pa_srednica-podstawy-60-cm","12":"pa_wysokosc-84-cm","14":"first","15":"instock","16":"taxable","17":"shipping-taxable","18":"purchasable","19":"product-type-simple"},"acf":[],"yoast_head":"<!-- This site is optimized with the Yoast SEO plugin v27.4 - https:\/\/yoast.com\/product\/yoast-seo-wordpress\/ -->\n<title>TMS-02 - Stojak na odpady z dwoma miskami ze stali nierdzewnej - INNOW<\/title>\n<meta name=\"description\" content=\"Praktyczny, mobilny - na 5 k\u00f3\u0142kach, stojak na odpady z dwoma miskami ze stali nierdzewnej. Solidna konstrukcja w atrakcyjnej cenie. Sprawd\u017a!\" \/>\n<meta name=\"robots\" content=\"index, follow, max-snippet:-1, max-image-preview:large, max-video-preview:-1\" \/>\n<link rel=\"canonical\" href=\"https:\/\/innow.pl\/produkt\/tms-02-stojak-na-odpady-z-dwoma-miskami-ze-stali-nierdzewnej\/\" \/>\n<meta property=\"og:locale\" content=\"fr_FR\" \/>\n<meta property=\"og:type\" content=\"article\" \/>\n<meta property=\"og:title\" content=\"TMS-02 - Stojak na odpady z dwoma miskami ze stali nierdzewnej - INNOW\" \/>\n<meta property=\"og:description\" content=\"Praktyczny, mobilny - na 5 k\u00f3\u0142kach, stojak na odpady z dwoma miskami ze stali nierdzewnej. Solidna konstrukcja w atrakcyjnej cenie. Sprawd\u017a!\" \/>\n<meta property=\"og:url\" content=\"https:\/\/innow.pl\/produkt\/tms-02-stojak-na-odpady-z-dwoma-miskami-ze-stali-nierdzewnej\/\" \/>\n<meta property=\"og:site_name\" content=\"INNOW\" \/>\n<meta property=\"article:modified_time\" content=\"2025-03-26T12:51:27+00:00\" \/>\n<meta property=\"og:image\" content=\"https:\/\/innow.pl\/wp-content\/uploads\/2024\/11\/TMS02_1.jpg\" \/>\n\t<meta property=\"og:image:width\" content=\"628\" \/>\n\t<meta property=\"og:image:height\" content=\"628\" \/>\n\t<meta property=\"og:image:type\" content=\"image\/jpeg\" \/>\n<meta name=\"twitter:card\" content=\"summary_large_image\" \/>\n<meta name=\"twitter:label1\" content=\"Dur\u00e9e de lecture estim\u00e9e\" \/>\n\t<meta name=\"twitter:data1\" content=\"1 minute\" \/>\n<script type=\"application\/ld+json\" class=\"yoast-schema-graph\">{\"@context\":\"https:\\\/\\\/schema.org\",\"@graph\":[{\"@type\":\"WebPage\",\"@id\":\"https:\\\/\\\/innow.pl\\\/produkt\\\/tms-02-stojak-na-odpady-z-dwoma-miskami-ze-stali-nierdzewnej\\\/\",\"url\":\"https:\\\/\\\/innow.pl\\\/produkt\\\/tms-02-stojak-na-odpady-z-dwoma-miskami-ze-stali-nierdzewnej\\\/\",\"name\":\"TMS-02 - Stojak na odpady z dwoma miskami ze stali nierdzewnej - INNOW\",\"isPartOf\":{\"@id\":\"https:\\\/\\\/innow.pl\\\/#website\"},\"primaryImageOfPage\":{\"@id\":\"https:\\\/\\\/innow.pl\\\/produkt\\\/tms-02-stojak-na-odpady-z-dwoma-miskami-ze-stali-nierdzewnej\\\/#primaryimage\"},\"image\":{\"@id\":\"https:\\\/\\\/innow.pl\\\/produkt\\\/tms-02-stojak-na-odpady-z-dwoma-miskami-ze-stali-nierdzewnej\\\/#primaryimage\"},\"thumbnailUrl\":\"https:\\\/\\\/innow.pl\\\/wp-content\\\/uploads\\\/2024\\\/11\\\/TMS02_1.jpg\",\"datePublished\":\"2017-06-02T07:11:41+00:00\",\"dateModified\":\"2025-03-26T12:51:27+00:00\",\"description\":\"Praktyczny, mobilny - na 5 k\u00f3\u0142kach, stojak na odpady z dwoma miskami ze stali nierdzewnej. Solidna konstrukcja w atrakcyjnej cenie. Sprawd\u017a!\",\"breadcrumb\":{\"@id\":\"https:\\\/\\\/innow.pl\\\/produkt\\\/tms-02-stojak-na-odpady-z-dwoma-miskami-ze-stali-nierdzewnej\\\/#breadcrumb\"},\"inLanguage\":\"fr-FR\",\"potentialAction\":[{\"@type\":\"ReadAction\",\"target\":[\"https:\\\/\\\/innow.pl\\\/produkt\\\/tms-02-stojak-na-odpady-z-dwoma-miskami-ze-stali-nierdzewnej\\\/\"]}]},{\"@type\":\"ImageObject\",\"inLanguage\":\"fr-FR\",\"@id\":\"https:\\\/\\\/innow.pl\\\/produkt\\\/tms-02-stojak-na-odpady-z-dwoma-miskami-ze-stali-nierdzewnej\\\/#primaryimage\",\"url\":\"https:\\\/\\\/innow.pl\\\/wp-content\\\/uploads\\\/2024\\\/11\\\/TMS02_1.jpg\",\"contentUrl\":\"https:\\\/\\\/innow.pl\\\/wp-content\\\/uploads\\\/2024\\\/11\\\/TMS02_1.jpg\",\"width\":628,\"height\":628,\"caption\":\"Stojak na odpady z dwoma miskami ze stali nierdzewnej \u2013 TMS-02 \u2013 INNOW\"},{\"@type\":\"BreadcrumbList\",\"@id\":\"https:\\\/\\\/innow.pl\\\/produkt\\\/tms-02-stojak-na-odpady-z-dwoma-miskami-ze-stali-nierdzewnej\\\/#breadcrumb\",\"itemListElement\":[{\"@type\":\"ListItem\",\"position\":1,\"name\":\"INNOW\",\"item\":\"https:\\\/\\\/innow.pl\\\/fr\\\/\"},{\"@type\":\"ListItem\",\"position\":2,\"name\":\"Produkty\",\"item\":\"https:\\\/\\\/innow.pl\\\/produkty\\\/\"},{\"@type\":\"ListItem\",\"position\":3,\"name\":\"Stoliki i w\u00f3zki medyczne\",\"item\":\"https:\\\/\\\/innow.pl\\\/produkty\\\/stoliki-i-wozki-medyczne\\\/\"},{\"@type\":\"ListItem\",\"position\":4,\"name\":\"Brudowniki, w\u00f3zki, stojaki\",\"item\":\"https:\\\/\\\/innow.pl\\\/produkty\\\/stoliki-i-wozki-medyczne\\\/brudowniki-wozki-stojaki\\\/\"},{\"@type\":\"ListItem\",\"position\":5,\"name\":\"TMS-02 &#8211; Stojak na odpady z dwoma miskami ze stali nierdzewnej\"}]},{\"@type\":\"WebSite\",\"@id\":\"https:\\\/\\\/innow.pl\\\/#website\",\"url\":\"https:\\\/\\\/innow.pl\\\/\",\"name\":\"INNOW\",\"description\":\"\",\"potentialAction\":[{\"@type\":\"SearchAction\",\"target\":{\"@type\":\"EntryPoint\",\"urlTemplate\":\"https:\\\/\\\/innow.pl\\\/?s={search_term_string}\"},\"query-input\":{\"@type\":\"PropertyValueSpecification\",\"valueRequired\":true,\"valueName\":\"search_term_string\"}}],\"inLanguage\":\"fr-FR\"}]}<\/script>\n<!-- \/ Yoast SEO plugin. -->","yoast_head_json":{"title":"TMS-02 - Stojak na odpady z dwoma miskami ze stali nierdzewnej - INNOW","description":"Praktyczny, mobilny - na 5 k\u00f3\u0142kach, stojak na odpady z dwoma miskami ze stali nierdzewnej. Solidna konstrukcja w atrakcyjnej cenie. Sprawd\u017a!","robots":{"index":"index","follow":"follow","max-snippet":"max-snippet:-1","max-image-preview":"max-image-preview:large","max-video-preview":"max-video-preview:-1"},"canonical":"https:\/\/innow.pl\/produkt\/tms-02-stojak-na-odpady-z-dwoma-miskami-ze-stali-nierdzewnej\/","og_locale":"fr_FR","og_type":"article","og_title":"TMS-02 - Stojak na odpady z dwoma miskami ze stali nierdzewnej - INNOW","og_description":"Praktyczny, mobilny - na 5 k\u00f3\u0142kach, stojak na odpady z dwoma miskami ze stali nierdzewnej. Solidna konstrukcja w atrakcyjnej cenie. Sprawd\u017a!","og_url":"https:\/\/innow.pl\/produkt\/tms-02-stojak-na-odpady-z-dwoma-miskami-ze-stali-nierdzewnej\/","og_site_name":"INNOW","article_modified_time":"2025-03-26T12:51:27+00:00","og_image":[{"width":628,"height":628,"url":"https:\/\/innow.pl\/wp-content\/uploads\/2024\/11\/TMS02_1.jpg","type":"image\/jpeg"}],"twitter_card":"summary_large_image","twitter_misc":{"Dur\u00e9e de lecture estim\u00e9e":"1 minute"},"schema":{"@context":"https:\/\/schema.org","@graph":[{"@type":"WebPage","@id":"https:\/\/innow.pl\/produkt\/tms-02-stojak-na-odpady-z-dwoma-miskami-ze-stali-nierdzewnej\/","url":"https:\/\/innow.pl\/produkt\/tms-02-stojak-na-odpady-z-dwoma-miskami-ze-stali-nierdzewnej\/","name":"TMS-02 - Stojak na odpady z dwoma miskami ze stali nierdzewnej - INNOW","isPartOf":{"@id":"https:\/\/innow.pl\/#website"},"primaryImageOfPage":{"@id":"https:\/\/innow.pl\/produkt\/tms-02-stojak-na-odpady-z-dwoma-miskami-ze-stali-nierdzewnej\/#primaryimage"},"image":{"@id":"https:\/\/innow.pl\/produkt\/tms-02-stojak-na-odpady-z-dwoma-miskami-ze-stali-nierdzewnej\/#primaryimage"},"thumbnailUrl":"https:\/\/innow.pl\/wp-content\/uploads\/2024\/11\/TMS02_1.jpg","datePublished":"2017-06-02T07:11:41+00:00","dateModified":"2025-03-26T12:51:27+00:00","description":"Praktyczny, mobilny - na 5 k\u00f3\u0142kach, stojak na odpady z dwoma miskami ze stali nierdzewnej. Solidna konstrukcja w atrakcyjnej cenie. Sprawd\u017a!","breadcrumb":{"@id":"https:\/\/innow.pl\/produkt\/tms-02-stojak-na-odpady-z-dwoma-miskami-ze-stali-nierdzewnej\/#breadcrumb"},"inLanguage":"fr-FR","potentialAction":[{"@type":"ReadAction","target":["https:\/\/innow.pl\/produkt\/tms-02-stojak-na-odpady-z-dwoma-miskami-ze-stali-nierdzewnej\/"]}]},{"@type":"ImageObject","inLanguage":"fr-FR","@id":"https:\/\/innow.pl\/produkt\/tms-02-stojak-na-odpady-z-dwoma-miskami-ze-stali-nierdzewnej\/#primaryimage","url":"https:\/\/innow.pl\/wp-content\/uploads\/2024\/11\/TMS02_1.jpg","contentUrl":"https:\/\/innow.pl\/wp-content\/uploads\/2024\/11\/TMS02_1.jpg","width":628,"height":628,"caption":"Stojak na odpady z dwoma miskami ze stali nierdzewnej \u2013 TMS-02 \u2013 INNOW"},{"@type":"BreadcrumbList","@id":"https:\/\/innow.pl\/produkt\/tms-02-stojak-na-odpady-z-dwoma-miskami-ze-stali-nierdzewnej\/#breadcrumb","itemListElement":[{"@type":"ListItem","position":1,"name":"INNOW","item":"https:\/\/innow.pl\/fr\/"},{"@type":"ListItem","position":2,"name":"Produkty","item":"https:\/\/innow.pl\/produkty\/"},{"@type":"ListItem","position":3,"name":"Stoliki i w\u00f3zki medyczne","item":"https:\/\/innow.pl\/produkty\/stoliki-i-wozki-medyczne\/"},{"@type":"ListItem","position":4,"name":"Brudowniki, w\u00f3zki, stojaki","item":"https:\/\/innow.pl\/produkty\/stoliki-i-wozki-medyczne\/brudowniki-wozki-stojaki\/"},{"@type":"ListItem","position":5,"name":"TMS-02 &#8211; Stojak na odpady z dwoma miskami ze stali nierdzewnej"}]},{"@type":"WebSite","@id":"https:\/\/innow.pl\/#website","url":"https:\/\/innow.pl\/","name":"INNOW","description":"","potentialAction":[{"@type":"SearchAction","target":{"@type":"EntryPoint","urlTemplate":"https:\/\/innow.pl\/?s={search_term_string}"},"query-input":{"@type":"PropertyValueSpecification","valueRequired":true,"valueName":"search_term_string"}}],"inLanguage":"fr-FR"}]}},"_links":{"self":[{"href":"https:\/\/innow.pl\/fr\/wp-json\/wp\/v2\/product\/23820","targetHints":{"allow":["GET"]}}],"collection":[{"href":"https:\/\/innow.pl\/fr\/wp-json\/wp\/v2\/product"}],"about":[{"href":"https:\/\/innow.pl\/fr\/wp-json\/wp\/v2\/types\/product"}],"replies":[{"embeddable":true,"href":"https:\/\/innow.pl\/fr\/wp-json\/wp\/v2\/comments?post=23820"}],"wp:featuredmedia":[{"embeddable":true,"href":"https:\/\/innow.pl\/fr\/wp-json\/wp\/v2\/media\/23822"}],"wp:attachment":[{"href":"https:\/\/innow.pl\/fr\/wp-json\/wp\/v2\/media?parent=23820"}],"wp:term":[{"taxonomy":"product_brand","embeddable":true,"href":"https:\/\/innow.pl\/fr\/wp-json\/wp\/v2\/product_brand?post=23820"},{"taxonomy":"product_cat","embeddable":true,"href":"https:\/\/innow.pl\/fr\/wp-json\/wp\/v2\/product_cat?post=23820"},{"taxonomy":"product_tag","embeddable":true,"href":"https:\/\/innow.pl\/fr\/wp-json\/wp\/v2\/product_tag?post=23820"}],"curies":[{"name":"wp","href":"https:\/\/api.w.org\/{rel}","templated":true}]}}