{"id":23760,"date":"2018-09-20T09:57:08","date_gmt":"2018-09-20T07:57:08","guid":{"rendered":"https:\/\/innow.pl\/produkt\/podw-podajnik-podkladow-ochronnych-wolnostojacy\/"},"modified":"2025-02-17T13:11:57","modified_gmt":"2025-02-17T12:11:57","slug":"podw-podajnik-podkladow-ochronnych-wolnostojacy","status":"publish","type":"product","link":"https:\/\/innow.pl\/fr\/produkt\/podw-podajnik-podkladow-ochronnych-wolnostojacy\/","title":{"rendered":"PODINN &#8211; Podajnik podk\u0142ad\u00f3w ochronnych, wolnostoj\u0105cy"},"content":{"rendered":"<p>Przeno\u015bny, funkcjonalny i bardzo praktyczny podajnik podk\u0142ad\u00f3w. Zapewnia \u0142atwy i wygodny dost\u0119p do podk\u0142ad\u00f3w ochronnych. <em>Inne nazwy: podajnik podk\u0142ad\u00f3w, wieszak na r\u0119czniki.<\/em> \u00a0<\/p>\n","protected":false},"excerpt":{"rendered":"<p>Przeno\u015bny, funkcjonalny i bardzo praktyczny podajnik podk\u0142ad\u00f3w. Zapewnia \u0142atwy i wygodny dost\u0119p do podk\u0142ad\u00f3w ochronnych. Inne nazwy: podajnik podk\u0142ad\u00f3w, wieszak na r\u0119czniki. \u00a0<\/p>\n","protected":false},"featured_media":23762,"comment_status":"open","ping_status":"closed","template":"","meta":{"_acf_changed":false},"product_brand":[],"product_cat":[395,431],"product_tag":[],"class_list":{"0":"post-23760","1":"product","2":"type-product","3":"status-publish","4":"has-post-thumbnail","6":"product_cat-ochrona-i-dezynfekcja","7":"product_cat-podajniki-podkladow-ochronnych","9":"first","10":"instock","11":"taxable","12":"shipping-taxable","13":"purchasable","14":"product-type-simple"},"acf":[],"yoast_head":"<!-- This site is optimized with the Yoast SEO plugin v27.4 - https:\/\/yoast.com\/product\/yoast-seo-wordpress\/ -->\n<title>PODINN - Podajnik podk\u0142ad\u00f3w ochronnych, wolnostoj\u0105cy - INNOW<\/title>\n<meta name=\"description\" content=\"Praktyczny podajnik podk\u0142ad\u00f3w ochronnych, wolnostoj\u0105cy, u\u0142atwiaj\u0105cy ich u\u017cytkowanie zapewniaj\u0105c wygodny dost\u0119p do rozwijanych podk\u0142ad\u00f3w. Kliknij!\" \/>\n<meta name=\"robots\" content=\"index, follow, max-snippet:-1, max-image-preview:large, max-video-preview:-1\" \/>\n<link rel=\"canonical\" href=\"https:\/\/innow.pl\/produkt\/podw-podajnik-podkladow-ochronnych-wolnostojacy\/\" \/>\n<meta property=\"og:locale\" content=\"fr_FR\" \/>\n<meta property=\"og:type\" content=\"article\" \/>\n<meta property=\"og:title\" content=\"PODINN - Podajnik podk\u0142ad\u00f3w ochronnych, wolnostoj\u0105cy - INNOW\" \/>\n<meta property=\"og:description\" content=\"Praktyczny podajnik podk\u0142ad\u00f3w ochronnych, wolnostoj\u0105cy, u\u0142atwiaj\u0105cy ich u\u017cytkowanie zapewniaj\u0105c wygodny dost\u0119p do rozwijanych podk\u0142ad\u00f3w. Kliknij!\" \/>\n<meta property=\"og:url\" content=\"https:\/\/innow.pl\/produkt\/podw-podajnik-podkladow-ochronnych-wolnostojacy\/\" \/>\n<meta property=\"og:site_name\" content=\"INNOW\" \/>\n<meta property=\"article:modified_time\" content=\"2025-02-17T12:11:57+00:00\" \/>\n<meta property=\"og:image\" content=\"https:\/\/innow.pl\/wp-content\/uploads\/2024\/11\/PODW_nowy.jpg\" \/>\n\t<meta property=\"og:image:width\" content=\"800\" \/>\n\t<meta property=\"og:image:height\" content=\"800\" \/>\n\t<meta property=\"og:image:type\" content=\"image\/jpeg\" \/>\n<meta name=\"twitter:card\" content=\"summary_large_image\" \/>\n<meta name=\"twitter:label1\" content=\"Dur\u00e9e de lecture estim\u00e9e\" \/>\n\t<meta name=\"twitter:data1\" content=\"1 minute\" \/>\n<script type=\"application\/ld+json\" class=\"yoast-schema-graph\">{\"@context\":\"https:\\\/\\\/schema.org\",\"@graph\":[{\"@type\":\"WebPage\",\"@id\":\"https:\\\/\\\/innow.pl\\\/produkt\\\/podw-podajnik-podkladow-ochronnych-wolnostojacy\\\/\",\"url\":\"https:\\\/\\\/innow.pl\\\/produkt\\\/podw-podajnik-podkladow-ochronnych-wolnostojacy\\\/\",\"name\":\"PODINN - Podajnik podk\u0142ad\u00f3w ochronnych, wolnostoj\u0105cy - INNOW\",\"isPartOf\":{\"@id\":\"https:\\\/\\\/innow.pl\\\/#website\"},\"primaryImageOfPage\":{\"@id\":\"https:\\\/\\\/innow.pl\\\/produkt\\\/podw-podajnik-podkladow-ochronnych-wolnostojacy\\\/#primaryimage\"},\"image\":{\"@id\":\"https:\\\/\\\/innow.pl\\\/produkt\\\/podw-podajnik-podkladow-ochronnych-wolnostojacy\\\/#primaryimage\"},\"thumbnailUrl\":\"https:\\\/\\\/innow.pl\\\/wp-content\\\/uploads\\\/2024\\\/11\\\/PODW_nowy.jpg\",\"datePublished\":\"2018-09-20T07:57:08+00:00\",\"dateModified\":\"2025-02-17T12:11:57+00:00\",\"description\":\"Praktyczny podajnik podk\u0142ad\u00f3w ochronnych, wolnostoj\u0105cy, u\u0142atwiaj\u0105cy ich u\u017cytkowanie zapewniaj\u0105c wygodny dost\u0119p do rozwijanych podk\u0142ad\u00f3w. Kliknij!\",\"breadcrumb\":{\"@id\":\"https:\\\/\\\/innow.pl\\\/produkt\\\/podw-podajnik-podkladow-ochronnych-wolnostojacy\\\/#breadcrumb\"},\"inLanguage\":\"fr-FR\",\"potentialAction\":[{\"@type\":\"ReadAction\",\"target\":[\"https:\\\/\\\/innow.pl\\\/produkt\\\/podw-podajnik-podkladow-ochronnych-wolnostojacy\\\/\"]}]},{\"@type\":\"ImageObject\",\"inLanguage\":\"fr-FR\",\"@id\":\"https:\\\/\\\/innow.pl\\\/produkt\\\/podw-podajnik-podkladow-ochronnych-wolnostojacy\\\/#primaryimage\",\"url\":\"https:\\\/\\\/innow.pl\\\/wp-content\\\/uploads\\\/2024\\\/11\\\/PODW_nowy.jpg\",\"contentUrl\":\"https:\\\/\\\/innow.pl\\\/wp-content\\\/uploads\\\/2024\\\/11\\\/PODW_nowy.jpg\",\"width\":800,\"height\":800,\"caption\":\"Podajnik podk\u0142ad\u00f3w ochronnych, wolnostoj\u0105cy \u2013 PODW \u2013 INNOW\"},{\"@type\":\"BreadcrumbList\",\"@id\":\"https:\\\/\\\/innow.pl\\\/produkt\\\/podw-podajnik-podkladow-ochronnych-wolnostojacy\\\/#breadcrumb\",\"itemListElement\":[{\"@type\":\"ListItem\",\"position\":1,\"name\":\"INNOW\",\"item\":\"https:\\\/\\\/innow.pl\\\/fr\\\/\"},{\"@type\":\"ListItem\",\"position\":2,\"name\":\"Produkty\",\"item\":\"https:\\\/\\\/innow.pl\\\/produkty\\\/\"},{\"@type\":\"ListItem\",\"position\":3,\"name\":\"Ochrona i dezynfekcja\",\"item\":\"https:\\\/\\\/innow.pl\\\/produkty\\\/ochrona-i-dezynfekcja\\\/\"},{\"@type\":\"ListItem\",\"position\":4,\"name\":\"Podajniki podk\u0142ad\u00f3w ochronnych\",\"item\":\"https:\\\/\\\/innow.pl\\\/produkty\\\/ochrona-i-dezynfekcja\\\/podajniki-podkladow-ochronnych\\\/\"},{\"@type\":\"ListItem\",\"position\":5,\"name\":\"PODINN &#8211; Podajnik podk\u0142ad\u00f3w ochronnych, wolnostoj\u0105cy\"}]},{\"@type\":\"WebSite\",\"@id\":\"https:\\\/\\\/innow.pl\\\/#website\",\"url\":\"https:\\\/\\\/innow.pl\\\/\",\"name\":\"INNOW\",\"description\":\"\",\"potentialAction\":[{\"@type\":\"SearchAction\",\"target\":{\"@type\":\"EntryPoint\",\"urlTemplate\":\"https:\\\/\\\/innow.pl\\\/?s={search_term_string}\"},\"query-input\":{\"@type\":\"PropertyValueSpecification\",\"valueRequired\":true,\"valueName\":\"search_term_string\"}}],\"inLanguage\":\"fr-FR\"}]}<\/script>\n<!-- \/ Yoast SEO plugin. -->","yoast_head_json":{"title":"PODINN - Podajnik podk\u0142ad\u00f3w ochronnych, wolnostoj\u0105cy - INNOW","description":"Praktyczny podajnik podk\u0142ad\u00f3w ochronnych, wolnostoj\u0105cy, u\u0142atwiaj\u0105cy ich u\u017cytkowanie zapewniaj\u0105c wygodny dost\u0119p do rozwijanych podk\u0142ad\u00f3w. Kliknij!","robots":{"index":"index","follow":"follow","max-snippet":"max-snippet:-1","max-image-preview":"max-image-preview:large","max-video-preview":"max-video-preview:-1"},"canonical":"https:\/\/innow.pl\/produkt\/podw-podajnik-podkladow-ochronnych-wolnostojacy\/","og_locale":"fr_FR","og_type":"article","og_title":"PODINN - Podajnik podk\u0142ad\u00f3w ochronnych, wolnostoj\u0105cy - INNOW","og_description":"Praktyczny podajnik podk\u0142ad\u00f3w ochronnych, wolnostoj\u0105cy, u\u0142atwiaj\u0105cy ich u\u017cytkowanie zapewniaj\u0105c wygodny dost\u0119p do rozwijanych podk\u0142ad\u00f3w. Kliknij!","og_url":"https:\/\/innow.pl\/produkt\/podw-podajnik-podkladow-ochronnych-wolnostojacy\/","og_site_name":"INNOW","article_modified_time":"2025-02-17T12:11:57+00:00","og_image":[{"width":800,"height":800,"url":"https:\/\/innow.pl\/wp-content\/uploads\/2024\/11\/PODW_nowy.jpg","type":"image\/jpeg"}],"twitter_card":"summary_large_image","twitter_misc":{"Dur\u00e9e de lecture estim\u00e9e":"1 minute"},"schema":{"@context":"https:\/\/schema.org","@graph":[{"@type":"WebPage","@id":"https:\/\/innow.pl\/produkt\/podw-podajnik-podkladow-ochronnych-wolnostojacy\/","url":"https:\/\/innow.pl\/produkt\/podw-podajnik-podkladow-ochronnych-wolnostojacy\/","name":"PODINN - Podajnik podk\u0142ad\u00f3w ochronnych, wolnostoj\u0105cy - INNOW","isPartOf":{"@id":"https:\/\/innow.pl\/#website"},"primaryImageOfPage":{"@id":"https:\/\/innow.pl\/produkt\/podw-podajnik-podkladow-ochronnych-wolnostojacy\/#primaryimage"},"image":{"@id":"https:\/\/innow.pl\/produkt\/podw-podajnik-podkladow-ochronnych-wolnostojacy\/#primaryimage"},"thumbnailUrl":"https:\/\/innow.pl\/wp-content\/uploads\/2024\/11\/PODW_nowy.jpg","datePublished":"2018-09-20T07:57:08+00:00","dateModified":"2025-02-17T12:11:57+00:00","description":"Praktyczny podajnik podk\u0142ad\u00f3w ochronnych, wolnostoj\u0105cy, u\u0142atwiaj\u0105cy ich u\u017cytkowanie zapewniaj\u0105c wygodny dost\u0119p do rozwijanych podk\u0142ad\u00f3w. Kliknij!","breadcrumb":{"@id":"https:\/\/innow.pl\/produkt\/podw-podajnik-podkladow-ochronnych-wolnostojacy\/#breadcrumb"},"inLanguage":"fr-FR","potentialAction":[{"@type":"ReadAction","target":["https:\/\/innow.pl\/produkt\/podw-podajnik-podkladow-ochronnych-wolnostojacy\/"]}]},{"@type":"ImageObject","inLanguage":"fr-FR","@id":"https:\/\/innow.pl\/produkt\/podw-podajnik-podkladow-ochronnych-wolnostojacy\/#primaryimage","url":"https:\/\/innow.pl\/wp-content\/uploads\/2024\/11\/PODW_nowy.jpg","contentUrl":"https:\/\/innow.pl\/wp-content\/uploads\/2024\/11\/PODW_nowy.jpg","width":800,"height":800,"caption":"Podajnik podk\u0142ad\u00f3w ochronnych, wolnostoj\u0105cy \u2013 PODW \u2013 INNOW"},{"@type":"BreadcrumbList","@id":"https:\/\/innow.pl\/produkt\/podw-podajnik-podkladow-ochronnych-wolnostojacy\/#breadcrumb","itemListElement":[{"@type":"ListItem","position":1,"name":"INNOW","item":"https:\/\/innow.pl\/fr\/"},{"@type":"ListItem","position":2,"name":"Produkty","item":"https:\/\/innow.pl\/produkty\/"},{"@type":"ListItem","position":3,"name":"Ochrona i dezynfekcja","item":"https:\/\/innow.pl\/produkty\/ochrona-i-dezynfekcja\/"},{"@type":"ListItem","position":4,"name":"Podajniki podk\u0142ad\u00f3w ochronnych","item":"https:\/\/innow.pl\/produkty\/ochrona-i-dezynfekcja\/podajniki-podkladow-ochronnych\/"},{"@type":"ListItem","position":5,"name":"PODINN &#8211; Podajnik podk\u0142ad\u00f3w ochronnych, wolnostoj\u0105cy"}]},{"@type":"WebSite","@id":"https:\/\/innow.pl\/#website","url":"https:\/\/innow.pl\/","name":"INNOW","description":"","potentialAction":[{"@type":"SearchAction","target":{"@type":"EntryPoint","urlTemplate":"https:\/\/innow.pl\/?s={search_term_string}"},"query-input":{"@type":"PropertyValueSpecification","valueRequired":true,"valueName":"search_term_string"}}],"inLanguage":"fr-FR"}]}},"_links":{"self":[{"href":"https:\/\/innow.pl\/fr\/wp-json\/wp\/v2\/product\/23760","targetHints":{"allow":["GET"]}}],"collection":[{"href":"https:\/\/innow.pl\/fr\/wp-json\/wp\/v2\/product"}],"about":[{"href":"https:\/\/innow.pl\/fr\/wp-json\/wp\/v2\/types\/product"}],"replies":[{"embeddable":true,"href":"https:\/\/innow.pl\/fr\/wp-json\/wp\/v2\/comments?post=23760"}],"wp:featuredmedia":[{"embeddable":true,"href":"https:\/\/innow.pl\/fr\/wp-json\/wp\/v2\/media\/23762"}],"wp:attachment":[{"href":"https:\/\/innow.pl\/fr\/wp-json\/wp\/v2\/media?parent=23760"}],"wp:term":[{"taxonomy":"product_brand","embeddable":true,"href":"https:\/\/innow.pl\/fr\/wp-json\/wp\/v2\/product_brand?post=23760"},{"taxonomy":"product_cat","embeddable":true,"href":"https:\/\/innow.pl\/fr\/wp-json\/wp\/v2\/product_cat?post=23760"},{"taxonomy":"product_tag","embeddable":true,"href":"https:\/\/innow.pl\/fr\/wp-json\/wp\/v2\/product_tag?post=23760"}],"curies":[{"name":"wp","href":"https:\/\/api.w.org\/{rel}","templated":true}]}}