{"id":23752,"date":"2017-06-29T08:50:37","date_gmt":"2017-06-29T06:50:37","guid":{"rendered":"https:\/\/innow.pl\/produkt\/x-lite-innow-podklad-ochronny-bibulowy-o-szerokosci-50-cm\/"},"modified":"2025-03-04T11:47:58","modified_gmt":"2025-03-04T10:47:58","slug":"x-lite-innow-podklad-ochronny-bibulowy-o-szerokosci-50-cm","status":"publish","type":"product","link":"https:\/\/innow.pl\/fr\/produkt\/x-lite-innow-podklad-ochronny-bibulowy-o-szerokosci-50-cm\/","title":{"rendered":"X-lite INNOW &#8211; Podk\u0142ad ochronny bibu\u0142owy o szeroko\u015bci 50 cm"},"content":{"rendered":"<p>Cechy podk\u0142ad\u00f3w X-lite INNOW:<\/p>\n<ul>\n<li>2 warstwy bibu\u0142y higienicznej,<\/li>\n<li>perforacja co 50 cm,<\/li>\n<li>wysoka wch\u0142anialno\u015b\u0107 p\u0142yn\u00f3w fizjologicznych (\u015blina, mocz) i patologicznych (ropa, krew, wysi\u0119ki),<\/li>\n<li>perforacja pozwalaj\u0105ca na dostosowanie d\u0142ugo\u015bci podk\u0142adu do mebla medycznego, na kt\u00f3rym jest rozk\u0142adany (kozetka, stopie\u0144, st\u00f3\u0142, fotel),<\/li>\n<li>skuteczne odizolowanie pacjenta od powierzchni le\u017cyska, siedziska, stopnia czy innych mebli medycznych,<\/li>\n<li>zapewnienie poprawy warunk\u00f3w higienicznych, zmniejszenie prawdopodobie\u0144stwa wyst\u0105pienia zaka\u017ce\u0144.<\/li>\n<\/ul>\n<p>Mo\u017cliwo\u015b\u0107 zakupu w dowolnej ilo\u015bci. Podk\u0142ady wysy\u0142ane s\u0105 losowo \u2013 z nadrukiem lub bez nadruku. \u00a0<\/p>\n","protected":false},"excerpt":{"rendered":"<p>Cechy podk\u0142ad\u00f3w X-lite INNOW: 2 warstwy bibu\u0142y higienicznej, perforacja co 50 cm, wysoka wch\u0142anialno\u015b\u0107 p\u0142yn\u00f3w fizjologicznych (\u015blina, mocz) i patologicznych (ropa, krew, wysi\u0119ki), perforacja pozwalaj\u0105ca na dostosowanie d\u0142ugo\u015bci podk\u0142adu do mebla medycznego, na kt\u00f3rym jest rozk\u0142adany (kozetka, stopie\u0144, st\u00f3\u0142, fotel), skuteczne odizolowanie pacjenta od powierzchni le\u017cyska, siedziska, stopnia czy innych mebli medycznych, zapewnienie poprawy warunk\u00f3w [&hellip;]<\/p>\n","protected":false},"featured_media":23754,"comment_status":"open","ping_status":"closed","template":"","meta":{"_acf_changed":false},"product_brand":[],"product_cat":[395,432],"product_tag":[],"class_list":{"0":"post-23752","1":"product","2":"type-product","3":"status-publish","4":"has-post-thumbnail","6":"product_cat-ochrona-i-dezynfekcja","7":"product_cat-podklady-ochronne","8":"pa_ilosc-odcinkow-776","9":"pa_wymiar-odcinka-50-x-50-cm","11":"first","12":"instock","13":"taxable","14":"shipping-taxable","15":"purchasable","16":"product-type-simple"},"acf":[],"yoast_head":"<!-- This site is optimized with the Yoast SEO plugin v27.4 - https:\/\/yoast.com\/product\/yoast-seo-wordpress\/ -->\n<title>X-lite INNOW - Podk\u0142ad ochronny bibu\u0142owy o szeroko\u015bci 50 cm - INNOW<\/title>\n<meta name=\"description\" content=\"Wysoka wch\u0142anialno\u015b\u0107 i ochrona! Podk\u0142ad ochronny wykonany z dw\u00f3ch warstw bibu\u0142y higienicznej z perforacj\u0105. Utrzymanie higieny podczas zabieg\u00f3w. Zobacz!\" \/>\n<meta name=\"robots\" content=\"index, follow, max-snippet:-1, max-image-preview:large, max-video-preview:-1\" \/>\n<link rel=\"canonical\" href=\"https:\/\/innow.pl\/produkt\/x-lite-innow-podklad-ochronny-bibulowy-o-szerokosci-50-cm\/\" \/>\n<meta property=\"og:locale\" content=\"fr_FR\" \/>\n<meta property=\"og:type\" content=\"article\" \/>\n<meta property=\"og:title\" content=\"X-lite INNOW - Podk\u0142ad ochronny bibu\u0142owy o szeroko\u015bci 50 cm - INNOW\" \/>\n<meta property=\"og:description\" content=\"Wysoka wch\u0142anialno\u015b\u0107 i ochrona! Podk\u0142ad ochronny wykonany z dw\u00f3ch warstw bibu\u0142y higienicznej z perforacj\u0105. Utrzymanie higieny podczas zabieg\u00f3w. Zobacz!\" \/>\n<meta property=\"og:url\" content=\"https:\/\/innow.pl\/produkt\/x-lite-innow-podklad-ochronny-bibulowy-o-szerokosci-50-cm\/\" \/>\n<meta property=\"og:site_name\" content=\"INNOW\" \/>\n<meta property=\"article:modified_time\" content=\"2025-03-04T10:47:58+00:00\" \/>\n<meta property=\"og:image\" content=\"https:\/\/innow.pl\/wp-content\/uploads\/2024\/11\/xlite_1.jpg\" \/>\n\t<meta property=\"og:image:width\" content=\"480\" \/>\n\t<meta property=\"og:image:height\" content=\"480\" \/>\n\t<meta property=\"og:image:type\" content=\"image\/jpeg\" \/>\n<meta name=\"twitter:card\" content=\"summary_large_image\" \/>\n<meta name=\"twitter:label1\" content=\"Dur\u00e9e de lecture estim\u00e9e\" \/>\n\t<meta name=\"twitter:data1\" content=\"1 minute\" \/>\n<script type=\"application\/ld+json\" class=\"yoast-schema-graph\">{\"@context\":\"https:\\\/\\\/schema.org\",\"@graph\":[{\"@type\":\"WebPage\",\"@id\":\"https:\\\/\\\/innow.pl\\\/produkt\\\/x-lite-innow-podklad-ochronny-bibulowy-o-szerokosci-50-cm\\\/\",\"url\":\"https:\\\/\\\/innow.pl\\\/produkt\\\/x-lite-innow-podklad-ochronny-bibulowy-o-szerokosci-50-cm\\\/\",\"name\":\"X-lite INNOW - Podk\u0142ad ochronny bibu\u0142owy o szeroko\u015bci 50 cm - INNOW\",\"isPartOf\":{\"@id\":\"https:\\\/\\\/innow.pl\\\/#website\"},\"primaryImageOfPage\":{\"@id\":\"https:\\\/\\\/innow.pl\\\/produkt\\\/x-lite-innow-podklad-ochronny-bibulowy-o-szerokosci-50-cm\\\/#primaryimage\"},\"image\":{\"@id\":\"https:\\\/\\\/innow.pl\\\/produkt\\\/x-lite-innow-podklad-ochronny-bibulowy-o-szerokosci-50-cm\\\/#primaryimage\"},\"thumbnailUrl\":\"https:\\\/\\\/innow.pl\\\/wp-content\\\/uploads\\\/2024\\\/11\\\/xlite_1.jpg\",\"datePublished\":\"2017-06-29T06:50:37+00:00\",\"dateModified\":\"2025-03-04T10:47:58+00:00\",\"description\":\"Wysoka wch\u0142anialno\u015b\u0107 i ochrona! Podk\u0142ad ochronny wykonany z dw\u00f3ch warstw bibu\u0142y higienicznej z perforacj\u0105. Utrzymanie higieny podczas zabieg\u00f3w. Zobacz!\",\"breadcrumb\":{\"@id\":\"https:\\\/\\\/innow.pl\\\/produkt\\\/x-lite-innow-podklad-ochronny-bibulowy-o-szerokosci-50-cm\\\/#breadcrumb\"},\"inLanguage\":\"fr-FR\",\"potentialAction\":[{\"@type\":\"ReadAction\",\"target\":[\"https:\\\/\\\/innow.pl\\\/produkt\\\/x-lite-innow-podklad-ochronny-bibulowy-o-szerokosci-50-cm\\\/\"]}]},{\"@type\":\"ImageObject\",\"inLanguage\":\"fr-FR\",\"@id\":\"https:\\\/\\\/innow.pl\\\/produkt\\\/x-lite-innow-podklad-ochronny-bibulowy-o-szerokosci-50-cm\\\/#primaryimage\",\"url\":\"https:\\\/\\\/innow.pl\\\/wp-content\\\/uploads\\\/2024\\\/11\\\/xlite_1.jpg\",\"contentUrl\":\"https:\\\/\\\/innow.pl\\\/wp-content\\\/uploads\\\/2024\\\/11\\\/xlite_1.jpg\",\"width\":480,\"height\":480,\"caption\":\"Podk\u0142ad ochronny bibu\u0142owy o szeroko\u015bci 50 cm - X-lite INNOW - INNOW\"},{\"@type\":\"BreadcrumbList\",\"@id\":\"https:\\\/\\\/innow.pl\\\/produkt\\\/x-lite-innow-podklad-ochronny-bibulowy-o-szerokosci-50-cm\\\/#breadcrumb\",\"itemListElement\":[{\"@type\":\"ListItem\",\"position\":1,\"name\":\"INNOW\",\"item\":\"https:\\\/\\\/innow.pl\\\/fr\\\/\"},{\"@type\":\"ListItem\",\"position\":2,\"name\":\"Produkty\",\"item\":\"https:\\\/\\\/innow.pl\\\/produkty\\\/\"},{\"@type\":\"ListItem\",\"position\":3,\"name\":\"Ochrona i dezynfekcja\",\"item\":\"https:\\\/\\\/innow.pl\\\/produkty\\\/ochrona-i-dezynfekcja\\\/\"},{\"@type\":\"ListItem\",\"position\":4,\"name\":\"Podk\u0142ady ochronne\",\"item\":\"https:\\\/\\\/innow.pl\\\/produkty\\\/ochrona-i-dezynfekcja\\\/podklady-ochronne\\\/\"},{\"@type\":\"ListItem\",\"position\":5,\"name\":\"X-lite INNOW &#8211; Podk\u0142ad ochronny bibu\u0142owy o szeroko\u015bci 50 cm\"}]},{\"@type\":\"WebSite\",\"@id\":\"https:\\\/\\\/innow.pl\\\/#website\",\"url\":\"https:\\\/\\\/innow.pl\\\/\",\"name\":\"INNOW\",\"description\":\"\",\"potentialAction\":[{\"@type\":\"SearchAction\",\"target\":{\"@type\":\"EntryPoint\",\"urlTemplate\":\"https:\\\/\\\/innow.pl\\\/?s={search_term_string}\"},\"query-input\":{\"@type\":\"PropertyValueSpecification\",\"valueRequired\":true,\"valueName\":\"search_term_string\"}}],\"inLanguage\":\"fr-FR\"}]}<\/script>\n<!-- \/ Yoast SEO plugin. -->","yoast_head_json":{"title":"X-lite INNOW - Podk\u0142ad ochronny bibu\u0142owy o szeroko\u015bci 50 cm - INNOW","description":"Wysoka wch\u0142anialno\u015b\u0107 i ochrona! Podk\u0142ad ochronny wykonany z dw\u00f3ch warstw bibu\u0142y higienicznej z perforacj\u0105. Utrzymanie higieny podczas zabieg\u00f3w. Zobacz!","robots":{"index":"index","follow":"follow","max-snippet":"max-snippet:-1","max-image-preview":"max-image-preview:large","max-video-preview":"max-video-preview:-1"},"canonical":"https:\/\/innow.pl\/produkt\/x-lite-innow-podklad-ochronny-bibulowy-o-szerokosci-50-cm\/","og_locale":"fr_FR","og_type":"article","og_title":"X-lite INNOW - Podk\u0142ad ochronny bibu\u0142owy o szeroko\u015bci 50 cm - INNOW","og_description":"Wysoka wch\u0142anialno\u015b\u0107 i ochrona! Podk\u0142ad ochronny wykonany z dw\u00f3ch warstw bibu\u0142y higienicznej z perforacj\u0105. Utrzymanie higieny podczas zabieg\u00f3w. Zobacz!","og_url":"https:\/\/innow.pl\/produkt\/x-lite-innow-podklad-ochronny-bibulowy-o-szerokosci-50-cm\/","og_site_name":"INNOW","article_modified_time":"2025-03-04T10:47:58+00:00","og_image":[{"width":480,"height":480,"url":"https:\/\/innow.pl\/wp-content\/uploads\/2024\/11\/xlite_1.jpg","type":"image\/jpeg"}],"twitter_card":"summary_large_image","twitter_misc":{"Dur\u00e9e de lecture estim\u00e9e":"1 minute"},"schema":{"@context":"https:\/\/schema.org","@graph":[{"@type":"WebPage","@id":"https:\/\/innow.pl\/produkt\/x-lite-innow-podklad-ochronny-bibulowy-o-szerokosci-50-cm\/","url":"https:\/\/innow.pl\/produkt\/x-lite-innow-podklad-ochronny-bibulowy-o-szerokosci-50-cm\/","name":"X-lite INNOW - Podk\u0142ad ochronny bibu\u0142owy o szeroko\u015bci 50 cm - INNOW","isPartOf":{"@id":"https:\/\/innow.pl\/#website"},"primaryImageOfPage":{"@id":"https:\/\/innow.pl\/produkt\/x-lite-innow-podklad-ochronny-bibulowy-o-szerokosci-50-cm\/#primaryimage"},"image":{"@id":"https:\/\/innow.pl\/produkt\/x-lite-innow-podklad-ochronny-bibulowy-o-szerokosci-50-cm\/#primaryimage"},"thumbnailUrl":"https:\/\/innow.pl\/wp-content\/uploads\/2024\/11\/xlite_1.jpg","datePublished":"2017-06-29T06:50:37+00:00","dateModified":"2025-03-04T10:47:58+00:00","description":"Wysoka wch\u0142anialno\u015b\u0107 i ochrona! Podk\u0142ad ochronny wykonany z dw\u00f3ch warstw bibu\u0142y higienicznej z perforacj\u0105. Utrzymanie higieny podczas zabieg\u00f3w. Zobacz!","breadcrumb":{"@id":"https:\/\/innow.pl\/produkt\/x-lite-innow-podklad-ochronny-bibulowy-o-szerokosci-50-cm\/#breadcrumb"},"inLanguage":"fr-FR","potentialAction":[{"@type":"ReadAction","target":["https:\/\/innow.pl\/produkt\/x-lite-innow-podklad-ochronny-bibulowy-o-szerokosci-50-cm\/"]}]},{"@type":"ImageObject","inLanguage":"fr-FR","@id":"https:\/\/innow.pl\/produkt\/x-lite-innow-podklad-ochronny-bibulowy-o-szerokosci-50-cm\/#primaryimage","url":"https:\/\/innow.pl\/wp-content\/uploads\/2024\/11\/xlite_1.jpg","contentUrl":"https:\/\/innow.pl\/wp-content\/uploads\/2024\/11\/xlite_1.jpg","width":480,"height":480,"caption":"Podk\u0142ad ochronny bibu\u0142owy o szeroko\u015bci 50 cm - X-lite INNOW - INNOW"},{"@type":"BreadcrumbList","@id":"https:\/\/innow.pl\/produkt\/x-lite-innow-podklad-ochronny-bibulowy-o-szerokosci-50-cm\/#breadcrumb","itemListElement":[{"@type":"ListItem","position":1,"name":"INNOW","item":"https:\/\/innow.pl\/fr\/"},{"@type":"ListItem","position":2,"name":"Produkty","item":"https:\/\/innow.pl\/produkty\/"},{"@type":"ListItem","position":3,"name":"Ochrona i dezynfekcja","item":"https:\/\/innow.pl\/produkty\/ochrona-i-dezynfekcja\/"},{"@type":"ListItem","position":4,"name":"Podk\u0142ady ochronne","item":"https:\/\/innow.pl\/produkty\/ochrona-i-dezynfekcja\/podklady-ochronne\/"},{"@type":"ListItem","position":5,"name":"X-lite INNOW &#8211; Podk\u0142ad ochronny bibu\u0142owy o szeroko\u015bci 50 cm"}]},{"@type":"WebSite","@id":"https:\/\/innow.pl\/#website","url":"https:\/\/innow.pl\/","name":"INNOW","description":"","potentialAction":[{"@type":"SearchAction","target":{"@type":"EntryPoint","urlTemplate":"https:\/\/innow.pl\/?s={search_term_string}"},"query-input":{"@type":"PropertyValueSpecification","valueRequired":true,"valueName":"search_term_string"}}],"inLanguage":"fr-FR"}]}},"_links":{"self":[{"href":"https:\/\/innow.pl\/fr\/wp-json\/wp\/v2\/product\/23752","targetHints":{"allow":["GET"]}}],"collection":[{"href":"https:\/\/innow.pl\/fr\/wp-json\/wp\/v2\/product"}],"about":[{"href":"https:\/\/innow.pl\/fr\/wp-json\/wp\/v2\/types\/product"}],"replies":[{"embeddable":true,"href":"https:\/\/innow.pl\/fr\/wp-json\/wp\/v2\/comments?post=23752"}],"wp:featuredmedia":[{"embeddable":true,"href":"https:\/\/innow.pl\/fr\/wp-json\/wp\/v2\/media\/23754"}],"wp:attachment":[{"href":"https:\/\/innow.pl\/fr\/wp-json\/wp\/v2\/media?parent=23752"}],"wp:term":[{"taxonomy":"product_brand","embeddable":true,"href":"https:\/\/innow.pl\/fr\/wp-json\/wp\/v2\/product_brand?post=23752"},{"taxonomy":"product_cat","embeddable":true,"href":"https:\/\/innow.pl\/fr\/wp-json\/wp\/v2\/product_cat?post=23752"},{"taxonomy":"product_tag","embeddable":true,"href":"https:\/\/innow.pl\/fr\/wp-json\/wp\/v2\/product_tag?post=23752"}],"curies":[{"name":"wp","href":"https:\/\/api.w.org\/{rel}","templated":true}]}}