{"id":23697,"date":"2019-08-06T06:20:41","date_gmt":"2019-08-06T04:20:41","guid":{"rendered":"https:\/\/innow.pl\/produkt\/p805-parawan-trzyczesciowy-zmywalny-drewniany\/"},"modified":"2025-06-24T12:27:43","modified_gmt":"2025-06-24T10:27:43","slug":"p805-parawan-trzyczesciowy-zmywalny-drewniany","status":"publish","type":"product","link":"https:\/\/innow.pl\/fr\/produkt\/p805-parawan-trzyczesciowy-zmywalny-drewniany\/","title":{"rendered":"P805D &#8211; Parawan trzycz\u0119\u015bciowy, materia\u0142 impregnowany, drewniany"},"content":{"rendered":"<p>Parawan medyczny (lekarski, szpitalny), ekran z materia\u0142u impregnowanego (poliester 100%) z mo\u017cliwo\u015bci\u0105 prania i czyszczenia, o konstrukcji drewnianej w kolorze naturalnym. Sk\u0142ada si\u0119 z 3 skrzyde\u0142, co pozwala na roz\u0142o\u017cenie zas\u0142on na szeroko\u015b\u0107 70, 140 lub 210 cm. Nie zmniejsza to jednak jego mobilno\u015bci i parawan nadal pozostaje lekki. Mo\u017cliwe jest wybarwienie konstrukcji &#8211; kolor: ciemne drewno, koszt + 25% ceny podstawowej.<\/p>\n<p style=\"text-align: left\">Dost\u0119pne kolory ekran\u00f3w:<\/p>\n<p style=\"text-align: center\"><img decoding=\"async\" class=\"alignleft\" style=\"max-width: 500px\" src=\"https:\/\/innow.pl\/wp-content\/uploads\/2024\/11\/Ekrany_parawanow-6.jpg\" \/><\/p>\n","protected":false},"excerpt":{"rendered":"<p>Parawan medyczny (lekarski, szpitalny), ekran z materia\u0142u impregnowanego (poliester 100%) z mo\u017cliwo\u015bci\u0105 prania i czyszczenia, o konstrukcji drewnianej w kolorze naturalnym. Sk\u0142ada si\u0119 z 3 skrzyde\u0142, co pozwala na roz\u0142o\u017cenie zas\u0142on na szeroko\u015b\u0107 70, 140 lub 210 cm. Nie zmniejsza to jednak jego mobilno\u015bci i parawan nadal pozostaje lekki. Mo\u017cliwe jest wybarwienie konstrukcji &#8211; kolor: [&hellip;]<\/p>\n","protected":false},"featured_media":76318,"comment_status":"open","ping_status":"closed","template":"","meta":{"_acf_changed":false},"product_brand":[],"product_cat":[440,530,532],"product_tag":[],"class_list":{"0":"post-23697","1":"product","2":"type-product","3":"status-publish","4":"has-post-thumbnail","6":"product_cat-meble-medyczne","7":"product_cat-parawany-meble-medyczne","8":"product_cat-parawany-wieloskrzydlowe","9":"pa_szerokosc-70-140-210-cm","10":"pa_wysokosc-170-cm","12":"first","13":"instock","14":"taxable","15":"shipping-taxable","16":"purchasable","17":"product-type-simple"},"acf":[],"yoast_head":"<!-- This site is optimized with the Yoast SEO plugin v27.4 - https:\/\/yoast.com\/product\/yoast-seo-wordpress\/ -->\n<title>P805D - Parawan trzycz\u0119\u015bciowy, materia\u0142 impregnowany, drewniany - INNOW<\/title>\n<meta name=\"description\" content=\"Szeroki, zapewniaj\u0105cy pacjentowi komfort podczas badania czy zabiegu, parawan trzycz\u0119\u015bciowy, zmywalny, drewniany - du\u017cy wyb\u00f3r kolor\u00f3w ekran\u00f3w! Zobacz!\" \/>\n<meta name=\"robots\" content=\"index, follow, max-snippet:-1, max-image-preview:large, max-video-preview:-1\" \/>\n<link rel=\"canonical\" href=\"https:\/\/innow.pl\/produkt\/p805-parawan-trzyczesciowy-zmywalny-drewniany\/\" \/>\n<meta property=\"og:locale\" content=\"fr_FR\" \/>\n<meta property=\"og:type\" content=\"article\" \/>\n<meta property=\"og:title\" content=\"P805D - Parawan trzycz\u0119\u015bciowy, materia\u0142 impregnowany, drewniany - INNOW\" \/>\n<meta property=\"og:description\" content=\"Szeroki, zapewniaj\u0105cy pacjentowi komfort podczas badania czy zabiegu, parawan trzycz\u0119\u015bciowy, zmywalny, drewniany - du\u017cy wyb\u00f3r kolor\u00f3w ekran\u00f3w! Zobacz!\" \/>\n<meta property=\"og:url\" content=\"https:\/\/innow.pl\/produkt\/p805-parawan-trzyczesciowy-zmywalny-drewniany\/\" \/>\n<meta property=\"og:site_name\" content=\"INNOW\" \/>\n<meta property=\"article:modified_time\" content=\"2025-06-24T10:27:43+00:00\" \/>\n<meta property=\"og:image\" content=\"https:\/\/innow.pl\/wp-content\/uploads\/2019\/08\/P805D_1_-Photoroom.png\" \/>\n\t<meta property=\"og:image:width\" content=\"516\" \/>\n\t<meta property=\"og:image:height\" content=\"480\" \/>\n\t<meta property=\"og:image:type\" content=\"image\/png\" \/>\n<meta name=\"twitter:card\" content=\"summary_large_image\" \/>\n<meta name=\"twitter:label1\" content=\"Dur\u00e9e de lecture estim\u00e9e\" \/>\n\t<meta name=\"twitter:data1\" content=\"1 minute\" \/>\n<script type=\"application\/ld+json\" class=\"yoast-schema-graph\">{\"@context\":\"https:\\\/\\\/schema.org\",\"@graph\":[{\"@type\":\"WebPage\",\"@id\":\"https:\\\/\\\/innow.pl\\\/produkt\\\/p805-parawan-trzyczesciowy-zmywalny-drewniany\\\/\",\"url\":\"https:\\\/\\\/innow.pl\\\/produkt\\\/p805-parawan-trzyczesciowy-zmywalny-drewniany\\\/\",\"name\":\"P805D - Parawan trzycz\u0119\u015bciowy, materia\u0142 impregnowany, drewniany - INNOW\",\"isPartOf\":{\"@id\":\"https:\\\/\\\/innow.pl\\\/#website\"},\"primaryImageOfPage\":{\"@id\":\"https:\\\/\\\/innow.pl\\\/produkt\\\/p805-parawan-trzyczesciowy-zmywalny-drewniany\\\/#primaryimage\"},\"image\":{\"@id\":\"https:\\\/\\\/innow.pl\\\/produkt\\\/p805-parawan-trzyczesciowy-zmywalny-drewniany\\\/#primaryimage\"},\"thumbnailUrl\":\"https:\\\/\\\/innow.pl\\\/wp-content\\\/uploads\\\/2019\\\/08\\\/P805D_1_-Photoroom.png\",\"datePublished\":\"2019-08-06T04:20:41+00:00\",\"dateModified\":\"2025-06-24T10:27:43+00:00\",\"description\":\"Szeroki, zapewniaj\u0105cy pacjentowi komfort podczas badania czy zabiegu, parawan trzycz\u0119\u015bciowy, zmywalny, drewniany - du\u017cy wyb\u00f3r kolor\u00f3w ekran\u00f3w! Zobacz!\",\"breadcrumb\":{\"@id\":\"https:\\\/\\\/innow.pl\\\/produkt\\\/p805-parawan-trzyczesciowy-zmywalny-drewniany\\\/#breadcrumb\"},\"inLanguage\":\"fr-FR\",\"potentialAction\":[{\"@type\":\"ReadAction\",\"target\":[\"https:\\\/\\\/innow.pl\\\/produkt\\\/p805-parawan-trzyczesciowy-zmywalny-drewniany\\\/\"]}]},{\"@type\":\"ImageObject\",\"inLanguage\":\"fr-FR\",\"@id\":\"https:\\\/\\\/innow.pl\\\/produkt\\\/p805-parawan-trzyczesciowy-zmywalny-drewniany\\\/#primaryimage\",\"url\":\"https:\\\/\\\/innow.pl\\\/wp-content\\\/uploads\\\/2019\\\/08\\\/P805D_1_-Photoroom.png\",\"contentUrl\":\"https:\\\/\\\/innow.pl\\\/wp-content\\\/uploads\\\/2019\\\/08\\\/P805D_1_-Photoroom.png\",\"width\":516,\"height\":480},{\"@type\":\"BreadcrumbList\",\"@id\":\"https:\\\/\\\/innow.pl\\\/produkt\\\/p805-parawan-trzyczesciowy-zmywalny-drewniany\\\/#breadcrumb\",\"itemListElement\":[{\"@type\":\"ListItem\",\"position\":1,\"name\":\"INNOW\",\"item\":\"https:\\\/\\\/innow.pl\\\/fr\\\/\"},{\"@type\":\"ListItem\",\"position\":2,\"name\":\"Produkty\",\"item\":\"https:\\\/\\\/innow.pl\\\/produkty\\\/\"},{\"@type\":\"ListItem\",\"position\":3,\"name\":\"Meble medyczne\",\"item\":\"https:\\\/\\\/innow.pl\\\/produkty\\\/meble-medyczne\\\/\"},{\"@type\":\"ListItem\",\"position\":4,\"name\":\"Parawany\",\"item\":\"https:\\\/\\\/innow.pl\\\/produkty\\\/meble-medyczne\\\/parawany-meble-medyczne\\\/\"},{\"@type\":\"ListItem\",\"position\":5,\"name\":\"Parawany wieloskrzyd\u0142owe\",\"item\":\"https:\\\/\\\/innow.pl\\\/produkty\\\/meble-medyczne\\\/parawany-meble-medyczne\\\/parawany-wieloskrzydlowe\\\/\"},{\"@type\":\"ListItem\",\"position\":6,\"name\":\"P805D &#8211; Parawan trzycz\u0119\u015bciowy, materia\u0142 impregnowany, drewniany\"}]},{\"@type\":\"WebSite\",\"@id\":\"https:\\\/\\\/innow.pl\\\/#website\",\"url\":\"https:\\\/\\\/innow.pl\\\/\",\"name\":\"INNOW\",\"description\":\"\",\"potentialAction\":[{\"@type\":\"SearchAction\",\"target\":{\"@type\":\"EntryPoint\",\"urlTemplate\":\"https:\\\/\\\/innow.pl\\\/?s={search_term_string}\"},\"query-input\":{\"@type\":\"PropertyValueSpecification\",\"valueRequired\":true,\"valueName\":\"search_term_string\"}}],\"inLanguage\":\"fr-FR\"}]}<\/script>\n<!-- \/ Yoast SEO plugin. -->","yoast_head_json":{"title":"P805D - Parawan trzycz\u0119\u015bciowy, materia\u0142 impregnowany, drewniany - INNOW","description":"Szeroki, zapewniaj\u0105cy pacjentowi komfort podczas badania czy zabiegu, parawan trzycz\u0119\u015bciowy, zmywalny, drewniany - du\u017cy wyb\u00f3r kolor\u00f3w ekran\u00f3w! Zobacz!","robots":{"index":"index","follow":"follow","max-snippet":"max-snippet:-1","max-image-preview":"max-image-preview:large","max-video-preview":"max-video-preview:-1"},"canonical":"https:\/\/innow.pl\/produkt\/p805-parawan-trzyczesciowy-zmywalny-drewniany\/","og_locale":"fr_FR","og_type":"article","og_title":"P805D - Parawan trzycz\u0119\u015bciowy, materia\u0142 impregnowany, drewniany - INNOW","og_description":"Szeroki, zapewniaj\u0105cy pacjentowi komfort podczas badania czy zabiegu, parawan trzycz\u0119\u015bciowy, zmywalny, drewniany - du\u017cy wyb\u00f3r kolor\u00f3w ekran\u00f3w! Zobacz!","og_url":"https:\/\/innow.pl\/produkt\/p805-parawan-trzyczesciowy-zmywalny-drewniany\/","og_site_name":"INNOW","article_modified_time":"2025-06-24T10:27:43+00:00","og_image":[{"width":516,"height":480,"url":"https:\/\/innow.pl\/wp-content\/uploads\/2019\/08\/P805D_1_-Photoroom.png","type":"image\/png"}],"twitter_card":"summary_large_image","twitter_misc":{"Dur\u00e9e de lecture estim\u00e9e":"1 minute"},"schema":{"@context":"https:\/\/schema.org","@graph":[{"@type":"WebPage","@id":"https:\/\/innow.pl\/produkt\/p805-parawan-trzyczesciowy-zmywalny-drewniany\/","url":"https:\/\/innow.pl\/produkt\/p805-parawan-trzyczesciowy-zmywalny-drewniany\/","name":"P805D - Parawan trzycz\u0119\u015bciowy, materia\u0142 impregnowany, drewniany - INNOW","isPartOf":{"@id":"https:\/\/innow.pl\/#website"},"primaryImageOfPage":{"@id":"https:\/\/innow.pl\/produkt\/p805-parawan-trzyczesciowy-zmywalny-drewniany\/#primaryimage"},"image":{"@id":"https:\/\/innow.pl\/produkt\/p805-parawan-trzyczesciowy-zmywalny-drewniany\/#primaryimage"},"thumbnailUrl":"https:\/\/innow.pl\/wp-content\/uploads\/2019\/08\/P805D_1_-Photoroom.png","datePublished":"2019-08-06T04:20:41+00:00","dateModified":"2025-06-24T10:27:43+00:00","description":"Szeroki, zapewniaj\u0105cy pacjentowi komfort podczas badania czy zabiegu, parawan trzycz\u0119\u015bciowy, zmywalny, drewniany - du\u017cy wyb\u00f3r kolor\u00f3w ekran\u00f3w! Zobacz!","breadcrumb":{"@id":"https:\/\/innow.pl\/produkt\/p805-parawan-trzyczesciowy-zmywalny-drewniany\/#breadcrumb"},"inLanguage":"fr-FR","potentialAction":[{"@type":"ReadAction","target":["https:\/\/innow.pl\/produkt\/p805-parawan-trzyczesciowy-zmywalny-drewniany\/"]}]},{"@type":"ImageObject","inLanguage":"fr-FR","@id":"https:\/\/innow.pl\/produkt\/p805-parawan-trzyczesciowy-zmywalny-drewniany\/#primaryimage","url":"https:\/\/innow.pl\/wp-content\/uploads\/2019\/08\/P805D_1_-Photoroom.png","contentUrl":"https:\/\/innow.pl\/wp-content\/uploads\/2019\/08\/P805D_1_-Photoroom.png","width":516,"height":480},{"@type":"BreadcrumbList","@id":"https:\/\/innow.pl\/produkt\/p805-parawan-trzyczesciowy-zmywalny-drewniany\/#breadcrumb","itemListElement":[{"@type":"ListItem","position":1,"name":"INNOW","item":"https:\/\/innow.pl\/fr\/"},{"@type":"ListItem","position":2,"name":"Produkty","item":"https:\/\/innow.pl\/produkty\/"},{"@type":"ListItem","position":3,"name":"Meble medyczne","item":"https:\/\/innow.pl\/produkty\/meble-medyczne\/"},{"@type":"ListItem","position":4,"name":"Parawany","item":"https:\/\/innow.pl\/produkty\/meble-medyczne\/parawany-meble-medyczne\/"},{"@type":"ListItem","position":5,"name":"Parawany wieloskrzyd\u0142owe","item":"https:\/\/innow.pl\/produkty\/meble-medyczne\/parawany-meble-medyczne\/parawany-wieloskrzydlowe\/"},{"@type":"ListItem","position":6,"name":"P805D &#8211; Parawan trzycz\u0119\u015bciowy, materia\u0142 impregnowany, drewniany"}]},{"@type":"WebSite","@id":"https:\/\/innow.pl\/#website","url":"https:\/\/innow.pl\/","name":"INNOW","description":"","potentialAction":[{"@type":"SearchAction","target":{"@type":"EntryPoint","urlTemplate":"https:\/\/innow.pl\/?s={search_term_string}"},"query-input":{"@type":"PropertyValueSpecification","valueRequired":true,"valueName":"search_term_string"}}],"inLanguage":"fr-FR"}]}},"_links":{"self":[{"href":"https:\/\/innow.pl\/fr\/wp-json\/wp\/v2\/product\/23697","targetHints":{"allow":["GET"]}}],"collection":[{"href":"https:\/\/innow.pl\/fr\/wp-json\/wp\/v2\/product"}],"about":[{"href":"https:\/\/innow.pl\/fr\/wp-json\/wp\/v2\/types\/product"}],"replies":[{"embeddable":true,"href":"https:\/\/innow.pl\/fr\/wp-json\/wp\/v2\/comments?post=23697"}],"wp:featuredmedia":[{"embeddable":true,"href":"https:\/\/innow.pl\/fr\/wp-json\/wp\/v2\/media\/76318"}],"wp:attachment":[{"href":"https:\/\/innow.pl\/fr\/wp-json\/wp\/v2\/media?parent=23697"}],"wp:term":[{"taxonomy":"product_brand","embeddable":true,"href":"https:\/\/innow.pl\/fr\/wp-json\/wp\/v2\/product_brand?post=23697"},{"taxonomy":"product_cat","embeddable":true,"href":"https:\/\/innow.pl\/fr\/wp-json\/wp\/v2\/product_cat?post=23697"},{"taxonomy":"product_tag","embeddable":true,"href":"https:\/\/innow.pl\/fr\/wp-json\/wp\/v2\/product_tag?post=23697"}],"curies":[{"name":"wp","href":"https:\/\/api.w.org\/{rel}","templated":true}]}}