{"id":23508,"date":"2017-05-31T06:34:03","date_gmt":"2017-05-31T04:34:03","guid":{"rendered":"https:\/\/innow.pl\/produkt\/s412fik-h-kozetka-z-hydrauliczna-regulacja-wysokosci\/"},"modified":"2025-06-11T13:51:53","modified_gmt":"2025-06-11T11:51:53","slug":"s412fik-h-kozetka-z-hydrauliczna-regulacja-wysokosci","status":"publish","type":"product","link":"https:\/\/innow.pl\/fr\/produkt\/s412fik-h-kozetka-z-hydrauliczna-regulacja-wysokosci\/","title":{"rendered":"S412FIK H [Kozetka] &#8211; Kozetka FIKUS z hydrauliczn\u0105 regulacj\u0105 wysoko\u015bci"},"content":{"rendered":"<p>Kozetka lekarska (kozetka medyczna, kozetka zabiegowa, le\u017canka rehabilitacyjna) o hydraulicznej, prostopad\u0142ej regulacji wysoko\u015bci bez przemieszczania le\u017cyska wzgl\u0119dem punktu odniesienia (no\u017cycowy system podnoszenia ramy g\u00f3rnej). Jej charakterystycznymi cechami s\u0105 estetyka konstrukcji oraz du\u017ca u\u017cyteczno\u015b\u0107 w o\u015brodkach zdrowia lub innych plac\u00f3wkach medycznych. <strong>Wyposa\u017cenie podstawowe:<\/strong><\/p>\n<ul>\n<li>le\u017cysko dwucz\u0119\u015bciowe (podg\u0142\u00f3wek bez otworu),<\/li>\n<li>regulacja wysoko\u015bci hydrauliczna,<\/li>\n<li>regulacja podg\u0142\u00f3wka spr\u0119\u017cyn\u0105 gazow\u0105.<\/li>\n<\/ul>\n<p>Wyposa\u017cenie opcjonalne &#8211; do dokupienia &#8211; poni\u017cej. \u00a0<\/p>\n<p style=\"text-align: left;\"><a>Informacje o w\u0142a\u015bciwo\u015bciach dost\u0119pnych <strong>materia\u0142\u00f3w obiciowych<\/strong> dost\u0119pne po klikni\u0119ciu w zdj\u0119cie:<\/a><\/p>\n<p style=\"text-align: left;\"><a href=\"https:\/\/innow.pl\/publikacje\/KatalogPDF\/Pokrycia-obiciowe-tapicerki.pdf\" target=\"_blank\" rel=\"noopener\"><img decoding=\"async\" src=\"https:\/\/innow.pl\/wp-content\/uploads\/2024\/11\/Tapicerki.jpg\" \/><\/a><\/p>\n<hr \/>\n<div style=\"flex-wrap: nowrap; align-items: center; justify-content: center; padding: 12px 0 4px 0;\"><img decoding=\"async\" style=\"max-width: 100px; margin-right: 18px; border: 0;\" src=\"https:\/\/innow.pl\/wp-content\/uploads\/2024\/11\/Ohim_logo_wzor_zastrzezony-2.png\" \/><\/p>\n<p style=\"text-align: center;\"><em>Niniejszy wyr\u00f3b podlega ochronie na podstawie \u015bwiadectwa wystawionego <\/em> <em> przez Urz\u0105d Harmonizacji Rynku Wewn\u0119trznego Unii Europejskiej OHIM jako <\/em> <em> zastrze\u017cony wz\u00f3r u\u017cytkowy.<\/em><\/p>\n<\/div>\n<hr \/>\n","protected":false},"excerpt":{"rendered":"<p>Kozetka lekarska (kozetka medyczna, kozetka zabiegowa, le\u017canka rehabilitacyjna) o hydraulicznej, prostopad\u0142ej regulacji wysoko\u015bci bez przemieszczania le\u017cyska wzgl\u0119dem punktu odniesienia (no\u017cycowy system podnoszenia ramy g\u00f3rnej). Jej charakterystycznymi cechami s\u0105 estetyka konstrukcji oraz du\u017ca u\u017cyteczno\u015b\u0107 w o\u015brodkach zdrowia lub innych plac\u00f3wkach medycznych. Wyposa\u017cenie podstawowe: le\u017cysko dwucz\u0119\u015bciowe (podg\u0142\u00f3wek bez otworu), regulacja wysoko\u015bci hydrauliczna, regulacja podg\u0142\u00f3wka spr\u0119\u017cyn\u0105 gazow\u0105. Wyposa\u017cenie [&hellip;]<\/p>\n","protected":false},"featured_media":23512,"comment_status":"open","ping_status":"closed","template":"","meta":{"_acf_changed":false},"product_brand":[],"product_cat":[463,465,440],"product_tag":[],"class_list":{"0":"post-23508","1":"product","2":"type-product","3":"status-publish","4":"has-post-thumbnail","6":"product_cat-kozetki","7":"product_cat-kozetki-podnoszone","8":"product_cat-meble-medyczne","9":"pa_dlugosc-200-cm","10":"pa_regulacja-podglowka-w-dol-591","11":"pa_regulacja-podglowka-w-gore-631","12":"pa_szerokosc-standardowa-70-cm","13":"pa_szerokosc-za-doplata-65-cm-i-75-cm-430-zl-netto-80-cm-610-zl-netto-90-cm-755-zl-netto","14":"pa_wysokosc-55-90-cm","15":"pa_wytrzymalosc-200-kg","17":"first","18":"instock","19":"taxable","20":"shipping-taxable","21":"purchasable","22":"product-type-simple"},"acf":[],"yoast_head":"<!-- This site is optimized with the Yoast SEO plugin v27.4 - https:\/\/yoast.com\/product\/yoast-seo-wordpress\/ -->\n<title>S412FIK H [Kozetka] - Kozetka FIKUS z hydrauliczn\u0105 regulacj\u0105 wysoko\u015bci - INNOW<\/title>\n<meta name=\"description\" content=\"Atrakcyjna kozetka FIKUS z hydrauliczn\u0105 regulacj\u0105 wysoko\u015bci o interesuj\u0105cym kszta\u0142cie konstrukcji. Dobierz kolor tapicerki pasuj\u0105cy do Twojego gabinetu!\" \/>\n<meta name=\"robots\" content=\"index, follow, max-snippet:-1, max-image-preview:large, max-video-preview:-1\" \/>\n<link rel=\"canonical\" href=\"https:\/\/innow.pl\/produkt\/s412fik-h-kozetka-z-hydrauliczna-regulacja-wysokosci\/\" \/>\n<meta property=\"og:locale\" content=\"fr_FR\" \/>\n<meta property=\"og:type\" content=\"article\" \/>\n<meta property=\"og:title\" content=\"S412FIK H [Kozetka] - Kozetka FIKUS z hydrauliczn\u0105 regulacj\u0105 wysoko\u015bci - INNOW\" \/>\n<meta property=\"og:description\" content=\"Atrakcyjna kozetka FIKUS z hydrauliczn\u0105 regulacj\u0105 wysoko\u015bci o interesuj\u0105cym kszta\u0142cie konstrukcji. Dobierz kolor tapicerki pasuj\u0105cy do Twojego gabinetu!\" \/>\n<meta property=\"og:url\" content=\"https:\/\/innow.pl\/produkt\/s412fik-h-kozetka-z-hydrauliczna-regulacja-wysokosci\/\" \/>\n<meta property=\"og:site_name\" content=\"INNOW\" \/>\n<meta property=\"article:modified_time\" content=\"2025-06-11T11:51:53+00:00\" \/>\n<meta property=\"og:image\" content=\"https:\/\/innow.pl\/wp-content\/uploads\/2024\/11\/S412FIKHkozetka.jpg\" \/>\n\t<meta property=\"og:image:width\" content=\"800\" \/>\n\t<meta property=\"og:image:height\" content=\"800\" \/>\n\t<meta property=\"og:image:type\" content=\"image\/jpeg\" \/>\n<meta name=\"twitter:card\" content=\"summary_large_image\" \/>\n<meta name=\"twitter:label1\" content=\"Dur\u00e9e de lecture estim\u00e9e\" \/>\n\t<meta name=\"twitter:data1\" content=\"2 minutes\" \/>\n<script type=\"application\/ld+json\" class=\"yoast-schema-graph\">{\"@context\":\"https:\\\/\\\/schema.org\",\"@graph\":[{\"@type\":\"WebPage\",\"@id\":\"https:\\\/\\\/innow.pl\\\/produkt\\\/s412fik-h-kozetka-z-hydrauliczna-regulacja-wysokosci\\\/\",\"url\":\"https:\\\/\\\/innow.pl\\\/produkt\\\/s412fik-h-kozetka-z-hydrauliczna-regulacja-wysokosci\\\/\",\"name\":\"S412FIK H [Kozetka] - Kozetka FIKUS z hydrauliczn\u0105 regulacj\u0105 wysoko\u015bci - INNOW\",\"isPartOf\":{\"@id\":\"https:\\\/\\\/innow.pl\\\/#website\"},\"primaryImageOfPage\":{\"@id\":\"https:\\\/\\\/innow.pl\\\/produkt\\\/s412fik-h-kozetka-z-hydrauliczna-regulacja-wysokosci\\\/#primaryimage\"},\"image\":{\"@id\":\"https:\\\/\\\/innow.pl\\\/produkt\\\/s412fik-h-kozetka-z-hydrauliczna-regulacja-wysokosci\\\/#primaryimage\"},\"thumbnailUrl\":\"https:\\\/\\\/innow.pl\\\/wp-content\\\/uploads\\\/2024\\\/11\\\/S412FIKHkozetka.jpg\",\"datePublished\":\"2017-05-31T04:34:03+00:00\",\"dateModified\":\"2025-06-11T11:51:53+00:00\",\"description\":\"Atrakcyjna kozetka FIKUS z hydrauliczn\u0105 regulacj\u0105 wysoko\u015bci o interesuj\u0105cym kszta\u0142cie konstrukcji. Dobierz kolor tapicerki pasuj\u0105cy do Twojego gabinetu!\",\"breadcrumb\":{\"@id\":\"https:\\\/\\\/innow.pl\\\/produkt\\\/s412fik-h-kozetka-z-hydrauliczna-regulacja-wysokosci\\\/#breadcrumb\"},\"inLanguage\":\"fr-FR\",\"potentialAction\":[{\"@type\":\"ReadAction\",\"target\":[\"https:\\\/\\\/innow.pl\\\/produkt\\\/s412fik-h-kozetka-z-hydrauliczna-regulacja-wysokosci\\\/\"]}]},{\"@type\":\"ImageObject\",\"inLanguage\":\"fr-FR\",\"@id\":\"https:\\\/\\\/innow.pl\\\/produkt\\\/s412fik-h-kozetka-z-hydrauliczna-regulacja-wysokosci\\\/#primaryimage\",\"url\":\"https:\\\/\\\/innow.pl\\\/wp-content\\\/uploads\\\/2024\\\/11\\\/S412FIKHkozetka.jpg\",\"contentUrl\":\"https:\\\/\\\/innow.pl\\\/wp-content\\\/uploads\\\/2024\\\/11\\\/S412FIKHkozetka.jpg\",\"width\":800,\"height\":800,\"caption\":\"Kozetka FIKUS z hydrauliczn\u0105 regulacj\u0105 wysoko\u015bci \u2013 S412FIK H \u2013 INNOW\"},{\"@type\":\"BreadcrumbList\",\"@id\":\"https:\\\/\\\/innow.pl\\\/produkt\\\/s412fik-h-kozetka-z-hydrauliczna-regulacja-wysokosci\\\/#breadcrumb\",\"itemListElement\":[{\"@type\":\"ListItem\",\"position\":1,\"name\":\"INNOW\",\"item\":\"https:\\\/\\\/innow.pl\\\/fr\\\/\"},{\"@type\":\"ListItem\",\"position\":2,\"name\":\"Produkty\",\"item\":\"https:\\\/\\\/innow.pl\\\/produkty\\\/\"},{\"@type\":\"ListItem\",\"position\":3,\"name\":\"Meble medyczne\",\"item\":\"https:\\\/\\\/innow.pl\\\/produkty\\\/meble-medyczne\\\/\"},{\"@type\":\"ListItem\",\"position\":4,\"name\":\"Kozetki\",\"item\":\"https:\\\/\\\/innow.pl\\\/produkty\\\/meble-medyczne\\\/kozetki\\\/\"},{\"@type\":\"ListItem\",\"position\":5,\"name\":\"Kozetki podnoszone\",\"item\":\"https:\\\/\\\/innow.pl\\\/produkty\\\/meble-medyczne\\\/kozetki\\\/kozetki-podnoszone\\\/\"},{\"@type\":\"ListItem\",\"position\":6,\"name\":\"S412FIK H [Kozetka] &#8211; Kozetka FIKUS z hydrauliczn\u0105 regulacj\u0105 wysoko\u015bci\"}]},{\"@type\":\"WebSite\",\"@id\":\"https:\\\/\\\/innow.pl\\\/#website\",\"url\":\"https:\\\/\\\/innow.pl\\\/\",\"name\":\"INNOW\",\"description\":\"\",\"potentialAction\":[{\"@type\":\"SearchAction\",\"target\":{\"@type\":\"EntryPoint\",\"urlTemplate\":\"https:\\\/\\\/innow.pl\\\/?s={search_term_string}\"},\"query-input\":{\"@type\":\"PropertyValueSpecification\",\"valueRequired\":true,\"valueName\":\"search_term_string\"}}],\"inLanguage\":\"fr-FR\"}]}<\/script>\n<!-- \/ Yoast SEO plugin. -->","yoast_head_json":{"title":"S412FIK H [Kozetka] - Kozetka FIKUS z hydrauliczn\u0105 regulacj\u0105 wysoko\u015bci - INNOW","description":"Atrakcyjna kozetka FIKUS z hydrauliczn\u0105 regulacj\u0105 wysoko\u015bci o interesuj\u0105cym kszta\u0142cie konstrukcji. Dobierz kolor tapicerki pasuj\u0105cy do Twojego gabinetu!","robots":{"index":"index","follow":"follow","max-snippet":"max-snippet:-1","max-image-preview":"max-image-preview:large","max-video-preview":"max-video-preview:-1"},"canonical":"https:\/\/innow.pl\/produkt\/s412fik-h-kozetka-z-hydrauliczna-regulacja-wysokosci\/","og_locale":"fr_FR","og_type":"article","og_title":"S412FIK H [Kozetka] - Kozetka FIKUS z hydrauliczn\u0105 regulacj\u0105 wysoko\u015bci - INNOW","og_description":"Atrakcyjna kozetka FIKUS z hydrauliczn\u0105 regulacj\u0105 wysoko\u015bci o interesuj\u0105cym kszta\u0142cie konstrukcji. Dobierz kolor tapicerki pasuj\u0105cy do Twojego gabinetu!","og_url":"https:\/\/innow.pl\/produkt\/s412fik-h-kozetka-z-hydrauliczna-regulacja-wysokosci\/","og_site_name":"INNOW","article_modified_time":"2025-06-11T11:51:53+00:00","og_image":[{"width":800,"height":800,"url":"https:\/\/innow.pl\/wp-content\/uploads\/2024\/11\/S412FIKHkozetka.jpg","type":"image\/jpeg"}],"twitter_card":"summary_large_image","twitter_misc":{"Dur\u00e9e de lecture estim\u00e9e":"2 minutes"},"schema":{"@context":"https:\/\/schema.org","@graph":[{"@type":"WebPage","@id":"https:\/\/innow.pl\/produkt\/s412fik-h-kozetka-z-hydrauliczna-regulacja-wysokosci\/","url":"https:\/\/innow.pl\/produkt\/s412fik-h-kozetka-z-hydrauliczna-regulacja-wysokosci\/","name":"S412FIK H [Kozetka] - Kozetka FIKUS z hydrauliczn\u0105 regulacj\u0105 wysoko\u015bci - INNOW","isPartOf":{"@id":"https:\/\/innow.pl\/#website"},"primaryImageOfPage":{"@id":"https:\/\/innow.pl\/produkt\/s412fik-h-kozetka-z-hydrauliczna-regulacja-wysokosci\/#primaryimage"},"image":{"@id":"https:\/\/innow.pl\/produkt\/s412fik-h-kozetka-z-hydrauliczna-regulacja-wysokosci\/#primaryimage"},"thumbnailUrl":"https:\/\/innow.pl\/wp-content\/uploads\/2024\/11\/S412FIKHkozetka.jpg","datePublished":"2017-05-31T04:34:03+00:00","dateModified":"2025-06-11T11:51:53+00:00","description":"Atrakcyjna kozetka FIKUS z hydrauliczn\u0105 regulacj\u0105 wysoko\u015bci o interesuj\u0105cym kszta\u0142cie konstrukcji. Dobierz kolor tapicerki pasuj\u0105cy do Twojego gabinetu!","breadcrumb":{"@id":"https:\/\/innow.pl\/produkt\/s412fik-h-kozetka-z-hydrauliczna-regulacja-wysokosci\/#breadcrumb"},"inLanguage":"fr-FR","potentialAction":[{"@type":"ReadAction","target":["https:\/\/innow.pl\/produkt\/s412fik-h-kozetka-z-hydrauliczna-regulacja-wysokosci\/"]}]},{"@type":"ImageObject","inLanguage":"fr-FR","@id":"https:\/\/innow.pl\/produkt\/s412fik-h-kozetka-z-hydrauliczna-regulacja-wysokosci\/#primaryimage","url":"https:\/\/innow.pl\/wp-content\/uploads\/2024\/11\/S412FIKHkozetka.jpg","contentUrl":"https:\/\/innow.pl\/wp-content\/uploads\/2024\/11\/S412FIKHkozetka.jpg","width":800,"height":800,"caption":"Kozetka FIKUS z hydrauliczn\u0105 regulacj\u0105 wysoko\u015bci \u2013 S412FIK H \u2013 INNOW"},{"@type":"BreadcrumbList","@id":"https:\/\/innow.pl\/produkt\/s412fik-h-kozetka-z-hydrauliczna-regulacja-wysokosci\/#breadcrumb","itemListElement":[{"@type":"ListItem","position":1,"name":"INNOW","item":"https:\/\/innow.pl\/fr\/"},{"@type":"ListItem","position":2,"name":"Produkty","item":"https:\/\/innow.pl\/produkty\/"},{"@type":"ListItem","position":3,"name":"Meble medyczne","item":"https:\/\/innow.pl\/produkty\/meble-medyczne\/"},{"@type":"ListItem","position":4,"name":"Kozetki","item":"https:\/\/innow.pl\/produkty\/meble-medyczne\/kozetki\/"},{"@type":"ListItem","position":5,"name":"Kozetki podnoszone","item":"https:\/\/innow.pl\/produkty\/meble-medyczne\/kozetki\/kozetki-podnoszone\/"},{"@type":"ListItem","position":6,"name":"S412FIK H [Kozetka] &#8211; Kozetka FIKUS z hydrauliczn\u0105 regulacj\u0105 wysoko\u015bci"}]},{"@type":"WebSite","@id":"https:\/\/innow.pl\/#website","url":"https:\/\/innow.pl\/","name":"INNOW","description":"","potentialAction":[{"@type":"SearchAction","target":{"@type":"EntryPoint","urlTemplate":"https:\/\/innow.pl\/?s={search_term_string}"},"query-input":{"@type":"PropertyValueSpecification","valueRequired":true,"valueName":"search_term_string"}}],"inLanguage":"fr-FR"}]}},"_links":{"self":[{"href":"https:\/\/innow.pl\/fr\/wp-json\/wp\/v2\/product\/23508","targetHints":{"allow":["GET"]}}],"collection":[{"href":"https:\/\/innow.pl\/fr\/wp-json\/wp\/v2\/product"}],"about":[{"href":"https:\/\/innow.pl\/fr\/wp-json\/wp\/v2\/types\/product"}],"replies":[{"embeddable":true,"href":"https:\/\/innow.pl\/fr\/wp-json\/wp\/v2\/comments?post=23508"}],"wp:featuredmedia":[{"embeddable":true,"href":"https:\/\/innow.pl\/fr\/wp-json\/wp\/v2\/media\/23512"}],"wp:attachment":[{"href":"https:\/\/innow.pl\/fr\/wp-json\/wp\/v2\/media?parent=23508"}],"wp:term":[{"taxonomy":"product_brand","embeddable":true,"href":"https:\/\/innow.pl\/fr\/wp-json\/wp\/v2\/product_brand?post=23508"},{"taxonomy":"product_cat","embeddable":true,"href":"https:\/\/innow.pl\/fr\/wp-json\/wp\/v2\/product_cat?post=23508"},{"taxonomy":"product_tag","embeddable":true,"href":"https:\/\/innow.pl\/fr\/wp-json\/wp\/v2\/product_tag?post=23508"}],"curies":[{"name":"wp","href":"https:\/\/api.w.org\/{rel}","templated":true}]}}