{"id":23482,"date":"2017-05-30T09:50:02","date_gmt":"2017-05-30T07:50:02","guid":{"rendered":"https:\/\/innow.pl\/produkt\/s412h-kozetka-z-hydrauliczna-regulacja-wysokosci\/"},"modified":"2026-03-20T13:59:53","modified_gmt":"2026-03-20T12:59:53","slug":"s412h-kozetka-z-hydrauliczna-regulacja-wysokosci","status":"publish","type":"product","link":"https:\/\/innow.pl\/fr\/produkt\/s412h-kozetka-z-hydrauliczna-regulacja-wysokosci\/","title":{"rendered":"S412HK &#8211; Kozetka lekarska z hydrauliczn\u0105 regulacj\u0105 wysoko\u015bci"},"content":{"rendered":"<p>Kozetka lekarska (kozetka medyczna, kozetka zabiegowa, le\u017canka rehabilitacyjna) o stalowej konstrukcji z no\u017cycowym podnoszeniem ramy g\u00f3rnej. Pozwala na hydrauliczn\u0105 zmian\u0119 wysoko\u015bci bez przesuni\u0119cia le\u017cyska wzgl\u0119dem punktu odniesienia. Ma szerokie zastosowanie w plac\u00f3wkach s\u0142u\u017cby zdrowia. <strong>Standardowe wyposa\u017cenie kozetki:<\/strong><\/p>\n<ul>\n<li>le\u017cysko (2 cz\u0119\u015bci) z podg\u0142\u00f3wkiem (bez otworu),<\/li>\n<li>regulacja ustawienia podg\u0142\u00f3wka za pomoc\u0105 spr\u0119\u017cyny gazowej,<\/li>\n<li>hydrauliczna regulacja wysoko\u015bci,<\/li>\n<li>komplet blach do podwozia.<\/li>\n<\/ul>\n<p>Opcjonalne wyposa\u017cenie mo\u017cna zobaczy\u0107 pod opisem. \u00a0<\/p>\n<p style=\"text-align: left\"><a>Informacje o w\u0142a\u015bciwo\u015bciach dost\u0119pnych <strong>materia\u0142\u00f3w obiciowych<\/strong> dost\u0119pne po klikni\u0119ciu w zdj\u0119cie:<\/a>\u00a0<\/p>\n<p style=\"text-align: left\"><a href=\"https:\/\/innow.pl\/publikacje\/KatalogPDF\/Pokrycia-obiciowe-tapicerki.pdf\" target=\"_blank\" rel=\"noopener\"><img decoding=\"async\" src=\"https:\/\/innow.pl\/wp-content\/uploads\/2024\/11\/Tapicerki.jpg\" \/><\/a><\/p>\n","protected":false},"excerpt":{"rendered":"<p>Kozetka lekarska (kozetka medyczna, kozetka zabiegowa, le\u017canka rehabilitacyjna) o stalowej konstrukcji z no\u017cycowym podnoszeniem ramy g\u00f3rnej. Pozwala na hydrauliczn\u0105 zmian\u0119 wysoko\u015bci bez przesuni\u0119cia le\u017cyska wzgl\u0119dem punktu odniesienia. Ma szerokie zastosowanie w plac\u00f3wkach s\u0142u\u017cby zdrowia. Standardowe wyposa\u017cenie kozetki: le\u017cysko (2 cz\u0119\u015bci) z podg\u0142\u00f3wkiem (bez otworu), regulacja ustawienia podg\u0142\u00f3wka za pomoc\u0105 spr\u0119\u017cyny gazowej, hydrauliczna regulacja wysoko\u015bci, komplet [&hellip;]<\/p>\n","protected":false},"featured_media":23485,"comment_status":"open","ping_status":"closed","template":"","meta":{"_acf_changed":false},"product_brand":[],"product_cat":[463,465,440],"product_tag":[],"class_list":{"0":"post-23482","1":"product","2":"type-product","3":"status-publish","4":"has-post-thumbnail","6":"product_cat-kozetki","7":"product_cat-kozetki-podnoszone","8":"product_cat-meble-medyczne","9":"pa_dlugosc-200-cm","10":"pa_regulacja-podglowka-w-dol-591","11":"pa_regulacja-podglowka-w-gore-631","12":"pa_szerokosc-standardowa-70-cm","13":"pa_szerokosc-za-doplata-65-cm-i-75-cm-430-zl-netto-80-cm-610-zl-netto-90-cm-755-zl-netto","14":"pa_wysokosc-54-91-cm","16":"first","17":"instock","18":"taxable","19":"shipping-taxable","20":"purchasable","21":"product-type-simple"},"acf":[],"yoast_head":"<!-- This site is optimized with the Yoast SEO plugin v27.4 - https:\/\/yoast.com\/product\/yoast-seo-wordpress\/ -->\n<title>S412HK - Kozetka lekarska z hydrauliczn\u0105 regulacj\u0105 wysoko\u015bci - INNOW<\/title>\n<meta name=\"description\" content=\"Niezawodna kozetka z hydrauliczn\u0105 regulacj\u0105 wysoko\u015bci, 2-cz\u0119\u015bciowym le\u017cyskiem, podg\u0142\u00f3wkiem regulowanym gazowo. Kolor tapicerki do wyboru. Kliknij!\" \/>\n<meta name=\"robots\" content=\"index, follow, max-snippet:-1, max-image-preview:large, max-video-preview:-1\" \/>\n<link rel=\"canonical\" href=\"https:\/\/innow.pl\/produkt\/s412h-kozetka-z-hydrauliczna-regulacja-wysokosci\/\" \/>\n<meta property=\"og:locale\" content=\"fr_FR\" \/>\n<meta property=\"og:type\" content=\"article\" \/>\n<meta property=\"og:title\" content=\"S412HK - Kozetka lekarska z hydrauliczn\u0105 regulacj\u0105 wysoko\u015bci - INNOW\" \/>\n<meta property=\"og:description\" content=\"Niezawodna kozetka z hydrauliczn\u0105 regulacj\u0105 wysoko\u015bci, 2-cz\u0119\u015bciowym le\u017cyskiem, podg\u0142\u00f3wkiem regulowanym gazowo. Kolor tapicerki do wyboru. Kliknij!\" \/>\n<meta property=\"og:url\" content=\"https:\/\/innow.pl\/produkt\/s412h-kozetka-z-hydrauliczna-regulacja-wysokosci\/\" \/>\n<meta property=\"og:site_name\" content=\"INNOW\" \/>\n<meta property=\"article:modified_time\" content=\"2026-03-20T12:59:53+00:00\" \/>\n<meta property=\"og:image\" content=\"https:\/\/innow.pl\/wp-content\/uploads\/2024\/11\/S412H-kozetka.jpg\" \/>\n\t<meta property=\"og:image:width\" content=\"800\" \/>\n\t<meta property=\"og:image:height\" content=\"800\" \/>\n\t<meta property=\"og:image:type\" content=\"image\/jpeg\" \/>\n<meta name=\"twitter:card\" content=\"summary_large_image\" \/>\n<meta name=\"twitter:label1\" content=\"Dur\u00e9e de lecture estim\u00e9e\" \/>\n\t<meta name=\"twitter:data1\" content=\"1 minute\" \/>\n<script type=\"application\/ld+json\" class=\"yoast-schema-graph\">{\"@context\":\"https:\\\/\\\/schema.org\",\"@graph\":[{\"@type\":\"WebPage\",\"@id\":\"https:\\\/\\\/innow.pl\\\/produkt\\\/s412h-kozetka-z-hydrauliczna-regulacja-wysokosci\\\/\",\"url\":\"https:\\\/\\\/innow.pl\\\/produkt\\\/s412h-kozetka-z-hydrauliczna-regulacja-wysokosci\\\/\",\"name\":\"S412HK - Kozetka lekarska z hydrauliczn\u0105 regulacj\u0105 wysoko\u015bci - INNOW\",\"isPartOf\":{\"@id\":\"https:\\\/\\\/innow.pl\\\/#website\"},\"primaryImageOfPage\":{\"@id\":\"https:\\\/\\\/innow.pl\\\/produkt\\\/s412h-kozetka-z-hydrauliczna-regulacja-wysokosci\\\/#primaryimage\"},\"image\":{\"@id\":\"https:\\\/\\\/innow.pl\\\/produkt\\\/s412h-kozetka-z-hydrauliczna-regulacja-wysokosci\\\/#primaryimage\"},\"thumbnailUrl\":\"https:\\\/\\\/innow.pl\\\/wp-content\\\/uploads\\\/2024\\\/11\\\/S412H-kozetka.jpg\",\"datePublished\":\"2017-05-30T07:50:02+00:00\",\"dateModified\":\"2026-03-20T12:59:53+00:00\",\"description\":\"Niezawodna kozetka z hydrauliczn\u0105 regulacj\u0105 wysoko\u015bci, 2-cz\u0119\u015bciowym le\u017cyskiem, podg\u0142\u00f3wkiem regulowanym gazowo. Kolor tapicerki do wyboru. Kliknij!\",\"breadcrumb\":{\"@id\":\"https:\\\/\\\/innow.pl\\\/produkt\\\/s412h-kozetka-z-hydrauliczna-regulacja-wysokosci\\\/#breadcrumb\"},\"inLanguage\":\"fr-FR\",\"potentialAction\":[{\"@type\":\"ReadAction\",\"target\":[\"https:\\\/\\\/innow.pl\\\/produkt\\\/s412h-kozetka-z-hydrauliczna-regulacja-wysokosci\\\/\"]}]},{\"@type\":\"ImageObject\",\"inLanguage\":\"fr-FR\",\"@id\":\"https:\\\/\\\/innow.pl\\\/produkt\\\/s412h-kozetka-z-hydrauliczna-regulacja-wysokosci\\\/#primaryimage\",\"url\":\"https:\\\/\\\/innow.pl\\\/wp-content\\\/uploads\\\/2024\\\/11\\\/S412H-kozetka.jpg\",\"contentUrl\":\"https:\\\/\\\/innow.pl\\\/wp-content\\\/uploads\\\/2024\\\/11\\\/S412H-kozetka.jpg\",\"width\":800,\"height\":800},{\"@type\":\"BreadcrumbList\",\"@id\":\"https:\\\/\\\/innow.pl\\\/produkt\\\/s412h-kozetka-z-hydrauliczna-regulacja-wysokosci\\\/#breadcrumb\",\"itemListElement\":[{\"@type\":\"ListItem\",\"position\":1,\"name\":\"INNOW\",\"item\":\"https:\\\/\\\/innow.pl\\\/fr\\\/\"},{\"@type\":\"ListItem\",\"position\":2,\"name\":\"Produkty\",\"item\":\"https:\\\/\\\/innow.pl\\\/produkty\\\/\"},{\"@type\":\"ListItem\",\"position\":3,\"name\":\"Meble medyczne\",\"item\":\"https:\\\/\\\/innow.pl\\\/produkty\\\/meble-medyczne\\\/\"},{\"@type\":\"ListItem\",\"position\":4,\"name\":\"Kozetki\",\"item\":\"https:\\\/\\\/innow.pl\\\/produkty\\\/meble-medyczne\\\/kozetki\\\/\"},{\"@type\":\"ListItem\",\"position\":5,\"name\":\"Kozetki podnoszone\",\"item\":\"https:\\\/\\\/innow.pl\\\/produkty\\\/meble-medyczne\\\/kozetki\\\/kozetki-podnoszone\\\/\"},{\"@type\":\"ListItem\",\"position\":6,\"name\":\"S412HK &#8211; Kozetka lekarska z hydrauliczn\u0105 regulacj\u0105 wysoko\u015bci\"}]},{\"@type\":\"WebSite\",\"@id\":\"https:\\\/\\\/innow.pl\\\/#website\",\"url\":\"https:\\\/\\\/innow.pl\\\/\",\"name\":\"INNOW\",\"description\":\"\",\"potentialAction\":[{\"@type\":\"SearchAction\",\"target\":{\"@type\":\"EntryPoint\",\"urlTemplate\":\"https:\\\/\\\/innow.pl\\\/?s={search_term_string}\"},\"query-input\":{\"@type\":\"PropertyValueSpecification\",\"valueRequired\":true,\"valueName\":\"search_term_string\"}}],\"inLanguage\":\"fr-FR\"}]}<\/script>\n<!-- \/ Yoast SEO plugin. -->","yoast_head_json":{"title":"S412HK - Kozetka lekarska z hydrauliczn\u0105 regulacj\u0105 wysoko\u015bci - INNOW","description":"Niezawodna kozetka z hydrauliczn\u0105 regulacj\u0105 wysoko\u015bci, 2-cz\u0119\u015bciowym le\u017cyskiem, podg\u0142\u00f3wkiem regulowanym gazowo. Kolor tapicerki do wyboru. Kliknij!","robots":{"index":"index","follow":"follow","max-snippet":"max-snippet:-1","max-image-preview":"max-image-preview:large","max-video-preview":"max-video-preview:-1"},"canonical":"https:\/\/innow.pl\/produkt\/s412h-kozetka-z-hydrauliczna-regulacja-wysokosci\/","og_locale":"fr_FR","og_type":"article","og_title":"S412HK - Kozetka lekarska z hydrauliczn\u0105 regulacj\u0105 wysoko\u015bci - INNOW","og_description":"Niezawodna kozetka z hydrauliczn\u0105 regulacj\u0105 wysoko\u015bci, 2-cz\u0119\u015bciowym le\u017cyskiem, podg\u0142\u00f3wkiem regulowanym gazowo. Kolor tapicerki do wyboru. Kliknij!","og_url":"https:\/\/innow.pl\/produkt\/s412h-kozetka-z-hydrauliczna-regulacja-wysokosci\/","og_site_name":"INNOW","article_modified_time":"2026-03-20T12:59:53+00:00","og_image":[{"width":800,"height":800,"url":"https:\/\/innow.pl\/wp-content\/uploads\/2024\/11\/S412H-kozetka.jpg","type":"image\/jpeg"}],"twitter_card":"summary_large_image","twitter_misc":{"Dur\u00e9e de lecture estim\u00e9e":"1 minute"},"schema":{"@context":"https:\/\/schema.org","@graph":[{"@type":"WebPage","@id":"https:\/\/innow.pl\/produkt\/s412h-kozetka-z-hydrauliczna-regulacja-wysokosci\/","url":"https:\/\/innow.pl\/produkt\/s412h-kozetka-z-hydrauliczna-regulacja-wysokosci\/","name":"S412HK - Kozetka lekarska z hydrauliczn\u0105 regulacj\u0105 wysoko\u015bci - INNOW","isPartOf":{"@id":"https:\/\/innow.pl\/#website"},"primaryImageOfPage":{"@id":"https:\/\/innow.pl\/produkt\/s412h-kozetka-z-hydrauliczna-regulacja-wysokosci\/#primaryimage"},"image":{"@id":"https:\/\/innow.pl\/produkt\/s412h-kozetka-z-hydrauliczna-regulacja-wysokosci\/#primaryimage"},"thumbnailUrl":"https:\/\/innow.pl\/wp-content\/uploads\/2024\/11\/S412H-kozetka.jpg","datePublished":"2017-05-30T07:50:02+00:00","dateModified":"2026-03-20T12:59:53+00:00","description":"Niezawodna kozetka z hydrauliczn\u0105 regulacj\u0105 wysoko\u015bci, 2-cz\u0119\u015bciowym le\u017cyskiem, podg\u0142\u00f3wkiem regulowanym gazowo. Kolor tapicerki do wyboru. Kliknij!","breadcrumb":{"@id":"https:\/\/innow.pl\/produkt\/s412h-kozetka-z-hydrauliczna-regulacja-wysokosci\/#breadcrumb"},"inLanguage":"fr-FR","potentialAction":[{"@type":"ReadAction","target":["https:\/\/innow.pl\/produkt\/s412h-kozetka-z-hydrauliczna-regulacja-wysokosci\/"]}]},{"@type":"ImageObject","inLanguage":"fr-FR","@id":"https:\/\/innow.pl\/produkt\/s412h-kozetka-z-hydrauliczna-regulacja-wysokosci\/#primaryimage","url":"https:\/\/innow.pl\/wp-content\/uploads\/2024\/11\/S412H-kozetka.jpg","contentUrl":"https:\/\/innow.pl\/wp-content\/uploads\/2024\/11\/S412H-kozetka.jpg","width":800,"height":800},{"@type":"BreadcrumbList","@id":"https:\/\/innow.pl\/produkt\/s412h-kozetka-z-hydrauliczna-regulacja-wysokosci\/#breadcrumb","itemListElement":[{"@type":"ListItem","position":1,"name":"INNOW","item":"https:\/\/innow.pl\/fr\/"},{"@type":"ListItem","position":2,"name":"Produkty","item":"https:\/\/innow.pl\/produkty\/"},{"@type":"ListItem","position":3,"name":"Meble medyczne","item":"https:\/\/innow.pl\/produkty\/meble-medyczne\/"},{"@type":"ListItem","position":4,"name":"Kozetki","item":"https:\/\/innow.pl\/produkty\/meble-medyczne\/kozetki\/"},{"@type":"ListItem","position":5,"name":"Kozetki podnoszone","item":"https:\/\/innow.pl\/produkty\/meble-medyczne\/kozetki\/kozetki-podnoszone\/"},{"@type":"ListItem","position":6,"name":"S412HK &#8211; Kozetka lekarska z hydrauliczn\u0105 regulacj\u0105 wysoko\u015bci"}]},{"@type":"WebSite","@id":"https:\/\/innow.pl\/#website","url":"https:\/\/innow.pl\/","name":"INNOW","description":"","potentialAction":[{"@type":"SearchAction","target":{"@type":"EntryPoint","urlTemplate":"https:\/\/innow.pl\/?s={search_term_string}"},"query-input":{"@type":"PropertyValueSpecification","valueRequired":true,"valueName":"search_term_string"}}],"inLanguage":"fr-FR"}]}},"_links":{"self":[{"href":"https:\/\/innow.pl\/fr\/wp-json\/wp\/v2\/product\/23482","targetHints":{"allow":["GET"]}}],"collection":[{"href":"https:\/\/innow.pl\/fr\/wp-json\/wp\/v2\/product"}],"about":[{"href":"https:\/\/innow.pl\/fr\/wp-json\/wp\/v2\/types\/product"}],"replies":[{"embeddable":true,"href":"https:\/\/innow.pl\/fr\/wp-json\/wp\/v2\/comments?post=23482"}],"wp:featuredmedia":[{"embeddable":true,"href":"https:\/\/innow.pl\/fr\/wp-json\/wp\/v2\/media\/23485"}],"wp:attachment":[{"href":"https:\/\/innow.pl\/fr\/wp-json\/wp\/v2\/media?parent=23482"}],"wp:term":[{"taxonomy":"product_brand","embeddable":true,"href":"https:\/\/innow.pl\/fr\/wp-json\/wp\/v2\/product_brand?post=23482"},{"taxonomy":"product_cat","embeddable":true,"href":"https:\/\/innow.pl\/fr\/wp-json\/wp\/v2\/product_cat?post=23482"},{"taxonomy":"product_tag","embeddable":true,"href":"https:\/\/innow.pl\/fr\/wp-json\/wp\/v2\/product_tag?post=23482"}],"curies":[{"name":"wp","href":"https:\/\/api.w.org\/{rel}","templated":true}]}}