{"id":23392,"date":"2017-05-30T07:52:14","date_gmt":"2017-05-30T05:52:14","guid":{"rendered":"https:\/\/innow.pl\/produkt\/s440-stol-do-badan-i-pielegnacji-niemowlat\/"},"modified":"2026-02-16T09:55:27","modified_gmt":"2026-02-16T08:55:27","slug":"s440-stol-do-badan-i-pielegnacji-niemowlat","status":"publish","type":"product","link":"https:\/\/innow.pl\/fr\/produkt\/s440-stol-do-badan-i-pielegnacji-niemowlat\/","title":{"rendered":"S440 &#8211; St\u00f3\u0142 do bada\u0144 i piel\u0119gnacji niemowl\u0105t, przewijak, szeroko\u015b\u0107 65 cm lub 90 cm"},"content":{"rendered":"<p align=\"left\">Przewijak medyczny (przewijak lekarski do przychodni, st\u00f3\u0142 do badania niemowl\u0105t, z p\u00f3\u0142k\u0105, stanowisko dla piel\u0119gnacji niemowl\u0105t) przeznaczony jest do piel\u0119gnacji oraz przeprowadzania na nim bada\u0144 niemowl\u0105t.<\/p>\n<p align=\"left\">Dost\u0119pne dwa warianty szeroko\u015bci blatu: 65 cm i 90 cm.<\/p>\n<p align=\"left\">Stosowany mo\u017ce by\u0107 w takich plac\u00f3wkach, jak szpitale, o\u015brodki zdrowia, przychodnie.<\/p>\n<p>&nbsp;<\/p>\n<p style=\"text-align: left\"><a>Informacje o w\u0142a\u015bciwo\u015bciach dost\u0119pnych <strong>materia\u0142\u00f3w obiciowych<\/strong> dost\u0119pne po klikni\u0119ciu w zdj\u0119cie:<\/a><\/p>\n<p style=\"text-align: left\"><a href=\"https:\/\/innow.pl\/publikacje\/KatalogPDF\/Pokrycia-obiciowe-tapicerki.pdf\" target=\"_blank\" rel=\"noopener\"><img decoding=\"async\" src=\"https:\/\/innow.pl\/wp-content\/uploads\/2024\/11\/Tapicerki.jpg\" \/><\/a><\/p>\n","protected":false},"excerpt":{"rendered":"<p>Przewijak medyczny (przewijak lekarski do przychodni, st\u00f3\u0142 do badania niemowl\u0105t, z p\u00f3\u0142k\u0105, stanowisko dla piel\u0119gnacji niemowl\u0105t) przeznaczony jest do piel\u0119gnacji oraz przeprowadzania na nim bada\u0144 niemowl\u0105t. Dost\u0119pne dwa warianty szeroko\u015bci blatu: 65 cm i 90 cm. Stosowany mo\u017ce by\u0107 w takich plac\u00f3wkach, jak szpitale, o\u015brodki zdrowia, przychodnie. &nbsp; Informacje o w\u0142a\u015bciwo\u015bciach dost\u0119pnych materia\u0142\u00f3w obiciowych dost\u0119pne [&hellip;]<\/p>\n","protected":false},"featured_media":76500,"comment_status":"open","ping_status":"closed","template":"","meta":{"_acf_changed":false},"product_brand":[],"product_cat":[463,469,440],"product_tag":[],"class_list":{"0":"post-23392","1":"product","2":"type-product","3":"status-publish","4":"has-post-thumbnail","6":"product_cat-kozetki","7":"product_cat-kozetki-pediatryczne","8":"product_cat-meble-medyczne","9":"pa_dlugosc-70-cm","10":"pa_szerokosc-65-cm","11":"pa_szerokosc-90-cm","12":"pa_wysokosc-85-cm","14":"first","15":"instock","16":"taxable","17":"shipping-taxable","18":"purchasable","19":"product-type-variable"},"acf":[],"yoast_head":"<!-- This site is optimized with the Yoast SEO plugin v27.4 - https:\/\/yoast.com\/product\/yoast-seo-wordpress\/ -->\n<title>S440 - St\u00f3\u0142 do bada\u0144 i piel\u0119gnacji niemowl\u0105t, przewijak, szeroko\u015b\u0107 65 cm lub 90 cm - INNOW<\/title>\n<meta name=\"description\" content=\"Komfortowy i praktyczny st\u00f3\u0142 do bada\u0144 i piel\u0119gnacji niemowl\u0105t, (stanowisko) przewijak o zgrabnej konstrukcji - mo\u017cliwo\u015b\u0107 wyboru koloru materia\u0142u obiciowego!\" \/>\n<meta name=\"robots\" content=\"index, follow, max-snippet:-1, max-image-preview:large, max-video-preview:-1\" \/>\n<link rel=\"canonical\" href=\"https:\/\/innow.pl\/produkt\/s440-stol-do-badan-i-pielegnacji-niemowlat\/\" \/>\n<meta property=\"og:locale\" content=\"fr_FR\" \/>\n<meta property=\"og:type\" content=\"article\" \/>\n<meta property=\"og:title\" content=\"S440 - St\u00f3\u0142 do bada\u0144 i piel\u0119gnacji niemowl\u0105t, przewijak, szeroko\u015b\u0107 65 cm lub 90 cm - INNOW\" \/>\n<meta property=\"og:description\" content=\"Komfortowy i praktyczny st\u00f3\u0142 do bada\u0144 i piel\u0119gnacji niemowl\u0105t, (stanowisko) przewijak o zgrabnej konstrukcji - mo\u017cliwo\u015b\u0107 wyboru koloru materia\u0142u obiciowego!\" \/>\n<meta property=\"og:url\" content=\"https:\/\/innow.pl\/produkt\/s440-stol-do-badan-i-pielegnacji-niemowlat\/\" \/>\n<meta property=\"og:site_name\" content=\"INNOW\" \/>\n<meta property=\"article:modified_time\" content=\"2026-02-16T08:55:27+00:00\" \/>\n<meta property=\"og:image\" content=\"https:\/\/innow.pl\/wp-content\/uploads\/2025\/07\/S440_90cm_2025.jpg\" \/>\n\t<meta property=\"og:image:width\" content=\"1000\" \/>\n\t<meta property=\"og:image:height\" content=\"1000\" \/>\n\t<meta property=\"og:image:type\" content=\"image\/jpeg\" \/>\n<meta name=\"twitter:card\" content=\"summary_large_image\" \/>\n<meta name=\"twitter:label1\" content=\"Dur\u00e9e de lecture estim\u00e9e\" \/>\n\t<meta name=\"twitter:data1\" content=\"1 minute\" \/>\n<script type=\"application\/ld+json\" class=\"yoast-schema-graph\">{\"@context\":\"https:\\\/\\\/schema.org\",\"@graph\":[{\"@type\":\"WebPage\",\"@id\":\"https:\\\/\\\/innow.pl\\\/produkt\\\/s440-stol-do-badan-i-pielegnacji-niemowlat\\\/\",\"url\":\"https:\\\/\\\/innow.pl\\\/produkt\\\/s440-stol-do-badan-i-pielegnacji-niemowlat\\\/\",\"name\":\"S440 - St\u00f3\u0142 do bada\u0144 i piel\u0119gnacji niemowl\u0105t, przewijak, szeroko\u015b\u0107 65 cm lub 90 cm - INNOW\",\"isPartOf\":{\"@id\":\"https:\\\/\\\/innow.pl\\\/#website\"},\"primaryImageOfPage\":{\"@id\":\"https:\\\/\\\/innow.pl\\\/produkt\\\/s440-stol-do-badan-i-pielegnacji-niemowlat\\\/#primaryimage\"},\"image\":{\"@id\":\"https:\\\/\\\/innow.pl\\\/produkt\\\/s440-stol-do-badan-i-pielegnacji-niemowlat\\\/#primaryimage\"},\"thumbnailUrl\":\"https:\\\/\\\/innow.pl\\\/wp-content\\\/uploads\\\/2025\\\/07\\\/S440_90cm_2025.jpg\",\"datePublished\":\"2017-05-30T05:52:14+00:00\",\"dateModified\":\"2026-02-16T08:55:27+00:00\",\"description\":\"Komfortowy i praktyczny st\u00f3\u0142 do bada\u0144 i piel\u0119gnacji niemowl\u0105t, (stanowisko) przewijak o zgrabnej konstrukcji - mo\u017cliwo\u015b\u0107 wyboru koloru materia\u0142u obiciowego!\",\"breadcrumb\":{\"@id\":\"https:\\\/\\\/innow.pl\\\/produkt\\\/s440-stol-do-badan-i-pielegnacji-niemowlat\\\/#breadcrumb\"},\"inLanguage\":\"fr-FR\",\"potentialAction\":[{\"@type\":\"ReadAction\",\"target\":[\"https:\\\/\\\/innow.pl\\\/produkt\\\/s440-stol-do-badan-i-pielegnacji-niemowlat\\\/\"]}]},{\"@type\":\"ImageObject\",\"inLanguage\":\"fr-FR\",\"@id\":\"https:\\\/\\\/innow.pl\\\/produkt\\\/s440-stol-do-badan-i-pielegnacji-niemowlat\\\/#primaryimage\",\"url\":\"https:\\\/\\\/innow.pl\\\/wp-content\\\/uploads\\\/2025\\\/07\\\/S440_90cm_2025.jpg\",\"contentUrl\":\"https:\\\/\\\/innow.pl\\\/wp-content\\\/uploads\\\/2025\\\/07\\\/S440_90cm_2025.jpg\",\"width\":1000,\"height\":1000,\"caption\":\"St\u00f3\u0142 do bada\u0144 i piel\u0119gnacji niemowl\u0105t \u2013 S440 \u2013 INNOW\"},{\"@type\":\"BreadcrumbList\",\"@id\":\"https:\\\/\\\/innow.pl\\\/produkt\\\/s440-stol-do-badan-i-pielegnacji-niemowlat\\\/#breadcrumb\",\"itemListElement\":[{\"@type\":\"ListItem\",\"position\":1,\"name\":\"INNOW\",\"item\":\"https:\\\/\\\/innow.pl\\\/fr\\\/\"},{\"@type\":\"ListItem\",\"position\":2,\"name\":\"Produkty\",\"item\":\"https:\\\/\\\/innow.pl\\\/produkty\\\/\"},{\"@type\":\"ListItem\",\"position\":3,\"name\":\"Meble medyczne\",\"item\":\"https:\\\/\\\/innow.pl\\\/produkty\\\/meble-medyczne\\\/\"},{\"@type\":\"ListItem\",\"position\":4,\"name\":\"Kozetki\",\"item\":\"https:\\\/\\\/innow.pl\\\/produkty\\\/meble-medyczne\\\/kozetki\\\/\"},{\"@type\":\"ListItem\",\"position\":5,\"name\":\"Kozetki pediatryczne\",\"item\":\"https:\\\/\\\/innow.pl\\\/produkty\\\/meble-medyczne\\\/kozetki\\\/kozetki-pediatryczne\\\/\"},{\"@type\":\"ListItem\",\"position\":6,\"name\":\"S440 &#8211; St\u00f3\u0142 do bada\u0144 i piel\u0119gnacji niemowl\u0105t, przewijak, szeroko\u015b\u0107 65 cm lub 90 cm\"}]},{\"@type\":\"WebSite\",\"@id\":\"https:\\\/\\\/innow.pl\\\/#website\",\"url\":\"https:\\\/\\\/innow.pl\\\/\",\"name\":\"INNOW\",\"description\":\"\",\"potentialAction\":[{\"@type\":\"SearchAction\",\"target\":{\"@type\":\"EntryPoint\",\"urlTemplate\":\"https:\\\/\\\/innow.pl\\\/?s={search_term_string}\"},\"query-input\":{\"@type\":\"PropertyValueSpecification\",\"valueRequired\":true,\"valueName\":\"search_term_string\"}}],\"inLanguage\":\"fr-FR\"}]}<\/script>\n<!-- \/ Yoast SEO plugin. -->","yoast_head_json":{"title":"S440 - St\u00f3\u0142 do bada\u0144 i piel\u0119gnacji niemowl\u0105t, przewijak, szeroko\u015b\u0107 65 cm lub 90 cm - INNOW","description":"Komfortowy i praktyczny st\u00f3\u0142 do bada\u0144 i piel\u0119gnacji niemowl\u0105t, (stanowisko) przewijak o zgrabnej konstrukcji - mo\u017cliwo\u015b\u0107 wyboru koloru materia\u0142u obiciowego!","robots":{"index":"index","follow":"follow","max-snippet":"max-snippet:-1","max-image-preview":"max-image-preview:large","max-video-preview":"max-video-preview:-1"},"canonical":"https:\/\/innow.pl\/produkt\/s440-stol-do-badan-i-pielegnacji-niemowlat\/","og_locale":"fr_FR","og_type":"article","og_title":"S440 - St\u00f3\u0142 do bada\u0144 i piel\u0119gnacji niemowl\u0105t, przewijak, szeroko\u015b\u0107 65 cm lub 90 cm - INNOW","og_description":"Komfortowy i praktyczny st\u00f3\u0142 do bada\u0144 i piel\u0119gnacji niemowl\u0105t, (stanowisko) przewijak o zgrabnej konstrukcji - mo\u017cliwo\u015b\u0107 wyboru koloru materia\u0142u obiciowego!","og_url":"https:\/\/innow.pl\/produkt\/s440-stol-do-badan-i-pielegnacji-niemowlat\/","og_site_name":"INNOW","article_modified_time":"2026-02-16T08:55:27+00:00","og_image":[{"width":1000,"height":1000,"url":"https:\/\/innow.pl\/wp-content\/uploads\/2025\/07\/S440_90cm_2025.jpg","type":"image\/jpeg"}],"twitter_card":"summary_large_image","twitter_misc":{"Dur\u00e9e de lecture estim\u00e9e":"1 minute"},"schema":{"@context":"https:\/\/schema.org","@graph":[{"@type":"WebPage","@id":"https:\/\/innow.pl\/produkt\/s440-stol-do-badan-i-pielegnacji-niemowlat\/","url":"https:\/\/innow.pl\/produkt\/s440-stol-do-badan-i-pielegnacji-niemowlat\/","name":"S440 - St\u00f3\u0142 do bada\u0144 i piel\u0119gnacji niemowl\u0105t, przewijak, szeroko\u015b\u0107 65 cm lub 90 cm - INNOW","isPartOf":{"@id":"https:\/\/innow.pl\/#website"},"primaryImageOfPage":{"@id":"https:\/\/innow.pl\/produkt\/s440-stol-do-badan-i-pielegnacji-niemowlat\/#primaryimage"},"image":{"@id":"https:\/\/innow.pl\/produkt\/s440-stol-do-badan-i-pielegnacji-niemowlat\/#primaryimage"},"thumbnailUrl":"https:\/\/innow.pl\/wp-content\/uploads\/2025\/07\/S440_90cm_2025.jpg","datePublished":"2017-05-30T05:52:14+00:00","dateModified":"2026-02-16T08:55:27+00:00","description":"Komfortowy i praktyczny st\u00f3\u0142 do bada\u0144 i piel\u0119gnacji niemowl\u0105t, (stanowisko) przewijak o zgrabnej konstrukcji - mo\u017cliwo\u015b\u0107 wyboru koloru materia\u0142u obiciowego!","breadcrumb":{"@id":"https:\/\/innow.pl\/produkt\/s440-stol-do-badan-i-pielegnacji-niemowlat\/#breadcrumb"},"inLanguage":"fr-FR","potentialAction":[{"@type":"ReadAction","target":["https:\/\/innow.pl\/produkt\/s440-stol-do-badan-i-pielegnacji-niemowlat\/"]}]},{"@type":"ImageObject","inLanguage":"fr-FR","@id":"https:\/\/innow.pl\/produkt\/s440-stol-do-badan-i-pielegnacji-niemowlat\/#primaryimage","url":"https:\/\/innow.pl\/wp-content\/uploads\/2025\/07\/S440_90cm_2025.jpg","contentUrl":"https:\/\/innow.pl\/wp-content\/uploads\/2025\/07\/S440_90cm_2025.jpg","width":1000,"height":1000,"caption":"St\u00f3\u0142 do bada\u0144 i piel\u0119gnacji niemowl\u0105t \u2013 S440 \u2013 INNOW"},{"@type":"BreadcrumbList","@id":"https:\/\/innow.pl\/produkt\/s440-stol-do-badan-i-pielegnacji-niemowlat\/#breadcrumb","itemListElement":[{"@type":"ListItem","position":1,"name":"INNOW","item":"https:\/\/innow.pl\/fr\/"},{"@type":"ListItem","position":2,"name":"Produkty","item":"https:\/\/innow.pl\/produkty\/"},{"@type":"ListItem","position":3,"name":"Meble medyczne","item":"https:\/\/innow.pl\/produkty\/meble-medyczne\/"},{"@type":"ListItem","position":4,"name":"Kozetki","item":"https:\/\/innow.pl\/produkty\/meble-medyczne\/kozetki\/"},{"@type":"ListItem","position":5,"name":"Kozetki pediatryczne","item":"https:\/\/innow.pl\/produkty\/meble-medyczne\/kozetki\/kozetki-pediatryczne\/"},{"@type":"ListItem","position":6,"name":"S440 &#8211; St\u00f3\u0142 do bada\u0144 i piel\u0119gnacji niemowl\u0105t, przewijak, szeroko\u015b\u0107 65 cm lub 90 cm"}]},{"@type":"WebSite","@id":"https:\/\/innow.pl\/#website","url":"https:\/\/innow.pl\/","name":"INNOW","description":"","potentialAction":[{"@type":"SearchAction","target":{"@type":"EntryPoint","urlTemplate":"https:\/\/innow.pl\/?s={search_term_string}"},"query-input":{"@type":"PropertyValueSpecification","valueRequired":true,"valueName":"search_term_string"}}],"inLanguage":"fr-FR"}]}},"_links":{"self":[{"href":"https:\/\/innow.pl\/fr\/wp-json\/wp\/v2\/product\/23392","targetHints":{"allow":["GET"]}}],"collection":[{"href":"https:\/\/innow.pl\/fr\/wp-json\/wp\/v2\/product"}],"about":[{"href":"https:\/\/innow.pl\/fr\/wp-json\/wp\/v2\/types\/product"}],"replies":[{"embeddable":true,"href":"https:\/\/innow.pl\/fr\/wp-json\/wp\/v2\/comments?post=23392"}],"wp:featuredmedia":[{"embeddable":true,"href":"https:\/\/innow.pl\/fr\/wp-json\/wp\/v2\/media\/76500"}],"wp:attachment":[{"href":"https:\/\/innow.pl\/fr\/wp-json\/wp\/v2\/media?parent=23392"}],"wp:term":[{"taxonomy":"product_brand","embeddable":true,"href":"https:\/\/innow.pl\/fr\/wp-json\/wp\/v2\/product_brand?post=23392"},{"taxonomy":"product_cat","embeddable":true,"href":"https:\/\/innow.pl\/fr\/wp-json\/wp\/v2\/product_cat?post=23392"},{"taxonomy":"product_tag","embeddable":true,"href":"https:\/\/innow.pl\/fr\/wp-json\/wp\/v2\/product_tag?post=23392"}],"curies":[{"name":"wp","href":"https:\/\/api.w.org\/{rel}","templated":true}]}}