{"id":23379,"date":"2017-05-30T07:40:08","date_gmt":"2017-05-30T05:40:08","guid":{"rendered":"https:\/\/innow.pl\/produkt\/s406d-stol-rehabilitacyjny-drewniany-do-fizykoterapii\/"},"modified":"2025-11-27T09:42:24","modified_gmt":"2025-11-27T08:42:24","slug":"s406d-stol-rehabilitacyjny-drewniany-do-fizykoterapii","status":"publish","type":"product","link":"https:\/\/innow.pl\/fr\/produkt\/s406d-stol-rehabilitacyjny-drewniany-do-fizykoterapii\/","title":{"rendered":"S406D &#8211; St\u00f3\u0142 rehabilitacyjny drewniany (do fizykoterapii)"},"content":{"rendered":"<p>St\u00f3\u0142 rehabilitacyjny drewniany (le\u017canka drewniana, kozetka drewniana, kozetka zabiegowa) mo\u017ce by\u0107 stosowany podczas przeprowadzania bada\u0144, rehabilitacji czy terapii po urazach. Zabiegi lecznicze mog\u0105 by\u0107 wykonywane na nim w szpitalach lub innych plac\u00f3wkach s\u0142u\u017cby zdrowia. Model ten posiada regulacj\u0119 podg\u0142\u00f3wka do +40\u00b0 i opcjonalnie mo\u017ce by\u0107 wyposa\u017cony w podajnik podk\u0142ad\u00f3w (poni\u017cej). \u00a0<\/p>\n<p style=\"text-align: left\"><a>Informacje o w\u0142a\u015bciwo\u015bciach dost\u0119pnych <strong>materia\u0142\u00f3w obiciowych<\/strong> dost\u0119pne po klikni\u0119ciu w zdj\u0119cie:<\/a><\/p>\n<p style=\"text-align: left\"><a href=\"https:\/\/innow.pl\/publikacje\/KatalogPDF\/Pokrycia-obiciowe-tapicerki.pdf\" target=\"_blank\" rel=\"noopener\"><img decoding=\"async\" src=\"https:\/\/innow.pl\/wp-content\/uploads\/2024\/11\/Tapicerki.jpg\" \/><\/a><\/p>\n","protected":false},"excerpt":{"rendered":"<p>St\u00f3\u0142 rehabilitacyjny drewniany (le\u017canka drewniana, kozetka drewniana, kozetka zabiegowa) mo\u017ce by\u0107 stosowany podczas przeprowadzania bada\u0144, rehabilitacji czy terapii po urazach. Zabiegi lecznicze mog\u0105 by\u0107 wykonywane na nim w szpitalach lub innych plac\u00f3wkach s\u0142u\u017cby zdrowia. Model ten posiada regulacj\u0119 podg\u0142\u00f3wka do +40\u00b0 i opcjonalnie mo\u017ce by\u0107 wyposa\u017cony w podajnik podk\u0142ad\u00f3w (poni\u017cej). \u00a0 Informacje o w\u0142a\u015bciwo\u015bciach dost\u0119pnych [&hellip;]<\/p>\n","protected":false},"featured_media":23382,"comment_status":"open","ping_status":"closed","template":"","meta":{"_acf_changed":false},"product_brand":[],"product_cat":[463,468,440],"product_tag":[],"class_list":{"0":"post-23379","1":"product","2":"type-product","3":"status-publish","4":"has-post-thumbnail","6":"product_cat-kozetki","7":"product_cat-kozetki-drewniane","8":"product_cat-meble-medyczne","9":"pa_dlugosc-200-cm","10":"pa_regulacja-podglowka-w-gore-728","11":"pa_szerokosc-70-cm","12":"pa_wysokosc-standardowa-65-cm","13":"pa_wysokosc-za-doplata-50-cm-60-cm-70-cm-105-zl-netto","15":"first","16":"instock","17":"taxable","18":"shipping-taxable","19":"purchasable","20":"product-type-simple"},"acf":[],"yoast_head":"<!-- This site is optimized with the Yoast SEO plugin v27.4 - https:\/\/yoast.com\/product\/yoast-seo-wordpress\/ -->\n<title>S406D - St\u00f3\u0142 rehabilitacyjny drewniany (do fizykoterapii) - INNOW<\/title>\n<meta name=\"description\" content=\"Klasyczny st\u00f3\u0142 rehabilitacyjny drewniany (do fizykoterapii) z regulacj\u0105 podg\u0142\u00f3wka +40\u00b0. Estetyczny st\u00f3\u0142 w wybranym, pasuj\u0105cym do Twojego gabinetu kolorze!\" \/>\n<meta name=\"robots\" content=\"index, follow, max-snippet:-1, max-image-preview:large, max-video-preview:-1\" \/>\n<link rel=\"canonical\" href=\"https:\/\/innow.pl\/produkt\/s406d-stol-rehabilitacyjny-drewniany-do-fizykoterapii\/\" \/>\n<meta property=\"og:locale\" content=\"fr_FR\" \/>\n<meta property=\"og:type\" content=\"article\" \/>\n<meta property=\"og:title\" content=\"S406D - St\u00f3\u0142 rehabilitacyjny drewniany (do fizykoterapii) - INNOW\" \/>\n<meta property=\"og:description\" content=\"Klasyczny st\u00f3\u0142 rehabilitacyjny drewniany (do fizykoterapii) z regulacj\u0105 podg\u0142\u00f3wka +40\u00b0. Estetyczny st\u00f3\u0142 w wybranym, pasuj\u0105cym do Twojego gabinetu kolorze!\" \/>\n<meta property=\"og:url\" content=\"https:\/\/innow.pl\/produkt\/s406d-stol-rehabilitacyjny-drewniany-do-fizykoterapii\/\" \/>\n<meta property=\"og:site_name\" content=\"INNOW\" \/>\n<meta property=\"article:modified_time\" content=\"2025-11-27T08:42:24+00:00\" \/>\n<meta property=\"og:image\" content=\"https:\/\/innow.pl\/wp-content\/uploads\/2024\/11\/S406D.jpg\" \/>\n\t<meta property=\"og:image:width\" content=\"800\" \/>\n\t<meta property=\"og:image:height\" content=\"800\" \/>\n\t<meta property=\"og:image:type\" content=\"image\/jpeg\" \/>\n<meta name=\"twitter:card\" content=\"summary_large_image\" \/>\n<meta name=\"twitter:label1\" content=\"Dur\u00e9e de lecture estim\u00e9e\" \/>\n\t<meta name=\"twitter:data1\" content=\"1 minute\" \/>\n<script type=\"application\/ld+json\" class=\"yoast-schema-graph\">{\"@context\":\"https:\\\/\\\/schema.org\",\"@graph\":[{\"@type\":\"WebPage\",\"@id\":\"https:\\\/\\\/innow.pl\\\/produkt\\\/s406d-stol-rehabilitacyjny-drewniany-do-fizykoterapii\\\/\",\"url\":\"https:\\\/\\\/innow.pl\\\/produkt\\\/s406d-stol-rehabilitacyjny-drewniany-do-fizykoterapii\\\/\",\"name\":\"S406D - St\u00f3\u0142 rehabilitacyjny drewniany (do fizykoterapii) - INNOW\",\"isPartOf\":{\"@id\":\"https:\\\/\\\/innow.pl\\\/#website\"},\"primaryImageOfPage\":{\"@id\":\"https:\\\/\\\/innow.pl\\\/produkt\\\/s406d-stol-rehabilitacyjny-drewniany-do-fizykoterapii\\\/#primaryimage\"},\"image\":{\"@id\":\"https:\\\/\\\/innow.pl\\\/produkt\\\/s406d-stol-rehabilitacyjny-drewniany-do-fizykoterapii\\\/#primaryimage\"},\"thumbnailUrl\":\"https:\\\/\\\/innow.pl\\\/wp-content\\\/uploads\\\/2024\\\/11\\\/S406D.jpg\",\"datePublished\":\"2017-05-30T05:40:08+00:00\",\"dateModified\":\"2025-11-27T08:42:24+00:00\",\"description\":\"Klasyczny st\u00f3\u0142 rehabilitacyjny drewniany (do fizykoterapii) z regulacj\u0105 podg\u0142\u00f3wka +40\u00b0. Estetyczny st\u00f3\u0142 w wybranym, pasuj\u0105cym do Twojego gabinetu kolorze!\",\"breadcrumb\":{\"@id\":\"https:\\\/\\\/innow.pl\\\/produkt\\\/s406d-stol-rehabilitacyjny-drewniany-do-fizykoterapii\\\/#breadcrumb\"},\"inLanguage\":\"fr-FR\",\"potentialAction\":[{\"@type\":\"ReadAction\",\"target\":[\"https:\\\/\\\/innow.pl\\\/produkt\\\/s406d-stol-rehabilitacyjny-drewniany-do-fizykoterapii\\\/\"]}]},{\"@type\":\"ImageObject\",\"inLanguage\":\"fr-FR\",\"@id\":\"https:\\\/\\\/innow.pl\\\/produkt\\\/s406d-stol-rehabilitacyjny-drewniany-do-fizykoterapii\\\/#primaryimage\",\"url\":\"https:\\\/\\\/innow.pl\\\/wp-content\\\/uploads\\\/2024\\\/11\\\/S406D.jpg\",\"contentUrl\":\"https:\\\/\\\/innow.pl\\\/wp-content\\\/uploads\\\/2024\\\/11\\\/S406D.jpg\",\"width\":800,\"height\":800,\"caption\":\"St\u00f3\u0142 rehabilitacyjny drewniany (do fizykoterapii) \u2013 S406D \u2013 INNOW\"},{\"@type\":\"BreadcrumbList\",\"@id\":\"https:\\\/\\\/innow.pl\\\/produkt\\\/s406d-stol-rehabilitacyjny-drewniany-do-fizykoterapii\\\/#breadcrumb\",\"itemListElement\":[{\"@type\":\"ListItem\",\"position\":1,\"name\":\"INNOW\",\"item\":\"https:\\\/\\\/innow.pl\\\/fr\\\/\"},{\"@type\":\"ListItem\",\"position\":2,\"name\":\"Produkty\",\"item\":\"https:\\\/\\\/innow.pl\\\/produkty\\\/\"},{\"@type\":\"ListItem\",\"position\":3,\"name\":\"Meble medyczne\",\"item\":\"https:\\\/\\\/innow.pl\\\/produkty\\\/meble-medyczne\\\/\"},{\"@type\":\"ListItem\",\"position\":4,\"name\":\"Kozetki\",\"item\":\"https:\\\/\\\/innow.pl\\\/produkty\\\/meble-medyczne\\\/kozetki\\\/\"},{\"@type\":\"ListItem\",\"position\":5,\"name\":\"Kozetki drewniane\",\"item\":\"https:\\\/\\\/innow.pl\\\/produkty\\\/meble-medyczne\\\/kozetki\\\/kozetki-drewniane\\\/\"},{\"@type\":\"ListItem\",\"position\":6,\"name\":\"S406D &#8211; St\u00f3\u0142 rehabilitacyjny drewniany (do fizykoterapii)\"}]},{\"@type\":\"WebSite\",\"@id\":\"https:\\\/\\\/innow.pl\\\/#website\",\"url\":\"https:\\\/\\\/innow.pl\\\/\",\"name\":\"INNOW\",\"description\":\"\",\"potentialAction\":[{\"@type\":\"SearchAction\",\"target\":{\"@type\":\"EntryPoint\",\"urlTemplate\":\"https:\\\/\\\/innow.pl\\\/?s={search_term_string}\"},\"query-input\":{\"@type\":\"PropertyValueSpecification\",\"valueRequired\":true,\"valueName\":\"search_term_string\"}}],\"inLanguage\":\"fr-FR\"}]}<\/script>\n<!-- \/ Yoast SEO plugin. -->","yoast_head_json":{"title":"S406D - St\u00f3\u0142 rehabilitacyjny drewniany (do fizykoterapii) - INNOW","description":"Klasyczny st\u00f3\u0142 rehabilitacyjny drewniany (do fizykoterapii) z regulacj\u0105 podg\u0142\u00f3wka +40\u00b0. Estetyczny st\u00f3\u0142 w wybranym, pasuj\u0105cym do Twojego gabinetu kolorze!","robots":{"index":"index","follow":"follow","max-snippet":"max-snippet:-1","max-image-preview":"max-image-preview:large","max-video-preview":"max-video-preview:-1"},"canonical":"https:\/\/innow.pl\/produkt\/s406d-stol-rehabilitacyjny-drewniany-do-fizykoterapii\/","og_locale":"fr_FR","og_type":"article","og_title":"S406D - St\u00f3\u0142 rehabilitacyjny drewniany (do fizykoterapii) - INNOW","og_description":"Klasyczny st\u00f3\u0142 rehabilitacyjny drewniany (do fizykoterapii) z regulacj\u0105 podg\u0142\u00f3wka +40\u00b0. Estetyczny st\u00f3\u0142 w wybranym, pasuj\u0105cym do Twojego gabinetu kolorze!","og_url":"https:\/\/innow.pl\/produkt\/s406d-stol-rehabilitacyjny-drewniany-do-fizykoterapii\/","og_site_name":"INNOW","article_modified_time":"2025-11-27T08:42:24+00:00","og_image":[{"width":800,"height":800,"url":"https:\/\/innow.pl\/wp-content\/uploads\/2024\/11\/S406D.jpg","type":"image\/jpeg"}],"twitter_card":"summary_large_image","twitter_misc":{"Dur\u00e9e de lecture estim\u00e9e":"1 minute"},"schema":{"@context":"https:\/\/schema.org","@graph":[{"@type":"WebPage","@id":"https:\/\/innow.pl\/produkt\/s406d-stol-rehabilitacyjny-drewniany-do-fizykoterapii\/","url":"https:\/\/innow.pl\/produkt\/s406d-stol-rehabilitacyjny-drewniany-do-fizykoterapii\/","name":"S406D - St\u00f3\u0142 rehabilitacyjny drewniany (do fizykoterapii) - INNOW","isPartOf":{"@id":"https:\/\/innow.pl\/#website"},"primaryImageOfPage":{"@id":"https:\/\/innow.pl\/produkt\/s406d-stol-rehabilitacyjny-drewniany-do-fizykoterapii\/#primaryimage"},"image":{"@id":"https:\/\/innow.pl\/produkt\/s406d-stol-rehabilitacyjny-drewniany-do-fizykoterapii\/#primaryimage"},"thumbnailUrl":"https:\/\/innow.pl\/wp-content\/uploads\/2024\/11\/S406D.jpg","datePublished":"2017-05-30T05:40:08+00:00","dateModified":"2025-11-27T08:42:24+00:00","description":"Klasyczny st\u00f3\u0142 rehabilitacyjny drewniany (do fizykoterapii) z regulacj\u0105 podg\u0142\u00f3wka +40\u00b0. Estetyczny st\u00f3\u0142 w wybranym, pasuj\u0105cym do Twojego gabinetu kolorze!","breadcrumb":{"@id":"https:\/\/innow.pl\/produkt\/s406d-stol-rehabilitacyjny-drewniany-do-fizykoterapii\/#breadcrumb"},"inLanguage":"fr-FR","potentialAction":[{"@type":"ReadAction","target":["https:\/\/innow.pl\/produkt\/s406d-stol-rehabilitacyjny-drewniany-do-fizykoterapii\/"]}]},{"@type":"ImageObject","inLanguage":"fr-FR","@id":"https:\/\/innow.pl\/produkt\/s406d-stol-rehabilitacyjny-drewniany-do-fizykoterapii\/#primaryimage","url":"https:\/\/innow.pl\/wp-content\/uploads\/2024\/11\/S406D.jpg","contentUrl":"https:\/\/innow.pl\/wp-content\/uploads\/2024\/11\/S406D.jpg","width":800,"height":800,"caption":"St\u00f3\u0142 rehabilitacyjny drewniany (do fizykoterapii) \u2013 S406D \u2013 INNOW"},{"@type":"BreadcrumbList","@id":"https:\/\/innow.pl\/produkt\/s406d-stol-rehabilitacyjny-drewniany-do-fizykoterapii\/#breadcrumb","itemListElement":[{"@type":"ListItem","position":1,"name":"INNOW","item":"https:\/\/innow.pl\/fr\/"},{"@type":"ListItem","position":2,"name":"Produkty","item":"https:\/\/innow.pl\/produkty\/"},{"@type":"ListItem","position":3,"name":"Meble medyczne","item":"https:\/\/innow.pl\/produkty\/meble-medyczne\/"},{"@type":"ListItem","position":4,"name":"Kozetki","item":"https:\/\/innow.pl\/produkty\/meble-medyczne\/kozetki\/"},{"@type":"ListItem","position":5,"name":"Kozetki drewniane","item":"https:\/\/innow.pl\/produkty\/meble-medyczne\/kozetki\/kozetki-drewniane\/"},{"@type":"ListItem","position":6,"name":"S406D &#8211; St\u00f3\u0142 rehabilitacyjny drewniany (do fizykoterapii)"}]},{"@type":"WebSite","@id":"https:\/\/innow.pl\/#website","url":"https:\/\/innow.pl\/","name":"INNOW","description":"","potentialAction":[{"@type":"SearchAction","target":{"@type":"EntryPoint","urlTemplate":"https:\/\/innow.pl\/?s={search_term_string}"},"query-input":{"@type":"PropertyValueSpecification","valueRequired":true,"valueName":"search_term_string"}}],"inLanguage":"fr-FR"}]}},"_links":{"self":[{"href":"https:\/\/innow.pl\/fr\/wp-json\/wp\/v2\/product\/23379","targetHints":{"allow":["GET"]}}],"collection":[{"href":"https:\/\/innow.pl\/fr\/wp-json\/wp\/v2\/product"}],"about":[{"href":"https:\/\/innow.pl\/fr\/wp-json\/wp\/v2\/types\/product"}],"replies":[{"embeddable":true,"href":"https:\/\/innow.pl\/fr\/wp-json\/wp\/v2\/comments?post=23379"}],"wp:featuredmedia":[{"embeddable":true,"href":"https:\/\/innow.pl\/fr\/wp-json\/wp\/v2\/media\/23382"}],"wp:attachment":[{"href":"https:\/\/innow.pl\/fr\/wp-json\/wp\/v2\/media?parent=23379"}],"wp:term":[{"taxonomy":"product_brand","embeddable":true,"href":"https:\/\/innow.pl\/fr\/wp-json\/wp\/v2\/product_brand?post=23379"},{"taxonomy":"product_cat","embeddable":true,"href":"https:\/\/innow.pl\/fr\/wp-json\/wp\/v2\/product_cat?post=23379"},{"taxonomy":"product_tag","embeddable":true,"href":"https:\/\/innow.pl\/fr\/wp-json\/wp\/v2\/product_tag?post=23379"}],"curies":[{"name":"wp","href":"https:\/\/api.w.org\/{rel}","templated":true}]}}