{"id":23368,"date":"2019-06-10T07:26:03","date_gmt":"2019-06-10T05:26:03","guid":{"rendered":"https:\/\/innow.pl\/produkt\/s406-stol-rehabilitacyjny-staly-kozetka-wys-60-cm-2\/"},"modified":"2026-04-03T09:44:30","modified_gmt":"2026-04-03T07:44:30","slug":"s406-stol-rehabilitacyjny-staly-kozetka-wys-60-cm-2","status":"publish","type":"product","link":"https:\/\/innow.pl\/fr\/produkt\/s406-stol-rehabilitacyjny-staly-kozetka-wys-60-cm-2\/","title":{"rendered":"S406 +\/- &#8211; St\u00f3\u0142 rehabilitacyjny sta\u0142y\/kozetka wys. 60 cm"},"content":{"rendered":"<p style=\"text-align: left\" align=\"left\">Kozetki (sto\u0142y rehabilitacyjne sta\u0142e) stosowane s\u0105 do wykonywania zabieg\u00f3w oraz bada\u0144.<\/p>\n<p align=\"left\">Kozetka lekarska (kozetka medyczna, kozetka zabiegowa, le\u017canka rehabilitacyjna) S406 +\/- wyposa\u017cona jest w regulowany mechanicznie podg\u0142\u00f3wek\u00a0od -80\u00ba do +45\u00ba (opcjonalnie &#8211; regulacja za pomoc\u0105 spr\u0119\u017cyny gazowej).<\/p>\n<p style=\"text-align: left\"><em>Konstrukcja tej kozetki, dostosowana do obci\u0105\u017cenia dopuszczalnego 130 kg pozwala na demonta\u017c n\u00f3g i jej z\u0142o\u017cenie do transportu. <\/em> <em>Kozetka o konstrukcji pozwalaj\u0105cej na zwi\u0119kszenie maksymalnego obci\u0105\u017cenia do 200 kg jest dost\u0119pna tutaj: <\/em><a style=\"color: #24c2e3\" href=\"https:\/\/innow.pl\/produkt\/s406-mono-kozetka-stol-rehab-z-konstrukcja-monolityczna-do-180-kg-podgl-45-80\/\">S406+\/- [MONO]<\/a>. \u00a0<\/p>\n<p style=\"text-align: left\"><a>Informacje o w\u0142a\u015bciwo\u015bciach dost\u0119pnych <strong>materia\u0142\u00f3w obiciowych<\/strong> dost\u0119pne po klikni\u0119ciu w zdj\u0119cie:<\/a><\/p>\n<p style=\"text-align: left\"><a href=\"https:\/\/innow.pl\/publikacje\/KatalogPDF\/Pokrycia-obiciowe-tapicerki.pdf\" target=\"_blank\" rel=\"noopener\"><img decoding=\"async\" src=\"https:\/\/innow.pl\/wp-content\/uploads\/2024\/11\/Tapicerki.jpg\" \/><\/a><\/p>\n","protected":false},"excerpt":{"rendered":"<p>Kozetki (sto\u0142y rehabilitacyjne sta\u0142e) stosowane s\u0105 do wykonywania zabieg\u00f3w oraz bada\u0144. Kozetka lekarska (kozetka medyczna, kozetka zabiegowa, le\u017canka rehabilitacyjna) S406 +\/- wyposa\u017cona jest w regulowany mechanicznie podg\u0142\u00f3wek\u00a0od -80\u00ba do +45\u00ba (opcjonalnie &#8211; regulacja za pomoc\u0105 spr\u0119\u017cyny gazowej). Konstrukcja tej kozetki, dostosowana do obci\u0105\u017cenia dopuszczalnego 130 kg pozwala na demonta\u017c n\u00f3g i jej z\u0142o\u017cenie do transportu. [&hellip;]<\/p>\n","protected":false},"featured_media":23371,"comment_status":"open","ping_status":"closed","template":"","meta":{"_acf_changed":false},"product_brand":[],"product_cat":[463,535,464,440],"product_tag":[],"class_list":{"0":"post-23368","1":"product","2":"type-product","3":"status-publish","4":"has-post-thumbnail","6":"product_cat-kozetki","7":"product_cat-kozetki-demontowalne","8":"product_cat-kozetki-stacjonarne","9":"product_cat-meble-medyczne","10":"pa_dlugosc-200-cm","11":"pa_dlugosc-opcjonalnie-185-cm-188-cm","12":"pa_regulacja-podglowka-w-dol-727","13":"pa_regulacja-podglowka-w-gore-631","14":"pa_szerokosc-standardowa-60-cm","15":"pa_szerokosc-za-doplata-55-cm-65-cm-70-cm-230-zl-netto","16":"pa_wysokosc-standardowa-60-cm","17":"pa_wysokosc-za-doplata-50-cm-55-cm-65-cm-230-zl-netto","19":"first","20":"instock","21":"taxable","22":"shipping-taxable","23":"purchasable","24":"product-type-simple"},"acf":[],"yoast_head":"<!-- This site is optimized with the Yoast SEO plugin v27.4 - https:\/\/yoast.com\/product\/yoast-seo-wordpress\/ -->\n<title>S406 +\/- St\u00f3\u0142 rehabilitacyjny sta\u0142y\/kozetka wys. 60 cm - INNOW<\/title>\n<meta name=\"description\" content=\"Niedrogi i jednocze\u015bnie wytrzyma\u0142y st\u00f3\u0142 rehabilitacyjny sta\u0142y\/kozetka z regulacj\u0105 podg\u0142\u00f3wka -80\u00b0\/+45\u00b0 i zmywaln\u0105 tapicerk\u0105 w wybranym kolorze. Sprawd\u017a!\" \/>\n<meta name=\"robots\" content=\"index, follow, max-snippet:-1, max-image-preview:large, max-video-preview:-1\" \/>\n<link rel=\"canonical\" href=\"https:\/\/innow.pl\/produkt\/s406-stol-rehabilitacyjny-staly-kozetka-wys-60-cm-2\/\" \/>\n<meta property=\"og:locale\" content=\"fr_FR\" \/>\n<meta property=\"og:type\" content=\"article\" \/>\n<meta property=\"og:title\" content=\"S406 +\/- St\u00f3\u0142 rehabilitacyjny sta\u0142y\/kozetka wys. 60 cm - INNOW\" \/>\n<meta property=\"og:description\" content=\"Niedrogi i jednocze\u015bnie wytrzyma\u0142y st\u00f3\u0142 rehabilitacyjny sta\u0142y\/kozetka z regulacj\u0105 podg\u0142\u00f3wka -80\u00b0\/+45\u00b0 i zmywaln\u0105 tapicerk\u0105 w wybranym kolorze. Sprawd\u017a!\" \/>\n<meta property=\"og:url\" content=\"https:\/\/innow.pl\/produkt\/s406-stol-rehabilitacyjny-staly-kozetka-wys-60-cm-2\/\" \/>\n<meta property=\"og:site_name\" content=\"INNOW\" \/>\n<meta property=\"article:modified_time\" content=\"2026-04-03T07:44:30+00:00\" \/>\n<meta property=\"og:image\" content=\"https:\/\/innow.pl\/wp-content\/uploads\/2024\/11\/S406-.jpg\" \/>\n\t<meta property=\"og:image:width\" content=\"800\" \/>\n\t<meta property=\"og:image:height\" content=\"800\" \/>\n\t<meta property=\"og:image:type\" content=\"image\/jpeg\" \/>\n<meta name=\"twitter:card\" content=\"summary_large_image\" \/>\n<meta name=\"twitter:label1\" content=\"Dur\u00e9e de lecture estim\u00e9e\" \/>\n\t<meta name=\"twitter:data1\" content=\"1 minute\" \/>\n<script type=\"application\/ld+json\" class=\"yoast-schema-graph\">{\"@context\":\"https:\\\/\\\/schema.org\",\"@graph\":[{\"@type\":\"WebPage\",\"@id\":\"https:\\\/\\\/innow.pl\\\/produkt\\\/s406-stol-rehabilitacyjny-staly-kozetka-wys-60-cm-2\\\/\",\"url\":\"https:\\\/\\\/innow.pl\\\/produkt\\\/s406-stol-rehabilitacyjny-staly-kozetka-wys-60-cm-2\\\/\",\"name\":\"S406 +\\\/- St\u00f3\u0142 rehabilitacyjny sta\u0142y\\\/kozetka wys. 60 cm - INNOW\",\"isPartOf\":{\"@id\":\"https:\\\/\\\/innow.pl\\\/#website\"},\"primaryImageOfPage\":{\"@id\":\"https:\\\/\\\/innow.pl\\\/produkt\\\/s406-stol-rehabilitacyjny-staly-kozetka-wys-60-cm-2\\\/#primaryimage\"},\"image\":{\"@id\":\"https:\\\/\\\/innow.pl\\\/produkt\\\/s406-stol-rehabilitacyjny-staly-kozetka-wys-60-cm-2\\\/#primaryimage\"},\"thumbnailUrl\":\"https:\\\/\\\/innow.pl\\\/wp-content\\\/uploads\\\/2024\\\/11\\\/S406-.jpg\",\"datePublished\":\"2019-06-10T05:26:03+00:00\",\"dateModified\":\"2026-04-03T07:44:30+00:00\",\"description\":\"Niedrogi i jednocze\u015bnie wytrzyma\u0142y st\u00f3\u0142 rehabilitacyjny sta\u0142y\\\/kozetka z regulacj\u0105 podg\u0142\u00f3wka -80\u00b0\\\/+45\u00b0 i zmywaln\u0105 tapicerk\u0105 w wybranym kolorze. Sprawd\u017a!\",\"breadcrumb\":{\"@id\":\"https:\\\/\\\/innow.pl\\\/produkt\\\/s406-stol-rehabilitacyjny-staly-kozetka-wys-60-cm-2\\\/#breadcrumb\"},\"inLanguage\":\"fr-FR\",\"potentialAction\":[{\"@type\":\"ReadAction\",\"target\":[\"https:\\\/\\\/innow.pl\\\/produkt\\\/s406-stol-rehabilitacyjny-staly-kozetka-wys-60-cm-2\\\/\"]}]},{\"@type\":\"ImageObject\",\"inLanguage\":\"fr-FR\",\"@id\":\"https:\\\/\\\/innow.pl\\\/produkt\\\/s406-stol-rehabilitacyjny-staly-kozetka-wys-60-cm-2\\\/#primaryimage\",\"url\":\"https:\\\/\\\/innow.pl\\\/wp-content\\\/uploads\\\/2024\\\/11\\\/S406-.jpg\",\"contentUrl\":\"https:\\\/\\\/innow.pl\\\/wp-content\\\/uploads\\\/2024\\\/11\\\/S406-.jpg\",\"width\":800,\"height\":800,\"caption\":\"St\u00f3\u0142 rehabilitacyjny sta\u0142y\\\/kozetka wys. 60 cm \u2013 S406 +\\\/- \u2013 INNOW\"},{\"@type\":\"BreadcrumbList\",\"@id\":\"https:\\\/\\\/innow.pl\\\/produkt\\\/s406-stol-rehabilitacyjny-staly-kozetka-wys-60-cm-2\\\/#breadcrumb\",\"itemListElement\":[{\"@type\":\"ListItem\",\"position\":1,\"name\":\"INNOW\",\"item\":\"https:\\\/\\\/innow.pl\\\/fr\\\/\"},{\"@type\":\"ListItem\",\"position\":2,\"name\":\"Produkty\",\"item\":\"https:\\\/\\\/innow.pl\\\/produkty\\\/\"},{\"@type\":\"ListItem\",\"position\":3,\"name\":\"Meble medyczne\",\"item\":\"https:\\\/\\\/innow.pl\\\/produkty\\\/meble-medyczne\\\/\"},{\"@type\":\"ListItem\",\"position\":4,\"name\":\"S406 +\\\/- &#8211; St\u00f3\u0142 rehabilitacyjny sta\u0142y\\\/kozetka wys. 60 cm\"}]},{\"@type\":\"WebSite\",\"@id\":\"https:\\\/\\\/innow.pl\\\/#website\",\"url\":\"https:\\\/\\\/innow.pl\\\/\",\"name\":\"INNOW\",\"description\":\"\",\"potentialAction\":[{\"@type\":\"SearchAction\",\"target\":{\"@type\":\"EntryPoint\",\"urlTemplate\":\"https:\\\/\\\/innow.pl\\\/?s={search_term_string}\"},\"query-input\":{\"@type\":\"PropertyValueSpecification\",\"valueRequired\":true,\"valueName\":\"search_term_string\"}}],\"inLanguage\":\"fr-FR\"}]}<\/script>\n<!-- \/ Yoast SEO plugin. -->","yoast_head_json":{"title":"S406 +\/- St\u00f3\u0142 rehabilitacyjny sta\u0142y\/kozetka wys. 60 cm - INNOW","description":"Niedrogi i jednocze\u015bnie wytrzyma\u0142y st\u00f3\u0142 rehabilitacyjny sta\u0142y\/kozetka z regulacj\u0105 podg\u0142\u00f3wka -80\u00b0\/+45\u00b0 i zmywaln\u0105 tapicerk\u0105 w wybranym kolorze. Sprawd\u017a!","robots":{"index":"index","follow":"follow","max-snippet":"max-snippet:-1","max-image-preview":"max-image-preview:large","max-video-preview":"max-video-preview:-1"},"canonical":"https:\/\/innow.pl\/produkt\/s406-stol-rehabilitacyjny-staly-kozetka-wys-60-cm-2\/","og_locale":"fr_FR","og_type":"article","og_title":"S406 +\/- St\u00f3\u0142 rehabilitacyjny sta\u0142y\/kozetka wys. 60 cm - INNOW","og_description":"Niedrogi i jednocze\u015bnie wytrzyma\u0142y st\u00f3\u0142 rehabilitacyjny sta\u0142y\/kozetka z regulacj\u0105 podg\u0142\u00f3wka -80\u00b0\/+45\u00b0 i zmywaln\u0105 tapicerk\u0105 w wybranym kolorze. Sprawd\u017a!","og_url":"https:\/\/innow.pl\/produkt\/s406-stol-rehabilitacyjny-staly-kozetka-wys-60-cm-2\/","og_site_name":"INNOW","article_modified_time":"2026-04-03T07:44:30+00:00","og_image":[{"width":800,"height":800,"url":"https:\/\/innow.pl\/wp-content\/uploads\/2024\/11\/S406-.jpg","type":"image\/jpeg"}],"twitter_card":"summary_large_image","twitter_misc":{"Dur\u00e9e de lecture estim\u00e9e":"1 minute"},"schema":{"@context":"https:\/\/schema.org","@graph":[{"@type":"WebPage","@id":"https:\/\/innow.pl\/produkt\/s406-stol-rehabilitacyjny-staly-kozetka-wys-60-cm-2\/","url":"https:\/\/innow.pl\/produkt\/s406-stol-rehabilitacyjny-staly-kozetka-wys-60-cm-2\/","name":"S406 +\/- St\u00f3\u0142 rehabilitacyjny sta\u0142y\/kozetka wys. 60 cm - INNOW","isPartOf":{"@id":"https:\/\/innow.pl\/#website"},"primaryImageOfPage":{"@id":"https:\/\/innow.pl\/produkt\/s406-stol-rehabilitacyjny-staly-kozetka-wys-60-cm-2\/#primaryimage"},"image":{"@id":"https:\/\/innow.pl\/produkt\/s406-stol-rehabilitacyjny-staly-kozetka-wys-60-cm-2\/#primaryimage"},"thumbnailUrl":"https:\/\/innow.pl\/wp-content\/uploads\/2024\/11\/S406-.jpg","datePublished":"2019-06-10T05:26:03+00:00","dateModified":"2026-04-03T07:44:30+00:00","description":"Niedrogi i jednocze\u015bnie wytrzyma\u0142y st\u00f3\u0142 rehabilitacyjny sta\u0142y\/kozetka z regulacj\u0105 podg\u0142\u00f3wka -80\u00b0\/+45\u00b0 i zmywaln\u0105 tapicerk\u0105 w wybranym kolorze. Sprawd\u017a!","breadcrumb":{"@id":"https:\/\/innow.pl\/produkt\/s406-stol-rehabilitacyjny-staly-kozetka-wys-60-cm-2\/#breadcrumb"},"inLanguage":"fr-FR","potentialAction":[{"@type":"ReadAction","target":["https:\/\/innow.pl\/produkt\/s406-stol-rehabilitacyjny-staly-kozetka-wys-60-cm-2\/"]}]},{"@type":"ImageObject","inLanguage":"fr-FR","@id":"https:\/\/innow.pl\/produkt\/s406-stol-rehabilitacyjny-staly-kozetka-wys-60-cm-2\/#primaryimage","url":"https:\/\/innow.pl\/wp-content\/uploads\/2024\/11\/S406-.jpg","contentUrl":"https:\/\/innow.pl\/wp-content\/uploads\/2024\/11\/S406-.jpg","width":800,"height":800,"caption":"St\u00f3\u0142 rehabilitacyjny sta\u0142y\/kozetka wys. 60 cm \u2013 S406 +\/- \u2013 INNOW"},{"@type":"BreadcrumbList","@id":"https:\/\/innow.pl\/produkt\/s406-stol-rehabilitacyjny-staly-kozetka-wys-60-cm-2\/#breadcrumb","itemListElement":[{"@type":"ListItem","position":1,"name":"INNOW","item":"https:\/\/innow.pl\/fr\/"},{"@type":"ListItem","position":2,"name":"Produkty","item":"https:\/\/innow.pl\/produkty\/"},{"@type":"ListItem","position":3,"name":"Meble medyczne","item":"https:\/\/innow.pl\/produkty\/meble-medyczne\/"},{"@type":"ListItem","position":4,"name":"S406 +\/- &#8211; St\u00f3\u0142 rehabilitacyjny sta\u0142y\/kozetka wys. 60 cm"}]},{"@type":"WebSite","@id":"https:\/\/innow.pl\/#website","url":"https:\/\/innow.pl\/","name":"INNOW","description":"","potentialAction":[{"@type":"SearchAction","target":{"@type":"EntryPoint","urlTemplate":"https:\/\/innow.pl\/?s={search_term_string}"},"query-input":{"@type":"PropertyValueSpecification","valueRequired":true,"valueName":"search_term_string"}}],"inLanguage":"fr-FR"}]}},"_links":{"self":[{"href":"https:\/\/innow.pl\/fr\/wp-json\/wp\/v2\/product\/23368","targetHints":{"allow":["GET"]}}],"collection":[{"href":"https:\/\/innow.pl\/fr\/wp-json\/wp\/v2\/product"}],"about":[{"href":"https:\/\/innow.pl\/fr\/wp-json\/wp\/v2\/types\/product"}],"replies":[{"embeddable":true,"href":"https:\/\/innow.pl\/fr\/wp-json\/wp\/v2\/comments?post=23368"}],"wp:featuredmedia":[{"embeddable":true,"href":"https:\/\/innow.pl\/fr\/wp-json\/wp\/v2\/media\/23371"}],"wp:attachment":[{"href":"https:\/\/innow.pl\/fr\/wp-json\/wp\/v2\/media?parent=23368"}],"wp:term":[{"taxonomy":"product_brand","embeddable":true,"href":"https:\/\/innow.pl\/fr\/wp-json\/wp\/v2\/product_brand?post=23368"},{"taxonomy":"product_cat","embeddable":true,"href":"https:\/\/innow.pl\/fr\/wp-json\/wp\/v2\/product_cat?post=23368"},{"taxonomy":"product_tag","embeddable":true,"href":"https:\/\/innow.pl\/fr\/wp-json\/wp\/v2\/product_tag?post=23368"}],"curies":[{"name":"wp","href":"https:\/\/api.w.org\/{rel}","templated":true}]}}