{"id":23119,"date":"2017-05-24T07:34:15","date_gmt":"2017-05-24T05:34:15","guid":{"rendered":"https:\/\/innow.pl\/produkt\/pozycja-trendelenburga-i-antytrendelenburga-do-stolow-transportowych\/"},"modified":"2025-04-25T12:00:39","modified_gmt":"2025-04-25T10:00:39","slug":"pozycja-trendelenburga-i-antytrendelenburga-do-stolow-transportowych","status":"publish","type":"product","link":"https:\/\/innow.pl\/fr\/produkt\/pozycja-trendelenburga-i-antytrendelenburga-do-stolow-transportowych\/","title":{"rendered":"Pozycja Trendelenburga i anty-Trendelenburga"},"content":{"rendered":"<p align=\"left\">Mechanizm do ustawiania pozycji Trendelenburga lub anty-Trendelenburga, umo\u017cliwia zmian\u0119 k\u0105ta nachylenia le\u017cyska.<\/p>\n<p lang=\"pl-PL\" align=\"left\">Regulacja odbywa si\u0119 poprzez poci\u0105gni\u0119cie dr\u0105\u017cka do siebie i skierowaniu go do g\u00f3ry lub do do\u0142u.<\/p>\n","protected":false},"excerpt":{"rendered":"<p>Mechanizm do ustawiania pozycji Trendelenburga lub anty-Trendelenburga, umo\u017cliwia zmian\u0119 k\u0105ta nachylenia le\u017cyska. Regulacja odbywa si\u0119 poprzez poci\u0105gni\u0119cie dr\u0105\u017cka do siebie i skierowaniu go do g\u00f3ry lub do do\u0142u.<\/p>\n","protected":false},"featured_media":23121,"comment_status":"open","ping_status":"closed","template":"","meta":{"_acf_changed":false},"product_brand":[],"product_cat":[2017],"product_tag":[],"class_list":{"0":"post-23119","1":"product","2":"type-product","3":"status-publish","4":"has-post-thumbnail","6":"product_cat-wyposazenie-opcjonalne","8":"first","9":"instock","10":"taxable","11":"shipping-taxable","12":"purchasable","13":"product-type-simple"},"acf":[],"yoast_head":"<!-- This site is optimized with the Yoast SEO plugin v27.4 - https:\/\/yoast.com\/product\/yoast-seo-wordpress\/ -->\n<title>Pozycja Trendelenburga i anty-Trendelenburga - INNOW<\/title>\n<meta name=\"robots\" content=\"index, follow, max-snippet:-1, max-image-preview:large, max-video-preview:-1\" \/>\n<link rel=\"canonical\" href=\"https:\/\/innow.pl\/produkt\/pozycja-trendelenburga-i-antytrendelenburga-do-stolow-transportowych\/\" \/>\n<meta property=\"og:locale\" content=\"fr_FR\" \/>\n<meta property=\"og:type\" content=\"article\" \/>\n<meta property=\"og:title\" content=\"Pozycja Trendelenburga i anty-Trendelenburga - INNOW\" \/>\n<meta property=\"og:description\" content=\"Mechanizm do ustawiania pozycji Trendelenburga lub anty-Trendelenburga, umo\u017cliwia zmian\u0119 k\u0105ta nachylenia le\u017cyska. Regulacja odbywa si\u0119 poprzez poci\u0105gni\u0119cie dr\u0105\u017cka do siebie i skierowaniu go do g\u00f3ry lub do do\u0142u.\" \/>\n<meta property=\"og:url\" content=\"https:\/\/innow.pl\/produkt\/pozycja-trendelenburga-i-antytrendelenburga-do-stolow-transportowych\/\" \/>\n<meta property=\"og:site_name\" content=\"INNOW\" \/>\n<meta property=\"article:modified_time\" content=\"2025-04-25T10:00:39+00:00\" \/>\n<meta property=\"og:image\" content=\"https:\/\/innow.pl\/wp-content\/uploads\/2024\/11\/S405D_pozycja_trendelenburga.jpg\" \/>\n\t<meta property=\"og:image:width\" content=\"493\" \/>\n\t<meta property=\"og:image:height\" content=\"480\" \/>\n\t<meta property=\"og:image:type\" content=\"image\/jpeg\" \/>\n<meta name=\"twitter:card\" content=\"summary_large_image\" \/>\n<meta name=\"twitter:label1\" content=\"Dur\u00e9e de lecture estim\u00e9e\" \/>\n\t<meta name=\"twitter:data1\" content=\"1 minute\" \/>\n<script type=\"application\/ld+json\" class=\"yoast-schema-graph\">{\"@context\":\"https:\\\/\\\/schema.org\",\"@graph\":[{\"@type\":\"WebPage\",\"@id\":\"https:\\\/\\\/innow.pl\\\/produkt\\\/pozycja-trendelenburga-i-antytrendelenburga-do-stolow-transportowych\\\/\",\"url\":\"https:\\\/\\\/innow.pl\\\/produkt\\\/pozycja-trendelenburga-i-antytrendelenburga-do-stolow-transportowych\\\/\",\"name\":\"Pozycja Trendelenburga i anty-Trendelenburga - INNOW\",\"isPartOf\":{\"@id\":\"https:\\\/\\\/innow.pl\\\/#website\"},\"primaryImageOfPage\":{\"@id\":\"https:\\\/\\\/innow.pl\\\/produkt\\\/pozycja-trendelenburga-i-antytrendelenburga-do-stolow-transportowych\\\/#primaryimage\"},\"image\":{\"@id\":\"https:\\\/\\\/innow.pl\\\/produkt\\\/pozycja-trendelenburga-i-antytrendelenburga-do-stolow-transportowych\\\/#primaryimage\"},\"thumbnailUrl\":\"https:\\\/\\\/innow.pl\\\/wp-content\\\/uploads\\\/2024\\\/11\\\/S405D_pozycja_trendelenburga.jpg\",\"datePublished\":\"2017-05-24T05:34:15+00:00\",\"dateModified\":\"2025-04-25T10:00:39+00:00\",\"breadcrumb\":{\"@id\":\"https:\\\/\\\/innow.pl\\\/produkt\\\/pozycja-trendelenburga-i-antytrendelenburga-do-stolow-transportowych\\\/#breadcrumb\"},\"inLanguage\":\"fr-FR\",\"potentialAction\":[{\"@type\":\"ReadAction\",\"target\":[\"https:\\\/\\\/innow.pl\\\/produkt\\\/pozycja-trendelenburga-i-antytrendelenburga-do-stolow-transportowych\\\/\"]}]},{\"@type\":\"ImageObject\",\"inLanguage\":\"fr-FR\",\"@id\":\"https:\\\/\\\/innow.pl\\\/produkt\\\/pozycja-trendelenburga-i-antytrendelenburga-do-stolow-transportowych\\\/#primaryimage\",\"url\":\"https:\\\/\\\/innow.pl\\\/wp-content\\\/uploads\\\/2024\\\/11\\\/S405D_pozycja_trendelenburga.jpg\",\"contentUrl\":\"https:\\\/\\\/innow.pl\\\/wp-content\\\/uploads\\\/2024\\\/11\\\/S405D_pozycja_trendelenburga.jpg\",\"width\":493,\"height\":480,\"caption\":\"Pozycja Trendelenburga i antyTrendelenburga do sto\u0142\u00f3w transportowych - INNOW\"},{\"@type\":\"BreadcrumbList\",\"@id\":\"https:\\\/\\\/innow.pl\\\/produkt\\\/pozycja-trendelenburga-i-antytrendelenburga-do-stolow-transportowych\\\/#breadcrumb\",\"itemListElement\":[{\"@type\":\"ListItem\",\"position\":1,\"name\":\"INNOW\",\"item\":\"https:\\\/\\\/innow.pl\\\/fr\\\/\"},{\"@type\":\"ListItem\",\"position\":2,\"name\":\"Produkty\",\"item\":\"https:\\\/\\\/innow.pl\\\/produkty\\\/\"},{\"@type\":\"ListItem\",\"position\":3,\"name\":\"Wyposa\u017cenie opcjonalne\",\"item\":\"https:\\\/\\\/innow.pl\\\/produkty\\\/wyposazenie-opcjonalne\\\/\"},{\"@type\":\"ListItem\",\"position\":4,\"name\":\"Pozycja Trendelenburga i anty-Trendelenburga\"}]},{\"@type\":\"WebSite\",\"@id\":\"https:\\\/\\\/innow.pl\\\/#website\",\"url\":\"https:\\\/\\\/innow.pl\\\/\",\"name\":\"INNOW\",\"description\":\"\",\"potentialAction\":[{\"@type\":\"SearchAction\",\"target\":{\"@type\":\"EntryPoint\",\"urlTemplate\":\"https:\\\/\\\/innow.pl\\\/?s={search_term_string}\"},\"query-input\":{\"@type\":\"PropertyValueSpecification\",\"valueRequired\":true,\"valueName\":\"search_term_string\"}}],\"inLanguage\":\"fr-FR\"}]}<\/script>\n<!-- \/ Yoast SEO plugin. -->","yoast_head_json":{"title":"Pozycja Trendelenburga i anty-Trendelenburga - INNOW","robots":{"index":"index","follow":"follow","max-snippet":"max-snippet:-1","max-image-preview":"max-image-preview:large","max-video-preview":"max-video-preview:-1"},"canonical":"https:\/\/innow.pl\/produkt\/pozycja-trendelenburga-i-antytrendelenburga-do-stolow-transportowych\/","og_locale":"fr_FR","og_type":"article","og_title":"Pozycja Trendelenburga i anty-Trendelenburga - INNOW","og_description":"Mechanizm do ustawiania pozycji Trendelenburga lub anty-Trendelenburga, umo\u017cliwia zmian\u0119 k\u0105ta nachylenia le\u017cyska. Regulacja odbywa si\u0119 poprzez poci\u0105gni\u0119cie dr\u0105\u017cka do siebie i skierowaniu go do g\u00f3ry lub do do\u0142u.","og_url":"https:\/\/innow.pl\/produkt\/pozycja-trendelenburga-i-antytrendelenburga-do-stolow-transportowych\/","og_site_name":"INNOW","article_modified_time":"2025-04-25T10:00:39+00:00","og_image":[{"width":493,"height":480,"url":"https:\/\/innow.pl\/wp-content\/uploads\/2024\/11\/S405D_pozycja_trendelenburga.jpg","type":"image\/jpeg"}],"twitter_card":"summary_large_image","twitter_misc":{"Dur\u00e9e de lecture estim\u00e9e":"1 minute"},"schema":{"@context":"https:\/\/schema.org","@graph":[{"@type":"WebPage","@id":"https:\/\/innow.pl\/produkt\/pozycja-trendelenburga-i-antytrendelenburga-do-stolow-transportowych\/","url":"https:\/\/innow.pl\/produkt\/pozycja-trendelenburga-i-antytrendelenburga-do-stolow-transportowych\/","name":"Pozycja Trendelenburga i anty-Trendelenburga - INNOW","isPartOf":{"@id":"https:\/\/innow.pl\/#website"},"primaryImageOfPage":{"@id":"https:\/\/innow.pl\/produkt\/pozycja-trendelenburga-i-antytrendelenburga-do-stolow-transportowych\/#primaryimage"},"image":{"@id":"https:\/\/innow.pl\/produkt\/pozycja-trendelenburga-i-antytrendelenburga-do-stolow-transportowych\/#primaryimage"},"thumbnailUrl":"https:\/\/innow.pl\/wp-content\/uploads\/2024\/11\/S405D_pozycja_trendelenburga.jpg","datePublished":"2017-05-24T05:34:15+00:00","dateModified":"2025-04-25T10:00:39+00:00","breadcrumb":{"@id":"https:\/\/innow.pl\/produkt\/pozycja-trendelenburga-i-antytrendelenburga-do-stolow-transportowych\/#breadcrumb"},"inLanguage":"fr-FR","potentialAction":[{"@type":"ReadAction","target":["https:\/\/innow.pl\/produkt\/pozycja-trendelenburga-i-antytrendelenburga-do-stolow-transportowych\/"]}]},{"@type":"ImageObject","inLanguage":"fr-FR","@id":"https:\/\/innow.pl\/produkt\/pozycja-trendelenburga-i-antytrendelenburga-do-stolow-transportowych\/#primaryimage","url":"https:\/\/innow.pl\/wp-content\/uploads\/2024\/11\/S405D_pozycja_trendelenburga.jpg","contentUrl":"https:\/\/innow.pl\/wp-content\/uploads\/2024\/11\/S405D_pozycja_trendelenburga.jpg","width":493,"height":480,"caption":"Pozycja Trendelenburga i antyTrendelenburga do sto\u0142\u00f3w transportowych - INNOW"},{"@type":"BreadcrumbList","@id":"https:\/\/innow.pl\/produkt\/pozycja-trendelenburga-i-antytrendelenburga-do-stolow-transportowych\/#breadcrumb","itemListElement":[{"@type":"ListItem","position":1,"name":"INNOW","item":"https:\/\/innow.pl\/fr\/"},{"@type":"ListItem","position":2,"name":"Produkty","item":"https:\/\/innow.pl\/produkty\/"},{"@type":"ListItem","position":3,"name":"Wyposa\u017cenie opcjonalne","item":"https:\/\/innow.pl\/produkty\/wyposazenie-opcjonalne\/"},{"@type":"ListItem","position":4,"name":"Pozycja Trendelenburga i anty-Trendelenburga"}]},{"@type":"WebSite","@id":"https:\/\/innow.pl\/#website","url":"https:\/\/innow.pl\/","name":"INNOW","description":"","potentialAction":[{"@type":"SearchAction","target":{"@type":"EntryPoint","urlTemplate":"https:\/\/innow.pl\/?s={search_term_string}"},"query-input":{"@type":"PropertyValueSpecification","valueRequired":true,"valueName":"search_term_string"}}],"inLanguage":"fr-FR"}]}},"_links":{"self":[{"href":"https:\/\/innow.pl\/fr\/wp-json\/wp\/v2\/product\/23119","targetHints":{"allow":["GET"]}}],"collection":[{"href":"https:\/\/innow.pl\/fr\/wp-json\/wp\/v2\/product"}],"about":[{"href":"https:\/\/innow.pl\/fr\/wp-json\/wp\/v2\/types\/product"}],"replies":[{"embeddable":true,"href":"https:\/\/innow.pl\/fr\/wp-json\/wp\/v2\/comments?post=23119"}],"wp:featuredmedia":[{"embeddable":true,"href":"https:\/\/innow.pl\/fr\/wp-json\/wp\/v2\/media\/23121"}],"wp:attachment":[{"href":"https:\/\/innow.pl\/fr\/wp-json\/wp\/v2\/media?parent=23119"}],"wp:term":[{"taxonomy":"product_brand","embeddable":true,"href":"https:\/\/innow.pl\/fr\/wp-json\/wp\/v2\/product_brand?post=23119"},{"taxonomy":"product_cat","embeddable":true,"href":"https:\/\/innow.pl\/fr\/wp-json\/wp\/v2\/product_cat?post=23119"},{"taxonomy":"product_tag","embeddable":true,"href":"https:\/\/innow.pl\/fr\/wp-json\/wp\/v2\/product_tag?post=23119"}],"curies":[{"name":"wp","href":"https:\/\/api.w.org\/{rel}","templated":true}]}}