{"id":23089,"date":"2018-04-02T06:56:08","date_gmt":"2018-04-02T04:56:08","guid":{"rendered":"https:\/\/innow.pl\/produkt\/stol-zabiegowy-fotel-wielofunkcyjny\/"},"modified":"2026-04-16T11:57:57","modified_gmt":"2026-04-16T09:57:57","slug":"stol-zabiegowy-fotel-wielofunkcyjny","status":"publish","type":"product","link":"https:\/\/innow.pl\/fr\/produkt\/stol-zabiegowy-fotel-wielofunkcyjny\/","title":{"rendered":"ZW200 &#8211; St\u00f3\u0142 zabiegowy wielofunkcyjny"},"content":{"rendered":"<p align=\"left\">St\u00f3\u0142 zabiegowy ZW200 mo\u017ce by\u0107 stosowany w o\u015brodkach zdrowia, gabinetach zabiegowych czy szpitalach. Mo\u017cna wykonywa\u0107 na nim zabiegi, badania i operacje. Posiada zmywaln\u0105 tapicerk\u0119, dzi\u0119ki czemu dezynfekcja sto\u0142u staje si\u0119 \u0142atwiejsza.<\/p>\n<p align=\"left\">Widoczne na zdj\u0119ciach podparcia pod uda s\u0105 wyposa\u017ceniem dodatkowym (<strong>wyposa\u017cenie opcjonalne pod opisem<\/strong>).<\/p>\n<p lang=\"pl-PL\" align=\"left\"><strong>Wersja podstawowa:<\/strong><\/p>\n<ul>\n<li lang=\"pl-PL\">stalowa konstrukcja lakierowana proszkowo,<\/li>\n<li lang=\"pl-PL\">dwucz\u0119\u015bciowe siedzisko\/le\u017cysko,<\/li>\n<li lang=\"pl-PL\">miska ginekologiczna.<\/li>\n<\/ul>\n<p>W przypadku wyboru wyposa\u017cenia dodatkowego, takiego jak: <strong>podparcie wielopozycyjne pod r\u0119k\u0119 (poliuretan) do sto\u0142\u00f3w zabiegowych, uchwyt kropl\u00f3wki (wysoko\u015b\u0107 100 cm) oraz ramka do zawieszenia ekranu anestezjologicznego<\/strong>, niezb\u0119dny jest r\u00f3wnie\u017c zakup <strong>listwy bocznej przeznaczonej do mocowania osprz\u0119tu dodatkowego oraz zacisk\u00f3w<\/strong>.<\/p>\n<p style=\"text-align: left;\"><a>Informacje o w\u0142a\u015bciwo\u015bciach dost\u0119pnych <strong>materia\u0142\u00f3w obiciowych<\/strong> dost\u0119pne po klikni\u0119ciu w zdj\u0119cie:<\/a><\/p>\n<p style=\"text-align: left;\"><a href=\"https:\/\/innow.pl\/publikacje\/KatalogPDF\/Pokrycia-obiciowe-tapicerki.pdf\" target=\"_blank\" rel=\"noopener\"><img decoding=\"async\" src=\"https:\/\/innow.pl\/wp-content\/uploads\/2024\/11\/Tapicerki.jpg\" \/><\/a><\/p>\n<p style=\"text-align: left;\">Osprz\u0119t do sto\u0142\u00f3w mo\u017cna dobra\u0107 w dziale: <span style=\"color: #24c2e3; font-size: 24px;\"><a style=\"color: #24c2e3;\" href=\"http:\/\/innow.pl\/kategoria-produktu\/stoly-zabiegowe\/osprzet-do-stolow-zabiegowych\/\">Sto\u0142y zabiegowe &#8211; <strong>OSPRZ\u0118T<\/strong><\/a><\/span><\/p>\n","protected":false},"excerpt":{"rendered":"<p>St\u00f3\u0142 zabiegowy ZW200 mo\u017ce by\u0107 stosowany w o\u015brodkach zdrowia, gabinetach zabiegowych czy szpitalach. Mo\u017cna wykonywa\u0107 na nim zabiegi, badania i operacje. Posiada zmywaln\u0105 tapicerk\u0119, dzi\u0119ki czemu dezynfekcja sto\u0142u staje si\u0119 \u0142atwiejsza. Widoczne na zdj\u0119ciach podparcia pod uda s\u0105 wyposa\u017ceniem dodatkowym (wyposa\u017cenie opcjonalne pod opisem). Wersja podstawowa: stalowa konstrukcja lakierowana proszkowo, dwucz\u0119\u015bciowe siedzisko\/le\u017cysko, miska ginekologiczna. W [&hellip;]<\/p>\n","protected":false},"featured_media":23092,"comment_status":"open","ping_status":"closed","template":"","meta":{"_acf_changed":false},"product_brand":[],"product_cat":[440,479,492],"product_tag":[],"class_list":{"0":"post-23089","1":"product","2":"type-product","3":"status-publish","4":"has-post-thumbnail","6":"product_cat-meble-medyczne","7":"product_cat-stoly-zabiegowe","8":"product_cat-stoly-zabiegowe-proste","9":"pa_dlugosc-150-cm","10":"pa_szerokosc-60-cm","11":"pa_wysokosc-80-85-90-cm-skokowo","13":"first","14":"instock","15":"taxable","16":"shipping-taxable","17":"purchasable","18":"product-type-simple"},"acf":[],"yoast_head":"<!-- This site is optimized with the Yoast SEO plugin v27.4 - https:\/\/yoast.com\/product\/yoast-seo-wordpress\/ -->\n<title>ZW200 - St\u00f3\u0142 zabiegowy wielofunkcyjny - INNOW<\/title>\n<meta name=\"description\" content=\"Klasyczny st\u00f3\u0142 zabiegowy wielofunkcyjny z 2-cz\u0119\u015bciowym le\u017cyskiem, misk\u0105 ginekologiczn\u0105 i zmywaln\u0105 tapicerk\u0105. Sprawdzony st\u00f3\u0142 w atrakcyjnej cenie!\" \/>\n<meta name=\"robots\" content=\"index, follow, max-snippet:-1, max-image-preview:large, max-video-preview:-1\" \/>\n<link rel=\"canonical\" href=\"https:\/\/innow.pl\/produkt\/stol-zabiegowy-fotel-wielofunkcyjny\/\" \/>\n<meta property=\"og:locale\" content=\"fr_FR\" \/>\n<meta property=\"og:type\" content=\"article\" \/>\n<meta property=\"og:title\" content=\"ZW200 - St\u00f3\u0142 zabiegowy wielofunkcyjny - INNOW\" \/>\n<meta property=\"og:description\" content=\"Klasyczny st\u00f3\u0142 zabiegowy wielofunkcyjny z 2-cz\u0119\u015bciowym le\u017cyskiem, misk\u0105 ginekologiczn\u0105 i zmywaln\u0105 tapicerk\u0105. Sprawdzony st\u00f3\u0142 w atrakcyjnej cenie!\" \/>\n<meta property=\"og:url\" content=\"https:\/\/innow.pl\/produkt\/stol-zabiegowy-fotel-wielofunkcyjny\/\" \/>\n<meta property=\"og:site_name\" content=\"INNOW\" \/>\n<meta property=\"article:modified_time\" content=\"2026-04-16T09:57:57+00:00\" \/>\n<meta property=\"og:image\" content=\"https:\/\/innow.pl\/wp-content\/uploads\/2024\/11\/ZW200-new.jpg\" \/>\n\t<meta property=\"og:image:width\" content=\"800\" \/>\n\t<meta property=\"og:image:height\" content=\"800\" \/>\n\t<meta property=\"og:image:type\" content=\"image\/jpeg\" \/>\n<meta name=\"twitter:card\" content=\"summary_large_image\" \/>\n<meta name=\"twitter:label1\" content=\"Dur\u00e9e de lecture estim\u00e9e\" \/>\n\t<meta name=\"twitter:data1\" content=\"2 minutes\" \/>\n<script type=\"application\/ld+json\" class=\"yoast-schema-graph\">{\"@context\":\"https:\\\/\\\/schema.org\",\"@graph\":[{\"@type\":\"WebPage\",\"@id\":\"https:\\\/\\\/innow.pl\\\/produkt\\\/stol-zabiegowy-fotel-wielofunkcyjny\\\/\",\"url\":\"https:\\\/\\\/innow.pl\\\/produkt\\\/stol-zabiegowy-fotel-wielofunkcyjny\\\/\",\"name\":\"ZW200 - St\u00f3\u0142 zabiegowy wielofunkcyjny - INNOW\",\"isPartOf\":{\"@id\":\"https:\\\/\\\/innow.pl\\\/#website\"},\"primaryImageOfPage\":{\"@id\":\"https:\\\/\\\/innow.pl\\\/produkt\\\/stol-zabiegowy-fotel-wielofunkcyjny\\\/#primaryimage\"},\"image\":{\"@id\":\"https:\\\/\\\/innow.pl\\\/produkt\\\/stol-zabiegowy-fotel-wielofunkcyjny\\\/#primaryimage\"},\"thumbnailUrl\":\"https:\\\/\\\/innow.pl\\\/wp-content\\\/uploads\\\/2024\\\/11\\\/ZW200-new.jpg\",\"datePublished\":\"2018-04-02T04:56:08+00:00\",\"dateModified\":\"2026-04-16T09:57:57+00:00\",\"description\":\"Klasyczny st\u00f3\u0142 zabiegowy wielofunkcyjny z 2-cz\u0119\u015bciowym le\u017cyskiem, misk\u0105 ginekologiczn\u0105 i zmywaln\u0105 tapicerk\u0105. Sprawdzony st\u00f3\u0142 w atrakcyjnej cenie!\",\"breadcrumb\":{\"@id\":\"https:\\\/\\\/innow.pl\\\/produkt\\\/stol-zabiegowy-fotel-wielofunkcyjny\\\/#breadcrumb\"},\"inLanguage\":\"fr-FR\",\"potentialAction\":[{\"@type\":\"ReadAction\",\"target\":[\"https:\\\/\\\/innow.pl\\\/produkt\\\/stol-zabiegowy-fotel-wielofunkcyjny\\\/\"]}]},{\"@type\":\"ImageObject\",\"inLanguage\":\"fr-FR\",\"@id\":\"https:\\\/\\\/innow.pl\\\/produkt\\\/stol-zabiegowy-fotel-wielofunkcyjny\\\/#primaryimage\",\"url\":\"https:\\\/\\\/innow.pl\\\/wp-content\\\/uploads\\\/2024\\\/11\\\/ZW200-new.jpg\",\"contentUrl\":\"https:\\\/\\\/innow.pl\\\/wp-content\\\/uploads\\\/2024\\\/11\\\/ZW200-new.jpg\",\"width\":800,\"height\":800,\"caption\":\"St\u00f3\u0142 zabiegowy wielofunkcyjny \u2013 ZW200 \u2013 INNOW\"},{\"@type\":\"BreadcrumbList\",\"@id\":\"https:\\\/\\\/innow.pl\\\/produkt\\\/stol-zabiegowy-fotel-wielofunkcyjny\\\/#breadcrumb\",\"itemListElement\":[{\"@type\":\"ListItem\",\"position\":1,\"name\":\"INNOW\",\"item\":\"https:\\\/\\\/innow.pl\\\/fr\\\/\"},{\"@type\":\"ListItem\",\"position\":2,\"name\":\"Produkty\",\"item\":\"https:\\\/\\\/innow.pl\\\/produkty\\\/\"},{\"@type\":\"ListItem\",\"position\":3,\"name\":\"Meble medyczne\",\"item\":\"https:\\\/\\\/innow.pl\\\/produkty\\\/meble-medyczne\\\/\"},{\"@type\":\"ListItem\",\"position\":4,\"name\":\"Sto\u0142y zabiegowe\",\"item\":\"https:\\\/\\\/innow.pl\\\/produkty\\\/meble-medyczne\\\/stoly-zabiegowe\\\/\"},{\"@type\":\"ListItem\",\"position\":5,\"name\":\"Sto\u0142y zabiegowe proste\",\"item\":\"https:\\\/\\\/innow.pl\\\/produkty\\\/meble-medyczne\\\/stoly-zabiegowe\\\/stoly-zabiegowe-proste\\\/\"},{\"@type\":\"ListItem\",\"position\":6,\"name\":\"ZW200 &#8211; St\u00f3\u0142 zabiegowy wielofunkcyjny\"}]},{\"@type\":\"WebSite\",\"@id\":\"https:\\\/\\\/innow.pl\\\/#website\",\"url\":\"https:\\\/\\\/innow.pl\\\/\",\"name\":\"INNOW\",\"description\":\"\",\"potentialAction\":[{\"@type\":\"SearchAction\",\"target\":{\"@type\":\"EntryPoint\",\"urlTemplate\":\"https:\\\/\\\/innow.pl\\\/?s={search_term_string}\"},\"query-input\":{\"@type\":\"PropertyValueSpecification\",\"valueRequired\":true,\"valueName\":\"search_term_string\"}}],\"inLanguage\":\"fr-FR\"}]}<\/script>\n<!-- \/ Yoast SEO plugin. -->","yoast_head_json":{"title":"ZW200 - St\u00f3\u0142 zabiegowy wielofunkcyjny - INNOW","description":"Klasyczny st\u00f3\u0142 zabiegowy wielofunkcyjny z 2-cz\u0119\u015bciowym le\u017cyskiem, misk\u0105 ginekologiczn\u0105 i zmywaln\u0105 tapicerk\u0105. Sprawdzony st\u00f3\u0142 w atrakcyjnej cenie!","robots":{"index":"index","follow":"follow","max-snippet":"max-snippet:-1","max-image-preview":"max-image-preview:large","max-video-preview":"max-video-preview:-1"},"canonical":"https:\/\/innow.pl\/produkt\/stol-zabiegowy-fotel-wielofunkcyjny\/","og_locale":"fr_FR","og_type":"article","og_title":"ZW200 - St\u00f3\u0142 zabiegowy wielofunkcyjny - INNOW","og_description":"Klasyczny st\u00f3\u0142 zabiegowy wielofunkcyjny z 2-cz\u0119\u015bciowym le\u017cyskiem, misk\u0105 ginekologiczn\u0105 i zmywaln\u0105 tapicerk\u0105. Sprawdzony st\u00f3\u0142 w atrakcyjnej cenie!","og_url":"https:\/\/innow.pl\/produkt\/stol-zabiegowy-fotel-wielofunkcyjny\/","og_site_name":"INNOW","article_modified_time":"2026-04-16T09:57:57+00:00","og_image":[{"width":800,"height":800,"url":"https:\/\/innow.pl\/wp-content\/uploads\/2024\/11\/ZW200-new.jpg","type":"image\/jpeg"}],"twitter_card":"summary_large_image","twitter_misc":{"Dur\u00e9e de lecture estim\u00e9e":"2 minutes"},"schema":{"@context":"https:\/\/schema.org","@graph":[{"@type":"WebPage","@id":"https:\/\/innow.pl\/produkt\/stol-zabiegowy-fotel-wielofunkcyjny\/","url":"https:\/\/innow.pl\/produkt\/stol-zabiegowy-fotel-wielofunkcyjny\/","name":"ZW200 - St\u00f3\u0142 zabiegowy wielofunkcyjny - INNOW","isPartOf":{"@id":"https:\/\/innow.pl\/#website"},"primaryImageOfPage":{"@id":"https:\/\/innow.pl\/produkt\/stol-zabiegowy-fotel-wielofunkcyjny\/#primaryimage"},"image":{"@id":"https:\/\/innow.pl\/produkt\/stol-zabiegowy-fotel-wielofunkcyjny\/#primaryimage"},"thumbnailUrl":"https:\/\/innow.pl\/wp-content\/uploads\/2024\/11\/ZW200-new.jpg","datePublished":"2018-04-02T04:56:08+00:00","dateModified":"2026-04-16T09:57:57+00:00","description":"Klasyczny st\u00f3\u0142 zabiegowy wielofunkcyjny z 2-cz\u0119\u015bciowym le\u017cyskiem, misk\u0105 ginekologiczn\u0105 i zmywaln\u0105 tapicerk\u0105. Sprawdzony st\u00f3\u0142 w atrakcyjnej cenie!","breadcrumb":{"@id":"https:\/\/innow.pl\/produkt\/stol-zabiegowy-fotel-wielofunkcyjny\/#breadcrumb"},"inLanguage":"fr-FR","potentialAction":[{"@type":"ReadAction","target":["https:\/\/innow.pl\/produkt\/stol-zabiegowy-fotel-wielofunkcyjny\/"]}]},{"@type":"ImageObject","inLanguage":"fr-FR","@id":"https:\/\/innow.pl\/produkt\/stol-zabiegowy-fotel-wielofunkcyjny\/#primaryimage","url":"https:\/\/innow.pl\/wp-content\/uploads\/2024\/11\/ZW200-new.jpg","contentUrl":"https:\/\/innow.pl\/wp-content\/uploads\/2024\/11\/ZW200-new.jpg","width":800,"height":800,"caption":"St\u00f3\u0142 zabiegowy wielofunkcyjny \u2013 ZW200 \u2013 INNOW"},{"@type":"BreadcrumbList","@id":"https:\/\/innow.pl\/produkt\/stol-zabiegowy-fotel-wielofunkcyjny\/#breadcrumb","itemListElement":[{"@type":"ListItem","position":1,"name":"INNOW","item":"https:\/\/innow.pl\/fr\/"},{"@type":"ListItem","position":2,"name":"Produkty","item":"https:\/\/innow.pl\/produkty\/"},{"@type":"ListItem","position":3,"name":"Meble medyczne","item":"https:\/\/innow.pl\/produkty\/meble-medyczne\/"},{"@type":"ListItem","position":4,"name":"Sto\u0142y zabiegowe","item":"https:\/\/innow.pl\/produkty\/meble-medyczne\/stoly-zabiegowe\/"},{"@type":"ListItem","position":5,"name":"Sto\u0142y zabiegowe proste","item":"https:\/\/innow.pl\/produkty\/meble-medyczne\/stoly-zabiegowe\/stoly-zabiegowe-proste\/"},{"@type":"ListItem","position":6,"name":"ZW200 &#8211; St\u00f3\u0142 zabiegowy wielofunkcyjny"}]},{"@type":"WebSite","@id":"https:\/\/innow.pl\/#website","url":"https:\/\/innow.pl\/","name":"INNOW","description":"","potentialAction":[{"@type":"SearchAction","target":{"@type":"EntryPoint","urlTemplate":"https:\/\/innow.pl\/?s={search_term_string}"},"query-input":{"@type":"PropertyValueSpecification","valueRequired":true,"valueName":"search_term_string"}}],"inLanguage":"fr-FR"}]}},"_links":{"self":[{"href":"https:\/\/innow.pl\/fr\/wp-json\/wp\/v2\/product\/23089","targetHints":{"allow":["GET"]}}],"collection":[{"href":"https:\/\/innow.pl\/fr\/wp-json\/wp\/v2\/product"}],"about":[{"href":"https:\/\/innow.pl\/fr\/wp-json\/wp\/v2\/types\/product"}],"replies":[{"embeddable":true,"href":"https:\/\/innow.pl\/fr\/wp-json\/wp\/v2\/comments?post=23089"}],"wp:featuredmedia":[{"embeddable":true,"href":"https:\/\/innow.pl\/fr\/wp-json\/wp\/v2\/media\/23092"}],"wp:attachment":[{"href":"https:\/\/innow.pl\/fr\/wp-json\/wp\/v2\/media?parent=23089"}],"wp:term":[{"taxonomy":"product_brand","embeddable":true,"href":"https:\/\/innow.pl\/fr\/wp-json\/wp\/v2\/product_brand?post=23089"},{"taxonomy":"product_cat","embeddable":true,"href":"https:\/\/innow.pl\/fr\/wp-json\/wp\/v2\/product_cat?post=23089"},{"taxonomy":"product_tag","embeddable":true,"href":"https:\/\/innow.pl\/fr\/wp-json\/wp\/v2\/product_tag?post=23089"}],"curies":[{"name":"wp","href":"https:\/\/api.w.org\/{rel}","templated":true}]}}